{"id":49005,"date":"2025-06-20T13:19:38","date_gmt":"2025-06-20T11:19:38","guid":{"rendered":"https:\/\/dutchmicrodosing.com\/shop\/non%20class\u00e9\/thai-kratom-white\/"},"modified":"2025-08-02T15:34:26","modified_gmt":"2025-08-02T13:34:26","slug":"thai-kratom-white","status":"publish","type":"product","link":"https:\/\/dutchmicrodosing.com\/fr\/herbes-botaniques\/kratom\/thai-kratom-white\/","title":{"rendered":"Blanc tha\u00eflandais"},"content":{"rendered":"<p><strong>Thai Kratom <\/strong><strong>White <\/strong>est une vari\u00e9t\u00e9 de kratom blanc de Tha\u00eflande, connue pour son caract\u00e8re puissant et stimulant. Avec des nervures brillantes dans les feuilles et une structure alcalo\u00efde unique, c&rsquo;est une vari\u00e9t\u00e9 populaire parmi les utilisateurs exp\u00e9riment\u00e9s qui recherchent la concentration et un effet stimulant.<\/p>\n<h3>Caract\u00e9ristiques<\/h3>\n<ul>\n<li>Kratom tha\u00ef blanc avec un profil \u00e9nerg\u00e9tique<\/li>\n<li>Souvent utilis\u00e9 pour clarifier l&rsquo;\u00e9tat d&rsquo;esprit et la motivation<\/li>\n<li>Connu pour son caract\u00e8re stimulant et l\u00e9g\u00e8rement euphorique<\/li>\n<li>Convient \u00e0 diff\u00e9rents types de pr\u00e9paration<\/li>\n<\/ul>\n<h3>Ingr\u00e9dients et\/ou composition<\/h3>\n<p>100% de feuilles broy\u00e9es de l&rsquo;arbre Mitragyna Speciosa (Thai White Vein)<\/p>\n<h3>Utilisez<\/h3>\n<p>Le Thai White Kratom peut \u00eatre pr\u00e9par\u00e9 de diff\u00e9rentes mani\u00e8res. Les m\u00e9thodes les plus courantes sont le m\u00e9lange avec de l&rsquo;eau, la pr\u00e9paration d&rsquo;un th\u00e9 ou l&rsquo;incorporation dans un smoothie. Le go\u00fbt est amer, c&rsquo;est pourquoi de nombreuses personnes choisissent de l&rsquo;avaler en une seule fois avec de l&rsquo;eau.<\/p>\n<p><strong>Dosage en cas de m\u00e9lange avec de l&rsquo;eau<\/strong><\/p>\n<ul>\n<li>2 grammes : l\u00e9ger<\/li>\n<li>4 grammes : doux<\/li>\n<li>6 grammes : fort<\/li>\n<li>8 grammes : tr\u00e8s fort<\/li>\n<\/ul>\n<p><strong>Dosage pour la pr\u00e9paration du th\u00e9<\/strong><\/p>\n<ul>\n<li>1 gramme : l\u00e9ger<\/li>\n<li>3 grammes : mod\u00e9r\u00e9<\/li>\n<li>5 grammes : normal<\/li>\n<li>10 grammes : fort<\/li>\n<li>15+ grammes : tr\u00e8s fort<\/li>\n<\/ul>\n<p>Pour le th\u00e9 : faire bouillir la quantit\u00e9 d\u00e9sir\u00e9e de kratom dans de l&rsquo;eau pendant 10 \u00e0 15 minutes. Utiliser une passoire pour verser l&rsquo;eau.<\/p>\n<p>Commencez de pr\u00e9f\u00e9rence par une faible dose, surtout \u00e0 jeun, pour bien ressentir l&rsquo;effet.<\/p>\n<h3>Contenu<\/h3>\n<p>Disponible en paquets de 25 ou 100 grammes.<\/p>\n<h3>Avis de non-responsabilit\u00e9<\/h3>\n<p><em>Le contenu de ce texte est fourni \u00e0 titre d&rsquo;information uniquement et ne remplace pas les conseils d&rsquo;un professionnel. Ce produit n&rsquo;est pas un m\u00e9dicament et n&rsquo;est pas destin\u00e9 \u00e0 diagnostiquer, traiter ou gu\u00e9rir une quelconque condition m\u00e9dicale. Veuillez consulter un sp\u00e9cialiste pour toute question sp\u00e9cifique concernant l&rsquo;utilisation de ce produit. Certaines \u00e9tudes scientifiques sur les effets de ce produit sont encore en cours et toutes les all\u00e9gations n&rsquo;ont pas \u00e9t\u00e9 d\u00e9finitivement confirm\u00e9es.<\/em><\/p>\n","protected":false},"excerpt":{"rendered":"<p>Thai Kratom White est une vari\u00e9t\u00e9 de kratom blanc de Tha\u00eflande, connue pour son caract\u00e8re puissant et stimulant. Avec des nervures brillantes dans les feuilles et une structure alcalo\u00efde unique, c&rsquo;est une vari\u00e9t\u00e9 populaire parmi les utilisateurs exp\u00e9riment\u00e9s qui recherchent la concentration et un effet stimulant. Caract\u00e9ristiques Kratom tha\u00ef blanc avec un profil \u00e9nerg\u00e9tique Souvent [&hellip;]<\/p>\n","protected":false},"featured_media":48999,"comment_status":"closed","ping_status":"closed","template":"","meta":[],"product_brand":[],"product_cat":[417],"product_tag":[],"class_list":{"0":"post-49005","1":"product","2":"type-product","3":"status-publish","4":"has-post-thumbnail","6":"product_cat-kratom","8":"first","9":"instock","10":"taxable","11":"shipping-taxable","12":"purchasable","13":"product-type-variable"},"yoast_head":"<!-- This site is optimized with the Yoast SEO Premium plugin v26.4 (Yoast SEO v27.2) - https:\/\/yoast.com\/product\/yoast-seo-premium-wordpress\/ -->\n<title>Blanc tha\u00eflandais - Dutchmicrodosing<\/title>\n<meta name=\"description\" content=\"Thai White Kratom, kratom blanc puissant de Tha\u00eflande avec un effet lumineux et stimulant. Pour la concentration et l&#039;\u00e9nergie. Disponible en 25 ou 100 grammes.\" \/>\n<meta name=\"robots\" content=\"index, follow, max-snippet:-1, max-image-preview:large, max-video-preview:-1\" \/>\n<link rel=\"canonical\" href=\"https:\/\/dutchmicrodosing.com\/fr\/herbes-botaniques\/kratom\/thai-kratom-white\/\" \/>\n<meta property=\"og:locale\" content=\"fr_FR\" \/>\n<meta property=\"og:type\" content=\"article\" \/>\n<meta property=\"og:title\" content=\"Blanc tha\u00eflandais\" \/>\n<meta property=\"og:description\" content=\"Thai Kratom White est une vari\u00e9t\u00e9 de kratom blanc de Tha\u00eflande, connue pour son caract\u00e8re puissant et stimulant. Avec des nervures brillantes dans les\" \/>\n<meta property=\"og:url\" content=\"https:\/\/dutchmicrodosing.com\/fr\/herbes-botaniques\/kratom\/thai-kratom-white\/\" \/>\n<meta property=\"og:site_name\" content=\"Dutchmicrodosing\" \/>\n<meta property=\"article:publisher\" content=\"https:\/\/www.facebook.com\/Dutchmicrodosingxp\/\" \/>\n<meta property=\"article:modified_time\" content=\"2025-08-02T13:34:26+00:00\" \/>\n<meta property=\"og:image\" content=\"https:\/\/dutchmicrodosing.com\/wp-content\/uploads\/2025\/06\/2703-3606.jpg\" \/>\n\t<meta property=\"og:image:width\" content=\"300\" \/>\n\t<meta property=\"og:image:height\" content=\"300\" \/>\n\t<meta property=\"og:image:type\" content=\"image\/jpeg\" \/>\n<meta name=\"twitter:card\" content=\"summary_large_image\" \/>\n<script type=\"application\/ld+json\" class=\"yoast-schema-graph\">{\"@context\":\"https:\/\/schema.org\",\"@graph\":[{\"@type\":\"WebPage\",\"@id\":\"https:\/\/dutchmicrodosing.com\/fr\/herbes-botaniques\/kratom\/thai-kratom-white\/\",\"url\":\"https:\/\/dutchmicrodosing.com\/fr\/herbes-botaniques\/kratom\/thai-kratom-white\/\",\"name\":\"Blanc tha\u00eflandais - Dutchmicrodosing\",\"isPartOf\":{\"@id\":\"https:\/\/dutchmicrodosing.com\/fr\/#website\"},\"primaryImageOfPage\":{\"@id\":\"https:\/\/dutchmicrodosing.com\/fr\/herbes-botaniques\/kratom\/thai-kratom-white\/#primaryimage\"},\"image\":{\"@id\":\"https:\/\/dutchmicrodosing.com\/fr\/herbes-botaniques\/kratom\/thai-kratom-white\/#primaryimage\"},\"thumbnailUrl\":\"https:\/\/dutchmicrodosing.com\/wp-content\/uploads\/2025\/06\/2703-3606.jpg\",\"datePublished\":\"2025-06-20T11:19:38+00:00\",\"dateModified\":\"2025-08-02T13:34:26+00:00\",\"description\":\"Thai White Kratom, kratom blanc puissant de Tha\u00eflande avec un effet lumineux et stimulant. Pour la concentration et l'\u00e9nergie. Disponible en 25 ou 100 grammes.\",\"breadcrumb\":{\"@id\":\"https:\/\/dutchmicrodosing.com\/fr\/herbes-botaniques\/kratom\/thai-kratom-white\/#breadcrumb\"},\"inLanguage\":\"fr-FR\",\"potentialAction\":[{\"@type\":\"ReadAction\",\"target\":[\"https:\/\/dutchmicrodosing.com\/fr\/herbes-botaniques\/kratom\/thai-kratom-white\/\"]}]},{\"@type\":\"ImageObject\",\"inLanguage\":\"fr-FR\",\"@id\":\"https:\/\/dutchmicrodosing.com\/fr\/herbes-botaniques\/kratom\/thai-kratom-white\/#primaryimage\",\"url\":\"https:\/\/dutchmicrodosing.com\/wp-content\/uploads\/2025\/06\/2703-3606.jpg\",\"contentUrl\":\"https:\/\/dutchmicrodosing.com\/wp-content\/uploads\/2025\/06\/2703-3606.jpg\",\"width\":300,\"height\":300},{\"@type\":\"BreadcrumbList\",\"@id\":\"https:\/\/dutchmicrodosing.com\/fr\/herbes-botaniques\/kratom\/thai-kratom-white\/#breadcrumb\",\"itemListElement\":[{\"@type\":\"ListItem\",\"position\":1,\"name\":\"Home\",\"item\":\"https:\/\/dutchmicrodosing.com\/fr\/\"},{\"@type\":\"ListItem\",\"position\":2,\"name\":\"Boutique\",\"item\":\"https:\/\/dutchmicrodosing.com\/fr\/boutique\/\"},{\"@type\":\"ListItem\",\"position\":3,\"name\":\"Blanc tha\u00eflandais\"}]},{\"@type\":\"WebSite\",\"@id\":\"https:\/\/dutchmicrodosing.com\/fr\/#website\",\"url\":\"https:\/\/dutchmicrodosing.com\/fr\/\",\"name\":\"Dutchmicrodosing\",\"description\":\"\",\"publisher\":{\"@id\":\"https:\/\/dutchmicrodosing.com\/fr\/#organization\"},\"potentialAction\":[{\"@type\":\"SearchAction\",\"target\":{\"@type\":\"EntryPoint\",\"urlTemplate\":\"https:\/\/dutchmicrodosing.com\/fr\/?s={search_term_string}\"},\"query-input\":{\"@type\":\"PropertyValueSpecification\",\"valueRequired\":true,\"valueName\":\"search_term_string\"}}],\"inLanguage\":\"fr-FR\"},{\"@type\":\"Organization\",\"@id\":\"https:\/\/dutchmicrodosing.com\/fr\/#organization\",\"name\":\"Dutchmicrodosing\",\"url\":\"https:\/\/dutchmicrodosing.com\/fr\/\",\"logo\":{\"@type\":\"ImageObject\",\"inLanguage\":\"fr-FR\",\"@id\":\"https:\/\/dutchmicrodosing.com\/fr\/#\/schema\/logo\/image\/\",\"url\":\"https:\/\/dutchmicrodosing.com\/wp-content\/uploads\/2021\/01\/microdosing-categorie-pic-nieuw.jpg\",\"contentUrl\":\"https:\/\/dutchmicrodosing.com\/wp-content\/uploads\/2021\/01\/microdosing-categorie-pic-nieuw.jpg\",\"width\":500,\"height\":500,\"caption\":\"Dutchmicrodosing\"},\"image\":{\"@id\":\"https:\/\/dutchmicrodosing.com\/fr\/#\/schema\/logo\/image\/\"},\"sameAs\":[\"https:\/\/www.facebook.com\/Dutchmicrodosingxp\/\",\"https:\/\/www.instagram.com\/dutchmicrodosing\/\"]}]}<\/script>\n<meta property=\"og:availability\" content=\"instock\" \/>\n<meta property=\"product:availability\" content=\"instock\" \/>\n<meta property=\"product:condition\" content=\"new\" \/>\n<!-- \/ Yoast SEO Premium plugin. -->","yoast_head_json":{"title":"Blanc tha\u00eflandais - Dutchmicrodosing","description":"Thai White Kratom, kratom blanc puissant de Tha\u00eflande avec un effet lumineux et stimulant. Pour la concentration et l'\u00e9nergie. Disponible en 25 ou 100 grammes.","robots":{"index":"index","follow":"follow","max-snippet":"max-snippet:-1","max-image-preview":"max-image-preview:large","max-video-preview":"max-video-preview:-1"},"canonical":"https:\/\/dutchmicrodosing.com\/fr\/herbes-botaniques\/kratom\/thai-kratom-white\/","og_locale":"fr_FR","og_type":"article","og_title":"Blanc tha\u00eflandais","og_description":"Thai Kratom White est une vari\u00e9t\u00e9 de kratom blanc de Tha\u00eflande, connue pour son caract\u00e8re puissant et stimulant. Avec des nervures brillantes dans les","og_url":"https:\/\/dutchmicrodosing.com\/fr\/herbes-botaniques\/kratom\/thai-kratom-white\/","og_site_name":"Dutchmicrodosing","article_publisher":"https:\/\/www.facebook.com\/Dutchmicrodosingxp\/","article_modified_time":"2025-08-02T13:34:26+00:00","og_image":[{"width":300,"height":300,"url":"https:\/\/dutchmicrodosing.com\/wp-content\/uploads\/2025\/06\/2703-3606.jpg","type":"image\/jpeg"}],"twitter_card":"summary_large_image","schema":{"@context":"https:\/\/schema.org","@graph":[{"@type":"WebPage","@id":"https:\/\/dutchmicrodosing.com\/fr\/herbes-botaniques\/kratom\/thai-kratom-white\/","url":"https:\/\/dutchmicrodosing.com\/fr\/herbes-botaniques\/kratom\/thai-kratom-white\/","name":"Blanc tha\u00eflandais - Dutchmicrodosing","isPartOf":{"@id":"https:\/\/dutchmicrodosing.com\/fr\/#website"},"primaryImageOfPage":{"@id":"https:\/\/dutchmicrodosing.com\/fr\/herbes-botaniques\/kratom\/thai-kratom-white\/#primaryimage"},"image":{"@id":"https:\/\/dutchmicrodosing.com\/fr\/herbes-botaniques\/kratom\/thai-kratom-white\/#primaryimage"},"thumbnailUrl":"https:\/\/dutchmicrodosing.com\/wp-content\/uploads\/2025\/06\/2703-3606.jpg","datePublished":"2025-06-20T11:19:38+00:00","dateModified":"2025-08-02T13:34:26+00:00","description":"Thai White Kratom, kratom blanc puissant de Tha\u00eflande avec un effet lumineux et stimulant. Pour la concentration et l'\u00e9nergie. Disponible en 25 ou 100 grammes.","breadcrumb":{"@id":"https:\/\/dutchmicrodosing.com\/fr\/herbes-botaniques\/kratom\/thai-kratom-white\/#breadcrumb"},"inLanguage":"fr-FR","potentialAction":[{"@type":"ReadAction","target":["https:\/\/dutchmicrodosing.com\/fr\/herbes-botaniques\/kratom\/thai-kratom-white\/"]}]},{"@type":"ImageObject","inLanguage":"fr-FR","@id":"https:\/\/dutchmicrodosing.com\/fr\/herbes-botaniques\/kratom\/thai-kratom-white\/#primaryimage","url":"https:\/\/dutchmicrodosing.com\/wp-content\/uploads\/2025\/06\/2703-3606.jpg","contentUrl":"https:\/\/dutchmicrodosing.com\/wp-content\/uploads\/2025\/06\/2703-3606.jpg","width":300,"height":300},{"@type":"BreadcrumbList","@id":"https:\/\/dutchmicrodosing.com\/fr\/herbes-botaniques\/kratom\/thai-kratom-white\/#breadcrumb","itemListElement":[{"@type":"ListItem","position":1,"name":"Home","item":"https:\/\/dutchmicrodosing.com\/fr\/"},{"@type":"ListItem","position":2,"name":"Boutique","item":"https:\/\/dutchmicrodosing.com\/fr\/boutique\/"},{"@type":"ListItem","position":3,"name":"Blanc tha\u00eflandais"}]},{"@type":"WebSite","@id":"https:\/\/dutchmicrodosing.com\/fr\/#website","url":"https:\/\/dutchmicrodosing.com\/fr\/","name":"Dutchmicrodosing","description":"","publisher":{"@id":"https:\/\/dutchmicrodosing.com\/fr\/#organization"},"potentialAction":[{"@type":"SearchAction","target":{"@type":"EntryPoint","urlTemplate":"https:\/\/dutchmicrodosing.com\/fr\/?s={search_term_string}"},"query-input":{"@type":"PropertyValueSpecification","valueRequired":true,"valueName":"search_term_string"}}],"inLanguage":"fr-FR"},{"@type":"Organization","@id":"https:\/\/dutchmicrodosing.com\/fr\/#organization","name":"Dutchmicrodosing","url":"https:\/\/dutchmicrodosing.com\/fr\/","logo":{"@type":"ImageObject","inLanguage":"fr-FR","@id":"https:\/\/dutchmicrodosing.com\/fr\/#\/schema\/logo\/image\/","url":"https:\/\/dutchmicrodosing.com\/wp-content\/uploads\/2021\/01\/microdosing-categorie-pic-nieuw.jpg","contentUrl":"https:\/\/dutchmicrodosing.com\/wp-content\/uploads\/2021\/01\/microdosing-categorie-pic-nieuw.jpg","width":500,"height":500,"caption":"Dutchmicrodosing"},"image":{"@id":"https:\/\/dutchmicrodosing.com\/fr\/#\/schema\/logo\/image\/"},"sameAs":["https:\/\/www.facebook.com\/Dutchmicrodosingxp\/","https:\/\/www.instagram.com\/dutchmicrodosing\/"]}]},"og_availability":"instock","product_availability":"instock","product_condition":"new"},"_links":{"self":[{"href":"https:\/\/dutchmicrodosing.com\/fr\/wp-json\/wp\/v2\/product\/49005","targetHints":{"allow":["GET"]}}],"collection":[{"href":"https:\/\/dutchmicrodosing.com\/fr\/wp-json\/wp\/v2\/product"}],"about":[{"href":"https:\/\/dutchmicrodosing.com\/fr\/wp-json\/wp\/v2\/types\/product"}],"replies":[{"embeddable":true,"href":"https:\/\/dutchmicrodosing.com\/fr\/wp-json\/wp\/v2\/comments?post=49005"}],"version-history":[{"count":0,"href":"https:\/\/dutchmicrodosing.com\/fr\/wp-json\/wp\/v2\/product\/49005\/revisions"}],"wp:featuredmedia":[{"embeddable":true,"href":"https:\/\/dutchmicrodosing.com\/fr\/wp-json\/wp\/v2\/media\/48999"}],"wp:attachment":[{"href":"https:\/\/dutchmicrodosing.com\/fr\/wp-json\/wp\/v2\/media?parent=49005"}],"wp:term":[{"taxonomy":"product_brand","embeddable":true,"href":"https:\/\/dutchmicrodosing.com\/fr\/wp-json\/wp\/v2\/product_brand?post=49005"},{"taxonomy":"product_cat","embeddable":true,"href":"https:\/\/dutchmicrodosing.com\/fr\/wp-json\/wp\/v2\/product_cat?post=49005"},{"taxonomy":"product_tag","embeddable":true,"href":"https:\/\/dutchmicrodosing.com\/fr\/wp-json\/wp\/v2\/product_tag?post=49005"}],"curies":[{"name":"wp","href":"https:\/\/api.w.org\/{rel}","templated":true}]}}