{"id":49135,"date":"2025-06-23T14:57:37","date_gmt":"2025-06-23T12:57:37","guid":{"rendered":"https:\/\/dutchmicrodosing.com\/?post_type=product&#038;p=49135"},"modified":"2025-11-11T17:04:10","modified_gmt":"2025-11-11T16:04:10","slug":"borneo-red","status":"publish","type":"product","link":"https:\/\/dutchmicrodosing.com\/fr\/herbes-botaniques\/kratom\/borneo-red\/","title":{"rendered":"Rouge de Born\u00e9o"},"content":{"rendered":"<p><strong>Borneo <\/strong><strong>Red <\/strong>Kratom est un choix populaire pour ceux qui recherchent de l&rsquo;\u00e9nergie naturelle et de la concentration. Cette vari\u00e9t\u00e9 rouge est connue comme \u00e9tant la plus stimulante parmi les esp\u00e8ces de cratome de Born\u00e9o. Id\u00e9al pour les journ\u00e9es charg\u00e9es o\u00f9 l&rsquo;on veut rester vif et actif.<\/p>\n<h3>Caract\u00e9ristiques<\/h3>\n<ul>\n<li>Vari\u00e9t\u00e9 de kratom rouge aux effets puissants et stimulants<\/li>\n<li>Souvent utilis\u00e9 pour soutenir la concentration<\/li>\n<li>Appr\u00e9ci\u00e9 pour son c\u00f4t\u00e9 \u00e9nergique et lumineux<\/li>\n<li>Utilisation polyvalente et facile \u00e0 combiner avec des boissons chaudes ou des smoothies<\/li>\n<\/ul>\n<h3>Ingr\u00e9dients et\/ou composition<\/h3>\n<p>100% de feuilles broy\u00e9es de l&rsquo;arbre Mitragyna Speciosa (Red Vein)<\/p>\n<h3>Utilisez<\/h3>\n<p>Le Red Borneo Kratom peut \u00eatre m\u00e9lang\u00e9 \u00e0 des boissons chaudes comme le th\u00e9 ou le caf\u00e9, ou incorpor\u00e9 dans un shake. Un peu de miel peut adoucir la saveur. Le dosage recommand\u00e9 se situe entre 1 et 4 grammes. Les premiers effets sont g\u00e9n\u00e9ralement perceptibles dans les 30 \u00e0 60 minutes et durent quelques heures. Commencez de pr\u00e9f\u00e9rence par une faible dose pour d\u00e9couvrir ce qui vous convient le mieux.<\/p>\n<h3>Contenu<\/h3>\n<p>Disponible en paquets de 25, 100 ou 1 000 grammes.<\/p>\n<h3>Avis de non-responsabilit\u00e9<\/h3>\n<p><em>Le contenu de ce texte est fourni \u00e0 titre d&rsquo;information uniquement et ne remplace pas les conseils d&rsquo;un professionnel. Ce produit n&rsquo;est pas un m\u00e9dicament et n&rsquo;est pas destin\u00e9 \u00e0 diagnostiquer, traiter ou gu\u00e9rir une quelconque condition m\u00e9dicale. Veuillez consulter un sp\u00e9cialiste pour toute question sp\u00e9cifique concernant l&rsquo;utilisation de ce produit. Certaines \u00e9tudes scientifiques sur les effets de ce produit sont encore en cours et toutes les all\u00e9gations n&rsquo;ont pas \u00e9t\u00e9 d\u00e9finitivement confirm\u00e9es.<\/em><\/p>\n","protected":false},"excerpt":{"rendered":"<p>Borneo Red Kratom est un choix populaire pour ceux qui recherchent de l&rsquo;\u00e9nergie naturelle et de la concentration. Cette vari\u00e9t\u00e9 rouge est connue comme \u00e9tant la plus stimulante parmi les esp\u00e8ces de cratome de Born\u00e9o. Id\u00e9al pour les journ\u00e9es charg\u00e9es o\u00f9 l&rsquo;on veut rester vif et actif. Caract\u00e9ristiques Vari\u00e9t\u00e9 de kratom rouge aux effets puissants [&hellip;]<\/p>\n","protected":false},"featured_media":49116,"comment_status":"closed","ping_status":"closed","template":"","meta":[],"product_brand":[],"product_cat":[417],"product_tag":[],"class_list":{"0":"post-49135","1":"product","2":"type-product","3":"status-publish","4":"has-post-thumbnail","6":"product_cat-kratom","8":"first","9":"instock","10":"taxable","11":"shipping-taxable","12":"purchasable","13":"product-type-variable"},"yoast_head":"<!-- This site is optimized with the Yoast SEO Premium plugin v26.4 (Yoast SEO v27.2) - https:\/\/yoast.com\/product\/yoast-seo-premium-wordpress\/ -->\n<title>Rouge de Born\u00e9o - Dutchmicrodosing<\/title>\n<meta name=\"description\" content=\"Red Borneo Kratom - une vari\u00e9t\u00e9 de kratom rouge puissante avec un effet stimulant. Pour ceux qui recherchent de l&#039;\u00e9nergie naturelle et de la concentration mentale.\" \/>\n<meta name=\"robots\" content=\"index, follow, max-snippet:-1, max-image-preview:large, max-video-preview:-1\" \/>\n<link rel=\"canonical\" href=\"https:\/\/dutchmicrodosing.com\/fr\/herbes-botaniques\/kratom\/borneo-red\/\" \/>\n<meta property=\"og:locale\" content=\"fr_FR\" \/>\n<meta property=\"og:type\" content=\"article\" \/>\n<meta property=\"og:title\" content=\"Rouge de Born\u00e9o\" \/>\n<meta property=\"og:description\" content=\"Borneo Red Kratom est un choix populaire pour ceux qui recherchent de l&#039;\u00e9nergie naturelle et de la concentration. Cette vari\u00e9t\u00e9 rouge est connue comme\" \/>\n<meta property=\"og:url\" content=\"https:\/\/dutchmicrodosing.com\/fr\/herbes-botaniques\/kratom\/borneo-red\/\" \/>\n<meta property=\"og:site_name\" content=\"Dutchmicrodosing\" \/>\n<meta property=\"article:publisher\" content=\"https:\/\/www.facebook.com\/Dutchmicrodosingxp\/\" \/>\n<meta property=\"article:modified_time\" content=\"2025-11-11T16:04:10+00:00\" \/>\n<meta property=\"og:image\" content=\"https:\/\/dutchmicrodosing.com\/wp-content\/uploads\/2025\/06\/3278-3603.jpg\" \/>\n\t<meta property=\"og:image:width\" content=\"300\" \/>\n\t<meta property=\"og:image:height\" content=\"300\" \/>\n\t<meta property=\"og:image:type\" content=\"image\/jpeg\" \/>\n<meta name=\"twitter:card\" content=\"summary_large_image\" \/>\n<script type=\"application\/ld+json\" class=\"yoast-schema-graph\">{\"@context\":\"https:\/\/schema.org\",\"@graph\":[{\"@type\":\"WebPage\",\"@id\":\"https:\/\/dutchmicrodosing.com\/fr\/herbes-botaniques\/kratom\/borneo-red\/\",\"url\":\"https:\/\/dutchmicrodosing.com\/fr\/herbes-botaniques\/kratom\/borneo-red\/\",\"name\":\"Rouge de Born\u00e9o - Dutchmicrodosing\",\"isPartOf\":{\"@id\":\"https:\/\/dutchmicrodosing.com\/fr\/#website\"},\"primaryImageOfPage\":{\"@id\":\"https:\/\/dutchmicrodosing.com\/fr\/herbes-botaniques\/kratom\/borneo-red\/#primaryimage\"},\"image\":{\"@id\":\"https:\/\/dutchmicrodosing.com\/fr\/herbes-botaniques\/kratom\/borneo-red\/#primaryimage\"},\"thumbnailUrl\":\"https:\/\/dutchmicrodosing.com\/wp-content\/uploads\/2025\/06\/3278-3603.jpg\",\"datePublished\":\"2025-06-23T12:57:37+00:00\",\"dateModified\":\"2025-11-11T16:04:10+00:00\",\"description\":\"Red Borneo Kratom - une vari\u00e9t\u00e9 de kratom rouge puissante avec un effet stimulant. Pour ceux qui recherchent de l'\u00e9nergie naturelle et de la concentration mentale.\",\"breadcrumb\":{\"@id\":\"https:\/\/dutchmicrodosing.com\/fr\/herbes-botaniques\/kratom\/borneo-red\/#breadcrumb\"},\"inLanguage\":\"fr-FR\",\"potentialAction\":[{\"@type\":\"ReadAction\",\"target\":[\"https:\/\/dutchmicrodosing.com\/fr\/herbes-botaniques\/kratom\/borneo-red\/\"]}]},{\"@type\":\"ImageObject\",\"inLanguage\":\"fr-FR\",\"@id\":\"https:\/\/dutchmicrodosing.com\/fr\/herbes-botaniques\/kratom\/borneo-red\/#primaryimage\",\"url\":\"https:\/\/dutchmicrodosing.com\/wp-content\/uploads\/2025\/06\/3278-3603.jpg\",\"contentUrl\":\"https:\/\/dutchmicrodosing.com\/wp-content\/uploads\/2025\/06\/3278-3603.jpg\",\"width\":300,\"height\":300},{\"@type\":\"BreadcrumbList\",\"@id\":\"https:\/\/dutchmicrodosing.com\/fr\/herbes-botaniques\/kratom\/borneo-red\/#breadcrumb\",\"itemListElement\":[{\"@type\":\"ListItem\",\"position\":1,\"name\":\"Home\",\"item\":\"https:\/\/dutchmicrodosing.com\/fr\/\"},{\"@type\":\"ListItem\",\"position\":2,\"name\":\"Boutique\",\"item\":\"https:\/\/dutchmicrodosing.com\/fr\/boutique\/\"},{\"@type\":\"ListItem\",\"position\":3,\"name\":\"Rouge de Born\u00e9o\"}]},{\"@type\":\"WebSite\",\"@id\":\"https:\/\/dutchmicrodosing.com\/fr\/#website\",\"url\":\"https:\/\/dutchmicrodosing.com\/fr\/\",\"name\":\"Dutchmicrodosing\",\"description\":\"\",\"publisher\":{\"@id\":\"https:\/\/dutchmicrodosing.com\/fr\/#organization\"},\"potentialAction\":[{\"@type\":\"SearchAction\",\"target\":{\"@type\":\"EntryPoint\",\"urlTemplate\":\"https:\/\/dutchmicrodosing.com\/fr\/?s={search_term_string}\"},\"query-input\":{\"@type\":\"PropertyValueSpecification\",\"valueRequired\":true,\"valueName\":\"search_term_string\"}}],\"inLanguage\":\"fr-FR\"},{\"@type\":\"Organization\",\"@id\":\"https:\/\/dutchmicrodosing.com\/fr\/#organization\",\"name\":\"Dutchmicrodosing\",\"url\":\"https:\/\/dutchmicrodosing.com\/fr\/\",\"logo\":{\"@type\":\"ImageObject\",\"inLanguage\":\"fr-FR\",\"@id\":\"https:\/\/dutchmicrodosing.com\/fr\/#\/schema\/logo\/image\/\",\"url\":\"https:\/\/dutchmicrodosing.com\/wp-content\/uploads\/2021\/01\/microdosing-categorie-pic-nieuw.jpg\",\"contentUrl\":\"https:\/\/dutchmicrodosing.com\/wp-content\/uploads\/2021\/01\/microdosing-categorie-pic-nieuw.jpg\",\"width\":500,\"height\":500,\"caption\":\"Dutchmicrodosing\"},\"image\":{\"@id\":\"https:\/\/dutchmicrodosing.com\/fr\/#\/schema\/logo\/image\/\"},\"sameAs\":[\"https:\/\/www.facebook.com\/Dutchmicrodosingxp\/\",\"https:\/\/www.instagram.com\/dutchmicrodosing\/\"]}]}<\/script>\n<meta property=\"og:availability\" content=\"instock\" \/>\n<meta property=\"product:availability\" content=\"instock\" \/>\n<meta property=\"product:condition\" content=\"new\" \/>\n<!-- \/ Yoast SEO Premium plugin. -->","yoast_head_json":{"title":"Rouge de Born\u00e9o - Dutchmicrodosing","description":"Red Borneo Kratom - une vari\u00e9t\u00e9 de kratom rouge puissante avec un effet stimulant. Pour ceux qui recherchent de l'\u00e9nergie naturelle et de la concentration mentale.","robots":{"index":"index","follow":"follow","max-snippet":"max-snippet:-1","max-image-preview":"max-image-preview:large","max-video-preview":"max-video-preview:-1"},"canonical":"https:\/\/dutchmicrodosing.com\/fr\/herbes-botaniques\/kratom\/borneo-red\/","og_locale":"fr_FR","og_type":"article","og_title":"Rouge de Born\u00e9o","og_description":"Borneo Red Kratom est un choix populaire pour ceux qui recherchent de l'\u00e9nergie naturelle et de la concentration. Cette vari\u00e9t\u00e9 rouge est connue comme","og_url":"https:\/\/dutchmicrodosing.com\/fr\/herbes-botaniques\/kratom\/borneo-red\/","og_site_name":"Dutchmicrodosing","article_publisher":"https:\/\/www.facebook.com\/Dutchmicrodosingxp\/","article_modified_time":"2025-11-11T16:04:10+00:00","og_image":[{"width":300,"height":300,"url":"https:\/\/dutchmicrodosing.com\/wp-content\/uploads\/2025\/06\/3278-3603.jpg","type":"image\/jpeg"}],"twitter_card":"summary_large_image","schema":{"@context":"https:\/\/schema.org","@graph":[{"@type":"WebPage","@id":"https:\/\/dutchmicrodosing.com\/fr\/herbes-botaniques\/kratom\/borneo-red\/","url":"https:\/\/dutchmicrodosing.com\/fr\/herbes-botaniques\/kratom\/borneo-red\/","name":"Rouge de Born\u00e9o - Dutchmicrodosing","isPartOf":{"@id":"https:\/\/dutchmicrodosing.com\/fr\/#website"},"primaryImageOfPage":{"@id":"https:\/\/dutchmicrodosing.com\/fr\/herbes-botaniques\/kratom\/borneo-red\/#primaryimage"},"image":{"@id":"https:\/\/dutchmicrodosing.com\/fr\/herbes-botaniques\/kratom\/borneo-red\/#primaryimage"},"thumbnailUrl":"https:\/\/dutchmicrodosing.com\/wp-content\/uploads\/2025\/06\/3278-3603.jpg","datePublished":"2025-06-23T12:57:37+00:00","dateModified":"2025-11-11T16:04:10+00:00","description":"Red Borneo Kratom - une vari\u00e9t\u00e9 de kratom rouge puissante avec un effet stimulant. Pour ceux qui recherchent de l'\u00e9nergie naturelle et de la concentration mentale.","breadcrumb":{"@id":"https:\/\/dutchmicrodosing.com\/fr\/herbes-botaniques\/kratom\/borneo-red\/#breadcrumb"},"inLanguage":"fr-FR","potentialAction":[{"@type":"ReadAction","target":["https:\/\/dutchmicrodosing.com\/fr\/herbes-botaniques\/kratom\/borneo-red\/"]}]},{"@type":"ImageObject","inLanguage":"fr-FR","@id":"https:\/\/dutchmicrodosing.com\/fr\/herbes-botaniques\/kratom\/borneo-red\/#primaryimage","url":"https:\/\/dutchmicrodosing.com\/wp-content\/uploads\/2025\/06\/3278-3603.jpg","contentUrl":"https:\/\/dutchmicrodosing.com\/wp-content\/uploads\/2025\/06\/3278-3603.jpg","width":300,"height":300},{"@type":"BreadcrumbList","@id":"https:\/\/dutchmicrodosing.com\/fr\/herbes-botaniques\/kratom\/borneo-red\/#breadcrumb","itemListElement":[{"@type":"ListItem","position":1,"name":"Home","item":"https:\/\/dutchmicrodosing.com\/fr\/"},{"@type":"ListItem","position":2,"name":"Boutique","item":"https:\/\/dutchmicrodosing.com\/fr\/boutique\/"},{"@type":"ListItem","position":3,"name":"Rouge de Born\u00e9o"}]},{"@type":"WebSite","@id":"https:\/\/dutchmicrodosing.com\/fr\/#website","url":"https:\/\/dutchmicrodosing.com\/fr\/","name":"Dutchmicrodosing","description":"","publisher":{"@id":"https:\/\/dutchmicrodosing.com\/fr\/#organization"},"potentialAction":[{"@type":"SearchAction","target":{"@type":"EntryPoint","urlTemplate":"https:\/\/dutchmicrodosing.com\/fr\/?s={search_term_string}"},"query-input":{"@type":"PropertyValueSpecification","valueRequired":true,"valueName":"search_term_string"}}],"inLanguage":"fr-FR"},{"@type":"Organization","@id":"https:\/\/dutchmicrodosing.com\/fr\/#organization","name":"Dutchmicrodosing","url":"https:\/\/dutchmicrodosing.com\/fr\/","logo":{"@type":"ImageObject","inLanguage":"fr-FR","@id":"https:\/\/dutchmicrodosing.com\/fr\/#\/schema\/logo\/image\/","url":"https:\/\/dutchmicrodosing.com\/wp-content\/uploads\/2021\/01\/microdosing-categorie-pic-nieuw.jpg","contentUrl":"https:\/\/dutchmicrodosing.com\/wp-content\/uploads\/2021\/01\/microdosing-categorie-pic-nieuw.jpg","width":500,"height":500,"caption":"Dutchmicrodosing"},"image":{"@id":"https:\/\/dutchmicrodosing.com\/fr\/#\/schema\/logo\/image\/"},"sameAs":["https:\/\/www.facebook.com\/Dutchmicrodosingxp\/","https:\/\/www.instagram.com\/dutchmicrodosing\/"]}]},"og_availability":"instock","product_availability":"instock","product_condition":"new"},"_links":{"self":[{"href":"https:\/\/dutchmicrodosing.com\/fr\/wp-json\/wp\/v2\/product\/49135","targetHints":{"allow":["GET"]}}],"collection":[{"href":"https:\/\/dutchmicrodosing.com\/fr\/wp-json\/wp\/v2\/product"}],"about":[{"href":"https:\/\/dutchmicrodosing.com\/fr\/wp-json\/wp\/v2\/types\/product"}],"replies":[{"embeddable":true,"href":"https:\/\/dutchmicrodosing.com\/fr\/wp-json\/wp\/v2\/comments?post=49135"}],"version-history":[{"count":1,"href":"https:\/\/dutchmicrodosing.com\/fr\/wp-json\/wp\/v2\/product\/49135\/revisions"}],"predecessor-version":[{"id":61576,"href":"https:\/\/dutchmicrodosing.com\/fr\/wp-json\/wp\/v2\/product\/49135\/revisions\/61576"}],"wp:featuredmedia":[{"embeddable":true,"href":"https:\/\/dutchmicrodosing.com\/fr\/wp-json\/wp\/v2\/media\/49116"}],"wp:attachment":[{"href":"https:\/\/dutchmicrodosing.com\/fr\/wp-json\/wp\/v2\/media?parent=49135"}],"wp:term":[{"taxonomy":"product_brand","embeddable":true,"href":"https:\/\/dutchmicrodosing.com\/fr\/wp-json\/wp\/v2\/product_brand?post=49135"},{"taxonomy":"product_cat","embeddable":true,"href":"https:\/\/dutchmicrodosing.com\/fr\/wp-json\/wp\/v2\/product_cat?post=49135"},{"taxonomy":"product_tag","embeddable":true,"href":"https:\/\/dutchmicrodosing.com\/fr\/wp-json\/wp\/v2\/product_tag?post=49135"}],"curies":[{"name":"wp","href":"https:\/\/api.w.org\/{rel}","templated":true}]}}