{"id":4953,"date":"2021-03-22T19:28:28","date_gmt":"2021-03-22T18:28:28","guid":{"rendered":"https:\/\/dutchmicrodosing.com\/shop\/niet-gecategoriseerd\/chaga-inonotus-obliquus-120-caps-2\/"},"modified":"2025-09-23T18:51:59","modified_gmt":"2025-09-23T16:51:59","slug":"chaga-inonotus-obliquus-120-caps","status":"publish","type":"product","link":"https:\/\/dutchmicrodosing.com\/fr\/champignons-medicinaux\/chaga-inonotus-obliquus-120-caps\/","title":{"rendered":"Chaga (Inonotus Obliquus)-120 Caps"},"content":{"rendered":"<p>Les champignons peuvent vous aider \u00e0 am\u00e9liorer votre sant\u00e9 et le Chaga en tant que suppl\u00e9ment devrait certainement figurer dans votre armoire \u00e0 pharmacie. Ce champignon peut potentiellement aider \u00e0 lutter contre le cancer et le diab\u00e8te et peut aider \u00e0 maintenir votre r\u00e9sistance. En Russie et en Chine, le chaga est consid\u00e9r\u00e9 comme un superaliment qui peut \u00eatre utilis\u00e9 pour traiter diverses affections. Si vous voulez soutenir votre sant\u00e9 avec des rem\u00e8des naturels, le Chaga est un excellent choix.<\/p>\n<h2>Chaga : \u00e0 quoi sert-il ?<\/h2>\n<p>Les peuples naturels ont une connaissance extr\u00eamement \u00e9tendue des propri\u00e9t\u00e9s m\u00e9dicinales des plantes, des herbes et des champignons. Ils utilisent donc le chaga depuis des milliers d&rsquo;ann\u00e9es et le consid\u00e8rent comme un moyen important d&rsquo;am\u00e9liorer leur sant\u00e9. En Russie, on l&rsquo;utilise comme anti-inflammatoire et on traite les probl\u00e8mes de peau avec. En Chine, le Chaga est l&rsquo;outil de pr\u00e9dilection pour stimuler le Chi (\u00e9nergie vitale).<\/p>\n<p>Le Chaga (en n\u00e9erlandais, il s&rsquo;agit du champignon Birchweather) se trouve principalement dans la partie septentrionale du monde. On le rencontre en Russie, au Canada, en Am\u00e9rique et dans le nord-est de l&rsquo;Europe. Le chaga n&rsquo;est pas un champignon tr\u00e8s beau \u00e0 voir : il pousse sous la forme d&rsquo;une masse noueuse disgracieuse sur les bouleaux. Heureusement, l&rsquo;ext\u00e9rieur ne dit rien de l&rsquo;int\u00e9rieur. Le chaga de McMyco a des propri\u00e9t\u00e9s particuli\u00e8rement puissantes.<\/p>\n<p>Vous pouvez l&rsquo;utiliser \u00e0 l&rsquo;adresse suivante<\/p>\n<ul>\n<li>Support de r\u00e9sistance<\/li>\n<li>Cancer (propri\u00e9t\u00e9s anticanc\u00e9reuses)<\/li>\n<li>Diab\u00e8te<\/li>\n<li>Plaintes li\u00e9es au vieillissement<\/li>\n<\/ul>\n<h2>Le chaga et ses effets sur l&rsquo;organisme<\/h2>\n<h3>Soutenir la r\u00e9sistance<\/h3>\n<p>Lorsque des envahisseurs ext\u00e9rieurs attaquent votre corps (virus, bact\u00e9ries ou champignons), c&rsquo;est votre syst\u00e8me immunitaire qui vous prot\u00e8ge. C&rsquo;est la ligne de d\u00e9fense qui permet de vaincre ces envahisseurs. Pour ce faire, vous avez besoin de micronutriments provenant de l&rsquo;alimentation pour maintenir votre immunit\u00e9 \u00e0 un niveau \u00e9lev\u00e9. Un suppl\u00e9ment comme McMyco Chaga peut \u00eatre exactement ce qu&rsquo;il vous faut.<\/p>\n<p>Le chaga est riche en polysaccharides non lin\u00e9aires tr\u00e8s complexes, qui peuvent apporter un soutien puissant \u00e0 la r\u00e9sistance. Il s&rsquo;agit de polysaccharides \u00e0 longue cha\u00eene, qui renforcent le syst\u00e8me immunitaire. Les b\u00eata-glucanes, par exemple, sont des polysaccharides qui peuvent inciter l&rsquo;organisme \u00e0 produire des cellules tueuses naturelles. Ceux-ci sont non seulement charg\u00e9s d&rsquo;attaquer les envahisseurs ext\u00e9rieurs, mais aussi de s&rsquo;opposer \u00e0 la formation de tumeurs.<\/p>\n<p>D&rsquo;autres substances contenues dans le chaga peuvent contribuer \u00e0 renforcer votre r\u00e9sistance, notamment l&rsquo;ergost\u00e9rol, l&rsquo;\u00e9pist\u00e9rol et l&rsquo;acide b\u00e9tulinique. Chacune de ces substances a un effet positif sur le syst\u00e8me immunitaire, mais lorsqu&rsquo;elles sont prises simultan\u00e9ment, elles ont un effet r\u00e9gulateur sur l&rsquo;immunit\u00e9. Ils peuvent donc contribuer \u00e0 maintenir l&rsquo;organisme en bonne sant\u00e9 et \u00e0 le prot\u00e9ger contre les maladies.<\/p>\n<h3>Agit contre les cellules canc\u00e9reuses<\/h3>\n<p>La science d\u00e9couvre de plus en plus ce que les champignons m\u00e9dicinaux peuvent faire pour la maladie. Le chaga semble pouvoir \u00eatre utilis\u00e9 contre les cellules canc\u00e9reuses, selon des recherches. Il peut \u00eatre utile de prendre du Chaga en cas de cancer du sein, du foie et de l&rsquo;estomac, par exemple. Les substances contenues dans le chaga peuvent ralentir la croissance des tumeurs en favorisant la production de cellules tueuses naturelles.<\/p>\n<p>Une autre raison pour laquelle un suppl\u00e9ment de Chaga peut aider le cancer est qu&rsquo;il contient certaines substances qui peuvent d\u00e9clencher l&rsquo;apoptose (mort cellulaire) des cellules canc\u00e9reuses. Ces cellules malignes se d\u00e9truisent ensuite elles-m\u00eames. Ces propri\u00e9t\u00e9s font du chaga un rem\u00e8de unique et puissant contre le cancer.<\/p>\n<h3>Chaga pour les troubles li\u00e9s \u00e0 l&rsquo;\u00e2ge<\/h3>\n<p>Avec l&rsquo;\u00e2ge, certains sympt\u00f4mes peuvent appara\u00eetre, comme des articulations douloureuses ou une m\u00e9moire de travail moins performante. En prenant un suppl\u00e9ment comme le Chaga, vous pouvez ralentir ce processus. Les dommages qui surviennent avec l&rsquo;\u00e2ge sont caus\u00e9s, entre autres, par les radicaux libres. Le chaga est riche en antioxydants, qui peuvent \u00e9liminer ces radicaux libres de notre corps.<\/p>\n<p>Par exemple, il contient une tr\u00e8s grande quantit\u00e9 de superoxyde dismutase, un antioxydant qui peut d\u00e9samorcer les radicaux libres les plus dangereux. Le chaga contient 25 fois plus de cette substance que les autres champignons m\u00e9dicinaux. C&rsquo;est pourquoi il est fortement recommand\u00e9 pour les troubles li\u00e9s \u00e0 l&rsquo;\u00e2ge.<\/p>\n<h2>Acheter McMyco&rsquo;s Chaga en ligne<\/h2>\n<p>Avec le Chaga de Mymcyo, vous avez tout ce qu&rsquo;il faut pour renforcer votre sant\u00e9. Fournissez \u00e0 votre corps toutes les substances dont il a besoin avec le Chaga. Le chaga peut \u00eatre utilis\u00e9 en toute s\u00e9curit\u00e9. Cependant, il est recommand\u00e9 de ne pas utiliser le Chaga si vous \u00eates enceinte ou si vous allaitez. Ni si vous prenez des anticoagulants, des m\u00e9dicaments contre le diab\u00e8te ou si vous souffrez d&rsquo;une maladie auto-immune. Bien entendu, vous pouvez facilement acheter ce suppl\u00e9ment dans notre boutique en ligne. Un paquet contient 120 g\u00e9lules.<\/p>\n<p><strong>Ingr\u00e9dients :<\/strong><\/p>\n<p>Par g\u00e9lule v\u00e9g\u00e9tale : 400 mg d&rsquo;extrait de chaga biologique (inonotus obliquus) provenant \u00e0 100% du corps du fruit (scl\u00e9rotes). Il s&rsquo;agit d&rsquo;un extrait \u00e0 spectre complet obtenu \u00e0 partir de H2O et d&rsquo;\u00e9thanol. Il s&rsquo;agit de tirer le meilleur parti des organes de fructification. Il contient 35 % de polysaccharides, de b\u00e9tuline, d&rsquo;acide b\u00e9tulinique et de st\u00e9rols.<\/p>\n<p>Excipients : citrate de magn\u00e9sium et dioxyde de silicium.<br \/>\nPosologie : prendre 1 g\u00e9lule deux fois par jour avec de l&rsquo;eau pendant les repas.<br \/>\nContenu : 120 g\u00e9lules<br \/>\nConseil de conservation : Conserver dans un endroit frais et sombre.<\/p>\n","protected":false},"excerpt":{"rendered":"<p>Les champignons peuvent vous aider \u00e0 am\u00e9liorer votre sant\u00e9 et le Chaga en tant que suppl\u00e9ment devrait certainement figurer dans votre armoire \u00e0 pharmacie. Ce champignon peut potentiellement aider \u00e0 lutter contre le cancer et le diab\u00e8te et peut aider \u00e0 maintenir votre r\u00e9sistance. En Russie et en Chine, le chaga est consid\u00e9r\u00e9 comme un [&hellip;]<\/p>\n","protected":false},"featured_media":3534,"comment_status":"open","ping_status":"closed","template":"","meta":[],"product_brand":[],"product_cat":[129,291],"product_tag":[],"class_list":{"0":"post-4953","1":"product","2":"type-product","3":"status-publish","4":"has-post-thumbnail","6":"product_cat-champignons-medicinaux","7":"product_cat-supplements-pour-le-systeme-immunitaire","9":"first","10":"instock","11":"taxable","12":"shipping-taxable","13":"purchasable","14":"product-type-simple"},"yoast_head":"<!-- This site is optimized with the Yoast SEO Premium plugin v26.4 (Yoast SEO v27.2) - https:\/\/yoast.com\/product\/yoast-seo-premium-wordpress\/ -->\n<title>Chaga (Inonotus Obliquus)-120 Caps - Dutchmicrodosing<\/title>\n<meta name=\"robots\" content=\"index, follow, max-snippet:-1, max-image-preview:large, max-video-preview:-1\" \/>\n<link rel=\"canonical\" href=\"https:\/\/dutchmicrodosing.com\/fr\/champignons-medicinaux\/chaga-inonotus-obliquus-120-caps\/\" \/>\n<meta property=\"og:locale\" content=\"fr_FR\" \/>\n<meta property=\"og:type\" content=\"article\" \/>\n<meta property=\"og:title\" content=\"Chaga (Inonotus Obliquus)-120 Caps\" \/>\n<meta property=\"og:description\" content=\"Les champignons peuvent vous aider \u00e0 am\u00e9liorer votre sant\u00e9 et le Chaga en tant que suppl\u00e9ment devrait certainement figurer dans votre armoire \u00e0 pharmacie.\" \/>\n<meta property=\"og:url\" content=\"https:\/\/dutchmicrodosing.com\/fr\/champignons-medicinaux\/chaga-inonotus-obliquus-120-caps\/\" \/>\n<meta property=\"og:site_name\" content=\"Dutchmicrodosing\" \/>\n<meta property=\"article:publisher\" content=\"https:\/\/www.facebook.com\/Dutchmicrodosingxp\/\" \/>\n<meta property=\"article:modified_time\" content=\"2025-09-23T16:51:59+00:00\" \/>\n<meta property=\"og:image\" content=\"https:\/\/dutchmicrodosing.com\/wp-content\/uploads\/2021\/03\/Chaga-2-1.jpg\" \/>\n\t<meta property=\"og:image:width\" content=\"1000\" \/>\n\t<meta property=\"og:image:height\" content=\"1000\" \/>\n\t<meta property=\"og:image:type\" content=\"image\/jpeg\" \/>\n<meta name=\"twitter:card\" content=\"summary_large_image\" \/>\n<script type=\"application\/ld+json\" class=\"yoast-schema-graph\">{\"@context\":\"https:\/\/schema.org\",\"@graph\":[{\"@type\":\"WebPage\",\"@id\":\"https:\/\/dutchmicrodosing.com\/fr\/champignons-medicinaux\/chaga-inonotus-obliquus-120-caps\/\",\"url\":\"https:\/\/dutchmicrodosing.com\/fr\/champignons-medicinaux\/chaga-inonotus-obliquus-120-caps\/\",\"name\":\"Chaga (Inonotus Obliquus)-120 Caps - Dutchmicrodosing\",\"isPartOf\":{\"@id\":\"https:\/\/dutchmicrodosing.com\/fr\/#website\"},\"primaryImageOfPage\":{\"@id\":\"https:\/\/dutchmicrodosing.com\/fr\/champignons-medicinaux\/chaga-inonotus-obliquus-120-caps\/#primaryimage\"},\"image\":{\"@id\":\"https:\/\/dutchmicrodosing.com\/fr\/champignons-medicinaux\/chaga-inonotus-obliquus-120-caps\/#primaryimage\"},\"thumbnailUrl\":\"https:\/\/dutchmicrodosing.com\/wp-content\/uploads\/2021\/03\/Chaga-2-1.jpg\",\"datePublished\":\"2021-03-22T18:28:28+00:00\",\"dateModified\":\"2025-09-23T16:51:59+00:00\",\"breadcrumb\":{\"@id\":\"https:\/\/dutchmicrodosing.com\/fr\/champignons-medicinaux\/chaga-inonotus-obliquus-120-caps\/#breadcrumb\"},\"inLanguage\":\"fr-FR\",\"potentialAction\":[{\"@type\":\"ReadAction\",\"target\":[\"https:\/\/dutchmicrodosing.com\/fr\/champignons-medicinaux\/chaga-inonotus-obliquus-120-caps\/\"]}]},{\"@type\":\"ImageObject\",\"inLanguage\":\"fr-FR\",\"@id\":\"https:\/\/dutchmicrodosing.com\/fr\/champignons-medicinaux\/chaga-inonotus-obliquus-120-caps\/#primaryimage\",\"url\":\"https:\/\/dutchmicrodosing.com\/wp-content\/uploads\/2021\/03\/Chaga-2-1.jpg\",\"contentUrl\":\"https:\/\/dutchmicrodosing.com\/wp-content\/uploads\/2021\/03\/Chaga-2-1.jpg\",\"width\":1000,\"height\":1000},{\"@type\":\"BreadcrumbList\",\"@id\":\"https:\/\/dutchmicrodosing.com\/fr\/champignons-medicinaux\/chaga-inonotus-obliquus-120-caps\/#breadcrumb\",\"itemListElement\":[{\"@type\":\"ListItem\",\"position\":1,\"name\":\"Home\",\"item\":\"https:\/\/dutchmicrodosing.com\/fr\/\"},{\"@type\":\"ListItem\",\"position\":2,\"name\":\"Boutique\",\"item\":\"https:\/\/dutchmicrodosing.com\/fr\/boutique\/\"},{\"@type\":\"ListItem\",\"position\":3,\"name\":\"Chaga (Inonotus Obliquus)-120 Caps\"}]},{\"@type\":\"WebSite\",\"@id\":\"https:\/\/dutchmicrodosing.com\/fr\/#website\",\"url\":\"https:\/\/dutchmicrodosing.com\/fr\/\",\"name\":\"Dutchmicrodosing\",\"description\":\"\",\"publisher\":{\"@id\":\"https:\/\/dutchmicrodosing.com\/fr\/#organization\"},\"potentialAction\":[{\"@type\":\"SearchAction\",\"target\":{\"@type\":\"EntryPoint\",\"urlTemplate\":\"https:\/\/dutchmicrodosing.com\/fr\/?s={search_term_string}\"},\"query-input\":{\"@type\":\"PropertyValueSpecification\",\"valueRequired\":true,\"valueName\":\"search_term_string\"}}],\"inLanguage\":\"fr-FR\"},{\"@type\":\"Organization\",\"@id\":\"https:\/\/dutchmicrodosing.com\/fr\/#organization\",\"name\":\"Dutchmicrodosing\",\"url\":\"https:\/\/dutchmicrodosing.com\/fr\/\",\"logo\":{\"@type\":\"ImageObject\",\"inLanguage\":\"fr-FR\",\"@id\":\"https:\/\/dutchmicrodosing.com\/fr\/#\/schema\/logo\/image\/\",\"url\":\"https:\/\/dutchmicrodosing.com\/wp-content\/uploads\/2021\/01\/microdosing-categorie-pic-nieuw.jpg\",\"contentUrl\":\"https:\/\/dutchmicrodosing.com\/wp-content\/uploads\/2021\/01\/microdosing-categorie-pic-nieuw.jpg\",\"width\":500,\"height\":500,\"caption\":\"Dutchmicrodosing\"},\"image\":{\"@id\":\"https:\/\/dutchmicrodosing.com\/fr\/#\/schema\/logo\/image\/\"},\"sameAs\":[\"https:\/\/www.facebook.com\/Dutchmicrodosingxp\/\",\"https:\/\/www.instagram.com\/dutchmicrodosing\/\"]}]}<\/script>\n<meta property=\"product:price:amount\" content=\"34.95\" \/>\n<meta property=\"product:price:currency\" content=\"EUR\" \/>\n<meta property=\"og:availability\" content=\"instock\" \/>\n<meta property=\"product:availability\" content=\"instock\" \/>\n<meta property=\"product:retailer_item_id\" content=\"1203167\" \/>\n<meta property=\"product:condition\" content=\"new\" \/>\n<!-- \/ Yoast SEO Premium plugin. -->","yoast_head_json":{"title":"Chaga (Inonotus Obliquus)-120 Caps - Dutchmicrodosing","robots":{"index":"index","follow":"follow","max-snippet":"max-snippet:-1","max-image-preview":"max-image-preview:large","max-video-preview":"max-video-preview:-1"},"canonical":"https:\/\/dutchmicrodosing.com\/fr\/champignons-medicinaux\/chaga-inonotus-obliquus-120-caps\/","og_locale":"fr_FR","og_type":"article","og_title":"Chaga (Inonotus Obliquus)-120 Caps","og_description":"Les champignons peuvent vous aider \u00e0 am\u00e9liorer votre sant\u00e9 et le Chaga en tant que suppl\u00e9ment devrait certainement figurer dans votre armoire \u00e0 pharmacie.","og_url":"https:\/\/dutchmicrodosing.com\/fr\/champignons-medicinaux\/chaga-inonotus-obliquus-120-caps\/","og_site_name":"Dutchmicrodosing","article_publisher":"https:\/\/www.facebook.com\/Dutchmicrodosingxp\/","article_modified_time":"2025-09-23T16:51:59+00:00","og_image":[{"width":1000,"height":1000,"url":"https:\/\/dutchmicrodosing.com\/wp-content\/uploads\/2021\/03\/Chaga-2-1.jpg","type":"image\/jpeg"}],"twitter_card":"summary_large_image","schema":{"@context":"https:\/\/schema.org","@graph":[{"@type":"WebPage","@id":"https:\/\/dutchmicrodosing.com\/fr\/champignons-medicinaux\/chaga-inonotus-obliquus-120-caps\/","url":"https:\/\/dutchmicrodosing.com\/fr\/champignons-medicinaux\/chaga-inonotus-obliquus-120-caps\/","name":"Chaga (Inonotus Obliquus)-120 Caps - Dutchmicrodosing","isPartOf":{"@id":"https:\/\/dutchmicrodosing.com\/fr\/#website"},"primaryImageOfPage":{"@id":"https:\/\/dutchmicrodosing.com\/fr\/champignons-medicinaux\/chaga-inonotus-obliquus-120-caps\/#primaryimage"},"image":{"@id":"https:\/\/dutchmicrodosing.com\/fr\/champignons-medicinaux\/chaga-inonotus-obliquus-120-caps\/#primaryimage"},"thumbnailUrl":"https:\/\/dutchmicrodosing.com\/wp-content\/uploads\/2021\/03\/Chaga-2-1.jpg","datePublished":"2021-03-22T18:28:28+00:00","dateModified":"2025-09-23T16:51:59+00:00","breadcrumb":{"@id":"https:\/\/dutchmicrodosing.com\/fr\/champignons-medicinaux\/chaga-inonotus-obliquus-120-caps\/#breadcrumb"},"inLanguage":"fr-FR","potentialAction":[{"@type":"ReadAction","target":["https:\/\/dutchmicrodosing.com\/fr\/champignons-medicinaux\/chaga-inonotus-obliquus-120-caps\/"]}]},{"@type":"ImageObject","inLanguage":"fr-FR","@id":"https:\/\/dutchmicrodosing.com\/fr\/champignons-medicinaux\/chaga-inonotus-obliquus-120-caps\/#primaryimage","url":"https:\/\/dutchmicrodosing.com\/wp-content\/uploads\/2021\/03\/Chaga-2-1.jpg","contentUrl":"https:\/\/dutchmicrodosing.com\/wp-content\/uploads\/2021\/03\/Chaga-2-1.jpg","width":1000,"height":1000},{"@type":"BreadcrumbList","@id":"https:\/\/dutchmicrodosing.com\/fr\/champignons-medicinaux\/chaga-inonotus-obliquus-120-caps\/#breadcrumb","itemListElement":[{"@type":"ListItem","position":1,"name":"Home","item":"https:\/\/dutchmicrodosing.com\/fr\/"},{"@type":"ListItem","position":2,"name":"Boutique","item":"https:\/\/dutchmicrodosing.com\/fr\/boutique\/"},{"@type":"ListItem","position":3,"name":"Chaga (Inonotus Obliquus)-120 Caps"}]},{"@type":"WebSite","@id":"https:\/\/dutchmicrodosing.com\/fr\/#website","url":"https:\/\/dutchmicrodosing.com\/fr\/","name":"Dutchmicrodosing","description":"","publisher":{"@id":"https:\/\/dutchmicrodosing.com\/fr\/#organization"},"potentialAction":[{"@type":"SearchAction","target":{"@type":"EntryPoint","urlTemplate":"https:\/\/dutchmicrodosing.com\/fr\/?s={search_term_string}"},"query-input":{"@type":"PropertyValueSpecification","valueRequired":true,"valueName":"search_term_string"}}],"inLanguage":"fr-FR"},{"@type":"Organization","@id":"https:\/\/dutchmicrodosing.com\/fr\/#organization","name":"Dutchmicrodosing","url":"https:\/\/dutchmicrodosing.com\/fr\/","logo":{"@type":"ImageObject","inLanguage":"fr-FR","@id":"https:\/\/dutchmicrodosing.com\/fr\/#\/schema\/logo\/image\/","url":"https:\/\/dutchmicrodosing.com\/wp-content\/uploads\/2021\/01\/microdosing-categorie-pic-nieuw.jpg","contentUrl":"https:\/\/dutchmicrodosing.com\/wp-content\/uploads\/2021\/01\/microdosing-categorie-pic-nieuw.jpg","width":500,"height":500,"caption":"Dutchmicrodosing"},"image":{"@id":"https:\/\/dutchmicrodosing.com\/fr\/#\/schema\/logo\/image\/"},"sameAs":["https:\/\/www.facebook.com\/Dutchmicrodosingxp\/","https:\/\/www.instagram.com\/dutchmicrodosing\/"]}]},"product_price_amount":"34.95","product_price_currency":"EUR","og_availability":"instock","product_availability":"instock","product_retailer_item_id":"1203167","product_condition":"new"},"_links":{"self":[{"href":"https:\/\/dutchmicrodosing.com\/fr\/wp-json\/wp\/v2\/product\/4953","targetHints":{"allow":["GET"]}}],"collection":[{"href":"https:\/\/dutchmicrodosing.com\/fr\/wp-json\/wp\/v2\/product"}],"about":[{"href":"https:\/\/dutchmicrodosing.com\/fr\/wp-json\/wp\/v2\/types\/product"}],"replies":[{"embeddable":true,"href":"https:\/\/dutchmicrodosing.com\/fr\/wp-json\/wp\/v2\/comments?post=4953"}],"version-history":[{"count":0,"href":"https:\/\/dutchmicrodosing.com\/fr\/wp-json\/wp\/v2\/product\/4953\/revisions"}],"wp:featuredmedia":[{"embeddable":true,"href":"https:\/\/dutchmicrodosing.com\/fr\/wp-json\/wp\/v2\/media\/3534"}],"wp:attachment":[{"href":"https:\/\/dutchmicrodosing.com\/fr\/wp-json\/wp\/v2\/media?parent=4953"}],"wp:term":[{"taxonomy":"product_brand","embeddable":true,"href":"https:\/\/dutchmicrodosing.com\/fr\/wp-json\/wp\/v2\/product_brand?post=4953"},{"taxonomy":"product_cat","embeddable":true,"href":"https:\/\/dutchmicrodosing.com\/fr\/wp-json\/wp\/v2\/product_cat?post=4953"},{"taxonomy":"product_tag","embeddable":true,"href":"https:\/\/dutchmicrodosing.com\/fr\/wp-json\/wp\/v2\/product_tag?post=4953"}],"curies":[{"name":"wp","href":"https:\/\/api.w.org\/{rel}","templated":true}]}}