{"id":4954,"date":"2021-03-22T19:24:18","date_gmt":"2021-03-22T18:24:18","guid":{"rendered":"https:\/\/dutchmicrodosing.com\/shop\/non%20class\u00e9\/reishi-ganoderma-lucidum-120-caps\/"},"modified":"2025-08-19T22:51:22","modified_gmt":"2025-08-19T20:51:22","slug":"reishi-ganoderma-lucidum-120-caps","status":"publish","type":"product","link":"https:\/\/dutchmicrodosing.com\/fr\/champignons-medicinaux\/reishi-ganoderma-lucidum-120-caps\/","title":{"rendered":"Reishi (Ganoderma Lucidum)-120 Caps"},"content":{"rendered":"<p>Le reishi, \u00e9galement connu sous le nom de champignon laqu\u00e9 japonais, est un champignon connu en Extr\u00eame-Orient pour ses propri\u00e9t\u00e9s m\u00e9dicinales. Ce n&rsquo;est pas pour rien qu&rsquo;il est surnomm\u00e9 le champignon divin de l&rsquo;immortalit\u00e9. Et que cela n&rsquo;est pas exag\u00e9r\u00e9, vous pouvez le constater par le fait que vous pouvez b\u00e9n\u00e9ficier du Reishi pour les plaintes de stress, l&rsquo;asthme, le cancer et la fatigue.<\/p>\n<p>Avec le Reishi de McMyco comme compl\u00e9ment, vous pouvez b\u00e9n\u00e9ficier des nombreux compos\u00e9s pr\u00e9cieux de ce champignon. Soutenez votre sant\u00e9 physique et mentale avec le Reishi.<\/p>\n<h2>Les bienfaits du Reishi<\/h2>\n<p>Ce champignon \u00e0 l&rsquo;aspect un peu brillant aime se d\u00e9velopper dans une chaleur humide et se trouve principalement dans les r\u00e9gions subtropicales. Il peut pousser sur une vari\u00e9t\u00e9 d&rsquo;arbres, mais pr\u00e9f\u00e8re les pruniers. Le Reishi est traditionnellement utilis\u00e9 pour soutenir la r\u00e9sistance, donc en cas d&rsquo;infections, d&rsquo;inflammations et de plaintes allergiques. Avec un suppl\u00e9ment de Reishi, vous pouvez donner un coup de pouce \u00e0 votre r\u00e9sistance.<\/p>\n<p>Le reishi peut \u00e9galement avoir des propri\u00e9t\u00e9s anticanc\u00e9reuses et peut \u00eatre utilis\u00e9 pour soutenir le foie. Vous pouvez \u00e9galement prendre ce compl\u00e9ment pour les troubles mentaux. Il peut aider \u00e0 lutter contre l&rsquo;agitation, le stress et la perte de m\u00e9moire. Le Reishi de McMyco peut \u00eatre utilis\u00e9 avec :<\/p>\n<ul>\n<li>Infections et inflammations (\u00e9galement en cas de maladies auto-immunes et de r\u00e9actions allergiques)<\/li>\n<li>Cancer<\/li>\n<li>Plaintes caus\u00e9es par le stress<\/li>\n<li>D\u00e9pression<\/li>\n<li>Fatigue<\/li>\n<li>Pour un c\u0153ur et des vaisseaux sanguins en bonne sant\u00e9<\/li>\n<\/ul>\n<h2>Les effets du Reishi<\/h2>\n<h3>Reishi avec le stress<\/h3>\n<p>Le stress a un impact n\u00e9gatif majeur sur notre corps et notre esprit. Un stress prolong\u00e9 entra\u00eene une augmentation des hormones de stress et, par cons\u00e9quent, la pression art\u00e9rielle peut \u00e9galement augmenter. En outre, le stress a un impact n\u00e9gatif sur le fonctionnement des organes, la r\u00e9sistance et la digestion. Mentalement, vous vous sentez tendu, vous pouvez souffrir de pens\u00e9es confuses et, \u00e0 cause de tout cela, vous ne dormez pas bien. Vous \u00eates souvent anxieux et pouvez m\u00eame devenir d\u00e9pressif.<\/p>\n<p>Dans ce genre de circonstances, le Reishi peut \u00eatre utile. Les substances contenues dans ce champignon ont un effet adaptog\u00e8ne. Cela signifie qu&rsquo;ils travaillent partout o\u00f9 il y a un besoin. Vous pouvez donc utiliser un compl\u00e9ment comme le Reishi pour r\u00e9duire les effets du stress et retrouver l&rsquo;\u00e9quilibre. Le reishi peut contribuer \u00e0 faire baisser la tension art\u00e9rielle si elle est trop \u00e9lev\u00e9e et am\u00e9liore le transport de l&rsquo;oxyg\u00e8ne dans le corps. Les recherches montrent \u00e9galement que ce champignon peut am\u00e9liorer votre humeur. Cela vous aidera \u00e0 faire face aux p\u00e9riodes stressantes de votre vie.<\/p>\n<h3>Les possibilit\u00e9s offertes par le cancer<\/h3>\n<p>Le reishi contient des substances qui augmentent l&rsquo;activit\u00e9 des cellules tueuses qui existent naturellement dans votre corps. Ces cellules sont responsables de l&rsquo;\u00e9limination des cellules canc\u00e9reuses. En outre, le Reishi provoque le processus d&rsquo;angiogen\u00e8se dans les tissus canc\u00e9reux. L&rsquo;angiogen\u00e8se signifie que les tumeurs ne peuvent pas former de vaisseaux sanguins, ce qui a pour effet d&rsquo;inhiber leur croissance.<\/p>\n<p>Dans le cancer du sein, le champignon laqu\u00e9 japonais pourrait pr\u00e9venir les m\u00e9tastases. Cela emp\u00eache les cellules canc\u00e9reuses de se propager dans le corps. Il peut \u00e9galement provoquer la mort cellulaire des cellules canc\u00e9reuses. La recherche montre que le Reishi peut donner de bons r\u00e9sultats dans le cas du cancer de la prostate, du sein et du c\u00f4lon. Ce champignon peut \u00e9galement \u00eatre pris pour r\u00e9duire les effets secondaires de la chimioth\u00e9rapie.<\/p>\n<h3>En cas d&rsquo;inflammation<\/h3>\n<p>Le Reishi de McMyco est un bon rem\u00e8de naturel contre l&rsquo;inflammation. Elle est riche en triterp\u00e8nes qui ont un effet anti-inflammatoire. Ainsi, pour de nombreuses affections dont l&rsquo;inflammation est la cause sous-jacente, vous pouvez prendre du Reishi. Pensez aux cystites, aux fibromyalgies, aux inflammations des gencives ou aux rhumatismes.<\/p>\n<h3>Reishi pour la fatigue<\/h3>\n<p>Pour les personnes qui sont souvent fatigu\u00e9es et qui manquent d&rsquo;\u00e9nergie, le Reishi pourrait \u00eatre une solution. Il peut contribuer \u00e0 une bonne nuit de sommeil et augmente le sentiment de bien-\u00eatre. Des recherches montrent qu&rsquo;elle peut \u00e9galement avoir un effet positif sur votre humeur.<\/p>\n<h2>Acheter du Reishi<\/h2>\n<p>Si vous souhaitez essayer le Reishi, les capsules Reishi de McMyco sont id\u00e9ales. Les capsules contiennent un extrait de Reishi \u00e0 spectre complet. L&rsquo;utilisation du Reishi est tr\u00e8s s\u00fbre. De l\u00e9gers troubles digestifs peuvent survenir. Les femmes enceintes ou qui allaitent doivent \u00eatre prudentes lorsqu&rsquo;elles utilisent le Reishi, car les effets secondaires n&rsquo;ont pas encore \u00e9t\u00e9 correctement \u00e9tudi\u00e9s. Si vous souhaitez utiliser le Reishi, commandez rapidement ce compl\u00e9ment naturel pour soutenir votre sant\u00e9.<\/p>\n<p><strong>Ingr\u00e9dients :<\/strong><\/p>\n<p>Par g\u00e9lule v\u00e9g\u00e9tale : 400 mg d&rsquo;extrait de reishi (ganoderma lucidum) biologique provenant \u00e0 100% du corps fructifiant (champignon). Il s&rsquo;agit d&rsquo;un extrait \u00e0 spectre complet obtenu \u00e0 partir de H2O et d&rsquo;\u00e9thanol. Il s&rsquo;agit de tirer le meilleur parti des organes de fructification. Il contient 30% de polysaccharides et de b\u00eata-glucanes.<\/p>\n<p>Excipients : citrate de magn\u00e9sium et dioxyde de silicium.<br \/>\nPosologie : prendre 1 g\u00e9lule deux fois par jour avec de l&rsquo;eau pendant les repas.<br \/>\nContenu : 120 g\u00e9lules<br \/>\nConseil de stockage : \u00e0 conserver dans un endroit frais et sombre<\/p>\n","protected":false},"excerpt":{"rendered":"<p>Le reishi, \u00e9galement connu sous le nom de champignon laqu\u00e9 japonais, est un champignon connu en Extr\u00eame-Orient pour ses propri\u00e9t\u00e9s m\u00e9dicinales. Ce n&rsquo;est pas pour rien qu&rsquo;il est surnomm\u00e9 le champignon divin de l&rsquo;immortalit\u00e9. Et que cela n&rsquo;est pas exag\u00e9r\u00e9, vous pouvez le constater par le fait que vous pouvez b\u00e9n\u00e9ficier du Reishi pour les [&hellip;]<\/p>\n","protected":false},"featured_media":3538,"comment_status":"open","ping_status":"closed","template":"","meta":[],"product_brand":[],"product_cat":[129,290,291],"product_tag":[],"class_list":{"0":"post-4954","1":"product","2":"type-product","3":"status-publish","4":"has-post-thumbnail","6":"product_cat-champignons-medicinaux","7":"product_cat-supplements-energetiques","8":"product_cat-supplements-pour-le-systeme-immunitaire","10":"first","11":"instock","12":"taxable","13":"shipping-taxable","14":"purchasable","15":"product-type-simple"},"yoast_head":"<!-- This site is optimized with the Yoast SEO Premium plugin v26.4 (Yoast SEO v27.2) - https:\/\/yoast.com\/product\/yoast-seo-premium-wordpress\/ -->\n<title>Reishi (Ganoderma Lucidum)-120 Caps - Dutchmicrodosing<\/title>\n<meta name=\"robots\" content=\"index, follow, max-snippet:-1, max-image-preview:large, max-video-preview:-1\" \/>\n<link rel=\"canonical\" href=\"https:\/\/dutchmicrodosing.com\/fr\/champignons-medicinaux\/reishi-ganoderma-lucidum-120-caps\/\" \/>\n<meta property=\"og:locale\" content=\"fr_FR\" \/>\n<meta property=\"og:type\" content=\"article\" \/>\n<meta property=\"og:title\" content=\"Reishi (Ganoderma Lucidum)-120 Caps\" \/>\n<meta property=\"og:description\" content=\"Le reishi, \u00e9galement connu sous le nom de champignon laqu\u00e9 japonais, est un champignon connu en Extr\u00eame-Orient pour ses propri\u00e9t\u00e9s m\u00e9dicinales. Ce n&#039;est\" \/>\n<meta property=\"og:url\" content=\"https:\/\/dutchmicrodosing.com\/fr\/champignons-medicinaux\/reishi-ganoderma-lucidum-120-caps\/\" \/>\n<meta property=\"og:site_name\" content=\"Dutchmicrodosing\" \/>\n<meta property=\"article:publisher\" content=\"https:\/\/www.facebook.com\/Dutchmicrodosingxp\/\" \/>\n<meta property=\"article:modified_time\" content=\"2025-08-19T20:51:22+00:00\" \/>\n<meta property=\"og:image\" content=\"https:\/\/dutchmicrodosing.com\/wp-content\/uploads\/2021\/03\/Reishi-2.jpg\" \/>\n\t<meta property=\"og:image:width\" content=\"1000\" \/>\n\t<meta property=\"og:image:height\" content=\"1000\" \/>\n\t<meta property=\"og:image:type\" content=\"image\/jpeg\" \/>\n<meta name=\"twitter:card\" content=\"summary_large_image\" \/>\n<script type=\"application\/ld+json\" class=\"yoast-schema-graph\">{\"@context\":\"https:\/\/schema.org\",\"@graph\":[{\"@type\":\"WebPage\",\"@id\":\"https:\/\/dutchmicrodosing.com\/fr\/champignons-medicinaux\/reishi-ganoderma-lucidum-120-caps\/\",\"url\":\"https:\/\/dutchmicrodosing.com\/fr\/champignons-medicinaux\/reishi-ganoderma-lucidum-120-caps\/\",\"name\":\"Reishi (Ganoderma Lucidum)-120 Caps - Dutchmicrodosing\",\"isPartOf\":{\"@id\":\"https:\/\/dutchmicrodosing.com\/fr\/#website\"},\"primaryImageOfPage\":{\"@id\":\"https:\/\/dutchmicrodosing.com\/fr\/champignons-medicinaux\/reishi-ganoderma-lucidum-120-caps\/#primaryimage\"},\"image\":{\"@id\":\"https:\/\/dutchmicrodosing.com\/fr\/champignons-medicinaux\/reishi-ganoderma-lucidum-120-caps\/#primaryimage\"},\"thumbnailUrl\":\"https:\/\/dutchmicrodosing.com\/wp-content\/uploads\/2021\/03\/Reishi-2.jpg\",\"datePublished\":\"2021-03-22T18:24:18+00:00\",\"dateModified\":\"2025-08-19T20:51:22+00:00\",\"breadcrumb\":{\"@id\":\"https:\/\/dutchmicrodosing.com\/fr\/champignons-medicinaux\/reishi-ganoderma-lucidum-120-caps\/#breadcrumb\"},\"inLanguage\":\"fr-FR\",\"potentialAction\":[{\"@type\":\"ReadAction\",\"target\":[\"https:\/\/dutchmicrodosing.com\/fr\/champignons-medicinaux\/reishi-ganoderma-lucidum-120-caps\/\"]}]},{\"@type\":\"ImageObject\",\"inLanguage\":\"fr-FR\",\"@id\":\"https:\/\/dutchmicrodosing.com\/fr\/champignons-medicinaux\/reishi-ganoderma-lucidum-120-caps\/#primaryimage\",\"url\":\"https:\/\/dutchmicrodosing.com\/wp-content\/uploads\/2021\/03\/Reishi-2.jpg\",\"contentUrl\":\"https:\/\/dutchmicrodosing.com\/wp-content\/uploads\/2021\/03\/Reishi-2.jpg\",\"width\":1000,\"height\":1000},{\"@type\":\"BreadcrumbList\",\"@id\":\"https:\/\/dutchmicrodosing.com\/fr\/champignons-medicinaux\/reishi-ganoderma-lucidum-120-caps\/#breadcrumb\",\"itemListElement\":[{\"@type\":\"ListItem\",\"position\":1,\"name\":\"Home\",\"item\":\"https:\/\/dutchmicrodosing.com\/fr\/\"},{\"@type\":\"ListItem\",\"position\":2,\"name\":\"Boutique\",\"item\":\"https:\/\/dutchmicrodosing.com\/fr\/boutique\/\"},{\"@type\":\"ListItem\",\"position\":3,\"name\":\"Reishi (Ganoderma Lucidum)-120 Caps\"}]},{\"@type\":\"WebSite\",\"@id\":\"https:\/\/dutchmicrodosing.com\/fr\/#website\",\"url\":\"https:\/\/dutchmicrodosing.com\/fr\/\",\"name\":\"Dutchmicrodosing\",\"description\":\"\",\"publisher\":{\"@id\":\"https:\/\/dutchmicrodosing.com\/fr\/#organization\"},\"potentialAction\":[{\"@type\":\"SearchAction\",\"target\":{\"@type\":\"EntryPoint\",\"urlTemplate\":\"https:\/\/dutchmicrodosing.com\/fr\/?s={search_term_string}\"},\"query-input\":{\"@type\":\"PropertyValueSpecification\",\"valueRequired\":true,\"valueName\":\"search_term_string\"}}],\"inLanguage\":\"fr-FR\"},{\"@type\":\"Organization\",\"@id\":\"https:\/\/dutchmicrodosing.com\/fr\/#organization\",\"name\":\"Dutchmicrodosing\",\"url\":\"https:\/\/dutchmicrodosing.com\/fr\/\",\"logo\":{\"@type\":\"ImageObject\",\"inLanguage\":\"fr-FR\",\"@id\":\"https:\/\/dutchmicrodosing.com\/fr\/#\/schema\/logo\/image\/\",\"url\":\"https:\/\/dutchmicrodosing.com\/wp-content\/uploads\/2021\/01\/microdosing-categorie-pic-nieuw.jpg\",\"contentUrl\":\"https:\/\/dutchmicrodosing.com\/wp-content\/uploads\/2021\/01\/microdosing-categorie-pic-nieuw.jpg\",\"width\":500,\"height\":500,\"caption\":\"Dutchmicrodosing\"},\"image\":{\"@id\":\"https:\/\/dutchmicrodosing.com\/fr\/#\/schema\/logo\/image\/\"},\"sameAs\":[\"https:\/\/www.facebook.com\/Dutchmicrodosingxp\/\",\"https:\/\/www.instagram.com\/dutchmicrodosing\/\"]}]}<\/script>\n<meta property=\"product:price:amount\" content=\"34.95\" \/>\n<meta property=\"product:price:currency\" content=\"EUR\" \/>\n<meta property=\"og:availability\" content=\"instock\" \/>\n<meta property=\"product:availability\" content=\"instock\" \/>\n<meta property=\"product:retailer_item_id\" content=\"1203562\" \/>\n<meta property=\"product:condition\" content=\"new\" \/>\n<!-- \/ Yoast SEO Premium plugin. -->","yoast_head_json":{"title":"Reishi (Ganoderma Lucidum)-120 Caps - Dutchmicrodosing","robots":{"index":"index","follow":"follow","max-snippet":"max-snippet:-1","max-image-preview":"max-image-preview:large","max-video-preview":"max-video-preview:-1"},"canonical":"https:\/\/dutchmicrodosing.com\/fr\/champignons-medicinaux\/reishi-ganoderma-lucidum-120-caps\/","og_locale":"fr_FR","og_type":"article","og_title":"Reishi (Ganoderma Lucidum)-120 Caps","og_description":"Le reishi, \u00e9galement connu sous le nom de champignon laqu\u00e9 japonais, est un champignon connu en Extr\u00eame-Orient pour ses propri\u00e9t\u00e9s m\u00e9dicinales. Ce n'est","og_url":"https:\/\/dutchmicrodosing.com\/fr\/champignons-medicinaux\/reishi-ganoderma-lucidum-120-caps\/","og_site_name":"Dutchmicrodosing","article_publisher":"https:\/\/www.facebook.com\/Dutchmicrodosingxp\/","article_modified_time":"2025-08-19T20:51:22+00:00","og_image":[{"width":1000,"height":1000,"url":"https:\/\/dutchmicrodosing.com\/wp-content\/uploads\/2021\/03\/Reishi-2.jpg","type":"image\/jpeg"}],"twitter_card":"summary_large_image","schema":{"@context":"https:\/\/schema.org","@graph":[{"@type":"WebPage","@id":"https:\/\/dutchmicrodosing.com\/fr\/champignons-medicinaux\/reishi-ganoderma-lucidum-120-caps\/","url":"https:\/\/dutchmicrodosing.com\/fr\/champignons-medicinaux\/reishi-ganoderma-lucidum-120-caps\/","name":"Reishi (Ganoderma Lucidum)-120 Caps - Dutchmicrodosing","isPartOf":{"@id":"https:\/\/dutchmicrodosing.com\/fr\/#website"},"primaryImageOfPage":{"@id":"https:\/\/dutchmicrodosing.com\/fr\/champignons-medicinaux\/reishi-ganoderma-lucidum-120-caps\/#primaryimage"},"image":{"@id":"https:\/\/dutchmicrodosing.com\/fr\/champignons-medicinaux\/reishi-ganoderma-lucidum-120-caps\/#primaryimage"},"thumbnailUrl":"https:\/\/dutchmicrodosing.com\/wp-content\/uploads\/2021\/03\/Reishi-2.jpg","datePublished":"2021-03-22T18:24:18+00:00","dateModified":"2025-08-19T20:51:22+00:00","breadcrumb":{"@id":"https:\/\/dutchmicrodosing.com\/fr\/champignons-medicinaux\/reishi-ganoderma-lucidum-120-caps\/#breadcrumb"},"inLanguage":"fr-FR","potentialAction":[{"@type":"ReadAction","target":["https:\/\/dutchmicrodosing.com\/fr\/champignons-medicinaux\/reishi-ganoderma-lucidum-120-caps\/"]}]},{"@type":"ImageObject","inLanguage":"fr-FR","@id":"https:\/\/dutchmicrodosing.com\/fr\/champignons-medicinaux\/reishi-ganoderma-lucidum-120-caps\/#primaryimage","url":"https:\/\/dutchmicrodosing.com\/wp-content\/uploads\/2021\/03\/Reishi-2.jpg","contentUrl":"https:\/\/dutchmicrodosing.com\/wp-content\/uploads\/2021\/03\/Reishi-2.jpg","width":1000,"height":1000},{"@type":"BreadcrumbList","@id":"https:\/\/dutchmicrodosing.com\/fr\/champignons-medicinaux\/reishi-ganoderma-lucidum-120-caps\/#breadcrumb","itemListElement":[{"@type":"ListItem","position":1,"name":"Home","item":"https:\/\/dutchmicrodosing.com\/fr\/"},{"@type":"ListItem","position":2,"name":"Boutique","item":"https:\/\/dutchmicrodosing.com\/fr\/boutique\/"},{"@type":"ListItem","position":3,"name":"Reishi (Ganoderma Lucidum)-120 Caps"}]},{"@type":"WebSite","@id":"https:\/\/dutchmicrodosing.com\/fr\/#website","url":"https:\/\/dutchmicrodosing.com\/fr\/","name":"Dutchmicrodosing","description":"","publisher":{"@id":"https:\/\/dutchmicrodosing.com\/fr\/#organization"},"potentialAction":[{"@type":"SearchAction","target":{"@type":"EntryPoint","urlTemplate":"https:\/\/dutchmicrodosing.com\/fr\/?s={search_term_string}"},"query-input":{"@type":"PropertyValueSpecification","valueRequired":true,"valueName":"search_term_string"}}],"inLanguage":"fr-FR"},{"@type":"Organization","@id":"https:\/\/dutchmicrodosing.com\/fr\/#organization","name":"Dutchmicrodosing","url":"https:\/\/dutchmicrodosing.com\/fr\/","logo":{"@type":"ImageObject","inLanguage":"fr-FR","@id":"https:\/\/dutchmicrodosing.com\/fr\/#\/schema\/logo\/image\/","url":"https:\/\/dutchmicrodosing.com\/wp-content\/uploads\/2021\/01\/microdosing-categorie-pic-nieuw.jpg","contentUrl":"https:\/\/dutchmicrodosing.com\/wp-content\/uploads\/2021\/01\/microdosing-categorie-pic-nieuw.jpg","width":500,"height":500,"caption":"Dutchmicrodosing"},"image":{"@id":"https:\/\/dutchmicrodosing.com\/fr\/#\/schema\/logo\/image\/"},"sameAs":["https:\/\/www.facebook.com\/Dutchmicrodosingxp\/","https:\/\/www.instagram.com\/dutchmicrodosing\/"]}]},"product_price_amount":"34.95","product_price_currency":"EUR","og_availability":"instock","product_availability":"instock","product_retailer_item_id":"1203562","product_condition":"new"},"_links":{"self":[{"href":"https:\/\/dutchmicrodosing.com\/fr\/wp-json\/wp\/v2\/product\/4954","targetHints":{"allow":["GET"]}}],"collection":[{"href":"https:\/\/dutchmicrodosing.com\/fr\/wp-json\/wp\/v2\/product"}],"about":[{"href":"https:\/\/dutchmicrodosing.com\/fr\/wp-json\/wp\/v2\/types\/product"}],"replies":[{"embeddable":true,"href":"https:\/\/dutchmicrodosing.com\/fr\/wp-json\/wp\/v2\/comments?post=4954"}],"version-history":[{"count":0,"href":"https:\/\/dutchmicrodosing.com\/fr\/wp-json\/wp\/v2\/product\/4954\/revisions"}],"wp:featuredmedia":[{"embeddable":true,"href":"https:\/\/dutchmicrodosing.com\/fr\/wp-json\/wp\/v2\/media\/3538"}],"wp:attachment":[{"href":"https:\/\/dutchmicrodosing.com\/fr\/wp-json\/wp\/v2\/media?parent=4954"}],"wp:term":[{"taxonomy":"product_brand","embeddable":true,"href":"https:\/\/dutchmicrodosing.com\/fr\/wp-json\/wp\/v2\/product_brand?post=4954"},{"taxonomy":"product_cat","embeddable":true,"href":"https:\/\/dutchmicrodosing.com\/fr\/wp-json\/wp\/v2\/product_cat?post=4954"},{"taxonomy":"product_tag","embeddable":true,"href":"https:\/\/dutchmicrodosing.com\/fr\/wp-json\/wp\/v2\/product_tag?post=4954"}],"curies":[{"name":"wp","href":"https:\/\/api.w.org\/{rel}","templated":true}]}}