{"id":4956,"date":"2021-03-22T19:31:14","date_gmt":"2021-03-22T18:31:14","guid":{"rendered":"https:\/\/dutchmicrodosing.com\/shop\/niet-gecategoriseerd\/criniere-de-lion-hericium-erinaceus-120-caps\/"},"modified":"2026-02-21T18:46:03","modified_gmt":"2026-02-21T17:46:03","slug":"lions-mane-hericium-erinaceus-120-caps","status":"publish","type":"product","link":"https:\/\/dutchmicrodosing.com\/fr\/champignons-medicinaux\/lions-mane-hericium-erinaceus-120-caps\/","title":{"rendered":"Crini\u00e8re de lion (Hericium erinaceus)-120 Caps"},"content":{"rendered":"<p>Lion&rsquo;s Mane by McMyco est un compl\u00e9ment alimentaire utilis\u00e9 pour soutenir votre sant\u00e9. Si vous deviez rencontrer le champignon Lion&rsquo;s Mane dans la for\u00eat, vous verriez un spectacle saisissant : il ressemble \u00e0 une perruque blanche, ou \u00e0 la crini\u00e8re d&rsquo;un lion, poussant sur le tronc d&rsquo;un arbre.  Malheureusement, les chances de le rencontrer dans notre pays ne sont pas grandes, c&rsquo;est une esp\u00e8ce en voie de disparition.<\/p>\n<p>La crini\u00e8re de lion se distingue \u00e9galement par le fait qu&rsquo;elle peut contribuer au maintien de votre sant\u00e9. Vous pourriez l&rsquo;utiliser pour renforcer votre syst\u00e8me immunitaire, entre autres choses. Mais sa force r\u00e9side principalement dans l&rsquo;effet protecteur qu&rsquo;il exerce sur le cerveau.<\/p>\n<h2>A quoi peut servir la crini\u00e8re de lion ?<\/h2>\n<p>La crini\u00e8re de lion est utilis\u00e9e en Asie depuis des si\u00e8cles, tant en cuisine que pour ses propri\u00e9t\u00e9s m\u00e9dicinales. Ce champignon a un go\u00fbt l\u00e9ger et sucr\u00e9, c&rsquo;est pourquoi il est consid\u00e9r\u00e9 comme un mets d\u00e9licat en Extr\u00eame-Orient. Il y est utilis\u00e9 dans toutes sortes de plats, y compris comme substitut de viande.<\/p>\n<p>En Asie, le wigwam est connu pour ses propri\u00e9t\u00e9s protectrices. On dit qu&rsquo;elle est capable de r\u00e9\u00e9quilibrer le corps et l&rsquo;esprit et elle y est utilis\u00e9e pour l&rsquo;agitation, les probl\u00e8mes de sommeil, l&rsquo;anxi\u00e9t\u00e9 et le stress. Il pourrait \u00e9galement avoir un effet positif sur votre concentration.<\/p>\n<p>Le monde m\u00e9dical occidental commence \u00e9galement \u00e0 d\u00e9couvrir de plus en plus ce que les champignons m\u00e9dicinaux ont \u00e0 offrir. De nombreuses recherches sont men\u00e9es sur les propri\u00e9t\u00e9s m\u00e9dicinales des champignons. La crini\u00e8re de lion McMyco&rsquo;s peut \u00e9galement contribuer \u00e0 une bonne sant\u00e9. Vous pourriez l&rsquo;utiliser \u00e0 :<\/p>\n<ul>\n<li>Maladies de l&rsquo;estomac et des intestins<\/li>\n<li>Soutien du syst\u00e8me immunitaire<\/li>\n<li>Affections du syst\u00e8me nerveux et du cerveau<\/li>\n<\/ul>\n<h2>La crini\u00e8re de lion et ses effets sur l&rsquo;organisme<\/h2>\n<h3>Le cerveau<\/h3>\n<p>Avec l&rsquo;\u00e2ge viennent les plaintes, que nous prenons g\u00e9n\u00e9ralement pour acquises. Nous le remarquons notamment dans le mauvais fonctionnement de notre cerveau : les oublis augmentent et nous ne pouvons pas suivre le rythme aussi facilement. Dans les cas graves, les personnes \u00e2g\u00e9es peuvent d\u00e9velopper la maladie d&rsquo;Alzheimer ou de Parkinson. Avec ces maladies, les cellules nerveuses sont endommag\u00e9es et aucune r\u00e9cup\u00e9ration n&rsquo;est possible.<\/p>\n<p>La prise de Lion&rsquo;s Mane peut avoir un effet positif sur le cerveau et les nerfs. Ce champignon semble pouvoir favoriser la production de NGF (facteur de croissance nerveuse) et contient des neuropeptides, qui interviennent dans la pr\u00e9servation et la croissance de la my\u00e9line et des cellules nerveuses. L&rsquo;ambroisie a ainsi un effet protecteur sur les nerfs et pourrait limiter les effets d\u00e9vastateurs des maladies d&rsquo;Alzheimer et de Parkinson.<\/p>\n<h3>En cas de troubles gastriques et intestinaux<\/h3>\n<p>La crini\u00e8re de lion McMyco&rsquo;s peut aider \u00e0 traiter divers troubles gastro-intestinaux. Vous pouvez l&rsquo;utiliser pour les inflammations, les ulc\u00e8res, les infections bact\u00e9riennes et m\u00eame le cancer de l&rsquo;estomac. Les probl\u00e8mes du tractus gastro-intestinal sont souvent caus\u00e9s par des bact\u00e9ries, comme H. Pylori. Ce champignon particulier peut inhiber la croissance de cette bact\u00e9rie et a en m\u00eame temps un effet protecteur sur la paroi de l&rsquo;estomac.<\/p>\n<h3>Soutien du syst\u00e8me immunitaire<\/h3>\n<p>De nombreux champignons contiennent toutes sortes de substances pr\u00e9cieuses. Par exemple, la crini\u00e8re de lion est riche en polysaccharides non lin\u00e9aires. Ce sont des antioxydants qui ont un effet de soutien sur la r\u00e9sistance, car le corps en a besoin comme mat\u00e9riau de construction. Vous pouvez donc utiliser ce compl\u00e9ment pour maintenir votre r\u00e9sistance et vous prot\u00e9ger contre les bact\u00e9ries, les virus et autres parasites.<\/p>\n<h3>McMyco&rsquo;s Lion&rsquo;s Mane facile \u00e0 acheter en ligne<\/h3>\n<p>Si vous souhaitez utiliser la crini\u00e8re de lion pour am\u00e9liorer votre sant\u00e9, il est bon de savoir que ce champignon peut \u00eatre utilis\u00e9 en toute s\u00e9curit\u00e9. Faites attention si vous avez des allergies, en cas de grossesse ou d&rsquo;allaitement. Il est alors conseill\u00e9 de demander conseil \u00e0 votre m\u00e9decin. Achetez ce compl\u00e9ment rapidement et facilement dans notre boutique, dans un paquet de 120 capsules.<\/p>\n<p><strong>Ingr\u00e9dients :<\/strong><\/p>\n<p>Par g\u00e9lule v\u00e9g\u00e9tale : 400 mg d&rsquo;extrait de crini\u00e8re de lion (hericium erinaceus) biologique provenant de 100% de la fructification (champignon). Il s&rsquo;agit d&rsquo;un extrait \u00e0 spectre complet obtenu \u00e0 partir de H2O et d&rsquo;\u00e9thanol. Cela permet de tirer le meilleur parti des organes de fructification. Il contient 30% de polysaccharides et de b\u00eata-glucanes.<\/p>\n<p>Excipients : citrate de magn\u00e9sium et dioxyde de silicium.<br \/>\nPosologie : prendre 1 g\u00e9lule deux fois par jour avec de l&rsquo;eau pendant les repas.<br \/>\nContenu : 120 g\u00e9lules<\/p>\n","protected":false},"excerpt":{"rendered":"<p>Lion&rsquo;s Mane by McMyco est un compl\u00e9ment alimentaire utilis\u00e9 pour soutenir votre sant\u00e9. Si vous deviez rencontrer le champignon Lion&rsquo;s Mane dans la for\u00eat, vous verriez un spectacle saisissant : il ressemble \u00e0 une perruque blanche, ou \u00e0 la crini\u00e8re d&rsquo;un lion, poussant sur le tronc d&rsquo;un arbre. Malheureusement, les chances de le rencontrer dans [&hellip;]<\/p>\n","protected":false},"featured_media":3526,"comment_status":"open","ping_status":"closed","template":"","meta":[],"product_brand":[],"product_cat":[129,291],"product_tag":[],"class_list":{"0":"post-4956","1":"product","2":"type-product","3":"status-publish","4":"has-post-thumbnail","6":"product_cat-champignons-medicinaux","7":"product_cat-supplements-pour-le-systeme-immunitaire","9":"first","10":"instock","11":"taxable","12":"shipping-taxable","13":"purchasable","14":"product-type-simple"},"yoast_head":"<!-- This site is optimized with the Yoast SEO Premium plugin v26.4 (Yoast SEO v27.2) - https:\/\/yoast.com\/product\/yoast-seo-premium-wordpress\/ -->\n<title>Crini\u00e8re de lion (Hericium erinaceus)-120 Caps - Dutchmicrodosing<\/title>\n<meta name=\"robots\" content=\"index, follow, max-snippet:-1, max-image-preview:large, max-video-preview:-1\" \/>\n<link rel=\"canonical\" href=\"https:\/\/dutchmicrodosing.com\/fr\/champignons-medicinaux\/lions-mane-hericium-erinaceus-120-caps\/\" \/>\n<meta property=\"og:locale\" content=\"fr_FR\" \/>\n<meta property=\"og:type\" content=\"article\" \/>\n<meta property=\"og:title\" content=\"Crini\u00e8re de lion (Hericium erinaceus)-120 Caps\" \/>\n<meta property=\"og:description\" content=\"Lion&#039;s Mane by McMyco est un compl\u00e9ment alimentaire utilis\u00e9 pour soutenir votre sant\u00e9. Si vous deviez rencontrer le champignon Lion&#039;s Mane dans la for\u00eat,\" \/>\n<meta property=\"og:url\" content=\"https:\/\/dutchmicrodosing.com\/fr\/champignons-medicinaux\/lions-mane-hericium-erinaceus-120-caps\/\" \/>\n<meta property=\"og:site_name\" content=\"Dutchmicrodosing\" \/>\n<meta property=\"article:publisher\" content=\"https:\/\/www.facebook.com\/Dutchmicrodosingxp\/\" \/>\n<meta property=\"article:modified_time\" content=\"2026-02-21T17:46:03+00:00\" \/>\n<meta property=\"og:image\" content=\"https:\/\/dutchmicrodosing.com\/wp-content\/uploads\/2021\/03\/Lions-mane-2-1.jpg\" \/>\n\t<meta property=\"og:image:width\" content=\"1000\" \/>\n\t<meta property=\"og:image:height\" content=\"1000\" \/>\n\t<meta property=\"og:image:type\" content=\"image\/jpeg\" \/>\n<meta name=\"twitter:card\" content=\"summary_large_image\" \/>\n<script type=\"application\/ld+json\" class=\"yoast-schema-graph\">{\"@context\":\"https:\/\/schema.org\",\"@graph\":[{\"@type\":\"WebPage\",\"@id\":\"https:\/\/dutchmicrodosing.com\/fr\/champignons-medicinaux\/lions-mane-hericium-erinaceus-120-caps\/\",\"url\":\"https:\/\/dutchmicrodosing.com\/fr\/champignons-medicinaux\/lions-mane-hericium-erinaceus-120-caps\/\",\"name\":\"Crini\u00e8re de lion (Hericium erinaceus)-120 Caps - Dutchmicrodosing\",\"isPartOf\":{\"@id\":\"https:\/\/dutchmicrodosing.com\/fr\/#website\"},\"primaryImageOfPage\":{\"@id\":\"https:\/\/dutchmicrodosing.com\/fr\/champignons-medicinaux\/lions-mane-hericium-erinaceus-120-caps\/#primaryimage\"},\"image\":{\"@id\":\"https:\/\/dutchmicrodosing.com\/fr\/champignons-medicinaux\/lions-mane-hericium-erinaceus-120-caps\/#primaryimage\"},\"thumbnailUrl\":\"https:\/\/dutchmicrodosing.com\/wp-content\/uploads\/2021\/03\/Lions-mane-2-1.jpg\",\"datePublished\":\"2021-03-22T18:31:14+00:00\",\"dateModified\":\"2026-02-21T17:46:03+00:00\",\"breadcrumb\":{\"@id\":\"https:\/\/dutchmicrodosing.com\/fr\/champignons-medicinaux\/lions-mane-hericium-erinaceus-120-caps\/#breadcrumb\"},\"inLanguage\":\"fr-FR\",\"potentialAction\":[{\"@type\":\"ReadAction\",\"target\":[\"https:\/\/dutchmicrodosing.com\/fr\/champignons-medicinaux\/lions-mane-hericium-erinaceus-120-caps\/\"]}]},{\"@type\":\"ImageObject\",\"inLanguage\":\"fr-FR\",\"@id\":\"https:\/\/dutchmicrodosing.com\/fr\/champignons-medicinaux\/lions-mane-hericium-erinaceus-120-caps\/#primaryimage\",\"url\":\"https:\/\/dutchmicrodosing.com\/wp-content\/uploads\/2021\/03\/Lions-mane-2-1.jpg\",\"contentUrl\":\"https:\/\/dutchmicrodosing.com\/wp-content\/uploads\/2021\/03\/Lions-mane-2-1.jpg\",\"width\":1000,\"height\":1000},{\"@type\":\"BreadcrumbList\",\"@id\":\"https:\/\/dutchmicrodosing.com\/fr\/champignons-medicinaux\/lions-mane-hericium-erinaceus-120-caps\/#breadcrumb\",\"itemListElement\":[{\"@type\":\"ListItem\",\"position\":1,\"name\":\"Home\",\"item\":\"https:\/\/dutchmicrodosing.com\/fr\/\"},{\"@type\":\"ListItem\",\"position\":2,\"name\":\"Boutique\",\"item\":\"https:\/\/dutchmicrodosing.com\/fr\/boutique\/\"},{\"@type\":\"ListItem\",\"position\":3,\"name\":\"Crini\u00e8re de lion (Hericium erinaceus)-120 Caps\"}]},{\"@type\":\"WebSite\",\"@id\":\"https:\/\/dutchmicrodosing.com\/fr\/#website\",\"url\":\"https:\/\/dutchmicrodosing.com\/fr\/\",\"name\":\"Dutchmicrodosing\",\"description\":\"\",\"publisher\":{\"@id\":\"https:\/\/dutchmicrodosing.com\/fr\/#organization\"},\"potentialAction\":[{\"@type\":\"SearchAction\",\"target\":{\"@type\":\"EntryPoint\",\"urlTemplate\":\"https:\/\/dutchmicrodosing.com\/fr\/?s={search_term_string}\"},\"query-input\":{\"@type\":\"PropertyValueSpecification\",\"valueRequired\":true,\"valueName\":\"search_term_string\"}}],\"inLanguage\":\"fr-FR\"},{\"@type\":\"Organization\",\"@id\":\"https:\/\/dutchmicrodosing.com\/fr\/#organization\",\"name\":\"Dutchmicrodosing\",\"url\":\"https:\/\/dutchmicrodosing.com\/fr\/\",\"logo\":{\"@type\":\"ImageObject\",\"inLanguage\":\"fr-FR\",\"@id\":\"https:\/\/dutchmicrodosing.com\/fr\/#\/schema\/logo\/image\/\",\"url\":\"https:\/\/dutchmicrodosing.com\/wp-content\/uploads\/2021\/01\/microdosing-categorie-pic-nieuw.jpg\",\"contentUrl\":\"https:\/\/dutchmicrodosing.com\/wp-content\/uploads\/2021\/01\/microdosing-categorie-pic-nieuw.jpg\",\"width\":500,\"height\":500,\"caption\":\"Dutchmicrodosing\"},\"image\":{\"@id\":\"https:\/\/dutchmicrodosing.com\/fr\/#\/schema\/logo\/image\/\"},\"sameAs\":[\"https:\/\/www.facebook.com\/Dutchmicrodosingxp\/\",\"https:\/\/www.instagram.com\/dutchmicrodosing\/\"]}]}<\/script>\n<meta property=\"product:price:amount\" content=\"34.95\" \/>\n<meta property=\"product:price:currency\" content=\"EUR\" \/>\n<meta property=\"og:availability\" content=\"instock\" \/>\n<meta property=\"product:availability\" content=\"instock\" \/>\n<meta property=\"product:retailer_item_id\" content=\"1203592\" \/>\n<meta property=\"product:condition\" content=\"new\" \/>\n<!-- \/ Yoast SEO Premium plugin. -->","yoast_head_json":{"title":"Crini\u00e8re de lion (Hericium erinaceus)-120 Caps - Dutchmicrodosing","robots":{"index":"index","follow":"follow","max-snippet":"max-snippet:-1","max-image-preview":"max-image-preview:large","max-video-preview":"max-video-preview:-1"},"canonical":"https:\/\/dutchmicrodosing.com\/fr\/champignons-medicinaux\/lions-mane-hericium-erinaceus-120-caps\/","og_locale":"fr_FR","og_type":"article","og_title":"Crini\u00e8re de lion (Hericium erinaceus)-120 Caps","og_description":"Lion's Mane by McMyco est un compl\u00e9ment alimentaire utilis\u00e9 pour soutenir votre sant\u00e9. Si vous deviez rencontrer le champignon Lion's Mane dans la for\u00eat,","og_url":"https:\/\/dutchmicrodosing.com\/fr\/champignons-medicinaux\/lions-mane-hericium-erinaceus-120-caps\/","og_site_name":"Dutchmicrodosing","article_publisher":"https:\/\/www.facebook.com\/Dutchmicrodosingxp\/","article_modified_time":"2026-02-21T17:46:03+00:00","og_image":[{"width":1000,"height":1000,"url":"https:\/\/dutchmicrodosing.com\/wp-content\/uploads\/2021\/03\/Lions-mane-2-1.jpg","type":"image\/jpeg"}],"twitter_card":"summary_large_image","schema":{"@context":"https:\/\/schema.org","@graph":[{"@type":"WebPage","@id":"https:\/\/dutchmicrodosing.com\/fr\/champignons-medicinaux\/lions-mane-hericium-erinaceus-120-caps\/","url":"https:\/\/dutchmicrodosing.com\/fr\/champignons-medicinaux\/lions-mane-hericium-erinaceus-120-caps\/","name":"Crini\u00e8re de lion (Hericium erinaceus)-120 Caps - Dutchmicrodosing","isPartOf":{"@id":"https:\/\/dutchmicrodosing.com\/fr\/#website"},"primaryImageOfPage":{"@id":"https:\/\/dutchmicrodosing.com\/fr\/champignons-medicinaux\/lions-mane-hericium-erinaceus-120-caps\/#primaryimage"},"image":{"@id":"https:\/\/dutchmicrodosing.com\/fr\/champignons-medicinaux\/lions-mane-hericium-erinaceus-120-caps\/#primaryimage"},"thumbnailUrl":"https:\/\/dutchmicrodosing.com\/wp-content\/uploads\/2021\/03\/Lions-mane-2-1.jpg","datePublished":"2021-03-22T18:31:14+00:00","dateModified":"2026-02-21T17:46:03+00:00","breadcrumb":{"@id":"https:\/\/dutchmicrodosing.com\/fr\/champignons-medicinaux\/lions-mane-hericium-erinaceus-120-caps\/#breadcrumb"},"inLanguage":"fr-FR","potentialAction":[{"@type":"ReadAction","target":["https:\/\/dutchmicrodosing.com\/fr\/champignons-medicinaux\/lions-mane-hericium-erinaceus-120-caps\/"]}]},{"@type":"ImageObject","inLanguage":"fr-FR","@id":"https:\/\/dutchmicrodosing.com\/fr\/champignons-medicinaux\/lions-mane-hericium-erinaceus-120-caps\/#primaryimage","url":"https:\/\/dutchmicrodosing.com\/wp-content\/uploads\/2021\/03\/Lions-mane-2-1.jpg","contentUrl":"https:\/\/dutchmicrodosing.com\/wp-content\/uploads\/2021\/03\/Lions-mane-2-1.jpg","width":1000,"height":1000},{"@type":"BreadcrumbList","@id":"https:\/\/dutchmicrodosing.com\/fr\/champignons-medicinaux\/lions-mane-hericium-erinaceus-120-caps\/#breadcrumb","itemListElement":[{"@type":"ListItem","position":1,"name":"Home","item":"https:\/\/dutchmicrodosing.com\/fr\/"},{"@type":"ListItem","position":2,"name":"Boutique","item":"https:\/\/dutchmicrodosing.com\/fr\/boutique\/"},{"@type":"ListItem","position":3,"name":"Crini\u00e8re de lion (Hericium erinaceus)-120 Caps"}]},{"@type":"WebSite","@id":"https:\/\/dutchmicrodosing.com\/fr\/#website","url":"https:\/\/dutchmicrodosing.com\/fr\/","name":"Dutchmicrodosing","description":"","publisher":{"@id":"https:\/\/dutchmicrodosing.com\/fr\/#organization"},"potentialAction":[{"@type":"SearchAction","target":{"@type":"EntryPoint","urlTemplate":"https:\/\/dutchmicrodosing.com\/fr\/?s={search_term_string}"},"query-input":{"@type":"PropertyValueSpecification","valueRequired":true,"valueName":"search_term_string"}}],"inLanguage":"fr-FR"},{"@type":"Organization","@id":"https:\/\/dutchmicrodosing.com\/fr\/#organization","name":"Dutchmicrodosing","url":"https:\/\/dutchmicrodosing.com\/fr\/","logo":{"@type":"ImageObject","inLanguage":"fr-FR","@id":"https:\/\/dutchmicrodosing.com\/fr\/#\/schema\/logo\/image\/","url":"https:\/\/dutchmicrodosing.com\/wp-content\/uploads\/2021\/01\/microdosing-categorie-pic-nieuw.jpg","contentUrl":"https:\/\/dutchmicrodosing.com\/wp-content\/uploads\/2021\/01\/microdosing-categorie-pic-nieuw.jpg","width":500,"height":500,"caption":"Dutchmicrodosing"},"image":{"@id":"https:\/\/dutchmicrodosing.com\/fr\/#\/schema\/logo\/image\/"},"sameAs":["https:\/\/www.facebook.com\/Dutchmicrodosingxp\/","https:\/\/www.instagram.com\/dutchmicrodosing\/"]}]},"product_price_amount":"34.95","product_price_currency":"EUR","og_availability":"instock","product_availability":"instock","product_retailer_item_id":"1203592","product_condition":"new"},"_links":{"self":[{"href":"https:\/\/dutchmicrodosing.com\/fr\/wp-json\/wp\/v2\/product\/4956","targetHints":{"allow":["GET"]}}],"collection":[{"href":"https:\/\/dutchmicrodosing.com\/fr\/wp-json\/wp\/v2\/product"}],"about":[{"href":"https:\/\/dutchmicrodosing.com\/fr\/wp-json\/wp\/v2\/types\/product"}],"replies":[{"embeddable":true,"href":"https:\/\/dutchmicrodosing.com\/fr\/wp-json\/wp\/v2\/comments?post=4956"}],"version-history":[{"count":0,"href":"https:\/\/dutchmicrodosing.com\/fr\/wp-json\/wp\/v2\/product\/4956\/revisions"}],"wp:featuredmedia":[{"embeddable":true,"href":"https:\/\/dutchmicrodosing.com\/fr\/wp-json\/wp\/v2\/media\/3526"}],"wp:attachment":[{"href":"https:\/\/dutchmicrodosing.com\/fr\/wp-json\/wp\/v2\/media?parent=4956"}],"wp:term":[{"taxonomy":"product_brand","embeddable":true,"href":"https:\/\/dutchmicrodosing.com\/fr\/wp-json\/wp\/v2\/product_brand?post=4956"},{"taxonomy":"product_cat","embeddable":true,"href":"https:\/\/dutchmicrodosing.com\/fr\/wp-json\/wp\/v2\/product_cat?post=4956"},{"taxonomy":"product_tag","embeddable":true,"href":"https:\/\/dutchmicrodosing.com\/fr\/wp-json\/wp\/v2\/product_tag?post=4956"}],"curies":[{"name":"wp","href":"https:\/\/api.w.org\/{rel}","templated":true}]}}