{"id":4957,"date":"2021-03-08T17:17:37","date_gmt":"2021-05-04T18:58:53","guid":{"rendered":"https:\/\/dutchmicrodosing.com\/shop\/niet-gecategoriseerd\/cambodian-xp-2\/"},"modified":"2024-01-16T14:51:08","modified_gmt":"2024-01-16T13:51:08","slug":"cambodgien-xp","status":"publish","type":"product","link":"https:\/\/dutchmicrodosing.com\/fr\/champignons-magiques\/kits-de-culture-fresh-mushroom\/cambodgien-xp\/","title":{"rendered":"Cambodian XP"},"content":{"rendered":"<p>Pour un trip moyennement fort avec des le\u00e7ons philosophiques, choisissez le <strong>kit de culture Fresh Mushrooms Cambodian XP.<\/strong> Avez-vous d\u00e9j\u00e0 utilis\u00e9 des champignons magiques et cherchez-vous quelque chose de plus ? Alors vous \u00eates pr\u00eat pour le Cambodgien. Les effets psych\u00e9d\u00e9liques sont moyennement forts et bien \u00e9quilibr\u00e9s. Ils conviennent donc aux d\u00e9butants et aux psychonautes plus exp\u00e9riment\u00e9s.<\/p>\n<h2>Cultiver ses propres champignons cambodgiens \u00e0 la maison<\/h2>\n<p>Avec un kit de culture, vous pouvez faire pousser vos propres champignons cambodgiens chez vous. Ce n&rsquo;est pas difficile, surtout si vous choisissez le kit de culture Fresh Mushrooms. Il facilite la culture des champignons. De plus, le Psilocybe Cubensis Cambodian est un champignon magique tr\u00e8s rustique, qui pousse rapidement et \u00e9merge presque toujours. Dans le kit de culture, vous trouverez tout ce dont vous avez besoin pour commencer votre culture. Si vous utilisez les champignons magiques, vous vivrez certainement une exp\u00e9rience merveilleuse. Des effets visuels sont possibles, mais l&rsquo;effet affectera \u00e9galement votre pens\u00e9e, vous amenant \u00e0 avoir des r\u00e9flexions philosophiques sur la vie.<\/p>\n<h2>Effets des champignons magiques cambodgiens<\/h2>\n<p>Les champignons cambodgiens peuvent provoquer des hallucinations visuelles. Les utilisateurs remarquent des effets de lumi\u00e8re, les couleurs sont plus vives et parfois les objets sont d\u00e9form\u00e9s. Ces effets visuels peuvent \u00eatre qualifi\u00e9s de l\u00e9gers. Vous pouvez \u00e9galement commencer \u00e0 entendre les sons diff\u00e9remment. Mais les champignons magiques cambodgiens sont surtout connus pour leur influence philosophique : il arrive souvent que les gens aient des id\u00e9es sp\u00e9ciales, sur eux-m\u00eames ou sur la vie. Vous vous sentez cr\u00e9atif et inspir\u00e9.<\/p>\n<p>Vous pouvez aussi perdre la notion du temps. En outre, ce champignon magique peut vous donner un sentiment d&rsquo;euphorie. Il est \u00e9galement possible que vous ayez des difficult\u00e9s \u00e0 parler, ce qui signifie que vous ne pouvez pas prononcer les mots et les phrases aussi bien. Le champignon cambodgien est moyennement fort et nous le recommandons aux personnes qui ont d\u00e9j\u00e0 tr\u00e9buch\u00e9 une ou deux fois.<\/p>\n<h2>Le champignon cambodgien : d&rsquo;o\u00f9 vient-il ?<\/h2>\n<p>Le champignon cambodgien est originaire du Cambodge et a \u00e9t\u00e9 d\u00e9couvert par le mycologue John Allen lors d&rsquo;un voyage dans ce pays. Il a trouv\u00e9 le champignon pr\u00e8s du c\u00e9l\u00e8bre temple d&rsquo;Angkor Watt. Bien que le monde occidental n&rsquo;ait \u00e9t\u00e9 familiaris\u00e9 qu&rsquo;avec les effets de l&rsquo;expansion de l&rsquo;esprit, la population d&rsquo;origine connaissait tr\u00e8s bien les propri\u00e9t\u00e9s du champignon. Ils l&rsquo;ont utilis\u00e9 pendant des si\u00e8cles lors de rituels pour entrer en contact avec les esprits.<\/p>\n<h2>Kit de culture manuelle cambodgienne<\/h2>\n<p><a href=\"https:\/\/dutchmicrodosing.fr\/growkit_manual\/\">T\u00e9l\u00e9charger ici : Manuel du kit de culture de champignons frais<\/a><\/p>\n<ol>\n<li>Sortez le kit de culture, le sac en plastique et le trombone de la bo\u00eete. Retirez le couvercle du kit de culture (conservez le couvercle dans un endroit s\u00fbr). Rincez le couvercle \u00e0 l&rsquo;eau courante. Vous en aurez \u00e0 nouveau besoin plus tard.<\/li>\n<li>Placez le kit de culture sans couvercle dans le sac en plastique fourni. Faites glisser l&rsquo;ouverture du sac sous le fond avec la micro perforation vers le haut. L&rsquo;ouverture du sac est maintenant largement ferm\u00e9e. Il n&rsquo;y a pas lieu de s&rsquo;inqui\u00e9ter de la circulation de l&rsquo;air.<\/li>\n<li>D\u00e8s que vous voyez des petites boules pousser, vous pouvez commencer \u00e0 redresser le sac. Ne pas arroser. Les premiers champignons seront visibles apr\u00e8s environ une semaine.<\/li>\n<li>Placez le kit de culture dans un endroit suffisamment \u00e9clair\u00e9 par la lumi\u00e8re du jour et \u00e0 une temp\u00e9rature comprise entre 18 \u00b0C et 28 \u00b0C. Ne placez JAMAIS le set de culture en plein soleil. Bien que les champignons poussent \u00e0 presque toutes les temp\u00e9ratures sup\u00e9rieures \u00e0 15 \u00b0C, 23 \u00b0C est la temp\u00e9rature id\u00e9ale pour une r\u00e9colte optimale. Des tapis chauffants sp\u00e9ciaux sont disponibles pour garantir cette temp\u00e9rature et ne pas avoir \u00e0 chauffer toute la pi\u00e8ce.<\/li>\n<li>\u00c0 partir de ce stade, laissez le sac l\u00e9g\u00e8rement ouvert en permanence, afin que l&rsquo;humidit\u00e9 puisse s&rsquo;\u00e9vaporer un peu. Un exc\u00e8s d&rsquo;humidit\u00e9 n&rsquo;est pas bon. Votre premi\u00e8re r\u00e9colte aura lieu environ une semaine apr\u00e8s l&rsquo;apparition des premiers bulbes. Veillez \u00e0 r\u00e9colter avant que les premi\u00e8res spores ne tombent !<\/li>\n<li>Ces ensembles produisent de multiples r\u00e9coltes de champignons. Pour ce faire, remplissez le kit avec de l&rsquo;eau du robinet propre apr\u00e8s la premi\u00e8re r\u00e9colte. Ce processus, connu sous le nom de choc froid, insuffle une nouvelle vie au myc\u00e9lium et garantit une humidit\u00e9 suffisante pour la croissance des champignons.<\/li>\n<li>Replacez le couvercle du kit de culture sur le kit. Laissez l&rsquo;ensemble reposer pendant 12 heures. Ouvrez un coin du couvercle et laissez l&rsquo;exc\u00e9dent d&rsquo;eau s&rsquo;\u00e9couler. A partir de l\u00e0, vous pouvez suivre \u00e0 nouveau les instructions de l&rsquo;\u00e9tape 1. Ce processus peut \u00eatre r\u00e9p\u00e9t\u00e9 plusieurs fois.<\/li>\n<\/ol>\n<div>\n<h2>La r\u00e9colte de vos champignons frais Kit de culture de champignons<\/h2>\n<p>Les kits de culture de champignons frais produisent leur premi\u00e8re r\u00e9colte assez rapidement. Apr\u00e8s une semaine, les premiers bourgeons sont d\u00e9j\u00e0 visibles. Les temp\u00e9ratures basses et \u00e9lev\u00e9es peuvent ralentir quelque peu ce processus de croissance. Une fois que les bourgeons sont visibles, il faut g\u00e9n\u00e9ralement une semaine pour que les champignons se d\u00e9veloppent pleinement.<\/p>\n<p>Le moment de la r\u00e9colte est extr\u00eamement important. Lorsque les membranes sous les chapeaux sont encore serr\u00e9es, mais risquent d&rsquo;\u00e9clater ou de se d\u00e9tacher sous l&rsquo;effet de la force des chapeaux, il est temps de r\u00e9colter.<\/p>\n<\/div>\n<h3>Quelle quantit\u00e9 devez-vous prendre ?<\/h3>\n<p>Nous conseillons toujours aux d\u00e9butants d&rsquo;\u00eatre prudents avec le dosage des champignons magiques. Si vous n&rsquo;avez jamais tr\u00e9buch\u00e9 auparavant, vous devez prendre une dose plus faible que si vous \u00eates d\u00e9j\u00e0 exp\u00e9riment\u00e9. Plus vous en prenez, plus le pourboire est lourd. Lors du dosage, il est \u00e9galement important de conna\u00eetre votre poids et de savoir si vous avez quelque chose dans l&rsquo;estomac. Les lignes directrices ci-dessous peuvent vous aider dans votre d\u00e9marche :<\/p>\n<ul>\n<li>Microdosage : 0,2 gramme de champignons s\u00e9ch\u00e9s | 2 grammes de champignons frais<\/li>\n<li>Trip l\u00e9ger : 1 gramme de champignons s\u00e9ch\u00e9s | 9 grammes de champignons frais<\/li>\n<li>Voyage normal : 2 grammes de champignons s\u00e9ch\u00e9s | 21 grammes de champignons frais<\/li>\n<li>Voyage intense : 3,5 grammes de champignons s\u00e9ch\u00e9s | 35 grammes de champignons frais<\/li>\n<\/ul>\n<p>Le trip aux champignons magiques est une exp\u00e9rience personnelle. Chacun r\u00e9agit diff\u00e9remment, et ce qui est confortable pour une personne ne l&rsquo;est pas pour une autre. Ne vous laissez pas convaincre de faire quelque chose qui ne vous semble pas juste. Champignons frais Les champignons XP cambodgiens peuvent \u00eatre consomm\u00e9s crus ou s\u00e9ch\u00e9s. Vous pouvez \u00e9galement pr\u00e9parer du th\u00e9 aux champignons magiques. Faites bouillir de l&rsquo;eau, laissez-la refroidir un peu et versez-la sur les champignons. Laissez le th\u00e9 infuser pendant 20 minutes, puis buvez-le.<\/p>\n<h3>Pr\u00e9parer votre voyage<\/h3>\n<p>Avant de commencer \u00e0 tr\u00e9bucher, vous pouvez penser au d\u00e9cor et au cadre. Cela signifie que vous devez d&rsquo;abord d\u00e9cider de l&rsquo;endroit o\u00f9 vous allez voyager : dans votre propre maison ou chez des amis ? Et qui sera l\u00e0 ? Choisissez un endroit o\u00f9 vous vous sentez d\u00e9tendu et entourez-vous de personnes en qui vous avez confiance. Examinez \u00e9galement votre propre \u00e9tat mental et \u00e9motionnel. Si vous \u00eates agit\u00e9, effray\u00e9 ou en col\u00e8re, cela peut avoir un effet n\u00e9gatif sur votre voyage.<\/p>\n<p>Ayez un tripteur avec vous. Cette personne reste sobre et ne consomme donc ni alcool ni drogue. Si vous prenez les champignons cambodgiens, le tripteur sera l\u00e0 pour vous aider en cas de besoin. C&rsquo;est agr\u00e9able, quand le voyage est un peu lourd, qu&rsquo;il y ait quelqu&rsquo;un qui puisse vous rassurer. Pr\u00e9voyez \u00e9galement un trip stopper, cela peut faire diminuer les effets du champignon plus rapidement.<\/p>\n<h2>Achetez votre kit de culture de champignons XP cambodgiens en ligne<\/h2>\n<p>Vous \u00eates \u00e0 la recherche d&rsquo;un champignon sympa avec lequel vous pourrez faire un bon voyage ? Si vous \u00eates d\u00e9butant ou si vous avez d\u00e9j\u00e0 de l&rsquo;exp\u00e9rience, alors le XP cambodgien est id\u00e9al. Commandez votre propre kit de culture dans notre boutique en ligne, afin de pouvoir facilement les cultiver chez vous et d\u00e9couvrir par vous-m\u00eame ce que ce champignon a \u00e0 vous apprendre. Le kit de culture vous est envoy\u00e9 dans un emballage s\u00fbr et neutre.<\/p>\n","protected":false},"excerpt":{"rendered":"<p>Pour un trip moyennement fort avec des le\u00e7ons philosophiques, choisissez le kit de culture Fresh Mushrooms Cambodian XP. Avez-vous d\u00e9j\u00e0 utilis\u00e9 des champignons magiques et cherchez-vous quelque chose de plus ? Alors vous \u00eates pr\u00eat pour le Cambodgien. Les effets psych\u00e9d\u00e9liques sont moyennement forts et bien \u00e9quilibr\u00e9s. Ils conviennent donc aux d\u00e9butants et aux psychonautes [&hellip;]<\/p>\n","protected":false},"featured_media":3570,"comment_status":"open","ping_status":"closed","template":"","meta":[],"product_brand":[],"product_cat":[130],"product_tag":[],"class_list":{"0":"post-4957","1":"product","2":"type-product","3":"status-publish","4":"has-post-thumbnail","6":"product_cat-kits-de-culture-fresh-mushroom","8":"first","9":"instock","10":"taxable","11":"shipping-taxable","12":"purchasable","13":"product-type-simple"},"yoast_head":"<!-- This site is optimized with the Yoast SEO Premium plugin v26.4 (Yoast SEO v27.4) - https:\/\/yoast.com\/product\/yoast-seo-premium-wordpress\/ -->\n<title>Achetez votre kit de culture de champignons XP cambodgiens en ligne | Livraison discr\u00e8te<\/title>\n<meta name=\"description\" content=\"Vous \u00eates \u00e0 la recherche d&#039;un champignon sympa avec lequel vous pourrez faire un bon voyage ? Si vous \u00eates d\u00e9butant ou si vous avez d\u00e9j\u00e0 une certaine exp\u00e9rience, alors le XP cambodgien est le champignon id\u00e9al.\" \/>\n<meta name=\"robots\" content=\"index, follow, max-snippet:-1, max-image-preview:large, max-video-preview:-1\" \/>\n<link rel=\"canonical\" href=\"https:\/\/dutchmicrodosing.com\/fr\/champignons-magiques\/kits-de-culture-fresh-mushroom\/cambodgien-xp\/\" \/>\n<meta property=\"og:locale\" content=\"fr_FR\" \/>\n<meta property=\"og:type\" content=\"article\" \/>\n<meta property=\"og:title\" content=\"Cambodian XP\" \/>\n<meta property=\"og:description\" content=\"Pour un trip moyennement fort avec des le\u00e7ons philosophiques, choisissez le kit de culture Fresh Mushrooms Cambodian XP. Avez-vous d\u00e9j\u00e0 utilis\u00e9 des\" \/>\n<meta property=\"og:url\" content=\"https:\/\/dutchmicrodosing.com\/fr\/champignons-magiques\/kits-de-culture-fresh-mushroom\/cambodgien-xp\/\" \/>\n<meta property=\"og:site_name\" content=\"Dutchmicrodosing\" \/>\n<meta property=\"article:publisher\" content=\"https:\/\/www.facebook.com\/Dutchmicrodosingxp\/\" \/>\n<meta property=\"article:modified_time\" content=\"2024-01-16T13:51:08+00:00\" \/>\n<meta property=\"og:image\" content=\"https:\/\/dutchmicrodosing.com\/wp-content\/uploads\/2021\/02\/Cabodian-xp.jpg\" \/>\n\t<meta property=\"og:image:width\" content=\"500\" \/>\n\t<meta property=\"og:image:height\" content=\"500\" \/>\n\t<meta property=\"og:image:type\" content=\"image\/jpeg\" \/>\n<meta name=\"twitter:card\" content=\"summary_large_image\" \/>\n<script type=\"application\/ld+json\" class=\"yoast-schema-graph\">{\"@context\":\"https:\\\/\\\/schema.org\",\"@graph\":[{\"@type\":\"WebPage\",\"@id\":\"https:\\\/\\\/dutchmicrodosing.com\\\/fr\\\/champignons-magiques\\\/kits-de-culture-fresh-mushroom\\\/cambodgien-xp\\\/\",\"url\":\"https:\\\/\\\/dutchmicrodosing.com\\\/fr\\\/champignons-magiques\\\/kits-de-culture-fresh-mushroom\\\/cambodgien-xp\\\/\",\"name\":\"Achetez votre kit de culture de champignons XP cambodgiens en ligne | Livraison discr\u00e8te\",\"isPartOf\":{\"@id\":\"https:\\\/\\\/dutchmicrodosing.com\\\/fr\\\/#website\"},\"primaryImageOfPage\":{\"@id\":\"https:\\\/\\\/dutchmicrodosing.com\\\/fr\\\/champignons-magiques\\\/kits-de-culture-fresh-mushroom\\\/cambodgien-xp\\\/#primaryimage\"},\"image\":{\"@id\":\"https:\\\/\\\/dutchmicrodosing.com\\\/fr\\\/champignons-magiques\\\/kits-de-culture-fresh-mushroom\\\/cambodgien-xp\\\/#primaryimage\"},\"thumbnailUrl\":\"https:\\\/\\\/dutchmicrodosing.com\\\/wp-content\\\/uploads\\\/2021\\\/02\\\/Cabodian-xp.jpg\",\"datePublished\":\"2021-05-04T18:58:53+00:00\",\"dateModified\":\"2024-01-16T13:51:08+00:00\",\"description\":\"Vous \u00eates \u00e0 la recherche d'un champignon sympa avec lequel vous pourrez faire un bon voyage ? Si vous \u00eates d\u00e9butant ou si vous avez d\u00e9j\u00e0 une certaine exp\u00e9rience, alors le XP cambodgien est le champignon id\u00e9al.\",\"breadcrumb\":{\"@id\":\"https:\\\/\\\/dutchmicrodosing.com\\\/fr\\\/champignons-magiques\\\/kits-de-culture-fresh-mushroom\\\/cambodgien-xp\\\/#breadcrumb\"},\"inLanguage\":\"fr-FR\",\"potentialAction\":[{\"@type\":\"ReadAction\",\"target\":[\"https:\\\/\\\/dutchmicrodosing.com\\\/fr\\\/champignons-magiques\\\/kits-de-culture-fresh-mushroom\\\/cambodgien-xp\\\/\"]}]},{\"@type\":\"ImageObject\",\"inLanguage\":\"fr-FR\",\"@id\":\"https:\\\/\\\/dutchmicrodosing.com\\\/fr\\\/champignons-magiques\\\/kits-de-culture-fresh-mushroom\\\/cambodgien-xp\\\/#primaryimage\",\"url\":\"https:\\\/\\\/dutchmicrodosing.com\\\/wp-content\\\/uploads\\\/2021\\\/02\\\/Cabodian-xp.jpg\",\"contentUrl\":\"https:\\\/\\\/dutchmicrodosing.com\\\/wp-content\\\/uploads\\\/2021\\\/02\\\/Cabodian-xp.jpg\",\"width\":500,\"height\":500},{\"@type\":\"BreadcrumbList\",\"@id\":\"https:\\\/\\\/dutchmicrodosing.com\\\/fr\\\/champignons-magiques\\\/kits-de-culture-fresh-mushroom\\\/cambodgien-xp\\\/#breadcrumb\",\"itemListElement\":[{\"@type\":\"ListItem\",\"position\":1,\"name\":\"Home\",\"item\":\"https:\\\/\\\/dutchmicrodosing.com\\\/fr\\\/\"},{\"@type\":\"ListItem\",\"position\":2,\"name\":\"Boutique\",\"item\":\"https:\\\/\\\/dutchmicrodosing.com\\\/fr\\\/boutique\\\/\"},{\"@type\":\"ListItem\",\"position\":3,\"name\":\"Cambodian XP\"}]},{\"@type\":\"WebSite\",\"@id\":\"https:\\\/\\\/dutchmicrodosing.com\\\/fr\\\/#website\",\"url\":\"https:\\\/\\\/dutchmicrodosing.com\\\/fr\\\/\",\"name\":\"Dutchmicrodosing\",\"description\":\"\",\"publisher\":{\"@id\":\"https:\\\/\\\/dutchmicrodosing.com\\\/fr\\\/#organization\"},\"potentialAction\":[{\"@type\":\"SearchAction\",\"target\":{\"@type\":\"EntryPoint\",\"urlTemplate\":\"https:\\\/\\\/dutchmicrodosing.com\\\/fr\\\/?s={search_term_string}\"},\"query-input\":{\"@type\":\"PropertyValueSpecification\",\"valueRequired\":true,\"valueName\":\"search_term_string\"}}],\"inLanguage\":\"fr-FR\"},{\"@type\":\"Organization\",\"@id\":\"https:\\\/\\\/dutchmicrodosing.com\\\/fr\\\/#organization\",\"name\":\"Dutchmicrodosing\",\"url\":\"https:\\\/\\\/dutchmicrodosing.com\\\/fr\\\/\",\"logo\":{\"@type\":\"ImageObject\",\"inLanguage\":\"fr-FR\",\"@id\":\"https:\\\/\\\/dutchmicrodosing.com\\\/fr\\\/#\\\/schema\\\/logo\\\/image\\\/\",\"url\":\"https:\\\/\\\/dutchmicrodosing.com\\\/wp-content\\\/uploads\\\/2021\\\/01\\\/microdosing-categorie-pic-nieuw.jpg\",\"contentUrl\":\"https:\\\/\\\/dutchmicrodosing.com\\\/wp-content\\\/uploads\\\/2021\\\/01\\\/microdosing-categorie-pic-nieuw.jpg\",\"width\":500,\"height\":500,\"caption\":\"Dutchmicrodosing\"},\"image\":{\"@id\":\"https:\\\/\\\/dutchmicrodosing.com\\\/fr\\\/#\\\/schema\\\/logo\\\/image\\\/\"},\"sameAs\":[\"https:\\\/\\\/www.facebook.com\\\/Dutchmicrodosingxp\\\/\",\"https:\\\/\\\/www.instagram.com\\\/dutchmicrodosing\\\/\"]}]}<\/script>\n<meta property=\"product:price:amount\" content=\"39.95\" \/>\n<meta property=\"product:price:currency\" content=\"EUR\" \/>\n<meta property=\"og:availability\" content=\"instock\" \/>\n<meta property=\"product:availability\" content=\"instock\" \/>\n<meta property=\"product:retailer_item_id\" content=\"0208957\" \/>\n<meta property=\"product:condition\" content=\"new\" \/>\n<!-- \/ Yoast SEO Premium plugin. -->","yoast_head_json":{"title":"Achetez votre kit de culture de champignons XP cambodgiens en ligne | Livraison discr\u00e8te","description":"Vous \u00eates \u00e0 la recherche d'un champignon sympa avec lequel vous pourrez faire un bon voyage ? Si vous \u00eates d\u00e9butant ou si vous avez d\u00e9j\u00e0 une certaine exp\u00e9rience, alors le XP cambodgien est le champignon id\u00e9al.","robots":{"index":"index","follow":"follow","max-snippet":"max-snippet:-1","max-image-preview":"max-image-preview:large","max-video-preview":"max-video-preview:-1"},"canonical":"https:\/\/dutchmicrodosing.com\/fr\/champignons-magiques\/kits-de-culture-fresh-mushroom\/cambodgien-xp\/","og_locale":"fr_FR","og_type":"article","og_title":"Cambodian XP","og_description":"Pour un trip moyennement fort avec des le\u00e7ons philosophiques, choisissez le kit de culture Fresh Mushrooms Cambodian XP. Avez-vous d\u00e9j\u00e0 utilis\u00e9 des","og_url":"https:\/\/dutchmicrodosing.com\/fr\/champignons-magiques\/kits-de-culture-fresh-mushroom\/cambodgien-xp\/","og_site_name":"Dutchmicrodosing","article_publisher":"https:\/\/www.facebook.com\/Dutchmicrodosingxp\/","article_modified_time":"2024-01-16T13:51:08+00:00","og_image":[{"width":500,"height":500,"url":"https:\/\/dutchmicrodosing.com\/wp-content\/uploads\/2021\/02\/Cabodian-xp.jpg","type":"image\/jpeg"}],"twitter_card":"summary_large_image","schema":{"@context":"https:\/\/schema.org","@graph":[{"@type":"WebPage","@id":"https:\/\/dutchmicrodosing.com\/fr\/champignons-magiques\/kits-de-culture-fresh-mushroom\/cambodgien-xp\/","url":"https:\/\/dutchmicrodosing.com\/fr\/champignons-magiques\/kits-de-culture-fresh-mushroom\/cambodgien-xp\/","name":"Achetez votre kit de culture de champignons XP cambodgiens en ligne | Livraison discr\u00e8te","isPartOf":{"@id":"https:\/\/dutchmicrodosing.com\/fr\/#website"},"primaryImageOfPage":{"@id":"https:\/\/dutchmicrodosing.com\/fr\/champignons-magiques\/kits-de-culture-fresh-mushroom\/cambodgien-xp\/#primaryimage"},"image":{"@id":"https:\/\/dutchmicrodosing.com\/fr\/champignons-magiques\/kits-de-culture-fresh-mushroom\/cambodgien-xp\/#primaryimage"},"thumbnailUrl":"https:\/\/dutchmicrodosing.com\/wp-content\/uploads\/2021\/02\/Cabodian-xp.jpg","datePublished":"2021-05-04T18:58:53+00:00","dateModified":"2024-01-16T13:51:08+00:00","description":"Vous \u00eates \u00e0 la recherche d'un champignon sympa avec lequel vous pourrez faire un bon voyage ? Si vous \u00eates d\u00e9butant ou si vous avez d\u00e9j\u00e0 une certaine exp\u00e9rience, alors le XP cambodgien est le champignon id\u00e9al.","breadcrumb":{"@id":"https:\/\/dutchmicrodosing.com\/fr\/champignons-magiques\/kits-de-culture-fresh-mushroom\/cambodgien-xp\/#breadcrumb"},"inLanguage":"fr-FR","potentialAction":[{"@type":"ReadAction","target":["https:\/\/dutchmicrodosing.com\/fr\/champignons-magiques\/kits-de-culture-fresh-mushroom\/cambodgien-xp\/"]}]},{"@type":"ImageObject","inLanguage":"fr-FR","@id":"https:\/\/dutchmicrodosing.com\/fr\/champignons-magiques\/kits-de-culture-fresh-mushroom\/cambodgien-xp\/#primaryimage","url":"https:\/\/dutchmicrodosing.com\/wp-content\/uploads\/2021\/02\/Cabodian-xp.jpg","contentUrl":"https:\/\/dutchmicrodosing.com\/wp-content\/uploads\/2021\/02\/Cabodian-xp.jpg","width":500,"height":500},{"@type":"BreadcrumbList","@id":"https:\/\/dutchmicrodosing.com\/fr\/champignons-magiques\/kits-de-culture-fresh-mushroom\/cambodgien-xp\/#breadcrumb","itemListElement":[{"@type":"ListItem","position":1,"name":"Home","item":"https:\/\/dutchmicrodosing.com\/fr\/"},{"@type":"ListItem","position":2,"name":"Boutique","item":"https:\/\/dutchmicrodosing.com\/fr\/boutique\/"},{"@type":"ListItem","position":3,"name":"Cambodian XP"}]},{"@type":"WebSite","@id":"https:\/\/dutchmicrodosing.com\/fr\/#website","url":"https:\/\/dutchmicrodosing.com\/fr\/","name":"Dutchmicrodosing","description":"","publisher":{"@id":"https:\/\/dutchmicrodosing.com\/fr\/#organization"},"potentialAction":[{"@type":"SearchAction","target":{"@type":"EntryPoint","urlTemplate":"https:\/\/dutchmicrodosing.com\/fr\/?s={search_term_string}"},"query-input":{"@type":"PropertyValueSpecification","valueRequired":true,"valueName":"search_term_string"}}],"inLanguage":"fr-FR"},{"@type":"Organization","@id":"https:\/\/dutchmicrodosing.com\/fr\/#organization","name":"Dutchmicrodosing","url":"https:\/\/dutchmicrodosing.com\/fr\/","logo":{"@type":"ImageObject","inLanguage":"fr-FR","@id":"https:\/\/dutchmicrodosing.com\/fr\/#\/schema\/logo\/image\/","url":"https:\/\/dutchmicrodosing.com\/wp-content\/uploads\/2021\/01\/microdosing-categorie-pic-nieuw.jpg","contentUrl":"https:\/\/dutchmicrodosing.com\/wp-content\/uploads\/2021\/01\/microdosing-categorie-pic-nieuw.jpg","width":500,"height":500,"caption":"Dutchmicrodosing"},"image":{"@id":"https:\/\/dutchmicrodosing.com\/fr\/#\/schema\/logo\/image\/"},"sameAs":["https:\/\/www.facebook.com\/Dutchmicrodosingxp\/","https:\/\/www.instagram.com\/dutchmicrodosing\/"]}]},"product_price_amount":"39.95","product_price_currency":"EUR","og_availability":"instock","product_availability":"instock","product_retailer_item_id":"0208957","product_condition":"new"},"_links":{"self":[{"href":"https:\/\/dutchmicrodosing.com\/fr\/wp-json\/wp\/v2\/product\/4957","targetHints":{"allow":["GET"]}}],"collection":[{"href":"https:\/\/dutchmicrodosing.com\/fr\/wp-json\/wp\/v2\/product"}],"about":[{"href":"https:\/\/dutchmicrodosing.com\/fr\/wp-json\/wp\/v2\/types\/product"}],"replies":[{"embeddable":true,"href":"https:\/\/dutchmicrodosing.com\/fr\/wp-json\/wp\/v2\/comments?post=4957"}],"version-history":[{"count":0,"href":"https:\/\/dutchmicrodosing.com\/fr\/wp-json\/wp\/v2\/product\/4957\/revisions"}],"wp:featuredmedia":[{"embeddable":true,"href":"https:\/\/dutchmicrodosing.com\/fr\/wp-json\/wp\/v2\/media\/3570"}],"wp:attachment":[{"href":"https:\/\/dutchmicrodosing.com\/fr\/wp-json\/wp\/v2\/media?parent=4957"}],"wp:term":[{"taxonomy":"product_brand","embeddable":true,"href":"https:\/\/dutchmicrodosing.com\/fr\/wp-json\/wp\/v2\/product_brand?post=4957"},{"taxonomy":"product_cat","embeddable":true,"href":"https:\/\/dutchmicrodosing.com\/fr\/wp-json\/wp\/v2\/product_cat?post=4957"},{"taxonomy":"product_tag","embeddable":true,"href":"https:\/\/dutchmicrodosing.com\/fr\/wp-json\/wp\/v2\/product_tag?post=4957"}],"curies":[{"name":"wp","href":"https:\/\/api.w.org\/{rel}","templated":true}]}}