{"id":4958,"date":"2021-03-08T17:14:57","date_gmt":"2021-05-04T18:59:09","guid":{"rendered":"https:\/\/dutchmicrodosing.com\/shop\/non%20class\u00e9\/mazatapec-xp\/"},"modified":"2024-01-16T15:32:07","modified_gmt":"2024-01-16T14:32:07","slug":"mazatapec-xp","status":"publish","type":"product","link":"https:\/\/dutchmicrodosing.com\/fr\/champignons-magiques\/kits-de-culture-fresh-mushroom\/mazatapec-xp\/","title":{"rendered":"Mazatapec XP"},"content":{"rendered":"<p>Le champignon <strong>psilocybe cubensis Mazatapec<\/strong> est originaire du Mexique, de la r\u00e9gion du m\u00eame nom. Il convient aux utilisateurs qui ont d\u00e9j\u00e0 \u00e9t\u00e9 victimes de tr\u00e9buchement. Les effets du Mazatapec sont juste un peu plus lourds que ceux des champignons magiques tha\u00eflandais ou cambodgiens. Nous vous recommandons donc de ne l&rsquo;utiliser que si vous avez une certaine exp\u00e9rience.<\/p>\n<h2>Cultivez votre propre Mazatapec avec ce kit de culture.<\/h2>\n<p>Si vous voulez un trip plus intense que celui que vous pouvez obtenir avec les champignons magiques tha\u00eflandais ou mexicains, mais que les champignons \u00e9quatoriens et McKennaii sont un peu trop loin pour vous, alors le Mazatapec XP est le bon choix. Ils vous aident \u00e0 tirer le meilleur parti de vos voyages et \u00e0 aller plus loin. Et vous n&rsquo;avez pas \u00e0 vous inqui\u00e9ter d&rsquo;un \u00e9ventuel mauvais voyage. Lors d&rsquo;un trip avec psilocybe cubensis Mazatapec, un bad trip ne se produit jamais, m\u00eame en prenant une dose \u00e9lev\u00e9e.<\/p>\n<h3>Un peu d&rsquo;histoire<\/h3>\n<p>Ces champignons magiques sont cultiv\u00e9s depuis des si\u00e8cles par les populations indig\u00e8nes du Mexique. Ils utilisent les champignons longs et p\u00e2les avec leurs chapeaux dor\u00e9s \u00e0 des fins religieuses. Le champignon Mazatapec XP pousse rapidement et est facile \u00e0 cultiver, m\u00eame \u00e0 la maison avec votre propre kit de culture Fresh Mushrooms.<\/p>\n<h2>Manuel du kit d&rsquo;\u00e9levage de Mazatapec<\/h2>\n<p><a href=\"https:\/\/dutchmicrodosing.fr\/growkit_manual\/\">T\u00e9l\u00e9charger ici : Manuel du kit de culture de champignons frais<\/a><\/p>\n<ol>\n<li>Sortez le kit de culture, le sac en plastique et le trombone de la bo\u00eete. Retirez le couvercle du kit de culture (conservez le couvercle dans un endroit s\u00fbr). Rincez le couvercle \u00e0 l&rsquo;eau courante. Vous en aurez \u00e0 nouveau besoin plus tard.<\/li>\n<li>Placez le kit de culture sans couvercle dans le sac en plastique fourni. Faites glisser l&rsquo;ouverture du sac sous le fond avec la micro perforation vers le haut. L&rsquo;ouverture du sac est maintenant largement ferm\u00e9e. Il n&rsquo;y a pas lieu de s&rsquo;inqui\u00e9ter de la circulation de l&rsquo;air.<\/li>\n<li>D\u00e8s que vous voyez des petites boules pousser, vous pouvez commencer \u00e0 redresser le sac. Ne pas arroser. Les premiers champignons seront visibles apr\u00e8s environ une semaine.<\/li>\n<li>Placez le kit de culture dans un endroit suffisamment \u00e9clair\u00e9 par la lumi\u00e8re du jour et \u00e0 une temp\u00e9rature comprise entre 18 \u00b0C et 28 \u00b0C. Ne placez JAMAIS le set de culture en plein soleil. Bien que les champignons poussent \u00e0 presque toutes les temp\u00e9ratures sup\u00e9rieures \u00e0 15 \u00b0C, 23 \u00b0C est la temp\u00e9rature id\u00e9ale pour une r\u00e9colte optimale. Des tapis chauffants sp\u00e9ciaux sont disponibles pour garantir cette temp\u00e9rature et ne pas avoir \u00e0 chauffer toute la pi\u00e8ce.<\/li>\n<li>\u00c0 partir de ce stade, laissez le sac l\u00e9g\u00e8rement ouvert en permanence, afin que l&rsquo;humidit\u00e9 puisse s&rsquo;\u00e9vaporer un peu. Un exc\u00e8s d&rsquo;humidit\u00e9 n&rsquo;est pas bon. Votre premi\u00e8re r\u00e9colte aura lieu environ une semaine apr\u00e8s l&rsquo;apparition des premiers bulbes. Veillez \u00e0 r\u00e9colter avant que les premi\u00e8res spores ne tombent !<\/li>\n<li>Ces ensembles produisent de multiples r\u00e9coltes de champignons. Pour ce faire, remplissez le kit avec de l&rsquo;eau du robinet propre apr\u00e8s la premi\u00e8re r\u00e9colte. Ce processus, connu sous le nom de choc froid, insuffle une nouvelle vie au myc\u00e9lium et garantit une humidit\u00e9 suffisante pour la croissance des champignons.<\/li>\n<li>Replacez le couvercle du kit de culture sur le kit. Laissez l&rsquo;ensemble reposer pendant 12 heures. Ouvrez un coin du couvercle et laissez l&rsquo;exc\u00e9dent d&rsquo;eau s&rsquo;\u00e9couler. A partir de l\u00e0, vous pouvez suivre \u00e0 nouveau les instructions de l&rsquo;\u00e9tape 1. Ce processus peut \u00eatre r\u00e9p\u00e9t\u00e9 plusieurs fois.<\/li>\n<\/ol>\n<h2>La r\u00e9colte :<\/h2>\n<p>Les kits de culture de champignons frais produisent leur premi\u00e8re r\u00e9colte assez rapidement. Apr\u00e8s une semaine, les premiers bourgeons sont d\u00e9j\u00e0 visibles. Les temp\u00e9ratures basses et \u00e9lev\u00e9es peuvent ralentir quelque peu ce processus de croissance. Une fois que les bourgeons sont visibles, il faut g\u00e9n\u00e9ralement une semaine pour que les champignons se d\u00e9veloppent pleinement. Le moment de la r\u00e9colte est extr\u00eamement important. Lorsque les membranes sous les chapeaux sont encore serr\u00e9es, mais risquent d&rsquo;\u00e9clater ou de se d\u00e9tacher sous l&rsquo;effet de la force des chapeaux, il est temps de r\u00e9colter.<span style=\"text-decoration: underline;\"><br \/>\n<\/span><\/p>\n<h2>Yield Mazatapec 100% myc\u00e9lium magic mushroom grow kit<\/h2>\n<p>Un kit de culture Mazatapec 1200cc de Freshmushrooms donne une r\u00e9colte entre 500g et 800g de champignons frais ou 50-80g de champignons secs.<\/p>\n<h2>Les effets des champignons magiques de Mazatapec<\/h2>\n<p>Lorsque vous commencerez \u00e0 utiliser les champignons Mazatapec (\u00e9galement connus sous leur surnom de Maz), vous vivrez quelque chose de sp\u00e9cial. Le champignon magique est connu pour son effet spirituel, o\u00f9 votre voyage peut \u00eatre profond. Vous pouvez avoir des visions sur la nature de l&rsquo;univers, sur la nature et votre lien avec le monde qui vous entoure. C&rsquo;est \u00e9galement la raison pour laquelle le peuple Mazatapec les utilise pour ses c\u00e9r\u00e9monies religieuses.<\/p>\n<p>Le champignon magique donne \u00e9galement des effets visuels et aiguise vos sens. Pr\u00e9parez-vous donc \u00e0 des couleurs vives et \u00e0 des sons plus forts que ceux auxquels vous \u00eates habitu\u00e9s. Il est \u00e9galement possible que votre perception du temps et de l&rsquo;espace change.<\/p>\n<h3>Quelle quantit\u00e9 devez-vous prendre ?<\/h3>\n<p>Pour d\u00e9terminer la quantit\u00e9 de champignons que vous devez prendre, vous pouvez prendre en compte : votre propre poids corporel, votre exp\u00e9rience du voyage et l&rsquo;intensit\u00e9 du voyage. Si vous n&rsquo;avez jamais tr\u00e9buch\u00e9 auparavant, il est sage d&rsquo;essayer d&rsquo;abord une plus petite dose. Vous pouvez prendre des champignons de diff\u00e9rentes mani\u00e8res. Champignons frais Mazatapec XP Les champignons peuvent \u00eatre consomm\u00e9s crus ou s\u00e9ch\u00e9s. Vous pouvez \u00e9galement en faire du th\u00e9 de riz. Vous commencerez \u00e0 remarquer l&rsquo;effet au bout d&rsquo;une demi-heure \u00e0 une heure. Le voyage durera entre 3 et 8 heures.<\/p>\n<p>Suivez les directives ci-dessous pour le dosage :<\/p>\n<p>Une faible dose est de 1 \u00e0 2 grammes de champignons s\u00e9ch\u00e9s. Si vous avez des champignons frais, il s&rsquo;agit de 12 \u00e0 24 grammes de champignons frais.<\/p>\n<h3>Pr\u00e9parer votre voyage<\/h3>\n<p>Pour profiter pleinement de votre voyage avec les champignons de Mazatapec, une bonne pr\u00e9paration est n\u00e9cessaire. Par exemple, pensez d&rsquo;abord \u00e0 l&rsquo;endroit o\u00f9 vous allez voyager et aux personnes qui seront pr\u00e9sentes. Vous devez vous sentir \u00e0 l&rsquo;aise dans cet endroit, car ce n&rsquo;est qu&rsquo;alors que vous pourrez vous d\u00e9tendre et profiter des effets des champignons magiques.<\/p>\n<p>Si d&rsquo;autres personnes sont pr\u00e9sentes, assurez-vous que vous pouvez leur faire confiance. C&rsquo;est aussi une bonne id\u00e9e d&rsquo;organiser un \u00ab\u00a0tripsitter\u00a0\u00bb. Cette personne reste sobre (pas d&rsquo;alcool ni de drogues), de sorte qu&rsquo;elle peut intervenir si votre voyage est trop intense. C&rsquo;est agr\u00e9able d&rsquo;avoir quelqu&rsquo;un qui peut vous rassurer et vous calmer. Assurez-vous d&rsquo;avoir \u00e9galement un bouchon de voyage avec vous. Ce m\u00e9dicament peut att\u00e9nuer l&rsquo;effet d&rsquo;un voyage.<\/p>\n<h2>Achetez votre kit de culture Mazatapec en ligne<\/h2>\n<p>Vous \u00eates \u00e0 la recherche d&rsquo;un voyage spirituel inoubliable ? Il est alors temps d&rsquo;essayer le kit de culture Fresh Mushrooms Mazatapec. Donnez-vous une chance d&rsquo;acqu\u00e9rir ces connaissances sp\u00e9ciales que vous pouvez acqu\u00e9rir au cours d&rsquo;un tel voyage. Il suffit de commander le kit de culture en ligne et il sera envoy\u00e9 rapidement \u00e0 votre domicile.<\/p>\n","protected":false},"excerpt":{"rendered":"<p>Le champignon psilocybe cubensis Mazatapec est originaire du Mexique, de la r\u00e9gion du m\u00eame nom. Il convient aux utilisateurs qui ont d\u00e9j\u00e0 \u00e9t\u00e9 victimes de tr\u00e9buchement. Les effets du Mazatapec sont juste un peu plus lourds que ceux des champignons magiques tha\u00eflandais ou cambodgiens. Nous vous recommandons donc de ne l&rsquo;utiliser que si vous avez [&hellip;]<\/p>\n","protected":false},"featured_media":3586,"comment_status":"open","ping_status":"closed","template":"","meta":[],"product_brand":[],"product_cat":[130],"product_tag":[],"class_list":{"0":"post-4958","1":"product","2":"type-product","3":"status-publish","4":"has-post-thumbnail","6":"product_cat-kits-de-culture-fresh-mushroom","8":"first","9":"instock","10":"taxable","11":"shipping-taxable","12":"purchasable","13":"product-type-simple"},"yoast_head":"<!-- This site is optimized with the Yoast SEO Premium plugin v26.4 (Yoast SEO v27.4) - https:\/\/yoast.com\/product\/yoast-seo-premium-wordpress\/ -->\n<title>Mazatapec growkit acheter en ligne | command\u00e9 avant 16:00 livr\u00e9 demain<\/title>\n<meta name=\"description\" content=\"Vous \u00eates \u00e0 la recherche d&#039;un voyage spirituel inoubliable ? Il est alors temps d&#039;essayer le kit de culture Fresh Mushrooms Mazatapec.\" \/>\n<meta name=\"robots\" content=\"index, follow, max-snippet:-1, max-image-preview:large, max-video-preview:-1\" \/>\n<link rel=\"canonical\" href=\"https:\/\/dutchmicrodosing.com\/fr\/champignons-magiques\/kits-de-culture-fresh-mushroom\/mazatapec-xp\/\" \/>\n<meta property=\"og:locale\" content=\"fr_FR\" \/>\n<meta property=\"og:type\" content=\"article\" \/>\n<meta property=\"og:title\" content=\"Mazatapec XP\" \/>\n<meta property=\"og:description\" content=\"Le champignon psilocybe cubensis Mazatapec est originaire du Mexique, de la r\u00e9gion du m\u00eame nom. Il convient aux utilisateurs qui ont d\u00e9j\u00e0 \u00e9t\u00e9 victimes de\" \/>\n<meta property=\"og:url\" content=\"https:\/\/dutchmicrodosing.com\/fr\/champignons-magiques\/kits-de-culture-fresh-mushroom\/mazatapec-xp\/\" \/>\n<meta property=\"og:site_name\" content=\"Dutchmicrodosing\" \/>\n<meta property=\"article:publisher\" content=\"https:\/\/www.facebook.com\/Dutchmicrodosingxp\/\" \/>\n<meta property=\"article:modified_time\" content=\"2024-01-16T14:32:07+00:00\" \/>\n<meta property=\"og:image\" content=\"https:\/\/dutchmicrodosing.com\/wp-content\/uploads\/2021\/02\/Mazatapec.jpg\" \/>\n\t<meta property=\"og:image:width\" content=\"500\" \/>\n\t<meta property=\"og:image:height\" content=\"500\" \/>\n\t<meta property=\"og:image:type\" content=\"image\/jpeg\" \/>\n<meta name=\"twitter:card\" content=\"summary_large_image\" \/>\n<script type=\"application\/ld+json\" class=\"yoast-schema-graph\">{\"@context\":\"https:\\\/\\\/schema.org\",\"@graph\":[{\"@type\":\"WebPage\",\"@id\":\"https:\\\/\\\/dutchmicrodosing.com\\\/fr\\\/champignons-magiques\\\/kits-de-culture-fresh-mushroom\\\/mazatapec-xp\\\/\",\"url\":\"https:\\\/\\\/dutchmicrodosing.com\\\/fr\\\/champignons-magiques\\\/kits-de-culture-fresh-mushroom\\\/mazatapec-xp\\\/\",\"name\":\"Mazatapec growkit acheter en ligne | command\u00e9 avant 16:00 livr\u00e9 demain\",\"isPartOf\":{\"@id\":\"https:\\\/\\\/dutchmicrodosing.com\\\/fr\\\/#website\"},\"primaryImageOfPage\":{\"@id\":\"https:\\\/\\\/dutchmicrodosing.com\\\/fr\\\/champignons-magiques\\\/kits-de-culture-fresh-mushroom\\\/mazatapec-xp\\\/#primaryimage\"},\"image\":{\"@id\":\"https:\\\/\\\/dutchmicrodosing.com\\\/fr\\\/champignons-magiques\\\/kits-de-culture-fresh-mushroom\\\/mazatapec-xp\\\/#primaryimage\"},\"thumbnailUrl\":\"https:\\\/\\\/dutchmicrodosing.com\\\/wp-content\\\/uploads\\\/2021\\\/02\\\/Mazatapec.jpg\",\"datePublished\":\"2021-05-04T18:59:09+00:00\",\"dateModified\":\"2024-01-16T14:32:07+00:00\",\"description\":\"Vous \u00eates \u00e0 la recherche d'un voyage spirituel inoubliable ? Il est alors temps d'essayer le kit de culture Fresh Mushrooms Mazatapec.\",\"breadcrumb\":{\"@id\":\"https:\\\/\\\/dutchmicrodosing.com\\\/fr\\\/champignons-magiques\\\/kits-de-culture-fresh-mushroom\\\/mazatapec-xp\\\/#breadcrumb\"},\"inLanguage\":\"fr-FR\",\"potentialAction\":[{\"@type\":\"ReadAction\",\"target\":[\"https:\\\/\\\/dutchmicrodosing.com\\\/fr\\\/champignons-magiques\\\/kits-de-culture-fresh-mushroom\\\/mazatapec-xp\\\/\"]}]},{\"@type\":\"ImageObject\",\"inLanguage\":\"fr-FR\",\"@id\":\"https:\\\/\\\/dutchmicrodosing.com\\\/fr\\\/champignons-magiques\\\/kits-de-culture-fresh-mushroom\\\/mazatapec-xp\\\/#primaryimage\",\"url\":\"https:\\\/\\\/dutchmicrodosing.com\\\/wp-content\\\/uploads\\\/2021\\\/02\\\/Mazatapec.jpg\",\"contentUrl\":\"https:\\\/\\\/dutchmicrodosing.com\\\/wp-content\\\/uploads\\\/2021\\\/02\\\/Mazatapec.jpg\",\"width\":500,\"height\":500},{\"@type\":\"BreadcrumbList\",\"@id\":\"https:\\\/\\\/dutchmicrodosing.com\\\/fr\\\/champignons-magiques\\\/kits-de-culture-fresh-mushroom\\\/mazatapec-xp\\\/#breadcrumb\",\"itemListElement\":[{\"@type\":\"ListItem\",\"position\":1,\"name\":\"Home\",\"item\":\"https:\\\/\\\/dutchmicrodosing.com\\\/fr\\\/\"},{\"@type\":\"ListItem\",\"position\":2,\"name\":\"Boutique\",\"item\":\"https:\\\/\\\/dutchmicrodosing.com\\\/fr\\\/boutique\\\/\"},{\"@type\":\"ListItem\",\"position\":3,\"name\":\"Mazatapec XP\"}]},{\"@type\":\"WebSite\",\"@id\":\"https:\\\/\\\/dutchmicrodosing.com\\\/fr\\\/#website\",\"url\":\"https:\\\/\\\/dutchmicrodosing.com\\\/fr\\\/\",\"name\":\"Dutchmicrodosing\",\"description\":\"\",\"publisher\":{\"@id\":\"https:\\\/\\\/dutchmicrodosing.com\\\/fr\\\/#organization\"},\"potentialAction\":[{\"@type\":\"SearchAction\",\"target\":{\"@type\":\"EntryPoint\",\"urlTemplate\":\"https:\\\/\\\/dutchmicrodosing.com\\\/fr\\\/?s={search_term_string}\"},\"query-input\":{\"@type\":\"PropertyValueSpecification\",\"valueRequired\":true,\"valueName\":\"search_term_string\"}}],\"inLanguage\":\"fr-FR\"},{\"@type\":\"Organization\",\"@id\":\"https:\\\/\\\/dutchmicrodosing.com\\\/fr\\\/#organization\",\"name\":\"Dutchmicrodosing\",\"url\":\"https:\\\/\\\/dutchmicrodosing.com\\\/fr\\\/\",\"logo\":{\"@type\":\"ImageObject\",\"inLanguage\":\"fr-FR\",\"@id\":\"https:\\\/\\\/dutchmicrodosing.com\\\/fr\\\/#\\\/schema\\\/logo\\\/image\\\/\",\"url\":\"https:\\\/\\\/dutchmicrodosing.com\\\/wp-content\\\/uploads\\\/2021\\\/01\\\/microdosing-categorie-pic-nieuw.jpg\",\"contentUrl\":\"https:\\\/\\\/dutchmicrodosing.com\\\/wp-content\\\/uploads\\\/2021\\\/01\\\/microdosing-categorie-pic-nieuw.jpg\",\"width\":500,\"height\":500,\"caption\":\"Dutchmicrodosing\"},\"image\":{\"@id\":\"https:\\\/\\\/dutchmicrodosing.com\\\/fr\\\/#\\\/schema\\\/logo\\\/image\\\/\"},\"sameAs\":[\"https:\\\/\\\/www.facebook.com\\\/Dutchmicrodosingxp\\\/\",\"https:\\\/\\\/www.instagram.com\\\/dutchmicrodosing\\\/\"]}]}<\/script>\n<meta property=\"product:price:amount\" content=\"39.95\" \/>\n<meta property=\"product:price:currency\" content=\"EUR\" \/>\n<meta property=\"og:availability\" content=\"instock\" \/>\n<meta property=\"product:availability\" content=\"instock\" \/>\n<meta property=\"product:retailer_item_id\" content=\"0208272\" \/>\n<meta property=\"product:condition\" content=\"new\" \/>\n<!-- \/ Yoast SEO Premium plugin. -->","yoast_head_json":{"title":"Mazatapec growkit acheter en ligne | command\u00e9 avant 16:00 livr\u00e9 demain","description":"Vous \u00eates \u00e0 la recherche d'un voyage spirituel inoubliable ? Il est alors temps d'essayer le kit de culture Fresh Mushrooms Mazatapec.","robots":{"index":"index","follow":"follow","max-snippet":"max-snippet:-1","max-image-preview":"max-image-preview:large","max-video-preview":"max-video-preview:-1"},"canonical":"https:\/\/dutchmicrodosing.com\/fr\/champignons-magiques\/kits-de-culture-fresh-mushroom\/mazatapec-xp\/","og_locale":"fr_FR","og_type":"article","og_title":"Mazatapec XP","og_description":"Le champignon psilocybe cubensis Mazatapec est originaire du Mexique, de la r\u00e9gion du m\u00eame nom. Il convient aux utilisateurs qui ont d\u00e9j\u00e0 \u00e9t\u00e9 victimes de","og_url":"https:\/\/dutchmicrodosing.com\/fr\/champignons-magiques\/kits-de-culture-fresh-mushroom\/mazatapec-xp\/","og_site_name":"Dutchmicrodosing","article_publisher":"https:\/\/www.facebook.com\/Dutchmicrodosingxp\/","article_modified_time":"2024-01-16T14:32:07+00:00","og_image":[{"width":500,"height":500,"url":"https:\/\/dutchmicrodosing.com\/wp-content\/uploads\/2021\/02\/Mazatapec.jpg","type":"image\/jpeg"}],"twitter_card":"summary_large_image","schema":{"@context":"https:\/\/schema.org","@graph":[{"@type":"WebPage","@id":"https:\/\/dutchmicrodosing.com\/fr\/champignons-magiques\/kits-de-culture-fresh-mushroom\/mazatapec-xp\/","url":"https:\/\/dutchmicrodosing.com\/fr\/champignons-magiques\/kits-de-culture-fresh-mushroom\/mazatapec-xp\/","name":"Mazatapec growkit acheter en ligne | command\u00e9 avant 16:00 livr\u00e9 demain","isPartOf":{"@id":"https:\/\/dutchmicrodosing.com\/fr\/#website"},"primaryImageOfPage":{"@id":"https:\/\/dutchmicrodosing.com\/fr\/champignons-magiques\/kits-de-culture-fresh-mushroom\/mazatapec-xp\/#primaryimage"},"image":{"@id":"https:\/\/dutchmicrodosing.com\/fr\/champignons-magiques\/kits-de-culture-fresh-mushroom\/mazatapec-xp\/#primaryimage"},"thumbnailUrl":"https:\/\/dutchmicrodosing.com\/wp-content\/uploads\/2021\/02\/Mazatapec.jpg","datePublished":"2021-05-04T18:59:09+00:00","dateModified":"2024-01-16T14:32:07+00:00","description":"Vous \u00eates \u00e0 la recherche d'un voyage spirituel inoubliable ? Il est alors temps d'essayer le kit de culture Fresh Mushrooms Mazatapec.","breadcrumb":{"@id":"https:\/\/dutchmicrodosing.com\/fr\/champignons-magiques\/kits-de-culture-fresh-mushroom\/mazatapec-xp\/#breadcrumb"},"inLanguage":"fr-FR","potentialAction":[{"@type":"ReadAction","target":["https:\/\/dutchmicrodosing.com\/fr\/champignons-magiques\/kits-de-culture-fresh-mushroom\/mazatapec-xp\/"]}]},{"@type":"ImageObject","inLanguage":"fr-FR","@id":"https:\/\/dutchmicrodosing.com\/fr\/champignons-magiques\/kits-de-culture-fresh-mushroom\/mazatapec-xp\/#primaryimage","url":"https:\/\/dutchmicrodosing.com\/wp-content\/uploads\/2021\/02\/Mazatapec.jpg","contentUrl":"https:\/\/dutchmicrodosing.com\/wp-content\/uploads\/2021\/02\/Mazatapec.jpg","width":500,"height":500},{"@type":"BreadcrumbList","@id":"https:\/\/dutchmicrodosing.com\/fr\/champignons-magiques\/kits-de-culture-fresh-mushroom\/mazatapec-xp\/#breadcrumb","itemListElement":[{"@type":"ListItem","position":1,"name":"Home","item":"https:\/\/dutchmicrodosing.com\/fr\/"},{"@type":"ListItem","position":2,"name":"Boutique","item":"https:\/\/dutchmicrodosing.com\/fr\/boutique\/"},{"@type":"ListItem","position":3,"name":"Mazatapec XP"}]},{"@type":"WebSite","@id":"https:\/\/dutchmicrodosing.com\/fr\/#website","url":"https:\/\/dutchmicrodosing.com\/fr\/","name":"Dutchmicrodosing","description":"","publisher":{"@id":"https:\/\/dutchmicrodosing.com\/fr\/#organization"},"potentialAction":[{"@type":"SearchAction","target":{"@type":"EntryPoint","urlTemplate":"https:\/\/dutchmicrodosing.com\/fr\/?s={search_term_string}"},"query-input":{"@type":"PropertyValueSpecification","valueRequired":true,"valueName":"search_term_string"}}],"inLanguage":"fr-FR"},{"@type":"Organization","@id":"https:\/\/dutchmicrodosing.com\/fr\/#organization","name":"Dutchmicrodosing","url":"https:\/\/dutchmicrodosing.com\/fr\/","logo":{"@type":"ImageObject","inLanguage":"fr-FR","@id":"https:\/\/dutchmicrodosing.com\/fr\/#\/schema\/logo\/image\/","url":"https:\/\/dutchmicrodosing.com\/wp-content\/uploads\/2021\/01\/microdosing-categorie-pic-nieuw.jpg","contentUrl":"https:\/\/dutchmicrodosing.com\/wp-content\/uploads\/2021\/01\/microdosing-categorie-pic-nieuw.jpg","width":500,"height":500,"caption":"Dutchmicrodosing"},"image":{"@id":"https:\/\/dutchmicrodosing.com\/fr\/#\/schema\/logo\/image\/"},"sameAs":["https:\/\/www.facebook.com\/Dutchmicrodosingxp\/","https:\/\/www.instagram.com\/dutchmicrodosing\/"]}]},"product_price_amount":"39.95","product_price_currency":"EUR","og_availability":"instock","product_availability":"instock","product_retailer_item_id":"0208272","product_condition":"new"},"_links":{"self":[{"href":"https:\/\/dutchmicrodosing.com\/fr\/wp-json\/wp\/v2\/product\/4958","targetHints":{"allow":["GET"]}}],"collection":[{"href":"https:\/\/dutchmicrodosing.com\/fr\/wp-json\/wp\/v2\/product"}],"about":[{"href":"https:\/\/dutchmicrodosing.com\/fr\/wp-json\/wp\/v2\/types\/product"}],"replies":[{"embeddable":true,"href":"https:\/\/dutchmicrodosing.com\/fr\/wp-json\/wp\/v2\/comments?post=4958"}],"version-history":[{"count":0,"href":"https:\/\/dutchmicrodosing.com\/fr\/wp-json\/wp\/v2\/product\/4958\/revisions"}],"wp:featuredmedia":[{"embeddable":true,"href":"https:\/\/dutchmicrodosing.com\/fr\/wp-json\/wp\/v2\/media\/3586"}],"wp:attachment":[{"href":"https:\/\/dutchmicrodosing.com\/fr\/wp-json\/wp\/v2\/media?parent=4958"}],"wp:term":[{"taxonomy":"product_brand","embeddable":true,"href":"https:\/\/dutchmicrodosing.com\/fr\/wp-json\/wp\/v2\/product_brand?post=4958"},{"taxonomy":"product_cat","embeddable":true,"href":"https:\/\/dutchmicrodosing.com\/fr\/wp-json\/wp\/v2\/product_cat?post=4958"},{"taxonomy":"product_tag","embeddable":true,"href":"https:\/\/dutchmicrodosing.com\/fr\/wp-json\/wp\/v2\/product_tag?post=4958"}],"curies":[{"name":"wp","href":"https:\/\/api.w.org\/{rel}","templated":true}]}}