{"id":4959,"date":"2021-03-08T17:11:33","date_gmt":"2021-05-04T18:59:39","guid":{"rendered":"https:\/\/dutchmicrodosing.com\/shop\/non%20class\u00e9\/equateur-xp\/"},"modified":"2024-01-16T15:36:33","modified_gmt":"2024-01-16T14:36:33","slug":"equateur-xp","status":"publish","type":"product","link":"https:\/\/dutchmicrodosing.com\/fr\/champignons-magiques\/kits-de-culture-fresh-mushroom\/equateur-xp\/","title":{"rendered":"XP \u00e9quatorien"},"content":{"rendered":"<p>Si vous avez d\u00e9j\u00e0 fait du tripping et que vous cherchez quelque chose de diff\u00e9rent, alors le champignon <strong>Fresh Mushrooms Ecuador XP<\/strong> est peut-\u00eatre fait pour vous. Ce champignon magique est originaire, comme son nom l&rsquo;indique d\u00e9j\u00e0, de l&rsquo;\u00c9quateur. L\u00e0-bas, il pousse dans les Andes. Il s&rsquo;agit d&rsquo;un champignon aux effets visuels puissants, qui convient donc particuli\u00e8rement aux personnes ayant d\u00e9j\u00e0 une certaine exp\u00e9rience des champignons magiques.<\/p>\n<h3>Des effets visuels forts<\/h3>\n<p>Le kit de culture de champignons magiques Ecuador XP produit un champignon magique aux effets puissants. Nous le recommandons principalement aux psychonautes exp\u00e9riment\u00e9s. Si vous n&rsquo;avez jamais tripp\u00e9 auparavant, les effets peuvent \u00eatre assez intenses. Une personne qui a d\u00e9j\u00e0 tr\u00e9buch\u00e9 saura ce que l&rsquo;on ressent et \u00e0 quoi s&rsquo;attendre. Le Fresh Mushrooms Ecuador XP produit des effets moyens \u00e0 forts. Ils ressemblent aux champignons magiques colombiens en termes d&rsquo;intensit\u00e9, mais sont un peu plus puissants.<\/p>\n<h2>Kit de culture manuelle \u00e9quatorienne<\/h2>\n<p><a href=\"https:\/\/dutchmicrodosing.fr\/growkit_manual\/\">T\u00e9l\u00e9charger ici : Manuel du kit de culture de champignons frais<\/a><\/p>\n<ol>\n<li>Sortez le kit de culture, le sac en plastique et le trombone de la bo\u00eete. Retirez le couvercle du kit de culture (conservez le couvercle dans un endroit s\u00fbr). Rincez le couvercle \u00e0 l&rsquo;eau courante. Vous en aurez \u00e0 nouveau besoin plus tard.<\/li>\n<li>Placez le kit de culture sans couvercle dans le sac en plastique fourni. Faites glisser l&rsquo;ouverture du sac sous le fond avec la micro perforation vers le haut. L&rsquo;ouverture du sac est maintenant largement ferm\u00e9e. Il n&rsquo;y a pas lieu de s&rsquo;inqui\u00e9ter de la circulation de l&rsquo;air.<\/li>\n<li>D\u00e8s que vous voyez des petites boules pousser, vous pouvez commencer \u00e0 redresser le sac. Ne pas arroser. Les premiers champignons seront visibles apr\u00e8s environ une semaine.<\/li>\n<li>Placez le kit de culture dans un endroit suffisamment \u00e9clair\u00e9 par la lumi\u00e8re du jour et \u00e0 une temp\u00e9rature comprise entre 18 \u00b0C et 28 \u00b0C. Ne placez JAMAIS le set de culture en plein soleil. Bien que les champignons poussent \u00e0 presque toutes les temp\u00e9ratures sup\u00e9rieures \u00e0 15 \u00b0C, 23 \u00b0C est la temp\u00e9rature id\u00e9ale pour une r\u00e9colte optimale. Des tapis chauffants sp\u00e9ciaux sont disponibles pour garantir cette temp\u00e9rature et ne pas avoir \u00e0 chauffer toute la pi\u00e8ce.<\/li>\n<li>\u00c0 partir de ce stade, laissez le sac l\u00e9g\u00e8rement ouvert en permanence, afin que l&rsquo;humidit\u00e9 puisse s&rsquo;\u00e9vaporer un peu. Un exc\u00e8s d&rsquo;humidit\u00e9 n&rsquo;est pas bon. Votre premi\u00e8re r\u00e9colte aura lieu environ une semaine apr\u00e8s l&rsquo;apparition des premiers bulbes. Veillez \u00e0 r\u00e9colter avant que les premi\u00e8res spores ne tombent !<\/li>\n<li>Ces ensembles produisent de multiples r\u00e9coltes de champignons. Pour ce faire, remplissez le kit avec de l&rsquo;eau du robinet propre apr\u00e8s la premi\u00e8re r\u00e9colte. Ce processus, connu sous le nom de choc froid, insuffle une nouvelle vie au myc\u00e9lium et garantit une humidit\u00e9 suffisante pour la croissance des champignons.<\/li>\n<li>Replacez le couvercle du kit de culture sur le kit. Laissez l&rsquo;ensemble reposer pendant 12 heures. Ouvrez un coin du couvercle et laissez l&rsquo;exc\u00e9dent d&rsquo;eau s&rsquo;\u00e9couler. A partir de l\u00e0, vous pouvez suivre \u00e0 nouveau les instructions de l&rsquo;\u00e9tape 1. Ce processus peut \u00eatre r\u00e9p\u00e9t\u00e9 plusieurs fois.<\/li>\n<\/ol>\n<h2>La r\u00e9colte :<\/h2>\n<p>Les kits de culture de champignons frais produisent leur premi\u00e8re r\u00e9colte assez rapidement. Apr\u00e8s une semaine, les premiers bourgeons sont d\u00e9j\u00e0 visibles. Les temp\u00e9ratures basses et \u00e9lev\u00e9es peuvent ralentir quelque peu ce processus de croissance. Une fois que les bourgeons sont visibles, il faut g\u00e9n\u00e9ralement une semaine pour que les champignons se d\u00e9veloppent pleinement.<\/p>\n<p>Le moment de la r\u00e9colte est extr\u00eamement important. Lorsque les membranes sous les chapeaux sont encore serr\u00e9es, mais risquent d&rsquo;\u00e9clater ou de se d\u00e9tacher sous l&rsquo;effet de la force des chapeaux, il est temps de r\u00e9colter.<span style=\"text-decoration: underline;\"><br \/>\n<\/span><\/p>\n<h2>Rendement 100% Myc\u00e9lium Magic Mushroom Grow Kit Ecuadorian<\/h2>\n<p>Un kit de culture \u00e9quatorien de 1200 cm3 de Freshmushrooms permet de r\u00e9colter entre 500 et 800 g de champignons frais ou 50 \u00e0 80 g de champignons secs.<\/p>\n<h3>Que pouvez-vous attendre ?<\/h3>\n<p>Si vous avez patiemment fait pousser vos champignons \u00e9quatoriens dans le kit de culture, un voyage sp\u00e9cial vous attend. Le Psilocybe Equaescens, comme il est officiellement appel\u00e9, donne de l&rsquo;\u00e9nergie et vous pouvez voir des motifs en mouvement sur les murs et les sols. Vous pouvez \u00e9galement avoir l&rsquo;impression de vous d\u00e9tacher de vous-m\u00eame. Ces effets peuvent \u00eatre tr\u00e8s intenses, c&rsquo;est pourquoi il est pr\u00e9f\u00e9rable d&rsquo;utiliser ce champignon lorsque vous avez d\u00e9j\u00e0 une certaine exp\u00e9rience. Certains des effets que vous pouvez ressentir sont :<\/p>\n<ul>\n<li>Effets visuels moyens \u00e0 forts<\/li>\n<li>Sentiment \u00e9nergique<\/li>\n<li>Voir des motifs color\u00e9s et mobiles<\/li>\n<li>D\u00e9couvrir d&rsquo;autres mondes<\/li>\n<li>Sentiment d&rsquo;\u00eatre d\u00e9tach\u00e9 de soi-m\u00eame<\/li>\n<li>La sensation que votre corps se fond dans le sol.<\/li>\n<li>Les objets qui bougent, comme les arbres et les lampadaires.<\/li>\n<\/ul>\n<h2>Dosage des champignons Ecuador XP<\/h2>\n<p>Il est tr\u00e8s important de prendre le bon dosage avec les champignons magiques. Si vous en prenez trop peu, vous ne ressentez (presque) rien. Mais si vous en prenez trop, les effets peuvent \u00eatre accablants. Pour d\u00e9terminer ce qu&rsquo;est une bonne dose, vous devez tenir compte de votre propre poids, de votre exp\u00e9rience des champignons magiques et du type de trip que vous souhaitez obtenir. Si vous avez d\u00e9j\u00e0 fait du tripping, vous pouvez en prendre plus que si vous n&rsquo;en avez jamais fait. Si vous \u00eates un d\u00e9butant, ne prenez qu&rsquo;une petite dose.<\/p>\n<p>Champignons frais \u00c9quateur Les champignons peuvent \u00eatre consomm\u00e9s frais, mais aussi s\u00e9ch\u00e9s. Il est \u00e9galement possible de faire du th\u00e9 de riz. Faites bouillir de l&rsquo;eau et laissez-la refroidir un moment. Versez-le ensuite sur les champignons et laissez-le infuser pendant 20 minutes. Alors votre th\u00e9 de paddy est pr\u00eat et vous pouvez le boire.<\/p>\n<p>Vous pouvez utiliser les quantit\u00e9s suivantes \u00e0 titre indicatif :<\/p>\n<ul>\n<li>Petite dose : 1 \u00e0 2 grammes de champignons s\u00e9ch\u00e9s ou 12 \u00e0 24 grammes de champignons frais.<\/li>\n<li>Dose importante : 4 grammes de champignons s\u00e9ch\u00e9s ou 40 grammes de champignons frais.<\/li>\n<\/ul>\n<h2>Pr\u00e9parez votre voyage avec les champignons Ecuador XP<\/h2>\n<p>Avant de commencer \u00e0 triper, il est bon de r\u00e9fl\u00e9chir \u00e0 la mani\u00e8re dont vous allez vous y prendre. Choisissez un endroit o\u00f9 vous vous sentez \u00e0 l&rsquo;aise. De pr\u00e9f\u00e9rence chez vous ou chez un bon ami. Pr\u00e9voyez \u00e9galement un \u00ab\u00a0tripsitter\u00a0\u00bb, c&rsquo;est-\u00e0-dire une personne qui reste avec vous et qui peut vous aider lorsque le voyage devient un peu intense. Bien entendu, le tripteur reste sobre et ne consomme pas lui-m\u00eame de drogues ou d&rsquo;alcool.<\/p>\n<p>La pr\u00e9sence d&rsquo;un tripteur n&rsquo;est certainement pas un luxe superflu avec les champignons magiques de l&rsquo;\u00c9quateur. Vous pouvez perdre votre sens du temps et de l&rsquo;espace. Lorsque les effets sont graves, on peut avoir l&rsquo;impression qu&rsquo;ils ne cesseront jamais. Il est tr\u00e8s agr\u00e9able que votre tripteur soit pr\u00e9sent et vous aide \u00e0 retrouver la notion du temps. Vous pouvez \u00e9galement garder sur vous un bouchon de voyage. Cela peut affaiblir un peu les effets du voyage.<\/p>\n<h2>Achetez votre kit de culture Ecuador XP en ligne<\/h2>\n<p>Voulez-vous aussi un voyage inoubliable avec les champignons d&rsquo;\u00c9quateur et avez-vous d\u00e9j\u00e0 fait plusieurs voyages ? Les kits de culture Fresh Mushrooms facilitent la culture des champignons \u00e0 domicile. L&rsquo;achat est \u00e9galement facile : commandez rapidement votre kit de culture et vous le recevez chez vous dans un emballage neutre et s\u00fbr.<\/p>\n","protected":false},"excerpt":{"rendered":"<p>Si vous avez d\u00e9j\u00e0 fait du tripping et que vous cherchez quelque chose de diff\u00e9rent, alors le champignon Fresh Mushrooms Ecuador XP est peut-\u00eatre fait pour vous. Ce champignon magique est originaire, comme son nom l&rsquo;indique d\u00e9j\u00e0, de l&rsquo;\u00c9quateur. L\u00e0-bas, il pousse dans les Andes. Il s&rsquo;agit d&rsquo;un champignon aux effets visuels puissants, qui convient [&hellip;]<\/p>\n","protected":false},"featured_media":3578,"comment_status":"open","ping_status":"closed","template":"","meta":[],"product_brand":[],"product_cat":[130],"product_tag":[],"class_list":{"0":"post-4959","1":"product","2":"type-product","3":"status-publish","4":"has-post-thumbnail","6":"product_cat-kits-de-culture-fresh-mushroom","8":"first","9":"instock","10":"taxable","11":"shipping-taxable","12":"purchasable","13":"product-type-simple"},"yoast_head":"<!-- This site is optimized with the Yoast SEO Premium plugin v26.4 (Yoast SEO v27.2) - https:\/\/yoast.com\/product\/yoast-seo-premium-wordpress\/ -->\n<title>Achetez votre kit de culture Ecuador XP en ligne | Emball\u00e9 tr\u00e8s discr\u00e8tement<\/title>\n<meta name=\"description\" content=\"Voulez-vous aussi un voyage inoubliable avec les champignons d&#039;\u00c9quateur et avez-vous d\u00e9j\u00e0 fait plusieurs voyages ? Voir tous les kits de culture ici\" \/>\n<meta name=\"robots\" content=\"index, follow, max-snippet:-1, max-image-preview:large, max-video-preview:-1\" \/>\n<link rel=\"canonical\" href=\"https:\/\/dutchmicrodosing.com\/fr\/champignons-magiques\/kits-de-culture-fresh-mushroom\/equateur-xp\/\" \/>\n<meta property=\"og:locale\" content=\"fr_FR\" \/>\n<meta property=\"og:type\" content=\"article\" \/>\n<meta property=\"og:title\" content=\"XP \u00e9quatorien\" \/>\n<meta property=\"og:description\" content=\"Si vous avez d\u00e9j\u00e0 fait du tripping et que vous cherchez quelque chose de diff\u00e9rent, alors le champignon Fresh Mushrooms Ecuador XP est peut-\u00eatre fait pour\" \/>\n<meta property=\"og:url\" content=\"https:\/\/dutchmicrodosing.com\/fr\/champignons-magiques\/kits-de-culture-fresh-mushroom\/equateur-xp\/\" \/>\n<meta property=\"og:site_name\" content=\"Dutchmicrodosing\" \/>\n<meta property=\"article:publisher\" content=\"https:\/\/www.facebook.com\/Dutchmicrodosingxp\/\" \/>\n<meta property=\"article:modified_time\" content=\"2024-01-16T14:36:33+00:00\" \/>\n<meta property=\"og:image\" content=\"https:\/\/dutchmicrodosing.com\/wp-content\/uploads\/2021\/02\/Ecuador-xp.jpg\" \/>\n\t<meta property=\"og:image:width\" content=\"500\" \/>\n\t<meta property=\"og:image:height\" content=\"500\" \/>\n\t<meta property=\"og:image:type\" content=\"image\/jpeg\" \/>\n<meta name=\"twitter:card\" content=\"summary_large_image\" \/>\n<script type=\"application\/ld+json\" class=\"yoast-schema-graph\">{\"@context\":\"https:\/\/schema.org\",\"@graph\":[{\"@type\":\"WebPage\",\"@id\":\"https:\/\/dutchmicrodosing.com\/fr\/champignons-magiques\/kits-de-culture-fresh-mushroom\/equateur-xp\/\",\"url\":\"https:\/\/dutchmicrodosing.com\/fr\/champignons-magiques\/kits-de-culture-fresh-mushroom\/equateur-xp\/\",\"name\":\"Achetez votre kit de culture Ecuador XP en ligne | Emball\u00e9 tr\u00e8s discr\u00e8tement\",\"isPartOf\":{\"@id\":\"https:\/\/dutchmicrodosing.com\/fr\/#website\"},\"primaryImageOfPage\":{\"@id\":\"https:\/\/dutchmicrodosing.com\/fr\/champignons-magiques\/kits-de-culture-fresh-mushroom\/equateur-xp\/#primaryimage\"},\"image\":{\"@id\":\"https:\/\/dutchmicrodosing.com\/fr\/champignons-magiques\/kits-de-culture-fresh-mushroom\/equateur-xp\/#primaryimage\"},\"thumbnailUrl\":\"https:\/\/dutchmicrodosing.com\/wp-content\/uploads\/2021\/02\/Ecuador-xp.jpg\",\"datePublished\":\"2021-05-04T18:59:39+00:00\",\"dateModified\":\"2024-01-16T14:36:33+00:00\",\"description\":\"Voulez-vous aussi un voyage inoubliable avec les champignons d'\u00c9quateur et avez-vous d\u00e9j\u00e0 fait plusieurs voyages ? Voir tous les kits de culture ici\",\"breadcrumb\":{\"@id\":\"https:\/\/dutchmicrodosing.com\/fr\/champignons-magiques\/kits-de-culture-fresh-mushroom\/equateur-xp\/#breadcrumb\"},\"inLanguage\":\"fr-FR\",\"potentialAction\":[{\"@type\":\"ReadAction\",\"target\":[\"https:\/\/dutchmicrodosing.com\/fr\/champignons-magiques\/kits-de-culture-fresh-mushroom\/equateur-xp\/\"]}]},{\"@type\":\"ImageObject\",\"inLanguage\":\"fr-FR\",\"@id\":\"https:\/\/dutchmicrodosing.com\/fr\/champignons-magiques\/kits-de-culture-fresh-mushroom\/equateur-xp\/#primaryimage\",\"url\":\"https:\/\/dutchmicrodosing.com\/wp-content\/uploads\/2021\/02\/Ecuador-xp.jpg\",\"contentUrl\":\"https:\/\/dutchmicrodosing.com\/wp-content\/uploads\/2021\/02\/Ecuador-xp.jpg\",\"width\":500,\"height\":500},{\"@type\":\"BreadcrumbList\",\"@id\":\"https:\/\/dutchmicrodosing.com\/fr\/champignons-magiques\/kits-de-culture-fresh-mushroom\/equateur-xp\/#breadcrumb\",\"itemListElement\":[{\"@type\":\"ListItem\",\"position\":1,\"name\":\"Home\",\"item\":\"https:\/\/dutchmicrodosing.com\/fr\/\"},{\"@type\":\"ListItem\",\"position\":2,\"name\":\"Boutique\",\"item\":\"https:\/\/dutchmicrodosing.com\/fr\/boutique\/\"},{\"@type\":\"ListItem\",\"position\":3,\"name\":\"XP \u00e9quatorien\"}]},{\"@type\":\"WebSite\",\"@id\":\"https:\/\/dutchmicrodosing.com\/fr\/#website\",\"url\":\"https:\/\/dutchmicrodosing.com\/fr\/\",\"name\":\"Dutchmicrodosing\",\"description\":\"\",\"publisher\":{\"@id\":\"https:\/\/dutchmicrodosing.com\/fr\/#organization\"},\"potentialAction\":[{\"@type\":\"SearchAction\",\"target\":{\"@type\":\"EntryPoint\",\"urlTemplate\":\"https:\/\/dutchmicrodosing.com\/fr\/?s={search_term_string}\"},\"query-input\":{\"@type\":\"PropertyValueSpecification\",\"valueRequired\":true,\"valueName\":\"search_term_string\"}}],\"inLanguage\":\"fr-FR\"},{\"@type\":\"Organization\",\"@id\":\"https:\/\/dutchmicrodosing.com\/fr\/#organization\",\"name\":\"Dutchmicrodosing\",\"url\":\"https:\/\/dutchmicrodosing.com\/fr\/\",\"logo\":{\"@type\":\"ImageObject\",\"inLanguage\":\"fr-FR\",\"@id\":\"https:\/\/dutchmicrodosing.com\/fr\/#\/schema\/logo\/image\/\",\"url\":\"https:\/\/dutchmicrodosing.com\/wp-content\/uploads\/2021\/01\/microdosing-categorie-pic-nieuw.jpg\",\"contentUrl\":\"https:\/\/dutchmicrodosing.com\/wp-content\/uploads\/2021\/01\/microdosing-categorie-pic-nieuw.jpg\",\"width\":500,\"height\":500,\"caption\":\"Dutchmicrodosing\"},\"image\":{\"@id\":\"https:\/\/dutchmicrodosing.com\/fr\/#\/schema\/logo\/image\/\"},\"sameAs\":[\"https:\/\/www.facebook.com\/Dutchmicrodosingxp\/\",\"https:\/\/www.instagram.com\/dutchmicrodosing\/\"]}]}<\/script>\n<meta property=\"product:price:amount\" content=\"39.95\" \/>\n<meta property=\"product:price:currency\" content=\"EUR\" \/>\n<meta property=\"og:availability\" content=\"instock\" \/>\n<meta property=\"product:availability\" content=\"instock\" \/>\n<meta property=\"product:retailer_item_id\" content=\"0208725\" \/>\n<meta property=\"product:condition\" content=\"new\" \/>\n<!-- \/ Yoast SEO Premium plugin. -->","yoast_head_json":{"title":"Achetez votre kit de culture Ecuador XP en ligne | Emball\u00e9 tr\u00e8s discr\u00e8tement","description":"Voulez-vous aussi un voyage inoubliable avec les champignons d'\u00c9quateur et avez-vous d\u00e9j\u00e0 fait plusieurs voyages ? Voir tous les kits de culture ici","robots":{"index":"index","follow":"follow","max-snippet":"max-snippet:-1","max-image-preview":"max-image-preview:large","max-video-preview":"max-video-preview:-1"},"canonical":"https:\/\/dutchmicrodosing.com\/fr\/champignons-magiques\/kits-de-culture-fresh-mushroom\/equateur-xp\/","og_locale":"fr_FR","og_type":"article","og_title":"XP \u00e9quatorien","og_description":"Si vous avez d\u00e9j\u00e0 fait du tripping et que vous cherchez quelque chose de diff\u00e9rent, alors le champignon Fresh Mushrooms Ecuador XP est peut-\u00eatre fait pour","og_url":"https:\/\/dutchmicrodosing.com\/fr\/champignons-magiques\/kits-de-culture-fresh-mushroom\/equateur-xp\/","og_site_name":"Dutchmicrodosing","article_publisher":"https:\/\/www.facebook.com\/Dutchmicrodosingxp\/","article_modified_time":"2024-01-16T14:36:33+00:00","og_image":[{"width":500,"height":500,"url":"https:\/\/dutchmicrodosing.com\/wp-content\/uploads\/2021\/02\/Ecuador-xp.jpg","type":"image\/jpeg"}],"twitter_card":"summary_large_image","schema":{"@context":"https:\/\/schema.org","@graph":[{"@type":"WebPage","@id":"https:\/\/dutchmicrodosing.com\/fr\/champignons-magiques\/kits-de-culture-fresh-mushroom\/equateur-xp\/","url":"https:\/\/dutchmicrodosing.com\/fr\/champignons-magiques\/kits-de-culture-fresh-mushroom\/equateur-xp\/","name":"Achetez votre kit de culture Ecuador XP en ligne | Emball\u00e9 tr\u00e8s discr\u00e8tement","isPartOf":{"@id":"https:\/\/dutchmicrodosing.com\/fr\/#website"},"primaryImageOfPage":{"@id":"https:\/\/dutchmicrodosing.com\/fr\/champignons-magiques\/kits-de-culture-fresh-mushroom\/equateur-xp\/#primaryimage"},"image":{"@id":"https:\/\/dutchmicrodosing.com\/fr\/champignons-magiques\/kits-de-culture-fresh-mushroom\/equateur-xp\/#primaryimage"},"thumbnailUrl":"https:\/\/dutchmicrodosing.com\/wp-content\/uploads\/2021\/02\/Ecuador-xp.jpg","datePublished":"2021-05-04T18:59:39+00:00","dateModified":"2024-01-16T14:36:33+00:00","description":"Voulez-vous aussi un voyage inoubliable avec les champignons d'\u00c9quateur et avez-vous d\u00e9j\u00e0 fait plusieurs voyages ? Voir tous les kits de culture ici","breadcrumb":{"@id":"https:\/\/dutchmicrodosing.com\/fr\/champignons-magiques\/kits-de-culture-fresh-mushroom\/equateur-xp\/#breadcrumb"},"inLanguage":"fr-FR","potentialAction":[{"@type":"ReadAction","target":["https:\/\/dutchmicrodosing.com\/fr\/champignons-magiques\/kits-de-culture-fresh-mushroom\/equateur-xp\/"]}]},{"@type":"ImageObject","inLanguage":"fr-FR","@id":"https:\/\/dutchmicrodosing.com\/fr\/champignons-magiques\/kits-de-culture-fresh-mushroom\/equateur-xp\/#primaryimage","url":"https:\/\/dutchmicrodosing.com\/wp-content\/uploads\/2021\/02\/Ecuador-xp.jpg","contentUrl":"https:\/\/dutchmicrodosing.com\/wp-content\/uploads\/2021\/02\/Ecuador-xp.jpg","width":500,"height":500},{"@type":"BreadcrumbList","@id":"https:\/\/dutchmicrodosing.com\/fr\/champignons-magiques\/kits-de-culture-fresh-mushroom\/equateur-xp\/#breadcrumb","itemListElement":[{"@type":"ListItem","position":1,"name":"Home","item":"https:\/\/dutchmicrodosing.com\/fr\/"},{"@type":"ListItem","position":2,"name":"Boutique","item":"https:\/\/dutchmicrodosing.com\/fr\/boutique\/"},{"@type":"ListItem","position":3,"name":"XP \u00e9quatorien"}]},{"@type":"WebSite","@id":"https:\/\/dutchmicrodosing.com\/fr\/#website","url":"https:\/\/dutchmicrodosing.com\/fr\/","name":"Dutchmicrodosing","description":"","publisher":{"@id":"https:\/\/dutchmicrodosing.com\/fr\/#organization"},"potentialAction":[{"@type":"SearchAction","target":{"@type":"EntryPoint","urlTemplate":"https:\/\/dutchmicrodosing.com\/fr\/?s={search_term_string}"},"query-input":{"@type":"PropertyValueSpecification","valueRequired":true,"valueName":"search_term_string"}}],"inLanguage":"fr-FR"},{"@type":"Organization","@id":"https:\/\/dutchmicrodosing.com\/fr\/#organization","name":"Dutchmicrodosing","url":"https:\/\/dutchmicrodosing.com\/fr\/","logo":{"@type":"ImageObject","inLanguage":"fr-FR","@id":"https:\/\/dutchmicrodosing.com\/fr\/#\/schema\/logo\/image\/","url":"https:\/\/dutchmicrodosing.com\/wp-content\/uploads\/2021\/01\/microdosing-categorie-pic-nieuw.jpg","contentUrl":"https:\/\/dutchmicrodosing.com\/wp-content\/uploads\/2021\/01\/microdosing-categorie-pic-nieuw.jpg","width":500,"height":500,"caption":"Dutchmicrodosing"},"image":{"@id":"https:\/\/dutchmicrodosing.com\/fr\/#\/schema\/logo\/image\/"},"sameAs":["https:\/\/www.facebook.com\/Dutchmicrodosingxp\/","https:\/\/www.instagram.com\/dutchmicrodosing\/"]}]},"product_price_amount":"39.95","product_price_currency":"EUR","og_availability":"instock","product_availability":"instock","product_retailer_item_id":"0208725","product_condition":"new"},"_links":{"self":[{"href":"https:\/\/dutchmicrodosing.com\/fr\/wp-json\/wp\/v2\/product\/4959","targetHints":{"allow":["GET"]}}],"collection":[{"href":"https:\/\/dutchmicrodosing.com\/fr\/wp-json\/wp\/v2\/product"}],"about":[{"href":"https:\/\/dutchmicrodosing.com\/fr\/wp-json\/wp\/v2\/types\/product"}],"replies":[{"embeddable":true,"href":"https:\/\/dutchmicrodosing.com\/fr\/wp-json\/wp\/v2\/comments?post=4959"}],"version-history":[{"count":0,"href":"https:\/\/dutchmicrodosing.com\/fr\/wp-json\/wp\/v2\/product\/4959\/revisions"}],"wp:featuredmedia":[{"embeddable":true,"href":"https:\/\/dutchmicrodosing.com\/fr\/wp-json\/wp\/v2\/media\/3578"}],"wp:attachment":[{"href":"https:\/\/dutchmicrodosing.com\/fr\/wp-json\/wp\/v2\/media?parent=4959"}],"wp:term":[{"taxonomy":"product_brand","embeddable":true,"href":"https:\/\/dutchmicrodosing.com\/fr\/wp-json\/wp\/v2\/product_brand?post=4959"},{"taxonomy":"product_cat","embeddable":true,"href":"https:\/\/dutchmicrodosing.com\/fr\/wp-json\/wp\/v2\/product_cat?post=4959"},{"taxonomy":"product_tag","embeddable":true,"href":"https:\/\/dutchmicrodosing.com\/fr\/wp-json\/wp\/v2\/product_tag?post=4959"}],"curies":[{"name":"wp","href":"https:\/\/api.w.org\/{rel}","templated":true}]}}