{"id":4960,"date":"2021-03-08T17:08:27","date_gmt":"2021-05-04T19:00:06","guid":{"rendered":"https:\/\/dutchmicrodosing.com\/shop\/non%20class\u00e9\/mexique-xp\/"},"modified":"2024-01-16T15:43:35","modified_gmt":"2024-01-16T14:43:35","slug":"mexicain-xp","status":"publish","type":"product","link":"https:\/\/dutchmicrodosing.com\/fr\/champignons-magiques\/kits-de-culture-fresh-mushroom\/mexicain-xp\/","title":{"rendered":"Mexique XP"},"content":{"rendered":"<p>Le champignon magique mexicain est peut-\u00eatre le plus c\u00e9l\u00e8bre de tous les champignons magiques. C&rsquo;est en partie parce qu&rsquo;il a \u00e9t\u00e9 le premier \u00e0 \u00eatre identifi\u00e9 comme psychoactif, mais aussi parce que c&rsquo;est un champignon magique tr\u00e8s agr\u00e9able pour les d\u00e9butants. Avec le <strong>kit de culture mexicaine Fresh Mushrooms<\/strong>, vous pouvez facilement cultiver ces champignons aux effets doux chez vous.<\/p>\n<h3>Le champignon magique mexicain doux<\/h3>\n<p>Si vous n&rsquo;avez pas encore d&rsquo;exp\u00e9rience en mati\u00e8re de tripping, il est pr\u00e9f\u00e9rable de commencer doucement. On ne va pas sur les montagnes russes les plus effrayantes d&rsquo;un parc d&rsquo;attractions. Il convient donc de commencer par un champignon doux, le champignon mexicain (Stropharia Cubensis). Avec le Mexicain, vous pouvez exp\u00e9rimenter en toute s\u00e9curit\u00e9 ce qu&rsquo;il vous fait, car les effets ne sont pas tr\u00e8s intenses.<\/p>\n<h2>Les effets des champignons mexicains<\/h2>\n<p>Les anciens Azt\u00e8ques connaissaient d\u00e9j\u00e0 les effets du champignon magique mexicain. Ce n&rsquo;est pas pour rien qu&rsquo;ils appellent ces champignons magiques \u00ab\u00a0la chair des dieux\u00a0\u00bb. Pendant un voyage, l&rsquo;esprit s&rsquo;ouvre et ils pensaient que cela leur permettait d&rsquo;entrer plus facilement en contact avec les Dieux. Mais vous pouvez bien s\u00fbr continuer \u00e0 prendre plaisir \u00e0 triper, avec l&rsquo;aide du kit de culture Fresh Mushrooms Mexican XP.<\/p>\n<p>Ces champignons donnent un bon trip avec des effets agr\u00e9ables et doux. Vous pouvez avoir des hallucinations visuelles, o\u00f9 vous voyez des couleurs ou des motifs. Tous vos sens peuvent devenir plus aiguis\u00e9s et vous perdez votre emprise sur le temps et l&rsquo;espace. Les voyages avec des champignons mexicains sont en g\u00e9n\u00e9ral tr\u00e8s relaxants. La plupart des gens se sentent bien et flottent un peu, comme si on r\u00eavait. Avec le champignon mexicain, vous partez en voyage, mais dans votre propre monde int\u00e9rieur. En voyageant, vous apprenez souvent beaucoup sur vous-m\u00eame ou sur le monde qui vous entoure.<\/p>\n<h2>Kit de culture manuelle mexicaine<\/h2>\n<p><a href=\"https:\/\/dutchmicrodosing.fr\/growkit_manual\/\">T\u00e9l\u00e9charger ici : Manuel du kit de culture de champignons frais<\/a><\/p>\n<ol>\n<li>Sortez le kit de culture, le sac en plastique et le trombone de la bo\u00eete. Retirez le couvercle du kit de culture (conservez le couvercle dans un endroit s\u00fbr). Rincez le couvercle \u00e0 l&rsquo;eau courante. Vous en aurez \u00e0 nouveau besoin plus tard.<\/li>\n<li>Placez le kit de culture sans couvercle dans le sac en plastique fourni. Faites glisser l&rsquo;ouverture du sac sous le fond avec la micro perforation vers le haut. L&rsquo;ouverture du sac est maintenant largement ferm\u00e9e. Il n&rsquo;y a pas lieu de s&rsquo;inqui\u00e9ter de la circulation de l&rsquo;air.<\/li>\n<li>D\u00e8s que vous voyez des petites boules pousser, vous pouvez commencer \u00e0 redresser le sac. Ne pas arroser. Les premiers champignons seront visibles apr\u00e8s environ une semaine.<\/li>\n<li>Placez le kit de culture dans un endroit suffisamment \u00e9clair\u00e9 par la lumi\u00e8re du jour et \u00e0 une temp\u00e9rature comprise entre 18 \u00b0C et 28 \u00b0C. Ne placez JAMAIS le set de culture en plein soleil. Bien que les champignons poussent \u00e0 presque toutes les temp\u00e9ratures sup\u00e9rieures \u00e0 15 \u00b0C, 23 \u00b0C est la temp\u00e9rature id\u00e9ale pour une r\u00e9colte optimale. Des tapis chauffants sp\u00e9ciaux sont disponibles pour garantir cette temp\u00e9rature et ne pas avoir \u00e0 chauffer toute la pi\u00e8ce.<\/li>\n<li>\u00c0 partir de ce stade, laissez le sac l\u00e9g\u00e8rement ouvert afin que l&rsquo;humidit\u00e9 puisse s&rsquo;\u00e9vaporer un peu. Un exc\u00e8s d&rsquo;humidit\u00e9 n&rsquo;est pas bon. Votre premi\u00e8re r\u00e9colte aura lieu environ une semaine apr\u00e8s l&rsquo;apparition des premiers bulbes. Veillez \u00e0 r\u00e9colter avant que les premi\u00e8res spores ne tombent !<\/li>\n<li>Ces ensembles produisent de multiples r\u00e9coltes de champignons. Pour ce faire, remplissez le kit avec de l&rsquo;eau du robinet propre apr\u00e8s la premi\u00e8re r\u00e9colte. Ce processus, connu sous le nom de choc froid, insuffle une nouvelle vie au myc\u00e9lium et garantit une humidit\u00e9 suffisante pour la croissance des champignons.<\/li>\n<li>Replacez le couvercle du kit de culture sur le kit. Laissez l&rsquo;ensemble reposer pendant 12 heures. Ouvrez un coin du couvercle et laissez l&rsquo;exc\u00e9dent d&rsquo;eau s&rsquo;\u00e9couler. A partir de l\u00e0, vous pouvez suivre \u00e0 nouveau les instructions de l&rsquo;\u00e9tape 1. Ce processus peut \u00eatre r\u00e9p\u00e9t\u00e9 plusieurs fois.<\/li>\n<\/ol>\n<div>\n<h2>La r\u00e9colte :<\/h2>\n<p>Les kits de culture de champignons frais produisent leur premi\u00e8re r\u00e9colte assez rapidement. Apr\u00e8s une semaine, les premiers bourgeons sont d\u00e9j\u00e0 visibles. Les temp\u00e9ratures basses et \u00e9lev\u00e9es peuvent ralentir quelque peu ce processus de croissance. Une fois que les bourgeons sont visibles, il faut g\u00e9n\u00e9ralement une semaine pour que les champignons se d\u00e9veloppent pleinement. Le moment de la r\u00e9colte est extr\u00eamement important. Lorsque les membranes sous les chapeaux sont encore serr\u00e9es, mais risquent d&rsquo;\u00e9clater ou de se d\u00e9tacher sous l&rsquo;effet de la force des chapeaux, il est temps de r\u00e9colter.<\/p>\n<\/div>\n<h2>Rendement mexicain 100% kit de culture de myc\u00e9lium<\/h2>\n<p>Un kit de culture mexicain de 1200 cc de Freshmushrooms permet de r\u00e9colter entre 500 et 800 g de champignons frais ou 50-80 g de champignons s\u00e9ch\u00e9s.<\/p>\n<h3>Dosage des champignons \u00e0 la mexicaine<\/h3>\n<p>Si vous voulez voyager avec des champignons frais mexicains, il est sage de les doser avec pr\u00e9cision. Utilisez une balance pour les peser. Lors du dosage, votre propre poids, votre exp\u00e9rience et l&rsquo;intensit\u00e9 souhait\u00e9e du voyage jouent un r\u00f4le. Plus vous prenez de champignons, plus l&#8217;embout sera intense. Les d\u00e9butants doivent donc \u00eatre prudents et prendre une faible dose. Utilisez les lignes directrices ci-dessous pour d\u00e9terminer le nombre de champignons que vous pouvez prendre :<\/p>\n<p>Pour le microdosage :<\/p>\n<p>Microdosage : 0,2 gramme de champignons s\u00e9ch\u00e9s | 2 grammes de champignons frais<\/p>\n<p>Pour le d\u00e9clenchement, vous pouvez supposer les montants suivants :<\/p>\n<ul>\n<li>Trip l\u00e9ger : 1 gramme de champignons s\u00e9ch\u00e9s | 9 grammes de champignons frais<\/li>\n<li>Voyage normal : 2 grammes de champignons s\u00e9ch\u00e9s | 21 grammes de champignons frais<\/li>\n<li>Voyage intense : 3,5 grammes de champignons s\u00e9ch\u00e9s | 35 grammes de champignons frais<\/li>\n<\/ul>\n<p>Si vous avez choisi la bonne dose, vous pouvez d\u00e9cider comment vous voulez prendre les champignons. Vous pouvez les manger fra\u00eeches ou s\u00e9ch\u00e9es, mais ce n&rsquo;est pas tr\u00e8s savoureux. Il est \u00e9galement possible de faire du th\u00e9. Faites bouillir de l&rsquo;eau et pesez la bonne quantit\u00e9 de champignons. Laissez l&rsquo;eau refroidir pendant un moment, puis versez-la sur les champignons. Le th\u00e9 doit \u00eatre infus\u00e9 pendant 20 minutes, apr\u00e8s quoi vous pouvez le boire.<\/p>\n<h3>Pr\u00e9parez votre voyage<\/h3>\n<p>Avec une bonne pr\u00e9paration, vous augmentez les chances de faire un bon voyage. Il est donc important de r\u00e9fl\u00e9chir \u00e0 l&rsquo;endroit o\u00f9 vous allez faire votre voyage (un endroit o\u00f9 vous vous sentez bien) et aux personnes qui seront pr\u00e9sentes. De pr\u00e9f\u00e9rence de bons amis, des gens en qui vous pouvez avoir confiance. Si vous ne vous sentez pas bien dans votre peau ou si vous vous sentez mal \u00e0 l&rsquo;aise, vous pouvez faire un mauvais voyage.<\/p>\n<p>Assurez-vous \u00e9galement que vous avez un bon ami pr\u00e8s de chez vous qui veut \u00eatre un \u00ab\u00a0tripsitter\u00a0\u00bb. Il ou elle ne prendra pas de champignons magiques, d&rsquo;alcool ou d&rsquo;autres drogues. Le tripsitter garde un \u0153il sur vous et peut vous aider si le voyage devient subitement trop intense. Le r\u00e9confort d&rsquo;une telle personne peut faire toute la diff\u00e9rence. Une autre bonne chose \u00e0 avoir est le trip stopper, qui peut prendre le bord d&rsquo;un voyage.<\/p>\n<h2>Acheter le kit de culture Fresh Mushrooms Mexican XP en ligne<\/h2>\n<p>Vous souhaitez vous familiariser avec le monde des champignons magiques ? Essayez alors le kit de culture Fresh Mushrooms XP. Cela facilite la culture \u00e0 domicile. Vous pouvez les commander dans notre boutique en ligne et le colis vous sera envoy\u00e9 rapidement.<\/p>\n","protected":false},"excerpt":{"rendered":"<p>Le champignon magique mexicain est peut-\u00eatre le plus c\u00e9l\u00e8bre de tous les champignons magiques. C&rsquo;est en partie parce qu&rsquo;il a \u00e9t\u00e9 le premier \u00e0 \u00eatre identifi\u00e9 comme psychoactif, mais aussi parce que c&rsquo;est un champignon magique tr\u00e8s agr\u00e9able pour les d\u00e9butants. Avec le kit de culture mexicaine Fresh Mushrooms, vous pouvez facilement cultiver ces champignons [&hellip;]<\/p>\n","protected":false},"featured_media":3594,"comment_status":"open","ping_status":"closed","template":"","meta":[],"product_brand":[],"product_cat":[130],"product_tag":[],"class_list":{"0":"post-4960","1":"product","2":"type-product","3":"status-publish","4":"has-post-thumbnail","6":"product_cat-kits-de-culture-fresh-mushroom","8":"first","9":"instock","10":"taxable","11":"shipping-taxable","12":"purchasable","13":"product-type-simple"},"yoast_head":"<!-- This site is optimized with the Yoast SEO Premium plugin v26.4 (Yoast SEO v27.4) - https:\/\/yoast.com\/product\/yoast-seo-premium-wordpress\/ -->\n<title>Acheter le kit de culture Fresh Mushrooms Mexican XP en ligne<\/title>\n<meta name=\"description\" content=\"Vous souhaitez vous familiariser avec le monde des champignons magiques ? Essayez alors le kit de culture Fresh Mushrooms XP.\" \/>\n<meta name=\"robots\" content=\"index, follow, max-snippet:-1, max-image-preview:large, max-video-preview:-1\" \/>\n<link rel=\"canonical\" href=\"https:\/\/dutchmicrodosing.com\/fr\/champignons-magiques\/kits-de-culture-fresh-mushroom\/mexicain-xp\/\" \/>\n<meta property=\"og:locale\" content=\"fr_FR\" \/>\n<meta property=\"og:type\" content=\"article\" \/>\n<meta property=\"og:title\" content=\"Mexique XP\" \/>\n<meta property=\"og:description\" content=\"Le champignon magique mexicain est peut-\u00eatre le plus c\u00e9l\u00e8bre de tous les champignons magiques. C&#039;est en partie parce qu&#039;il a \u00e9t\u00e9 le premier \u00e0 \u00eatre\" \/>\n<meta property=\"og:url\" content=\"https:\/\/dutchmicrodosing.com\/fr\/champignons-magiques\/kits-de-culture-fresh-mushroom\/mexicain-xp\/\" \/>\n<meta property=\"og:site_name\" content=\"Dutchmicrodosing\" \/>\n<meta property=\"article:publisher\" content=\"https:\/\/www.facebook.com\/Dutchmicrodosingxp\/\" \/>\n<meta property=\"article:modified_time\" content=\"2024-01-16T14:43:35+00:00\" \/>\n<meta property=\"og:image\" content=\"https:\/\/dutchmicrodosing.com\/wp-content\/uploads\/2021\/02\/Mexican.jpg\" \/>\n\t<meta property=\"og:image:width\" content=\"500\" \/>\n\t<meta property=\"og:image:height\" content=\"500\" \/>\n\t<meta property=\"og:image:type\" content=\"image\/jpeg\" \/>\n<meta name=\"twitter:card\" content=\"summary_large_image\" \/>\n<script type=\"application\/ld+json\" class=\"yoast-schema-graph\">{\"@context\":\"https:\\\/\\\/schema.org\",\"@graph\":[{\"@type\":\"WebPage\",\"@id\":\"https:\\\/\\\/dutchmicrodosing.com\\\/fr\\\/champignons-magiques\\\/kits-de-culture-fresh-mushroom\\\/mexicain-xp\\\/\",\"url\":\"https:\\\/\\\/dutchmicrodosing.com\\\/fr\\\/champignons-magiques\\\/kits-de-culture-fresh-mushroom\\\/mexicain-xp\\\/\",\"name\":\"Acheter le kit de culture Fresh Mushrooms Mexican XP en ligne\",\"isPartOf\":{\"@id\":\"https:\\\/\\\/dutchmicrodosing.com\\\/fr\\\/#website\"},\"primaryImageOfPage\":{\"@id\":\"https:\\\/\\\/dutchmicrodosing.com\\\/fr\\\/champignons-magiques\\\/kits-de-culture-fresh-mushroom\\\/mexicain-xp\\\/#primaryimage\"},\"image\":{\"@id\":\"https:\\\/\\\/dutchmicrodosing.com\\\/fr\\\/champignons-magiques\\\/kits-de-culture-fresh-mushroom\\\/mexicain-xp\\\/#primaryimage\"},\"thumbnailUrl\":\"https:\\\/\\\/dutchmicrodosing.com\\\/wp-content\\\/uploads\\\/2021\\\/02\\\/Mexican.jpg\",\"datePublished\":\"2021-05-04T19:00:06+00:00\",\"dateModified\":\"2024-01-16T14:43:35+00:00\",\"description\":\"Vous souhaitez vous familiariser avec le monde des champignons magiques ? Essayez alors le kit de culture Fresh Mushrooms XP.\",\"breadcrumb\":{\"@id\":\"https:\\\/\\\/dutchmicrodosing.com\\\/fr\\\/champignons-magiques\\\/kits-de-culture-fresh-mushroom\\\/mexicain-xp\\\/#breadcrumb\"},\"inLanguage\":\"fr-FR\",\"potentialAction\":[{\"@type\":\"ReadAction\",\"target\":[\"https:\\\/\\\/dutchmicrodosing.com\\\/fr\\\/champignons-magiques\\\/kits-de-culture-fresh-mushroom\\\/mexicain-xp\\\/\"]}]},{\"@type\":\"ImageObject\",\"inLanguage\":\"fr-FR\",\"@id\":\"https:\\\/\\\/dutchmicrodosing.com\\\/fr\\\/champignons-magiques\\\/kits-de-culture-fresh-mushroom\\\/mexicain-xp\\\/#primaryimage\",\"url\":\"https:\\\/\\\/dutchmicrodosing.com\\\/wp-content\\\/uploads\\\/2021\\\/02\\\/Mexican.jpg\",\"contentUrl\":\"https:\\\/\\\/dutchmicrodosing.com\\\/wp-content\\\/uploads\\\/2021\\\/02\\\/Mexican.jpg\",\"width\":500,\"height\":500},{\"@type\":\"BreadcrumbList\",\"@id\":\"https:\\\/\\\/dutchmicrodosing.com\\\/fr\\\/champignons-magiques\\\/kits-de-culture-fresh-mushroom\\\/mexicain-xp\\\/#breadcrumb\",\"itemListElement\":[{\"@type\":\"ListItem\",\"position\":1,\"name\":\"Home\",\"item\":\"https:\\\/\\\/dutchmicrodosing.com\\\/fr\\\/\"},{\"@type\":\"ListItem\",\"position\":2,\"name\":\"Boutique\",\"item\":\"https:\\\/\\\/dutchmicrodosing.com\\\/fr\\\/boutique\\\/\"},{\"@type\":\"ListItem\",\"position\":3,\"name\":\"Mexique XP\"}]},{\"@type\":\"WebSite\",\"@id\":\"https:\\\/\\\/dutchmicrodosing.com\\\/fr\\\/#website\",\"url\":\"https:\\\/\\\/dutchmicrodosing.com\\\/fr\\\/\",\"name\":\"Dutchmicrodosing\",\"description\":\"\",\"publisher\":{\"@id\":\"https:\\\/\\\/dutchmicrodosing.com\\\/fr\\\/#organization\"},\"potentialAction\":[{\"@type\":\"SearchAction\",\"target\":{\"@type\":\"EntryPoint\",\"urlTemplate\":\"https:\\\/\\\/dutchmicrodosing.com\\\/fr\\\/?s={search_term_string}\"},\"query-input\":{\"@type\":\"PropertyValueSpecification\",\"valueRequired\":true,\"valueName\":\"search_term_string\"}}],\"inLanguage\":\"fr-FR\"},{\"@type\":\"Organization\",\"@id\":\"https:\\\/\\\/dutchmicrodosing.com\\\/fr\\\/#organization\",\"name\":\"Dutchmicrodosing\",\"url\":\"https:\\\/\\\/dutchmicrodosing.com\\\/fr\\\/\",\"logo\":{\"@type\":\"ImageObject\",\"inLanguage\":\"fr-FR\",\"@id\":\"https:\\\/\\\/dutchmicrodosing.com\\\/fr\\\/#\\\/schema\\\/logo\\\/image\\\/\",\"url\":\"https:\\\/\\\/dutchmicrodosing.com\\\/wp-content\\\/uploads\\\/2021\\\/01\\\/microdosing-categorie-pic-nieuw.jpg\",\"contentUrl\":\"https:\\\/\\\/dutchmicrodosing.com\\\/wp-content\\\/uploads\\\/2021\\\/01\\\/microdosing-categorie-pic-nieuw.jpg\",\"width\":500,\"height\":500,\"caption\":\"Dutchmicrodosing\"},\"image\":{\"@id\":\"https:\\\/\\\/dutchmicrodosing.com\\\/fr\\\/#\\\/schema\\\/logo\\\/image\\\/\"},\"sameAs\":[\"https:\\\/\\\/www.facebook.com\\\/Dutchmicrodosingxp\\\/\",\"https:\\\/\\\/www.instagram.com\\\/dutchmicrodosing\\\/\"]}]}<\/script>\n<meta property=\"product:price:amount\" content=\"39.95\" \/>\n<meta property=\"product:price:currency\" content=\"EUR\" \/>\n<meta property=\"og:availability\" content=\"instock\" \/>\n<meta property=\"product:availability\" content=\"instock\" \/>\n<meta property=\"product:retailer_item_id\" content=\"0208285\" \/>\n<meta property=\"product:condition\" content=\"new\" \/>\n<!-- \/ Yoast SEO Premium plugin. -->","yoast_head_json":{"title":"Acheter le kit de culture Fresh Mushrooms Mexican XP en ligne","description":"Vous souhaitez vous familiariser avec le monde des champignons magiques ? Essayez alors le kit de culture Fresh Mushrooms XP.","robots":{"index":"index","follow":"follow","max-snippet":"max-snippet:-1","max-image-preview":"max-image-preview:large","max-video-preview":"max-video-preview:-1"},"canonical":"https:\/\/dutchmicrodosing.com\/fr\/champignons-magiques\/kits-de-culture-fresh-mushroom\/mexicain-xp\/","og_locale":"fr_FR","og_type":"article","og_title":"Mexique XP","og_description":"Le champignon magique mexicain est peut-\u00eatre le plus c\u00e9l\u00e8bre de tous les champignons magiques. C'est en partie parce qu'il a \u00e9t\u00e9 le premier \u00e0 \u00eatre","og_url":"https:\/\/dutchmicrodosing.com\/fr\/champignons-magiques\/kits-de-culture-fresh-mushroom\/mexicain-xp\/","og_site_name":"Dutchmicrodosing","article_publisher":"https:\/\/www.facebook.com\/Dutchmicrodosingxp\/","article_modified_time":"2024-01-16T14:43:35+00:00","og_image":[{"width":500,"height":500,"url":"https:\/\/dutchmicrodosing.com\/wp-content\/uploads\/2021\/02\/Mexican.jpg","type":"image\/jpeg"}],"twitter_card":"summary_large_image","schema":{"@context":"https:\/\/schema.org","@graph":[{"@type":"WebPage","@id":"https:\/\/dutchmicrodosing.com\/fr\/champignons-magiques\/kits-de-culture-fresh-mushroom\/mexicain-xp\/","url":"https:\/\/dutchmicrodosing.com\/fr\/champignons-magiques\/kits-de-culture-fresh-mushroom\/mexicain-xp\/","name":"Acheter le kit de culture Fresh Mushrooms Mexican XP en ligne","isPartOf":{"@id":"https:\/\/dutchmicrodosing.com\/fr\/#website"},"primaryImageOfPage":{"@id":"https:\/\/dutchmicrodosing.com\/fr\/champignons-magiques\/kits-de-culture-fresh-mushroom\/mexicain-xp\/#primaryimage"},"image":{"@id":"https:\/\/dutchmicrodosing.com\/fr\/champignons-magiques\/kits-de-culture-fresh-mushroom\/mexicain-xp\/#primaryimage"},"thumbnailUrl":"https:\/\/dutchmicrodosing.com\/wp-content\/uploads\/2021\/02\/Mexican.jpg","datePublished":"2021-05-04T19:00:06+00:00","dateModified":"2024-01-16T14:43:35+00:00","description":"Vous souhaitez vous familiariser avec le monde des champignons magiques ? Essayez alors le kit de culture Fresh Mushrooms XP.","breadcrumb":{"@id":"https:\/\/dutchmicrodosing.com\/fr\/champignons-magiques\/kits-de-culture-fresh-mushroom\/mexicain-xp\/#breadcrumb"},"inLanguage":"fr-FR","potentialAction":[{"@type":"ReadAction","target":["https:\/\/dutchmicrodosing.com\/fr\/champignons-magiques\/kits-de-culture-fresh-mushroom\/mexicain-xp\/"]}]},{"@type":"ImageObject","inLanguage":"fr-FR","@id":"https:\/\/dutchmicrodosing.com\/fr\/champignons-magiques\/kits-de-culture-fresh-mushroom\/mexicain-xp\/#primaryimage","url":"https:\/\/dutchmicrodosing.com\/wp-content\/uploads\/2021\/02\/Mexican.jpg","contentUrl":"https:\/\/dutchmicrodosing.com\/wp-content\/uploads\/2021\/02\/Mexican.jpg","width":500,"height":500},{"@type":"BreadcrumbList","@id":"https:\/\/dutchmicrodosing.com\/fr\/champignons-magiques\/kits-de-culture-fresh-mushroom\/mexicain-xp\/#breadcrumb","itemListElement":[{"@type":"ListItem","position":1,"name":"Home","item":"https:\/\/dutchmicrodosing.com\/fr\/"},{"@type":"ListItem","position":2,"name":"Boutique","item":"https:\/\/dutchmicrodosing.com\/fr\/boutique\/"},{"@type":"ListItem","position":3,"name":"Mexique XP"}]},{"@type":"WebSite","@id":"https:\/\/dutchmicrodosing.com\/fr\/#website","url":"https:\/\/dutchmicrodosing.com\/fr\/","name":"Dutchmicrodosing","description":"","publisher":{"@id":"https:\/\/dutchmicrodosing.com\/fr\/#organization"},"potentialAction":[{"@type":"SearchAction","target":{"@type":"EntryPoint","urlTemplate":"https:\/\/dutchmicrodosing.com\/fr\/?s={search_term_string}"},"query-input":{"@type":"PropertyValueSpecification","valueRequired":true,"valueName":"search_term_string"}}],"inLanguage":"fr-FR"},{"@type":"Organization","@id":"https:\/\/dutchmicrodosing.com\/fr\/#organization","name":"Dutchmicrodosing","url":"https:\/\/dutchmicrodosing.com\/fr\/","logo":{"@type":"ImageObject","inLanguage":"fr-FR","@id":"https:\/\/dutchmicrodosing.com\/fr\/#\/schema\/logo\/image\/","url":"https:\/\/dutchmicrodosing.com\/wp-content\/uploads\/2021\/01\/microdosing-categorie-pic-nieuw.jpg","contentUrl":"https:\/\/dutchmicrodosing.com\/wp-content\/uploads\/2021\/01\/microdosing-categorie-pic-nieuw.jpg","width":500,"height":500,"caption":"Dutchmicrodosing"},"image":{"@id":"https:\/\/dutchmicrodosing.com\/fr\/#\/schema\/logo\/image\/"},"sameAs":["https:\/\/www.facebook.com\/Dutchmicrodosingxp\/","https:\/\/www.instagram.com\/dutchmicrodosing\/"]}]},"product_price_amount":"39.95","product_price_currency":"EUR","og_availability":"instock","product_availability":"instock","product_retailer_item_id":"0208285","product_condition":"new"},"_links":{"self":[{"href":"https:\/\/dutchmicrodosing.com\/fr\/wp-json\/wp\/v2\/product\/4960","targetHints":{"allow":["GET"]}}],"collection":[{"href":"https:\/\/dutchmicrodosing.com\/fr\/wp-json\/wp\/v2\/product"}],"about":[{"href":"https:\/\/dutchmicrodosing.com\/fr\/wp-json\/wp\/v2\/types\/product"}],"replies":[{"embeddable":true,"href":"https:\/\/dutchmicrodosing.com\/fr\/wp-json\/wp\/v2\/comments?post=4960"}],"version-history":[{"count":0,"href":"https:\/\/dutchmicrodosing.com\/fr\/wp-json\/wp\/v2\/product\/4960\/revisions"}],"wp:featuredmedia":[{"embeddable":true,"href":"https:\/\/dutchmicrodosing.com\/fr\/wp-json\/wp\/v2\/media\/3594"}],"wp:attachment":[{"href":"https:\/\/dutchmicrodosing.com\/fr\/wp-json\/wp\/v2\/media?parent=4960"}],"wp:term":[{"taxonomy":"product_brand","embeddable":true,"href":"https:\/\/dutchmicrodosing.com\/fr\/wp-json\/wp\/v2\/product_brand?post=4960"},{"taxonomy":"product_cat","embeddable":true,"href":"https:\/\/dutchmicrodosing.com\/fr\/wp-json\/wp\/v2\/product_cat?post=4960"},{"taxonomy":"product_tag","embeddable":true,"href":"https:\/\/dutchmicrodosing.com\/fr\/wp-json\/wp\/v2\/product_tag?post=4960"}],"curies":[{"name":"wp","href":"https:\/\/api.w.org\/{rel}","templated":true}]}}