{"id":4963,"date":"2021-02-27T22:51:41","date_gmt":"2021-02-27T21:51:41","guid":{"rendered":"https:\/\/dutchmicrodosing.com\/shop\/non%20class\u00e9\/womans-multi-vit-30-caps\/"},"modified":"2025-08-27T09:41:22","modified_gmt":"2025-08-27T07:41:22","slug":"femmes-multi-vit-30-caps","status":"publish","type":"product","link":"https:\/\/dutchmicrodosing.com\/fr\/boutique-de-sante\/vitamines-et-supplements\/femmes-multi-vit-30-caps\/","title":{"rendered":"Woman&rsquo;s Multi Vit &#8211; 30 caps"},"content":{"rendered":"<p>Sp\u00e9cialement con\u00e7u pour r\u00e9pondre aux besoins sp\u00e9cifiques des femmes : <strong>Together&rsquo;s Woman&rsquo;s Multi Vit.<\/strong> Exactement ce dont la femme moderne a besoin. Toutes les valeurs nutritionnelles sont issues de l&rsquo;alimentation, des sources oc\u00e9aniques et des ingr\u00e9dients v\u00e9g\u00e9taux. Les compl\u00e9ments sont produits dans des conditions contr\u00f4l\u00e9es et \u00e0 basse temp\u00e9rature. Cela garantit que les valeurs nutritionnelles importantes sont conserv\u00e9es dans les compl\u00e9ments. En voici quelques exemples : enzymes et phytonutriments vivants, acides amin\u00e9s, oligo-\u00e9l\u00e9ments et autres cofacteurs bioactifs.<\/p>\n<p>Ce produit est enti\u00e8rement v\u00e9g\u00e9talien et ne contient aucun additif ou autre excipient. Il est livr\u00e9 dans un sac qui passe par la bo\u00eete aux lettres. Un sachet contient environ 30 capsules, ce qui \u00e9quivaut \u00e0 environ un mois d&rsquo;approvisionnement (une capsule par jour).<i><\/i><\/p>\n<h3>Ingr\u00e9dients<\/h3>\n<p>Concentr\u00e9 de levure avec : fer, s\u00e9l\u00e9nium, zinc, cuivre, chrome GTF, iode, niacine, acide pantoth\u00e9nique, riboflavine, vitamine B6, thiamine, vitamine B12 et mangan\u00e8se ; algue Lithothamnion Calcareum (fournit du magn\u00e9sium) ; vitamine C trait\u00e9e dans la pulpe d&rsquo;agrumes ; b\u00eata-carot\u00e8ne trait\u00e9 dans le concentr\u00e9 de carotte ; Vitamine E combin\u00e9e dans de l&rsquo;huile v\u00e9g\u00e9tale ; Biotine transform\u00e9e dans de la farine de ma\u00efs ; Acide folique et vitamine K2 transform\u00e9s dans du concentr\u00e9 de luzerne ; Extrait de tapioca ; lichen avec vitamine D3 et g\u00e9lule v\u00e9g\u00e9talienne (cellulose v\u00e9g\u00e9tale)B\u00eata-carot\u00e8ne 500\u03bcg.<\/p>\n<p><strong>Valeurs nutritionnelles par capsule :<\/strong><\/p>\n<ul>\n<li>Vitamine D3 10\u03bcg<\/li>\n<li>Vitamine E 2,5mg \u03b1-TE<\/li>\n<li>Vitamine C 25mg<\/li>\n<li>Thiamine (vitamine B1) 0,7mg<\/li>\n<li>Riboflavine (vitamine B2) 0,8mg<\/li>\n<li>Niacine (sous forme de Niacinamide) 5mg<\/li>\n<li>Vitamine B6 1,4mg<\/li>\n<li>Acide folique (en tant que Folate) 100\u03bcg<\/li>\n<li>Vitamine B12 (sous forme de m\u00e9thylcobalamine) 5\u03bcg<\/li>\n<li>Biotine 75\u03bcg<\/li>\n<li>Acide pantoth\u00e9nique (vitamine B5) 3mg<\/li>\n<li>Vitamine K2 20\u03bcg<\/li>\n<li>Fer 4,2mg<\/li>\n<li>Zinc 1,5mg<\/li>\n<li>Cuivre 250\u03bcg<\/li>\n<li>Magn\u00e9sium 55mg<\/li>\n<li>Mangan\u00e8se 0,3mg<\/li>\n<li>S\u00e9l\u00e9nium 30\u03bcg<\/li>\n<li>Chrome (G.T.F.) 30\u03bcg<\/li>\n<li>Iode 57\u03bcg<\/li>\n<li>Molybd\u00e8ne 15\u03bcg<\/li>\n<\/ul>\n<h3>Contenu<\/h3>\n<p>Together Woman&rsquo;s Multi Vit &#8211; 30 g\u00e9lules<\/p>\n","protected":false},"excerpt":{"rendered":"<p>Sp\u00e9cialement con\u00e7u pour r\u00e9pondre aux besoins sp\u00e9cifiques des femmes : Together&rsquo;s Woman&rsquo;s Multi Vit. Exactement ce dont la femme moderne a besoin. Toutes les valeurs nutritionnelles sont issues de l&rsquo;alimentation, des sources oc\u00e9aniques et des ingr\u00e9dients v\u00e9g\u00e9taux. Les compl\u00e9ments sont produits dans des conditions contr\u00f4l\u00e9es et \u00e0 basse temp\u00e9rature. Cela garantit que les valeurs nutritionnelles [&hellip;]<\/p>\n","protected":false},"featured_media":3294,"comment_status":"open","ping_status":"closed","template":"","meta":[],"product_brand":[],"product_cat":[291,131],"product_tag":[],"class_list":{"0":"post-4963","1":"product","2":"type-product","3":"status-publish","4":"has-post-thumbnail","6":"product_cat-supplements-pour-le-systeme-immunitaire","7":"product_cat-vitamines-et-supplements","9":"first","10":"outofstock","11":"taxable","12":"shipping-taxable","13":"purchasable","14":"product-type-simple"},"yoast_head":"<!-- This site is optimized with the Yoast SEO Premium plugin v26.4 (Yoast SEO v27.4) - https:\/\/yoast.com\/product\/yoast-seo-premium-wordpress\/ -->\n<title>Woman&#039;s Multi Vit - 30 caps - Dutchmicrodosing<\/title>\n<meta name=\"description\" content=\"Sp\u00e9cialement d\u00e9velopp\u00e9 pour les besoins uniques des femmes : le Woman&#039;s Multi Vit by Together. Exactement ce dont la femme moderne a besoin. Toutes les valeurs nutritionnelles\" \/>\n<meta name=\"robots\" content=\"index, follow, max-snippet:-1, max-image-preview:large, max-video-preview:-1\" \/>\n<link rel=\"canonical\" href=\"https:\/\/dutchmicrodosing.com\/fr\/boutique-de-sante\/vitamines-et-supplements\/femmes-multi-vit-30-caps\/\" \/>\n<meta property=\"og:locale\" content=\"fr_FR\" \/>\n<meta property=\"og:type\" content=\"article\" \/>\n<meta property=\"og:title\" content=\"Woman&#039;s Multi Vit - 30 caps\" \/>\n<meta property=\"og:description\" content=\"Sp\u00e9cialement con\u00e7u pour r\u00e9pondre aux besoins sp\u00e9cifiques des femmes : Together&#039;s Woman&#039;s Multi Vit. Exactement ce dont la femme moderne a besoin. Toutes\" \/>\n<meta property=\"og:url\" content=\"https:\/\/dutchmicrodosing.com\/fr\/boutique-de-sante\/vitamines-et-supplements\/femmes-multi-vit-30-caps\/\" \/>\n<meta property=\"og:site_name\" content=\"Dutchmicrodosing\" \/>\n<meta property=\"article:publisher\" content=\"https:\/\/www.facebook.com\/Dutchmicrodosingxp\/\" \/>\n<meta property=\"article:modified_time\" content=\"2025-08-27T07:41:22+00:00\" \/>\n<meta property=\"og:image\" content=\"https:\/\/dutchmicrodosing.com\/wp-content\/uploads\/2021\/02\/2271_Womans-Multi-Vit-Together-Health-30caps-2.jpg\" \/>\n\t<meta property=\"og:image:width\" content=\"1040\" \/>\n\t<meta property=\"og:image:height\" content=\"1040\" \/>\n\t<meta property=\"og:image:type\" content=\"image\/jpeg\" \/>\n<meta name=\"twitter:card\" content=\"summary_large_image\" \/>\n<script type=\"application\/ld+json\" class=\"yoast-schema-graph\">{\"@context\":\"https:\\\/\\\/schema.org\",\"@graph\":[{\"@type\":\"WebPage\",\"@id\":\"https:\\\/\\\/dutchmicrodosing.com\\\/fr\\\/boutique-de-sante\\\/vitamines-et-supplements\\\/femmes-multi-vit-30-caps\\\/\",\"url\":\"https:\\\/\\\/dutchmicrodosing.com\\\/fr\\\/boutique-de-sante\\\/vitamines-et-supplements\\\/femmes-multi-vit-30-caps\\\/\",\"name\":\"Woman's Multi Vit - 30 caps - Dutchmicrodosing\",\"isPartOf\":{\"@id\":\"https:\\\/\\\/dutchmicrodosing.com\\\/fr\\\/#website\"},\"primaryImageOfPage\":{\"@id\":\"https:\\\/\\\/dutchmicrodosing.com\\\/fr\\\/boutique-de-sante\\\/vitamines-et-supplements\\\/femmes-multi-vit-30-caps\\\/#primaryimage\"},\"image\":{\"@id\":\"https:\\\/\\\/dutchmicrodosing.com\\\/fr\\\/boutique-de-sante\\\/vitamines-et-supplements\\\/femmes-multi-vit-30-caps\\\/#primaryimage\"},\"thumbnailUrl\":\"https:\\\/\\\/dutchmicrodosing.com\\\/wp-content\\\/uploads\\\/2021\\\/02\\\/2271_Womans-Multi-Vit-Together-Health-30caps-2.jpg\",\"datePublished\":\"2021-02-27T21:51:41+00:00\",\"dateModified\":\"2025-08-27T07:41:22+00:00\",\"description\":\"Sp\u00e9cialement d\u00e9velopp\u00e9 pour les besoins uniques des femmes : le Woman's Multi Vit by Together. Exactement ce dont la femme moderne a besoin. Toutes les valeurs nutritionnelles\",\"breadcrumb\":{\"@id\":\"https:\\\/\\\/dutchmicrodosing.com\\\/fr\\\/boutique-de-sante\\\/vitamines-et-supplements\\\/femmes-multi-vit-30-caps\\\/#breadcrumb\"},\"inLanguage\":\"fr-FR\",\"potentialAction\":[{\"@type\":\"ReadAction\",\"target\":[\"https:\\\/\\\/dutchmicrodosing.com\\\/fr\\\/boutique-de-sante\\\/vitamines-et-supplements\\\/femmes-multi-vit-30-caps\\\/\"]}]},{\"@type\":\"ImageObject\",\"inLanguage\":\"fr-FR\",\"@id\":\"https:\\\/\\\/dutchmicrodosing.com\\\/fr\\\/boutique-de-sante\\\/vitamines-et-supplements\\\/femmes-multi-vit-30-caps\\\/#primaryimage\",\"url\":\"https:\\\/\\\/dutchmicrodosing.com\\\/wp-content\\\/uploads\\\/2021\\\/02\\\/2271_Womans-Multi-Vit-Together-Health-30caps-2.jpg\",\"contentUrl\":\"https:\\\/\\\/dutchmicrodosing.com\\\/wp-content\\\/uploads\\\/2021\\\/02\\\/2271_Womans-Multi-Vit-Together-Health-30caps-2.jpg\",\"width\":1040,\"height\":1040},{\"@type\":\"BreadcrumbList\",\"@id\":\"https:\\\/\\\/dutchmicrodosing.com\\\/fr\\\/boutique-de-sante\\\/vitamines-et-supplements\\\/femmes-multi-vit-30-caps\\\/#breadcrumb\",\"itemListElement\":[{\"@type\":\"ListItem\",\"position\":1,\"name\":\"Home\",\"item\":\"https:\\\/\\\/dutchmicrodosing.com\\\/fr\\\/\"},{\"@type\":\"ListItem\",\"position\":2,\"name\":\"Boutique\",\"item\":\"https:\\\/\\\/dutchmicrodosing.com\\\/fr\\\/boutique\\\/\"},{\"@type\":\"ListItem\",\"position\":3,\"name\":\"Woman&rsquo;s Multi Vit &#8211; 30 caps\"}]},{\"@type\":\"WebSite\",\"@id\":\"https:\\\/\\\/dutchmicrodosing.com\\\/fr\\\/#website\",\"url\":\"https:\\\/\\\/dutchmicrodosing.com\\\/fr\\\/\",\"name\":\"Dutchmicrodosing\",\"description\":\"\",\"publisher\":{\"@id\":\"https:\\\/\\\/dutchmicrodosing.com\\\/fr\\\/#organization\"},\"potentialAction\":[{\"@type\":\"SearchAction\",\"target\":{\"@type\":\"EntryPoint\",\"urlTemplate\":\"https:\\\/\\\/dutchmicrodosing.com\\\/fr\\\/?s={search_term_string}\"},\"query-input\":{\"@type\":\"PropertyValueSpecification\",\"valueRequired\":true,\"valueName\":\"search_term_string\"}}],\"inLanguage\":\"fr-FR\"},{\"@type\":\"Organization\",\"@id\":\"https:\\\/\\\/dutchmicrodosing.com\\\/fr\\\/#organization\",\"name\":\"Dutchmicrodosing\",\"url\":\"https:\\\/\\\/dutchmicrodosing.com\\\/fr\\\/\",\"logo\":{\"@type\":\"ImageObject\",\"inLanguage\":\"fr-FR\",\"@id\":\"https:\\\/\\\/dutchmicrodosing.com\\\/fr\\\/#\\\/schema\\\/logo\\\/image\\\/\",\"url\":\"https:\\\/\\\/dutchmicrodosing.com\\\/wp-content\\\/uploads\\\/2021\\\/01\\\/microdosing-categorie-pic-nieuw.jpg\",\"contentUrl\":\"https:\\\/\\\/dutchmicrodosing.com\\\/wp-content\\\/uploads\\\/2021\\\/01\\\/microdosing-categorie-pic-nieuw.jpg\",\"width\":500,\"height\":500,\"caption\":\"Dutchmicrodosing\"},\"image\":{\"@id\":\"https:\\\/\\\/dutchmicrodosing.com\\\/fr\\\/#\\\/schema\\\/logo\\\/image\\\/\"},\"sameAs\":[\"https:\\\/\\\/www.facebook.com\\\/Dutchmicrodosingxp\\\/\",\"https:\\\/\\\/www.instagram.com\\\/dutchmicrodosing\\\/\"]}]}<\/script>\n<meta property=\"product:price:amount\" content=\"13.95\" \/>\n<meta property=\"product:price:currency\" content=\"EUR\" \/>\n<meta property=\"og:availability\" content=\"out of stock\" \/>\n<meta property=\"product:availability\" content=\"out of stock\" \/>\n<meta property=\"product:retailer_item_id\" content=\"1203626\" \/>\n<meta property=\"product:condition\" content=\"new\" \/>\n<!-- \/ Yoast SEO Premium plugin. -->","yoast_head_json":{"title":"Woman's Multi Vit - 30 caps - Dutchmicrodosing","description":"Sp\u00e9cialement d\u00e9velopp\u00e9 pour les besoins uniques des femmes : le Woman's Multi Vit by Together. Exactement ce dont la femme moderne a besoin. Toutes les valeurs nutritionnelles","robots":{"index":"index","follow":"follow","max-snippet":"max-snippet:-1","max-image-preview":"max-image-preview:large","max-video-preview":"max-video-preview:-1"},"canonical":"https:\/\/dutchmicrodosing.com\/fr\/boutique-de-sante\/vitamines-et-supplements\/femmes-multi-vit-30-caps\/","og_locale":"fr_FR","og_type":"article","og_title":"Woman's Multi Vit - 30 caps","og_description":"Sp\u00e9cialement con\u00e7u pour r\u00e9pondre aux besoins sp\u00e9cifiques des femmes : Together's Woman's Multi Vit. Exactement ce dont la femme moderne a besoin. Toutes","og_url":"https:\/\/dutchmicrodosing.com\/fr\/boutique-de-sante\/vitamines-et-supplements\/femmes-multi-vit-30-caps\/","og_site_name":"Dutchmicrodosing","article_publisher":"https:\/\/www.facebook.com\/Dutchmicrodosingxp\/","article_modified_time":"2025-08-27T07:41:22+00:00","og_image":[{"width":1040,"height":1040,"url":"https:\/\/dutchmicrodosing.com\/wp-content\/uploads\/2021\/02\/2271_Womans-Multi-Vit-Together-Health-30caps-2.jpg","type":"image\/jpeg"}],"twitter_card":"summary_large_image","schema":{"@context":"https:\/\/schema.org","@graph":[{"@type":"WebPage","@id":"https:\/\/dutchmicrodosing.com\/fr\/boutique-de-sante\/vitamines-et-supplements\/femmes-multi-vit-30-caps\/","url":"https:\/\/dutchmicrodosing.com\/fr\/boutique-de-sante\/vitamines-et-supplements\/femmes-multi-vit-30-caps\/","name":"Woman's Multi Vit - 30 caps - Dutchmicrodosing","isPartOf":{"@id":"https:\/\/dutchmicrodosing.com\/fr\/#website"},"primaryImageOfPage":{"@id":"https:\/\/dutchmicrodosing.com\/fr\/boutique-de-sante\/vitamines-et-supplements\/femmes-multi-vit-30-caps\/#primaryimage"},"image":{"@id":"https:\/\/dutchmicrodosing.com\/fr\/boutique-de-sante\/vitamines-et-supplements\/femmes-multi-vit-30-caps\/#primaryimage"},"thumbnailUrl":"https:\/\/dutchmicrodosing.com\/wp-content\/uploads\/2021\/02\/2271_Womans-Multi-Vit-Together-Health-30caps-2.jpg","datePublished":"2021-02-27T21:51:41+00:00","dateModified":"2025-08-27T07:41:22+00:00","description":"Sp\u00e9cialement d\u00e9velopp\u00e9 pour les besoins uniques des femmes : le Woman's Multi Vit by Together. Exactement ce dont la femme moderne a besoin. Toutes les valeurs nutritionnelles","breadcrumb":{"@id":"https:\/\/dutchmicrodosing.com\/fr\/boutique-de-sante\/vitamines-et-supplements\/femmes-multi-vit-30-caps\/#breadcrumb"},"inLanguage":"fr-FR","potentialAction":[{"@type":"ReadAction","target":["https:\/\/dutchmicrodosing.com\/fr\/boutique-de-sante\/vitamines-et-supplements\/femmes-multi-vit-30-caps\/"]}]},{"@type":"ImageObject","inLanguage":"fr-FR","@id":"https:\/\/dutchmicrodosing.com\/fr\/boutique-de-sante\/vitamines-et-supplements\/femmes-multi-vit-30-caps\/#primaryimage","url":"https:\/\/dutchmicrodosing.com\/wp-content\/uploads\/2021\/02\/2271_Womans-Multi-Vit-Together-Health-30caps-2.jpg","contentUrl":"https:\/\/dutchmicrodosing.com\/wp-content\/uploads\/2021\/02\/2271_Womans-Multi-Vit-Together-Health-30caps-2.jpg","width":1040,"height":1040},{"@type":"BreadcrumbList","@id":"https:\/\/dutchmicrodosing.com\/fr\/boutique-de-sante\/vitamines-et-supplements\/femmes-multi-vit-30-caps\/#breadcrumb","itemListElement":[{"@type":"ListItem","position":1,"name":"Home","item":"https:\/\/dutchmicrodosing.com\/fr\/"},{"@type":"ListItem","position":2,"name":"Boutique","item":"https:\/\/dutchmicrodosing.com\/fr\/boutique\/"},{"@type":"ListItem","position":3,"name":"Woman&rsquo;s Multi Vit &#8211; 30 caps"}]},{"@type":"WebSite","@id":"https:\/\/dutchmicrodosing.com\/fr\/#website","url":"https:\/\/dutchmicrodosing.com\/fr\/","name":"Dutchmicrodosing","description":"","publisher":{"@id":"https:\/\/dutchmicrodosing.com\/fr\/#organization"},"potentialAction":[{"@type":"SearchAction","target":{"@type":"EntryPoint","urlTemplate":"https:\/\/dutchmicrodosing.com\/fr\/?s={search_term_string}"},"query-input":{"@type":"PropertyValueSpecification","valueRequired":true,"valueName":"search_term_string"}}],"inLanguage":"fr-FR"},{"@type":"Organization","@id":"https:\/\/dutchmicrodosing.com\/fr\/#organization","name":"Dutchmicrodosing","url":"https:\/\/dutchmicrodosing.com\/fr\/","logo":{"@type":"ImageObject","inLanguage":"fr-FR","@id":"https:\/\/dutchmicrodosing.com\/fr\/#\/schema\/logo\/image\/","url":"https:\/\/dutchmicrodosing.com\/wp-content\/uploads\/2021\/01\/microdosing-categorie-pic-nieuw.jpg","contentUrl":"https:\/\/dutchmicrodosing.com\/wp-content\/uploads\/2021\/01\/microdosing-categorie-pic-nieuw.jpg","width":500,"height":500,"caption":"Dutchmicrodosing"},"image":{"@id":"https:\/\/dutchmicrodosing.com\/fr\/#\/schema\/logo\/image\/"},"sameAs":["https:\/\/www.facebook.com\/Dutchmicrodosingxp\/","https:\/\/www.instagram.com\/dutchmicrodosing\/"]}]},"product_price_amount":"13.95","product_price_currency":"EUR","og_availability":"out of stock","product_availability":"out of stock","product_retailer_item_id":"1203626","product_condition":"new"},"_links":{"self":[{"href":"https:\/\/dutchmicrodosing.com\/fr\/wp-json\/wp\/v2\/product\/4963","targetHints":{"allow":["GET"]}}],"collection":[{"href":"https:\/\/dutchmicrodosing.com\/fr\/wp-json\/wp\/v2\/product"}],"about":[{"href":"https:\/\/dutchmicrodosing.com\/fr\/wp-json\/wp\/v2\/types\/product"}],"replies":[{"embeddable":true,"href":"https:\/\/dutchmicrodosing.com\/fr\/wp-json\/wp\/v2\/comments?post=4963"}],"version-history":[{"count":0,"href":"https:\/\/dutchmicrodosing.com\/fr\/wp-json\/wp\/v2\/product\/4963\/revisions"}],"wp:featuredmedia":[{"embeddable":true,"href":"https:\/\/dutchmicrodosing.com\/fr\/wp-json\/wp\/v2\/media\/3294"}],"wp:attachment":[{"href":"https:\/\/dutchmicrodosing.com\/fr\/wp-json\/wp\/v2\/media?parent=4963"}],"wp:term":[{"taxonomy":"product_brand","embeddable":true,"href":"https:\/\/dutchmicrodosing.com\/fr\/wp-json\/wp\/v2\/product_brand?post=4963"},{"taxonomy":"product_cat","embeddable":true,"href":"https:\/\/dutchmicrodosing.com\/fr\/wp-json\/wp\/v2\/product_cat?post=4963"},{"taxonomy":"product_tag","embeddable":true,"href":"https:\/\/dutchmicrodosing.com\/fr\/wp-json\/wp\/v2\/product_tag?post=4963"}],"curies":[{"name":"wp","href":"https:\/\/api.w.org\/{rel}","templated":true}]}}