{"id":4969,"date":"2021-02-27T22:51:42","date_gmt":"2021-02-27T21:51:42","guid":{"rendered":"https:\/\/dutchmicrodosing.com\/shop\/non%20class\u00e9\/aliments-fermentes-multibiotiques-30-gelules\/"},"modified":"2025-08-20T19:09:09","modified_gmt":"2025-08-20T17:09:09","slug":"aliments-fermentes-multibiotiques-30caps","status":"publish","type":"product","link":"https:\/\/dutchmicrodosing.com\/fr\/boutique-de-sante\/vitamines-et-supplements\/aliments-fermentes-multibiotiques-30caps\/","title":{"rendered":"Aliments ferment\u00e9s multibiotiques &#8211; 30 g\u00e9lules"},"content":{"rendered":"<p>L&rsquo;aliment <strong>ferment\u00e9 multibiotique<\/strong> est un suppl\u00e9ment multibiotique unique contenant plus d&rsquo;un trillion de bact\u00e9ries intestinales b\u00e9n\u00e9fiques pour l&rsquo;\u00e9quilibre. Multibiotic Fermented Food (pr\u00e9biotiques) de Together est le compl\u00e9ment pour la sant\u00e9 intestinale et digestive. Il est produit gr\u00e2ce \u00e0 la m\u00e9thode de fermentation du kombucha, un processus de production naturel utilis\u00e9 pour conserver les aliments plus longtemps. Ce suppl\u00e9ment contient 16 souches bact\u00e9riennes vivantes soigneusement s\u00e9lectionn\u00e9es, repr\u00e9sentant un total de 13 milliards d&rsquo;UFC par capsule au moment de la fabrication. Nous ajoutons \u00e9galement de l&rsquo;isomalto-oligosaccharide et de l&rsquo;inuline \u00e0 ce compl\u00e9ment pour favoriser et soutenir naturellement la croissance des bonnes bact\u00e9ries.<\/p>\n<p>Ce produit est enti\u00e8rement v\u00e9g\u00e9talien et ne contient aucun additif ou autre excipient. Il est livr\u00e9 dans un sac qui passe par la bo\u00eete aux lettres. Un sachet contient environ 30 capsules, ce qui \u00e9quivaut \u00e0 environ un mois d&rsquo;approvisionnement (1 capsule par jour).<\/p>\n<h3>Ingr\u00e9dients<\/h3>\n<p>Complexe de fruits et l\u00e9gumes ferment\u00e9s (carotte, c\u00e9leri *, betterave, carotte violette, tomate, brocoli, asperge, potiron, pois, \u00e9pinard, ma\u00efs doux, ananas, orange, pomme, fruit de la passion, banane, mandarine, mangue, papaye, citron, m\u00fbre, raisin rouge, prune, noni, p\u00eache, litchi, pamplemousse rouge, pruneau, grenade, aronia, canneberge, fraise, framboise, cerise, cassis, baie, raisin blanc, canne \u00e0 sucre, myrtille, baie de cire, kiwi, kumquat rond, pei yu, cantaloup, cerise des Antilles) ; Complexe de cultures vivantes multi-souches (Bifidobacterium Lactis BS01, Lactobacillus Acidophilus LA02, Lactobacillus Plantarum LP01, Lactobacillus Rhamnosus GG, Bacillus Coagulans LMG 6326) ; Oligosaccharides Roots (extraits de la chicor\u00e9e) ; G\u00e9lule v\u00e9g\u00e9talienne (cellulose v\u00e9g\u00e9tale).<\/p>\n<p><strong>Valeurs nutritionnelles par capsule :<\/strong><\/p>\n<ul>\n<li>13 milliards de cultures vivantes (13 x 109)\u2020 120mg<\/li>\n<li>Inuline et isomalto-oligosaccharides 160mg<\/li>\n<\/ul>\n<h3>Contenu<\/h3>\n<p>Together Multibiotic Fermented Food &#8211; 30 Capsules<\/p>\n","protected":false},"excerpt":{"rendered":"<p>L&rsquo;aliment ferment\u00e9 multibiotique est un suppl\u00e9ment multibiotique unique contenant plus d&rsquo;un trillion de bact\u00e9ries intestinales b\u00e9n\u00e9fiques pour l&rsquo;\u00e9quilibre. Multibiotic Fermented Food (pr\u00e9biotiques) de Together est le compl\u00e9ment pour la sant\u00e9 intestinale et digestive. Il est produit gr\u00e2ce \u00e0 la m\u00e9thode de fermentation du kombucha, un processus de production naturel utilis\u00e9 pour conserver les aliments plus [&hellip;]<\/p>\n","protected":false},"featured_media":3258,"comment_status":"open","ping_status":"closed","template":"","meta":[],"product_brand":[],"product_cat":[291,131],"product_tag":[],"class_list":{"0":"post-4969","1":"product","2":"type-product","3":"status-publish","4":"has-post-thumbnail","6":"product_cat-supplements-pour-le-systeme-immunitaire","7":"product_cat-vitamines-et-supplements","9":"first","10":"outofstock","11":"taxable","12":"shipping-taxable","13":"purchasable","14":"product-type-simple"},"yoast_head":"<!-- This site is optimized with the Yoast SEO Premium plugin v26.4 (Yoast SEO v27.4) - https:\/\/yoast.com\/product\/yoast-seo-premium-wordpress\/ -->\n<title>Aliments ferment\u00e9s multibiotiques - 30 g\u00e9lules - Dutchmicrodosing<\/title>\n<meta name=\"description\" content=\"L&#039;aliment ferment\u00e9 multibiotique est un suppl\u00e9ment multibiotique unique contenant plus d&#039;un trillion de bact\u00e9ries intestinales b\u00e9n\u00e9fiques pour l&#039;\u00e9quilibre. Multibiotique Ferment\u00e9\" \/>\n<meta name=\"robots\" content=\"index, follow, max-snippet:-1, max-image-preview:large, max-video-preview:-1\" \/>\n<link rel=\"canonical\" href=\"https:\/\/dutchmicrodosing.com\/fr\/boutique-de-sante\/vitamines-et-supplements\/aliments-fermentes-multibiotiques-30caps\/\" \/>\n<meta property=\"og:locale\" content=\"fr_FR\" \/>\n<meta property=\"og:type\" content=\"article\" \/>\n<meta property=\"og:title\" content=\"Aliments ferment\u00e9s multibiotiques - 30 g\u00e9lules\" \/>\n<meta property=\"og:description\" content=\"L&#039;aliment ferment\u00e9 multibiotique est un suppl\u00e9ment multibiotique unique contenant plus d&#039;un trillion de bact\u00e9ries intestinales b\u00e9n\u00e9fiques pour\" \/>\n<meta property=\"og:url\" content=\"https:\/\/dutchmicrodosing.com\/fr\/boutique-de-sante\/vitamines-et-supplements\/aliments-fermentes-multibiotiques-30caps\/\" \/>\n<meta property=\"og:site_name\" content=\"Dutchmicrodosing\" \/>\n<meta property=\"article:publisher\" content=\"https:\/\/www.facebook.com\/Dutchmicrodosingxp\/\" \/>\n<meta property=\"article:modified_time\" content=\"2025-08-20T17:09:09+00:00\" \/>\n<meta property=\"og:image\" content=\"https:\/\/dutchmicrodosing.com\/wp-content\/uploads\/2021\/02\/2265_Multibiotic-Fermented-Food-Together-Health-30caps-1.jpg\" \/>\n\t<meta property=\"og:image:width\" content=\"1040\" \/>\n\t<meta property=\"og:image:height\" content=\"1040\" \/>\n\t<meta property=\"og:image:type\" content=\"image\/jpeg\" \/>\n<meta name=\"twitter:card\" content=\"summary_large_image\" \/>\n<script type=\"application\/ld+json\" class=\"yoast-schema-graph\">{\"@context\":\"https:\\\/\\\/schema.org\",\"@graph\":[{\"@type\":\"WebPage\",\"@id\":\"https:\\\/\\\/dutchmicrodosing.com\\\/fr\\\/boutique-de-sante\\\/vitamines-et-supplements\\\/aliments-fermentes-multibiotiques-30caps\\\/\",\"url\":\"https:\\\/\\\/dutchmicrodosing.com\\\/fr\\\/boutique-de-sante\\\/vitamines-et-supplements\\\/aliments-fermentes-multibiotiques-30caps\\\/\",\"name\":\"Aliments ferment\u00e9s multibiotiques - 30 g\u00e9lules - Dutchmicrodosing\",\"isPartOf\":{\"@id\":\"https:\\\/\\\/dutchmicrodosing.com\\\/fr\\\/#website\"},\"primaryImageOfPage\":{\"@id\":\"https:\\\/\\\/dutchmicrodosing.com\\\/fr\\\/boutique-de-sante\\\/vitamines-et-supplements\\\/aliments-fermentes-multibiotiques-30caps\\\/#primaryimage\"},\"image\":{\"@id\":\"https:\\\/\\\/dutchmicrodosing.com\\\/fr\\\/boutique-de-sante\\\/vitamines-et-supplements\\\/aliments-fermentes-multibiotiques-30caps\\\/#primaryimage\"},\"thumbnailUrl\":\"https:\\\/\\\/dutchmicrodosing.com\\\/wp-content\\\/uploads\\\/2021\\\/02\\\/2265_Multibiotic-Fermented-Food-Together-Health-30caps-1.jpg\",\"datePublished\":\"2021-02-27T21:51:42+00:00\",\"dateModified\":\"2025-08-20T17:09:09+00:00\",\"description\":\"L'aliment ferment\u00e9 multibiotique est un suppl\u00e9ment multibiotique unique contenant plus d'un trillion de bact\u00e9ries intestinales b\u00e9n\u00e9fiques pour l'\u00e9quilibre. Multibiotique Ferment\u00e9\",\"breadcrumb\":{\"@id\":\"https:\\\/\\\/dutchmicrodosing.com\\\/fr\\\/boutique-de-sante\\\/vitamines-et-supplements\\\/aliments-fermentes-multibiotiques-30caps\\\/#breadcrumb\"},\"inLanguage\":\"fr-FR\",\"potentialAction\":[{\"@type\":\"ReadAction\",\"target\":[\"https:\\\/\\\/dutchmicrodosing.com\\\/fr\\\/boutique-de-sante\\\/vitamines-et-supplements\\\/aliments-fermentes-multibiotiques-30caps\\\/\"]}]},{\"@type\":\"ImageObject\",\"inLanguage\":\"fr-FR\",\"@id\":\"https:\\\/\\\/dutchmicrodosing.com\\\/fr\\\/boutique-de-sante\\\/vitamines-et-supplements\\\/aliments-fermentes-multibiotiques-30caps\\\/#primaryimage\",\"url\":\"https:\\\/\\\/dutchmicrodosing.com\\\/wp-content\\\/uploads\\\/2021\\\/02\\\/2265_Multibiotic-Fermented-Food-Together-Health-30caps-1.jpg\",\"contentUrl\":\"https:\\\/\\\/dutchmicrodosing.com\\\/wp-content\\\/uploads\\\/2021\\\/02\\\/2265_Multibiotic-Fermented-Food-Together-Health-30caps-1.jpg\",\"width\":1040,\"height\":1040},{\"@type\":\"BreadcrumbList\",\"@id\":\"https:\\\/\\\/dutchmicrodosing.com\\\/fr\\\/boutique-de-sante\\\/vitamines-et-supplements\\\/aliments-fermentes-multibiotiques-30caps\\\/#breadcrumb\",\"itemListElement\":[{\"@type\":\"ListItem\",\"position\":1,\"name\":\"Home\",\"item\":\"https:\\\/\\\/dutchmicrodosing.com\\\/fr\\\/\"},{\"@type\":\"ListItem\",\"position\":2,\"name\":\"Boutique\",\"item\":\"https:\\\/\\\/dutchmicrodosing.com\\\/fr\\\/boutique\\\/\"},{\"@type\":\"ListItem\",\"position\":3,\"name\":\"Aliments ferment\u00e9s multibiotiques &#8211; 30 g\u00e9lules\"}]},{\"@type\":\"WebSite\",\"@id\":\"https:\\\/\\\/dutchmicrodosing.com\\\/fr\\\/#website\",\"url\":\"https:\\\/\\\/dutchmicrodosing.com\\\/fr\\\/\",\"name\":\"Dutchmicrodosing\",\"description\":\"\",\"publisher\":{\"@id\":\"https:\\\/\\\/dutchmicrodosing.com\\\/fr\\\/#organization\"},\"potentialAction\":[{\"@type\":\"SearchAction\",\"target\":{\"@type\":\"EntryPoint\",\"urlTemplate\":\"https:\\\/\\\/dutchmicrodosing.com\\\/fr\\\/?s={search_term_string}\"},\"query-input\":{\"@type\":\"PropertyValueSpecification\",\"valueRequired\":true,\"valueName\":\"search_term_string\"}}],\"inLanguage\":\"fr-FR\"},{\"@type\":\"Organization\",\"@id\":\"https:\\\/\\\/dutchmicrodosing.com\\\/fr\\\/#organization\",\"name\":\"Dutchmicrodosing\",\"url\":\"https:\\\/\\\/dutchmicrodosing.com\\\/fr\\\/\",\"logo\":{\"@type\":\"ImageObject\",\"inLanguage\":\"fr-FR\",\"@id\":\"https:\\\/\\\/dutchmicrodosing.com\\\/fr\\\/#\\\/schema\\\/logo\\\/image\\\/\",\"url\":\"https:\\\/\\\/dutchmicrodosing.com\\\/wp-content\\\/uploads\\\/2021\\\/01\\\/microdosing-categorie-pic-nieuw.jpg\",\"contentUrl\":\"https:\\\/\\\/dutchmicrodosing.com\\\/wp-content\\\/uploads\\\/2021\\\/01\\\/microdosing-categorie-pic-nieuw.jpg\",\"width\":500,\"height\":500,\"caption\":\"Dutchmicrodosing\"},\"image\":{\"@id\":\"https:\\\/\\\/dutchmicrodosing.com\\\/fr\\\/#\\\/schema\\\/logo\\\/image\\\/\"},\"sameAs\":[\"https:\\\/\\\/www.facebook.com\\\/Dutchmicrodosingxp\\\/\",\"https:\\\/\\\/www.instagram.com\\\/dutchmicrodosing\\\/\"]}]}<\/script>\n<meta property=\"product:price:amount\" content=\"19.95\" \/>\n<meta property=\"product:price:currency\" content=\"EUR\" \/>\n<meta property=\"og:availability\" content=\"out of stock\" \/>\n<meta property=\"product:availability\" content=\"out of stock\" \/>\n<meta property=\"product:retailer_item_id\" content=\"1202726\" \/>\n<meta property=\"product:condition\" content=\"new\" \/>\n<!-- \/ Yoast SEO Premium plugin. -->","yoast_head_json":{"title":"Aliments ferment\u00e9s multibiotiques - 30 g\u00e9lules - Dutchmicrodosing","description":"L'aliment ferment\u00e9 multibiotique est un suppl\u00e9ment multibiotique unique contenant plus d'un trillion de bact\u00e9ries intestinales b\u00e9n\u00e9fiques pour l'\u00e9quilibre. Multibiotique Ferment\u00e9","robots":{"index":"index","follow":"follow","max-snippet":"max-snippet:-1","max-image-preview":"max-image-preview:large","max-video-preview":"max-video-preview:-1"},"canonical":"https:\/\/dutchmicrodosing.com\/fr\/boutique-de-sante\/vitamines-et-supplements\/aliments-fermentes-multibiotiques-30caps\/","og_locale":"fr_FR","og_type":"article","og_title":"Aliments ferment\u00e9s multibiotiques - 30 g\u00e9lules","og_description":"L'aliment ferment\u00e9 multibiotique est un suppl\u00e9ment multibiotique unique contenant plus d'un trillion de bact\u00e9ries intestinales b\u00e9n\u00e9fiques pour","og_url":"https:\/\/dutchmicrodosing.com\/fr\/boutique-de-sante\/vitamines-et-supplements\/aliments-fermentes-multibiotiques-30caps\/","og_site_name":"Dutchmicrodosing","article_publisher":"https:\/\/www.facebook.com\/Dutchmicrodosingxp\/","article_modified_time":"2025-08-20T17:09:09+00:00","og_image":[{"width":1040,"height":1040,"url":"https:\/\/dutchmicrodosing.com\/wp-content\/uploads\/2021\/02\/2265_Multibiotic-Fermented-Food-Together-Health-30caps-1.jpg","type":"image\/jpeg"}],"twitter_card":"summary_large_image","schema":{"@context":"https:\/\/schema.org","@graph":[{"@type":"WebPage","@id":"https:\/\/dutchmicrodosing.com\/fr\/boutique-de-sante\/vitamines-et-supplements\/aliments-fermentes-multibiotiques-30caps\/","url":"https:\/\/dutchmicrodosing.com\/fr\/boutique-de-sante\/vitamines-et-supplements\/aliments-fermentes-multibiotiques-30caps\/","name":"Aliments ferment\u00e9s multibiotiques - 30 g\u00e9lules - Dutchmicrodosing","isPartOf":{"@id":"https:\/\/dutchmicrodosing.com\/fr\/#website"},"primaryImageOfPage":{"@id":"https:\/\/dutchmicrodosing.com\/fr\/boutique-de-sante\/vitamines-et-supplements\/aliments-fermentes-multibiotiques-30caps\/#primaryimage"},"image":{"@id":"https:\/\/dutchmicrodosing.com\/fr\/boutique-de-sante\/vitamines-et-supplements\/aliments-fermentes-multibiotiques-30caps\/#primaryimage"},"thumbnailUrl":"https:\/\/dutchmicrodosing.com\/wp-content\/uploads\/2021\/02\/2265_Multibiotic-Fermented-Food-Together-Health-30caps-1.jpg","datePublished":"2021-02-27T21:51:42+00:00","dateModified":"2025-08-20T17:09:09+00:00","description":"L'aliment ferment\u00e9 multibiotique est un suppl\u00e9ment multibiotique unique contenant plus d'un trillion de bact\u00e9ries intestinales b\u00e9n\u00e9fiques pour l'\u00e9quilibre. Multibiotique Ferment\u00e9","breadcrumb":{"@id":"https:\/\/dutchmicrodosing.com\/fr\/boutique-de-sante\/vitamines-et-supplements\/aliments-fermentes-multibiotiques-30caps\/#breadcrumb"},"inLanguage":"fr-FR","potentialAction":[{"@type":"ReadAction","target":["https:\/\/dutchmicrodosing.com\/fr\/boutique-de-sante\/vitamines-et-supplements\/aliments-fermentes-multibiotiques-30caps\/"]}]},{"@type":"ImageObject","inLanguage":"fr-FR","@id":"https:\/\/dutchmicrodosing.com\/fr\/boutique-de-sante\/vitamines-et-supplements\/aliments-fermentes-multibiotiques-30caps\/#primaryimage","url":"https:\/\/dutchmicrodosing.com\/wp-content\/uploads\/2021\/02\/2265_Multibiotic-Fermented-Food-Together-Health-30caps-1.jpg","contentUrl":"https:\/\/dutchmicrodosing.com\/wp-content\/uploads\/2021\/02\/2265_Multibiotic-Fermented-Food-Together-Health-30caps-1.jpg","width":1040,"height":1040},{"@type":"BreadcrumbList","@id":"https:\/\/dutchmicrodosing.com\/fr\/boutique-de-sante\/vitamines-et-supplements\/aliments-fermentes-multibiotiques-30caps\/#breadcrumb","itemListElement":[{"@type":"ListItem","position":1,"name":"Home","item":"https:\/\/dutchmicrodosing.com\/fr\/"},{"@type":"ListItem","position":2,"name":"Boutique","item":"https:\/\/dutchmicrodosing.com\/fr\/boutique\/"},{"@type":"ListItem","position":3,"name":"Aliments ferment\u00e9s multibiotiques &#8211; 30 g\u00e9lules"}]},{"@type":"WebSite","@id":"https:\/\/dutchmicrodosing.com\/fr\/#website","url":"https:\/\/dutchmicrodosing.com\/fr\/","name":"Dutchmicrodosing","description":"","publisher":{"@id":"https:\/\/dutchmicrodosing.com\/fr\/#organization"},"potentialAction":[{"@type":"SearchAction","target":{"@type":"EntryPoint","urlTemplate":"https:\/\/dutchmicrodosing.com\/fr\/?s={search_term_string}"},"query-input":{"@type":"PropertyValueSpecification","valueRequired":true,"valueName":"search_term_string"}}],"inLanguage":"fr-FR"},{"@type":"Organization","@id":"https:\/\/dutchmicrodosing.com\/fr\/#organization","name":"Dutchmicrodosing","url":"https:\/\/dutchmicrodosing.com\/fr\/","logo":{"@type":"ImageObject","inLanguage":"fr-FR","@id":"https:\/\/dutchmicrodosing.com\/fr\/#\/schema\/logo\/image\/","url":"https:\/\/dutchmicrodosing.com\/wp-content\/uploads\/2021\/01\/microdosing-categorie-pic-nieuw.jpg","contentUrl":"https:\/\/dutchmicrodosing.com\/wp-content\/uploads\/2021\/01\/microdosing-categorie-pic-nieuw.jpg","width":500,"height":500,"caption":"Dutchmicrodosing"},"image":{"@id":"https:\/\/dutchmicrodosing.com\/fr\/#\/schema\/logo\/image\/"},"sameAs":["https:\/\/www.facebook.com\/Dutchmicrodosingxp\/","https:\/\/www.instagram.com\/dutchmicrodosing\/"]}]},"product_price_amount":"19.95","product_price_currency":"EUR","og_availability":"out of stock","product_availability":"out of stock","product_retailer_item_id":"1202726","product_condition":"new"},"_links":{"self":[{"href":"https:\/\/dutchmicrodosing.com\/fr\/wp-json\/wp\/v2\/product\/4969","targetHints":{"allow":["GET"]}}],"collection":[{"href":"https:\/\/dutchmicrodosing.com\/fr\/wp-json\/wp\/v2\/product"}],"about":[{"href":"https:\/\/dutchmicrodosing.com\/fr\/wp-json\/wp\/v2\/types\/product"}],"replies":[{"embeddable":true,"href":"https:\/\/dutchmicrodosing.com\/fr\/wp-json\/wp\/v2\/comments?post=4969"}],"version-history":[{"count":0,"href":"https:\/\/dutchmicrodosing.com\/fr\/wp-json\/wp\/v2\/product\/4969\/revisions"}],"wp:featuredmedia":[{"embeddable":true,"href":"https:\/\/dutchmicrodosing.com\/fr\/wp-json\/wp\/v2\/media\/3258"}],"wp:attachment":[{"href":"https:\/\/dutchmicrodosing.com\/fr\/wp-json\/wp\/v2\/media?parent=4969"}],"wp:term":[{"taxonomy":"product_brand","embeddable":true,"href":"https:\/\/dutchmicrodosing.com\/fr\/wp-json\/wp\/v2\/product_brand?post=4969"},{"taxonomy":"product_cat","embeddable":true,"href":"https:\/\/dutchmicrodosing.com\/fr\/wp-json\/wp\/v2\/product_cat?post=4969"},{"taxonomy":"product_tag","embeddable":true,"href":"https:\/\/dutchmicrodosing.com\/fr\/wp-json\/wp\/v2\/product_tag?post=4969"}],"curies":[{"name":"wp","href":"https:\/\/api.w.org\/{rel}","templated":true}]}}