{"id":4971,"date":"2021-02-27T22:51:43","date_gmt":"2021-02-27T21:51:43","guid":{"rendered":"https:\/\/dutchmicrodosing.com\/shop\/niet-gecategoriseerd\/calcium-dalgues-marines-60-gelules\/"},"modified":"2025-09-04T09:51:32","modified_gmt":"2025-09-04T07:51:32","slug":"algues-calcium-60caps","status":"publish","type":"product","link":"https:\/\/dutchmicrodosing.com\/fr\/boutique-de-sante\/vitamines-et-supplements\/algues-calcium-60caps\/","title":{"rendered":"Calcium d&rsquo;algues marines &#8211; 60 g\u00e9lules"},"content":{"rendered":"<p>Together <strong>Seaweed Calcium <\/strong>obtient son calcium de mani\u00e8re enti\u00e8rement naturelle \u00e0 partir d&rsquo;algues marines. Le calcium est un \u00e9l\u00e9ment essentiel pour notre organisme. Il a de nombreuses t\u00e2ches, notamment le maintien d&rsquo;un squelette solide et de dents saines. Les algues ont \u00e9galement la propri\u00e9t\u00e9 d&rsquo;absorber les oligo-\u00e9l\u00e9ments de l&rsquo;eau de mer environnante. Par cons\u00e9quent, ce compl\u00e9ment contient pas moins de 72 oligo-\u00e9l\u00e9ments diff\u00e9rents qui peuvent \u00eatre facilement absorb\u00e9s par l&rsquo;organisme. Les algues sont r\u00e9colt\u00e9es de mani\u00e8re durable dans les eaux propres et vierges des c\u00f4tes islandaises.<\/p>\n<p>Ce produit est enti\u00e8rement v\u00e9g\u00e9talien et ne contient aucun additif ou autre excipient. Il est livr\u00e9 dans un sac qui passe par la bo\u00eete aux lettres. Un sachet contient environ 60 capsules, ce qui \u00e9quivaut \u00e0 environ un mois d&rsquo;approvisionnement (2 capsules par jour).<\/p>\n<ul>\n<li>Calcium enti\u00e8rement issu des algues<\/li>\n<li>Algues de l&rsquo;oc\u00e9an Atlantique (r\u00e9colt\u00e9es de mani\u00e8re durable)<\/li>\n<li>Contenu 60 capsules<\/li>\n<li>Dosage 2 capsules par jour<\/li>\n<li>Biodisponibilit\u00e9 naturelle<\/li>\n<li>Profil unique avec 72 oligo-\u00e9l\u00e9ments<\/li>\n<\/ul>\n<h3>Ingr\u00e9dients<\/h3>\n<p>Lithothamnion calcareum algues marines \u2192 apporte du calcium<\/p>\n<p>Capsule v\u00e9g\u00e9talienne (cellulose v\u00e9g\u00e9tale)<\/p>\n<p><strong>Valeurs nutritionnelles par capsule :<\/strong><\/p>\n<p>Calcium 608 mg<\/p>\n<h3>Contenu<\/h3>\n<p>Together Seaweed Calcium &#8211; 60 Capsules<\/p>\n","protected":false},"excerpt":{"rendered":"<p>Together Seaweed Calcium obtient son calcium de mani\u00e8re enti\u00e8rement naturelle \u00e0 partir d&rsquo;algues marines. Le calcium est un \u00e9l\u00e9ment essentiel pour notre organisme. Il a de nombreuses t\u00e2ches, notamment le maintien d&rsquo;un squelette solide et de dents saines. Les algues ont \u00e9galement la propri\u00e9t\u00e9 d&rsquo;absorber les oligo-\u00e9l\u00e9ments de l&rsquo;eau de mer environnante. Par cons\u00e9quent, ce [&hellip;]<\/p>\n","protected":false},"featured_media":3250,"comment_status":"open","ping_status":"closed","template":"","meta":[],"product_brand":[],"product_cat":[291,131],"product_tag":[],"class_list":{"0":"post-4971","1":"product","2":"type-product","3":"status-publish","4":"has-post-thumbnail","6":"product_cat-supplements-pour-le-systeme-immunitaire","7":"product_cat-vitamines-et-supplements","9":"first","10":"instock","11":"taxable","12":"shipping-taxable","13":"purchasable","14":"product-type-simple"},"yoast_head":"<!-- This site is optimized with the Yoast SEO Premium plugin v26.4 (Yoast SEO v27.2) - https:\/\/yoast.com\/product\/yoast-seo-premium-wordpress\/ -->\n<title>Calcium d&#039;algues marines - 60 g\u00e9lules - Dutchmicrodosing<\/title>\n<meta name=\"description\" content=\"Together Seaweed Calcium obtient son calcium de mani\u00e8re enti\u00e8rement naturelle \u00e0 partir d&#039;algues marines. Le calcium est un \u00e9l\u00e9ment essentiel pour notre corps\" \/>\n<meta name=\"robots\" content=\"index, follow, max-snippet:-1, max-image-preview:large, max-video-preview:-1\" \/>\n<link rel=\"canonical\" href=\"https:\/\/dutchmicrodosing.com\/fr\/boutique-de-sante\/vitamines-et-supplements\/algues-calcium-60caps\/\" \/>\n<meta property=\"og:locale\" content=\"fr_FR\" \/>\n<meta property=\"og:type\" content=\"article\" \/>\n<meta property=\"og:title\" content=\"Calcium d&#039;algues marines - 60 g\u00e9lules\" \/>\n<meta property=\"og:description\" content=\"Together Seaweed Calcium obtient son calcium de mani\u00e8re enti\u00e8rement naturelle \u00e0 partir d&#039;algues marines. Le calcium est un \u00e9l\u00e9ment essentiel pour notre\" \/>\n<meta property=\"og:url\" content=\"https:\/\/dutchmicrodosing.com\/fr\/boutique-de-sante\/vitamines-et-supplements\/algues-calcium-60caps\/\" \/>\n<meta property=\"og:site_name\" content=\"Dutchmicrodosing\" \/>\n<meta property=\"article:publisher\" content=\"https:\/\/www.facebook.com\/Dutchmicrodosingxp\/\" \/>\n<meta property=\"article:modified_time\" content=\"2025-09-04T07:51:32+00:00\" \/>\n<meta property=\"og:image\" content=\"https:\/\/dutchmicrodosing.com\/wp-content\/uploads\/2021\/02\/2262-Seaweed-Calcium-Together-Health-60caps-1.jpg\" \/>\n\t<meta property=\"og:image:width\" content=\"1040\" \/>\n\t<meta property=\"og:image:height\" content=\"1040\" \/>\n\t<meta property=\"og:image:type\" content=\"image\/jpeg\" \/>\n<meta name=\"twitter:card\" content=\"summary_large_image\" \/>\n<script type=\"application\/ld+json\" class=\"yoast-schema-graph\">{\"@context\":\"https:\/\/schema.org\",\"@graph\":[{\"@type\":\"WebPage\",\"@id\":\"https:\/\/dutchmicrodosing.com\/fr\/boutique-de-sante\/vitamines-et-supplements\/algues-calcium-60caps\/\",\"url\":\"https:\/\/dutchmicrodosing.com\/fr\/boutique-de-sante\/vitamines-et-supplements\/algues-calcium-60caps\/\",\"name\":\"Calcium d'algues marines - 60 g\u00e9lules - Dutchmicrodosing\",\"isPartOf\":{\"@id\":\"https:\/\/dutchmicrodosing.com\/fr\/#website\"},\"primaryImageOfPage\":{\"@id\":\"https:\/\/dutchmicrodosing.com\/fr\/boutique-de-sante\/vitamines-et-supplements\/algues-calcium-60caps\/#primaryimage\"},\"image\":{\"@id\":\"https:\/\/dutchmicrodosing.com\/fr\/boutique-de-sante\/vitamines-et-supplements\/algues-calcium-60caps\/#primaryimage\"},\"thumbnailUrl\":\"https:\/\/dutchmicrodosing.com\/wp-content\/uploads\/2021\/02\/2262-Seaweed-Calcium-Together-Health-60caps-1.jpg\",\"datePublished\":\"2021-02-27T21:51:43+00:00\",\"dateModified\":\"2025-09-04T07:51:32+00:00\",\"description\":\"Together Seaweed Calcium obtient son calcium de mani\u00e8re enti\u00e8rement naturelle \u00e0 partir d'algues marines. Le calcium est un \u00e9l\u00e9ment essentiel pour notre corps\",\"breadcrumb\":{\"@id\":\"https:\/\/dutchmicrodosing.com\/fr\/boutique-de-sante\/vitamines-et-supplements\/algues-calcium-60caps\/#breadcrumb\"},\"inLanguage\":\"fr-FR\",\"potentialAction\":[{\"@type\":\"ReadAction\",\"target\":[\"https:\/\/dutchmicrodosing.com\/fr\/boutique-de-sante\/vitamines-et-supplements\/algues-calcium-60caps\/\"]}]},{\"@type\":\"ImageObject\",\"inLanguage\":\"fr-FR\",\"@id\":\"https:\/\/dutchmicrodosing.com\/fr\/boutique-de-sante\/vitamines-et-supplements\/algues-calcium-60caps\/#primaryimage\",\"url\":\"https:\/\/dutchmicrodosing.com\/wp-content\/uploads\/2021\/02\/2262-Seaweed-Calcium-Together-Health-60caps-1.jpg\",\"contentUrl\":\"https:\/\/dutchmicrodosing.com\/wp-content\/uploads\/2021\/02\/2262-Seaweed-Calcium-Together-Health-60caps-1.jpg\",\"width\":1040,\"height\":1040},{\"@type\":\"BreadcrumbList\",\"@id\":\"https:\/\/dutchmicrodosing.com\/fr\/boutique-de-sante\/vitamines-et-supplements\/algues-calcium-60caps\/#breadcrumb\",\"itemListElement\":[{\"@type\":\"ListItem\",\"position\":1,\"name\":\"Home\",\"item\":\"https:\/\/dutchmicrodosing.com\/fr\/\"},{\"@type\":\"ListItem\",\"position\":2,\"name\":\"Boutique\",\"item\":\"https:\/\/dutchmicrodosing.com\/fr\/boutique\/\"},{\"@type\":\"ListItem\",\"position\":3,\"name\":\"Calcium d&rsquo;algues marines &#8211; 60 g\u00e9lules\"}]},{\"@type\":\"WebSite\",\"@id\":\"https:\/\/dutchmicrodosing.com\/fr\/#website\",\"url\":\"https:\/\/dutchmicrodosing.com\/fr\/\",\"name\":\"Dutchmicrodosing\",\"description\":\"\",\"publisher\":{\"@id\":\"https:\/\/dutchmicrodosing.com\/fr\/#organization\"},\"potentialAction\":[{\"@type\":\"SearchAction\",\"target\":{\"@type\":\"EntryPoint\",\"urlTemplate\":\"https:\/\/dutchmicrodosing.com\/fr\/?s={search_term_string}\"},\"query-input\":{\"@type\":\"PropertyValueSpecification\",\"valueRequired\":true,\"valueName\":\"search_term_string\"}}],\"inLanguage\":\"fr-FR\"},{\"@type\":\"Organization\",\"@id\":\"https:\/\/dutchmicrodosing.com\/fr\/#organization\",\"name\":\"Dutchmicrodosing\",\"url\":\"https:\/\/dutchmicrodosing.com\/fr\/\",\"logo\":{\"@type\":\"ImageObject\",\"inLanguage\":\"fr-FR\",\"@id\":\"https:\/\/dutchmicrodosing.com\/fr\/#\/schema\/logo\/image\/\",\"url\":\"https:\/\/dutchmicrodosing.com\/wp-content\/uploads\/2021\/01\/microdosing-categorie-pic-nieuw.jpg\",\"contentUrl\":\"https:\/\/dutchmicrodosing.com\/wp-content\/uploads\/2021\/01\/microdosing-categorie-pic-nieuw.jpg\",\"width\":500,\"height\":500,\"caption\":\"Dutchmicrodosing\"},\"image\":{\"@id\":\"https:\/\/dutchmicrodosing.com\/fr\/#\/schema\/logo\/image\/\"},\"sameAs\":[\"https:\/\/www.facebook.com\/Dutchmicrodosingxp\/\",\"https:\/\/www.instagram.com\/dutchmicrodosing\/\"]}]}<\/script>\n<meta property=\"product:price:amount\" content=\"12.95\" \/>\n<meta property=\"product:price:currency\" content=\"EUR\" \/>\n<meta property=\"og:availability\" content=\"instock\" \/>\n<meta property=\"product:availability\" content=\"instock\" \/>\n<meta property=\"product:retailer_item_id\" content=\"1202224\" \/>\n<meta property=\"product:condition\" content=\"new\" \/>\n<!-- \/ Yoast SEO Premium plugin. -->","yoast_head_json":{"title":"Calcium d'algues marines - 60 g\u00e9lules - Dutchmicrodosing","description":"Together Seaweed Calcium obtient son calcium de mani\u00e8re enti\u00e8rement naturelle \u00e0 partir d'algues marines. Le calcium est un \u00e9l\u00e9ment essentiel pour notre corps","robots":{"index":"index","follow":"follow","max-snippet":"max-snippet:-1","max-image-preview":"max-image-preview:large","max-video-preview":"max-video-preview:-1"},"canonical":"https:\/\/dutchmicrodosing.com\/fr\/boutique-de-sante\/vitamines-et-supplements\/algues-calcium-60caps\/","og_locale":"fr_FR","og_type":"article","og_title":"Calcium d'algues marines - 60 g\u00e9lules","og_description":"Together Seaweed Calcium obtient son calcium de mani\u00e8re enti\u00e8rement naturelle \u00e0 partir d'algues marines. Le calcium est un \u00e9l\u00e9ment essentiel pour notre","og_url":"https:\/\/dutchmicrodosing.com\/fr\/boutique-de-sante\/vitamines-et-supplements\/algues-calcium-60caps\/","og_site_name":"Dutchmicrodosing","article_publisher":"https:\/\/www.facebook.com\/Dutchmicrodosingxp\/","article_modified_time":"2025-09-04T07:51:32+00:00","og_image":[{"width":1040,"height":1040,"url":"https:\/\/dutchmicrodosing.com\/wp-content\/uploads\/2021\/02\/2262-Seaweed-Calcium-Together-Health-60caps-1.jpg","type":"image\/jpeg"}],"twitter_card":"summary_large_image","schema":{"@context":"https:\/\/schema.org","@graph":[{"@type":"WebPage","@id":"https:\/\/dutchmicrodosing.com\/fr\/boutique-de-sante\/vitamines-et-supplements\/algues-calcium-60caps\/","url":"https:\/\/dutchmicrodosing.com\/fr\/boutique-de-sante\/vitamines-et-supplements\/algues-calcium-60caps\/","name":"Calcium d'algues marines - 60 g\u00e9lules - Dutchmicrodosing","isPartOf":{"@id":"https:\/\/dutchmicrodosing.com\/fr\/#website"},"primaryImageOfPage":{"@id":"https:\/\/dutchmicrodosing.com\/fr\/boutique-de-sante\/vitamines-et-supplements\/algues-calcium-60caps\/#primaryimage"},"image":{"@id":"https:\/\/dutchmicrodosing.com\/fr\/boutique-de-sante\/vitamines-et-supplements\/algues-calcium-60caps\/#primaryimage"},"thumbnailUrl":"https:\/\/dutchmicrodosing.com\/wp-content\/uploads\/2021\/02\/2262-Seaweed-Calcium-Together-Health-60caps-1.jpg","datePublished":"2021-02-27T21:51:43+00:00","dateModified":"2025-09-04T07:51:32+00:00","description":"Together Seaweed Calcium obtient son calcium de mani\u00e8re enti\u00e8rement naturelle \u00e0 partir d'algues marines. Le calcium est un \u00e9l\u00e9ment essentiel pour notre corps","breadcrumb":{"@id":"https:\/\/dutchmicrodosing.com\/fr\/boutique-de-sante\/vitamines-et-supplements\/algues-calcium-60caps\/#breadcrumb"},"inLanguage":"fr-FR","potentialAction":[{"@type":"ReadAction","target":["https:\/\/dutchmicrodosing.com\/fr\/boutique-de-sante\/vitamines-et-supplements\/algues-calcium-60caps\/"]}]},{"@type":"ImageObject","inLanguage":"fr-FR","@id":"https:\/\/dutchmicrodosing.com\/fr\/boutique-de-sante\/vitamines-et-supplements\/algues-calcium-60caps\/#primaryimage","url":"https:\/\/dutchmicrodosing.com\/wp-content\/uploads\/2021\/02\/2262-Seaweed-Calcium-Together-Health-60caps-1.jpg","contentUrl":"https:\/\/dutchmicrodosing.com\/wp-content\/uploads\/2021\/02\/2262-Seaweed-Calcium-Together-Health-60caps-1.jpg","width":1040,"height":1040},{"@type":"BreadcrumbList","@id":"https:\/\/dutchmicrodosing.com\/fr\/boutique-de-sante\/vitamines-et-supplements\/algues-calcium-60caps\/#breadcrumb","itemListElement":[{"@type":"ListItem","position":1,"name":"Home","item":"https:\/\/dutchmicrodosing.com\/fr\/"},{"@type":"ListItem","position":2,"name":"Boutique","item":"https:\/\/dutchmicrodosing.com\/fr\/boutique\/"},{"@type":"ListItem","position":3,"name":"Calcium d&rsquo;algues marines &#8211; 60 g\u00e9lules"}]},{"@type":"WebSite","@id":"https:\/\/dutchmicrodosing.com\/fr\/#website","url":"https:\/\/dutchmicrodosing.com\/fr\/","name":"Dutchmicrodosing","description":"","publisher":{"@id":"https:\/\/dutchmicrodosing.com\/fr\/#organization"},"potentialAction":[{"@type":"SearchAction","target":{"@type":"EntryPoint","urlTemplate":"https:\/\/dutchmicrodosing.com\/fr\/?s={search_term_string}"},"query-input":{"@type":"PropertyValueSpecification","valueRequired":true,"valueName":"search_term_string"}}],"inLanguage":"fr-FR"},{"@type":"Organization","@id":"https:\/\/dutchmicrodosing.com\/fr\/#organization","name":"Dutchmicrodosing","url":"https:\/\/dutchmicrodosing.com\/fr\/","logo":{"@type":"ImageObject","inLanguage":"fr-FR","@id":"https:\/\/dutchmicrodosing.com\/fr\/#\/schema\/logo\/image\/","url":"https:\/\/dutchmicrodosing.com\/wp-content\/uploads\/2021\/01\/microdosing-categorie-pic-nieuw.jpg","contentUrl":"https:\/\/dutchmicrodosing.com\/wp-content\/uploads\/2021\/01\/microdosing-categorie-pic-nieuw.jpg","width":500,"height":500,"caption":"Dutchmicrodosing"},"image":{"@id":"https:\/\/dutchmicrodosing.com\/fr\/#\/schema\/logo\/image\/"},"sameAs":["https:\/\/www.facebook.com\/Dutchmicrodosingxp\/","https:\/\/www.instagram.com\/dutchmicrodosing\/"]}]},"product_price_amount":"12.95","product_price_currency":"EUR","og_availability":"instock","product_availability":"instock","product_retailer_item_id":"1202224","product_condition":"new"},"_links":{"self":[{"href":"https:\/\/dutchmicrodosing.com\/fr\/wp-json\/wp\/v2\/product\/4971","targetHints":{"allow":["GET"]}}],"collection":[{"href":"https:\/\/dutchmicrodosing.com\/fr\/wp-json\/wp\/v2\/product"}],"about":[{"href":"https:\/\/dutchmicrodosing.com\/fr\/wp-json\/wp\/v2\/types\/product"}],"replies":[{"embeddable":true,"href":"https:\/\/dutchmicrodosing.com\/fr\/wp-json\/wp\/v2\/comments?post=4971"}],"version-history":[{"count":0,"href":"https:\/\/dutchmicrodosing.com\/fr\/wp-json\/wp\/v2\/product\/4971\/revisions"}],"wp:featuredmedia":[{"embeddable":true,"href":"https:\/\/dutchmicrodosing.com\/fr\/wp-json\/wp\/v2\/media\/3250"}],"wp:attachment":[{"href":"https:\/\/dutchmicrodosing.com\/fr\/wp-json\/wp\/v2\/media?parent=4971"}],"wp:term":[{"taxonomy":"product_brand","embeddable":true,"href":"https:\/\/dutchmicrodosing.com\/fr\/wp-json\/wp\/v2\/product_brand?post=4971"},{"taxonomy":"product_cat","embeddable":true,"href":"https:\/\/dutchmicrodosing.com\/fr\/wp-json\/wp\/v2\/product_cat?post=4971"},{"taxonomy":"product_tag","embeddable":true,"href":"https:\/\/dutchmicrodosing.com\/fr\/wp-json\/wp\/v2\/product_tag?post=4971"}],"curies":[{"name":"wp","href":"https:\/\/api.w.org\/{rel}","templated":true}]}}