{"id":4975,"date":"2021-02-21T10:25:20","date_gmt":"2021-05-04T19:04:12","guid":{"rendered":"https:\/\/dutchmicrodosing.com\/shop\/non%20class\u00e9\/thai-xp\/"},"modified":"2024-01-16T15:48:53","modified_gmt":"2024-01-16T14:48:53","slug":"thai-xp","status":"publish","type":"product","link":"https:\/\/dutchmicrodosing.com\/fr\/champignons-magiques\/kits-de-culture-fresh-mushroom\/thai-xp\/","title":{"rendered":"Thai XP"},"content":{"rendered":"<p>Avec un kit de culture <strong>tha\u00eflandais de Fresh Mushrooms<\/strong>, vous pouvez facilement cultiver vos propres champignons \u00e0 la maison. Le kit de culture tha\u00eflandais vous permettra de faire un voyage qui vous rendra joyeux et social. C&rsquo;est le champignon magique parfait pour une f\u00eate. C&rsquo;est facile de se mettre dans le bon \u00e9tat d&rsquo;esprit. Il n&rsquo;est pas \u00e9tonnant que ces champignons soient largement utilis\u00e9s en Tha\u00eflande lors des c\u00e9l\u00e8bres f\u00eates de la pleine lune.<\/p>\n<h2>Rendez-le confortable avec le champignon tha\u00eflandais.<\/h2>\n<p>Le kit de culture de champignons tha\u00eflandais Fresh Mushrooms est id\u00e9al pour se familiariser avec le monde des champignons magiques. Si vous n&rsquo;avez jamais tripp\u00e9 auparavant, ce champignon magique est un bon d\u00e9but. Mais ne vous y trompez pas, le champignon magique tha\u00eflandais provoque \u00e9galement des hallucinations et vous emm\u00e8ne dans un autre monde. La plupart du temps, vous \u00eates excit\u00e9 et d\u00e9tendu en m\u00eame temps. Vous appr\u00e9cierez \u00e9galement la compagnie d&rsquo;autres personnes et les contacts seront plus faciles.<\/p>\n<h2>D&rsquo;o\u00f9 vient le champignon magique tha\u00eflandais ?<\/h2>\n<p>C&rsquo;est le premier champignon magique d\u00e9couvert par le mycologue John Allen et il est \u00e0 l&rsquo;origine de la diffusion et de la popularit\u00e9 des champignons magiques. Il pousse en Tha\u00eflande, de pr\u00e9f\u00e9rence dans des sols humides, comme les rizi\u00e8res. C&rsquo;est aussi parce que les buffles d&rsquo;eau passent par l\u00e0 et fertilisent le sol avec leurs excr\u00e9ments. Sur ce sol riche, il y a beaucoup de nourriture disponible, o\u00f9 les champignons peuvent bien pousser.<\/p>\n<p>Chez vous, vous pouvez facilement cultiver le champignon tha\u00eflandais gr\u00e2ce au kit de culture Fresh Mushrooms. Vous ne devez pas avoir de connaissances particuli\u00e8res pour cela. Les champignons poussent assez vite. Quand ils \u00e9mergent, vous pouvez voir la couleur marron-orange et les beaux chapeaux ronds.<\/p>\n<h2>Kit de culture manuelle tha\u00eflandaise<\/h2>\n<p><a href=\"https:\/\/dutchmicrodosing.fr\/growkit_manual\/\">T\u00e9l\u00e9charger ici : Manuel du kit de culture de champignons frais<\/a><\/p>\n<ol>\n<li>Sortez le kit de culture, le sac en plastique et le trombone de la bo\u00eete. Retirez le couvercle du kit de culture (conservez le couvercle dans un endroit s\u00fbr). Rincez le couvercle \u00e0 l&rsquo;eau courante. Vous en aurez \u00e0 nouveau besoin plus tard.<\/li>\n<li>Placez le kit de culture sans couvercle dans le sac en plastique fourni. Faites glisser l&rsquo;ouverture du sac sous le fond avec la micro perforation vers le haut. L&rsquo;ouverture du sac est maintenant largement ferm\u00e9e. Il n&rsquo;y a pas lieu de s&rsquo;inqui\u00e9ter de la circulation de l&rsquo;air.<\/li>\n<li>D\u00e8s que vous voyez des petites boules pousser, vous pouvez commencer \u00e0 redresser le sac. Ne pas arroser. Les premiers champignons seront visibles apr\u00e8s environ une semaine.<\/li>\n<li>Placez le kit de culture dans un endroit suffisamment \u00e9clair\u00e9 par la lumi\u00e8re du jour et \u00e0 une temp\u00e9rature comprise entre 18 \u00b0C et 28 \u00b0C. Ne placez JAMAIS le set de culture en plein soleil. Bien que les champignons poussent \u00e0 presque toutes les temp\u00e9ratures sup\u00e9rieures \u00e0 15 \u00b0C, 23 \u00b0C est la temp\u00e9rature id\u00e9ale pour une r\u00e9colte optimale. Des tapis chauffants sp\u00e9ciaux sont disponibles pour garantir cette temp\u00e9rature et ne pas avoir \u00e0 chauffer toute la pi\u00e8ce.<\/li>\n<li>\u00c0 partir de ce stade, laissez le sac l\u00e9g\u00e8rement ouvert en permanence, afin que l&rsquo;humidit\u00e9 puisse s&rsquo;\u00e9vaporer un peu. Un exc\u00e8s d&rsquo;humidit\u00e9 n&rsquo;est pas bon. Votre premi\u00e8re r\u00e9colte aura lieu environ une semaine apr\u00e8s l&rsquo;apparition des premiers bulbes. Veillez \u00e0 r\u00e9colter avant que les premi\u00e8res spores ne tombent !<\/li>\n<li>Ces ensembles produisent de multiples r\u00e9coltes de champignons. Pour ce faire, remplissez le kit avec de l&rsquo;eau du robinet propre apr\u00e8s la premi\u00e8re r\u00e9colte. Ce processus, connu sous le nom de choc froid, insuffle une nouvelle vie au myc\u00e9lium et garantit une humidit\u00e9 suffisante pour la croissance des champignons.<\/li>\n<li>Replacez le couvercle du kit de culture sur le kit. Laissez l&rsquo;ensemble reposer pendant 12 heures. Ouvrez un coin du couvercle et laissez l&rsquo;exc\u00e9dent d&rsquo;eau s&rsquo;\u00e9couler. A partir de l\u00e0, vous pouvez suivre \u00e0 nouveau les instructions de l&rsquo;\u00e9tape 1. Ce processus peut \u00eatre r\u00e9p\u00e9t\u00e9 plusieurs fois.<\/li>\n<\/ol>\n<h2>La r\u00e9colte :<\/h2>\n<p>Les kits de culture de champignons frais produisent leur premi\u00e8re r\u00e9colte assez rapidement. Apr\u00e8s une semaine, les premiers bourgeons sont d\u00e9j\u00e0 visibles. Les temp\u00e9ratures basses et \u00e9lev\u00e9es peuvent ralentir quelque peu ce processus de croissance. Une fois que les bourgeons sont visibles, il faut g\u00e9n\u00e9ralement une semaine pour que les champignons se d\u00e9veloppent pleinement.<\/p>\n<p>Le moment de la r\u00e9colte est extr\u00eamement important. Lorsque les membranes sous les chapeaux sont encore serr\u00e9es, mais risquent d&rsquo;\u00e9clater ou de se d\u00e9tacher sous l&rsquo;effet de la force des chapeaux, il est temps de r\u00e9colter.<span style=\"text-decoration: underline;\"><br \/>\n<\/span><\/p>\n<h2>Rendement Thai 100% myc\u00e9lium magic mushroom grow kit<\/h2>\n<p>Un kit de culture Thai 1200cc de Freshmushrooms permet de r\u00e9colter entre 500g et 800g de champignons frais ou 50-80g de champignons secs.<\/p>\n<h2>Les effets des champignons magiques tha\u00eflandais<\/h2>\n<p>Ces champignons magiques sont id\u00e9aux pour \u00eatre utilis\u00e9s lors de f\u00eates. Il vous permet de vous entendre plus facilement, de profiter des activit\u00e9s sociales et vous donne un regain d&rsquo;\u00e9nergie. Pendant le trip, vous vous sentirez heureux et joyeux et vous n&rsquo;aurez aucun mal \u00e0 vous faire des amis.<\/p>\n<p>Outre cette influence sur votre humeur, les champignons magiques tha\u00eflandais ont \u00e9galement des effets visuels. Cela signifie que vous pouvez voir des motifs ou des objets d\u00e9form\u00e9s. Pendant le trip, vos sens peuvent devenir plus aiguis\u00e9s. Vous entendez, voyez, sentez et go\u00fbtez des choses que les autres ne peuvent pas percevoir. Un tel voyage vous permet de d\u00e9couvrir le monde d&rsquo;une mani\u00e8re compl\u00e8tement diff\u00e9rente et cela peut faire une grande impression. Les effets de ces champignons durent environ 5 heures.<\/p>\n<h3>Quel est le bon dosage ?<\/h3>\n<p>Champignons frais Les champignons tha\u00eflandais peuvent \u00eatre consomm\u00e9s crus, mais ce n&rsquo;est pas tr\u00e8s savoureux. La plupart des gens font du th\u00e9 aux champignons magiques. Mettez de l&rsquo;eau et portez \u00e0 \u00e9bullition. Laissez ensuite refroidir un moment (l&rsquo;eau bouillante peut d\u00e9truire les substances psychoactives) et versez l&rsquo;eau chaude sur les champignons. Apr\u00e8s 20 minutes, votre th\u00e9 magique aux champignons est pr\u00eat.<\/p>\n<p>Pour d\u00e9terminer le nombre de champignons que vous allez prendre, tenez compte de l&rsquo;intensit\u00e9 du voyage que vous souhaitez faire, de votre exp\u00e9rience et de la possibilit\u00e9 de manger quelque chose avant. Votre poids corporel joue \u00e9galement un r\u00f4le. C&rsquo;est donc toujours \u00e0 vous d&rsquo;estimer la quantit\u00e9 que vous pouvez prendre, mais nous vous recommandons de commencer par une faible dose. Surtout si vous n&rsquo;avez jamais fait de voyage auparavant. Vous pouvez utiliser les directives ci-dessous pour d\u00e9terminer votre dose :<\/p>\n<ul>\n<li>Microdosage : 0,2 gramme de champignons s\u00e9ch\u00e9s | 2 grammes de champignons frais<\/li>\n<li>Trip l\u00e9ger : 1 gramme de champignons s\u00e9ch\u00e9s | 9 grammes de champignons frais<\/li>\n<li>Voyage normal : 2 grammes de champignons s\u00e9ch\u00e9s | 21 grammes de champignons frais<\/li>\n<li>Voyage intense : 3,5 grammes de champignons s\u00e9ch\u00e9s | 35 grammes de champignons frais<\/li>\n<\/ul>\n<h3>Une bonne pr\u00e9paration de votre voyage<\/h3>\n<p>Bien s\u00fbr, vous voulez que votre voyage soit agr\u00e9able. C&rsquo;est pourquoi il est bon de pr\u00e9parer un peu son voyage. Choisissez un environnement o\u00f9 vous vous sentez \u00e0 l&rsquo;aise et assurez-vous qu&rsquo;il y a une personne famili\u00e8re en qui vous avez confiance. Cette autre personne peut \u00eatre votre tripteur. C&rsquo;est quelqu&rsquo;un qui ne consommera pas de drogues ou d&rsquo;alcool, et qui pourra donc vous aider si vous en avez besoin.<\/p>\n<p>Le tripoteur garde un \u0153il sur vous. Parfois, un voyage peut \u00eatre tr\u00e8s intense et il est utile d&rsquo;avoir quelqu&rsquo;un avec vous pour vous rassurer. Vous pouvez \u00e9galement acheter un bouchon de voyage. Ce m\u00e9dicament peut aider \u00e0 att\u00e9nuer les effets d&rsquo;un voyage.<\/p>\n<h2>Achetez vos champignons frais Champignons tha\u00eflandais en ligne<\/h2>\n<p>Pr\u00eat pour une f\u00eate super amusante ? Assurez-vous d&rsquo;obtenir votre kit de culture de champignons tha\u00eflandais \u00e0 temps. Commandez-les ici en ligne et vous recevrez votre colis rapidement chez vous dans un emballage neutre et s\u00fbr.<\/p>\n","protected":false},"excerpt":{"rendered":"<p>Avec un kit de culture tha\u00eflandais de Fresh Mushrooms, vous pouvez facilement cultiver vos propres champignons \u00e0 la maison. Le kit de culture tha\u00eflandais vous permettra de faire un voyage qui vous rendra joyeux et social. C&rsquo;est le champignon magique parfait pour une f\u00eate. C&rsquo;est facile de se mettre dans le bon \u00e9tat d&rsquo;esprit. Il [&hellip;]<\/p>\n","protected":false},"featured_media":3602,"comment_status":"open","ping_status":"closed","template":"","meta":[],"product_brand":[],"product_cat":[130],"product_tag":[],"class_list":{"0":"post-4975","1":"product","2":"type-product","3":"status-publish","4":"has-post-thumbnail","6":"product_cat-kits-de-culture-fresh-mushroom","8":"first","9":"instock","10":"taxable","11":"shipping-taxable","12":"purchasable","13":"product-type-simple"},"yoast_head":"<!-- This site is optimized with the Yoast SEO Premium plugin v26.4 (Yoast SEO v27.4) - https:\/\/yoast.com\/product\/yoast-seo-premium-wordpress\/ -->\n<title>Achetez vos champignons magiques Thai Fresh Mushrooms en ligne | Livraison rapide et discr\u00e8te<\/title>\n<meta name=\"description\" content=\"Pr\u00eat pour une f\u00eate super amusante ? Assurez-vous d&#039;obtenir votre kit de culture de champignons tha\u00eflandais \u00e0 temps. Commandez-les en ligne ici\" \/>\n<meta name=\"robots\" content=\"index, follow, max-snippet:-1, max-image-preview:large, max-video-preview:-1\" \/>\n<link rel=\"canonical\" href=\"https:\/\/dutchmicrodosing.com\/fr\/champignons-magiques\/kits-de-culture-fresh-mushroom\/thai-xp\/\" \/>\n<meta property=\"og:locale\" content=\"fr_FR\" \/>\n<meta property=\"og:type\" content=\"article\" \/>\n<meta property=\"og:title\" content=\"Thai XP\" \/>\n<meta property=\"og:description\" content=\"Avec un kit de culture tha\u00eflandais de Fresh Mushrooms, vous pouvez facilement cultiver vos propres champignons \u00e0 la maison. Le kit de culture tha\u00eflandais\" \/>\n<meta property=\"og:url\" content=\"https:\/\/dutchmicrodosing.com\/fr\/champignons-magiques\/kits-de-culture-fresh-mushroom\/thai-xp\/\" \/>\n<meta property=\"og:site_name\" content=\"Dutchmicrodosing\" \/>\n<meta property=\"article:publisher\" content=\"https:\/\/www.facebook.com\/Dutchmicrodosingxp\/\" \/>\n<meta property=\"article:modified_time\" content=\"2024-01-16T14:48:53+00:00\" \/>\n<meta property=\"og:image\" content=\"https:\/\/dutchmicrodosing.com\/wp-content\/uploads\/2021\/02\/Thai-growkit.jpg\" \/>\n\t<meta property=\"og:image:width\" content=\"500\" \/>\n\t<meta property=\"og:image:height\" content=\"500\" \/>\n\t<meta property=\"og:image:type\" content=\"image\/jpeg\" \/>\n<meta name=\"twitter:card\" content=\"summary_large_image\" \/>\n<script type=\"application\/ld+json\" class=\"yoast-schema-graph\">{\"@context\":\"https:\\\/\\\/schema.org\",\"@graph\":[{\"@type\":\"WebPage\",\"@id\":\"https:\\\/\\\/dutchmicrodosing.com\\\/fr\\\/champignons-magiques\\\/kits-de-culture-fresh-mushroom\\\/thai-xp\\\/\",\"url\":\"https:\\\/\\\/dutchmicrodosing.com\\\/fr\\\/champignons-magiques\\\/kits-de-culture-fresh-mushroom\\\/thai-xp\\\/\",\"name\":\"Achetez vos champignons magiques Thai Fresh Mushrooms en ligne | Livraison rapide et discr\u00e8te\",\"isPartOf\":{\"@id\":\"https:\\\/\\\/dutchmicrodosing.com\\\/fr\\\/#website\"},\"primaryImageOfPage\":{\"@id\":\"https:\\\/\\\/dutchmicrodosing.com\\\/fr\\\/champignons-magiques\\\/kits-de-culture-fresh-mushroom\\\/thai-xp\\\/#primaryimage\"},\"image\":{\"@id\":\"https:\\\/\\\/dutchmicrodosing.com\\\/fr\\\/champignons-magiques\\\/kits-de-culture-fresh-mushroom\\\/thai-xp\\\/#primaryimage\"},\"thumbnailUrl\":\"https:\\\/\\\/dutchmicrodosing.com\\\/wp-content\\\/uploads\\\/2021\\\/02\\\/Thai-growkit.jpg\",\"datePublished\":\"2021-05-04T19:04:12+00:00\",\"dateModified\":\"2024-01-16T14:48:53+00:00\",\"description\":\"Pr\u00eat pour une f\u00eate super amusante ? Assurez-vous d'obtenir votre kit de culture de champignons tha\u00eflandais \u00e0 temps. Commandez-les en ligne ici\",\"breadcrumb\":{\"@id\":\"https:\\\/\\\/dutchmicrodosing.com\\\/fr\\\/champignons-magiques\\\/kits-de-culture-fresh-mushroom\\\/thai-xp\\\/#breadcrumb\"},\"inLanguage\":\"fr-FR\",\"potentialAction\":[{\"@type\":\"ReadAction\",\"target\":[\"https:\\\/\\\/dutchmicrodosing.com\\\/fr\\\/champignons-magiques\\\/kits-de-culture-fresh-mushroom\\\/thai-xp\\\/\"]}]},{\"@type\":\"ImageObject\",\"inLanguage\":\"fr-FR\",\"@id\":\"https:\\\/\\\/dutchmicrodosing.com\\\/fr\\\/champignons-magiques\\\/kits-de-culture-fresh-mushroom\\\/thai-xp\\\/#primaryimage\",\"url\":\"https:\\\/\\\/dutchmicrodosing.com\\\/wp-content\\\/uploads\\\/2021\\\/02\\\/Thai-growkit.jpg\",\"contentUrl\":\"https:\\\/\\\/dutchmicrodosing.com\\\/wp-content\\\/uploads\\\/2021\\\/02\\\/Thai-growkit.jpg\",\"width\":500,\"height\":500},{\"@type\":\"BreadcrumbList\",\"@id\":\"https:\\\/\\\/dutchmicrodosing.com\\\/fr\\\/champignons-magiques\\\/kits-de-culture-fresh-mushroom\\\/thai-xp\\\/#breadcrumb\",\"itemListElement\":[{\"@type\":\"ListItem\",\"position\":1,\"name\":\"Home\",\"item\":\"https:\\\/\\\/dutchmicrodosing.com\\\/fr\\\/\"},{\"@type\":\"ListItem\",\"position\":2,\"name\":\"Boutique\",\"item\":\"https:\\\/\\\/dutchmicrodosing.com\\\/fr\\\/boutique\\\/\"},{\"@type\":\"ListItem\",\"position\":3,\"name\":\"Thai XP\"}]},{\"@type\":\"WebSite\",\"@id\":\"https:\\\/\\\/dutchmicrodosing.com\\\/fr\\\/#website\",\"url\":\"https:\\\/\\\/dutchmicrodosing.com\\\/fr\\\/\",\"name\":\"Dutchmicrodosing\",\"description\":\"\",\"publisher\":{\"@id\":\"https:\\\/\\\/dutchmicrodosing.com\\\/fr\\\/#organization\"},\"potentialAction\":[{\"@type\":\"SearchAction\",\"target\":{\"@type\":\"EntryPoint\",\"urlTemplate\":\"https:\\\/\\\/dutchmicrodosing.com\\\/fr\\\/?s={search_term_string}\"},\"query-input\":{\"@type\":\"PropertyValueSpecification\",\"valueRequired\":true,\"valueName\":\"search_term_string\"}}],\"inLanguage\":\"fr-FR\"},{\"@type\":\"Organization\",\"@id\":\"https:\\\/\\\/dutchmicrodosing.com\\\/fr\\\/#organization\",\"name\":\"Dutchmicrodosing\",\"url\":\"https:\\\/\\\/dutchmicrodosing.com\\\/fr\\\/\",\"logo\":{\"@type\":\"ImageObject\",\"inLanguage\":\"fr-FR\",\"@id\":\"https:\\\/\\\/dutchmicrodosing.com\\\/fr\\\/#\\\/schema\\\/logo\\\/image\\\/\",\"url\":\"https:\\\/\\\/dutchmicrodosing.com\\\/wp-content\\\/uploads\\\/2021\\\/01\\\/microdosing-categorie-pic-nieuw.jpg\",\"contentUrl\":\"https:\\\/\\\/dutchmicrodosing.com\\\/wp-content\\\/uploads\\\/2021\\\/01\\\/microdosing-categorie-pic-nieuw.jpg\",\"width\":500,\"height\":500,\"caption\":\"Dutchmicrodosing\"},\"image\":{\"@id\":\"https:\\\/\\\/dutchmicrodosing.com\\\/fr\\\/#\\\/schema\\\/logo\\\/image\\\/\"},\"sameAs\":[\"https:\\\/\\\/www.facebook.com\\\/Dutchmicrodosingxp\\\/\",\"https:\\\/\\\/www.instagram.com\\\/dutchmicrodosing\\\/\"]}]}<\/script>\n<meta property=\"product:price:amount\" content=\"39.95\" \/>\n<meta property=\"product:price:currency\" content=\"EUR\" \/>\n<meta property=\"og:availability\" content=\"instock\" \/>\n<meta property=\"product:availability\" content=\"instock\" \/>\n<meta property=\"product:retailer_item_id\" content=\"0208777\" \/>\n<meta property=\"product:condition\" content=\"new\" \/>\n<!-- \/ Yoast SEO Premium plugin. -->","yoast_head_json":{"title":"Achetez vos champignons magiques Thai Fresh Mushrooms en ligne | Livraison rapide et discr\u00e8te","description":"Pr\u00eat pour une f\u00eate super amusante ? Assurez-vous d'obtenir votre kit de culture de champignons tha\u00eflandais \u00e0 temps. Commandez-les en ligne ici","robots":{"index":"index","follow":"follow","max-snippet":"max-snippet:-1","max-image-preview":"max-image-preview:large","max-video-preview":"max-video-preview:-1"},"canonical":"https:\/\/dutchmicrodosing.com\/fr\/champignons-magiques\/kits-de-culture-fresh-mushroom\/thai-xp\/","og_locale":"fr_FR","og_type":"article","og_title":"Thai XP","og_description":"Avec un kit de culture tha\u00eflandais de Fresh Mushrooms, vous pouvez facilement cultiver vos propres champignons \u00e0 la maison. Le kit de culture tha\u00eflandais","og_url":"https:\/\/dutchmicrodosing.com\/fr\/champignons-magiques\/kits-de-culture-fresh-mushroom\/thai-xp\/","og_site_name":"Dutchmicrodosing","article_publisher":"https:\/\/www.facebook.com\/Dutchmicrodosingxp\/","article_modified_time":"2024-01-16T14:48:53+00:00","og_image":[{"width":500,"height":500,"url":"https:\/\/dutchmicrodosing.com\/wp-content\/uploads\/2021\/02\/Thai-growkit.jpg","type":"image\/jpeg"}],"twitter_card":"summary_large_image","schema":{"@context":"https:\/\/schema.org","@graph":[{"@type":"WebPage","@id":"https:\/\/dutchmicrodosing.com\/fr\/champignons-magiques\/kits-de-culture-fresh-mushroom\/thai-xp\/","url":"https:\/\/dutchmicrodosing.com\/fr\/champignons-magiques\/kits-de-culture-fresh-mushroom\/thai-xp\/","name":"Achetez vos champignons magiques Thai Fresh Mushrooms en ligne | Livraison rapide et discr\u00e8te","isPartOf":{"@id":"https:\/\/dutchmicrodosing.com\/fr\/#website"},"primaryImageOfPage":{"@id":"https:\/\/dutchmicrodosing.com\/fr\/champignons-magiques\/kits-de-culture-fresh-mushroom\/thai-xp\/#primaryimage"},"image":{"@id":"https:\/\/dutchmicrodosing.com\/fr\/champignons-magiques\/kits-de-culture-fresh-mushroom\/thai-xp\/#primaryimage"},"thumbnailUrl":"https:\/\/dutchmicrodosing.com\/wp-content\/uploads\/2021\/02\/Thai-growkit.jpg","datePublished":"2021-05-04T19:04:12+00:00","dateModified":"2024-01-16T14:48:53+00:00","description":"Pr\u00eat pour une f\u00eate super amusante ? Assurez-vous d'obtenir votre kit de culture de champignons tha\u00eflandais \u00e0 temps. Commandez-les en ligne ici","breadcrumb":{"@id":"https:\/\/dutchmicrodosing.com\/fr\/champignons-magiques\/kits-de-culture-fresh-mushroom\/thai-xp\/#breadcrumb"},"inLanguage":"fr-FR","potentialAction":[{"@type":"ReadAction","target":["https:\/\/dutchmicrodosing.com\/fr\/champignons-magiques\/kits-de-culture-fresh-mushroom\/thai-xp\/"]}]},{"@type":"ImageObject","inLanguage":"fr-FR","@id":"https:\/\/dutchmicrodosing.com\/fr\/champignons-magiques\/kits-de-culture-fresh-mushroom\/thai-xp\/#primaryimage","url":"https:\/\/dutchmicrodosing.com\/wp-content\/uploads\/2021\/02\/Thai-growkit.jpg","contentUrl":"https:\/\/dutchmicrodosing.com\/wp-content\/uploads\/2021\/02\/Thai-growkit.jpg","width":500,"height":500},{"@type":"BreadcrumbList","@id":"https:\/\/dutchmicrodosing.com\/fr\/champignons-magiques\/kits-de-culture-fresh-mushroom\/thai-xp\/#breadcrumb","itemListElement":[{"@type":"ListItem","position":1,"name":"Home","item":"https:\/\/dutchmicrodosing.com\/fr\/"},{"@type":"ListItem","position":2,"name":"Boutique","item":"https:\/\/dutchmicrodosing.com\/fr\/boutique\/"},{"@type":"ListItem","position":3,"name":"Thai XP"}]},{"@type":"WebSite","@id":"https:\/\/dutchmicrodosing.com\/fr\/#website","url":"https:\/\/dutchmicrodosing.com\/fr\/","name":"Dutchmicrodosing","description":"","publisher":{"@id":"https:\/\/dutchmicrodosing.com\/fr\/#organization"},"potentialAction":[{"@type":"SearchAction","target":{"@type":"EntryPoint","urlTemplate":"https:\/\/dutchmicrodosing.com\/fr\/?s={search_term_string}"},"query-input":{"@type":"PropertyValueSpecification","valueRequired":true,"valueName":"search_term_string"}}],"inLanguage":"fr-FR"},{"@type":"Organization","@id":"https:\/\/dutchmicrodosing.com\/fr\/#organization","name":"Dutchmicrodosing","url":"https:\/\/dutchmicrodosing.com\/fr\/","logo":{"@type":"ImageObject","inLanguage":"fr-FR","@id":"https:\/\/dutchmicrodosing.com\/fr\/#\/schema\/logo\/image\/","url":"https:\/\/dutchmicrodosing.com\/wp-content\/uploads\/2021\/01\/microdosing-categorie-pic-nieuw.jpg","contentUrl":"https:\/\/dutchmicrodosing.com\/wp-content\/uploads\/2021\/01\/microdosing-categorie-pic-nieuw.jpg","width":500,"height":500,"caption":"Dutchmicrodosing"},"image":{"@id":"https:\/\/dutchmicrodosing.com\/fr\/#\/schema\/logo\/image\/"},"sameAs":["https:\/\/www.facebook.com\/Dutchmicrodosingxp\/","https:\/\/www.instagram.com\/dutchmicrodosing\/"]}]},"product_price_amount":"39.95","product_price_currency":"EUR","og_availability":"instock","product_availability":"instock","product_retailer_item_id":"0208777","product_condition":"new"},"_links":{"self":[{"href":"https:\/\/dutchmicrodosing.com\/fr\/wp-json\/wp\/v2\/product\/4975","targetHints":{"allow":["GET"]}}],"collection":[{"href":"https:\/\/dutchmicrodosing.com\/fr\/wp-json\/wp\/v2\/product"}],"about":[{"href":"https:\/\/dutchmicrodosing.com\/fr\/wp-json\/wp\/v2\/types\/product"}],"replies":[{"embeddable":true,"href":"https:\/\/dutchmicrodosing.com\/fr\/wp-json\/wp\/v2\/comments?post=4975"}],"version-history":[{"count":0,"href":"https:\/\/dutchmicrodosing.com\/fr\/wp-json\/wp\/v2\/product\/4975\/revisions"}],"wp:featuredmedia":[{"embeddable":true,"href":"https:\/\/dutchmicrodosing.com\/fr\/wp-json\/wp\/v2\/media\/3602"}],"wp:attachment":[{"href":"https:\/\/dutchmicrodosing.com\/fr\/wp-json\/wp\/v2\/media?parent=4975"}],"wp:term":[{"taxonomy":"product_brand","embeddable":true,"href":"https:\/\/dutchmicrodosing.com\/fr\/wp-json\/wp\/v2\/product_brand?post=4975"},{"taxonomy":"product_cat","embeddable":true,"href":"https:\/\/dutchmicrodosing.com\/fr\/wp-json\/wp\/v2\/product_cat?post=4975"},{"taxonomy":"product_tag","embeddable":true,"href":"https:\/\/dutchmicrodosing.com\/fr\/wp-json\/wp\/v2\/product_tag?post=4975"}],"curies":[{"name":"wp","href":"https:\/\/api.w.org\/{rel}","templated":true}]}}