{"id":4988,"date":"2021-02-21T10:24:30","date_gmt":"2021-02-21T09:24:30","guid":{"rendered":"https:\/\/dutchmicrodosing.com\/shop\/non%20class\u00e9\/colombien-xp\/"},"modified":"2025-11-20T10:55:21","modified_gmt":"2025-11-20T09:55:21","slug":"colombien-xp","status":"publish","type":"product","link":"https:\/\/dutchmicrodosing.com\/fr\/champignons-magiques\/kits-de-culture-fresh-mushroom\/colombien-xp\/","title":{"rendered":"Colombien XP"},"content":{"rendered":"<p>Pour un voyage sp\u00e9cial et spirituel, vous finissez automatiquement par le <strong>champignon frais colombien<\/strong>. Ils ont beaucoup \u00e0 vous apprendre, alors si vous avez l&rsquo;esprit ouvert, essayez ce champignon magique. Elles sont peu exigeantes et faciles \u00e0 cultiver. Avec ce kit de culture, vous aurez vos propres champignons magiques en un rien de temps.<\/p>\n<h2>Le pouvoir des champignons colombiens<\/h2>\n<p>Le nom officiel du champignon colombien est Psilocybe Colombescens. Mais on les appelle aussi volontiers des colombiens attachants. C&rsquo;est un champignon magique sp\u00e9cial, qui peut vous procurer un voyage spirituel. Mais \u00e7a ne veut pas dire qu&rsquo;il ne peut pas avoir des effets intenses. Donc, pour un d\u00e9butant, ce n&rsquo;est peut-\u00eatre pas le meilleur choix. Le champignon magique colombien peut \u00eatre un tremplin id\u00e9al pour les psychonautes qui trouvent l&rsquo;\u00e9quatorien trop intense et le mexicain pas assez lourd.<\/p>\n<h2>Tripping spirituel avec des champignons colombiens<\/h2>\n<p>Le champignon colombien peut \u00eatre un v\u00e9ritable professeur pour vous. De nombreux utilisateurs sont enthousiastes quant \u00e0 leurs exp\u00e9riences avec ce champignon, ce qui peut vous permettre de mieux vous conna\u00eetre. Ce qui rend le trip sp\u00e9cial, c&rsquo;est que vous obtenez une vision philosophique du monde. Vous vous sentez \u00e9galement sociable et avez envie d&rsquo;\u00eatre avec les autres. De merveilleuses conversations philosophiques peuvent alors na\u00eetre.<\/p>\n<p>Les hallucinations visuelles sont moins fortes avec les champignons frais de Colombie, par rapport aux autres esp\u00e8ces de champignons. Ce sont plut\u00f4t les effets spirituels qui impressionneront. Il n&rsquo;est pas rare de vivre des exp\u00e9riences spirituelles au cours d&rsquo;un voyage, au cours desquelles on acquiert des connaissances \u00e9clairantes sur soi-m\u00eame, la nature ou l&rsquo;univers. Un avantage du champignon colombien est qu&rsquo;un mauvais voyage se produit rarement.<\/p>\n<h2>Instructions Kit de culture colombien<\/h2>\n<p><a href=\"https:\/\/dutchmicrodosing.fr\/growkit_manual\/\">T\u00e9l\u00e9charger ici : Manuel du kit de culture de champignons frais<\/a><\/p>\n<ol>\n<li>Sortez le kit de culture, le sac en plastique et le trombone de la bo\u00eete. Retirez le couvercle du kit de culture (conservez le couvercle dans un endroit s\u00fbr). Rincez le couvercle \u00e0 l&rsquo;eau courante. Vous en aurez \u00e0 nouveau besoin plus tard.<\/li>\n<li>Placez le kit de culture sans couvercle dans le sac en plastique fourni. Faites glisser l&rsquo;ouverture du sac sous le fond avec la micro perforation vers le haut. L&rsquo;ouverture du sac est maintenant largement ferm\u00e9e. Il n&rsquo;y a pas lieu de s&rsquo;inqui\u00e9ter de la circulation de l&rsquo;air.<\/li>\n<li>D\u00e8s que vous voyez des petites boules pousser, vous pouvez commencer \u00e0 redresser le sac. Ne pas arroser. Les premiers champignons seront visibles apr\u00e8s environ une semaine.<\/li>\n<li>Placez le kit de culture dans un endroit suffisamment \u00e9clair\u00e9 par la lumi\u00e8re du jour et \u00e0 une temp\u00e9rature comprise entre 18 \u00b0C et 28 \u00b0C. Ne placez JAMAIS le set de culture en plein soleil. Bien que les champignons poussent \u00e0 presque toutes les temp\u00e9ratures sup\u00e9rieures \u00e0 15 \u00b0C, 23 \u00b0C est la temp\u00e9rature id\u00e9ale pour une r\u00e9colte optimale. Des tapis chauffants sp\u00e9ciaux sont disponibles pour garantir cette temp\u00e9rature et ne pas avoir \u00e0 chauffer toute la pi\u00e8ce.<\/li>\n<li>\u00c0 partir de ce stade, laissez le sac l\u00e9g\u00e8rement ouvert en permanence, afin que l&rsquo;humidit\u00e9 puisse s&rsquo;\u00e9vaporer un peu. Un exc\u00e8s d&rsquo;humidit\u00e9 n&rsquo;est pas bon. Votre premi\u00e8re r\u00e9colte aura lieu environ une semaine apr\u00e8s l&rsquo;apparition des premiers bulbes. Veillez \u00e0 r\u00e9colter avant que les premi\u00e8res spores ne tombent !<\/li>\n<li>Ces ensembles produisent de multiples r\u00e9coltes de champignons. Pour ce faire, remplissez le kit avec de l&rsquo;eau du robinet propre apr\u00e8s la premi\u00e8re r\u00e9colte. Ce processus, connu sous le nom de choc froid, insuffle une nouvelle vie au myc\u00e9lium et garantit une humidit\u00e9 suffisante pour la croissance des champignons.<\/li>\n<li>Replacez le couvercle du kit de culture sur le kit. Laissez l&rsquo;ensemble reposer pendant 12 heures. Ouvrez un coin du couvercle et laissez l&rsquo;exc\u00e9dent d&rsquo;eau s&rsquo;\u00e9couler. A partir de l\u00e0, vous pouvez suivre \u00e0 nouveau les instructions de l&rsquo;\u00e9tape 1. Ce processus peut \u00eatre r\u00e9p\u00e9t\u00e9 plusieurs fois.<\/li>\n<\/ol>\n<div>\n<h3>La r\u00e9colte :<\/h3>\n<p>Les kits de culture de champignons frais produisent leur premi\u00e8re r\u00e9colte assez rapidement. Apr\u00e8s une semaine, les premiers bourgeons sont d\u00e9j\u00e0 visibles. Les temp\u00e9ratures basses et \u00e9lev\u00e9es peuvent ralentir quelque peu ce processus de croissance. Une fois que les bourgeons sont visibles, il faut g\u00e9n\u00e9ralement une semaine pour que les champignons se d\u00e9veloppent pleinement.<\/p>\n<p>Le moment de la r\u00e9colte est extr\u00eamement important. Lorsque les membranes sous les chapeaux sont encore serr\u00e9es, mais risquent d&rsquo;\u00e9clater ou de se d\u00e9tacher sous l&rsquo;effet de la force des chapeaux, il est temps de r\u00e9colter.<\/p>\n<h2>Kit de culture 100% myc\u00e9lium colombien de rendement<\/h2>\n<p>Un kit de culture de 1200 cc de Freshmushrooms permet de r\u00e9colter entre 500 et 800 g de champignons frais ou 50-80 g de champignons s\u00e9ch\u00e9s.<\/p>\n<\/div>\n<h3>Comment dose-t-on les champignons colombiens ?<\/h3>\n<p>La quantit\u00e9 de champignons que vous prenez d\u00e9termine en grande partie l&rsquo;intensit\u00e9 du voyage. Il est important de bien r\u00e9fl\u00e9chir \u00e0 la dose. L&rsquo;exp\u00e9rience du trip joue un r\u00f4le : un d\u00e9butant doit prendre une dose plus faible qu&rsquo;un psychonaute exp\u00e9riment\u00e9. Vous devez \u00e9galement tenir compte de votre poids corporel et de la pr\u00e9sence ou non de nourriture dans votre estomac. Vous trouverez ci-dessous quelques lignes directrices pour d\u00e9terminer votre dose :<\/p>\n<ul>\n<li>Microdosage : 0,2 gramme de champignons s\u00e9ch\u00e9s | 2 grammes de champignons frais<\/li>\n<li>Trip l\u00e9ger : 1 gramme de champignons s\u00e9ch\u00e9s | 9 grammes de champignons frais<\/li>\n<li>Voyage normal : 2 grammes de champignons s\u00e9ch\u00e9s | 21 grammes de champignons frais<\/li>\n<li>Voyage intense : 3,5 grammes de champignons s\u00e9ch\u00e9s | 35 grammes de champignons frais<\/li>\n<\/ul>\n<p>Les champignons colombiens peuvent \u00eatre pris de diff\u00e9rentes mani\u00e8res. Ils peuvent \u00eatre consomm\u00e9s frais ou secs. Mais il y a aussi beaucoup de gens qui font un th\u00e9 aux champignons. Faites bouillir de l&rsquo;eau et laissez-la refroidir un peu (ne versez pas d&rsquo;eau bouillante sur vos champignons, cela pourrait endommager les compos\u00e9s psychoactifs). Versez l&rsquo;eau sur les champignons. Apr\u00e8s 20 minutes, vous pouvez boire le th\u00e9.<\/p>\n<h3>Conseils pour pr\u00e9parer votre voyage<\/h3>\n<p>Avant de prendre des champignons frais de Colombie, il est utile de pr\u00e9parer votre voyage : o\u00f9 allez-vous voyager et qui sera pr\u00e9sent ? Choisissez un environnement que vous connaissez bien. Plus vous vous sentirez \u00e0 l&rsquo;aise, plus vous aurez de chances de vous d\u00e9tendre et de passer un bon voyage. Si vous \u00eates avec plus de personnes, assurez-vous de vous entourer d&rsquo;amis en qui vous pouvez avoir confiance.<\/p>\n<p>Prenez \u00e9galement des dispositions pour qu&rsquo;il y ait un \u00ab\u00a0tripteur\u00a0\u00bb. Il s&rsquo;agit d&rsquo;une personne qui ne consommera pas de stup\u00e9fiants (drogues ou alcool). Une personne sobre peut pr\u00eater attention aux personnes qui tr\u00e9buchent. Il peut s&rsquo;assurer qu&rsquo;aucune situation dangereuse ne se pr\u00e9sente et \u00e9ventuellement vous rassurer si le voyage est plus intense que pr\u00e9vu. Il peut \u00eatre agr\u00e9able d&rsquo;entendre que les effets du voyage ne sont que temporaires. Un bouchon est \u00e9galement pratique \u00e0 avoir \u00e0 la maison.<\/p>\n<h2>Achetez votre kit de culture de champignons colombiens en ligne<\/h2>\n<p>\u00cates-vous pr\u00eat pour un voyage spirituel, un champignon magique qui bouleverse votre monde ? Vous voulez plus que ce que le champignon mexicain peut vous offrir ? Choisissez ensuite le kit de culture Fresh Mushrooms Colombian. Commandez-le maintenant et vous recevrez bient\u00f4t votre propre kit de culture \u00e0 domicile.<\/p>\n","protected":false},"excerpt":{"rendered":"<p>Pour un voyage sp\u00e9cial et spirituel, vous finissez automatiquement par le champignon frais colombien. Ils ont beaucoup \u00e0 vous apprendre, alors si vous avez l&rsquo;esprit ouvert, essayez ce champignon magique. Elles sont peu exigeantes et faciles \u00e0 cultiver. Avec ce kit de culture, vous aurez vos propres champignons magiques en un rien de temps. Le [&hellip;]<\/p>\n","protected":false},"featured_media":3574,"comment_status":"open","ping_status":"closed","template":"","meta":[],"product_brand":[],"product_cat":[130],"product_tag":[],"class_list":{"0":"post-4988","1":"product","2":"type-product","3":"status-publish","4":"has-post-thumbnail","6":"product_cat-kits-de-culture-fresh-mushroom","8":"first","9":"instock","10":"taxable","11":"shipping-taxable","12":"purchasable","13":"product-type-simple"},"yoast_head":"<!-- This site is optimized with the Yoast SEO Premium plugin v26.4 (Yoast SEO v27.4) - https:\/\/yoast.com\/product\/yoast-seo-premium-wordpress\/ -->\n<title>Colombien XP - Dutchmicrodosing<\/title>\n<meta name=\"description\" content=\"Psilocybe cubensis &#039;Colombian&#039; est appr\u00e9ci\u00e9 pour son effet puissant, sa facilit\u00e9 de culture et sa production abondante. Le premier que vous trouverez en Colombie. Il est \u00e9galement connu sous le nom de &quot;champignon social&quot; car il permet \u00e0 la plupart des individus d&#039;avoir plus d&#039;interactions sociales.\" \/>\n<meta name=\"robots\" content=\"index, follow, max-snippet:-1, max-image-preview:large, max-video-preview:-1\" \/>\n<link rel=\"canonical\" href=\"https:\/\/dutchmicrodosing.com\/fr\/champignons-magiques\/kits-de-culture-fresh-mushroom\/colombien-xp\/\" \/>\n<meta property=\"og:locale\" content=\"fr_FR\" \/>\n<meta property=\"og:type\" content=\"article\" \/>\n<meta property=\"og:title\" content=\"Colombien XP\" \/>\n<meta property=\"og:description\" content=\"Pour un voyage sp\u00e9cial et spirituel, vous finissez automatiquement par le champignon frais colombien. Ils ont beaucoup \u00e0 vous apprendre, alors si vous\" \/>\n<meta property=\"og:url\" content=\"https:\/\/dutchmicrodosing.com\/fr\/champignons-magiques\/kits-de-culture-fresh-mushroom\/colombien-xp\/\" \/>\n<meta property=\"og:site_name\" content=\"Dutchmicrodosing\" \/>\n<meta property=\"article:publisher\" content=\"https:\/\/www.facebook.com\/Dutchmicrodosingxp\/\" \/>\n<meta property=\"article:modified_time\" content=\"2025-11-20T09:55:21+00:00\" \/>\n<meta property=\"og:image\" content=\"https:\/\/dutchmicrodosing.com\/wp-content\/uploads\/2021\/02\/Colombian.jpg\" \/>\n\t<meta property=\"og:image:width\" content=\"500\" \/>\n\t<meta property=\"og:image:height\" content=\"500\" \/>\n\t<meta property=\"og:image:type\" content=\"image\/jpeg\" \/>\n<meta name=\"twitter:card\" content=\"summary_large_image\" \/>\n<script type=\"application\/ld+json\" class=\"yoast-schema-graph\">{\"@context\":\"https:\\\/\\\/schema.org\",\"@graph\":[{\"@type\":\"WebPage\",\"@id\":\"https:\\\/\\\/dutchmicrodosing.com\\\/fr\\\/champignons-magiques\\\/kits-de-culture-fresh-mushroom\\\/colombien-xp\\\/\",\"url\":\"https:\\\/\\\/dutchmicrodosing.com\\\/fr\\\/champignons-magiques\\\/kits-de-culture-fresh-mushroom\\\/colombien-xp\\\/\",\"name\":\"Colombien XP - Dutchmicrodosing\",\"isPartOf\":{\"@id\":\"https:\\\/\\\/dutchmicrodosing.com\\\/fr\\\/#website\"},\"primaryImageOfPage\":{\"@id\":\"https:\\\/\\\/dutchmicrodosing.com\\\/fr\\\/champignons-magiques\\\/kits-de-culture-fresh-mushroom\\\/colombien-xp\\\/#primaryimage\"},\"image\":{\"@id\":\"https:\\\/\\\/dutchmicrodosing.com\\\/fr\\\/champignons-magiques\\\/kits-de-culture-fresh-mushroom\\\/colombien-xp\\\/#primaryimage\"},\"thumbnailUrl\":\"https:\\\/\\\/dutchmicrodosing.com\\\/wp-content\\\/uploads\\\/2021\\\/02\\\/Colombian.jpg\",\"datePublished\":\"2021-02-21T09:24:30+00:00\",\"dateModified\":\"2025-11-20T09:55:21+00:00\",\"description\":\"Psilocybe cubensis 'Colombian' est appr\u00e9ci\u00e9 pour son effet puissant, sa facilit\u00e9 de culture et sa production abondante. Le premier que vous trouverez en Colombie. Il est \u00e9galement connu sous le nom de \\\"champignon social\\\" car il permet \u00e0 la plupart des individus d'avoir plus d'interactions sociales.\",\"breadcrumb\":{\"@id\":\"https:\\\/\\\/dutchmicrodosing.com\\\/fr\\\/champignons-magiques\\\/kits-de-culture-fresh-mushroom\\\/colombien-xp\\\/#breadcrumb\"},\"inLanguage\":\"fr-FR\",\"potentialAction\":[{\"@type\":\"ReadAction\",\"target\":[\"https:\\\/\\\/dutchmicrodosing.com\\\/fr\\\/champignons-magiques\\\/kits-de-culture-fresh-mushroom\\\/colombien-xp\\\/\"]}]},{\"@type\":\"ImageObject\",\"inLanguage\":\"fr-FR\",\"@id\":\"https:\\\/\\\/dutchmicrodosing.com\\\/fr\\\/champignons-magiques\\\/kits-de-culture-fresh-mushroom\\\/colombien-xp\\\/#primaryimage\",\"url\":\"https:\\\/\\\/dutchmicrodosing.com\\\/wp-content\\\/uploads\\\/2021\\\/02\\\/Colombian.jpg\",\"contentUrl\":\"https:\\\/\\\/dutchmicrodosing.com\\\/wp-content\\\/uploads\\\/2021\\\/02\\\/Colombian.jpg\",\"width\":500,\"height\":500},{\"@type\":\"BreadcrumbList\",\"@id\":\"https:\\\/\\\/dutchmicrodosing.com\\\/fr\\\/champignons-magiques\\\/kits-de-culture-fresh-mushroom\\\/colombien-xp\\\/#breadcrumb\",\"itemListElement\":[{\"@type\":\"ListItem\",\"position\":1,\"name\":\"Home\",\"item\":\"https:\\\/\\\/dutchmicrodosing.com\\\/fr\\\/\"},{\"@type\":\"ListItem\",\"position\":2,\"name\":\"Boutique\",\"item\":\"https:\\\/\\\/dutchmicrodosing.com\\\/fr\\\/boutique\\\/\"},{\"@type\":\"ListItem\",\"position\":3,\"name\":\"Colombien XP\"}]},{\"@type\":\"WebSite\",\"@id\":\"https:\\\/\\\/dutchmicrodosing.com\\\/fr\\\/#website\",\"url\":\"https:\\\/\\\/dutchmicrodosing.com\\\/fr\\\/\",\"name\":\"Dutchmicrodosing\",\"description\":\"\",\"publisher\":{\"@id\":\"https:\\\/\\\/dutchmicrodosing.com\\\/fr\\\/#organization\"},\"potentialAction\":[{\"@type\":\"SearchAction\",\"target\":{\"@type\":\"EntryPoint\",\"urlTemplate\":\"https:\\\/\\\/dutchmicrodosing.com\\\/fr\\\/?s={search_term_string}\"},\"query-input\":{\"@type\":\"PropertyValueSpecification\",\"valueRequired\":true,\"valueName\":\"search_term_string\"}}],\"inLanguage\":\"fr-FR\"},{\"@type\":\"Organization\",\"@id\":\"https:\\\/\\\/dutchmicrodosing.com\\\/fr\\\/#organization\",\"name\":\"Dutchmicrodosing\",\"url\":\"https:\\\/\\\/dutchmicrodosing.com\\\/fr\\\/\",\"logo\":{\"@type\":\"ImageObject\",\"inLanguage\":\"fr-FR\",\"@id\":\"https:\\\/\\\/dutchmicrodosing.com\\\/fr\\\/#\\\/schema\\\/logo\\\/image\\\/\",\"url\":\"https:\\\/\\\/dutchmicrodosing.com\\\/wp-content\\\/uploads\\\/2021\\\/01\\\/microdosing-categorie-pic-nieuw.jpg\",\"contentUrl\":\"https:\\\/\\\/dutchmicrodosing.com\\\/wp-content\\\/uploads\\\/2021\\\/01\\\/microdosing-categorie-pic-nieuw.jpg\",\"width\":500,\"height\":500,\"caption\":\"Dutchmicrodosing\"},\"image\":{\"@id\":\"https:\\\/\\\/dutchmicrodosing.com\\\/fr\\\/#\\\/schema\\\/logo\\\/image\\\/\"},\"sameAs\":[\"https:\\\/\\\/www.facebook.com\\\/Dutchmicrodosingxp\\\/\",\"https:\\\/\\\/www.instagram.com\\\/dutchmicrodosing\\\/\"]}]}<\/script>\n<meta property=\"product:price:amount\" content=\"39.95\" \/>\n<meta property=\"product:price:currency\" content=\"EUR\" \/>\n<meta property=\"og:availability\" content=\"instock\" \/>\n<meta property=\"product:availability\" content=\"instock\" \/>\n<meta property=\"product:retailer_item_id\" content=\"0208224\" \/>\n<meta property=\"product:condition\" content=\"new\" \/>\n<!-- \/ Yoast SEO Premium plugin. -->","yoast_head_json":{"title":"Colombien XP - Dutchmicrodosing","description":"Psilocybe cubensis 'Colombian' est appr\u00e9ci\u00e9 pour son effet puissant, sa facilit\u00e9 de culture et sa production abondante. Le premier que vous trouverez en Colombie. Il est \u00e9galement connu sous le nom de \"champignon social\" car il permet \u00e0 la plupart des individus d'avoir plus d'interactions sociales.","robots":{"index":"index","follow":"follow","max-snippet":"max-snippet:-1","max-image-preview":"max-image-preview:large","max-video-preview":"max-video-preview:-1"},"canonical":"https:\/\/dutchmicrodosing.com\/fr\/champignons-magiques\/kits-de-culture-fresh-mushroom\/colombien-xp\/","og_locale":"fr_FR","og_type":"article","og_title":"Colombien XP","og_description":"Pour un voyage sp\u00e9cial et spirituel, vous finissez automatiquement par le champignon frais colombien. Ils ont beaucoup \u00e0 vous apprendre, alors si vous","og_url":"https:\/\/dutchmicrodosing.com\/fr\/champignons-magiques\/kits-de-culture-fresh-mushroom\/colombien-xp\/","og_site_name":"Dutchmicrodosing","article_publisher":"https:\/\/www.facebook.com\/Dutchmicrodosingxp\/","article_modified_time":"2025-11-20T09:55:21+00:00","og_image":[{"width":500,"height":500,"url":"https:\/\/dutchmicrodosing.com\/wp-content\/uploads\/2021\/02\/Colombian.jpg","type":"image\/jpeg"}],"twitter_card":"summary_large_image","schema":{"@context":"https:\/\/schema.org","@graph":[{"@type":"WebPage","@id":"https:\/\/dutchmicrodosing.com\/fr\/champignons-magiques\/kits-de-culture-fresh-mushroom\/colombien-xp\/","url":"https:\/\/dutchmicrodosing.com\/fr\/champignons-magiques\/kits-de-culture-fresh-mushroom\/colombien-xp\/","name":"Colombien XP - Dutchmicrodosing","isPartOf":{"@id":"https:\/\/dutchmicrodosing.com\/fr\/#website"},"primaryImageOfPage":{"@id":"https:\/\/dutchmicrodosing.com\/fr\/champignons-magiques\/kits-de-culture-fresh-mushroom\/colombien-xp\/#primaryimage"},"image":{"@id":"https:\/\/dutchmicrodosing.com\/fr\/champignons-magiques\/kits-de-culture-fresh-mushroom\/colombien-xp\/#primaryimage"},"thumbnailUrl":"https:\/\/dutchmicrodosing.com\/wp-content\/uploads\/2021\/02\/Colombian.jpg","datePublished":"2021-02-21T09:24:30+00:00","dateModified":"2025-11-20T09:55:21+00:00","description":"Psilocybe cubensis 'Colombian' est appr\u00e9ci\u00e9 pour son effet puissant, sa facilit\u00e9 de culture et sa production abondante. Le premier que vous trouverez en Colombie. Il est \u00e9galement connu sous le nom de \"champignon social\" car il permet \u00e0 la plupart des individus d'avoir plus d'interactions sociales.","breadcrumb":{"@id":"https:\/\/dutchmicrodosing.com\/fr\/champignons-magiques\/kits-de-culture-fresh-mushroom\/colombien-xp\/#breadcrumb"},"inLanguage":"fr-FR","potentialAction":[{"@type":"ReadAction","target":["https:\/\/dutchmicrodosing.com\/fr\/champignons-magiques\/kits-de-culture-fresh-mushroom\/colombien-xp\/"]}]},{"@type":"ImageObject","inLanguage":"fr-FR","@id":"https:\/\/dutchmicrodosing.com\/fr\/champignons-magiques\/kits-de-culture-fresh-mushroom\/colombien-xp\/#primaryimage","url":"https:\/\/dutchmicrodosing.com\/wp-content\/uploads\/2021\/02\/Colombian.jpg","contentUrl":"https:\/\/dutchmicrodosing.com\/wp-content\/uploads\/2021\/02\/Colombian.jpg","width":500,"height":500},{"@type":"BreadcrumbList","@id":"https:\/\/dutchmicrodosing.com\/fr\/champignons-magiques\/kits-de-culture-fresh-mushroom\/colombien-xp\/#breadcrumb","itemListElement":[{"@type":"ListItem","position":1,"name":"Home","item":"https:\/\/dutchmicrodosing.com\/fr\/"},{"@type":"ListItem","position":2,"name":"Boutique","item":"https:\/\/dutchmicrodosing.com\/fr\/boutique\/"},{"@type":"ListItem","position":3,"name":"Colombien XP"}]},{"@type":"WebSite","@id":"https:\/\/dutchmicrodosing.com\/fr\/#website","url":"https:\/\/dutchmicrodosing.com\/fr\/","name":"Dutchmicrodosing","description":"","publisher":{"@id":"https:\/\/dutchmicrodosing.com\/fr\/#organization"},"potentialAction":[{"@type":"SearchAction","target":{"@type":"EntryPoint","urlTemplate":"https:\/\/dutchmicrodosing.com\/fr\/?s={search_term_string}"},"query-input":{"@type":"PropertyValueSpecification","valueRequired":true,"valueName":"search_term_string"}}],"inLanguage":"fr-FR"},{"@type":"Organization","@id":"https:\/\/dutchmicrodosing.com\/fr\/#organization","name":"Dutchmicrodosing","url":"https:\/\/dutchmicrodosing.com\/fr\/","logo":{"@type":"ImageObject","inLanguage":"fr-FR","@id":"https:\/\/dutchmicrodosing.com\/fr\/#\/schema\/logo\/image\/","url":"https:\/\/dutchmicrodosing.com\/wp-content\/uploads\/2021\/01\/microdosing-categorie-pic-nieuw.jpg","contentUrl":"https:\/\/dutchmicrodosing.com\/wp-content\/uploads\/2021\/01\/microdosing-categorie-pic-nieuw.jpg","width":500,"height":500,"caption":"Dutchmicrodosing"},"image":{"@id":"https:\/\/dutchmicrodosing.com\/fr\/#\/schema\/logo\/image\/"},"sameAs":["https:\/\/www.facebook.com\/Dutchmicrodosingxp\/","https:\/\/www.instagram.com\/dutchmicrodosing\/"]}]},"product_price_amount":"39.95","product_price_currency":"EUR","og_availability":"instock","product_availability":"instock","product_retailer_item_id":"0208224","product_condition":"new"},"_links":{"self":[{"href":"https:\/\/dutchmicrodosing.com\/fr\/wp-json\/wp\/v2\/product\/4988","targetHints":{"allow":["GET"]}}],"collection":[{"href":"https:\/\/dutchmicrodosing.com\/fr\/wp-json\/wp\/v2\/product"}],"about":[{"href":"https:\/\/dutchmicrodosing.com\/fr\/wp-json\/wp\/v2\/types\/product"}],"replies":[{"embeddable":true,"href":"https:\/\/dutchmicrodosing.com\/fr\/wp-json\/wp\/v2\/comments?post=4988"}],"version-history":[{"count":1,"href":"https:\/\/dutchmicrodosing.com\/fr\/wp-json\/wp\/v2\/product\/4988\/revisions"}],"predecessor-version":[{"id":62603,"href":"https:\/\/dutchmicrodosing.com\/fr\/wp-json\/wp\/v2\/product\/4988\/revisions\/62603"}],"wp:featuredmedia":[{"embeddable":true,"href":"https:\/\/dutchmicrodosing.com\/fr\/wp-json\/wp\/v2\/media\/3574"}],"wp:attachment":[{"href":"https:\/\/dutchmicrodosing.com\/fr\/wp-json\/wp\/v2\/media?parent=4988"}],"wp:term":[{"taxonomy":"product_brand","embeddable":true,"href":"https:\/\/dutchmicrodosing.com\/fr\/wp-json\/wp\/v2\/product_brand?post=4988"},{"taxonomy":"product_cat","embeddable":true,"href":"https:\/\/dutchmicrodosing.com\/fr\/wp-json\/wp\/v2\/product_cat?post=4988"},{"taxonomy":"product_tag","embeddable":true,"href":"https:\/\/dutchmicrodosing.com\/fr\/wp-json\/wp\/v2\/product_tag?post=4988"}],"curies":[{"name":"wp","href":"https:\/\/api.w.org\/{rel}","templated":true}]}}