{"id":4989,"date":"2021-02-21T10:23:40","date_gmt":"2021-05-04T19:08:29","guid":{"rendered":"https:\/\/dutchmicrodosing.com\/shop\/non%20class\u00e9\/b-xp\/"},"modified":"2024-01-16T15:59:57","modified_gmt":"2024-01-16T14:59:57","slug":"b-xp","status":"publish","type":"product","link":"https:\/\/dutchmicrodosing.com\/fr\/champignons-magiques\/kits-de-culture-fresh-mushroom\/b-xp\/","title":{"rendered":"B+ XP"},"content":{"rendered":"<p>Avec un kit de culture Freshmushrooms, vous pouvez facilement cultiver des champignons B+ \u00e0 la maison. Ces champignons deviennent relativement grands, jusqu&rsquo;\u00e0 30 cm de haut. C&rsquo;est aussi la raison pour laquelle elle est l&rsquo;une des esp\u00e8ces les plus populaires. Cela peut aussi \u00eatre d\u00fb au fait que vous n&rsquo;aurez pas autant de naus\u00e9es apr\u00e8s avoir mang\u00e9, ce qui peut arriver avec d&rsquo;autres champignons magiques. Alors commencez \u00e0 cultiver et profitez du voyage sp\u00e9cial et spirituel que vous offre le champignon B+.<\/p>\n<h2>Culture de champignons B<\/h2>\n<p>Si vous souhaitez acheter un <strong>kit de culture Fresh Mushrooms B+<\/strong>, vous pouvez vous demander si vous \u00eates apte \u00e0 cultiver des champignons magiques. La plupart des gens qui se lancent dans cette activit\u00e9 n&rsquo;y connaissent rien. Mais ces kits de culture sont super faciles \u00e0 utiliser. Vous n&rsquo;avez pas besoin de comp\u00e9tences particuli\u00e8res pour le faire, vous pouvez donc le faire aussi. Et il n&rsquo;y a rien de plus amusant que de voir pousser ses propres champignons.<\/p>\n<p>Et ils peuvent se d\u00e9velopper, le B+. Ils sont peu exigeants : ils ne sont pas impressionn\u00e9s par les fluctuations de temp\u00e9rature ou un taux d&rsquo;humidit\u00e9 plus faible. C&rsquo;est une esp\u00e8ce r\u00e9siliente. Elles vous surprendront par leur croissance remarquable. Ils peuvent atteindre une hauteur de 35 cm ! Les chapeaux ont la couleur du caramel et la largeur moyenne est de 2,5 \u00e0 7 cm. C&rsquo;est plut\u00f4t \u00e9norme compar\u00e9 aux autres champignons magiques.<\/p>\n<h2>Kit de culture B+ manuel<\/h2>\n<p><a href=\"https:\/\/dutchmicrodosing.fr\/growkit_manual\/\">T\u00e9l\u00e9charger ici : Manuel du kit de culture de champignons frais<\/a><\/p>\n<ol>\n<li>Sortez le kit de culture, le sac en plastique et le trombone de la bo\u00eete. Retirez le couvercle du kit de culture (conservez le couvercle dans un endroit s\u00fbr). Rincez le couvercle \u00e0 l&rsquo;eau courante. Vous en aurez \u00e0 nouveau besoin plus tard.<\/li>\n<li>Placez le kit de culture sans couvercle dans le sac en plastique fourni. Faites glisser l&rsquo;ouverture du sac sous le fond avec la micro perforation vers le haut. L&rsquo;ouverture du sac est maintenant largement ferm\u00e9e. Il n&rsquo;y a pas lieu de s&rsquo;inqui\u00e9ter de la circulation de l&rsquo;air.<\/li>\n<li>D\u00e8s que vous voyez des petites boules pousser, vous pouvez commencer \u00e0 redresser le sac. Ne pas arroser. Les premiers champignons seront visibles apr\u00e8s environ une semaine.<\/li>\n<li>Placez le kit de culture dans un endroit suffisamment \u00e9clair\u00e9 par la lumi\u00e8re du jour et \u00e0 une temp\u00e9rature comprise entre 18 \u00b0C et 28 \u00b0C. Ne placez JAMAIS le set de culture en plein soleil. Bien que les champignons poussent \u00e0 presque toutes les temp\u00e9ratures sup\u00e9rieures \u00e0 15 \u00b0C, 23 \u00b0C est la temp\u00e9rature id\u00e9ale pour une r\u00e9colte optimale. Des tapis chauffants sp\u00e9ciaux sont disponibles pour garantir cette temp\u00e9rature et ne pas avoir \u00e0 chauffer toute la pi\u00e8ce.<\/li>\n<li>\u00c0 partir de ce stade, laissez le sac l\u00e9g\u00e8rement ouvert en permanence, afin que l&rsquo;humidit\u00e9 puisse s&rsquo;\u00e9vaporer un peu. Un exc\u00e8s d&rsquo;humidit\u00e9 n&rsquo;est pas bon. Votre premi\u00e8re r\u00e9colte aura lieu environ une semaine apr\u00e8s l&rsquo;apparition des premiers bulbes. Veillez \u00e0 r\u00e9colter avant que les premi\u00e8res spores ne tombent !<\/li>\n<li>Ces ensembles produisent de multiples r\u00e9coltes de champignons. Pour ce faire, remplissez le kit avec de l&rsquo;eau du robinet propre apr\u00e8s la premi\u00e8re r\u00e9colte. Ce processus, connu sous le nom de choc froid, insuffle une nouvelle vie au myc\u00e9lium et garantit une humidit\u00e9 suffisante pour la croissance des champignons.<\/li>\n<li>Replacez le couvercle du kit de culture sur le kit. Laissez l&rsquo;ensemble reposer pendant 12 heures. Ouvrez un coin du couvercle et laissez l&rsquo;exc\u00e9dent d&rsquo;eau s&rsquo;\u00e9couler. A partir de l\u00e0, vous pouvez suivre \u00e0 nouveau les instructions de l&rsquo;\u00e9tape 1. Ce processus peut \u00eatre r\u00e9p\u00e9t\u00e9 plusieurs fois.<\/li>\n<\/ol>\n<div>\n<h2>La r\u00e9colte :<\/h2>\n<p>Les kits de culture de champignons frais produisent leur premi\u00e8re r\u00e9colte assez rapidement. Apr\u00e8s une semaine, les premiers bourgeons sont d\u00e9j\u00e0 visibles. Les temp\u00e9ratures basses et \u00e9lev\u00e9es peuvent ralentir quelque peu ce processus de croissance. Une fois que les bourgeons sont visibles, il faut g\u00e9n\u00e9ralement une semaine pour que les champignons se d\u00e9veloppent pleinement.<\/p>\n<p>Le moment de la r\u00e9colte est extr\u00eamement important. Lorsque les membranes sous les chapeaux sont encore serr\u00e9es, mais risquent d&rsquo;\u00e9clater ou de se d\u00e9tacher sous l&rsquo;effet de la force des chapeaux, il est temps de r\u00e9colter.<span style=\"text-decoration: underline;\"><br \/>\n<\/span><\/p>\n<h2>Rendement B+ 100% myc\u00e9lium magic mushroom grow kit<\/h2>\n<p>Un kit de culture B+ 1200cc de Freshmushrooms permet de r\u00e9colter entre 500g et 800g de champignons frais ou 50-80g de champignons secs.<\/p>\n<\/div>\n<h3>Quels sont les effets ?<\/h3>\n<p>L&rsquo;exp\u00e9rience avec les champignons B+ est que le voyage est souvent chaleureux et positif. Les gens vivent des exp\u00e9riences spirituelles, dont ils retirent un message positif. Il y a des hallucinations visuelles, mais le trip avec ce champignon est en fait plut\u00f4t agr\u00e9able. Vous vous sentez heureux, joyeux et un peu r\u00eaveur. L&rsquo;effet est relaxant. Le B+ peut \u00eatre utilis\u00e9 dans diverses conditions. Vous trouverez ci-dessous les effets les plus fr\u00e9quemment mentionn\u00e9s :<\/p>\n<ul>\n<li>D\u00e9tente<\/li>\n<li>Satisfaction<\/li>\n<li>Coups de pied de rire<\/li>\n<li>Exp\u00e9riences spirituelles<\/li>\n<li>Effets visuels (force moyenne)<\/li>\n<li>Plus de cr\u00e9ativit\u00e9<\/li>\n<li>Voir des couleurs intenses<\/li>\n<li>Remont\u00e9 \u00e0 bloc, heureux<\/li>\n<\/ul>\n<p>Il est connu que l&rsquo;utilisation de champignons magiques peut provoquer des naus\u00e9es. Parfois, vous vomissez m\u00eame. L&rsquo;un des avantages du champignon frais B+ est que les naus\u00e9es sont moins fortes et qu&rsquo;il est mieux tol\u00e9r\u00e9 par la plupart des gens.<\/p>\n<h3>Conseils sur le dosage<\/h3>\n<p>Il est sage d&rsquo;\u00eatre prudent avec le dosage des champignons magiques, surtout si vous n&rsquo;avez aucune exp\u00e9rience. Pour choisir le bon dosage, vous devez tenir compte du type de voyage que vous souhaitez faire (plus vous prenez de champignons, plus le voyage est intense), de votre propre exp\u00e9rience et de votre poids corporel. Si vous avez l&rsquo;estomac vide, les champignons feront plus rapidement effet que si vous avez mang\u00e9 quelque chose. Vous trouverez ci-dessous les instructions pour le dosage :<\/p>\n<ul>\n<li>Microdosage : 0,2 gramme de champignons s\u00e9ch\u00e9s | 2 grammes de champignons frais<\/li>\n<li>Trip l\u00e9ger : 1 gramme de champignons s\u00e9ch\u00e9s | 9 grammes de champignons frais<\/li>\n<li>Voyage normal : 2 grammes de champignons s\u00e9ch\u00e9s | 21 grammes de champignons frais<\/li>\n<li>Voyage intense : 3,5 grammes de champignons s\u00e9ch\u00e9s | 35 grammes de champignons frais<\/li>\n<\/ul>\n<h3>Instructions pour l&rsquo;utilisation des champignons magiques<\/h3>\n<p>Le voyage est une exp\u00e9rience particuli\u00e8re. Certaines personnes aiment le faire seules, d&rsquo;autres ensemble. Si c&rsquo;est la premi\u00e8re fois que vous prenez des champignons, il est pr\u00e9f\u00e9rable de le faire avec un accompagnateur. C&rsquo;est quelqu&rsquo;un qui ne consomme rien (y compris l&rsquo;alcool) et qui garde un \u0153il sur vous. Ainsi, vous pouvez vous abandonner en toute s\u00e9curit\u00e9 \u00e0 l&rsquo;exp\u00e9rience et \u00eatre ouvert \u00e0 ce que le champignon vous apportera, tout en sachant qu&rsquo;au moins quelqu&rsquo;un est l\u00e0 pour vous aider si n\u00e9cessaire. En outre, un bouchon de voyage est toujours utile.<\/p>\n<h2>Achetez votre kit de culture de champignons 100% Mycelium B+ en ligne<\/h2>\n<p>En achetant votre kit de culture de champignons B+ en ligne, vous vous assurez d&rsquo;un kit de culture de haute qualit\u00e9, qui vous donnera un excellent rendement. Dans le paquet, vous trouverez tout ce dont vous avez besoin pour aider vos champignons \u00e0 pousser. Commandez d\u00e8s maintenant et vous recevrez votre colis en un rien de temps.<\/p>\n","protected":false},"excerpt":{"rendered":"<p>Avec un kit de culture Freshmushrooms, vous pouvez facilement cultiver des champignons B+ \u00e0 la maison. Ces champignons deviennent relativement grands, jusqu&rsquo;\u00e0 30 cm de haut. C&rsquo;est aussi la raison pour laquelle elle est l&rsquo;une des esp\u00e8ces les plus populaires. Cela peut aussi \u00eatre d\u00fb au fait que vous n&rsquo;aurez pas autant de naus\u00e9es apr\u00e8s [&hellip;]<\/p>\n","protected":false},"featured_media":3566,"comment_status":"open","ping_status":"closed","template":"","meta":[],"product_brand":[],"product_cat":[130],"product_tag":[],"class_list":{"0":"post-4989","1":"product","2":"type-product","3":"status-publish","4":"has-post-thumbnail","6":"product_cat-kits-de-culture-fresh-mushroom","8":"first","9":"instock","10":"taxable","11":"shipping-taxable","12":"purchasable","13":"product-type-simple"},"yoast_head":"<!-- This site is optimized with the Yoast SEO Premium plugin v26.4 (Yoast SEO v27.4) - https:\/\/yoast.com\/product\/yoast-seo-premium-wordpress\/ -->\n<title>Achetez votre kit de culture de champignons 100% Mycelium B+ en ligne<\/title>\n<meta name=\"description\" content=\"En achetant votre kit de culture de champignons B+ en ligne, vous vous assurez d&#039;un kit de culture de haute qualit\u00e9, qui vous donnera un excellent rendement.\" \/>\n<meta name=\"robots\" content=\"index, follow, max-snippet:-1, max-image-preview:large, max-video-preview:-1\" \/>\n<link rel=\"canonical\" href=\"https:\/\/dutchmicrodosing.com\/fr\/champignons-magiques\/kits-de-culture-fresh-mushroom\/b-xp\/\" \/>\n<meta property=\"og:locale\" content=\"fr_FR\" \/>\n<meta property=\"og:type\" content=\"article\" \/>\n<meta property=\"og:title\" content=\"B+ XP\" \/>\n<meta property=\"og:description\" content=\"Avec un kit de culture Freshmushrooms, vous pouvez facilement cultiver des champignons B+ \u00e0 la maison. Ces champignons deviennent relativement grands,\" \/>\n<meta property=\"og:url\" content=\"https:\/\/dutchmicrodosing.com\/fr\/champignons-magiques\/kits-de-culture-fresh-mushroom\/b-xp\/\" \/>\n<meta property=\"og:site_name\" content=\"Dutchmicrodosing\" \/>\n<meta property=\"article:publisher\" content=\"https:\/\/www.facebook.com\/Dutchmicrodosingxp\/\" \/>\n<meta property=\"article:modified_time\" content=\"2024-01-16T14:59:57+00:00\" \/>\n<meta property=\"og:image\" content=\"https:\/\/dutchmicrodosing.com\/wp-content\/uploads\/2021\/02\/B-xp.jpg\" \/>\n\t<meta property=\"og:image:width\" content=\"500\" \/>\n\t<meta property=\"og:image:height\" content=\"500\" \/>\n\t<meta property=\"og:image:type\" content=\"image\/jpeg\" \/>\n<meta name=\"twitter:card\" content=\"summary_large_image\" \/>\n<script type=\"application\/ld+json\" class=\"yoast-schema-graph\">{\"@context\":\"https:\\\/\\\/schema.org\",\"@graph\":[{\"@type\":\"WebPage\",\"@id\":\"https:\\\/\\\/dutchmicrodosing.com\\\/fr\\\/champignons-magiques\\\/kits-de-culture-fresh-mushroom\\\/b-xp\\\/\",\"url\":\"https:\\\/\\\/dutchmicrodosing.com\\\/fr\\\/champignons-magiques\\\/kits-de-culture-fresh-mushroom\\\/b-xp\\\/\",\"name\":\"Achetez votre kit de culture de champignons 100% Mycelium B+ en ligne\",\"isPartOf\":{\"@id\":\"https:\\\/\\\/dutchmicrodosing.com\\\/fr\\\/#website\"},\"primaryImageOfPage\":{\"@id\":\"https:\\\/\\\/dutchmicrodosing.com\\\/fr\\\/champignons-magiques\\\/kits-de-culture-fresh-mushroom\\\/b-xp\\\/#primaryimage\"},\"image\":{\"@id\":\"https:\\\/\\\/dutchmicrodosing.com\\\/fr\\\/champignons-magiques\\\/kits-de-culture-fresh-mushroom\\\/b-xp\\\/#primaryimage\"},\"thumbnailUrl\":\"https:\\\/\\\/dutchmicrodosing.com\\\/wp-content\\\/uploads\\\/2021\\\/02\\\/B-xp.jpg\",\"datePublished\":\"2021-05-04T19:08:29+00:00\",\"dateModified\":\"2024-01-16T14:59:57+00:00\",\"description\":\"En achetant votre kit de culture de champignons B+ en ligne, vous vous assurez d'un kit de culture de haute qualit\u00e9, qui vous donnera un excellent rendement.\",\"breadcrumb\":{\"@id\":\"https:\\\/\\\/dutchmicrodosing.com\\\/fr\\\/champignons-magiques\\\/kits-de-culture-fresh-mushroom\\\/b-xp\\\/#breadcrumb\"},\"inLanguage\":\"fr-FR\",\"potentialAction\":[{\"@type\":\"ReadAction\",\"target\":[\"https:\\\/\\\/dutchmicrodosing.com\\\/fr\\\/champignons-magiques\\\/kits-de-culture-fresh-mushroom\\\/b-xp\\\/\"]}]},{\"@type\":\"ImageObject\",\"inLanguage\":\"fr-FR\",\"@id\":\"https:\\\/\\\/dutchmicrodosing.com\\\/fr\\\/champignons-magiques\\\/kits-de-culture-fresh-mushroom\\\/b-xp\\\/#primaryimage\",\"url\":\"https:\\\/\\\/dutchmicrodosing.com\\\/wp-content\\\/uploads\\\/2021\\\/02\\\/B-xp.jpg\",\"contentUrl\":\"https:\\\/\\\/dutchmicrodosing.com\\\/wp-content\\\/uploads\\\/2021\\\/02\\\/B-xp.jpg\",\"width\":500,\"height\":500},{\"@type\":\"BreadcrumbList\",\"@id\":\"https:\\\/\\\/dutchmicrodosing.com\\\/fr\\\/champignons-magiques\\\/kits-de-culture-fresh-mushroom\\\/b-xp\\\/#breadcrumb\",\"itemListElement\":[{\"@type\":\"ListItem\",\"position\":1,\"name\":\"Home\",\"item\":\"https:\\\/\\\/dutchmicrodosing.com\\\/fr\\\/\"},{\"@type\":\"ListItem\",\"position\":2,\"name\":\"Boutique\",\"item\":\"https:\\\/\\\/dutchmicrodosing.com\\\/fr\\\/boutique\\\/\"},{\"@type\":\"ListItem\",\"position\":3,\"name\":\"B+ XP\"}]},{\"@type\":\"WebSite\",\"@id\":\"https:\\\/\\\/dutchmicrodosing.com\\\/fr\\\/#website\",\"url\":\"https:\\\/\\\/dutchmicrodosing.com\\\/fr\\\/\",\"name\":\"Dutchmicrodosing\",\"description\":\"\",\"publisher\":{\"@id\":\"https:\\\/\\\/dutchmicrodosing.com\\\/fr\\\/#organization\"},\"potentialAction\":[{\"@type\":\"SearchAction\",\"target\":{\"@type\":\"EntryPoint\",\"urlTemplate\":\"https:\\\/\\\/dutchmicrodosing.com\\\/fr\\\/?s={search_term_string}\"},\"query-input\":{\"@type\":\"PropertyValueSpecification\",\"valueRequired\":true,\"valueName\":\"search_term_string\"}}],\"inLanguage\":\"fr-FR\"},{\"@type\":\"Organization\",\"@id\":\"https:\\\/\\\/dutchmicrodosing.com\\\/fr\\\/#organization\",\"name\":\"Dutchmicrodosing\",\"url\":\"https:\\\/\\\/dutchmicrodosing.com\\\/fr\\\/\",\"logo\":{\"@type\":\"ImageObject\",\"inLanguage\":\"fr-FR\",\"@id\":\"https:\\\/\\\/dutchmicrodosing.com\\\/fr\\\/#\\\/schema\\\/logo\\\/image\\\/\",\"url\":\"https:\\\/\\\/dutchmicrodosing.com\\\/wp-content\\\/uploads\\\/2021\\\/01\\\/microdosing-categorie-pic-nieuw.jpg\",\"contentUrl\":\"https:\\\/\\\/dutchmicrodosing.com\\\/wp-content\\\/uploads\\\/2021\\\/01\\\/microdosing-categorie-pic-nieuw.jpg\",\"width\":500,\"height\":500,\"caption\":\"Dutchmicrodosing\"},\"image\":{\"@id\":\"https:\\\/\\\/dutchmicrodosing.com\\\/fr\\\/#\\\/schema\\\/logo\\\/image\\\/\"},\"sameAs\":[\"https:\\\/\\\/www.facebook.com\\\/Dutchmicrodosingxp\\\/\",\"https:\\\/\\\/www.instagram.com\\\/dutchmicrodosing\\\/\"]}]}<\/script>\n<meta property=\"product:price:amount\" content=\"39.95\" \/>\n<meta property=\"product:price:currency\" content=\"EUR\" \/>\n<meta property=\"og:availability\" content=\"instock\" \/>\n<meta property=\"product:availability\" content=\"instock\" \/>\n<meta property=\"product:retailer_item_id\" content=\"0208751\" \/>\n<meta property=\"product:condition\" content=\"new\" \/>\n<!-- \/ Yoast SEO Premium plugin. -->","yoast_head_json":{"title":"Achetez votre kit de culture de champignons 100% Mycelium B+ en ligne","description":"En achetant votre kit de culture de champignons B+ en ligne, vous vous assurez d'un kit de culture de haute qualit\u00e9, qui vous donnera un excellent rendement.","robots":{"index":"index","follow":"follow","max-snippet":"max-snippet:-1","max-image-preview":"max-image-preview:large","max-video-preview":"max-video-preview:-1"},"canonical":"https:\/\/dutchmicrodosing.com\/fr\/champignons-magiques\/kits-de-culture-fresh-mushroom\/b-xp\/","og_locale":"fr_FR","og_type":"article","og_title":"B+ XP","og_description":"Avec un kit de culture Freshmushrooms, vous pouvez facilement cultiver des champignons B+ \u00e0 la maison. Ces champignons deviennent relativement grands,","og_url":"https:\/\/dutchmicrodosing.com\/fr\/champignons-magiques\/kits-de-culture-fresh-mushroom\/b-xp\/","og_site_name":"Dutchmicrodosing","article_publisher":"https:\/\/www.facebook.com\/Dutchmicrodosingxp\/","article_modified_time":"2024-01-16T14:59:57+00:00","og_image":[{"width":500,"height":500,"url":"https:\/\/dutchmicrodosing.com\/wp-content\/uploads\/2021\/02\/B-xp.jpg","type":"image\/jpeg"}],"twitter_card":"summary_large_image","schema":{"@context":"https:\/\/schema.org","@graph":[{"@type":"WebPage","@id":"https:\/\/dutchmicrodosing.com\/fr\/champignons-magiques\/kits-de-culture-fresh-mushroom\/b-xp\/","url":"https:\/\/dutchmicrodosing.com\/fr\/champignons-magiques\/kits-de-culture-fresh-mushroom\/b-xp\/","name":"Achetez votre kit de culture de champignons 100% Mycelium B+ en ligne","isPartOf":{"@id":"https:\/\/dutchmicrodosing.com\/fr\/#website"},"primaryImageOfPage":{"@id":"https:\/\/dutchmicrodosing.com\/fr\/champignons-magiques\/kits-de-culture-fresh-mushroom\/b-xp\/#primaryimage"},"image":{"@id":"https:\/\/dutchmicrodosing.com\/fr\/champignons-magiques\/kits-de-culture-fresh-mushroom\/b-xp\/#primaryimage"},"thumbnailUrl":"https:\/\/dutchmicrodosing.com\/wp-content\/uploads\/2021\/02\/B-xp.jpg","datePublished":"2021-05-04T19:08:29+00:00","dateModified":"2024-01-16T14:59:57+00:00","description":"En achetant votre kit de culture de champignons B+ en ligne, vous vous assurez d'un kit de culture de haute qualit\u00e9, qui vous donnera un excellent rendement.","breadcrumb":{"@id":"https:\/\/dutchmicrodosing.com\/fr\/champignons-magiques\/kits-de-culture-fresh-mushroom\/b-xp\/#breadcrumb"},"inLanguage":"fr-FR","potentialAction":[{"@type":"ReadAction","target":["https:\/\/dutchmicrodosing.com\/fr\/champignons-magiques\/kits-de-culture-fresh-mushroom\/b-xp\/"]}]},{"@type":"ImageObject","inLanguage":"fr-FR","@id":"https:\/\/dutchmicrodosing.com\/fr\/champignons-magiques\/kits-de-culture-fresh-mushroom\/b-xp\/#primaryimage","url":"https:\/\/dutchmicrodosing.com\/wp-content\/uploads\/2021\/02\/B-xp.jpg","contentUrl":"https:\/\/dutchmicrodosing.com\/wp-content\/uploads\/2021\/02\/B-xp.jpg","width":500,"height":500},{"@type":"BreadcrumbList","@id":"https:\/\/dutchmicrodosing.com\/fr\/champignons-magiques\/kits-de-culture-fresh-mushroom\/b-xp\/#breadcrumb","itemListElement":[{"@type":"ListItem","position":1,"name":"Home","item":"https:\/\/dutchmicrodosing.com\/fr\/"},{"@type":"ListItem","position":2,"name":"Boutique","item":"https:\/\/dutchmicrodosing.com\/fr\/boutique\/"},{"@type":"ListItem","position":3,"name":"B+ XP"}]},{"@type":"WebSite","@id":"https:\/\/dutchmicrodosing.com\/fr\/#website","url":"https:\/\/dutchmicrodosing.com\/fr\/","name":"Dutchmicrodosing","description":"","publisher":{"@id":"https:\/\/dutchmicrodosing.com\/fr\/#organization"},"potentialAction":[{"@type":"SearchAction","target":{"@type":"EntryPoint","urlTemplate":"https:\/\/dutchmicrodosing.com\/fr\/?s={search_term_string}"},"query-input":{"@type":"PropertyValueSpecification","valueRequired":true,"valueName":"search_term_string"}}],"inLanguage":"fr-FR"},{"@type":"Organization","@id":"https:\/\/dutchmicrodosing.com\/fr\/#organization","name":"Dutchmicrodosing","url":"https:\/\/dutchmicrodosing.com\/fr\/","logo":{"@type":"ImageObject","inLanguage":"fr-FR","@id":"https:\/\/dutchmicrodosing.com\/fr\/#\/schema\/logo\/image\/","url":"https:\/\/dutchmicrodosing.com\/wp-content\/uploads\/2021\/01\/microdosing-categorie-pic-nieuw.jpg","contentUrl":"https:\/\/dutchmicrodosing.com\/wp-content\/uploads\/2021\/01\/microdosing-categorie-pic-nieuw.jpg","width":500,"height":500,"caption":"Dutchmicrodosing"},"image":{"@id":"https:\/\/dutchmicrodosing.com\/fr\/#\/schema\/logo\/image\/"},"sameAs":["https:\/\/www.facebook.com\/Dutchmicrodosingxp\/","https:\/\/www.instagram.com\/dutchmicrodosing\/"]}]},"product_price_amount":"39.95","product_price_currency":"EUR","og_availability":"instock","product_availability":"instock","product_retailer_item_id":"0208751","product_condition":"new"},"_links":{"self":[{"href":"https:\/\/dutchmicrodosing.com\/fr\/wp-json\/wp\/v2\/product\/4989","targetHints":{"allow":["GET"]}}],"collection":[{"href":"https:\/\/dutchmicrodosing.com\/fr\/wp-json\/wp\/v2\/product"}],"about":[{"href":"https:\/\/dutchmicrodosing.com\/fr\/wp-json\/wp\/v2\/types\/product"}],"replies":[{"embeddable":true,"href":"https:\/\/dutchmicrodosing.com\/fr\/wp-json\/wp\/v2\/comments?post=4989"}],"version-history":[{"count":0,"href":"https:\/\/dutchmicrodosing.com\/fr\/wp-json\/wp\/v2\/product\/4989\/revisions"}],"wp:featuredmedia":[{"embeddable":true,"href":"https:\/\/dutchmicrodosing.com\/fr\/wp-json\/wp\/v2\/media\/3566"}],"wp:attachment":[{"href":"https:\/\/dutchmicrodosing.com\/fr\/wp-json\/wp\/v2\/media?parent=4989"}],"wp:term":[{"taxonomy":"product_brand","embeddable":true,"href":"https:\/\/dutchmicrodosing.com\/fr\/wp-json\/wp\/v2\/product_brand?post=4989"},{"taxonomy":"product_cat","embeddable":true,"href":"https:\/\/dutchmicrodosing.com\/fr\/wp-json\/wp\/v2\/product_cat?post=4989"},{"taxonomy":"product_tag","embeddable":true,"href":"https:\/\/dutchmicrodosing.com\/fr\/wp-json\/wp\/v2\/product_tag?post=4989"}],"curies":[{"name":"wp","href":"https:\/\/api.w.org\/{rel}","templated":true}]}}