{"id":4990,"date":"2021-02-21T10:22:35","date_gmt":"2021-02-21T09:22:35","guid":{"rendered":"https:\/\/dutchmicrodosing.com\/shop\/niet-gecategoriseerd\/mc-kennaii-xp-2\/"},"modified":"2025-11-20T10:54:26","modified_gmt":"2025-11-20T09:54:26","slug":"mc-kennaii-xp","status":"publish","type":"product","link":"https:\/\/dutchmicrodosing.com\/fr\/champignons-magiques\/kits-de-culture-fresh-mushroom\/mc-kennaii-xp\/","title":{"rendered":"Mc Kennaii XP"},"content":{"rendered":"<p>Avez-vous d\u00e9j\u00e0 fait des trips et y \u00eates-vous habitu\u00e9 ? Alors il est peut-\u00eatre temps d&rsquo;essayer le <strong>champignon McKennaii<\/strong>. Ces champignons magiques sont connus pour leurs effets puissants et intenses qui vont vous bouleverser. Par cons\u00e9quent, ce champignon magique ne convient qu&rsquo;aux utilisateurs exp\u00e9riment\u00e9s. C&rsquo;est l&rsquo;un des champignons magiques les plus forts de notre assortiment.<\/p>\n<h2>Les effets puissants du champignon McKennaii<\/h2>\n<p>Le champignon McKennaii vous fera vivre un voyage que vous n&rsquo;oublierez pas de sit\u00f4t. Les effets visuels puissants vous entra\u00eenent dans un voyage fascinant. Ce genre d&rsquo;effets peut \u00eatre formidable, mais si vous n&rsquo;en avez jamais fait l&rsquo;exp\u00e9rience auparavant, cela peut aussi vous effrayer. Nous vous conseillons donc de ne les essayer que lorsque vous aurez acquis un peu plus d&rsquo;exp\u00e9rience.<\/p>\n<h2>D&rsquo;o\u00f9 vient le McKennaii ?<\/h2>\n<p>Le champignon magique a re\u00e7u son nom en hommage \u00e0 un grand amateur de substances psych\u00e9d\u00e9liques. Pendant 25 ans, le psychonaute am\u00e9ricain Terrence McKenna a \u00e9tudi\u00e9 le chamanisme et les outils qui pouvaient les aider \u00e0 effectuer des voyages spirituels.<\/p>\n<p>Il aimait faire des exp\u00e9riences, par exemple avec l&rsquo;Ayahuasca et aussi avec les champignons magiques. Il \u00e9tait convaincu des avantages que les drogues psych\u00e9d\u00e9liques pouvaient avoir pour les humains. McKennai a donn\u00e9 des ateliers et des conf\u00e9rences pendant des ann\u00e9es et s&rsquo;est toujours prononc\u00e9 en faveur d&rsquo;une utilisation responsable des psych\u00e9d\u00e9liques. C&rsquo;est pour cette raison que ce champignon puissant porte son nom.<\/p>\n<p>Si vous souhaitez cultiver vous-m\u00eame ces magnifiques champignons \u00e0 l&rsquo;aide du kit de culture Fresh Mushrooms, vous remarquerez qu&rsquo;ils sont assez t\u00eatus. Elles peuvent prendre toutes sortes de formes. Certains sont petits, d&rsquo;autres sont grands. Leurs chapeaux peuvent \u00eatre plats ou ronds. Mais ne vous inqui\u00e9tez pas, leur qualit\u00e9 et leur pouvoir magique n&rsquo;en sont pas diminu\u00e9s.<\/p>\n<h2>Quels sont les effets des champignons McKennaii ?<\/h2>\n<p>Un voyage sur les champignons McKennaii est tr\u00e8s visuel. Les images sont visibles avec les yeux ouverts, mais aussi avec les yeux ferm\u00e9s. Dans le m\u00eame temps, vous remarquerez \u00e9galement un impact sur vos pens\u00e9es. Ils vont en profondeur, comme ils ne l&rsquo;ont jamais fait auparavant. Vous \u00eates philosophe et aimez partager vos pens\u00e9es avec les autres. Les gens qui trippent sur ce champignon sont cr\u00e9atifs. Vous pouvez \u00e9galement perdre votre sens du temps et de l&rsquo;espace et vos sens deviennent plus aiguis\u00e9s.<\/p>\n<p>Le champignon McKennaii donne un trip intense, alors soyez prudent et ne le prenez que si vous pensez pouvoir le supporter.<\/p>\n<h2>Kit de culture manuel Mckennaii<\/h2>\n<p><a href=\"https:\/\/dutchmicrodosing.com\/fr\/growkit_manual\/\">T\u00e9l\u00e9charger ici : Manuel du kit de culture de champignons frais<\/a><\/p>\n<ol>\n<li>Sortez le kit de culture, le sac en plastique et le trombone de la bo\u00eete. Retirez le couvercle du kit de culture (conservez le couvercle dans un endroit s\u00fbr). Rincez le couvercle \u00e0 l&rsquo;eau courante. Vous en aurez \u00e0 nouveau besoin plus tard.<\/li>\n<li>Placez le kit de culture sans couvercle dans le sac en plastique fourni. Faites glisser l&rsquo;ouverture du sac sous le fond avec la micro perforation vers le haut. L&rsquo;ouverture du sac est maintenant largement ferm\u00e9e. Il n&rsquo;y a pas lieu de s&rsquo;inqui\u00e9ter de la circulation de l&rsquo;air.<\/li>\n<li>D\u00e8s que vous voyez des petites boules pousser, vous pouvez commencer \u00e0 redresser le sac. Ne pas arroser. Les premiers champignons seront visibles apr\u00e8s environ une semaine.<\/li>\n<li>Placez le kit de culture dans un endroit suffisamment \u00e9clair\u00e9 par la lumi\u00e8re du jour et \u00e0 une temp\u00e9rature comprise entre 18 \u00b0C et 28 \u00b0C. Ne placez JAMAIS le set de culture en plein soleil. Bien que les champignons poussent \u00e0 presque toutes les temp\u00e9ratures sup\u00e9rieures \u00e0 15 \u00b0C, 23 \u00b0C est la temp\u00e9rature id\u00e9ale pour une r\u00e9colte optimale. Des tapis chauffants sp\u00e9ciaux sont disponibles pour garantir cette temp\u00e9rature et ne pas avoir \u00e0 chauffer toute la pi\u00e8ce.<\/li>\n<li>\u00c0 partir de ce stade, laissez le sac l\u00e9g\u00e8rement ouvert en permanence, afin que l&rsquo;humidit\u00e9 puisse s&rsquo;\u00e9vaporer un peu. Un exc\u00e8s d&rsquo;humidit\u00e9 n&rsquo;est pas bon. Votre premi\u00e8re r\u00e9colte aura lieu environ une semaine apr\u00e8s l&rsquo;apparition des premiers bulbes. Veillez \u00e0 r\u00e9colter avant que les premi\u00e8res spores ne tombent !<\/li>\n<li>Ces ensembles produisent de multiples r\u00e9coltes de champignons. Pour ce faire, remplissez le kit avec de l&rsquo;eau du robinet propre apr\u00e8s la premi\u00e8re r\u00e9colte. Ce processus, connu sous le nom de choc froid, insuffle une nouvelle vie au myc\u00e9lium et garantit une humidit\u00e9 suffisante pour la croissance des champignons.<\/li>\n<li>Replacez le couvercle du kit de culture sur le kit. Laissez l&rsquo;ensemble reposer pendant 12 heures. Ouvrez un coin du couvercle et laissez l&rsquo;exc\u00e9dent d&rsquo;eau s&rsquo;\u00e9couler. A partir de l\u00e0, vous pouvez suivre \u00e0 nouveau les instructions de l&rsquo;\u00e9tape 1. Ce processus peut \u00eatre r\u00e9p\u00e9t\u00e9 plusieurs fois.<\/li>\n<\/ol>\n<h2>La r\u00e9colte :<\/h2>\n<p>Les kits de culture de champignons frais produisent leur premi\u00e8re r\u00e9colte assez rapidement. Apr\u00e8s une semaine, les premiers bourgeons sont d\u00e9j\u00e0 visibles. Les temp\u00e9ratures basses et \u00e9lev\u00e9es peuvent ralentir quelque peu ce processus de croissance. Une fois que les bourgeons sont visibles, il faut g\u00e9n\u00e9ralement une semaine pour que les champignons se d\u00e9veloppent pleinement.<\/p>\n<p>Le moment de la r\u00e9colte est extr\u00eamement important. Lorsque les membranes sous les chapeaux sont encore serr\u00e9es, mais risquent d&rsquo;\u00e9clater ou de se d\u00e9tacher sous l&rsquo;effet de la force des chapeaux, il est temps de r\u00e9colter.<span style=\"text-decoration: underline;\"><br \/>\n<\/span><\/p>\n<h2>Yield McKennaii 100% myc\u00e9lium magic mushroom grow kit<\/h2>\n<p>Un kit de culture Mckennaii 1200cc de Freshmushrooms donne une r\u00e9colte entre 500g et 800g de champignons frais ou 50-80g de champignons secs.<\/p>\n<h3>Quelle est la dose recommand\u00e9e ?<\/h3>\n<p>Champignons frais Les champignons McKennaii peuvent \u00eatre consomm\u00e9s frais, mais aussi s\u00e9ch\u00e9s. L&rsquo;effet peut durer de 3 \u00e0 8 heures. La rapidit\u00e9 avec laquelle vous ressentez l&rsquo;effet d\u00e9pend \u00e9galement du fait que vous ayez mang\u00e9 quelque chose avant. En g\u00e9n\u00e9ral, c&rsquo;est apr\u00e8s une demi-heure \u00e0 une heure. Vous pouvez \u00e9galement faire du th\u00e9 avec les champignons. Faites bouillir de l&rsquo;eau pour le th\u00e9 de riz, laissez-la refroidir un moment et versez-la sur vos champignons.<\/p>\n<p>Trip l\u00e9ger : 1 \u00e0 2 grammes de champignons s\u00e9ch\u00e9s ou 12 \u00e0 24 grammes de champignons frais.<\/p>\n<p>Les psychonautes exp\u00e9riment\u00e9s savent g\u00e9n\u00e9ralement comment ils r\u00e9agissent et peuvent en prendre un peu plus. Mais si vous n&rsquo;avez jamais fait de trip avec le McKennai avant, vous feriez mieux de prendre une plus petite quantit\u00e9. Utilisez une balance pour mesurer avec pr\u00e9cision la quantit\u00e9.<\/p>\n<h3>Pr\u00e9parer votre voyage<\/h3>\n<p>Vous avez besoin de pr\u00e9parer votre voyage ? Cela pr\u00e9sente certains avantages : plus vous vous sentirez bien dans votre peau et \u00e0 l&rsquo;aise, plus votre voyage sera agr\u00e9able. Par cons\u00e9quent, vous pouvez prendre un moment pour r\u00e9fl\u00e9chir \u00e0 ce que vous ressentez, aux personnes pr\u00e9sentes lors du voyage et \u00e0 l&rsquo;endroit o\u00f9 vous allez le faire. Choisissez un endroit o\u00f9 vous vous sentez \u00e0 l&rsquo;aise et ne voyagez qu&rsquo;avec des personnes en qui vous avez confiance.<\/p>\n<p>C&rsquo;est aussi une bonne id\u00e9e d&rsquo;organiser un \u00ab\u00a0tripsitter\u00a0\u00bb. Cela peut \u00eatre un bon ami qui reste sobre. Il ne consommera donc ni drogue ni alcool. Si le voyage s&rsquo;av\u00e8re trop intense, le tripsitter peut vous rassurer. Cela fait souvent une diff\u00e9rence s&rsquo;il y a quelqu&rsquo;un autour de vous pour vous dire que le voyage va se terminer. Un bouchon de voyage est \u00e9galement une bonne id\u00e9e.<\/p>\n<h2>Achetez votre kit de culture Fresh Mushrooms McKennaii en ligne<\/h2>\n<p>Vous vous r\u00e9jouissez d&rsquo;un voyage aussi puissant ? Laissez le champignon magique McKennaii vous emmener vers de plus hauts sommets. Vous pouvez maintenant le cultiver facilement chez vous gr\u00e2ce \u00e0 un kit de culture de Fresh Mushrooms. Vous l&rsquo;achetez dans notre boutique et nous l&rsquo;envoyons rapidement \u00e0 votre domicile dans un emballage neutre et s\u00fbr.<\/p>\n","protected":false},"excerpt":{"rendered":"<p>Avez-vous d\u00e9j\u00e0 fait des trips et y \u00eates-vous habitu\u00e9 ? Alors il est peut-\u00eatre temps d&rsquo;essayer le champignon McKennaii. Ces champignons magiques sont connus pour leurs effets puissants et intenses qui vont vous bouleverser. Par cons\u00e9quent, ce champignon magique ne convient qu&rsquo;aux utilisateurs exp\u00e9riment\u00e9s. C&rsquo;est l&rsquo;un des champignons magiques les plus forts de notre assortiment. [&hellip;]<\/p>\n","protected":false},"featured_media":3590,"comment_status":"open","ping_status":"closed","template":"","meta":[],"product_brand":[],"product_cat":[130],"product_tag":[],"class_list":{"0":"post-4990","1":"product","2":"type-product","3":"status-publish","4":"has-post-thumbnail","6":"product_cat-kits-de-culture-fresh-mushroom","8":"first","9":"instock","10":"taxable","11":"shipping-taxable","12":"purchasable","13":"product-type-simple"},"yoast_head":"<!-- This site is optimized with the Yoast SEO Premium plugin v26.4 (Yoast SEO v27.4) - https:\/\/yoast.com\/product\/yoast-seo-premium-wordpress\/ -->\n<title>Achetez votre kit de culture de champignons frais McKennaii en ligne | Emballage discret<\/title>\n<meta name=\"description\" content=\"Vous vous r\u00e9jouissez d&#039;un voyage aussi puissant ? Laissez le champignon magique McKennaii vous emmener vers de plus hauts sommets.\" \/>\n<meta name=\"robots\" content=\"index, follow, max-snippet:-1, max-image-preview:large, max-video-preview:-1\" \/>\n<link rel=\"canonical\" href=\"https:\/\/dutchmicrodosing.com\/fr\/champignons-magiques\/kits-de-culture-fresh-mushroom\/mc-kennaii-xp\/\" \/>\n<meta property=\"og:locale\" content=\"fr_FR\" \/>\n<meta property=\"og:type\" content=\"article\" \/>\n<meta property=\"og:title\" content=\"Mc Kennaii XP\" \/>\n<meta property=\"og:description\" content=\"Avez-vous d\u00e9j\u00e0 fait des trips et y \u00eates-vous habitu\u00e9 ? Alors il est peut-\u00eatre temps d&#039;essayer le champignon McKennaii. Ces champignons magiques sont\" \/>\n<meta property=\"og:url\" content=\"https:\/\/dutchmicrodosing.com\/fr\/champignons-magiques\/kits-de-culture-fresh-mushroom\/mc-kennaii-xp\/\" \/>\n<meta property=\"og:site_name\" content=\"Dutchmicrodosing\" \/>\n<meta property=\"article:publisher\" content=\"https:\/\/www.facebook.com\/Dutchmicrodosingxp\/\" \/>\n<meta property=\"article:modified_time\" content=\"2025-11-20T09:54:26+00:00\" \/>\n<meta property=\"og:image\" content=\"https:\/\/dutchmicrodosing.com\/wp-content\/uploads\/2021\/02\/Mckennaii.jpg\" \/>\n\t<meta property=\"og:image:width\" content=\"500\" \/>\n\t<meta property=\"og:image:height\" content=\"500\" \/>\n\t<meta property=\"og:image:type\" content=\"image\/jpeg\" \/>\n<meta name=\"twitter:card\" content=\"summary_large_image\" \/>\n<script type=\"application\/ld+json\" class=\"yoast-schema-graph\">{\"@context\":\"https:\\\/\\\/schema.org\",\"@graph\":[{\"@type\":\"WebPage\",\"@id\":\"https:\\\/\\\/dutchmicrodosing.com\\\/fr\\\/champignons-magiques\\\/kits-de-culture-fresh-mushroom\\\/mc-kennaii-xp\\\/\",\"url\":\"https:\\\/\\\/dutchmicrodosing.com\\\/fr\\\/champignons-magiques\\\/kits-de-culture-fresh-mushroom\\\/mc-kennaii-xp\\\/\",\"name\":\"Achetez votre kit de culture de champignons frais McKennaii en ligne | Emballage discret\",\"isPartOf\":{\"@id\":\"https:\\\/\\\/dutchmicrodosing.com\\\/fr\\\/#website\"},\"primaryImageOfPage\":{\"@id\":\"https:\\\/\\\/dutchmicrodosing.com\\\/fr\\\/champignons-magiques\\\/kits-de-culture-fresh-mushroom\\\/mc-kennaii-xp\\\/#primaryimage\"},\"image\":{\"@id\":\"https:\\\/\\\/dutchmicrodosing.com\\\/fr\\\/champignons-magiques\\\/kits-de-culture-fresh-mushroom\\\/mc-kennaii-xp\\\/#primaryimage\"},\"thumbnailUrl\":\"https:\\\/\\\/dutchmicrodosing.com\\\/wp-content\\\/uploads\\\/2021\\\/02\\\/Mckennaii.jpg\",\"datePublished\":\"2021-02-21T09:22:35+00:00\",\"dateModified\":\"2025-11-20T09:54:26+00:00\",\"description\":\"Vous vous r\u00e9jouissez d'un voyage aussi puissant ? Laissez le champignon magique McKennaii vous emmener vers de plus hauts sommets.\",\"breadcrumb\":{\"@id\":\"https:\\\/\\\/dutchmicrodosing.com\\\/fr\\\/champignons-magiques\\\/kits-de-culture-fresh-mushroom\\\/mc-kennaii-xp\\\/#breadcrumb\"},\"inLanguage\":\"fr-FR\",\"potentialAction\":[{\"@type\":\"ReadAction\",\"target\":[\"https:\\\/\\\/dutchmicrodosing.com\\\/fr\\\/champignons-magiques\\\/kits-de-culture-fresh-mushroom\\\/mc-kennaii-xp\\\/\"]}]},{\"@type\":\"ImageObject\",\"inLanguage\":\"fr-FR\",\"@id\":\"https:\\\/\\\/dutchmicrodosing.com\\\/fr\\\/champignons-magiques\\\/kits-de-culture-fresh-mushroom\\\/mc-kennaii-xp\\\/#primaryimage\",\"url\":\"https:\\\/\\\/dutchmicrodosing.com\\\/wp-content\\\/uploads\\\/2021\\\/02\\\/Mckennaii.jpg\",\"contentUrl\":\"https:\\\/\\\/dutchmicrodosing.com\\\/wp-content\\\/uploads\\\/2021\\\/02\\\/Mckennaii.jpg\",\"width\":500,\"height\":500},{\"@type\":\"BreadcrumbList\",\"@id\":\"https:\\\/\\\/dutchmicrodosing.com\\\/fr\\\/champignons-magiques\\\/kits-de-culture-fresh-mushroom\\\/mc-kennaii-xp\\\/#breadcrumb\",\"itemListElement\":[{\"@type\":\"ListItem\",\"position\":1,\"name\":\"Home\",\"item\":\"https:\\\/\\\/dutchmicrodosing.com\\\/fr\\\/\"},{\"@type\":\"ListItem\",\"position\":2,\"name\":\"Boutique\",\"item\":\"https:\\\/\\\/dutchmicrodosing.com\\\/fr\\\/boutique\\\/\"},{\"@type\":\"ListItem\",\"position\":3,\"name\":\"Mc Kennaii XP\"}]},{\"@type\":\"WebSite\",\"@id\":\"https:\\\/\\\/dutchmicrodosing.com\\\/fr\\\/#website\",\"url\":\"https:\\\/\\\/dutchmicrodosing.com\\\/fr\\\/\",\"name\":\"Dutchmicrodosing\",\"description\":\"\",\"publisher\":{\"@id\":\"https:\\\/\\\/dutchmicrodosing.com\\\/fr\\\/#organization\"},\"potentialAction\":[{\"@type\":\"SearchAction\",\"target\":{\"@type\":\"EntryPoint\",\"urlTemplate\":\"https:\\\/\\\/dutchmicrodosing.com\\\/fr\\\/?s={search_term_string}\"},\"query-input\":{\"@type\":\"PropertyValueSpecification\",\"valueRequired\":true,\"valueName\":\"search_term_string\"}}],\"inLanguage\":\"fr-FR\"},{\"@type\":\"Organization\",\"@id\":\"https:\\\/\\\/dutchmicrodosing.com\\\/fr\\\/#organization\",\"name\":\"Dutchmicrodosing\",\"url\":\"https:\\\/\\\/dutchmicrodosing.com\\\/fr\\\/\",\"logo\":{\"@type\":\"ImageObject\",\"inLanguage\":\"fr-FR\",\"@id\":\"https:\\\/\\\/dutchmicrodosing.com\\\/fr\\\/#\\\/schema\\\/logo\\\/image\\\/\",\"url\":\"https:\\\/\\\/dutchmicrodosing.com\\\/wp-content\\\/uploads\\\/2021\\\/01\\\/microdosing-categorie-pic-nieuw.jpg\",\"contentUrl\":\"https:\\\/\\\/dutchmicrodosing.com\\\/wp-content\\\/uploads\\\/2021\\\/01\\\/microdosing-categorie-pic-nieuw.jpg\",\"width\":500,\"height\":500,\"caption\":\"Dutchmicrodosing\"},\"image\":{\"@id\":\"https:\\\/\\\/dutchmicrodosing.com\\\/fr\\\/#\\\/schema\\\/logo\\\/image\\\/\"},\"sameAs\":[\"https:\\\/\\\/www.facebook.com\\\/Dutchmicrodosingxp\\\/\",\"https:\\\/\\\/www.instagram.com\\\/dutchmicrodosing\\\/\"]}]}<\/script>\n<meta property=\"product:price:amount\" content=\"39.95\" \/>\n<meta property=\"product:price:currency\" content=\"EUR\" \/>\n<meta property=\"og:availability\" content=\"instock\" \/>\n<meta property=\"product:availability\" content=\"instock\" \/>\n<meta property=\"product:retailer_item_id\" content=\"0208370\" \/>\n<meta property=\"product:condition\" content=\"new\" \/>\n<!-- \/ Yoast SEO Premium plugin. -->","yoast_head_json":{"title":"Achetez votre kit de culture de champignons frais McKennaii en ligne | Emballage discret","description":"Vous vous r\u00e9jouissez d'un voyage aussi puissant ? Laissez le champignon magique McKennaii vous emmener vers de plus hauts sommets.","robots":{"index":"index","follow":"follow","max-snippet":"max-snippet:-1","max-image-preview":"max-image-preview:large","max-video-preview":"max-video-preview:-1"},"canonical":"https:\/\/dutchmicrodosing.com\/fr\/champignons-magiques\/kits-de-culture-fresh-mushroom\/mc-kennaii-xp\/","og_locale":"fr_FR","og_type":"article","og_title":"Mc Kennaii XP","og_description":"Avez-vous d\u00e9j\u00e0 fait des trips et y \u00eates-vous habitu\u00e9 ? Alors il est peut-\u00eatre temps d'essayer le champignon McKennaii. Ces champignons magiques sont","og_url":"https:\/\/dutchmicrodosing.com\/fr\/champignons-magiques\/kits-de-culture-fresh-mushroom\/mc-kennaii-xp\/","og_site_name":"Dutchmicrodosing","article_publisher":"https:\/\/www.facebook.com\/Dutchmicrodosingxp\/","article_modified_time":"2025-11-20T09:54:26+00:00","og_image":[{"width":500,"height":500,"url":"https:\/\/dutchmicrodosing.com\/wp-content\/uploads\/2021\/02\/Mckennaii.jpg","type":"image\/jpeg"}],"twitter_card":"summary_large_image","schema":{"@context":"https:\/\/schema.org","@graph":[{"@type":"WebPage","@id":"https:\/\/dutchmicrodosing.com\/fr\/champignons-magiques\/kits-de-culture-fresh-mushroom\/mc-kennaii-xp\/","url":"https:\/\/dutchmicrodosing.com\/fr\/champignons-magiques\/kits-de-culture-fresh-mushroom\/mc-kennaii-xp\/","name":"Achetez votre kit de culture de champignons frais McKennaii en ligne | Emballage discret","isPartOf":{"@id":"https:\/\/dutchmicrodosing.com\/fr\/#website"},"primaryImageOfPage":{"@id":"https:\/\/dutchmicrodosing.com\/fr\/champignons-magiques\/kits-de-culture-fresh-mushroom\/mc-kennaii-xp\/#primaryimage"},"image":{"@id":"https:\/\/dutchmicrodosing.com\/fr\/champignons-magiques\/kits-de-culture-fresh-mushroom\/mc-kennaii-xp\/#primaryimage"},"thumbnailUrl":"https:\/\/dutchmicrodosing.com\/wp-content\/uploads\/2021\/02\/Mckennaii.jpg","datePublished":"2021-02-21T09:22:35+00:00","dateModified":"2025-11-20T09:54:26+00:00","description":"Vous vous r\u00e9jouissez d'un voyage aussi puissant ? Laissez le champignon magique McKennaii vous emmener vers de plus hauts sommets.","breadcrumb":{"@id":"https:\/\/dutchmicrodosing.com\/fr\/champignons-magiques\/kits-de-culture-fresh-mushroom\/mc-kennaii-xp\/#breadcrumb"},"inLanguage":"fr-FR","potentialAction":[{"@type":"ReadAction","target":["https:\/\/dutchmicrodosing.com\/fr\/champignons-magiques\/kits-de-culture-fresh-mushroom\/mc-kennaii-xp\/"]}]},{"@type":"ImageObject","inLanguage":"fr-FR","@id":"https:\/\/dutchmicrodosing.com\/fr\/champignons-magiques\/kits-de-culture-fresh-mushroom\/mc-kennaii-xp\/#primaryimage","url":"https:\/\/dutchmicrodosing.com\/wp-content\/uploads\/2021\/02\/Mckennaii.jpg","contentUrl":"https:\/\/dutchmicrodosing.com\/wp-content\/uploads\/2021\/02\/Mckennaii.jpg","width":500,"height":500},{"@type":"BreadcrumbList","@id":"https:\/\/dutchmicrodosing.com\/fr\/champignons-magiques\/kits-de-culture-fresh-mushroom\/mc-kennaii-xp\/#breadcrumb","itemListElement":[{"@type":"ListItem","position":1,"name":"Home","item":"https:\/\/dutchmicrodosing.com\/fr\/"},{"@type":"ListItem","position":2,"name":"Boutique","item":"https:\/\/dutchmicrodosing.com\/fr\/boutique\/"},{"@type":"ListItem","position":3,"name":"Mc Kennaii XP"}]},{"@type":"WebSite","@id":"https:\/\/dutchmicrodosing.com\/fr\/#website","url":"https:\/\/dutchmicrodosing.com\/fr\/","name":"Dutchmicrodosing","description":"","publisher":{"@id":"https:\/\/dutchmicrodosing.com\/fr\/#organization"},"potentialAction":[{"@type":"SearchAction","target":{"@type":"EntryPoint","urlTemplate":"https:\/\/dutchmicrodosing.com\/fr\/?s={search_term_string}"},"query-input":{"@type":"PropertyValueSpecification","valueRequired":true,"valueName":"search_term_string"}}],"inLanguage":"fr-FR"},{"@type":"Organization","@id":"https:\/\/dutchmicrodosing.com\/fr\/#organization","name":"Dutchmicrodosing","url":"https:\/\/dutchmicrodosing.com\/fr\/","logo":{"@type":"ImageObject","inLanguage":"fr-FR","@id":"https:\/\/dutchmicrodosing.com\/fr\/#\/schema\/logo\/image\/","url":"https:\/\/dutchmicrodosing.com\/wp-content\/uploads\/2021\/01\/microdosing-categorie-pic-nieuw.jpg","contentUrl":"https:\/\/dutchmicrodosing.com\/wp-content\/uploads\/2021\/01\/microdosing-categorie-pic-nieuw.jpg","width":500,"height":500,"caption":"Dutchmicrodosing"},"image":{"@id":"https:\/\/dutchmicrodosing.com\/fr\/#\/schema\/logo\/image\/"},"sameAs":["https:\/\/www.facebook.com\/Dutchmicrodosingxp\/","https:\/\/www.instagram.com\/dutchmicrodosing\/"]}]},"product_price_amount":"39.95","product_price_currency":"EUR","og_availability":"instock","product_availability":"instock","product_retailer_item_id":"0208370","product_condition":"new"},"_links":{"self":[{"href":"https:\/\/dutchmicrodosing.com\/fr\/wp-json\/wp\/v2\/product\/4990","targetHints":{"allow":["GET"]}}],"collection":[{"href":"https:\/\/dutchmicrodosing.com\/fr\/wp-json\/wp\/v2\/product"}],"about":[{"href":"https:\/\/dutchmicrodosing.com\/fr\/wp-json\/wp\/v2\/types\/product"}],"replies":[{"embeddable":true,"href":"https:\/\/dutchmicrodosing.com\/fr\/wp-json\/wp\/v2\/comments?post=4990"}],"version-history":[{"count":2,"href":"https:\/\/dutchmicrodosing.com\/fr\/wp-json\/wp\/v2\/product\/4990\/revisions"}],"predecessor-version":[{"id":62602,"href":"https:\/\/dutchmicrodosing.com\/fr\/wp-json\/wp\/v2\/product\/4990\/revisions\/62602"}],"wp:featuredmedia":[{"embeddable":true,"href":"https:\/\/dutchmicrodosing.com\/fr\/wp-json\/wp\/v2\/media\/3590"}],"wp:attachment":[{"href":"https:\/\/dutchmicrodosing.com\/fr\/wp-json\/wp\/v2\/media?parent=4990"}],"wp:term":[{"taxonomy":"product_brand","embeddable":true,"href":"https:\/\/dutchmicrodosing.com\/fr\/wp-json\/wp\/v2\/product_brand?post=4990"},{"taxonomy":"product_cat","embeddable":true,"href":"https:\/\/dutchmicrodosing.com\/fr\/wp-json\/wp\/v2\/product_cat?post=4990"},{"taxonomy":"product_tag","embeddable":true,"href":"https:\/\/dutchmicrodosing.com\/fr\/wp-json\/wp\/v2\/product_tag?post=4990"}],"curies":[{"name":"wp","href":"https:\/\/api.w.org\/{rel}","templated":true}]}}