{"id":4991,"date":"2021-02-21T10:11:26","date_gmt":"2021-02-21T09:11:26","guid":{"rendered":"https:\/\/dutchmicrodosing.com\/shop\/non%20class\u00e9\/xp-denseignant-dor\/"},"modified":"2025-11-20T10:56:36","modified_gmt":"2025-11-20T09:56:36","slug":"golden-teacher-xp","status":"publish","type":"product","link":"https:\/\/dutchmicrodosing.com\/fr\/champignons-magiques\/kits-de-culture-fresh-mushroom\/golden-teacher-xp\/","title":{"rendered":"Golden Teacher XP"},"content":{"rendered":"<p>Le kit de culture de <strong>champignons magiques Golden Teacher<\/strong> est id\u00e9al pour les d\u00e9butants. Si vous \u00eates curieux du monde des champignons magiques et que vous n&rsquo;avez pas encore d&rsquo;exp\u00e9rience, alors Golden Teacher est le bon endroit pour commencer. Les effets sont l\u00e9gers et bien tol\u00e9r\u00e9s par presque tout le monde. Si vous cherchez un champignon pour un voyage agr\u00e9able, optez pour ce kit de culture de champignons frais.<\/p>\n<h2>Apprenez \u00e0 vous conna\u00eetre avec le Golden Teacher<\/h2>\n<p>Un voyage peut vous apprendre beaucoup de choses sur vous-m\u00eame, et c&rsquo;est certainement le cas avec le Golden Teacher. Ce magnifique champignon dor\u00e9 vous aide \u00e0 d\u00e9m\u00ealer les couches profondes de vous-m\u00eame et vous donne de nouvelles id\u00e9es. Apr\u00e8s un voyage, vous pouvez voir le monde et la vie elle-m\u00eame diff\u00e9remment. Le kit de culture de champignons magiques Golden Teacher n&rsquo;est pas appel\u00e9 professeur pour rien : il vous permet de mieux comprendre ce qui est important pour vous.<\/p>\n<h2>La d\u00e9couverte des champignons Golden Teacher<\/h2>\n<p>Le Golden Teacher a \u00e9t\u00e9 trouv\u00e9 il n&rsquo;y a pas longtemps dans le sud-est des \u00c9tats-Unis. De nombreux champignons psychoactifs ont \u00e9t\u00e9 d\u00e9couverts \u00e0 ce jour, mais les gens sont toujours \u00e0 la recherche de nouvelles esp\u00e8ces aux propri\u00e9t\u00e9s particuli\u00e8res. Par exemple, le Golden Teacher a \u00e9t\u00e9 trouv\u00e9 par quelqu&rsquo;un dans les ann\u00e9es 1980. Il a \u00e9t\u00e9 baptis\u00e9 Psilocybe Aurumescens.<\/p>\n<p>Ce champignon peut pousser assez haut, environ 13 cm, et poss\u00e8de un beau chapeau dor\u00e9 et des tiges ivoires. Les r\u00e9coltes sont g\u00e9n\u00e9ralement abondantes, les champignons pouvant \u00eatre encore plus volumineux et plus gros \u00e0 chaque nouvelle r\u00e9colte. Le Golden Teacher est un champignon tr\u00e8s agr\u00e9able \u00e0 cultiver chez soi, avec le kit de culture Fresh Mushrooms.<\/p>\n<h2>Les effets du champignon magique Golden Teacher<\/h2>\n<p>Les effets du champignon magique Golden Teacher sont visuels et \u00e9motionnels\/mentaux. Vous percevrez la r\u00e9alit\u00e9 diff\u00e9remment. Il affecte vos sens. Vous pouvez avoir des hallucinations, o\u00f9 vous pouvez commencer \u00e0 voir des couleurs ou des motifs. Mais tous vos sens peuvent \u00eatre aiguis\u00e9s. Avec ces champignons magiques, il est possible que vos pens\u00e9es aillent plus vite et que vous ayez des id\u00e9es sur vous-m\u00eame. Des \u00e9clats de rire sont \u00e9galement possibles, ainsi que des sentiments de joie et de bonheur.<\/p>\n<p>Un voyage avec des champignons magiques peut \u00eatre diff\u00e9rent pour chacun. Cela d\u00e9pend aussi de votre propre humeur et si vous avez d\u00e9j\u00e0 une exp\u00e9rience du trip. Il n&rsquo;y a aucun moyen de pr\u00e9dire comment vous allez r\u00e9agir, alors soyez prudent avec le dosage. Vous trouverez ci-dessous de plus amples informations sur la mani\u00e8re de doser les champignons magiques Golden Teacher.<\/p>\n<h2>Kit de culture manuel Golden Teacher<\/h2>\n<p><a href=\"https:\/\/dutchmicrodosing.com\/fr\/growkit_manual\/\">T\u00e9l\u00e9charger ici : Manuel du kit de culture de champignons frais<\/a><\/p>\n<ol>\n<li>Sortez le kit de culture, le sac en plastique et le trombone de la bo\u00eete. Retirez le couvercle du kit de culture (conservez le couvercle dans un endroit s\u00fbr). Rincez le couvercle \u00e0 l&rsquo;eau courante. Vous en aurez \u00e0 nouveau besoin plus tard.<\/li>\n<li>Placez le kit de culture sans couvercle dans le sac en plastique fourni. Faites glisser l&rsquo;ouverture du sac sous le fond avec la micro perforation vers le haut. L&rsquo;ouverture du sac est maintenant largement ferm\u00e9e. Il n&rsquo;y a pas lieu de s&rsquo;inqui\u00e9ter de la circulation de l&rsquo;air.<\/li>\n<li>D\u00e8s que vous voyez des petites boules pousser, vous pouvez commencer \u00e0 redresser le sac. Ne pas arroser. Les premiers champignons seront visibles apr\u00e8s environ une semaine.<\/li>\n<li>Placez le kit de culture dans un endroit suffisamment \u00e9clair\u00e9 par la lumi\u00e8re du jour et \u00e0 une temp\u00e9rature comprise entre 18 \u00b0C et 28 \u00b0C. Ne placez JAMAIS le set de culture en plein soleil. Bien que les champignons poussent \u00e0 presque toutes les temp\u00e9ratures sup\u00e9rieures \u00e0 15 \u00b0C, 23 \u00b0C est la temp\u00e9rature id\u00e9ale pour une r\u00e9colte optimale. Des tapis chauffants sp\u00e9ciaux sont disponibles pour garantir cette temp\u00e9rature et ne pas avoir \u00e0 chauffer toute la pi\u00e8ce.<\/li>\n<li>\u00c0 partir de ce stade, laissez le sac l\u00e9g\u00e8rement ouvert en permanence, afin que l&rsquo;humidit\u00e9 puisse s&rsquo;\u00e9vaporer un peu. Un exc\u00e8s d&rsquo;humidit\u00e9 n&rsquo;est pas bon. Votre premi\u00e8re r\u00e9colte aura lieu environ une semaine apr\u00e8s l&rsquo;apparition des premiers bulbes. Veillez \u00e0 r\u00e9colter avant que les premi\u00e8res spores ne tombent !<\/li>\n<li>Ces ensembles produisent de multiples r\u00e9coltes de champignons. Pour ce faire, remplissez le kit avec de l&rsquo;eau du robinet propre apr\u00e8s la premi\u00e8re r\u00e9colte. Ce processus, connu sous le nom de choc froid, insuffle une nouvelle vie au myc\u00e9lium et garantit une humidit\u00e9 suffisante pour la croissance des champignons.<\/li>\n<li>Replacez le couvercle du kit de culture sur le kit. Laissez l&rsquo;ensemble reposer pendant 12 heures. Ouvrez un coin du couvercle et laissez l&rsquo;exc\u00e9dent d&rsquo;eau s&rsquo;\u00e9couler. A partir de l\u00e0, vous pouvez suivre \u00e0 nouveau les instructions de l&rsquo;\u00e9tape 1. Ce processus peut \u00eatre r\u00e9p\u00e9t\u00e9 plusieurs fois.<\/li>\n<\/ol>\n<h2>La r\u00e9colte :<\/h2>\n<p>Les kits de culture de champignons frais produisent leur premi\u00e8re r\u00e9colte assez rapidement. Apr\u00e8s une semaine, les premiers bourgeons sont d\u00e9j\u00e0 visibles. Les temp\u00e9ratures basses et \u00e9lev\u00e9es peuvent ralentir quelque peu ce processus de croissance. Une fois que les bourgeons sont visibles, il faut g\u00e9n\u00e9ralement une semaine pour que les champignons se d\u00e9veloppent pleinement.<\/p>\n<p>Le moment de la r\u00e9colte est extr\u00eamement important. Lorsque les membranes sous les chapeaux sont encore serr\u00e9es, mais risquent d&rsquo;\u00e9clater ou de se d\u00e9tacher sous l&rsquo;effet de la force des chapeaux, il est temps de r\u00e9colter.<\/p>\n<h2>Rendement Golden Teacher 100% myc\u00e9lium growkit<\/h2>\n<p>Un kit de culture Golden Teacher 1200cc de Freshmushrooms donne une r\u00e9colte entre 500g et 800g de champignons frais ou 50-80g de champignons secs.<\/p>\n<h3>Dosage des champignons magiques<\/h3>\n<p>Un dosage correct est important pour d\u00e9terminer l&rsquo;intensit\u00e9 de votre voyage. Une plus grande quantit\u00e9 de champignons entra\u00eenera un trip plus intense. Si vous n&rsquo;avez pas utilis\u00e9 de champignons magiques tr\u00e8s souvent, nous vous recommandons de commencer par un dosage plus faible. Si vous les s\u00e9chez, vous pouvez prendre 1 \u00e0 2 grammes de champignons frais Golden Teacher. Si vous prenez des champignons frais, vous pouvez en consommer 9 \u00e0 10 grammes. Pour un utilisateur moyen, 2 grammes de champignons s\u00e9ch\u00e9s ou 20 grammes de champignons frais sont acceptables. Les effets d&rsquo;un voyage peuvent durer entre 3 et 8 heures.<\/p>\n<h3>Pr\u00e9parez votre voyage avec des champignons magiques<\/h3>\n<p>Bien que la consommation de champignons magiques soit sans danger, il est bon de pr\u00e9parer son voyage. Cela est particuli\u00e8rement vrai si vous ne l&rsquo;avez jamais fait auparavant. N&rsquo;allez pas vous promener tout seul. Demandez \u00e0 un ami de confiance de rester avec vous. Cette personne est le tripteur et restera sobre, donc ne consommez pas d&rsquo;alcool ou de drogues. Un trip aux champignons peut \u00eatre assez intense. C&rsquo;est bien d&rsquo;avoir quelqu&rsquo;un avec vous qui peut vous rassurer. Un bouchon de voyage est \u00e9galement une bonne id\u00e9e.<\/p>\n<p>De plus, r\u00e9fl\u00e9chissez bien \u00e0 l&rsquo;endroit o\u00f9 vous allez tr\u00e9bucher. Choisissez un environnement dans lequel vous vous sentez \u00e0 l&rsquo;aise. Et si vous devez utiliser des champignons magiques avec d&rsquo;autres personnes, assurez-vous que ce sont des personnes avec lesquelles vous vous sentez \u00e0 l&rsquo;aise. Si ce n&rsquo;est pas le cas, il est moins facile de s&rsquo;abandonner aux effets du champignon.<\/p>\n<h2>Acheter le kit de culture de champignons frais en ligne<\/h2>\n<p>Avec le kit de culture Fresh Mushrooms Golden Teacher, la culture des champignons magiques \u00e0 domicile devient un jeu d&rsquo;enfant. Vous pouvez maintenant acheter facilement ce kit de culture en ligne dans notre boutique. Commandez maintenant et nous ferons en sorte que vous receviez votre colis dans les plus brefs d\u00e9lais.<\/p>\n","protected":false},"excerpt":{"rendered":"<p>Le Psilocybe Cubensis Golden Teacher est le champignon le plus magique gr\u00e2ce \u00e0 ses effets didactiques et \u00e0 son origine inconnue. Appartenant \u00e0 un \u00ab\u00a0nouveau\u00a0\u00bb champignon, il a \u00e9t\u00e9 d\u00e9couvert \u00e0 la fin des ann\u00e9es 1980.<\/p>\n","protected":false},"featured_media":3582,"comment_status":"open","ping_status":"closed","template":"","meta":[],"product_brand":[],"product_cat":[130],"product_tag":[],"class_list":{"0":"post-4991","1":"product","2":"type-product","3":"status-publish","4":"has-post-thumbnail","6":"product_cat-kits-de-culture-fresh-mushroom","8":"first","9":"instock","10":"taxable","11":"shipping-taxable","12":"purchasable","13":"product-type-simple"},"yoast_head":"<!-- This site is optimized with the Yoast SEO Premium plugin v26.4 (Yoast SEO v27.4) - https:\/\/yoast.com\/product\/yoast-seo-premium-wordpress\/ -->\n<title>Achat Champignons frais Golden Teacher en ligne livraison rapide<\/title>\n<meta name=\"description\" content=\"Le Fresh Mushrooms Golden Teacher facilite la culture des champignons magiques \u00e0 domicile. Vous pouvez acheter ce kit de culture facilement en ligne dans notre boutique.\" \/>\n<meta name=\"robots\" content=\"index, follow, max-snippet:-1, max-image-preview:large, max-video-preview:-1\" \/>\n<link rel=\"canonical\" href=\"https:\/\/dutchmicrodosing.com\/fr\/champignons-magiques\/kits-de-culture-fresh-mushroom\/golden-teacher-xp\/\" \/>\n<meta property=\"og:locale\" content=\"fr_FR\" \/>\n<meta property=\"og:type\" content=\"article\" \/>\n<meta property=\"og:title\" content=\"Golden Teacher XP\" \/>\n<meta property=\"og:description\" content=\"Le Psilocybe Cubensis Golden Teacher est le champignon le plus magique gr\u00e2ce \u00e0 ses effets didactiques et \u00e0 son origine inconnue. Appartenant \u00e0 un &quot;nouveau&quot; champignon, il a \u00e9t\u00e9 d\u00e9couvert \u00e0 la fin des ann\u00e9es 1980.\" \/>\n<meta property=\"og:url\" content=\"https:\/\/dutchmicrodosing.com\/fr\/champignons-magiques\/kits-de-culture-fresh-mushroom\/golden-teacher-xp\/\" \/>\n<meta property=\"og:site_name\" content=\"Dutchmicrodosing\" \/>\n<meta property=\"article:publisher\" content=\"https:\/\/www.facebook.com\/Dutchmicrodosingxp\/\" \/>\n<meta property=\"article:modified_time\" content=\"2025-11-20T09:56:36+00:00\" \/>\n<meta property=\"og:image\" content=\"https:\/\/dutchmicrodosing.com\/wp-content\/uploads\/2021\/02\/Golden-Teacher.jpg\" \/>\n\t<meta property=\"og:image:width\" content=\"500\" \/>\n\t<meta property=\"og:image:height\" content=\"500\" \/>\n\t<meta property=\"og:image:type\" content=\"image\/jpeg\" \/>\n<meta name=\"twitter:card\" content=\"summary_large_image\" \/>\n<script type=\"application\/ld+json\" class=\"yoast-schema-graph\">{\"@context\":\"https:\\\/\\\/schema.org\",\"@graph\":[{\"@type\":\"WebPage\",\"@id\":\"https:\\\/\\\/dutchmicrodosing.com\\\/fr\\\/champignons-magiques\\\/kits-de-culture-fresh-mushroom\\\/golden-teacher-xp\\\/\",\"url\":\"https:\\\/\\\/dutchmicrodosing.com\\\/fr\\\/champignons-magiques\\\/kits-de-culture-fresh-mushroom\\\/golden-teacher-xp\\\/\",\"name\":\"Achat Champignons frais Golden Teacher en ligne livraison rapide\",\"isPartOf\":{\"@id\":\"https:\\\/\\\/dutchmicrodosing.com\\\/fr\\\/#website\"},\"primaryImageOfPage\":{\"@id\":\"https:\\\/\\\/dutchmicrodosing.com\\\/fr\\\/champignons-magiques\\\/kits-de-culture-fresh-mushroom\\\/golden-teacher-xp\\\/#primaryimage\"},\"image\":{\"@id\":\"https:\\\/\\\/dutchmicrodosing.com\\\/fr\\\/champignons-magiques\\\/kits-de-culture-fresh-mushroom\\\/golden-teacher-xp\\\/#primaryimage\"},\"thumbnailUrl\":\"https:\\\/\\\/dutchmicrodosing.com\\\/wp-content\\\/uploads\\\/2021\\\/02\\\/Golden-Teacher.jpg\",\"datePublished\":\"2021-02-21T09:11:26+00:00\",\"dateModified\":\"2025-11-20T09:56:36+00:00\",\"description\":\"Le Fresh Mushrooms Golden Teacher facilite la culture des champignons magiques \u00e0 domicile. Vous pouvez acheter ce kit de culture facilement en ligne dans notre boutique.\",\"breadcrumb\":{\"@id\":\"https:\\\/\\\/dutchmicrodosing.com\\\/fr\\\/champignons-magiques\\\/kits-de-culture-fresh-mushroom\\\/golden-teacher-xp\\\/#breadcrumb\"},\"inLanguage\":\"fr-FR\",\"potentialAction\":[{\"@type\":\"ReadAction\",\"target\":[\"https:\\\/\\\/dutchmicrodosing.com\\\/fr\\\/champignons-magiques\\\/kits-de-culture-fresh-mushroom\\\/golden-teacher-xp\\\/\"]}]},{\"@type\":\"ImageObject\",\"inLanguage\":\"fr-FR\",\"@id\":\"https:\\\/\\\/dutchmicrodosing.com\\\/fr\\\/champignons-magiques\\\/kits-de-culture-fresh-mushroom\\\/golden-teacher-xp\\\/#primaryimage\",\"url\":\"https:\\\/\\\/dutchmicrodosing.com\\\/wp-content\\\/uploads\\\/2021\\\/02\\\/Golden-Teacher.jpg\",\"contentUrl\":\"https:\\\/\\\/dutchmicrodosing.com\\\/wp-content\\\/uploads\\\/2021\\\/02\\\/Golden-Teacher.jpg\",\"width\":500,\"height\":500},{\"@type\":\"BreadcrumbList\",\"@id\":\"https:\\\/\\\/dutchmicrodosing.com\\\/fr\\\/champignons-magiques\\\/kits-de-culture-fresh-mushroom\\\/golden-teacher-xp\\\/#breadcrumb\",\"itemListElement\":[{\"@type\":\"ListItem\",\"position\":1,\"name\":\"Home\",\"item\":\"https:\\\/\\\/dutchmicrodosing.com\\\/fr\\\/\"},{\"@type\":\"ListItem\",\"position\":2,\"name\":\"Boutique\",\"item\":\"https:\\\/\\\/dutchmicrodosing.com\\\/fr\\\/boutique\\\/\"},{\"@type\":\"ListItem\",\"position\":3,\"name\":\"Golden Teacher XP\"}]},{\"@type\":\"WebSite\",\"@id\":\"https:\\\/\\\/dutchmicrodosing.com\\\/fr\\\/#website\",\"url\":\"https:\\\/\\\/dutchmicrodosing.com\\\/fr\\\/\",\"name\":\"Dutchmicrodosing\",\"description\":\"\",\"publisher\":{\"@id\":\"https:\\\/\\\/dutchmicrodosing.com\\\/fr\\\/#organization\"},\"potentialAction\":[{\"@type\":\"SearchAction\",\"target\":{\"@type\":\"EntryPoint\",\"urlTemplate\":\"https:\\\/\\\/dutchmicrodosing.com\\\/fr\\\/?s={search_term_string}\"},\"query-input\":{\"@type\":\"PropertyValueSpecification\",\"valueRequired\":true,\"valueName\":\"search_term_string\"}}],\"inLanguage\":\"fr-FR\"},{\"@type\":\"Organization\",\"@id\":\"https:\\\/\\\/dutchmicrodosing.com\\\/fr\\\/#organization\",\"name\":\"Dutchmicrodosing\",\"url\":\"https:\\\/\\\/dutchmicrodosing.com\\\/fr\\\/\",\"logo\":{\"@type\":\"ImageObject\",\"inLanguage\":\"fr-FR\",\"@id\":\"https:\\\/\\\/dutchmicrodosing.com\\\/fr\\\/#\\\/schema\\\/logo\\\/image\\\/\",\"url\":\"https:\\\/\\\/dutchmicrodosing.com\\\/wp-content\\\/uploads\\\/2021\\\/01\\\/microdosing-categorie-pic-nieuw.jpg\",\"contentUrl\":\"https:\\\/\\\/dutchmicrodosing.com\\\/wp-content\\\/uploads\\\/2021\\\/01\\\/microdosing-categorie-pic-nieuw.jpg\",\"width\":500,\"height\":500,\"caption\":\"Dutchmicrodosing\"},\"image\":{\"@id\":\"https:\\\/\\\/dutchmicrodosing.com\\\/fr\\\/#\\\/schema\\\/logo\\\/image\\\/\"},\"sameAs\":[\"https:\\\/\\\/www.facebook.com\\\/Dutchmicrodosingxp\\\/\",\"https:\\\/\\\/www.instagram.com\\\/dutchmicrodosing\\\/\"]}]}<\/script>\n<meta property=\"product:price:amount\" content=\"39.95\" \/>\n<meta property=\"product:price:currency\" content=\"EUR\" \/>\n<meta property=\"og:availability\" content=\"instock\" \/>\n<meta property=\"product:availability\" content=\"instock\" \/>\n<meta property=\"product:retailer_item_id\" content=\"0208819\" \/>\n<meta property=\"product:condition\" content=\"new\" \/>\n<!-- \/ Yoast SEO Premium plugin. -->","yoast_head_json":{"title":"Achat Champignons frais Golden Teacher en ligne livraison rapide","description":"Le Fresh Mushrooms Golden Teacher facilite la culture des champignons magiques \u00e0 domicile. Vous pouvez acheter ce kit de culture facilement en ligne dans notre boutique.","robots":{"index":"index","follow":"follow","max-snippet":"max-snippet:-1","max-image-preview":"max-image-preview:large","max-video-preview":"max-video-preview:-1"},"canonical":"https:\/\/dutchmicrodosing.com\/fr\/champignons-magiques\/kits-de-culture-fresh-mushroom\/golden-teacher-xp\/","og_locale":"fr_FR","og_type":"article","og_title":"Golden Teacher XP","og_description":"Le Psilocybe Cubensis Golden Teacher est le champignon le plus magique gr\u00e2ce \u00e0 ses effets didactiques et \u00e0 son origine inconnue. Appartenant \u00e0 un \"nouveau\" champignon, il a \u00e9t\u00e9 d\u00e9couvert \u00e0 la fin des ann\u00e9es 1980.","og_url":"https:\/\/dutchmicrodosing.com\/fr\/champignons-magiques\/kits-de-culture-fresh-mushroom\/golden-teacher-xp\/","og_site_name":"Dutchmicrodosing","article_publisher":"https:\/\/www.facebook.com\/Dutchmicrodosingxp\/","article_modified_time":"2025-11-20T09:56:36+00:00","og_image":[{"width":500,"height":500,"url":"https:\/\/dutchmicrodosing.com\/wp-content\/uploads\/2021\/02\/Golden-Teacher.jpg","type":"image\/jpeg"}],"twitter_card":"summary_large_image","schema":{"@context":"https:\/\/schema.org","@graph":[{"@type":"WebPage","@id":"https:\/\/dutchmicrodosing.com\/fr\/champignons-magiques\/kits-de-culture-fresh-mushroom\/golden-teacher-xp\/","url":"https:\/\/dutchmicrodosing.com\/fr\/champignons-magiques\/kits-de-culture-fresh-mushroom\/golden-teacher-xp\/","name":"Achat Champignons frais Golden Teacher en ligne livraison rapide","isPartOf":{"@id":"https:\/\/dutchmicrodosing.com\/fr\/#website"},"primaryImageOfPage":{"@id":"https:\/\/dutchmicrodosing.com\/fr\/champignons-magiques\/kits-de-culture-fresh-mushroom\/golden-teacher-xp\/#primaryimage"},"image":{"@id":"https:\/\/dutchmicrodosing.com\/fr\/champignons-magiques\/kits-de-culture-fresh-mushroom\/golden-teacher-xp\/#primaryimage"},"thumbnailUrl":"https:\/\/dutchmicrodosing.com\/wp-content\/uploads\/2021\/02\/Golden-Teacher.jpg","datePublished":"2021-02-21T09:11:26+00:00","dateModified":"2025-11-20T09:56:36+00:00","description":"Le Fresh Mushrooms Golden Teacher facilite la culture des champignons magiques \u00e0 domicile. Vous pouvez acheter ce kit de culture facilement en ligne dans notre boutique.","breadcrumb":{"@id":"https:\/\/dutchmicrodosing.com\/fr\/champignons-magiques\/kits-de-culture-fresh-mushroom\/golden-teacher-xp\/#breadcrumb"},"inLanguage":"fr-FR","potentialAction":[{"@type":"ReadAction","target":["https:\/\/dutchmicrodosing.com\/fr\/champignons-magiques\/kits-de-culture-fresh-mushroom\/golden-teacher-xp\/"]}]},{"@type":"ImageObject","inLanguage":"fr-FR","@id":"https:\/\/dutchmicrodosing.com\/fr\/champignons-magiques\/kits-de-culture-fresh-mushroom\/golden-teacher-xp\/#primaryimage","url":"https:\/\/dutchmicrodosing.com\/wp-content\/uploads\/2021\/02\/Golden-Teacher.jpg","contentUrl":"https:\/\/dutchmicrodosing.com\/wp-content\/uploads\/2021\/02\/Golden-Teacher.jpg","width":500,"height":500},{"@type":"BreadcrumbList","@id":"https:\/\/dutchmicrodosing.com\/fr\/champignons-magiques\/kits-de-culture-fresh-mushroom\/golden-teacher-xp\/#breadcrumb","itemListElement":[{"@type":"ListItem","position":1,"name":"Home","item":"https:\/\/dutchmicrodosing.com\/fr\/"},{"@type":"ListItem","position":2,"name":"Boutique","item":"https:\/\/dutchmicrodosing.com\/fr\/boutique\/"},{"@type":"ListItem","position":3,"name":"Golden Teacher XP"}]},{"@type":"WebSite","@id":"https:\/\/dutchmicrodosing.com\/fr\/#website","url":"https:\/\/dutchmicrodosing.com\/fr\/","name":"Dutchmicrodosing","description":"","publisher":{"@id":"https:\/\/dutchmicrodosing.com\/fr\/#organization"},"potentialAction":[{"@type":"SearchAction","target":{"@type":"EntryPoint","urlTemplate":"https:\/\/dutchmicrodosing.com\/fr\/?s={search_term_string}"},"query-input":{"@type":"PropertyValueSpecification","valueRequired":true,"valueName":"search_term_string"}}],"inLanguage":"fr-FR"},{"@type":"Organization","@id":"https:\/\/dutchmicrodosing.com\/fr\/#organization","name":"Dutchmicrodosing","url":"https:\/\/dutchmicrodosing.com\/fr\/","logo":{"@type":"ImageObject","inLanguage":"fr-FR","@id":"https:\/\/dutchmicrodosing.com\/fr\/#\/schema\/logo\/image\/","url":"https:\/\/dutchmicrodosing.com\/wp-content\/uploads\/2021\/01\/microdosing-categorie-pic-nieuw.jpg","contentUrl":"https:\/\/dutchmicrodosing.com\/wp-content\/uploads\/2021\/01\/microdosing-categorie-pic-nieuw.jpg","width":500,"height":500,"caption":"Dutchmicrodosing"},"image":{"@id":"https:\/\/dutchmicrodosing.com\/fr\/#\/schema\/logo\/image\/"},"sameAs":["https:\/\/www.facebook.com\/Dutchmicrodosingxp\/","https:\/\/www.instagram.com\/dutchmicrodosing\/"]}]},"product_price_amount":"39.95","product_price_currency":"EUR","og_availability":"instock","product_availability":"instock","product_retailer_item_id":"0208819","product_condition":"new"},"_links":{"self":[{"href":"https:\/\/dutchmicrodosing.com\/fr\/wp-json\/wp\/v2\/product\/4991","targetHints":{"allow":["GET"]}}],"collection":[{"href":"https:\/\/dutchmicrodosing.com\/fr\/wp-json\/wp\/v2\/product"}],"about":[{"href":"https:\/\/dutchmicrodosing.com\/fr\/wp-json\/wp\/v2\/types\/product"}],"replies":[{"embeddable":true,"href":"https:\/\/dutchmicrodosing.com\/fr\/wp-json\/wp\/v2\/comments?post=4991"}],"version-history":[{"count":2,"href":"https:\/\/dutchmicrodosing.com\/fr\/wp-json\/wp\/v2\/product\/4991\/revisions"}],"predecessor-version":[{"id":62604,"href":"https:\/\/dutchmicrodosing.com\/fr\/wp-json\/wp\/v2\/product\/4991\/revisions\/62604"}],"wp:featuredmedia":[{"embeddable":true,"href":"https:\/\/dutchmicrodosing.com\/fr\/wp-json\/wp\/v2\/media\/3582"}],"wp:attachment":[{"href":"https:\/\/dutchmicrodosing.com\/fr\/wp-json\/wp\/v2\/media?parent=4991"}],"wp:term":[{"taxonomy":"product_brand","embeddable":true,"href":"https:\/\/dutchmicrodosing.com\/fr\/wp-json\/wp\/v2\/product_brand?post=4991"},{"taxonomy":"product_cat","embeddable":true,"href":"https:\/\/dutchmicrodosing.com\/fr\/wp-json\/wp\/v2\/product_cat?post=4991"},{"taxonomy":"product_tag","embeddable":true,"href":"https:\/\/dutchmicrodosing.com\/fr\/wp-json\/wp\/v2\/product_tag?post=4991"}],"curies":[{"name":"wp","href":"https:\/\/api.w.org\/{rel}","templated":true}]}}