{"id":4992,"date":"2021-02-16T15:09:10","date_gmt":"2021-05-04T19:09:19","guid":{"rendered":"https:\/\/dutchmicrodosing.com\/shop\/niet-gecategoriseerd\/truffes-de-melange-biologique-psilocybe-25-gr\/"},"modified":"2023-03-11T12:43:55","modified_gmt":"2023-03-11T11:43:55","slug":"melange-bio-truffes","status":"publish","type":"product","link":"https:\/\/dutchmicrodosing.com\/fr\/truffes-a-la-psilocybine\/truffes-magiques-bio-xp\/melange-bio-truffes\/","title":{"rendered":"M\u00e9lange de Truffes Bio 25 Gr"},"content":{"rendered":"<p>Le m\u00e9lange de truffes Psilocybe Bio 100% Bio, est un m\u00e9lange unique de la Galindoii et de l&rsquo;Atlantis. Ces deux truffes s&rsquo;intensifient \u00e0 mesure que le voyage commence \u00e0 prendre forme. Individuellement, ce sont des esp\u00e8ces de truffes fortes aux effets visuels intenses. La truffe Atlantis est apparent\u00e9e \u00e0 la truffe mexicaine. Cette vari\u00e9t\u00e9 de truffe a \u00e9t\u00e9 d\u00e9couverte pour la premi\u00e8re fois en Am\u00e9rique dans l&rsquo;\u00c9tat de G\u00e9orgie. La truffe de l&rsquo;Atlantide peut \u00e9voquer des visions r\u00e9alistes et, m\u00eame \u00e0 forte dose, elle peut provoquer une exp\u00e9rience extracorporelle. Des effets visuels puissants. Aucun objet ne conservera ses contours d&rsquo;antan lors d&rsquo;un voyage sur les truffes du m\u00e9lange biologique. Le flux d&rsquo;\u00e9nergie ondulatoire et l&rsquo;augmentation de l&rsquo;activit\u00e9 c\u00e9r\u00e9brale augmenteront avec l&rsquo;utilisation de ce m\u00e9lange organique. Les couleurs vives et les \u00e9l\u00e9ments visuels forts seront tr\u00e8s pr\u00e9sents. Les truffes Galindoii ont \u00e9t\u00e9 d\u00e9couvertes au Mexique, mais on les trouve \u00e9galement en Am\u00e9rique. Ils poussent dans les zones foresti\u00e8res et sont assez nouveaux parmi les psychonautes. Les truffes Galindoii ont de forts effets visuels et mentaux. Cela comprend : des couleurs plus intenses, des distorsions visuelles, des intuitions cr\u00e9atives, une augmentation des capacit\u00e9s de r\u00e9solution de probl\u00e8mes, des sentiments d&rsquo;euphorie et de joie. Les effets vont des coups de pied de rire \u00e0 une sensation de super high. Les sentiments de joie rencontrent l&rsquo;invincibilit\u00e9 avec ces truffes \u00e9poustouflantes et psilocybe Organic Mix.<\/p>\n<p><strong>Utilisation et contenu d&rsquo;\u00e9poustouflantes truffes Psilocybe 100% biologiques<\/strong><\/p>\n<p>Les truffes du m\u00e9lange 100% biologique ont un l\u00e9ger effet psych\u00e9d\u00e9lique. Si vous essayez les truffes \u00e0 la psilocybine pour la premi\u00e8re fois, nous vous conseillons de commencer par un trip l\u00e9ger. Les truffes Mix peuvent \u00eatre consomm\u00e9es directement dans leur emballage. Il est tr\u00e8s important de m\u00e2cher les truffes longtemps et bien avant de les avaler. Cela renforce consid\u00e9rablement l&rsquo;effet des truffes. Vous pouvez \u00e9galement faire du th\u00e9 avec les truffes, mais l&rsquo;effet en sera quelque peu affaibli. La quantit\u00e9 recommand\u00e9e \u00e0 prendre est :<\/p>\n<ul>\n<li>Voyage fort 15 grammes<\/li>\n<li>Exp\u00e9rience hors du corps 20\/25 grammes<\/li>\n<\/ul>\n<p>Avez-vous de l&rsquo;exp\u00e9rience avec les truffes \u00e0 la psilocybine ? Nous vous recommandons alors de consommer au moins 20 grammes. Assurez-vous d&rsquo;avoir une atmosph\u00e8re d\u00e9tendue et un environnement calme et familier si vous envisagez de consommer ces truffes qui alt\u00e8rent l&rsquo;esprit. Votre salon est parfait pour un bon voyage. Assurez-vous d&rsquo;avoir un bon \u00ab\u00a0set &amp; setting\u00a0\u00bb et prenez des mesures comme ranger la pi\u00e8ce ou pr\u00e9parer les choses dont vous pensez avoir besoin pendant le voyage avec la psilocybine. Tu ne veux pas avoir \u00e0 chercher des trucs au milieu de ton voyage psych\u00e9d\u00e9lique. Par exemple, pr\u00e9voyez une bouteille d&rsquo;eau ou un matelas au cas o\u00f9 vous voudriez vous allonger. Un masque de sommeil (mindfold) est \u00e9galement souhaitable si vous avez au moins la volont\u00e9 et l&rsquo;intention d&rsquo;explorer votre propre monde int\u00e9rieur spirituel.<\/p>\n<p>Pour la plupart des gens, l&rsquo;exp\u00e9rience de tripoter des truffes psilocybe est fantastique et presque magique. Cependant, certaines personnes ne supportent pas tr\u00e8s bien les effets visuels ou le changement de perception de la r\u00e9alit\u00e9, ce qui peut les effrayer. Ne vous inqui\u00e9tez pas, les effets disparaissent apr\u00e8s quelques heures. Dans ces cas, il est conseill\u00e9 d&rsquo;avoir un \u00ab\u00a0tripsitter\u00a0\u00bb \u00e0 vos c\u00f4t\u00e9s. Un tripsitter est une personne de confiance qui est pr\u00e9sente de mani\u00e8re sobre et qui assure la paix et la s\u00e9curit\u00e9 des utilisateurs pendant le voyage, afin qu&rsquo;ils puissent s&rsquo;abandonner compl\u00e8tement \u00e0 l&rsquo;exp\u00e9rience magique et psych\u00e9d\u00e9lique.<\/p>\n<p>Un sachet de truffes mixtes 100% biologiques contient 25 grammes de truffes \u00e0 la psilocybine.<\/p>\n<p><strong>Valeurs nutritionnelles pour 100 grammes de truffes mixtes 100% biologiques :<\/strong><\/p>\n<p>\u00c9nergie 464,7 kJ<\/p>\n<p>\u00c9nergie 110,5 kcal<\/p>\n<p>Glucides 13,2 grammes<\/p>\n<p>Prot\u00e9ines 5,3 grammes<\/p>\n<p>Lipides 0,4 grammes<\/p>\n<p>\u2981 Fibres alimentaires 16,7 grammes<\/p>\n<p>Sel (NaCl) 0,3 g<\/p>\n<p>Vitamine D 10,0 UI<\/p>\n<p>Sodium (Na) 13,6 mg<\/p>\n<p>Phosphore (P) 169,3 mg<\/p>\n<p>Potassium (K) 210,0 mg<\/p>\n<p>Calcium (Ca) 12,5 mg<\/p>\n<p>Fer (F) 0,7 mg<\/p>\n<p><strong>Stockage des truffes de m\u00e9lange 100% biologiques et \u00e9poustouflantes<\/strong><\/p>\n<p>Si vous ne pr\u00e9voyez pas de consommer les truffes imm\u00e9diatement, nous vous recommandons de les conserver au r\u00e9frig\u00e9rateur \u00e0 une temp\u00e9rature comprise entre 2 et 5 degr\u00e9s. Lorsque les truffes \u00e0 la psilocybine arrivent, elles peuvent \u00eatre conserv\u00e9es pendant au moins un mois (au r\u00e9frig\u00e9rateur). V\u00e9rifiez toujours la date d&rsquo;expiration avant de d\u00e9cider d&rsquo;utiliser les truffes.<\/p>\n<p><strong>Avertissement concernant l&rsquo;utilisation de truffes \u00e0 la psilocybine alt\u00e9rant l&rsquo;esprit<\/strong><\/p>\n<p>Les truffes 100% biologiques peuvent \u00eatre dangereuses pour la sant\u00e9 si elles sont associ\u00e9es \u00e0 certains m\u00e9dicaments, \u00e0 l&rsquo;alcool ou aux inhibiteurs de la MAO. Prenez-vous des m\u00e9dicaments ? Consultez toujours d&rsquo;abord votre m\u00e9decin et lisez la notice de votre m\u00e9dicament afin d&rsquo;\u00e9viter tout risque pour la sant\u00e9. N&rsquo;utilisez pas les truffes magiques si vous \u00eates enceinte ou si vous allaitez. Soyez responsable avec ces truffes uniques et ne les utilisez pas dans la circulation.<\/p>\n","protected":false},"excerpt":{"rendered":"<p>Le m\u00e9lange de truffes Psilocybe Bio 100% Bio, est un m\u00e9lange unique de la Galindoii et de l&rsquo;Atlantis. Ces deux truffes s&rsquo;intensifient \u00e0 mesure que le voyage commence \u00e0 prendre forme. Individuellement, ce sont des esp\u00e8ces de truffes fortes aux effets visuels intenses. La truffe Atlantis est apparent\u00e9e \u00e0 la truffe mexicaine. Cette vari\u00e9t\u00e9 de [&hellip;]<\/p>\n","protected":false},"featured_media":3150,"comment_status":"open","ping_status":"closed","template":"","meta":[],"product_brand":[],"product_cat":[125],"product_tag":[],"class_list":{"0":"post-4992","1":"product","2":"type-product","3":"status-publish","4":"has-post-thumbnail","6":"product_cat-truffes-magiques-bio-xp","8":"first","9":"instock","10":"taxable","11":"shipping-taxable","12":"purchasable","13":"product-type-simple"},"yoast_head":"<!-- This site is optimized with the Yoast SEO Premium plugin v26.4 (Yoast SEO v27.2) - https:\/\/yoast.com\/product\/yoast-seo-premium-wordpress\/ -->\n<title>M\u00e9lange de Truffes Bio 25 Gr - Dutchmicrodosing<\/title>\n<meta name=\"description\" content=\"Le m\u00e9lange de truffes Psilocybe Bio 100% Bio, est un m\u00e9lange unique de la Galindoii et de l&#039;Atlantis. Ces deux truffes s&#039;intensifient \u00e0 mesure que le voyage commence \u00e0 prendre forme. Individuellement, ce sont des esp\u00e8ces de truffes fortes aux effets visuels intenses. La truffe Atlantis est apparent\u00e9e \u00e0 la truffe mexicaine. Cette vari\u00e9t\u00e9 de truffe a \u00e9t\u00e9 d\u00e9couverte pour la premi\u00e8re fois en Am\u00e9rique dans l&#039;\u00c9tat de G\u00e9orgie. La truffe de l&#039;Atlantide peut \u00e9voquer des visions r\u00e9alistes et, m\u00eame \u00e0 forte dose, elle peut provoquer une exp\u00e9rience extracorporelle. Des effets visuels puissants.\" \/>\n<meta name=\"robots\" content=\"index, follow, max-snippet:-1, max-image-preview:large, max-video-preview:-1\" \/>\n<link rel=\"canonical\" href=\"https:\/\/dutchmicrodosing.com\/fr\/truffes-a-la-psilocybine\/truffes-magiques-bio-xp\/melange-bio-truffes\/\" \/>\n<meta property=\"og:locale\" content=\"fr_FR\" \/>\n<meta property=\"og:type\" content=\"article\" \/>\n<meta property=\"og:title\" content=\"M\u00e9lange de Truffes Bio 25 Gr\" \/>\n<meta property=\"og:description\" content=\"Le m\u00e9lange de truffes Psilocybe Bio 100% Bio, est un m\u00e9lange unique de la Galindoii et de l&#039;Atlantis. Ces deux truffes s&#039;intensifient \u00e0 mesure que le\" \/>\n<meta property=\"og:url\" content=\"https:\/\/dutchmicrodosing.com\/fr\/truffes-a-la-psilocybine\/truffes-magiques-bio-xp\/melange-bio-truffes\/\" \/>\n<meta property=\"og:site_name\" content=\"Dutchmicrodosing\" \/>\n<meta property=\"article:publisher\" content=\"https:\/\/www.facebook.com\/Dutchmicrodosingxp\/\" \/>\n<meta property=\"article:modified_time\" content=\"2023-03-11T11:43:55+00:00\" \/>\n<meta property=\"og:image\" content=\"https:\/\/dutchmicrodosing.com\/wp-content\/uploads\/2021\/02\/organicmix-product-truffles.jpg\" \/>\n\t<meta property=\"og:image:width\" content=\"500\" \/>\n\t<meta property=\"og:image:height\" content=\"500\" \/>\n\t<meta property=\"og:image:type\" content=\"image\/jpeg\" \/>\n<meta name=\"twitter:card\" content=\"summary_large_image\" \/>\n<script type=\"application\/ld+json\" class=\"yoast-schema-graph\">{\"@context\":\"https:\/\/schema.org\",\"@graph\":[{\"@type\":\"WebPage\",\"@id\":\"https:\/\/dutchmicrodosing.com\/fr\/truffes-a-la-psilocybine\/truffes-magiques-bio-xp\/melange-bio-truffes\/\",\"url\":\"https:\/\/dutchmicrodosing.com\/fr\/truffes-a-la-psilocybine\/truffes-magiques-bio-xp\/melange-bio-truffes\/\",\"name\":\"M\u00e9lange de Truffes Bio 25 Gr - Dutchmicrodosing\",\"isPartOf\":{\"@id\":\"https:\/\/dutchmicrodosing.com\/fr\/#website\"},\"primaryImageOfPage\":{\"@id\":\"https:\/\/dutchmicrodosing.com\/fr\/truffes-a-la-psilocybine\/truffes-magiques-bio-xp\/melange-bio-truffes\/#primaryimage\"},\"image\":{\"@id\":\"https:\/\/dutchmicrodosing.com\/fr\/truffes-a-la-psilocybine\/truffes-magiques-bio-xp\/melange-bio-truffes\/#primaryimage\"},\"thumbnailUrl\":\"https:\/\/dutchmicrodosing.com\/wp-content\/uploads\/2021\/02\/organicmix-product-truffles.jpg\",\"datePublished\":\"2021-05-04T19:09:19+00:00\",\"dateModified\":\"2023-03-11T11:43:55+00:00\",\"description\":\"Le m\u00e9lange de truffes Psilocybe Bio 100% Bio, est un m\u00e9lange unique de la Galindoii et de l'Atlantis. Ces deux truffes s'intensifient \u00e0 mesure que le voyage commence \u00e0 prendre forme. Individuellement, ce sont des esp\u00e8ces de truffes fortes aux effets visuels intenses. La truffe Atlantis est apparent\u00e9e \u00e0 la truffe mexicaine. Cette vari\u00e9t\u00e9 de truffe a \u00e9t\u00e9 d\u00e9couverte pour la premi\u00e8re fois en Am\u00e9rique dans l'\u00c9tat de G\u00e9orgie. La truffe de l'Atlantide peut \u00e9voquer des visions r\u00e9alistes et, m\u00eame \u00e0 forte dose, elle peut provoquer une exp\u00e9rience extracorporelle. Des effets visuels puissants.\",\"breadcrumb\":{\"@id\":\"https:\/\/dutchmicrodosing.com\/fr\/truffes-a-la-psilocybine\/truffes-magiques-bio-xp\/melange-bio-truffes\/#breadcrumb\"},\"inLanguage\":\"fr-FR\",\"potentialAction\":[{\"@type\":\"ReadAction\",\"target\":[\"https:\/\/dutchmicrodosing.com\/fr\/truffes-a-la-psilocybine\/truffes-magiques-bio-xp\/melange-bio-truffes\/\"]}]},{\"@type\":\"ImageObject\",\"inLanguage\":\"fr-FR\",\"@id\":\"https:\/\/dutchmicrodosing.com\/fr\/truffes-a-la-psilocybine\/truffes-magiques-bio-xp\/melange-bio-truffes\/#primaryimage\",\"url\":\"https:\/\/dutchmicrodosing.com\/wp-content\/uploads\/2021\/02\/organicmix-product-truffles.jpg\",\"contentUrl\":\"https:\/\/dutchmicrodosing.com\/wp-content\/uploads\/2021\/02\/organicmix-product-truffles.jpg\",\"width\":500,\"height\":500},{\"@type\":\"BreadcrumbList\",\"@id\":\"https:\/\/dutchmicrodosing.com\/fr\/truffes-a-la-psilocybine\/truffes-magiques-bio-xp\/melange-bio-truffes\/#breadcrumb\",\"itemListElement\":[{\"@type\":\"ListItem\",\"position\":1,\"name\":\"Home\",\"item\":\"https:\/\/dutchmicrodosing.com\/fr\/\"},{\"@type\":\"ListItem\",\"position\":2,\"name\":\"Boutique\",\"item\":\"https:\/\/dutchmicrodosing.com\/fr\/boutique\/\"},{\"@type\":\"ListItem\",\"position\":3,\"name\":\"M\u00e9lange de Truffes Bio 25 Gr\"}]},{\"@type\":\"WebSite\",\"@id\":\"https:\/\/dutchmicrodosing.com\/fr\/#website\",\"url\":\"https:\/\/dutchmicrodosing.com\/fr\/\",\"name\":\"Dutchmicrodosing\",\"description\":\"\",\"publisher\":{\"@id\":\"https:\/\/dutchmicrodosing.com\/fr\/#organization\"},\"potentialAction\":[{\"@type\":\"SearchAction\",\"target\":{\"@type\":\"EntryPoint\",\"urlTemplate\":\"https:\/\/dutchmicrodosing.com\/fr\/?s={search_term_string}\"},\"query-input\":{\"@type\":\"PropertyValueSpecification\",\"valueRequired\":true,\"valueName\":\"search_term_string\"}}],\"inLanguage\":\"fr-FR\"},{\"@type\":\"Organization\",\"@id\":\"https:\/\/dutchmicrodosing.com\/fr\/#organization\",\"name\":\"Dutchmicrodosing\",\"url\":\"https:\/\/dutchmicrodosing.com\/fr\/\",\"logo\":{\"@type\":\"ImageObject\",\"inLanguage\":\"fr-FR\",\"@id\":\"https:\/\/dutchmicrodosing.com\/fr\/#\/schema\/logo\/image\/\",\"url\":\"https:\/\/dutchmicrodosing.com\/wp-content\/uploads\/2021\/01\/microdosing-categorie-pic-nieuw.jpg\",\"contentUrl\":\"https:\/\/dutchmicrodosing.com\/wp-content\/uploads\/2021\/01\/microdosing-categorie-pic-nieuw.jpg\",\"width\":500,\"height\":500,\"caption\":\"Dutchmicrodosing\"},\"image\":{\"@id\":\"https:\/\/dutchmicrodosing.com\/fr\/#\/schema\/logo\/image\/\"},\"sameAs\":[\"https:\/\/www.facebook.com\/Dutchmicrodosingxp\/\",\"https:\/\/www.instagram.com\/dutchmicrodosing\/\"]}]}<\/script>\n<meta property=\"product:price:amount\" content=\"22.95\" \/>\n<meta property=\"product:price:currency\" content=\"EUR\" \/>\n<meta property=\"og:availability\" content=\"instock\" \/>\n<meta property=\"product:availability\" content=\"instock\" \/>\n<meta property=\"product:retailer_item_id\" content=\"2212122\" \/>\n<meta property=\"product:condition\" content=\"new\" \/>\n<!-- \/ Yoast SEO Premium plugin. -->","yoast_head_json":{"title":"M\u00e9lange de Truffes Bio 25 Gr - Dutchmicrodosing","description":"Le m\u00e9lange de truffes Psilocybe Bio 100% Bio, est un m\u00e9lange unique de la Galindoii et de l'Atlantis. Ces deux truffes s'intensifient \u00e0 mesure que le voyage commence \u00e0 prendre forme. Individuellement, ce sont des esp\u00e8ces de truffes fortes aux effets visuels intenses. La truffe Atlantis est apparent\u00e9e \u00e0 la truffe mexicaine. Cette vari\u00e9t\u00e9 de truffe a \u00e9t\u00e9 d\u00e9couverte pour la premi\u00e8re fois en Am\u00e9rique dans l'\u00c9tat de G\u00e9orgie. La truffe de l'Atlantide peut \u00e9voquer des visions r\u00e9alistes et, m\u00eame \u00e0 forte dose, elle peut provoquer une exp\u00e9rience extracorporelle. Des effets visuels puissants.","robots":{"index":"index","follow":"follow","max-snippet":"max-snippet:-1","max-image-preview":"max-image-preview:large","max-video-preview":"max-video-preview:-1"},"canonical":"https:\/\/dutchmicrodosing.com\/fr\/truffes-a-la-psilocybine\/truffes-magiques-bio-xp\/melange-bio-truffes\/","og_locale":"fr_FR","og_type":"article","og_title":"M\u00e9lange de Truffes Bio 25 Gr","og_description":"Le m\u00e9lange de truffes Psilocybe Bio 100% Bio, est un m\u00e9lange unique de la Galindoii et de l'Atlantis. Ces deux truffes s'intensifient \u00e0 mesure que le","og_url":"https:\/\/dutchmicrodosing.com\/fr\/truffes-a-la-psilocybine\/truffes-magiques-bio-xp\/melange-bio-truffes\/","og_site_name":"Dutchmicrodosing","article_publisher":"https:\/\/www.facebook.com\/Dutchmicrodosingxp\/","article_modified_time":"2023-03-11T11:43:55+00:00","og_image":[{"width":500,"height":500,"url":"https:\/\/dutchmicrodosing.com\/wp-content\/uploads\/2021\/02\/organicmix-product-truffles.jpg","type":"image\/jpeg"}],"twitter_card":"summary_large_image","schema":{"@context":"https:\/\/schema.org","@graph":[{"@type":"WebPage","@id":"https:\/\/dutchmicrodosing.com\/fr\/truffes-a-la-psilocybine\/truffes-magiques-bio-xp\/melange-bio-truffes\/","url":"https:\/\/dutchmicrodosing.com\/fr\/truffes-a-la-psilocybine\/truffes-magiques-bio-xp\/melange-bio-truffes\/","name":"M\u00e9lange de Truffes Bio 25 Gr - Dutchmicrodosing","isPartOf":{"@id":"https:\/\/dutchmicrodosing.com\/fr\/#website"},"primaryImageOfPage":{"@id":"https:\/\/dutchmicrodosing.com\/fr\/truffes-a-la-psilocybine\/truffes-magiques-bio-xp\/melange-bio-truffes\/#primaryimage"},"image":{"@id":"https:\/\/dutchmicrodosing.com\/fr\/truffes-a-la-psilocybine\/truffes-magiques-bio-xp\/melange-bio-truffes\/#primaryimage"},"thumbnailUrl":"https:\/\/dutchmicrodosing.com\/wp-content\/uploads\/2021\/02\/organicmix-product-truffles.jpg","datePublished":"2021-05-04T19:09:19+00:00","dateModified":"2023-03-11T11:43:55+00:00","description":"Le m\u00e9lange de truffes Psilocybe Bio 100% Bio, est un m\u00e9lange unique de la Galindoii et de l'Atlantis. Ces deux truffes s'intensifient \u00e0 mesure que le voyage commence \u00e0 prendre forme. Individuellement, ce sont des esp\u00e8ces de truffes fortes aux effets visuels intenses. La truffe Atlantis est apparent\u00e9e \u00e0 la truffe mexicaine. Cette vari\u00e9t\u00e9 de truffe a \u00e9t\u00e9 d\u00e9couverte pour la premi\u00e8re fois en Am\u00e9rique dans l'\u00c9tat de G\u00e9orgie. La truffe de l'Atlantide peut \u00e9voquer des visions r\u00e9alistes et, m\u00eame \u00e0 forte dose, elle peut provoquer une exp\u00e9rience extracorporelle. Des effets visuels puissants.","breadcrumb":{"@id":"https:\/\/dutchmicrodosing.com\/fr\/truffes-a-la-psilocybine\/truffes-magiques-bio-xp\/melange-bio-truffes\/#breadcrumb"},"inLanguage":"fr-FR","potentialAction":[{"@type":"ReadAction","target":["https:\/\/dutchmicrodosing.com\/fr\/truffes-a-la-psilocybine\/truffes-magiques-bio-xp\/melange-bio-truffes\/"]}]},{"@type":"ImageObject","inLanguage":"fr-FR","@id":"https:\/\/dutchmicrodosing.com\/fr\/truffes-a-la-psilocybine\/truffes-magiques-bio-xp\/melange-bio-truffes\/#primaryimage","url":"https:\/\/dutchmicrodosing.com\/wp-content\/uploads\/2021\/02\/organicmix-product-truffles.jpg","contentUrl":"https:\/\/dutchmicrodosing.com\/wp-content\/uploads\/2021\/02\/organicmix-product-truffles.jpg","width":500,"height":500},{"@type":"BreadcrumbList","@id":"https:\/\/dutchmicrodosing.com\/fr\/truffes-a-la-psilocybine\/truffes-magiques-bio-xp\/melange-bio-truffes\/#breadcrumb","itemListElement":[{"@type":"ListItem","position":1,"name":"Home","item":"https:\/\/dutchmicrodosing.com\/fr\/"},{"@type":"ListItem","position":2,"name":"Boutique","item":"https:\/\/dutchmicrodosing.com\/fr\/boutique\/"},{"@type":"ListItem","position":3,"name":"M\u00e9lange de Truffes Bio 25 Gr"}]},{"@type":"WebSite","@id":"https:\/\/dutchmicrodosing.com\/fr\/#website","url":"https:\/\/dutchmicrodosing.com\/fr\/","name":"Dutchmicrodosing","description":"","publisher":{"@id":"https:\/\/dutchmicrodosing.com\/fr\/#organization"},"potentialAction":[{"@type":"SearchAction","target":{"@type":"EntryPoint","urlTemplate":"https:\/\/dutchmicrodosing.com\/fr\/?s={search_term_string}"},"query-input":{"@type":"PropertyValueSpecification","valueRequired":true,"valueName":"search_term_string"}}],"inLanguage":"fr-FR"},{"@type":"Organization","@id":"https:\/\/dutchmicrodosing.com\/fr\/#organization","name":"Dutchmicrodosing","url":"https:\/\/dutchmicrodosing.com\/fr\/","logo":{"@type":"ImageObject","inLanguage":"fr-FR","@id":"https:\/\/dutchmicrodosing.com\/fr\/#\/schema\/logo\/image\/","url":"https:\/\/dutchmicrodosing.com\/wp-content\/uploads\/2021\/01\/microdosing-categorie-pic-nieuw.jpg","contentUrl":"https:\/\/dutchmicrodosing.com\/wp-content\/uploads\/2021\/01\/microdosing-categorie-pic-nieuw.jpg","width":500,"height":500,"caption":"Dutchmicrodosing"},"image":{"@id":"https:\/\/dutchmicrodosing.com\/fr\/#\/schema\/logo\/image\/"},"sameAs":["https:\/\/www.facebook.com\/Dutchmicrodosingxp\/","https:\/\/www.instagram.com\/dutchmicrodosing\/"]}]},"product_price_amount":"22.95","product_price_currency":"EUR","og_availability":"instock","product_availability":"instock","product_retailer_item_id":"2212122","product_condition":"new"},"_links":{"self":[{"href":"https:\/\/dutchmicrodosing.com\/fr\/wp-json\/wp\/v2\/product\/4992","targetHints":{"allow":["GET"]}}],"collection":[{"href":"https:\/\/dutchmicrodosing.com\/fr\/wp-json\/wp\/v2\/product"}],"about":[{"href":"https:\/\/dutchmicrodosing.com\/fr\/wp-json\/wp\/v2\/types\/product"}],"replies":[{"embeddable":true,"href":"https:\/\/dutchmicrodosing.com\/fr\/wp-json\/wp\/v2\/comments?post=4992"}],"version-history":[{"count":0,"href":"https:\/\/dutchmicrodosing.com\/fr\/wp-json\/wp\/v2\/product\/4992\/revisions"}],"wp:featuredmedia":[{"embeddable":true,"href":"https:\/\/dutchmicrodosing.com\/fr\/wp-json\/wp\/v2\/media\/3150"}],"wp:attachment":[{"href":"https:\/\/dutchmicrodosing.com\/fr\/wp-json\/wp\/v2\/media?parent=4992"}],"wp:term":[{"taxonomy":"product_brand","embeddable":true,"href":"https:\/\/dutchmicrodosing.com\/fr\/wp-json\/wp\/v2\/product_brand?post=4992"},{"taxonomy":"product_cat","embeddable":true,"href":"https:\/\/dutchmicrodosing.com\/fr\/wp-json\/wp\/v2\/product_cat?post=4992"},{"taxonomy":"product_tag","embeddable":true,"href":"https:\/\/dutchmicrodosing.com\/fr\/wp-json\/wp\/v2\/product_tag?post=4992"}],"curies":[{"name":"wp","href":"https:\/\/api.w.org\/{rel}","templated":true}]}}