{"id":50383,"date":"2025-07-04T15:12:09","date_gmt":"2025-07-04T13:12:09","guid":{"rendered":"https:\/\/dutchmicrodosing.com\/shop\/non%20class\u00e9\/royale-flush-golden-bluey-vuitton-growkit\/"},"modified":"2025-08-18T16:53:05","modified_gmt":"2025-08-18T14:53:05","slug":"royale-flush-golden-bluey-vuitton-growkit","status":"publish","type":"product","link":"https:\/\/dutchmicrodosing.com\/fr\/champignons-magiques\/kits-de-culture-speciaux\/royale-flush-golden-bluey-vuitton-growkit\/","title":{"rendered":"Royale Flush Golden Bluey Vuitton Kit de culture"},"content":{"rendered":"<p>Le <strong>Kit de culture Royale Flush Golden Bluey Vuitton<\/strong> est le choix id\u00e9al pour ceux qui recherchent une exp\u00e9rience de culture de champignons exceptionnelle avec un minimum d&rsquo;effort. Gr\u00e2ce \u00e0 la combinaison d&rsquo;une g\u00e9n\u00e9tique exclusive et d&rsquo;une technique de culture avanc\u00e9e, ce kit convient parfaitement aux d\u00e9butants comme aux cultivateurs exp\u00e9riment\u00e9s qui privil\u00e9gient la qualit\u00e9 et la facilit\u00e9.<\/p>\n<h3>Une vari\u00e9t\u00e9 rare aux caract\u00e9ristiques remarquables<\/h3>\n<p>Le Golden Bluey Vuitton est issu d&rsquo;une mutation unique du Bluey Vuitton original. Ce qui rend cette vari\u00e9t\u00e9 si particuli\u00e8re, ce sont ses spores dor\u00e9es extr\u00eamement rares &#8211; une caract\u00e9ristique qu&rsquo;on ne trouve pratiquement nulle part ailleurs dans le monde. La puissante combinaison g\u00e9n\u00e9tique de Panama et MVP assure un cycle de croissance fiable et robuste.<\/p>\n<h3>Une culture sans tracas gr\u00e2ce aux innovations intelligentes<\/h3>\n<p>Ce kit de culture est con\u00e7u pour rendre la culture simple et efficace. Le substrat contient tous les nutriments essentiels, et avec le booster de flush et l&rsquo;hydrogel inclus, vous avez tout ce qu&rsquo;il faut pour une culture r\u00e9ussie. Le guide multilingue &#8211; avec des photo \u00ab s et vid\u00e9o \u00bb s explicites &#8211; vous guide pas \u00e0 pas, quel que soit votre niveau d&rsquo;exp\u00e9rience.<\/p>\n<h3>Caract\u00e9ristiques principales<\/h3>\n<ul>\n<li><strong>Rendement :<\/strong> 400 \u00e0 800 grammes de champignons frais<\/li>\n<li><strong>Temps de croissance :<\/strong> environ 4 \u00e0 5 semaines<\/li>\n<li><strong>Puissance :<\/strong> tr\u00e8s intense<\/li>\n<li><strong>Conservation :<\/strong><br \/>\n&#8211; Jusqu&rsquo;\u00e0 6 semaines hors r\u00e9frig\u00e9rateur (max. 21 \u00b0C)<br \/>\n&#8211; Jusqu&rsquo;\u00e0 6 mois au r\u00e9frig\u00e9rateur (\u00b1 3 \u00b0C)<\/li>\n<\/ul>\n<h3>Que contient exactement le kit ?<\/h3>\n<p>Le kit contient un m\u00e9lange de substrat enti\u00e8rement colonis\u00e9 \u00e0 base de seigle, vermiculite, perlite et la puissante souche Golden Bluey Vuitton. Tout est pr\u00eat \u00e0 l&#8217;emploi pour que vous puissiez commencer imm\u00e9diatement.<\/p>\n<h3>Comment utiliser le kit ?<\/h3>\n<p>Placez le kit de culture dans le sac de culture fourni, maintenez l&rsquo;humidit\u00e9 et installez le kit dans un endroit lumineux et chaud (\u00e9vitez la lumi\u00e8re directe du soleil). Les premiers champignons apparaissent en deux \u00e0 trois semaines. Pour de meilleurs r\u00e9sultats, suivez le guide inclus dans la bo\u00eete ou consultez-le en ligne via ce <span style=\"color: #0000ff\"><a style=\"text-decoration: underline;color: #0000ff\" href=\"https:\/\/royaleflush.nl\/en\/growguide\/?v=1a13105b7e4e\">lien<\/a><\/span>.<\/p>\n<h3>Contenu de l&#8217;emballage<\/h3>\n<ul>\n<li>Kit de culture 1200cc avec substrat enti\u00e8rement colonis\u00e9<\/li>\n<li>Sac de culture avec filtres \u00e0 air<\/li>\n<li>Booster de flush pour un rendement suppl\u00e9mentaire<\/li>\n<li>Hydrogel pour une humidit\u00e9 optimale<\/li>\n<li>Guide multilingue d\u00e9taill\u00e9 avec photos et vid\u00e9os<\/li>\n<\/ul>\n","protected":false},"excerpt":{"rendered":"<p>Le Kit de culture Royale Flush Golden Bluey Vuitton est le choix id\u00e9al pour ceux qui recherchent une exp\u00e9rience de culture de champignons exceptionnelle avec un minimum d&rsquo;effort. Gr\u00e2ce \u00e0 la combinaison d&rsquo;une g\u00e9n\u00e9tique exclusive et d&rsquo;une technique de culture avanc\u00e9e, ce kit convient parfaitement aux d\u00e9butants comme aux cultivateurs exp\u00e9riment\u00e9s qui privil\u00e9gient la qualit\u00e9 [&hellip;]<\/p>\n","protected":false},"featured_media":50333,"comment_status":"closed","ping_status":"closed","template":"","meta":[],"product_brand":[],"product_cat":[410],"product_tag":[],"class_list":{"0":"post-50383","1":"product","2":"type-product","3":"status-publish","4":"has-post-thumbnail","6":"product_cat-kits-de-culture-speciaux","8":"first","9":"instock","10":"taxable","11":"shipping-taxable","12":"purchasable","13":"product-type-simple"},"yoast_head":"<!-- This site is optimized with the Yoast SEO Premium plugin v26.4 (Yoast SEO v27.2) - https:\/\/yoast.com\/product\/yoast-seo-premium-wordpress\/ -->\n<title>Royale Flush Golden Bluey Vuitton Kit de culture - Dutchmicrodosing<\/title>\n<meta name=\"robots\" content=\"index, follow, max-snippet:-1, max-image-preview:large, max-video-preview:-1\" \/>\n<link rel=\"canonical\" href=\"https:\/\/dutchmicrodosing.com\/fr\/champignons-magiques\/kits-de-culture-speciaux\/royale-flush-golden-bluey-vuitton-growkit\/\" \/>\n<meta property=\"og:locale\" content=\"fr_FR\" \/>\n<meta property=\"og:type\" content=\"article\" \/>\n<meta property=\"og:title\" content=\"Royale Flush Golden Bluey Vuitton Kit de culture\" \/>\n<meta property=\"og:description\" content=\"Le Kit de culture Royale Flush Golden Bluey Vuitton est le choix id\u00e9al pour ceux qui recherchent une exp\u00e9rience de culture de champignons exceptionnelle\" \/>\n<meta property=\"og:url\" content=\"https:\/\/dutchmicrodosing.com\/fr\/champignons-magiques\/kits-de-culture-speciaux\/royale-flush-golden-bluey-vuitton-growkit\/\" \/>\n<meta property=\"og:site_name\" content=\"Dutchmicrodosing\" \/>\n<meta property=\"article:publisher\" content=\"https:\/\/www.facebook.com\/Dutchmicrodosingxp\/\" \/>\n<meta property=\"article:modified_time\" content=\"2025-08-18T14:53:05+00:00\" \/>\n<meta property=\"og:image\" content=\"https:\/\/dutchmicrodosing.com\/wp-content\/uploads\/2025\/07\/edfd04fa-0edb-4ba6-9c25-1345d528c386.jpg\" \/>\n\t<meta property=\"og:image:width\" content=\"600\" \/>\n\t<meta property=\"og:image:height\" content=\"399\" \/>\n\t<meta property=\"og:image:type\" content=\"image\/jpeg\" \/>\n<meta name=\"twitter:card\" content=\"summary_large_image\" \/>\n<script type=\"application\/ld+json\" class=\"yoast-schema-graph\">{\"@context\":\"https:\/\/schema.org\",\"@graph\":[{\"@type\":\"WebPage\",\"@id\":\"https:\/\/dutchmicrodosing.com\/fr\/champignons-magiques\/kits-de-culture-speciaux\/royale-flush-golden-bluey-vuitton-growkit\/\",\"url\":\"https:\/\/dutchmicrodosing.com\/fr\/champignons-magiques\/kits-de-culture-speciaux\/royale-flush-golden-bluey-vuitton-growkit\/\",\"name\":\"Royale Flush Golden Bluey Vuitton Kit de culture - Dutchmicrodosing\",\"isPartOf\":{\"@id\":\"https:\/\/dutchmicrodosing.com\/fr\/#website\"},\"primaryImageOfPage\":{\"@id\":\"https:\/\/dutchmicrodosing.com\/fr\/champignons-magiques\/kits-de-culture-speciaux\/royale-flush-golden-bluey-vuitton-growkit\/#primaryimage\"},\"image\":{\"@id\":\"https:\/\/dutchmicrodosing.com\/fr\/champignons-magiques\/kits-de-culture-speciaux\/royale-flush-golden-bluey-vuitton-growkit\/#primaryimage\"},\"thumbnailUrl\":\"https:\/\/dutchmicrodosing.com\/wp-content\/uploads\/2025\/07\/edfd04fa-0edb-4ba6-9c25-1345d528c386.jpg\",\"datePublished\":\"2025-07-04T13:12:09+00:00\",\"dateModified\":\"2025-08-18T14:53:05+00:00\",\"breadcrumb\":{\"@id\":\"https:\/\/dutchmicrodosing.com\/fr\/champignons-magiques\/kits-de-culture-speciaux\/royale-flush-golden-bluey-vuitton-growkit\/#breadcrumb\"},\"inLanguage\":\"fr-FR\",\"potentialAction\":[{\"@type\":\"ReadAction\",\"target\":[\"https:\/\/dutchmicrodosing.com\/fr\/champignons-magiques\/kits-de-culture-speciaux\/royale-flush-golden-bluey-vuitton-growkit\/\"]}]},{\"@type\":\"ImageObject\",\"inLanguage\":\"fr-FR\",\"@id\":\"https:\/\/dutchmicrodosing.com\/fr\/champignons-magiques\/kits-de-culture-speciaux\/royale-flush-golden-bluey-vuitton-growkit\/#primaryimage\",\"url\":\"https:\/\/dutchmicrodosing.com\/wp-content\/uploads\/2025\/07\/edfd04fa-0edb-4ba6-9c25-1345d528c386.jpg\",\"contentUrl\":\"https:\/\/dutchmicrodosing.com\/wp-content\/uploads\/2025\/07\/edfd04fa-0edb-4ba6-9c25-1345d528c386.jpg\",\"width\":600,\"height\":399},{\"@type\":\"BreadcrumbList\",\"@id\":\"https:\/\/dutchmicrodosing.com\/fr\/champignons-magiques\/kits-de-culture-speciaux\/royale-flush-golden-bluey-vuitton-growkit\/#breadcrumb\",\"itemListElement\":[{\"@type\":\"ListItem\",\"position\":1,\"name\":\"Home\",\"item\":\"https:\/\/dutchmicrodosing.com\/fr\/\"},{\"@type\":\"ListItem\",\"position\":2,\"name\":\"Boutique\",\"item\":\"https:\/\/dutchmicrodosing.com\/fr\/boutique\/\"},{\"@type\":\"ListItem\",\"position\":3,\"name\":\"Royale Flush Golden Bluey Vuitton Kit de culture\"}]},{\"@type\":\"WebSite\",\"@id\":\"https:\/\/dutchmicrodosing.com\/fr\/#website\",\"url\":\"https:\/\/dutchmicrodosing.com\/fr\/\",\"name\":\"Dutchmicrodosing\",\"description\":\"\",\"publisher\":{\"@id\":\"https:\/\/dutchmicrodosing.com\/fr\/#organization\"},\"potentialAction\":[{\"@type\":\"SearchAction\",\"target\":{\"@type\":\"EntryPoint\",\"urlTemplate\":\"https:\/\/dutchmicrodosing.com\/fr\/?s={search_term_string}\"},\"query-input\":{\"@type\":\"PropertyValueSpecification\",\"valueRequired\":true,\"valueName\":\"search_term_string\"}}],\"inLanguage\":\"fr-FR\"},{\"@type\":\"Organization\",\"@id\":\"https:\/\/dutchmicrodosing.com\/fr\/#organization\",\"name\":\"Dutchmicrodosing\",\"url\":\"https:\/\/dutchmicrodosing.com\/fr\/\",\"logo\":{\"@type\":\"ImageObject\",\"inLanguage\":\"fr-FR\",\"@id\":\"https:\/\/dutchmicrodosing.com\/fr\/#\/schema\/logo\/image\/\",\"url\":\"https:\/\/dutchmicrodosing.com\/wp-content\/uploads\/2021\/01\/microdosing-categorie-pic-nieuw.jpg\",\"contentUrl\":\"https:\/\/dutchmicrodosing.com\/wp-content\/uploads\/2021\/01\/microdosing-categorie-pic-nieuw.jpg\",\"width\":500,\"height\":500,\"caption\":\"Dutchmicrodosing\"},\"image\":{\"@id\":\"https:\/\/dutchmicrodosing.com\/fr\/#\/schema\/logo\/image\/\"},\"sameAs\":[\"https:\/\/www.facebook.com\/Dutchmicrodosingxp\/\",\"https:\/\/www.instagram.com\/dutchmicrodosing\/\"]}]}<\/script>\n<meta property=\"product:price:amount\" content=\"37.50\" \/>\n<meta property=\"product:price:currency\" content=\"EUR\" \/>\n<meta property=\"og:availability\" content=\"instock\" \/>\n<meta property=\"product:availability\" content=\"instock\" \/>\n<meta property=\"product:retailer_item_id\" content=\"5207755\" \/>\n<meta property=\"product:condition\" content=\"new\" \/>\n<!-- \/ Yoast SEO Premium plugin. -->","yoast_head_json":{"title":"Royale Flush Golden Bluey Vuitton Kit de culture - Dutchmicrodosing","robots":{"index":"index","follow":"follow","max-snippet":"max-snippet:-1","max-image-preview":"max-image-preview:large","max-video-preview":"max-video-preview:-1"},"canonical":"https:\/\/dutchmicrodosing.com\/fr\/champignons-magiques\/kits-de-culture-speciaux\/royale-flush-golden-bluey-vuitton-growkit\/","og_locale":"fr_FR","og_type":"article","og_title":"Royale Flush Golden Bluey Vuitton Kit de culture","og_description":"Le Kit de culture Royale Flush Golden Bluey Vuitton est le choix id\u00e9al pour ceux qui recherchent une exp\u00e9rience de culture de champignons exceptionnelle","og_url":"https:\/\/dutchmicrodosing.com\/fr\/champignons-magiques\/kits-de-culture-speciaux\/royale-flush-golden-bluey-vuitton-growkit\/","og_site_name":"Dutchmicrodosing","article_publisher":"https:\/\/www.facebook.com\/Dutchmicrodosingxp\/","article_modified_time":"2025-08-18T14:53:05+00:00","og_image":[{"width":600,"height":399,"url":"https:\/\/dutchmicrodosing.com\/wp-content\/uploads\/2025\/07\/edfd04fa-0edb-4ba6-9c25-1345d528c386.jpg","type":"image\/jpeg"}],"twitter_card":"summary_large_image","schema":{"@context":"https:\/\/schema.org","@graph":[{"@type":"WebPage","@id":"https:\/\/dutchmicrodosing.com\/fr\/champignons-magiques\/kits-de-culture-speciaux\/royale-flush-golden-bluey-vuitton-growkit\/","url":"https:\/\/dutchmicrodosing.com\/fr\/champignons-magiques\/kits-de-culture-speciaux\/royale-flush-golden-bluey-vuitton-growkit\/","name":"Royale Flush Golden Bluey Vuitton Kit de culture - Dutchmicrodosing","isPartOf":{"@id":"https:\/\/dutchmicrodosing.com\/fr\/#website"},"primaryImageOfPage":{"@id":"https:\/\/dutchmicrodosing.com\/fr\/champignons-magiques\/kits-de-culture-speciaux\/royale-flush-golden-bluey-vuitton-growkit\/#primaryimage"},"image":{"@id":"https:\/\/dutchmicrodosing.com\/fr\/champignons-magiques\/kits-de-culture-speciaux\/royale-flush-golden-bluey-vuitton-growkit\/#primaryimage"},"thumbnailUrl":"https:\/\/dutchmicrodosing.com\/wp-content\/uploads\/2025\/07\/edfd04fa-0edb-4ba6-9c25-1345d528c386.jpg","datePublished":"2025-07-04T13:12:09+00:00","dateModified":"2025-08-18T14:53:05+00:00","breadcrumb":{"@id":"https:\/\/dutchmicrodosing.com\/fr\/champignons-magiques\/kits-de-culture-speciaux\/royale-flush-golden-bluey-vuitton-growkit\/#breadcrumb"},"inLanguage":"fr-FR","potentialAction":[{"@type":"ReadAction","target":["https:\/\/dutchmicrodosing.com\/fr\/champignons-magiques\/kits-de-culture-speciaux\/royale-flush-golden-bluey-vuitton-growkit\/"]}]},{"@type":"ImageObject","inLanguage":"fr-FR","@id":"https:\/\/dutchmicrodosing.com\/fr\/champignons-magiques\/kits-de-culture-speciaux\/royale-flush-golden-bluey-vuitton-growkit\/#primaryimage","url":"https:\/\/dutchmicrodosing.com\/wp-content\/uploads\/2025\/07\/edfd04fa-0edb-4ba6-9c25-1345d528c386.jpg","contentUrl":"https:\/\/dutchmicrodosing.com\/wp-content\/uploads\/2025\/07\/edfd04fa-0edb-4ba6-9c25-1345d528c386.jpg","width":600,"height":399},{"@type":"BreadcrumbList","@id":"https:\/\/dutchmicrodosing.com\/fr\/champignons-magiques\/kits-de-culture-speciaux\/royale-flush-golden-bluey-vuitton-growkit\/#breadcrumb","itemListElement":[{"@type":"ListItem","position":1,"name":"Home","item":"https:\/\/dutchmicrodosing.com\/fr\/"},{"@type":"ListItem","position":2,"name":"Boutique","item":"https:\/\/dutchmicrodosing.com\/fr\/boutique\/"},{"@type":"ListItem","position":3,"name":"Royale Flush Golden Bluey Vuitton Kit de culture"}]},{"@type":"WebSite","@id":"https:\/\/dutchmicrodosing.com\/fr\/#website","url":"https:\/\/dutchmicrodosing.com\/fr\/","name":"Dutchmicrodosing","description":"","publisher":{"@id":"https:\/\/dutchmicrodosing.com\/fr\/#organization"},"potentialAction":[{"@type":"SearchAction","target":{"@type":"EntryPoint","urlTemplate":"https:\/\/dutchmicrodosing.com\/fr\/?s={search_term_string}"},"query-input":{"@type":"PropertyValueSpecification","valueRequired":true,"valueName":"search_term_string"}}],"inLanguage":"fr-FR"},{"@type":"Organization","@id":"https:\/\/dutchmicrodosing.com\/fr\/#organization","name":"Dutchmicrodosing","url":"https:\/\/dutchmicrodosing.com\/fr\/","logo":{"@type":"ImageObject","inLanguage":"fr-FR","@id":"https:\/\/dutchmicrodosing.com\/fr\/#\/schema\/logo\/image\/","url":"https:\/\/dutchmicrodosing.com\/wp-content\/uploads\/2021\/01\/microdosing-categorie-pic-nieuw.jpg","contentUrl":"https:\/\/dutchmicrodosing.com\/wp-content\/uploads\/2021\/01\/microdosing-categorie-pic-nieuw.jpg","width":500,"height":500,"caption":"Dutchmicrodosing"},"image":{"@id":"https:\/\/dutchmicrodosing.com\/fr\/#\/schema\/logo\/image\/"},"sameAs":["https:\/\/www.facebook.com\/Dutchmicrodosingxp\/","https:\/\/www.instagram.com\/dutchmicrodosing\/"]}]},"product_price_amount":"37.50","product_price_currency":"EUR","og_availability":"instock","product_availability":"instock","product_retailer_item_id":"5207755","product_condition":"new"},"_links":{"self":[{"href":"https:\/\/dutchmicrodosing.com\/fr\/wp-json\/wp\/v2\/product\/50383","targetHints":{"allow":["GET"]}}],"collection":[{"href":"https:\/\/dutchmicrodosing.com\/fr\/wp-json\/wp\/v2\/product"}],"about":[{"href":"https:\/\/dutchmicrodosing.com\/fr\/wp-json\/wp\/v2\/types\/product"}],"replies":[{"embeddable":true,"href":"https:\/\/dutchmicrodosing.com\/fr\/wp-json\/wp\/v2\/comments?post=50383"}],"version-history":[{"count":0,"href":"https:\/\/dutchmicrodosing.com\/fr\/wp-json\/wp\/v2\/product\/50383\/revisions"}],"wp:featuredmedia":[{"embeddable":true,"href":"https:\/\/dutchmicrodosing.com\/fr\/wp-json\/wp\/v2\/media\/50333"}],"wp:attachment":[{"href":"https:\/\/dutchmicrodosing.com\/fr\/wp-json\/wp\/v2\/media?parent=50383"}],"wp:term":[{"taxonomy":"product_brand","embeddable":true,"href":"https:\/\/dutchmicrodosing.com\/fr\/wp-json\/wp\/v2\/product_brand?post=50383"},{"taxonomy":"product_cat","embeddable":true,"href":"https:\/\/dutchmicrodosing.com\/fr\/wp-json\/wp\/v2\/product_cat?post=50383"},{"taxonomy":"product_tag","embeddable":true,"href":"https:\/\/dutchmicrodosing.com\/fr\/wp-json\/wp\/v2\/product_tag?post=50383"}],"curies":[{"name":"wp","href":"https:\/\/api.w.org\/{rel}","templated":true}]}}