{"id":50421,"date":"2025-07-07T10:30:58","date_gmt":"2025-07-07T08:30:58","guid":{"rendered":"https:\/\/dutchmicrodosing.com\/shop\/non%20class\u00e9\/royale-flush-iceberg-growkit\/"},"modified":"2025-08-18T16:53:15","modified_gmt":"2025-08-18T14:53:15","slug":"royale-flush-iceberg-growkit","status":"publish","type":"product","link":"https:\/\/dutchmicrodosing.com\/fr\/champignons-magiques\/kits-de-culture-speciaux\/royale-flush-iceberg-growkit\/","title":{"rendered":"Kit de culture Royale Flush Iceberg"},"content":{"rendered":"<p>Avec le <strong>kit de culture Royale Flush Iceberg<\/strong>, vous accueillez chez vous une vari\u00e9t\u00e9 de champignons exceptionnelle et puissante. Ce kit de culture est sp\u00e9cialement con\u00e7u pour une culture simple et r\u00e9ussie, quel que soit votre niveau d&rsquo;exp\u00e9rience. L&rsquo;Iceberg est une vari\u00e9t\u00e9 albinos rare qui se distingue par son apparence unique et est appr\u00e9ci\u00e9e pour ses effets \u00e9quilibr\u00e9s.<\/p>\n<h3>Champignon albinos exceptionnel \u00e0 la croissance fiable<\/h3>\n<p>L&rsquo;Iceberg est une vari\u00e9t\u00e9 albinos du Tha\u00ef Lipa Yai, une esp\u00e8ce originaire de Tha\u00eflande. Gr\u00e2ce \u00e0 des ann\u00e9es de culture s\u00e9lective, cette vari\u00e9t\u00e9 s&rsquo;est d\u00e9velopp\u00e9e en une esp\u00e8ce constante avec une apparence impressionnante : des chapeaux p\u00e2les et effiloch\u00e9s \u00e0 l&rsquo;aspect presque glacial. Un choix populaire parmi les connaisseurs de vari\u00e9t\u00e9s particuli\u00e8res.<\/p>\n<h3>Culture facile sans soucis<\/h3>\n<p>Gr\u00e2ce \u00e0 la technologie intelligente de Royale Flush, ce kit de culture est tr\u00e8s convivial. Le substrat est riche en nutriments et la base g\u00e9n\u00e9tique est de premi\u00e8re qualit\u00e9. M\u00eame sans exp\u00e9rience en culture, vous pouvez obtenir d&rsquo;excellents r\u00e9sultats avec ce kit. L&rsquo;Iceberg n\u00e9cessite un entretien minimal et produit une r\u00e9colte abondante.<\/p>\n<h3>Sp\u00e9cifications importantes<\/h3>\n<ul>\n<li><strong>Rendement :<\/strong> 400 &#8211; 800 grammes<\/li>\n<li><strong>Temps de croissance :<\/strong> 2 \u00e0 3 semaines<\/li>\n<li><strong>Puissance :<\/strong> Moyenne<\/li>\n<li><strong>Conservation :<\/strong><br \/>\n&#8211; Non r\u00e9frig\u00e9r\u00e9 : jusqu&rsquo;\u00e0 6 semaines (max. 21\u00b0C)<br \/>\n&#8211; Au r\u00e9frig\u00e9rateur : jusqu&rsquo;\u00e0 6 mois (\u00e0 3\u00b0C)<\/li>\n<\/ul>\n<h3>Ingr\u00e9dients et composition<\/h3>\n<p>Le kit contient un substrat enti\u00e8rement colonis\u00e9, compos\u00e9 de seigle, de perlite, de vermiculite et de spores actives du champignon Iceberg. Tout est d\u00e9j\u00e0 pr\u00e9par\u00e9 pour que vous puissiez commencer imm\u00e9diatement.<\/p>\n<h3>Manuel de l&rsquo;utilisateur<\/h3>\n<p>Placez le kit de culture dans le sac de culture fourni et assurez une humidit\u00e9 suffisante. Placez le kit dans un endroit lumineux et chaud (\u00e9vitez la lumi\u00e8re directe du soleil). Les premiers champignons appara\u00eetront dans un d\u00e9lai de 2 \u00e0 3 semaines. Pour de meilleurs r\u00e9sultats, suivez le manuel (fourni ou disponible en ligne via ce lien : <span style=\"text-decoration: underline;color: #0000ff\"><a style=\"color: #0000ff;text-decoration: underline\" href=\"https:\/\/royaleflush.nl\/growguide\/?v=1a13105b7e4e\">Manuel<\/a><\/span>) avec des instructions claires et des photos.<\/p>\n<h3>Que contient la bo\u00eete ?<\/h3>\n<ul>\n<li>Kit de culture 1200cc avec substrat enti\u00e8rement colonis\u00e9<\/li>\n<li>Sac de culture avec filtres \u00e0 air<\/li>\n<li>Booster de flush<\/li>\n<li>Hydrogel pour un \u00e9quilibre hydrique optimal<\/li>\n<li>Manuel en plusieurs langues<\/li>\n<\/ul>\n","protected":false},"excerpt":{"rendered":"<p>Avec le kit de culture Royale Flush Iceberg, vous accueillez chez vous une vari\u00e9t\u00e9 de champignons exceptionnelle et puissante. Ce kit de culture est sp\u00e9cialement con\u00e7u pour une culture simple et r\u00e9ussie, quel que soit votre niveau d&rsquo;exp\u00e9rience. L&rsquo;Iceberg est une vari\u00e9t\u00e9 albinos rare qui se distingue par son apparence unique et est appr\u00e9ci\u00e9e pour [&hellip;]<\/p>\n","protected":false},"featured_media":50404,"comment_status":"closed","ping_status":"closed","template":"","meta":[],"product_brand":[],"product_cat":[410],"product_tag":[],"class_list":{"0":"post-50421","1":"product","2":"type-product","3":"status-publish","4":"has-post-thumbnail","6":"product_cat-kits-de-culture-speciaux","8":"first","9":"instock","10":"taxable","11":"shipping-taxable","12":"purchasable","13":"product-type-simple"},"yoast_head":"<!-- This site is optimized with the Yoast SEO Premium plugin v26.4 (Yoast SEO v27.4) - https:\/\/yoast.com\/product\/yoast-seo-premium-wordpress\/ -->\n<title>Kit de culture Royale Flush Iceberg - Dutchmicrodosing<\/title>\n<meta name=\"description\" content=\"D\u00e9couvrez le kit de culture Royale Flush Iceberg unique ! Culture facile, rendement \u00e9lev\u00e9 (400-800g), et pr\u00eat \u00e0 l&#039;emploi. Id\u00e9al pour les d\u00e9butants et les connaisseurs.\" \/>\n<meta name=\"robots\" content=\"index, follow, max-snippet:-1, max-image-preview:large, max-video-preview:-1\" \/>\n<link rel=\"canonical\" href=\"https:\/\/dutchmicrodosing.com\/fr\/champignons-magiques\/kits-de-culture-speciaux\/royale-flush-iceberg-growkit\/\" \/>\n<meta property=\"og:locale\" content=\"fr_FR\" \/>\n<meta property=\"og:type\" content=\"article\" \/>\n<meta property=\"og:title\" content=\"Kit de culture Royale Flush Iceberg\" \/>\n<meta property=\"og:description\" content=\"Avec le kit de culture Royale Flush Iceberg, vous accueillez chez vous une vari\u00e9t\u00e9 de champignons exceptionnelle et puissante. Ce kit de culture est\" \/>\n<meta property=\"og:url\" content=\"https:\/\/dutchmicrodosing.com\/fr\/champignons-magiques\/kits-de-culture-speciaux\/royale-flush-iceberg-growkit\/\" \/>\n<meta property=\"og:site_name\" content=\"Dutchmicrodosing\" \/>\n<meta property=\"article:publisher\" content=\"https:\/\/www.facebook.com\/Dutchmicrodosingxp\/\" \/>\n<meta property=\"article:modified_time\" content=\"2025-08-18T14:53:15+00:00\" \/>\n<meta property=\"og:image\" content=\"https:\/\/dutchmicrodosing.com\/wp-content\/uploads\/2025\/07\/RoyaleFlush1200ccgrowkit-600x400-1.jpg\" \/>\n\t<meta property=\"og:image:width\" content=\"600\" \/>\n\t<meta property=\"og:image:height\" content=\"400\" \/>\n\t<meta property=\"og:image:type\" content=\"image\/jpeg\" \/>\n<meta name=\"twitter:card\" content=\"summary_large_image\" \/>\n<script type=\"application\/ld+json\" class=\"yoast-schema-graph\">{\"@context\":\"https:\\\/\\\/schema.org\",\"@graph\":[{\"@type\":\"WebPage\",\"@id\":\"https:\\\/\\\/dutchmicrodosing.com\\\/fr\\\/champignons-magiques\\\/kits-de-culture-speciaux\\\/royale-flush-iceberg-growkit\\\/\",\"url\":\"https:\\\/\\\/dutchmicrodosing.com\\\/fr\\\/champignons-magiques\\\/kits-de-culture-speciaux\\\/royale-flush-iceberg-growkit\\\/\",\"name\":\"Kit de culture Royale Flush Iceberg - Dutchmicrodosing\",\"isPartOf\":{\"@id\":\"https:\\\/\\\/dutchmicrodosing.com\\\/fr\\\/#website\"},\"primaryImageOfPage\":{\"@id\":\"https:\\\/\\\/dutchmicrodosing.com\\\/fr\\\/champignons-magiques\\\/kits-de-culture-speciaux\\\/royale-flush-iceberg-growkit\\\/#primaryimage\"},\"image\":{\"@id\":\"https:\\\/\\\/dutchmicrodosing.com\\\/fr\\\/champignons-magiques\\\/kits-de-culture-speciaux\\\/royale-flush-iceberg-growkit\\\/#primaryimage\"},\"thumbnailUrl\":\"https:\\\/\\\/dutchmicrodosing.com\\\/wp-content\\\/uploads\\\/2025\\\/07\\\/RoyaleFlush1200ccgrowkit-600x400-1.jpg\",\"datePublished\":\"2025-07-07T08:30:58+00:00\",\"dateModified\":\"2025-08-18T14:53:15+00:00\",\"description\":\"D\u00e9couvrez le kit de culture Royale Flush Iceberg unique ! Culture facile, rendement \u00e9lev\u00e9 (400-800g), et pr\u00eat \u00e0 l'emploi. Id\u00e9al pour les d\u00e9butants et les connaisseurs.\",\"breadcrumb\":{\"@id\":\"https:\\\/\\\/dutchmicrodosing.com\\\/fr\\\/champignons-magiques\\\/kits-de-culture-speciaux\\\/royale-flush-iceberg-growkit\\\/#breadcrumb\"},\"inLanguage\":\"fr-FR\",\"potentialAction\":[{\"@type\":\"ReadAction\",\"target\":[\"https:\\\/\\\/dutchmicrodosing.com\\\/fr\\\/champignons-magiques\\\/kits-de-culture-speciaux\\\/royale-flush-iceberg-growkit\\\/\"]}]},{\"@type\":\"ImageObject\",\"inLanguage\":\"fr-FR\",\"@id\":\"https:\\\/\\\/dutchmicrodosing.com\\\/fr\\\/champignons-magiques\\\/kits-de-culture-speciaux\\\/royale-flush-iceberg-growkit\\\/#primaryimage\",\"url\":\"https:\\\/\\\/dutchmicrodosing.com\\\/wp-content\\\/uploads\\\/2025\\\/07\\\/RoyaleFlush1200ccgrowkit-600x400-1.jpg\",\"contentUrl\":\"https:\\\/\\\/dutchmicrodosing.com\\\/wp-content\\\/uploads\\\/2025\\\/07\\\/RoyaleFlush1200ccgrowkit-600x400-1.jpg\",\"width\":600,\"height\":400},{\"@type\":\"BreadcrumbList\",\"@id\":\"https:\\\/\\\/dutchmicrodosing.com\\\/fr\\\/champignons-magiques\\\/kits-de-culture-speciaux\\\/royale-flush-iceberg-growkit\\\/#breadcrumb\",\"itemListElement\":[{\"@type\":\"ListItem\",\"position\":1,\"name\":\"Home\",\"item\":\"https:\\\/\\\/dutchmicrodosing.com\\\/fr\\\/\"},{\"@type\":\"ListItem\",\"position\":2,\"name\":\"Boutique\",\"item\":\"https:\\\/\\\/dutchmicrodosing.com\\\/fr\\\/boutique\\\/\"},{\"@type\":\"ListItem\",\"position\":3,\"name\":\"Kit de culture Royale Flush Iceberg\"}]},{\"@type\":\"WebSite\",\"@id\":\"https:\\\/\\\/dutchmicrodosing.com\\\/fr\\\/#website\",\"url\":\"https:\\\/\\\/dutchmicrodosing.com\\\/fr\\\/\",\"name\":\"Dutchmicrodosing\",\"description\":\"\",\"publisher\":{\"@id\":\"https:\\\/\\\/dutchmicrodosing.com\\\/fr\\\/#organization\"},\"potentialAction\":[{\"@type\":\"SearchAction\",\"target\":{\"@type\":\"EntryPoint\",\"urlTemplate\":\"https:\\\/\\\/dutchmicrodosing.com\\\/fr\\\/?s={search_term_string}\"},\"query-input\":{\"@type\":\"PropertyValueSpecification\",\"valueRequired\":true,\"valueName\":\"search_term_string\"}}],\"inLanguage\":\"fr-FR\"},{\"@type\":\"Organization\",\"@id\":\"https:\\\/\\\/dutchmicrodosing.com\\\/fr\\\/#organization\",\"name\":\"Dutchmicrodosing\",\"url\":\"https:\\\/\\\/dutchmicrodosing.com\\\/fr\\\/\",\"logo\":{\"@type\":\"ImageObject\",\"inLanguage\":\"fr-FR\",\"@id\":\"https:\\\/\\\/dutchmicrodosing.com\\\/fr\\\/#\\\/schema\\\/logo\\\/image\\\/\",\"url\":\"https:\\\/\\\/dutchmicrodosing.com\\\/wp-content\\\/uploads\\\/2021\\\/01\\\/microdosing-categorie-pic-nieuw.jpg\",\"contentUrl\":\"https:\\\/\\\/dutchmicrodosing.com\\\/wp-content\\\/uploads\\\/2021\\\/01\\\/microdosing-categorie-pic-nieuw.jpg\",\"width\":500,\"height\":500,\"caption\":\"Dutchmicrodosing\"},\"image\":{\"@id\":\"https:\\\/\\\/dutchmicrodosing.com\\\/fr\\\/#\\\/schema\\\/logo\\\/image\\\/\"},\"sameAs\":[\"https:\\\/\\\/www.facebook.com\\\/Dutchmicrodosingxp\\\/\",\"https:\\\/\\\/www.instagram.com\\\/dutchmicrodosing\\\/\"]}]}<\/script>\n<meta property=\"product:price:amount\" content=\"37.50\" \/>\n<meta property=\"product:price:currency\" content=\"EUR\" \/>\n<meta property=\"og:availability\" content=\"instock\" \/>\n<meta property=\"product:availability\" content=\"instock\" \/>\n<meta property=\"product:retailer_item_id\" content=\"5207189\" \/>\n<meta property=\"product:condition\" content=\"new\" \/>\n<!-- \/ Yoast SEO Premium plugin. -->","yoast_head_json":{"title":"Kit de culture Royale Flush Iceberg - Dutchmicrodosing","description":"D\u00e9couvrez le kit de culture Royale Flush Iceberg unique ! Culture facile, rendement \u00e9lev\u00e9 (400-800g), et pr\u00eat \u00e0 l'emploi. Id\u00e9al pour les d\u00e9butants et les connaisseurs.","robots":{"index":"index","follow":"follow","max-snippet":"max-snippet:-1","max-image-preview":"max-image-preview:large","max-video-preview":"max-video-preview:-1"},"canonical":"https:\/\/dutchmicrodosing.com\/fr\/champignons-magiques\/kits-de-culture-speciaux\/royale-flush-iceberg-growkit\/","og_locale":"fr_FR","og_type":"article","og_title":"Kit de culture Royale Flush Iceberg","og_description":"Avec le kit de culture Royale Flush Iceberg, vous accueillez chez vous une vari\u00e9t\u00e9 de champignons exceptionnelle et puissante. Ce kit de culture est","og_url":"https:\/\/dutchmicrodosing.com\/fr\/champignons-magiques\/kits-de-culture-speciaux\/royale-flush-iceberg-growkit\/","og_site_name":"Dutchmicrodosing","article_publisher":"https:\/\/www.facebook.com\/Dutchmicrodosingxp\/","article_modified_time":"2025-08-18T14:53:15+00:00","og_image":[{"width":600,"height":400,"url":"https:\/\/dutchmicrodosing.com\/wp-content\/uploads\/2025\/07\/RoyaleFlush1200ccgrowkit-600x400-1.jpg","type":"image\/jpeg"}],"twitter_card":"summary_large_image","schema":{"@context":"https:\/\/schema.org","@graph":[{"@type":"WebPage","@id":"https:\/\/dutchmicrodosing.com\/fr\/champignons-magiques\/kits-de-culture-speciaux\/royale-flush-iceberg-growkit\/","url":"https:\/\/dutchmicrodosing.com\/fr\/champignons-magiques\/kits-de-culture-speciaux\/royale-flush-iceberg-growkit\/","name":"Kit de culture Royale Flush Iceberg - Dutchmicrodosing","isPartOf":{"@id":"https:\/\/dutchmicrodosing.com\/fr\/#website"},"primaryImageOfPage":{"@id":"https:\/\/dutchmicrodosing.com\/fr\/champignons-magiques\/kits-de-culture-speciaux\/royale-flush-iceberg-growkit\/#primaryimage"},"image":{"@id":"https:\/\/dutchmicrodosing.com\/fr\/champignons-magiques\/kits-de-culture-speciaux\/royale-flush-iceberg-growkit\/#primaryimage"},"thumbnailUrl":"https:\/\/dutchmicrodosing.com\/wp-content\/uploads\/2025\/07\/RoyaleFlush1200ccgrowkit-600x400-1.jpg","datePublished":"2025-07-07T08:30:58+00:00","dateModified":"2025-08-18T14:53:15+00:00","description":"D\u00e9couvrez le kit de culture Royale Flush Iceberg unique ! Culture facile, rendement \u00e9lev\u00e9 (400-800g), et pr\u00eat \u00e0 l'emploi. Id\u00e9al pour les d\u00e9butants et les connaisseurs.","breadcrumb":{"@id":"https:\/\/dutchmicrodosing.com\/fr\/champignons-magiques\/kits-de-culture-speciaux\/royale-flush-iceberg-growkit\/#breadcrumb"},"inLanguage":"fr-FR","potentialAction":[{"@type":"ReadAction","target":["https:\/\/dutchmicrodosing.com\/fr\/champignons-magiques\/kits-de-culture-speciaux\/royale-flush-iceberg-growkit\/"]}]},{"@type":"ImageObject","inLanguage":"fr-FR","@id":"https:\/\/dutchmicrodosing.com\/fr\/champignons-magiques\/kits-de-culture-speciaux\/royale-flush-iceberg-growkit\/#primaryimage","url":"https:\/\/dutchmicrodosing.com\/wp-content\/uploads\/2025\/07\/RoyaleFlush1200ccgrowkit-600x400-1.jpg","contentUrl":"https:\/\/dutchmicrodosing.com\/wp-content\/uploads\/2025\/07\/RoyaleFlush1200ccgrowkit-600x400-1.jpg","width":600,"height":400},{"@type":"BreadcrumbList","@id":"https:\/\/dutchmicrodosing.com\/fr\/champignons-magiques\/kits-de-culture-speciaux\/royale-flush-iceberg-growkit\/#breadcrumb","itemListElement":[{"@type":"ListItem","position":1,"name":"Home","item":"https:\/\/dutchmicrodosing.com\/fr\/"},{"@type":"ListItem","position":2,"name":"Boutique","item":"https:\/\/dutchmicrodosing.com\/fr\/boutique\/"},{"@type":"ListItem","position":3,"name":"Kit de culture Royale Flush Iceberg"}]},{"@type":"WebSite","@id":"https:\/\/dutchmicrodosing.com\/fr\/#website","url":"https:\/\/dutchmicrodosing.com\/fr\/","name":"Dutchmicrodosing","description":"","publisher":{"@id":"https:\/\/dutchmicrodosing.com\/fr\/#organization"},"potentialAction":[{"@type":"SearchAction","target":{"@type":"EntryPoint","urlTemplate":"https:\/\/dutchmicrodosing.com\/fr\/?s={search_term_string}"},"query-input":{"@type":"PropertyValueSpecification","valueRequired":true,"valueName":"search_term_string"}}],"inLanguage":"fr-FR"},{"@type":"Organization","@id":"https:\/\/dutchmicrodosing.com\/fr\/#organization","name":"Dutchmicrodosing","url":"https:\/\/dutchmicrodosing.com\/fr\/","logo":{"@type":"ImageObject","inLanguage":"fr-FR","@id":"https:\/\/dutchmicrodosing.com\/fr\/#\/schema\/logo\/image\/","url":"https:\/\/dutchmicrodosing.com\/wp-content\/uploads\/2021\/01\/microdosing-categorie-pic-nieuw.jpg","contentUrl":"https:\/\/dutchmicrodosing.com\/wp-content\/uploads\/2021\/01\/microdosing-categorie-pic-nieuw.jpg","width":500,"height":500,"caption":"Dutchmicrodosing"},"image":{"@id":"https:\/\/dutchmicrodosing.com\/fr\/#\/schema\/logo\/image\/"},"sameAs":["https:\/\/www.facebook.com\/Dutchmicrodosingxp\/","https:\/\/www.instagram.com\/dutchmicrodosing\/"]}]},"product_price_amount":"37.50","product_price_currency":"EUR","og_availability":"instock","product_availability":"instock","product_retailer_item_id":"5207189","product_condition":"new"},"_links":{"self":[{"href":"https:\/\/dutchmicrodosing.com\/fr\/wp-json\/wp\/v2\/product\/50421","targetHints":{"allow":["GET"]}}],"collection":[{"href":"https:\/\/dutchmicrodosing.com\/fr\/wp-json\/wp\/v2\/product"}],"about":[{"href":"https:\/\/dutchmicrodosing.com\/fr\/wp-json\/wp\/v2\/types\/product"}],"replies":[{"embeddable":true,"href":"https:\/\/dutchmicrodosing.com\/fr\/wp-json\/wp\/v2\/comments?post=50421"}],"version-history":[{"count":0,"href":"https:\/\/dutchmicrodosing.com\/fr\/wp-json\/wp\/v2\/product\/50421\/revisions"}],"wp:featuredmedia":[{"embeddable":true,"href":"https:\/\/dutchmicrodosing.com\/fr\/wp-json\/wp\/v2\/media\/50404"}],"wp:attachment":[{"href":"https:\/\/dutchmicrodosing.com\/fr\/wp-json\/wp\/v2\/media?parent=50421"}],"wp:term":[{"taxonomy":"product_brand","embeddable":true,"href":"https:\/\/dutchmicrodosing.com\/fr\/wp-json\/wp\/v2\/product_brand?post=50421"},{"taxonomy":"product_cat","embeddable":true,"href":"https:\/\/dutchmicrodosing.com\/fr\/wp-json\/wp\/v2\/product_cat?post=50421"},{"taxonomy":"product_tag","embeddable":true,"href":"https:\/\/dutchmicrodosing.com\/fr\/wp-json\/wp\/v2\/product_tag?post=50421"}],"curies":[{"name":"wp","href":"https:\/\/api.w.org\/{rel}","templated":true}]}}