{"id":52491,"date":"2025-08-04T08:50:27","date_gmt":"2025-08-04T06:50:27","guid":{"rendered":"https:\/\/dutchmicrodosing.com\/product\/premium-kratom-gummies-energie\/"},"modified":"2026-03-11T00:04:50","modified_gmt":"2026-03-10T23:04:50","slug":"premium-kratom-gummies-energie","status":"publish","type":"product","link":"https:\/\/dutchmicrodosing.com\/fr\/herbes-botaniques\/kratom\/premium-kratom-gummies-energie\/","title":{"rendered":"Premium Kratom Gummies &#8211; Energie"},"content":{"rendered":"<p>Les <strong>Premium Kratom Gummies &#8211; Energy<\/strong> sont le choix id\u00e9al pour ceux qui recherchent un regain d&rsquo;\u00e9nergie naturel sous une forme facile \u00e0 utiliser et savoureuse. Avec son go\u00fbt de cerise fra\u00eeche et sa forme reconnaissable de feuille de kratom, ce produit allie commodit\u00e9, saveur et efficacit\u00e9 &#8211; sans l&rsquo;arri\u00e8re-go\u00fbt amer de la poudre de kratom classique.<\/p>\n<h3>Caract\u00e9ristiques Premium Kratom Gummies &#8211; Energie<\/h3>\n<p>Ces gommes sont parfaites pour les d\u00e9placements, le travail ou une journ\u00e9e bien remplie. Gr\u00e2ce au dosage pr\u00e9cis, vous savez exactement ce que vous prenez et pouvez facilement r\u00e9pondre \u00e0 vos besoins personnels. Une solution id\u00e9ale pour les utilisateurs de kratom, qu&rsquo;ils soient novices ou exp\u00e9riment\u00e9s.<\/p>\n<ul>\n<li>6 gommes par paquet, soit un total de 300 mg d&rsquo;extrait de cratome<\/li>\n<li>Go\u00fbt rafra\u00eechissant de cerise &#8211; pas d&rsquo;arri\u00e8re-go\u00fbt amer<\/li>\n<li>Forme d&rsquo;une feuille de kratom<\/li>\n<li>Dosage pr\u00e9cis et facilit\u00e9 d&rsquo;utilisation<\/li>\n<li>Convient \u00e0 tous les moments o\u00f9 vous avez besoin d&rsquo;un suppl\u00e9ment d&rsquo;\u00e9nergie<\/li>\n<\/ul>\n<h3>Ingr\u00e9dients et\/ou composition<\/h3>\n<p>Extrait de kratom (Mitragyna speciosa), sucre, ar\u00f4mes naturels (cerise), colorants, autres excipients. Voir la liste compl\u00e8te des ingr\u00e9dients sur l&#8217;emballage.<\/p>\n<h3>Utilisation<\/h3>\n<p>Commencez par une gomme pour tester la r\u00e9action de votre corps. Ne pas utiliser plus que la quantit\u00e9 recommand\u00e9e. Tenez toujours compte de votre sensibilit\u00e9 personnelle et du but de l&rsquo;utilisation.<\/p>\n<h3>Contenu<\/h3>\n<ul>\n<li>1 paquet contient 6 gommes<\/li>\n<li>Total 300 mg d&rsquo;extrait de cratome<\/li>\n<\/ul>\n<h3>Avis de non-responsabilit\u00e9<\/h3>\n<p><em>Le contenu de ce texte est fourni \u00e0 titre d&rsquo;information uniquement et ne remplace pas les conseils d&rsquo;un professionnel. Ce produit n&rsquo;est pas un m\u00e9dicament et n&rsquo;est pas destin\u00e9 \u00e0 diagnostiquer, traiter ou gu\u00e9rir une quelconque condition m\u00e9dicale.<\/em><\/p>\n","protected":false},"excerpt":{"rendered":"<p>Les Premium Kratom Gummies &#8211; Energy sont le choix id\u00e9al pour ceux qui recherchent un regain d&rsquo;\u00e9nergie naturel sous une forme facile \u00e0 utiliser et savoureuse. Avec son go\u00fbt de cerise fra\u00eeche et sa forme reconnaissable de feuille de kratom, ce produit allie commodit\u00e9, saveur et efficacit\u00e9 &#8211; sans l&rsquo;arri\u00e8re-go\u00fbt amer de la poudre de [&hellip;]<\/p>\n","protected":false},"featured_media":52470,"comment_status":"closed","ping_status":"closed","template":"","meta":[],"product_brand":[],"product_cat":[417],"product_tag":[],"class_list":{"0":"post-52491","1":"product","2":"type-product","3":"status-publish","4":"has-post-thumbnail","6":"product_cat-kratom","8":"first","9":"instock","10":"taxable","11":"shipping-taxable","12":"purchasable","13":"product-type-simple"},"yoast_head":"<!-- This site is optimized with the Yoast SEO Premium plugin v26.4 (Yoast SEO v27.2) - https:\/\/yoast.com\/product\/yoast-seo-premium-wordpress\/ -->\n<title>Premium Kratom Gummies - Energie - Dutchmicrodosing<\/title>\n<meta name=\"description\" content=\"Premium Kratom Gummies - Energie. De d\u00e9licieuses gommes au kratom pour un regain d&#039;\u00e9nergie naturel, pratique et discret.\" \/>\n<meta name=\"robots\" content=\"index, follow, max-snippet:-1, max-image-preview:large, max-video-preview:-1\" \/>\n<link rel=\"canonical\" href=\"https:\/\/dutchmicrodosing.com\/fr\/herbes-botaniques\/kratom\/premium-kratom-gummies-energie\/\" \/>\n<meta property=\"og:locale\" content=\"fr_FR\" \/>\n<meta property=\"og:type\" content=\"article\" \/>\n<meta property=\"og:title\" content=\"Premium Kratom Gummies - Energie\" \/>\n<meta property=\"og:description\" content=\"Les Premium Kratom Gummies - Energy sont le choix id\u00e9al pour ceux qui recherchent un regain d&#039;\u00e9nergie naturel sous une forme facile \u00e0 utiliser et\" \/>\n<meta property=\"og:url\" content=\"https:\/\/dutchmicrodosing.com\/fr\/herbes-botaniques\/kratom\/premium-kratom-gummies-energie\/\" \/>\n<meta property=\"og:site_name\" content=\"Dutchmicrodosing\" \/>\n<meta property=\"article:publisher\" content=\"https:\/\/www.facebook.com\/Dutchmicrodosingxp\/\" \/>\n<meta property=\"article:modified_time\" content=\"2026-03-10T23:04:50+00:00\" \/>\n<meta property=\"og:image\" content=\"https:\/\/dutchmicrodosing.com\/wp-content\/uploads\/2025\/08\/4129-5131-2.jpg\" \/>\n\t<meta property=\"og:image:width\" content=\"300\" \/>\n\t<meta property=\"og:image:height\" content=\"300\" \/>\n\t<meta property=\"og:image:type\" content=\"image\/jpeg\" \/>\n<meta name=\"twitter:card\" content=\"summary_large_image\" \/>\n<script type=\"application\/ld+json\" class=\"yoast-schema-graph\">{\"@context\":\"https:\/\/schema.org\",\"@graph\":[{\"@type\":\"WebPage\",\"@id\":\"https:\/\/dutchmicrodosing.com\/fr\/herbes-botaniques\/kratom\/premium-kratom-gummies-energie\/\",\"url\":\"https:\/\/dutchmicrodosing.com\/fr\/herbes-botaniques\/kratom\/premium-kratom-gummies-energie\/\",\"name\":\"Premium Kratom Gummies - Energie - Dutchmicrodosing\",\"isPartOf\":{\"@id\":\"https:\/\/dutchmicrodosing.com\/fr\/#website\"},\"primaryImageOfPage\":{\"@id\":\"https:\/\/dutchmicrodosing.com\/fr\/herbes-botaniques\/kratom\/premium-kratom-gummies-energie\/#primaryimage\"},\"image\":{\"@id\":\"https:\/\/dutchmicrodosing.com\/fr\/herbes-botaniques\/kratom\/premium-kratom-gummies-energie\/#primaryimage\"},\"thumbnailUrl\":\"https:\/\/dutchmicrodosing.com\/wp-content\/uploads\/2025\/08\/4129-5131-2.jpg\",\"datePublished\":\"2025-08-04T06:50:27+00:00\",\"dateModified\":\"2026-03-10T23:04:50+00:00\",\"description\":\"Premium Kratom Gummies - Energie. De d\u00e9licieuses gommes au kratom pour un regain d'\u00e9nergie naturel, pratique et discret.\",\"breadcrumb\":{\"@id\":\"https:\/\/dutchmicrodosing.com\/fr\/herbes-botaniques\/kratom\/premium-kratom-gummies-energie\/#breadcrumb\"},\"inLanguage\":\"fr-FR\",\"potentialAction\":[{\"@type\":\"ReadAction\",\"target\":[\"https:\/\/dutchmicrodosing.com\/fr\/herbes-botaniques\/kratom\/premium-kratom-gummies-energie\/\"]}]},{\"@type\":\"ImageObject\",\"inLanguage\":\"fr-FR\",\"@id\":\"https:\/\/dutchmicrodosing.com\/fr\/herbes-botaniques\/kratom\/premium-kratom-gummies-energie\/#primaryimage\",\"url\":\"https:\/\/dutchmicrodosing.com\/wp-content\/uploads\/2025\/08\/4129-5131-2.jpg\",\"contentUrl\":\"https:\/\/dutchmicrodosing.com\/wp-content\/uploads\/2025\/08\/4129-5131-2.jpg\",\"width\":300,\"height\":300},{\"@type\":\"BreadcrumbList\",\"@id\":\"https:\/\/dutchmicrodosing.com\/fr\/herbes-botaniques\/kratom\/premium-kratom-gummies-energie\/#breadcrumb\",\"itemListElement\":[{\"@type\":\"ListItem\",\"position\":1,\"name\":\"Home\",\"item\":\"https:\/\/dutchmicrodosing.com\/fr\/\"},{\"@type\":\"ListItem\",\"position\":2,\"name\":\"Boutique\",\"item\":\"https:\/\/dutchmicrodosing.com\/fr\/boutique\/\"},{\"@type\":\"ListItem\",\"position\":3,\"name\":\"Premium Kratom Gummies &#8211; Energie\"}]},{\"@type\":\"WebSite\",\"@id\":\"https:\/\/dutchmicrodosing.com\/fr\/#website\",\"url\":\"https:\/\/dutchmicrodosing.com\/fr\/\",\"name\":\"Dutchmicrodosing\",\"description\":\"\",\"publisher\":{\"@id\":\"https:\/\/dutchmicrodosing.com\/fr\/#organization\"},\"potentialAction\":[{\"@type\":\"SearchAction\",\"target\":{\"@type\":\"EntryPoint\",\"urlTemplate\":\"https:\/\/dutchmicrodosing.com\/fr\/?s={search_term_string}\"},\"query-input\":{\"@type\":\"PropertyValueSpecification\",\"valueRequired\":true,\"valueName\":\"search_term_string\"}}],\"inLanguage\":\"fr-FR\"},{\"@type\":\"Organization\",\"@id\":\"https:\/\/dutchmicrodosing.com\/fr\/#organization\",\"name\":\"Dutchmicrodosing\",\"url\":\"https:\/\/dutchmicrodosing.com\/fr\/\",\"logo\":{\"@type\":\"ImageObject\",\"inLanguage\":\"fr-FR\",\"@id\":\"https:\/\/dutchmicrodosing.com\/fr\/#\/schema\/logo\/image\/\",\"url\":\"https:\/\/dutchmicrodosing.com\/wp-content\/uploads\/2021\/01\/microdosing-categorie-pic-nieuw.jpg\",\"contentUrl\":\"https:\/\/dutchmicrodosing.com\/wp-content\/uploads\/2021\/01\/microdosing-categorie-pic-nieuw.jpg\",\"width\":500,\"height\":500,\"caption\":\"Dutchmicrodosing\"},\"image\":{\"@id\":\"https:\/\/dutchmicrodosing.com\/fr\/#\/schema\/logo\/image\/\"},\"sameAs\":[\"https:\/\/www.facebook.com\/Dutchmicrodosingxp\/\",\"https:\/\/www.instagram.com\/dutchmicrodosing\/\"]}]}<\/script>\n<meta property=\"product:price:amount\" content=\"9.95\" \/>\n<meta property=\"product:price:currency\" content=\"EUR\" \/>\n<meta property=\"og:availability\" content=\"instock\" \/>\n<meta property=\"product:availability\" content=\"instock\" \/>\n<meta property=\"product:retailer_item_id\" content=\"5206828\" \/>\n<meta property=\"product:condition\" content=\"new\" \/>\n<!-- \/ Yoast SEO Premium plugin. -->","yoast_head_json":{"title":"Premium Kratom Gummies - Energie - Dutchmicrodosing","description":"Premium Kratom Gummies - Energie. De d\u00e9licieuses gommes au kratom pour un regain d'\u00e9nergie naturel, pratique et discret.","robots":{"index":"index","follow":"follow","max-snippet":"max-snippet:-1","max-image-preview":"max-image-preview:large","max-video-preview":"max-video-preview:-1"},"canonical":"https:\/\/dutchmicrodosing.com\/fr\/herbes-botaniques\/kratom\/premium-kratom-gummies-energie\/","og_locale":"fr_FR","og_type":"article","og_title":"Premium Kratom Gummies - Energie","og_description":"Les Premium Kratom Gummies - Energy sont le choix id\u00e9al pour ceux qui recherchent un regain d'\u00e9nergie naturel sous une forme facile \u00e0 utiliser et","og_url":"https:\/\/dutchmicrodosing.com\/fr\/herbes-botaniques\/kratom\/premium-kratom-gummies-energie\/","og_site_name":"Dutchmicrodosing","article_publisher":"https:\/\/www.facebook.com\/Dutchmicrodosingxp\/","article_modified_time":"2026-03-10T23:04:50+00:00","og_image":[{"width":300,"height":300,"url":"https:\/\/dutchmicrodosing.com\/wp-content\/uploads\/2025\/08\/4129-5131-2.jpg","type":"image\/jpeg"}],"twitter_card":"summary_large_image","schema":{"@context":"https:\/\/schema.org","@graph":[{"@type":"WebPage","@id":"https:\/\/dutchmicrodosing.com\/fr\/herbes-botaniques\/kratom\/premium-kratom-gummies-energie\/","url":"https:\/\/dutchmicrodosing.com\/fr\/herbes-botaniques\/kratom\/premium-kratom-gummies-energie\/","name":"Premium Kratom Gummies - Energie - Dutchmicrodosing","isPartOf":{"@id":"https:\/\/dutchmicrodosing.com\/fr\/#website"},"primaryImageOfPage":{"@id":"https:\/\/dutchmicrodosing.com\/fr\/herbes-botaniques\/kratom\/premium-kratom-gummies-energie\/#primaryimage"},"image":{"@id":"https:\/\/dutchmicrodosing.com\/fr\/herbes-botaniques\/kratom\/premium-kratom-gummies-energie\/#primaryimage"},"thumbnailUrl":"https:\/\/dutchmicrodosing.com\/wp-content\/uploads\/2025\/08\/4129-5131-2.jpg","datePublished":"2025-08-04T06:50:27+00:00","dateModified":"2026-03-10T23:04:50+00:00","description":"Premium Kratom Gummies - Energie. De d\u00e9licieuses gommes au kratom pour un regain d'\u00e9nergie naturel, pratique et discret.","breadcrumb":{"@id":"https:\/\/dutchmicrodosing.com\/fr\/herbes-botaniques\/kratom\/premium-kratom-gummies-energie\/#breadcrumb"},"inLanguage":"fr-FR","potentialAction":[{"@type":"ReadAction","target":["https:\/\/dutchmicrodosing.com\/fr\/herbes-botaniques\/kratom\/premium-kratom-gummies-energie\/"]}]},{"@type":"ImageObject","inLanguage":"fr-FR","@id":"https:\/\/dutchmicrodosing.com\/fr\/herbes-botaniques\/kratom\/premium-kratom-gummies-energie\/#primaryimage","url":"https:\/\/dutchmicrodosing.com\/wp-content\/uploads\/2025\/08\/4129-5131-2.jpg","contentUrl":"https:\/\/dutchmicrodosing.com\/wp-content\/uploads\/2025\/08\/4129-5131-2.jpg","width":300,"height":300},{"@type":"BreadcrumbList","@id":"https:\/\/dutchmicrodosing.com\/fr\/herbes-botaniques\/kratom\/premium-kratom-gummies-energie\/#breadcrumb","itemListElement":[{"@type":"ListItem","position":1,"name":"Home","item":"https:\/\/dutchmicrodosing.com\/fr\/"},{"@type":"ListItem","position":2,"name":"Boutique","item":"https:\/\/dutchmicrodosing.com\/fr\/boutique\/"},{"@type":"ListItem","position":3,"name":"Premium Kratom Gummies &#8211; Energie"}]},{"@type":"WebSite","@id":"https:\/\/dutchmicrodosing.com\/fr\/#website","url":"https:\/\/dutchmicrodosing.com\/fr\/","name":"Dutchmicrodosing","description":"","publisher":{"@id":"https:\/\/dutchmicrodosing.com\/fr\/#organization"},"potentialAction":[{"@type":"SearchAction","target":{"@type":"EntryPoint","urlTemplate":"https:\/\/dutchmicrodosing.com\/fr\/?s={search_term_string}"},"query-input":{"@type":"PropertyValueSpecification","valueRequired":true,"valueName":"search_term_string"}}],"inLanguage":"fr-FR"},{"@type":"Organization","@id":"https:\/\/dutchmicrodosing.com\/fr\/#organization","name":"Dutchmicrodosing","url":"https:\/\/dutchmicrodosing.com\/fr\/","logo":{"@type":"ImageObject","inLanguage":"fr-FR","@id":"https:\/\/dutchmicrodosing.com\/fr\/#\/schema\/logo\/image\/","url":"https:\/\/dutchmicrodosing.com\/wp-content\/uploads\/2021\/01\/microdosing-categorie-pic-nieuw.jpg","contentUrl":"https:\/\/dutchmicrodosing.com\/wp-content\/uploads\/2021\/01\/microdosing-categorie-pic-nieuw.jpg","width":500,"height":500,"caption":"Dutchmicrodosing"},"image":{"@id":"https:\/\/dutchmicrodosing.com\/fr\/#\/schema\/logo\/image\/"},"sameAs":["https:\/\/www.facebook.com\/Dutchmicrodosingxp\/","https:\/\/www.instagram.com\/dutchmicrodosing\/"]}]},"product_price_amount":"9.95","product_price_currency":"EUR","og_availability":"instock","product_availability":"instock","product_retailer_item_id":"5206828","product_condition":"new"},"_links":{"self":[{"href":"https:\/\/dutchmicrodosing.com\/fr\/wp-json\/wp\/v2\/product\/52491","targetHints":{"allow":["GET"]}}],"collection":[{"href":"https:\/\/dutchmicrodosing.com\/fr\/wp-json\/wp\/v2\/product"}],"about":[{"href":"https:\/\/dutchmicrodosing.com\/fr\/wp-json\/wp\/v2\/types\/product"}],"replies":[{"embeddable":true,"href":"https:\/\/dutchmicrodosing.com\/fr\/wp-json\/wp\/v2\/comments?post=52491"}],"version-history":[{"count":0,"href":"https:\/\/dutchmicrodosing.com\/fr\/wp-json\/wp\/v2\/product\/52491\/revisions"}],"wp:featuredmedia":[{"embeddable":true,"href":"https:\/\/dutchmicrodosing.com\/fr\/wp-json\/wp\/v2\/media\/52470"}],"wp:attachment":[{"href":"https:\/\/dutchmicrodosing.com\/fr\/wp-json\/wp\/v2\/media?parent=52491"}],"wp:term":[{"taxonomy":"product_brand","embeddable":true,"href":"https:\/\/dutchmicrodosing.com\/fr\/wp-json\/wp\/v2\/product_brand?post=52491"},{"taxonomy":"product_cat","embeddable":true,"href":"https:\/\/dutchmicrodosing.com\/fr\/wp-json\/wp\/v2\/product_cat?post=52491"},{"taxonomy":"product_tag","embeddable":true,"href":"https:\/\/dutchmicrodosing.com\/fr\/wp-json\/wp\/v2\/product_tag?post=52491"}],"curies":[{"name":"wp","href":"https:\/\/api.w.org\/{rel}","templated":true}]}}