{"id":52583,"date":"2025-08-04T09:27:11","date_gmt":"2025-08-04T07:27:11","guid":{"rendered":"https:\/\/dutchmicrodosing.com\/product\/kraid-cherry-mitragynine-enhanced\/"},"modified":"2025-08-19T19:58:52","modified_gmt":"2025-08-19T17:58:52","slug":"kraid-cherry-mitragynine-enhanced","status":"publish","type":"product","link":"https:\/\/dutchmicrodosing.com\/fr\/herbes-botaniques\/kratom\/kraid-cherry-mitragynine-enhanced\/","title":{"rendered":"KRAID Cherry &#8211; Mitragynine Enhanced"},"content":{"rendered":"<p><strong>KRAID Cherry &#8211; Mitragynine Enhanced<\/strong> offre une exp\u00e9rience de kratom douce avec la pleine saveur de la cerise et une dose standardis\u00e9e de mitragynine. Gr\u00e2ce \u00e0 sa formule hydrosoluble pratique, vous combinez commodit\u00e9 et efficacit\u00e9, sans l&rsquo;amertume habituelle de la poudre de kratom traditionnelle.<\/p>\n<h3>Caract\u00e9ristiques<\/h3>\n<p>Cette formule optimis\u00e9e fournit 50 mg de mitragynine pure par portion, ce qui correspond \u00e0 la puissance d&rsquo;environ 4 \u00e0 6 grammes de poudre de kratom classique. Son go\u00fbt doux de cerise en fait un choix agr\u00e9able pour une utilisation r\u00e9guli\u00e8re, que vous soyez en d\u00e9placement, au travail ou que vous preniez un moment pour vous.<\/p>\n<ul>\n<li>Contient 50 mg de mitragynine par sachet<\/li>\n<li>Enti\u00e8rement soluble dans l&rsquo;eau &#8211; pas de grumeaux<\/li>\n<li>Go\u00fbt riche et naturel de cerise<\/li>\n<li>Discret et facile \u00e0 transporter<\/li>\n<li>Pour les d\u00e9butants et les utilisateurs avanc\u00e9s<\/li>\n<\/ul>\n<h3>Ingr\u00e9dients et\/ou composition<\/h3>\n<p>Extrait de mitragynine (50 mg par sachet), ar\u00f4mes naturels de cerise, \u00e9dulcorants, excipients solubilisants.<\/p>\n<h3>Utilisation<\/h3>\n<p>Dissoudre le contenu d&rsquo;un sachet dans 0,5 litre d&rsquo;eau. Remuer jusqu&rsquo;\u00e0 dissolution compl\u00e8te. Id\u00e9al pour une utilisation \u00e0 tout moment de la journ\u00e9e.<\/p>\n<h3>Contenu<\/h3>\n<ul>\n<li>1 sachet par paquet<\/li>\n<li>Contient 50 mg de mitragynine<\/li>\n<\/ul>\n<h3>Avis de non-responsabilit\u00e9<\/h3>\n<p><em>Le contenu de ce texte est fourni \u00e0 titre d&rsquo;information uniquement et ne remplace pas les conseils d&rsquo;un professionnel. Ce produit n&rsquo;est pas un m\u00e9dicament et n&rsquo;est pas destin\u00e9 \u00e0 diagnostiquer, traiter ou gu\u00e9rir une quelconque condition m\u00e9dicale. Certaines \u00e9tudes scientifiques sur les effets de ce produit sont encore en cours et toutes les all\u00e9gations n&rsquo;ont pas \u00e9t\u00e9 d\u00e9finitivement confirm\u00e9es.<\/em><\/p>\n","protected":false},"excerpt":{"rendered":"<p>KRAID Cherry &#8211; Mitragynine Enhanced offre une exp\u00e9rience de kratom douce avec la pleine saveur de la cerise et une dose standardis\u00e9e de mitragynine. Gr\u00e2ce \u00e0 sa formule hydrosoluble pratique, vous combinez commodit\u00e9 et efficacit\u00e9, sans l&rsquo;amertume habituelle de la poudre de kratom traditionnelle. Caract\u00e9ristiques Cette formule optimis\u00e9e fournit 50 mg de mitragynine pure par [&hellip;]<\/p>\n","protected":false},"featured_media":54998,"comment_status":"closed","ping_status":"closed","template":"","meta":[],"product_brand":[],"product_cat":[417],"product_tag":[],"class_list":{"0":"post-52583","1":"product","2":"type-product","3":"status-publish","4":"has-post-thumbnail","6":"product_cat-kratom","8":"first","9":"instock","10":"taxable","11":"shipping-taxable","12":"purchasable","13":"product-type-simple"},"yoast_head":"<!-- This site is optimized with the Yoast SEO Premium plugin v26.4 (Yoast SEO v27.2) - https:\/\/yoast.com\/product\/yoast-seo-premium-wordpress\/ -->\n<title>KRAID Cherry - Mitragynine Enhanced - Dutchmicrodosing<\/title>\n<meta name=\"description\" content=\"Faites l&#039;exp\u00e9rience de KRAID Cherry : un m\u00e9lange puissant \u00e0 base de mitragynine avec une saveur de cerise. Soluble dans l&#039;eau, discret et facile \u00e0 utiliser.\" \/>\n<meta name=\"robots\" content=\"index, follow, max-snippet:-1, max-image-preview:large, max-video-preview:-1\" \/>\n<link rel=\"canonical\" href=\"https:\/\/dutchmicrodosing.com\/fr\/herbes-botaniques\/kratom\/kraid-cherry-mitragynine-enhanced\/\" \/>\n<meta property=\"og:locale\" content=\"fr_FR\" \/>\n<meta property=\"og:type\" content=\"article\" \/>\n<meta property=\"og:title\" content=\"KRAID Cherry - Mitragynine Enhanced\" \/>\n<meta property=\"og:description\" content=\"KRAID Cherry - Mitragynine Enhanced offre une exp\u00e9rience de kratom douce avec la pleine saveur de la cerise et une dose standardis\u00e9e de mitragynine. Gr\u00e2ce\" \/>\n<meta property=\"og:url\" content=\"https:\/\/dutchmicrodosing.com\/fr\/herbes-botaniques\/kratom\/kraid-cherry-mitragynine-enhanced\/\" \/>\n<meta property=\"og:site_name\" content=\"Dutchmicrodosing\" \/>\n<meta property=\"article:publisher\" content=\"https:\/\/www.facebook.com\/Dutchmicrodosingxp\/\" \/>\n<meta property=\"article:modified_time\" content=\"2025-08-19T17:58:52+00:00\" \/>\n<meta property=\"og:image\" content=\"https:\/\/dutchmicrodosing.com\/wp-content\/uploads\/2025\/08\/KR_Stick_Sachet_Mockup_front_CP_MO-1.png\" \/>\n\t<meta property=\"og:image:width\" content=\"600\" \/>\n\t<meta property=\"og:image:height\" content=\"600\" \/>\n\t<meta property=\"og:image:type\" content=\"image\/png\" \/>\n<meta name=\"twitter:card\" content=\"summary_large_image\" \/>\n<script type=\"application\/ld+json\" class=\"yoast-schema-graph\">{\"@context\":\"https:\/\/schema.org\",\"@graph\":[{\"@type\":\"WebPage\",\"@id\":\"https:\/\/dutchmicrodosing.com\/fr\/herbes-botaniques\/kratom\/kraid-cherry-mitragynine-enhanced\/\",\"url\":\"https:\/\/dutchmicrodosing.com\/fr\/herbes-botaniques\/kratom\/kraid-cherry-mitragynine-enhanced\/\",\"name\":\"KRAID Cherry - Mitragynine Enhanced - Dutchmicrodosing\",\"isPartOf\":{\"@id\":\"https:\/\/dutchmicrodosing.com\/fr\/#website\"},\"primaryImageOfPage\":{\"@id\":\"https:\/\/dutchmicrodosing.com\/fr\/herbes-botaniques\/kratom\/kraid-cherry-mitragynine-enhanced\/#primaryimage\"},\"image\":{\"@id\":\"https:\/\/dutchmicrodosing.com\/fr\/herbes-botaniques\/kratom\/kraid-cherry-mitragynine-enhanced\/#primaryimage\"},\"thumbnailUrl\":\"https:\/\/dutchmicrodosing.com\/wp-content\/uploads\/2025\/08\/KR_Stick_Sachet_Mockup_front_CP_MO-1.png\",\"datePublished\":\"2025-08-04T07:27:11+00:00\",\"dateModified\":\"2025-08-19T17:58:52+00:00\",\"description\":\"Faites l'exp\u00e9rience de KRAID Cherry : un m\u00e9lange puissant \u00e0 base de mitragynine avec une saveur de cerise. Soluble dans l'eau, discret et facile \u00e0 utiliser.\",\"breadcrumb\":{\"@id\":\"https:\/\/dutchmicrodosing.com\/fr\/herbes-botaniques\/kratom\/kraid-cherry-mitragynine-enhanced\/#breadcrumb\"},\"inLanguage\":\"fr-FR\",\"potentialAction\":[{\"@type\":\"ReadAction\",\"target\":[\"https:\/\/dutchmicrodosing.com\/fr\/herbes-botaniques\/kratom\/kraid-cherry-mitragynine-enhanced\/\"]}]},{\"@type\":\"ImageObject\",\"inLanguage\":\"fr-FR\",\"@id\":\"https:\/\/dutchmicrodosing.com\/fr\/herbes-botaniques\/kratom\/kraid-cherry-mitragynine-enhanced\/#primaryimage\",\"url\":\"https:\/\/dutchmicrodosing.com\/wp-content\/uploads\/2025\/08\/KR_Stick_Sachet_Mockup_front_CP_MO-1.png\",\"contentUrl\":\"https:\/\/dutchmicrodosing.com\/wp-content\/uploads\/2025\/08\/KR_Stick_Sachet_Mockup_front_CP_MO-1.png\",\"width\":600,\"height\":600},{\"@type\":\"BreadcrumbList\",\"@id\":\"https:\/\/dutchmicrodosing.com\/fr\/herbes-botaniques\/kratom\/kraid-cherry-mitragynine-enhanced\/#breadcrumb\",\"itemListElement\":[{\"@type\":\"ListItem\",\"position\":1,\"name\":\"Home\",\"item\":\"https:\/\/dutchmicrodosing.com\/fr\/\"},{\"@type\":\"ListItem\",\"position\":2,\"name\":\"Boutique\",\"item\":\"https:\/\/dutchmicrodosing.com\/fr\/boutique\/\"},{\"@type\":\"ListItem\",\"position\":3,\"name\":\"KRAID Cherry &#8211; Mitragynine Enhanced\"}]},{\"@type\":\"WebSite\",\"@id\":\"https:\/\/dutchmicrodosing.com\/fr\/#website\",\"url\":\"https:\/\/dutchmicrodosing.com\/fr\/\",\"name\":\"Dutchmicrodosing\",\"description\":\"\",\"publisher\":{\"@id\":\"https:\/\/dutchmicrodosing.com\/fr\/#organization\"},\"potentialAction\":[{\"@type\":\"SearchAction\",\"target\":{\"@type\":\"EntryPoint\",\"urlTemplate\":\"https:\/\/dutchmicrodosing.com\/fr\/?s={search_term_string}\"},\"query-input\":{\"@type\":\"PropertyValueSpecification\",\"valueRequired\":true,\"valueName\":\"search_term_string\"}}],\"inLanguage\":\"fr-FR\"},{\"@type\":\"Organization\",\"@id\":\"https:\/\/dutchmicrodosing.com\/fr\/#organization\",\"name\":\"Dutchmicrodosing\",\"url\":\"https:\/\/dutchmicrodosing.com\/fr\/\",\"logo\":{\"@type\":\"ImageObject\",\"inLanguage\":\"fr-FR\",\"@id\":\"https:\/\/dutchmicrodosing.com\/fr\/#\/schema\/logo\/image\/\",\"url\":\"https:\/\/dutchmicrodosing.com\/wp-content\/uploads\/2021\/01\/microdosing-categorie-pic-nieuw.jpg\",\"contentUrl\":\"https:\/\/dutchmicrodosing.com\/wp-content\/uploads\/2021\/01\/microdosing-categorie-pic-nieuw.jpg\",\"width\":500,\"height\":500,\"caption\":\"Dutchmicrodosing\"},\"image\":{\"@id\":\"https:\/\/dutchmicrodosing.com\/fr\/#\/schema\/logo\/image\/\"},\"sameAs\":[\"https:\/\/www.facebook.com\/Dutchmicrodosingxp\/\",\"https:\/\/www.instagram.com\/dutchmicrodosing\/\"]}]}<\/script>\n<meta property=\"product:price:amount\" content=\"5.95\" \/>\n<meta property=\"product:price:currency\" content=\"EUR\" \/>\n<meta property=\"og:availability\" content=\"instock\" \/>\n<meta property=\"product:availability\" content=\"instock\" \/>\n<meta property=\"product:retailer_item_id\" content=\"4212322\" \/>\n<meta property=\"product:condition\" content=\"new\" \/>\n<!-- \/ Yoast SEO Premium plugin. -->","yoast_head_json":{"title":"KRAID Cherry - Mitragynine Enhanced - Dutchmicrodosing","description":"Faites l'exp\u00e9rience de KRAID Cherry : un m\u00e9lange puissant \u00e0 base de mitragynine avec une saveur de cerise. Soluble dans l'eau, discret et facile \u00e0 utiliser.","robots":{"index":"index","follow":"follow","max-snippet":"max-snippet:-1","max-image-preview":"max-image-preview:large","max-video-preview":"max-video-preview:-1"},"canonical":"https:\/\/dutchmicrodosing.com\/fr\/herbes-botaniques\/kratom\/kraid-cherry-mitragynine-enhanced\/","og_locale":"fr_FR","og_type":"article","og_title":"KRAID Cherry - Mitragynine Enhanced","og_description":"KRAID Cherry - Mitragynine Enhanced offre une exp\u00e9rience de kratom douce avec la pleine saveur de la cerise et une dose standardis\u00e9e de mitragynine. Gr\u00e2ce","og_url":"https:\/\/dutchmicrodosing.com\/fr\/herbes-botaniques\/kratom\/kraid-cherry-mitragynine-enhanced\/","og_site_name":"Dutchmicrodosing","article_publisher":"https:\/\/www.facebook.com\/Dutchmicrodosingxp\/","article_modified_time":"2025-08-19T17:58:52+00:00","og_image":[{"width":600,"height":600,"url":"https:\/\/dutchmicrodosing.com\/wp-content\/uploads\/2025\/08\/KR_Stick_Sachet_Mockup_front_CP_MO-1.png","type":"image\/png"}],"twitter_card":"summary_large_image","schema":{"@context":"https:\/\/schema.org","@graph":[{"@type":"WebPage","@id":"https:\/\/dutchmicrodosing.com\/fr\/herbes-botaniques\/kratom\/kraid-cherry-mitragynine-enhanced\/","url":"https:\/\/dutchmicrodosing.com\/fr\/herbes-botaniques\/kratom\/kraid-cherry-mitragynine-enhanced\/","name":"KRAID Cherry - Mitragynine Enhanced - Dutchmicrodosing","isPartOf":{"@id":"https:\/\/dutchmicrodosing.com\/fr\/#website"},"primaryImageOfPage":{"@id":"https:\/\/dutchmicrodosing.com\/fr\/herbes-botaniques\/kratom\/kraid-cherry-mitragynine-enhanced\/#primaryimage"},"image":{"@id":"https:\/\/dutchmicrodosing.com\/fr\/herbes-botaniques\/kratom\/kraid-cherry-mitragynine-enhanced\/#primaryimage"},"thumbnailUrl":"https:\/\/dutchmicrodosing.com\/wp-content\/uploads\/2025\/08\/KR_Stick_Sachet_Mockup_front_CP_MO-1.png","datePublished":"2025-08-04T07:27:11+00:00","dateModified":"2025-08-19T17:58:52+00:00","description":"Faites l'exp\u00e9rience de KRAID Cherry : un m\u00e9lange puissant \u00e0 base de mitragynine avec une saveur de cerise. Soluble dans l'eau, discret et facile \u00e0 utiliser.","breadcrumb":{"@id":"https:\/\/dutchmicrodosing.com\/fr\/herbes-botaniques\/kratom\/kraid-cherry-mitragynine-enhanced\/#breadcrumb"},"inLanguage":"fr-FR","potentialAction":[{"@type":"ReadAction","target":["https:\/\/dutchmicrodosing.com\/fr\/herbes-botaniques\/kratom\/kraid-cherry-mitragynine-enhanced\/"]}]},{"@type":"ImageObject","inLanguage":"fr-FR","@id":"https:\/\/dutchmicrodosing.com\/fr\/herbes-botaniques\/kratom\/kraid-cherry-mitragynine-enhanced\/#primaryimage","url":"https:\/\/dutchmicrodosing.com\/wp-content\/uploads\/2025\/08\/KR_Stick_Sachet_Mockup_front_CP_MO-1.png","contentUrl":"https:\/\/dutchmicrodosing.com\/wp-content\/uploads\/2025\/08\/KR_Stick_Sachet_Mockup_front_CP_MO-1.png","width":600,"height":600},{"@type":"BreadcrumbList","@id":"https:\/\/dutchmicrodosing.com\/fr\/herbes-botaniques\/kratom\/kraid-cherry-mitragynine-enhanced\/#breadcrumb","itemListElement":[{"@type":"ListItem","position":1,"name":"Home","item":"https:\/\/dutchmicrodosing.com\/fr\/"},{"@type":"ListItem","position":2,"name":"Boutique","item":"https:\/\/dutchmicrodosing.com\/fr\/boutique\/"},{"@type":"ListItem","position":3,"name":"KRAID Cherry &#8211; Mitragynine Enhanced"}]},{"@type":"WebSite","@id":"https:\/\/dutchmicrodosing.com\/fr\/#website","url":"https:\/\/dutchmicrodosing.com\/fr\/","name":"Dutchmicrodosing","description":"","publisher":{"@id":"https:\/\/dutchmicrodosing.com\/fr\/#organization"},"potentialAction":[{"@type":"SearchAction","target":{"@type":"EntryPoint","urlTemplate":"https:\/\/dutchmicrodosing.com\/fr\/?s={search_term_string}"},"query-input":{"@type":"PropertyValueSpecification","valueRequired":true,"valueName":"search_term_string"}}],"inLanguage":"fr-FR"},{"@type":"Organization","@id":"https:\/\/dutchmicrodosing.com\/fr\/#organization","name":"Dutchmicrodosing","url":"https:\/\/dutchmicrodosing.com\/fr\/","logo":{"@type":"ImageObject","inLanguage":"fr-FR","@id":"https:\/\/dutchmicrodosing.com\/fr\/#\/schema\/logo\/image\/","url":"https:\/\/dutchmicrodosing.com\/wp-content\/uploads\/2021\/01\/microdosing-categorie-pic-nieuw.jpg","contentUrl":"https:\/\/dutchmicrodosing.com\/wp-content\/uploads\/2021\/01\/microdosing-categorie-pic-nieuw.jpg","width":500,"height":500,"caption":"Dutchmicrodosing"},"image":{"@id":"https:\/\/dutchmicrodosing.com\/fr\/#\/schema\/logo\/image\/"},"sameAs":["https:\/\/www.facebook.com\/Dutchmicrodosingxp\/","https:\/\/www.instagram.com\/dutchmicrodosing\/"]}]},"product_price_amount":"5.95","product_price_currency":"EUR","og_availability":"instock","product_availability":"instock","product_retailer_item_id":"4212322","product_condition":"new"},"_links":{"self":[{"href":"https:\/\/dutchmicrodosing.com\/fr\/wp-json\/wp\/v2\/product\/52583","targetHints":{"allow":["GET"]}}],"collection":[{"href":"https:\/\/dutchmicrodosing.com\/fr\/wp-json\/wp\/v2\/product"}],"about":[{"href":"https:\/\/dutchmicrodosing.com\/fr\/wp-json\/wp\/v2\/types\/product"}],"replies":[{"embeddable":true,"href":"https:\/\/dutchmicrodosing.com\/fr\/wp-json\/wp\/v2\/comments?post=52583"}],"version-history":[{"count":0,"href":"https:\/\/dutchmicrodosing.com\/fr\/wp-json\/wp\/v2\/product\/52583\/revisions"}],"wp:featuredmedia":[{"embeddable":true,"href":"https:\/\/dutchmicrodosing.com\/fr\/wp-json\/wp\/v2\/media\/54998"}],"wp:attachment":[{"href":"https:\/\/dutchmicrodosing.com\/fr\/wp-json\/wp\/v2\/media?parent=52583"}],"wp:term":[{"taxonomy":"product_brand","embeddable":true,"href":"https:\/\/dutchmicrodosing.com\/fr\/wp-json\/wp\/v2\/product_brand?post=52583"},{"taxonomy":"product_cat","embeddable":true,"href":"https:\/\/dutchmicrodosing.com\/fr\/wp-json\/wp\/v2\/product_cat?post=52583"},{"taxonomy":"product_tag","embeddable":true,"href":"https:\/\/dutchmicrodosing.com\/fr\/wp-json\/wp\/v2\/product_tag?post=52583"}],"curies":[{"name":"wp","href":"https:\/\/api.w.org\/{rel}","templated":true}]}}