{"id":52649,"date":"2025-08-04T09:48:10","date_gmt":"2025-08-04T07:48:10","guid":{"rendered":"https:\/\/dutchmicrodosing.com\/product\/kraid-fruit-de-la-passion-spectre-complet\/"},"modified":"2025-08-19T14:02:17","modified_gmt":"2025-08-19T12:02:17","slug":"kraid-fruit-de-la-passion-spectre-complet","status":"publish","type":"product","link":"https:\/\/dutchmicrodosing.com\/fr\/herbes-botaniques\/kratom\/kraid-fruit-de-la-passion-spectre-complet\/","title":{"rendered":"KRAID Fruit de la passion &#8211; Spectre complet"},"content":{"rendered":"<p><strong>KRAID Passion Fruit &#8211; Full Spectrum<\/strong> est un extrait de cratome soluble dans l&rsquo;eau avec une touche tropicale. Gr\u00e2ce \u00e0 l&rsquo;ar\u00f4me frais de fruit de la passion, votre moment en caisse sera non seulement puissant, mais aussi \u00e9tonnamment d\u00e9licieux. Parfait pour ceux qui veulent combiner commodit\u00e9, qualit\u00e9 et go\u00fbt en une seule exp\u00e9rience.<\/p>\n<h3>Caract\u00e9ristiques<\/h3>\n<p>Cette formule \u00e0 spectre complet contient tous les principaux alcalo\u00efdes naturellement pr\u00e9sents dans les feuilles de kratom. L&rsquo;ajout d&rsquo;ar\u00f4mes naturels rend la boisson plus accessible et plus agr\u00e9able \u00e0 consommer. Pas de probl\u00e8me de dosage ou de m\u00e9lange &#8211; il suffit de le dissoudre dans l&rsquo;eau et de le d\u00e9guster.<\/p>\n<ul>\n<li>Extrait de cratome \u00e0 spectre complet avec 50 mg de mitragynine<\/li>\n<li>Ar\u00f4me raffin\u00e9 de fruit de la passion<\/li>\n<li>Enti\u00e8rement soluble dans l&rsquo;eau &#8211; pas de grumeaux<\/li>\n<li>Utilisation rapide, pratique et discr\u00e8te<\/li>\n<li>Id\u00e9al pour les d\u00e9placements ou les moments d&rsquo;intimit\u00e9<\/li>\n<\/ul>\n<h3>Ingr\u00e9dients et\/ou composition<\/h3>\n<p>Extrait de cratome \u00e0 spectre complet, ar\u00f4me naturel de fruit de la passion, \u00e9dulcorants, excipients pour favoriser la solubilit\u00e9.<\/p>\n<h3>Utilisation<\/h3>\n<p>Dissoudre le contenu d&rsquo;un sachet dans 0,5 litre d&rsquo;eau. Remuer jusqu&rsquo;\u00e0 dissolution compl\u00e8te. Pr\u00eat \u00e0 \u00eatre d\u00e9gust\u00e9 imm\u00e9diatement. Convient aussi bien aux nouveaux utilisateurs qu&rsquo;aux utilisateurs exp\u00e9riment\u00e9s \u00e0 la recherche d&rsquo;un moyen efficace et savoureux d&rsquo;utiliser le kratom.<\/p>\n<h3>Contenu<\/h3>\n<ul>\n<li>1 portion par paquet<\/li>\n<li>Contient 50 mg de mitragynine<\/li>\n<\/ul>\n<h3>Avis de non-responsabilit\u00e9<\/h3>\n<p><em>Le contenu de ce texte est fourni \u00e0 titre d&rsquo;information uniquement et ne remplace pas les conseils d&rsquo;un professionnel. Ce produit n&rsquo;est pas un m\u00e9dicament et n&rsquo;est pas destin\u00e9 \u00e0 diagnostiquer, traiter ou gu\u00e9rir une quelconque condition m\u00e9dicale. Certaines \u00e9tudes scientifiques sur les effets de ce produit sont encore en cours et toutes les all\u00e9gations n&rsquo;ont pas \u00e9t\u00e9 d\u00e9finitivement confirm\u00e9es.<\/em><\/p>\n","protected":false},"excerpt":{"rendered":"<p>KRAID Passion Fruit &#8211; Full Spectrum est un extrait de cratome soluble dans l&rsquo;eau avec une touche tropicale. Gr\u00e2ce \u00e0 l&rsquo;ar\u00f4me frais de fruit de la passion, votre moment en caisse sera non seulement puissant, mais aussi \u00e9tonnamment d\u00e9licieux. Parfait pour ceux qui veulent combiner commodit\u00e9, qualit\u00e9 et go\u00fbt en une seule exp\u00e9rience. Caract\u00e9ristiques Cette [&hellip;]<\/p>\n","protected":false},"featured_media":55017,"comment_status":"closed","ping_status":"closed","template":"","meta":[],"product_brand":[],"product_cat":[417],"product_tag":[],"class_list":{"0":"post-52649","1":"product","2":"type-product","3":"status-publish","4":"has-post-thumbnail","6":"product_cat-kratom","8":"first","9":"instock","10":"taxable","11":"shipping-taxable","12":"purchasable","13":"product-type-simple"},"yoast_head":"<!-- This site is optimized with the Yoast SEO Premium plugin v26.4 (Yoast SEO v27.2) - https:\/\/yoast.com\/product\/yoast-seo-premium-wordpress\/ -->\n<title>KRAID Fruit de la passion - Spectre complet - Dutchmicrodosing<\/title>\n<meta name=\"description\" content=\"D\u00e9couvrez KRAID Fruit de la Passion : une saveur tropicale avec un spectre complet de CBD pour la relaxation, l&#039;\u00e9quilibre et l&#039;\u00e9nergie naturelle.\" \/>\n<meta name=\"robots\" content=\"index, follow, max-snippet:-1, max-image-preview:large, max-video-preview:-1\" \/>\n<link rel=\"canonical\" href=\"https:\/\/dutchmicrodosing.com\/fr\/herbes-botaniques\/kratom\/kraid-fruit-de-la-passion-spectre-complet\/\" \/>\n<meta property=\"og:locale\" content=\"fr_FR\" \/>\n<meta property=\"og:type\" content=\"article\" \/>\n<meta property=\"og:title\" content=\"KRAID Fruit de la passion - Spectre complet\" \/>\n<meta property=\"og:description\" content=\"KRAID Passion Fruit - Full Spectrum est un extrait de cratome soluble dans l&#039;eau avec une touche tropicale. Gr\u00e2ce \u00e0 l&#039;ar\u00f4me frais de fruit de la passion,\" \/>\n<meta property=\"og:url\" content=\"https:\/\/dutchmicrodosing.com\/fr\/herbes-botaniques\/kratom\/kraid-fruit-de-la-passion-spectre-complet\/\" \/>\n<meta property=\"og:site_name\" content=\"Dutchmicrodosing\" \/>\n<meta property=\"article:publisher\" content=\"https:\/\/www.facebook.com\/Dutchmicrodosingxp\/\" \/>\n<meta property=\"article:modified_time\" content=\"2025-08-19T12:02:17+00:00\" \/>\n<meta property=\"og:image\" content=\"https:\/\/dutchmicrodosing.com\/wp-content\/uploads\/2025\/08\/KRAID-Passion-Fruit-Water-Soluble-Kratom-Full-Spectrum-1.webp\" \/>\n\t<meta property=\"og:image:width\" content=\"600\" \/>\n\t<meta property=\"og:image:height\" content=\"600\" \/>\n\t<meta property=\"og:image:type\" content=\"image\/webp\" \/>\n<meta name=\"twitter:card\" content=\"summary_large_image\" \/>\n<script type=\"application\/ld+json\" class=\"yoast-schema-graph\">{\"@context\":\"https:\/\/schema.org\",\"@graph\":[{\"@type\":\"WebPage\",\"@id\":\"https:\/\/dutchmicrodosing.com\/fr\/herbes-botaniques\/kratom\/kraid-fruit-de-la-passion-spectre-complet\/\",\"url\":\"https:\/\/dutchmicrodosing.com\/fr\/herbes-botaniques\/kratom\/kraid-fruit-de-la-passion-spectre-complet\/\",\"name\":\"KRAID Fruit de la passion - Spectre complet - Dutchmicrodosing\",\"isPartOf\":{\"@id\":\"https:\/\/dutchmicrodosing.com\/fr\/#website\"},\"primaryImageOfPage\":{\"@id\":\"https:\/\/dutchmicrodosing.com\/fr\/herbes-botaniques\/kratom\/kraid-fruit-de-la-passion-spectre-complet\/#primaryimage\"},\"image\":{\"@id\":\"https:\/\/dutchmicrodosing.com\/fr\/herbes-botaniques\/kratom\/kraid-fruit-de-la-passion-spectre-complet\/#primaryimage\"},\"thumbnailUrl\":\"https:\/\/dutchmicrodosing.com\/wp-content\/uploads\/2025\/08\/KRAID-Passion-Fruit-Water-Soluble-Kratom-Full-Spectrum-1.webp\",\"datePublished\":\"2025-08-04T07:48:10+00:00\",\"dateModified\":\"2025-08-19T12:02:17+00:00\",\"description\":\"D\u00e9couvrez KRAID Fruit de la Passion : une saveur tropicale avec un spectre complet de CBD pour la relaxation, l'\u00e9quilibre et l'\u00e9nergie naturelle.\",\"breadcrumb\":{\"@id\":\"https:\/\/dutchmicrodosing.com\/fr\/herbes-botaniques\/kratom\/kraid-fruit-de-la-passion-spectre-complet\/#breadcrumb\"},\"inLanguage\":\"fr-FR\",\"potentialAction\":[{\"@type\":\"ReadAction\",\"target\":[\"https:\/\/dutchmicrodosing.com\/fr\/herbes-botaniques\/kratom\/kraid-fruit-de-la-passion-spectre-complet\/\"]}]},{\"@type\":\"ImageObject\",\"inLanguage\":\"fr-FR\",\"@id\":\"https:\/\/dutchmicrodosing.com\/fr\/herbes-botaniques\/kratom\/kraid-fruit-de-la-passion-spectre-complet\/#primaryimage\",\"url\":\"https:\/\/dutchmicrodosing.com\/wp-content\/uploads\/2025\/08\/KRAID-Passion-Fruit-Water-Soluble-Kratom-Full-Spectrum-1.webp\",\"contentUrl\":\"https:\/\/dutchmicrodosing.com\/wp-content\/uploads\/2025\/08\/KRAID-Passion-Fruit-Water-Soluble-Kratom-Full-Spectrum-1.webp\",\"width\":600,\"height\":600},{\"@type\":\"BreadcrumbList\",\"@id\":\"https:\/\/dutchmicrodosing.com\/fr\/herbes-botaniques\/kratom\/kraid-fruit-de-la-passion-spectre-complet\/#breadcrumb\",\"itemListElement\":[{\"@type\":\"ListItem\",\"position\":1,\"name\":\"Home\",\"item\":\"https:\/\/dutchmicrodosing.com\/fr\/\"},{\"@type\":\"ListItem\",\"position\":2,\"name\":\"Boutique\",\"item\":\"https:\/\/dutchmicrodosing.com\/fr\/boutique\/\"},{\"@type\":\"ListItem\",\"position\":3,\"name\":\"KRAID Fruit de la passion &#8211; Spectre complet\"}]},{\"@type\":\"WebSite\",\"@id\":\"https:\/\/dutchmicrodosing.com\/fr\/#website\",\"url\":\"https:\/\/dutchmicrodosing.com\/fr\/\",\"name\":\"Dutchmicrodosing\",\"description\":\"\",\"publisher\":{\"@id\":\"https:\/\/dutchmicrodosing.com\/fr\/#organization\"},\"potentialAction\":[{\"@type\":\"SearchAction\",\"target\":{\"@type\":\"EntryPoint\",\"urlTemplate\":\"https:\/\/dutchmicrodosing.com\/fr\/?s={search_term_string}\"},\"query-input\":{\"@type\":\"PropertyValueSpecification\",\"valueRequired\":true,\"valueName\":\"search_term_string\"}}],\"inLanguage\":\"fr-FR\"},{\"@type\":\"Organization\",\"@id\":\"https:\/\/dutchmicrodosing.com\/fr\/#organization\",\"name\":\"Dutchmicrodosing\",\"url\":\"https:\/\/dutchmicrodosing.com\/fr\/\",\"logo\":{\"@type\":\"ImageObject\",\"inLanguage\":\"fr-FR\",\"@id\":\"https:\/\/dutchmicrodosing.com\/fr\/#\/schema\/logo\/image\/\",\"url\":\"https:\/\/dutchmicrodosing.com\/wp-content\/uploads\/2021\/01\/microdosing-categorie-pic-nieuw.jpg\",\"contentUrl\":\"https:\/\/dutchmicrodosing.com\/wp-content\/uploads\/2021\/01\/microdosing-categorie-pic-nieuw.jpg\",\"width\":500,\"height\":500,\"caption\":\"Dutchmicrodosing\"},\"image\":{\"@id\":\"https:\/\/dutchmicrodosing.com\/fr\/#\/schema\/logo\/image\/\"},\"sameAs\":[\"https:\/\/www.facebook.com\/Dutchmicrodosingxp\/\",\"https:\/\/www.instagram.com\/dutchmicrodosing\/\"]}]}<\/script>\n<meta property=\"product:price:amount\" content=\"5.95\" \/>\n<meta property=\"product:price:currency\" content=\"EUR\" \/>\n<meta property=\"og:availability\" content=\"instock\" \/>\n<meta property=\"product:availability\" content=\"instock\" \/>\n<meta property=\"product:retailer_item_id\" content=\"4212814\" \/>\n<meta property=\"product:condition\" content=\"new\" \/>\n<!-- \/ Yoast SEO Premium plugin. -->","yoast_head_json":{"title":"KRAID Fruit de la passion - Spectre complet - Dutchmicrodosing","description":"D\u00e9couvrez KRAID Fruit de la Passion : une saveur tropicale avec un spectre complet de CBD pour la relaxation, l'\u00e9quilibre et l'\u00e9nergie naturelle.","robots":{"index":"index","follow":"follow","max-snippet":"max-snippet:-1","max-image-preview":"max-image-preview:large","max-video-preview":"max-video-preview:-1"},"canonical":"https:\/\/dutchmicrodosing.com\/fr\/herbes-botaniques\/kratom\/kraid-fruit-de-la-passion-spectre-complet\/","og_locale":"fr_FR","og_type":"article","og_title":"KRAID Fruit de la passion - Spectre complet","og_description":"KRAID Passion Fruit - Full Spectrum est un extrait de cratome soluble dans l'eau avec une touche tropicale. Gr\u00e2ce \u00e0 l'ar\u00f4me frais de fruit de la passion,","og_url":"https:\/\/dutchmicrodosing.com\/fr\/herbes-botaniques\/kratom\/kraid-fruit-de-la-passion-spectre-complet\/","og_site_name":"Dutchmicrodosing","article_publisher":"https:\/\/www.facebook.com\/Dutchmicrodosingxp\/","article_modified_time":"2025-08-19T12:02:17+00:00","og_image":[{"width":600,"height":600,"url":"https:\/\/dutchmicrodosing.com\/wp-content\/uploads\/2025\/08\/KRAID-Passion-Fruit-Water-Soluble-Kratom-Full-Spectrum-1.webp","type":"image\/webp"}],"twitter_card":"summary_large_image","schema":{"@context":"https:\/\/schema.org","@graph":[{"@type":"WebPage","@id":"https:\/\/dutchmicrodosing.com\/fr\/herbes-botaniques\/kratom\/kraid-fruit-de-la-passion-spectre-complet\/","url":"https:\/\/dutchmicrodosing.com\/fr\/herbes-botaniques\/kratom\/kraid-fruit-de-la-passion-spectre-complet\/","name":"KRAID Fruit de la passion - Spectre complet - Dutchmicrodosing","isPartOf":{"@id":"https:\/\/dutchmicrodosing.com\/fr\/#website"},"primaryImageOfPage":{"@id":"https:\/\/dutchmicrodosing.com\/fr\/herbes-botaniques\/kratom\/kraid-fruit-de-la-passion-spectre-complet\/#primaryimage"},"image":{"@id":"https:\/\/dutchmicrodosing.com\/fr\/herbes-botaniques\/kratom\/kraid-fruit-de-la-passion-spectre-complet\/#primaryimage"},"thumbnailUrl":"https:\/\/dutchmicrodosing.com\/wp-content\/uploads\/2025\/08\/KRAID-Passion-Fruit-Water-Soluble-Kratom-Full-Spectrum-1.webp","datePublished":"2025-08-04T07:48:10+00:00","dateModified":"2025-08-19T12:02:17+00:00","description":"D\u00e9couvrez KRAID Fruit de la Passion : une saveur tropicale avec un spectre complet de CBD pour la relaxation, l'\u00e9quilibre et l'\u00e9nergie naturelle.","breadcrumb":{"@id":"https:\/\/dutchmicrodosing.com\/fr\/herbes-botaniques\/kratom\/kraid-fruit-de-la-passion-spectre-complet\/#breadcrumb"},"inLanguage":"fr-FR","potentialAction":[{"@type":"ReadAction","target":["https:\/\/dutchmicrodosing.com\/fr\/herbes-botaniques\/kratom\/kraid-fruit-de-la-passion-spectre-complet\/"]}]},{"@type":"ImageObject","inLanguage":"fr-FR","@id":"https:\/\/dutchmicrodosing.com\/fr\/herbes-botaniques\/kratom\/kraid-fruit-de-la-passion-spectre-complet\/#primaryimage","url":"https:\/\/dutchmicrodosing.com\/wp-content\/uploads\/2025\/08\/KRAID-Passion-Fruit-Water-Soluble-Kratom-Full-Spectrum-1.webp","contentUrl":"https:\/\/dutchmicrodosing.com\/wp-content\/uploads\/2025\/08\/KRAID-Passion-Fruit-Water-Soluble-Kratom-Full-Spectrum-1.webp","width":600,"height":600},{"@type":"BreadcrumbList","@id":"https:\/\/dutchmicrodosing.com\/fr\/herbes-botaniques\/kratom\/kraid-fruit-de-la-passion-spectre-complet\/#breadcrumb","itemListElement":[{"@type":"ListItem","position":1,"name":"Home","item":"https:\/\/dutchmicrodosing.com\/fr\/"},{"@type":"ListItem","position":2,"name":"Boutique","item":"https:\/\/dutchmicrodosing.com\/fr\/boutique\/"},{"@type":"ListItem","position":3,"name":"KRAID Fruit de la passion &#8211; Spectre complet"}]},{"@type":"WebSite","@id":"https:\/\/dutchmicrodosing.com\/fr\/#website","url":"https:\/\/dutchmicrodosing.com\/fr\/","name":"Dutchmicrodosing","description":"","publisher":{"@id":"https:\/\/dutchmicrodosing.com\/fr\/#organization"},"potentialAction":[{"@type":"SearchAction","target":{"@type":"EntryPoint","urlTemplate":"https:\/\/dutchmicrodosing.com\/fr\/?s={search_term_string}"},"query-input":{"@type":"PropertyValueSpecification","valueRequired":true,"valueName":"search_term_string"}}],"inLanguage":"fr-FR"},{"@type":"Organization","@id":"https:\/\/dutchmicrodosing.com\/fr\/#organization","name":"Dutchmicrodosing","url":"https:\/\/dutchmicrodosing.com\/fr\/","logo":{"@type":"ImageObject","inLanguage":"fr-FR","@id":"https:\/\/dutchmicrodosing.com\/fr\/#\/schema\/logo\/image\/","url":"https:\/\/dutchmicrodosing.com\/wp-content\/uploads\/2021\/01\/microdosing-categorie-pic-nieuw.jpg","contentUrl":"https:\/\/dutchmicrodosing.com\/wp-content\/uploads\/2021\/01\/microdosing-categorie-pic-nieuw.jpg","width":500,"height":500,"caption":"Dutchmicrodosing"},"image":{"@id":"https:\/\/dutchmicrodosing.com\/fr\/#\/schema\/logo\/image\/"},"sameAs":["https:\/\/www.facebook.com\/Dutchmicrodosingxp\/","https:\/\/www.instagram.com\/dutchmicrodosing\/"]}]},"product_price_amount":"5.95","product_price_currency":"EUR","og_availability":"instock","product_availability":"instock","product_retailer_item_id":"4212814","product_condition":"new"},"_links":{"self":[{"href":"https:\/\/dutchmicrodosing.com\/fr\/wp-json\/wp\/v2\/product\/52649","targetHints":{"allow":["GET"]}}],"collection":[{"href":"https:\/\/dutchmicrodosing.com\/fr\/wp-json\/wp\/v2\/product"}],"about":[{"href":"https:\/\/dutchmicrodosing.com\/fr\/wp-json\/wp\/v2\/types\/product"}],"replies":[{"embeddable":true,"href":"https:\/\/dutchmicrodosing.com\/fr\/wp-json\/wp\/v2\/comments?post=52649"}],"version-history":[{"count":0,"href":"https:\/\/dutchmicrodosing.com\/fr\/wp-json\/wp\/v2\/product\/52649\/revisions"}],"wp:featuredmedia":[{"embeddable":true,"href":"https:\/\/dutchmicrodosing.com\/fr\/wp-json\/wp\/v2\/media\/55017"}],"wp:attachment":[{"href":"https:\/\/dutchmicrodosing.com\/fr\/wp-json\/wp\/v2\/media?parent=52649"}],"wp:term":[{"taxonomy":"product_brand","embeddable":true,"href":"https:\/\/dutchmicrodosing.com\/fr\/wp-json\/wp\/v2\/product_brand?post=52649"},{"taxonomy":"product_cat","embeddable":true,"href":"https:\/\/dutchmicrodosing.com\/fr\/wp-json\/wp\/v2\/product_cat?post=52649"},{"taxonomy":"product_tag","embeddable":true,"href":"https:\/\/dutchmicrodosing.com\/fr\/wp-json\/wp\/v2\/product_tag?post=52649"}],"curies":[{"name":"wp","href":"https:\/\/api.w.org\/{rel}","templated":true}]}}