{"id":52674,"date":"2025-08-04T10:13:36","date_gmt":"2025-08-04T08:13:36","guid":{"rendered":"https:\/\/dutchmicrodosing.com\/product\/spray-buccal-a-la-melatonine-arome-fruit-de-la-passion\/"},"modified":"2025-08-19T17:06:17","modified_gmt":"2025-08-19T15:06:17","slug":"spray-buccal-a-la-melatonine-arome-fruit-de-la-passion","status":"publish","type":"product","link":"https:\/\/dutchmicrodosing.com\/fr\/boutique-de-sante\/supplements-pour-le-sommeil\/spray-buccal-a-la-melatonine-arome-fruit-de-la-passion\/","title":{"rendered":"Spray buccal \u00e0 la m\u00e9latonine &#8211; Ar\u00f4me fruit de la passion"},"content":{"rendered":"<p>Le <strong>spray buccal \u00e0 la m\u00e9latonine &#8211; ar\u00f4me fruit de la passion<\/strong> de Happy Caps est un moyen simple et rapide de favoriser votre sommeil du soir. L&rsquo;ar\u00f4me tropical de fruit de la passion et l&rsquo;absorption rapide par la muqueuse buccale rendent ce produit id\u00e9al pour la routine du soir &#8211; sans eau ni comprim\u00e9s. Que vous souffriez du d\u00e9calage horaire, de rythmes de sommeil irr\u00e9guliers ou que vous ayez simplement besoin d&rsquo;un petit coup de pouce pour vous endormir, ce spray est fait pour vous.<\/p>\n<h3>Caract\u00e9ristiques <strong>Spray buccal \u00e0 la m\u00e9latonine &#8211; Ar\u00f4me fruit de la passion<\/strong><\/h3>\n<p>Ce spray buccal compact est parfait pour les d\u00e9placements ou la table de chevet. Gr\u00e2ce \u00e0 son absorption par la muqueuse buccale, il agit rapidement et efficacement. Facile \u00e0 utiliser et agr\u00e9able \u00e0 d\u00e9guster.<\/p>\n<ul>\n<li>Favorise l&rsquo;endormissement naturel<\/li>\n<li>Effet rapide &#8211; agit souvent en 10 minutes<\/li>\n<li>Pas besoin de comprim\u00e9s ni d&rsquo;eau<\/li>\n<li>Ar\u00f4me tropical de fruit de la passion<\/li>\n<li>Taille pratique, id\u00e9ale pour les voyages ou la maison<\/li>\n<\/ul>\n<h3>Ingr\u00e9dients et\/ou composition<\/h3>\n<p>M\u00e9latonine (substance active), ar\u00f4mes naturels (fruit de la passion), autres excipients (non sp\u00e9cifi\u00e9s).<\/p>\n<h3>Utilisation<\/h3>\n<p>Vaporiser 1 \u00e0 4 fois directement dans la bouche ou sous la langue. Maintenir le liquide dans la bouche pendant 30 \u00e0 60 secondes avant de l&rsquo;avaler pour une absorption optimale. Utiliser environ 15 minutes avant le coucher.<\/p>\n<h3>Contenu<\/h3>\n<ul>\n<li>10 ml par paquet<\/li>\n<li>Suffisante pour de multiples applications<\/li>\n<\/ul>\n<h3>Avis de non-responsabilit\u00e9<\/h3>\n<p><em>Le contenu de ce texte est fourni \u00e0 titre d&rsquo;information uniquement et ne remplace pas l&rsquo;avis d&rsquo;un professionnel de la sant\u00e9. N&rsquo;utilisez pas ce produit si vous avez moins de 18 ans, si vous \u00eates enceinte ou si vous allaitez. Consulter un m\u00e9decin en cas de questions relatives aux m\u00e9dicaments ou \u00e0 la sant\u00e9.<\/em><\/p>\n","protected":false},"excerpt":{"rendered":"<p>Le spray buccal \u00e0 la m\u00e9latonine &#8211; ar\u00f4me fruit de la passion de Happy Caps est un moyen simple et rapide de favoriser votre sommeil du soir. L&rsquo;ar\u00f4me tropical de fruit de la passion et l&rsquo;absorption rapide par la muqueuse buccale rendent ce produit id\u00e9al pour la routine du soir &#8211; sans eau ni comprim\u00e9s. [&hellip;]<\/p>\n","protected":false},"featured_media":52668,"comment_status":"closed","ping_status":"closed","template":"","meta":[],"product_brand":[],"product_cat":[307],"product_tag":[],"class_list":{"0":"post-52674","1":"product","2":"type-product","3":"status-publish","4":"has-post-thumbnail","6":"product_cat-supplements-pour-le-sommeil","8":"first","9":"instock","10":"taxable","11":"shipping-taxable","12":"purchasable","13":"product-type-simple"},"yoast_head":"<!-- This site is optimized with the Yoast SEO Premium plugin v26.4 (Yoast SEO v27.2) - https:\/\/yoast.com\/product\/yoast-seo-premium-wordpress\/ -->\n<title>Spray buccal \u00e0 la m\u00e9latonine - Ar\u00f4me fruit de la passion - Dutchmicrodosing<\/title>\n<meta name=\"description\" content=\"Spray buccal \u00e0 la m\u00e9latonine - Ar\u00f4me fruit de la passion. Favorise le sommeil naturel, rapide et facile, avec une saveur tropicale.\" \/>\n<meta name=\"robots\" content=\"index, follow, max-snippet:-1, max-image-preview:large, max-video-preview:-1\" \/>\n<link rel=\"canonical\" href=\"https:\/\/dutchmicrodosing.com\/fr\/boutique-de-sante\/supplements-pour-le-sommeil\/spray-buccal-a-la-melatonine-arome-fruit-de-la-passion\/\" \/>\n<meta property=\"og:locale\" content=\"fr_FR\" \/>\n<meta property=\"og:type\" content=\"article\" \/>\n<meta property=\"og:title\" content=\"Spray buccal \u00e0 la m\u00e9latonine - Ar\u00f4me fruit de la passion\" \/>\n<meta property=\"og:description\" content=\"Le spray buccal \u00e0 la m\u00e9latonine - ar\u00f4me fruit de la passion de Happy Caps est un moyen simple et rapide de favoriser votre sommeil du soir. L&#039;ar\u00f4me\" \/>\n<meta property=\"og:url\" content=\"https:\/\/dutchmicrodosing.com\/fr\/boutique-de-sante\/supplements-pour-le-sommeil\/spray-buccal-a-la-melatonine-arome-fruit-de-la-passion\/\" \/>\n<meta property=\"og:site_name\" content=\"Dutchmicrodosing\" \/>\n<meta property=\"article:publisher\" content=\"https:\/\/www.facebook.com\/Dutchmicrodosingxp\/\" \/>\n<meta property=\"article:modified_time\" content=\"2025-08-19T15:06:17+00:00\" \/>\n<meta property=\"og:image\" content=\"https:\/\/dutchmicrodosing.com\/wp-content\/uploads\/2025\/08\/Happy-Caps-Doosje-Melatonin-spray-2.webp\" \/>\n\t<meta property=\"og:image:width\" content=\"1000\" \/>\n\t<meta property=\"og:image:height\" content=\"1000\" \/>\n\t<meta property=\"og:image:type\" content=\"image\/webp\" \/>\n<meta name=\"twitter:card\" content=\"summary_large_image\" \/>\n<script type=\"application\/ld+json\" class=\"yoast-schema-graph\">{\"@context\":\"https:\/\/schema.org\",\"@graph\":[{\"@type\":\"WebPage\",\"@id\":\"https:\/\/dutchmicrodosing.com\/fr\/boutique-de-sante\/supplements-pour-le-sommeil\/spray-buccal-a-la-melatonine-arome-fruit-de-la-passion\/\",\"url\":\"https:\/\/dutchmicrodosing.com\/fr\/boutique-de-sante\/supplements-pour-le-sommeil\/spray-buccal-a-la-melatonine-arome-fruit-de-la-passion\/\",\"name\":\"Spray buccal \u00e0 la m\u00e9latonine - Ar\u00f4me fruit de la passion - Dutchmicrodosing\",\"isPartOf\":{\"@id\":\"https:\/\/dutchmicrodosing.com\/fr\/#website\"},\"primaryImageOfPage\":{\"@id\":\"https:\/\/dutchmicrodosing.com\/fr\/boutique-de-sante\/supplements-pour-le-sommeil\/spray-buccal-a-la-melatonine-arome-fruit-de-la-passion\/#primaryimage\"},\"image\":{\"@id\":\"https:\/\/dutchmicrodosing.com\/fr\/boutique-de-sante\/supplements-pour-le-sommeil\/spray-buccal-a-la-melatonine-arome-fruit-de-la-passion\/#primaryimage\"},\"thumbnailUrl\":\"https:\/\/dutchmicrodosing.com\/wp-content\/uploads\/2025\/08\/Happy-Caps-Doosje-Melatonin-spray-2.webp\",\"datePublished\":\"2025-08-04T08:13:36+00:00\",\"dateModified\":\"2025-08-19T15:06:17+00:00\",\"description\":\"Spray buccal \u00e0 la m\u00e9latonine - Ar\u00f4me fruit de la passion. Favorise le sommeil naturel, rapide et facile, avec une saveur tropicale.\",\"breadcrumb\":{\"@id\":\"https:\/\/dutchmicrodosing.com\/fr\/boutique-de-sante\/supplements-pour-le-sommeil\/spray-buccal-a-la-melatonine-arome-fruit-de-la-passion\/#breadcrumb\"},\"inLanguage\":\"fr-FR\",\"potentialAction\":[{\"@type\":\"ReadAction\",\"target\":[\"https:\/\/dutchmicrodosing.com\/fr\/boutique-de-sante\/supplements-pour-le-sommeil\/spray-buccal-a-la-melatonine-arome-fruit-de-la-passion\/\"]}]},{\"@type\":\"ImageObject\",\"inLanguage\":\"fr-FR\",\"@id\":\"https:\/\/dutchmicrodosing.com\/fr\/boutique-de-sante\/supplements-pour-le-sommeil\/spray-buccal-a-la-melatonine-arome-fruit-de-la-passion\/#primaryimage\",\"url\":\"https:\/\/dutchmicrodosing.com\/wp-content\/uploads\/2025\/08\/Happy-Caps-Doosje-Melatonin-spray-2.webp\",\"contentUrl\":\"https:\/\/dutchmicrodosing.com\/wp-content\/uploads\/2025\/08\/Happy-Caps-Doosje-Melatonin-spray-2.webp\",\"width\":1000,\"height\":1000},{\"@type\":\"BreadcrumbList\",\"@id\":\"https:\/\/dutchmicrodosing.com\/fr\/boutique-de-sante\/supplements-pour-le-sommeil\/spray-buccal-a-la-melatonine-arome-fruit-de-la-passion\/#breadcrumb\",\"itemListElement\":[{\"@type\":\"ListItem\",\"position\":1,\"name\":\"Home\",\"item\":\"https:\/\/dutchmicrodosing.com\/fr\/\"},{\"@type\":\"ListItem\",\"position\":2,\"name\":\"Boutique\",\"item\":\"https:\/\/dutchmicrodosing.com\/fr\/boutique\/\"},{\"@type\":\"ListItem\",\"position\":3,\"name\":\"Spray buccal \u00e0 la m\u00e9latonine &#8211; Ar\u00f4me fruit de la passion\"}]},{\"@type\":\"WebSite\",\"@id\":\"https:\/\/dutchmicrodosing.com\/fr\/#website\",\"url\":\"https:\/\/dutchmicrodosing.com\/fr\/\",\"name\":\"Dutchmicrodosing\",\"description\":\"\",\"publisher\":{\"@id\":\"https:\/\/dutchmicrodosing.com\/fr\/#organization\"},\"potentialAction\":[{\"@type\":\"SearchAction\",\"target\":{\"@type\":\"EntryPoint\",\"urlTemplate\":\"https:\/\/dutchmicrodosing.com\/fr\/?s={search_term_string}\"},\"query-input\":{\"@type\":\"PropertyValueSpecification\",\"valueRequired\":true,\"valueName\":\"search_term_string\"}}],\"inLanguage\":\"fr-FR\"},{\"@type\":\"Organization\",\"@id\":\"https:\/\/dutchmicrodosing.com\/fr\/#organization\",\"name\":\"Dutchmicrodosing\",\"url\":\"https:\/\/dutchmicrodosing.com\/fr\/\",\"logo\":{\"@type\":\"ImageObject\",\"inLanguage\":\"fr-FR\",\"@id\":\"https:\/\/dutchmicrodosing.com\/fr\/#\/schema\/logo\/image\/\",\"url\":\"https:\/\/dutchmicrodosing.com\/wp-content\/uploads\/2021\/01\/microdosing-categorie-pic-nieuw.jpg\",\"contentUrl\":\"https:\/\/dutchmicrodosing.com\/wp-content\/uploads\/2021\/01\/microdosing-categorie-pic-nieuw.jpg\",\"width\":500,\"height\":500,\"caption\":\"Dutchmicrodosing\"},\"image\":{\"@id\":\"https:\/\/dutchmicrodosing.com\/fr\/#\/schema\/logo\/image\/\"},\"sameAs\":[\"https:\/\/www.facebook.com\/Dutchmicrodosingxp\/\",\"https:\/\/www.instagram.com\/dutchmicrodosing\/\"]}]}<\/script>\n<meta property=\"product:price:amount\" content=\"7.50\" \/>\n<meta property=\"product:price:currency\" content=\"EUR\" \/>\n<meta property=\"og:availability\" content=\"instock\" \/>\n<meta property=\"product:availability\" content=\"instock\" \/>\n<meta property=\"product:retailer_item_id\" content=\"5207838\" \/>\n<meta property=\"product:condition\" content=\"new\" \/>\n<!-- \/ Yoast SEO Premium plugin. -->","yoast_head_json":{"title":"Spray buccal \u00e0 la m\u00e9latonine - Ar\u00f4me fruit de la passion - Dutchmicrodosing","description":"Spray buccal \u00e0 la m\u00e9latonine - Ar\u00f4me fruit de la passion. Favorise le sommeil naturel, rapide et facile, avec une saveur tropicale.","robots":{"index":"index","follow":"follow","max-snippet":"max-snippet:-1","max-image-preview":"max-image-preview:large","max-video-preview":"max-video-preview:-1"},"canonical":"https:\/\/dutchmicrodosing.com\/fr\/boutique-de-sante\/supplements-pour-le-sommeil\/spray-buccal-a-la-melatonine-arome-fruit-de-la-passion\/","og_locale":"fr_FR","og_type":"article","og_title":"Spray buccal \u00e0 la m\u00e9latonine - Ar\u00f4me fruit de la passion","og_description":"Le spray buccal \u00e0 la m\u00e9latonine - ar\u00f4me fruit de la passion de Happy Caps est un moyen simple et rapide de favoriser votre sommeil du soir. L'ar\u00f4me","og_url":"https:\/\/dutchmicrodosing.com\/fr\/boutique-de-sante\/supplements-pour-le-sommeil\/spray-buccal-a-la-melatonine-arome-fruit-de-la-passion\/","og_site_name":"Dutchmicrodosing","article_publisher":"https:\/\/www.facebook.com\/Dutchmicrodosingxp\/","article_modified_time":"2025-08-19T15:06:17+00:00","og_image":[{"width":1000,"height":1000,"url":"https:\/\/dutchmicrodosing.com\/wp-content\/uploads\/2025\/08\/Happy-Caps-Doosje-Melatonin-spray-2.webp","type":"image\/webp"}],"twitter_card":"summary_large_image","schema":{"@context":"https:\/\/schema.org","@graph":[{"@type":"WebPage","@id":"https:\/\/dutchmicrodosing.com\/fr\/boutique-de-sante\/supplements-pour-le-sommeil\/spray-buccal-a-la-melatonine-arome-fruit-de-la-passion\/","url":"https:\/\/dutchmicrodosing.com\/fr\/boutique-de-sante\/supplements-pour-le-sommeil\/spray-buccal-a-la-melatonine-arome-fruit-de-la-passion\/","name":"Spray buccal \u00e0 la m\u00e9latonine - Ar\u00f4me fruit de la passion - Dutchmicrodosing","isPartOf":{"@id":"https:\/\/dutchmicrodosing.com\/fr\/#website"},"primaryImageOfPage":{"@id":"https:\/\/dutchmicrodosing.com\/fr\/boutique-de-sante\/supplements-pour-le-sommeil\/spray-buccal-a-la-melatonine-arome-fruit-de-la-passion\/#primaryimage"},"image":{"@id":"https:\/\/dutchmicrodosing.com\/fr\/boutique-de-sante\/supplements-pour-le-sommeil\/spray-buccal-a-la-melatonine-arome-fruit-de-la-passion\/#primaryimage"},"thumbnailUrl":"https:\/\/dutchmicrodosing.com\/wp-content\/uploads\/2025\/08\/Happy-Caps-Doosje-Melatonin-spray-2.webp","datePublished":"2025-08-04T08:13:36+00:00","dateModified":"2025-08-19T15:06:17+00:00","description":"Spray buccal \u00e0 la m\u00e9latonine - Ar\u00f4me fruit de la passion. Favorise le sommeil naturel, rapide et facile, avec une saveur tropicale.","breadcrumb":{"@id":"https:\/\/dutchmicrodosing.com\/fr\/boutique-de-sante\/supplements-pour-le-sommeil\/spray-buccal-a-la-melatonine-arome-fruit-de-la-passion\/#breadcrumb"},"inLanguage":"fr-FR","potentialAction":[{"@type":"ReadAction","target":["https:\/\/dutchmicrodosing.com\/fr\/boutique-de-sante\/supplements-pour-le-sommeil\/spray-buccal-a-la-melatonine-arome-fruit-de-la-passion\/"]}]},{"@type":"ImageObject","inLanguage":"fr-FR","@id":"https:\/\/dutchmicrodosing.com\/fr\/boutique-de-sante\/supplements-pour-le-sommeil\/spray-buccal-a-la-melatonine-arome-fruit-de-la-passion\/#primaryimage","url":"https:\/\/dutchmicrodosing.com\/wp-content\/uploads\/2025\/08\/Happy-Caps-Doosje-Melatonin-spray-2.webp","contentUrl":"https:\/\/dutchmicrodosing.com\/wp-content\/uploads\/2025\/08\/Happy-Caps-Doosje-Melatonin-spray-2.webp","width":1000,"height":1000},{"@type":"BreadcrumbList","@id":"https:\/\/dutchmicrodosing.com\/fr\/boutique-de-sante\/supplements-pour-le-sommeil\/spray-buccal-a-la-melatonine-arome-fruit-de-la-passion\/#breadcrumb","itemListElement":[{"@type":"ListItem","position":1,"name":"Home","item":"https:\/\/dutchmicrodosing.com\/fr\/"},{"@type":"ListItem","position":2,"name":"Boutique","item":"https:\/\/dutchmicrodosing.com\/fr\/boutique\/"},{"@type":"ListItem","position":3,"name":"Spray buccal \u00e0 la m\u00e9latonine &#8211; Ar\u00f4me fruit de la passion"}]},{"@type":"WebSite","@id":"https:\/\/dutchmicrodosing.com\/fr\/#website","url":"https:\/\/dutchmicrodosing.com\/fr\/","name":"Dutchmicrodosing","description":"","publisher":{"@id":"https:\/\/dutchmicrodosing.com\/fr\/#organization"},"potentialAction":[{"@type":"SearchAction","target":{"@type":"EntryPoint","urlTemplate":"https:\/\/dutchmicrodosing.com\/fr\/?s={search_term_string}"},"query-input":{"@type":"PropertyValueSpecification","valueRequired":true,"valueName":"search_term_string"}}],"inLanguage":"fr-FR"},{"@type":"Organization","@id":"https:\/\/dutchmicrodosing.com\/fr\/#organization","name":"Dutchmicrodosing","url":"https:\/\/dutchmicrodosing.com\/fr\/","logo":{"@type":"ImageObject","inLanguage":"fr-FR","@id":"https:\/\/dutchmicrodosing.com\/fr\/#\/schema\/logo\/image\/","url":"https:\/\/dutchmicrodosing.com\/wp-content\/uploads\/2021\/01\/microdosing-categorie-pic-nieuw.jpg","contentUrl":"https:\/\/dutchmicrodosing.com\/wp-content\/uploads\/2021\/01\/microdosing-categorie-pic-nieuw.jpg","width":500,"height":500,"caption":"Dutchmicrodosing"},"image":{"@id":"https:\/\/dutchmicrodosing.com\/fr\/#\/schema\/logo\/image\/"},"sameAs":["https:\/\/www.facebook.com\/Dutchmicrodosingxp\/","https:\/\/www.instagram.com\/dutchmicrodosing\/"]}]},"product_price_amount":"7.50","product_price_currency":"EUR","og_availability":"instock","product_availability":"instock","product_retailer_item_id":"5207838","product_condition":"new"},"_links":{"self":[{"href":"https:\/\/dutchmicrodosing.com\/fr\/wp-json\/wp\/v2\/product\/52674","targetHints":{"allow":["GET"]}}],"collection":[{"href":"https:\/\/dutchmicrodosing.com\/fr\/wp-json\/wp\/v2\/product"}],"about":[{"href":"https:\/\/dutchmicrodosing.com\/fr\/wp-json\/wp\/v2\/types\/product"}],"replies":[{"embeddable":true,"href":"https:\/\/dutchmicrodosing.com\/fr\/wp-json\/wp\/v2\/comments?post=52674"}],"version-history":[{"count":0,"href":"https:\/\/dutchmicrodosing.com\/fr\/wp-json\/wp\/v2\/product\/52674\/revisions"}],"wp:featuredmedia":[{"embeddable":true,"href":"https:\/\/dutchmicrodosing.com\/fr\/wp-json\/wp\/v2\/media\/52668"}],"wp:attachment":[{"href":"https:\/\/dutchmicrodosing.com\/fr\/wp-json\/wp\/v2\/media?parent=52674"}],"wp:term":[{"taxonomy":"product_brand","embeddable":true,"href":"https:\/\/dutchmicrodosing.com\/fr\/wp-json\/wp\/v2\/product_brand?post=52674"},{"taxonomy":"product_cat","embeddable":true,"href":"https:\/\/dutchmicrodosing.com\/fr\/wp-json\/wp\/v2\/product_cat?post=52674"},{"taxonomy":"product_tag","embeddable":true,"href":"https:\/\/dutchmicrodosing.com\/fr\/wp-json\/wp\/v2\/product_tag?post=52674"}],"curies":[{"name":"wp","href":"https:\/\/api.w.org\/{rel}","templated":true}]}}