{"id":55163,"date":"2025-05-21T20:32:17","date_gmt":"2025-05-21T18:32:17","guid":{"rendered":"https:\/\/dutchmicrodosing.com\/shop\/non%20class\u00e9\/micro-boost-start-coaching\/"},"modified":"2025-09-01T18:00:28","modified_gmt":"2025-09-01T16:00:28","slug":"micro-boost-start-coaching","status":"publish","type":"product","link":"https:\/\/dutchmicrodosing.com\/fr\/microdosage\/micro-boost-start-coaching\/","title":{"rendered":"Micro Boost Start &#8211; Coaching"},"content":{"rendered":"<p><strong>Micro Boost Start<\/strong> est sp\u00e9cialement con\u00e7u pour tous ceux qui souhaitent en savoir plus sur le microdosage et d\u00e9couvrir ce qu&rsquo;il peut faire pour eux d&rsquo;une mani\u00e8re accessible. Au cours d&rsquo;une session d&rsquo;environ 40 minutes, vous d\u00e9couvrirez les bases du microdosage et la mani\u00e8re dont il peut soutenir le d\u00e9veloppement personnel lorsqu&rsquo;il est associ\u00e9 au coaching.<\/p>\n<p>Cette session est id\u00e9ale si vous \u00eates curieux de d\u00e9couvrir le microdosage, mais que vous souhaitez d&rsquo;abord explorer tranquillement si cette approche vous convient &#8211; sans vous embarquer imm\u00e9diatement dans un voyage \u00e0 long terme.<\/p>\n<h3>Caract\u00e9ristiques<\/h3>\n<ul>\n<li>Micro Boost Start vous explique clairement ce qu&rsquo;est le microdosage.<\/li>\n<li>S\u00e9ance individuelle d&rsquo;environ 40 minutes avec un coach exp\u00e9riment\u00e9<\/li>\n<li>Un espace pour les questions, l&rsquo;exploration et les id\u00e9es pratiques<\/li>\n<li>Pas d&rsquo;obligations : non contraignant et accessible<\/li>\n<\/ul>\n<h3>Contenu<\/h3>\n<p>Le cours comprend une session d&rsquo;introduction, une introduction au microdosage et \u00e0 l&rsquo;utilisation consciente de la cible, compl\u00e9t\u00e9e par des conseils personnalis\u00e9s.<\/p>\n","protected":false},"excerpt":{"rendered":"<p>Micro Boost Start est sp\u00e9cialement con\u00e7u pour tous ceux qui souhaitent en savoir plus sur le microdosage et d\u00e9couvrir ce qu&rsquo;il peut faire pour eux d&rsquo;une mani\u00e8re accessible. Au cours d&rsquo;une session d&rsquo;environ 40 minutes, vous d\u00e9couvrirez les bases du microdosage et la mani\u00e8re dont il peut soutenir le d\u00e9veloppement personnel lorsqu&rsquo;il est associ\u00e9 au [&hellip;]<\/p>\n","protected":false},"featured_media":54953,"comment_status":"closed","ping_status":"closed","template":"","meta":[],"product_brand":[],"product_cat":[100],"product_tag":[],"class_list":{"0":"post-55163","1":"product","2":"type-product","3":"status-publish","4":"has-post-thumbnail","6":"product_cat-microdosage","8":"first","9":"instock","10":"downloadable","11":"virtual","12":"taxable","13":"purchasable","14":"product-type-simple"},"yoast_head":"<!-- This site is optimized with the Yoast SEO Premium plugin v26.4 (Yoast SEO v27.2) - https:\/\/yoast.com\/product\/yoast-seo-premium-wordpress\/ -->\n<title>Micro Boost Start - Commencez votre coaching avec Insight &amp; Focus<\/title>\n<meta name=\"description\" content=\"Commencez votre voyage de croissance personnelle avec un coaching individuel de 40 minutes. Clart\u00e9, orientation et premier pas vers la transformation gr\u00e2ce au microdosage.\" \/>\n<meta name=\"robots\" content=\"index, follow, max-snippet:-1, max-image-preview:large, max-video-preview:-1\" \/>\n<link rel=\"canonical\" href=\"https:\/\/dutchmicrodosing.com\/fr\/microdosage\/micro-boost-start-coaching\/\" \/>\n<meta property=\"og:locale\" content=\"fr_FR\" \/>\n<meta property=\"og:type\" content=\"article\" \/>\n<meta property=\"og:title\" content=\"Micro Boost Start - Coaching\" \/>\n<meta property=\"og:description\" content=\"Micro Boost Start est sp\u00e9cialement con\u00e7u pour tous ceux qui souhaitent en savoir plus sur le microdosage et d\u00e9couvrir ce qu&#039;il peut faire pour eux d&#039;une\" \/>\n<meta property=\"og:url\" content=\"https:\/\/dutchmicrodosing.com\/fr\/microdosage\/micro-boost-start-coaching\/\" \/>\n<meta property=\"og:site_name\" content=\"Dutchmicrodosing\" \/>\n<meta property=\"article:publisher\" content=\"https:\/\/www.facebook.com\/Dutchmicrodosingxp\/\" \/>\n<meta property=\"article:modified_time\" content=\"2025-09-01T16:00:28+00:00\" \/>\n<meta property=\"og:image\" content=\"https:\/\/dutchmicrodosing.com\/wp-content\/uploads\/2025\/08\/b282d6d2-5229-42be-b568-458c20ca5a11.png\" \/>\n\t<meta property=\"og:image:width\" content=\"1024\" \/>\n\t<meta property=\"og:image:height\" content=\"1024\" \/>\n\t<meta property=\"og:image:type\" content=\"image\/png\" \/>\n<meta name=\"twitter:card\" content=\"summary_large_image\" \/>\n<script type=\"application\/ld+json\" class=\"yoast-schema-graph\">{\"@context\":\"https:\/\/schema.org\",\"@graph\":[{\"@type\":\"WebPage\",\"@id\":\"https:\/\/dutchmicrodosing.com\/fr\/microdosage\/micro-boost-start-coaching\/\",\"url\":\"https:\/\/dutchmicrodosing.com\/fr\/microdosage\/micro-boost-start-coaching\/\",\"name\":\"Micro Boost Start - Commencez votre coaching avec Insight & Focus\",\"isPartOf\":{\"@id\":\"https:\/\/dutchmicrodosing.com\/fr\/#website\"},\"primaryImageOfPage\":{\"@id\":\"https:\/\/dutchmicrodosing.com\/fr\/microdosage\/micro-boost-start-coaching\/#primaryimage\"},\"image\":{\"@id\":\"https:\/\/dutchmicrodosing.com\/fr\/microdosage\/micro-boost-start-coaching\/#primaryimage\"},\"thumbnailUrl\":\"https:\/\/dutchmicrodosing.com\/wp-content\/uploads\/2025\/08\/b282d6d2-5229-42be-b568-458c20ca5a11.png\",\"datePublished\":\"2025-05-21T18:32:17+00:00\",\"dateModified\":\"2025-09-01T16:00:28+00:00\",\"description\":\"Commencez votre voyage de croissance personnelle avec un coaching individuel de 40 minutes. Clart\u00e9, orientation et premier pas vers la transformation gr\u00e2ce au microdosage.\",\"breadcrumb\":{\"@id\":\"https:\/\/dutchmicrodosing.com\/fr\/microdosage\/micro-boost-start-coaching\/#breadcrumb\"},\"inLanguage\":\"fr-FR\",\"potentialAction\":[{\"@type\":\"ReadAction\",\"target\":[\"https:\/\/dutchmicrodosing.com\/fr\/microdosage\/micro-boost-start-coaching\/\"]}]},{\"@type\":\"ImageObject\",\"inLanguage\":\"fr-FR\",\"@id\":\"https:\/\/dutchmicrodosing.com\/fr\/microdosage\/micro-boost-start-coaching\/#primaryimage\",\"url\":\"https:\/\/dutchmicrodosing.com\/wp-content\/uploads\/2025\/08\/b282d6d2-5229-42be-b568-458c20ca5a11.png\",\"contentUrl\":\"https:\/\/dutchmicrodosing.com\/wp-content\/uploads\/2025\/08\/b282d6d2-5229-42be-b568-458c20ca5a11.png\",\"width\":1024,\"height\":1024,\"caption\":\"d\u00e9but du microdosage\"},{\"@type\":\"BreadcrumbList\",\"@id\":\"https:\/\/dutchmicrodosing.com\/fr\/microdosage\/micro-boost-start-coaching\/#breadcrumb\",\"itemListElement\":[{\"@type\":\"ListItem\",\"position\":1,\"name\":\"Home\",\"item\":\"https:\/\/dutchmicrodosing.com\/fr\/\"},{\"@type\":\"ListItem\",\"position\":2,\"name\":\"Boutique\",\"item\":\"https:\/\/dutchmicrodosing.com\/fr\/boutique\/\"},{\"@type\":\"ListItem\",\"position\":3,\"name\":\"Micro Boost Start &#8211; Coaching\"}]},{\"@type\":\"WebSite\",\"@id\":\"https:\/\/dutchmicrodosing.com\/fr\/#website\",\"url\":\"https:\/\/dutchmicrodosing.com\/fr\/\",\"name\":\"Dutchmicrodosing\",\"description\":\"\",\"publisher\":{\"@id\":\"https:\/\/dutchmicrodosing.com\/fr\/#organization\"},\"potentialAction\":[{\"@type\":\"SearchAction\",\"target\":{\"@type\":\"EntryPoint\",\"urlTemplate\":\"https:\/\/dutchmicrodosing.com\/fr\/?s={search_term_string}\"},\"query-input\":{\"@type\":\"PropertyValueSpecification\",\"valueRequired\":true,\"valueName\":\"search_term_string\"}}],\"inLanguage\":\"fr-FR\"},{\"@type\":\"Organization\",\"@id\":\"https:\/\/dutchmicrodosing.com\/fr\/#organization\",\"name\":\"Dutchmicrodosing\",\"url\":\"https:\/\/dutchmicrodosing.com\/fr\/\",\"logo\":{\"@type\":\"ImageObject\",\"inLanguage\":\"fr-FR\",\"@id\":\"https:\/\/dutchmicrodosing.com\/fr\/#\/schema\/logo\/image\/\",\"url\":\"https:\/\/dutchmicrodosing.com\/wp-content\/uploads\/2021\/01\/microdosing-categorie-pic-nieuw.jpg\",\"contentUrl\":\"https:\/\/dutchmicrodosing.com\/wp-content\/uploads\/2021\/01\/microdosing-categorie-pic-nieuw.jpg\",\"width\":500,\"height\":500,\"caption\":\"Dutchmicrodosing\"},\"image\":{\"@id\":\"https:\/\/dutchmicrodosing.com\/fr\/#\/schema\/logo\/image\/\"},\"sameAs\":[\"https:\/\/www.facebook.com\/Dutchmicrodosingxp\/\",\"https:\/\/www.instagram.com\/dutchmicrodosing\/\"]}]}<\/script>\n<meta property=\"product:price:amount\" content=\"75.00\" \/>\n<meta property=\"product:price:currency\" content=\"EUR\" \/>\n<meta property=\"og:availability\" content=\"instock\" \/>\n<meta property=\"product:availability\" content=\"instock\" \/>\n<meta property=\"product:retailer_item_id\" content=\"5208782\" \/>\n<meta property=\"product:condition\" content=\"new\" \/>\n<!-- \/ Yoast SEO Premium plugin. -->","yoast_head_json":{"title":"Micro Boost Start - Commencez votre coaching avec Insight & Focus","description":"Commencez votre voyage de croissance personnelle avec un coaching individuel de 40 minutes. Clart\u00e9, orientation et premier pas vers la transformation gr\u00e2ce au microdosage.","robots":{"index":"index","follow":"follow","max-snippet":"max-snippet:-1","max-image-preview":"max-image-preview:large","max-video-preview":"max-video-preview:-1"},"canonical":"https:\/\/dutchmicrodosing.com\/fr\/microdosage\/micro-boost-start-coaching\/","og_locale":"fr_FR","og_type":"article","og_title":"Micro Boost Start - Coaching","og_description":"Micro Boost Start est sp\u00e9cialement con\u00e7u pour tous ceux qui souhaitent en savoir plus sur le microdosage et d\u00e9couvrir ce qu'il peut faire pour eux d'une","og_url":"https:\/\/dutchmicrodosing.com\/fr\/microdosage\/micro-boost-start-coaching\/","og_site_name":"Dutchmicrodosing","article_publisher":"https:\/\/www.facebook.com\/Dutchmicrodosingxp\/","article_modified_time":"2025-09-01T16:00:28+00:00","og_image":[{"width":1024,"height":1024,"url":"https:\/\/dutchmicrodosing.com\/wp-content\/uploads\/2025\/08\/b282d6d2-5229-42be-b568-458c20ca5a11.png","type":"image\/png"}],"twitter_card":"summary_large_image","schema":{"@context":"https:\/\/schema.org","@graph":[{"@type":"WebPage","@id":"https:\/\/dutchmicrodosing.com\/fr\/microdosage\/micro-boost-start-coaching\/","url":"https:\/\/dutchmicrodosing.com\/fr\/microdosage\/micro-boost-start-coaching\/","name":"Micro Boost Start - Commencez votre coaching avec Insight & Focus","isPartOf":{"@id":"https:\/\/dutchmicrodosing.com\/fr\/#website"},"primaryImageOfPage":{"@id":"https:\/\/dutchmicrodosing.com\/fr\/microdosage\/micro-boost-start-coaching\/#primaryimage"},"image":{"@id":"https:\/\/dutchmicrodosing.com\/fr\/microdosage\/micro-boost-start-coaching\/#primaryimage"},"thumbnailUrl":"https:\/\/dutchmicrodosing.com\/wp-content\/uploads\/2025\/08\/b282d6d2-5229-42be-b568-458c20ca5a11.png","datePublished":"2025-05-21T18:32:17+00:00","dateModified":"2025-09-01T16:00:28+00:00","description":"Commencez votre voyage de croissance personnelle avec un coaching individuel de 40 minutes. Clart\u00e9, orientation et premier pas vers la transformation gr\u00e2ce au microdosage.","breadcrumb":{"@id":"https:\/\/dutchmicrodosing.com\/fr\/microdosage\/micro-boost-start-coaching\/#breadcrumb"},"inLanguage":"fr-FR","potentialAction":[{"@type":"ReadAction","target":["https:\/\/dutchmicrodosing.com\/fr\/microdosage\/micro-boost-start-coaching\/"]}]},{"@type":"ImageObject","inLanguage":"fr-FR","@id":"https:\/\/dutchmicrodosing.com\/fr\/microdosage\/micro-boost-start-coaching\/#primaryimage","url":"https:\/\/dutchmicrodosing.com\/wp-content\/uploads\/2025\/08\/b282d6d2-5229-42be-b568-458c20ca5a11.png","contentUrl":"https:\/\/dutchmicrodosing.com\/wp-content\/uploads\/2025\/08\/b282d6d2-5229-42be-b568-458c20ca5a11.png","width":1024,"height":1024,"caption":"d\u00e9but du microdosage"},{"@type":"BreadcrumbList","@id":"https:\/\/dutchmicrodosing.com\/fr\/microdosage\/micro-boost-start-coaching\/#breadcrumb","itemListElement":[{"@type":"ListItem","position":1,"name":"Home","item":"https:\/\/dutchmicrodosing.com\/fr\/"},{"@type":"ListItem","position":2,"name":"Boutique","item":"https:\/\/dutchmicrodosing.com\/fr\/boutique\/"},{"@type":"ListItem","position":3,"name":"Micro Boost Start &#8211; Coaching"}]},{"@type":"WebSite","@id":"https:\/\/dutchmicrodosing.com\/fr\/#website","url":"https:\/\/dutchmicrodosing.com\/fr\/","name":"Dutchmicrodosing","description":"","publisher":{"@id":"https:\/\/dutchmicrodosing.com\/fr\/#organization"},"potentialAction":[{"@type":"SearchAction","target":{"@type":"EntryPoint","urlTemplate":"https:\/\/dutchmicrodosing.com\/fr\/?s={search_term_string}"},"query-input":{"@type":"PropertyValueSpecification","valueRequired":true,"valueName":"search_term_string"}}],"inLanguage":"fr-FR"},{"@type":"Organization","@id":"https:\/\/dutchmicrodosing.com\/fr\/#organization","name":"Dutchmicrodosing","url":"https:\/\/dutchmicrodosing.com\/fr\/","logo":{"@type":"ImageObject","inLanguage":"fr-FR","@id":"https:\/\/dutchmicrodosing.com\/fr\/#\/schema\/logo\/image\/","url":"https:\/\/dutchmicrodosing.com\/wp-content\/uploads\/2021\/01\/microdosing-categorie-pic-nieuw.jpg","contentUrl":"https:\/\/dutchmicrodosing.com\/wp-content\/uploads\/2021\/01\/microdosing-categorie-pic-nieuw.jpg","width":500,"height":500,"caption":"Dutchmicrodosing"},"image":{"@id":"https:\/\/dutchmicrodosing.com\/fr\/#\/schema\/logo\/image\/"},"sameAs":["https:\/\/www.facebook.com\/Dutchmicrodosingxp\/","https:\/\/www.instagram.com\/dutchmicrodosing\/"]}]},"product_price_amount":"75.00","product_price_currency":"EUR","og_availability":"instock","product_availability":"instock","product_retailer_item_id":"5208782","product_condition":"new"},"_links":{"self":[{"href":"https:\/\/dutchmicrodosing.com\/fr\/wp-json\/wp\/v2\/product\/55163","targetHints":{"allow":["GET"]}}],"collection":[{"href":"https:\/\/dutchmicrodosing.com\/fr\/wp-json\/wp\/v2\/product"}],"about":[{"href":"https:\/\/dutchmicrodosing.com\/fr\/wp-json\/wp\/v2\/types\/product"}],"replies":[{"embeddable":true,"href":"https:\/\/dutchmicrodosing.com\/fr\/wp-json\/wp\/v2\/comments?post=55163"}],"version-history":[{"count":0,"href":"https:\/\/dutchmicrodosing.com\/fr\/wp-json\/wp\/v2\/product\/55163\/revisions"}],"wp:featuredmedia":[{"embeddable":true,"href":"https:\/\/dutchmicrodosing.com\/fr\/wp-json\/wp\/v2\/media\/54953"}],"wp:attachment":[{"href":"https:\/\/dutchmicrodosing.com\/fr\/wp-json\/wp\/v2\/media?parent=55163"}],"wp:term":[{"taxonomy":"product_brand","embeddable":true,"href":"https:\/\/dutchmicrodosing.com\/fr\/wp-json\/wp\/v2\/product_brand?post=55163"},{"taxonomy":"product_cat","embeddable":true,"href":"https:\/\/dutchmicrodosing.com\/fr\/wp-json\/wp\/v2\/product_cat?post=55163"},{"taxonomy":"product_tag","embeddable":true,"href":"https:\/\/dutchmicrodosing.com\/fr\/wp-json\/wp\/v2\/product_tag?post=55163"}],"curies":[{"name":"wp","href":"https:\/\/api.w.org\/{rel}","templated":true}]}}