{"id":55179,"date":"2025-05-21T20:36:21","date_gmt":"2025-05-21T18:36:21","guid":{"rendered":"https:\/\/dutchmicrodosing.com\/shop\/non%20class\u00e9\/maitrise-du-bien-etre-et-de-lequilibre-coaching\/"},"modified":"2025-09-01T17:56:31","modified_gmt":"2025-09-01T15:56:31","slug":"maitrise-du-bien-etre-et-de-lequilibre-coaching","status":"publish","type":"product","link":"https:\/\/dutchmicrodosing.com\/fr\/microdosage\/maitrise-du-bien-etre-et-de-lequilibre-coaching\/","title":{"rendered":"Ma\u00eetrise du bien-\u00eatre et de l&rsquo;\u00e9quilibre &#8211; Coaching"},"content":{"rendered":"<p><strong>Well-being &amp; Balance Mastery<\/strong> est un programme intensif de huit sessions con\u00e7u sp\u00e9cifiquement pour ceux qui aspirent \u00e0 une transformation profonde et \u00e0 un changement durable. Ce programme de coaching offre un espace pour aller au c\u0153ur des choses &#8211; dans vos pens\u00e9es, vos sentiments et vos actions.<\/p>\n<p>Avec un coach exp\u00e9riment\u00e9, vous travaillerez \u00e0 briser les vieux sch\u00e9mas, \u00e0 renforcer votre force int\u00e9rieure et \u00e0 cr\u00e9er la paix et l&rsquo;\u00e9quilibre dans votre vie. Vous commencez par une s\u00e9ance d&rsquo;introduction de 90 minutes, suivie de huit s\u00e9ances de coaching de 60 minutes. Il n&rsquo;y a pas de solution miracle, mais un processus durable dont vous \u00eates le centre.<\/p>\n<h3>Caract\u00e9ristiques<\/h3>\n<ul>\n<li>Huit sessions individuelles approfondies avec des conseils personnalis\u00e9s<\/li>\n<li>L&rsquo;accent est mis sur l&rsquo;\u00e9quilibre, la r\u00e9duction du stress et la connaissance de soi.<\/li>\n<li>Espace pour reconna\u00eetre et briser les vieux sch\u00e9mas<\/li>\n<li>Renforce la force int\u00e9rieure et la conscience de soi<\/li>\n<li>Possibilit\u00e9 d&rsquo;int\u00e9grer le microdosage (facultatif et non obligatoire)<\/li>\n<\/ul>\n<h3>Contenu<\/h3>\n<p>Le programme se compose d&rsquo;une s\u00e9ance d&rsquo;introduction et de huit s\u00e9ances de coaching qui associent conseils, r\u00e9flexion et action.<\/p>\n","protected":false},"excerpt":{"rendered":"<p>Well-being &amp; Balance Mastery est un programme intensif de huit sessions con\u00e7u sp\u00e9cifiquement pour ceux qui aspirent \u00e0 une transformation profonde et \u00e0 un changement durable. Ce programme de coaching offre un espace pour aller au c\u0153ur des choses &#8211; dans vos pens\u00e9es, vos sentiments et vos actions. Avec un coach exp\u00e9riment\u00e9, vous travaillerez \u00e0 [&hellip;]<\/p>\n","protected":false},"featured_media":54944,"comment_status":"closed","ping_status":"closed","template":"","meta":[],"product_brand":[],"product_cat":[100],"product_tag":[],"class_list":{"0":"post-55179","1":"product","2":"type-product","3":"status-publish","4":"has-post-thumbnail","6":"product_cat-microdosage","8":"first","9":"instock","10":"downloadable","11":"virtual","12":"taxable","13":"purchasable","14":"product-type-simple"},"yoast_head":"<!-- This site is optimized with the Yoast SEO Premium plugin v26.4 (Yoast SEO v27.2) - https:\/\/yoast.com\/product\/yoast-seo-premium-wordpress\/ -->\n<title>Ma\u00eetrise du bien-\u00eatre et de l&#039;\u00e9quilibre - Coaching pour le repos int\u00e9rieur<\/title>\n<meta name=\"description\" content=\"Faites l&#039;exp\u00e9rience de l&#039;\u00e9quilibre et du bien-\u00eatre gr\u00e2ce \u00e0 ce programme de coaching en 9 s\u00e9ances. Approfondissez votre connaissance de soi, renforcez votre r\u00e9silience et vivez en paix et en conscience.\" \/>\n<meta name=\"robots\" content=\"index, follow, max-snippet:-1, max-image-preview:large, max-video-preview:-1\" \/>\n<link rel=\"canonical\" href=\"https:\/\/dutchmicrodosing.com\/fr\/microdosage\/maitrise-du-bien-etre-et-de-lequilibre-coaching\/\" \/>\n<meta property=\"og:locale\" content=\"fr_FR\" \/>\n<meta property=\"og:type\" content=\"article\" \/>\n<meta property=\"og:title\" content=\"Ma\u00eetrise du bien-\u00eatre et de l&#039;\u00e9quilibre - Coaching\" \/>\n<meta property=\"og:description\" content=\"Well-being &amp; Balance Mastery est un programme intensif de huit sessions con\u00e7u sp\u00e9cifiquement pour ceux qui aspirent \u00e0 une transformation profonde et \u00e0\" \/>\n<meta property=\"og:url\" content=\"https:\/\/dutchmicrodosing.com\/fr\/microdosage\/maitrise-du-bien-etre-et-de-lequilibre-coaching\/\" \/>\n<meta property=\"og:site_name\" content=\"Dutchmicrodosing\" \/>\n<meta property=\"article:publisher\" content=\"https:\/\/www.facebook.com\/Dutchmicrodosingxp\/\" \/>\n<meta property=\"article:modified_time\" content=\"2025-09-01T15:56:31+00:00\" \/>\n<meta property=\"og:image\" content=\"https:\/\/dutchmicrodosing.com\/wp-content\/uploads\/2025\/08\/447b653f-710b-4127-8b3d-f1fd2ad7c02b.png\" \/>\n\t<meta property=\"og:image:width\" content=\"1024\" \/>\n\t<meta property=\"og:image:height\" content=\"1024\" \/>\n\t<meta property=\"og:image:type\" content=\"image\/png\" \/>\n<meta name=\"twitter:card\" content=\"summary_large_image\" \/>\n<script type=\"application\/ld+json\" class=\"yoast-schema-graph\">{\"@context\":\"https:\/\/schema.org\",\"@graph\":[{\"@type\":\"WebPage\",\"@id\":\"https:\/\/dutchmicrodosing.com\/fr\/microdosage\/maitrise-du-bien-etre-et-de-lequilibre-coaching\/\",\"url\":\"https:\/\/dutchmicrodosing.com\/fr\/microdosage\/maitrise-du-bien-etre-et-de-lequilibre-coaching\/\",\"name\":\"Ma\u00eetrise du bien-\u00eatre et de l'\u00e9quilibre - Coaching pour le repos int\u00e9rieur\",\"isPartOf\":{\"@id\":\"https:\/\/dutchmicrodosing.com\/fr\/#website\"},\"primaryImageOfPage\":{\"@id\":\"https:\/\/dutchmicrodosing.com\/fr\/microdosage\/maitrise-du-bien-etre-et-de-lequilibre-coaching\/#primaryimage\"},\"image\":{\"@id\":\"https:\/\/dutchmicrodosing.com\/fr\/microdosage\/maitrise-du-bien-etre-et-de-lequilibre-coaching\/#primaryimage\"},\"thumbnailUrl\":\"https:\/\/dutchmicrodosing.com\/wp-content\/uploads\/2025\/08\/447b653f-710b-4127-8b3d-f1fd2ad7c02b.png\",\"datePublished\":\"2025-05-21T18:36:21+00:00\",\"dateModified\":\"2025-09-01T15:56:31+00:00\",\"description\":\"Faites l'exp\u00e9rience de l'\u00e9quilibre et du bien-\u00eatre gr\u00e2ce \u00e0 ce programme de coaching en 9 s\u00e9ances. Approfondissez votre connaissance de soi, renforcez votre r\u00e9silience et vivez en paix et en conscience.\",\"breadcrumb\":{\"@id\":\"https:\/\/dutchmicrodosing.com\/fr\/microdosage\/maitrise-du-bien-etre-et-de-lequilibre-coaching\/#breadcrumb\"},\"inLanguage\":\"fr-FR\",\"potentialAction\":[{\"@type\":\"ReadAction\",\"target\":[\"https:\/\/dutchmicrodosing.com\/fr\/microdosage\/maitrise-du-bien-etre-et-de-lequilibre-coaching\/\"]}]},{\"@type\":\"ImageObject\",\"inLanguage\":\"fr-FR\",\"@id\":\"https:\/\/dutchmicrodosing.com\/fr\/microdosage\/maitrise-du-bien-etre-et-de-lequilibre-coaching\/#primaryimage\",\"url\":\"https:\/\/dutchmicrodosing.com\/wp-content\/uploads\/2025\/08\/447b653f-710b-4127-8b3d-f1fd2ad7c02b.png\",\"contentUrl\":\"https:\/\/dutchmicrodosing.com\/wp-content\/uploads\/2025\/08\/447b653f-710b-4127-8b3d-f1fd2ad7c02b.png\",\"width\":1024,\"height\":1024,\"caption\":\"MA\u00ceTRISE DU BIEN-\u00caTRE ET DE L'\u00c9QUILIBRE\"},{\"@type\":\"BreadcrumbList\",\"@id\":\"https:\/\/dutchmicrodosing.com\/fr\/microdosage\/maitrise-du-bien-etre-et-de-lequilibre-coaching\/#breadcrumb\",\"itemListElement\":[{\"@type\":\"ListItem\",\"position\":1,\"name\":\"Home\",\"item\":\"https:\/\/dutchmicrodosing.com\/fr\/\"},{\"@type\":\"ListItem\",\"position\":2,\"name\":\"Boutique\",\"item\":\"https:\/\/dutchmicrodosing.com\/fr\/boutique\/\"},{\"@type\":\"ListItem\",\"position\":3,\"name\":\"Ma\u00eetrise du bien-\u00eatre et de l&rsquo;\u00e9quilibre &#8211; Coaching\"}]},{\"@type\":\"WebSite\",\"@id\":\"https:\/\/dutchmicrodosing.com\/fr\/#website\",\"url\":\"https:\/\/dutchmicrodosing.com\/fr\/\",\"name\":\"Dutchmicrodosing\",\"description\":\"\",\"publisher\":{\"@id\":\"https:\/\/dutchmicrodosing.com\/fr\/#organization\"},\"potentialAction\":[{\"@type\":\"SearchAction\",\"target\":{\"@type\":\"EntryPoint\",\"urlTemplate\":\"https:\/\/dutchmicrodosing.com\/fr\/?s={search_term_string}\"},\"query-input\":{\"@type\":\"PropertyValueSpecification\",\"valueRequired\":true,\"valueName\":\"search_term_string\"}}],\"inLanguage\":\"fr-FR\"},{\"@type\":\"Organization\",\"@id\":\"https:\/\/dutchmicrodosing.com\/fr\/#organization\",\"name\":\"Dutchmicrodosing\",\"url\":\"https:\/\/dutchmicrodosing.com\/fr\/\",\"logo\":{\"@type\":\"ImageObject\",\"inLanguage\":\"fr-FR\",\"@id\":\"https:\/\/dutchmicrodosing.com\/fr\/#\/schema\/logo\/image\/\",\"url\":\"https:\/\/dutchmicrodosing.com\/wp-content\/uploads\/2021\/01\/microdosing-categorie-pic-nieuw.jpg\",\"contentUrl\":\"https:\/\/dutchmicrodosing.com\/wp-content\/uploads\/2021\/01\/microdosing-categorie-pic-nieuw.jpg\",\"width\":500,\"height\":500,\"caption\":\"Dutchmicrodosing\"},\"image\":{\"@id\":\"https:\/\/dutchmicrodosing.com\/fr\/#\/schema\/logo\/image\/\"},\"sameAs\":[\"https:\/\/www.facebook.com\/Dutchmicrodosingxp\/\",\"https:\/\/www.instagram.com\/dutchmicrodosing\/\"]}]}<\/script>\n<meta property=\"product:price:amount\" content=\"1375.00\" \/>\n<meta property=\"product:price:currency\" content=\"EUR\" \/>\n<meta property=\"og:availability\" content=\"instock\" \/>\n<meta property=\"product:availability\" content=\"instock\" \/>\n<meta property=\"product:retailer_item_id\" content=\"5208940\" \/>\n<meta property=\"product:condition\" content=\"new\" \/>\n<!-- \/ Yoast SEO Premium plugin. -->","yoast_head_json":{"title":"Ma\u00eetrise du bien-\u00eatre et de l'\u00e9quilibre - Coaching pour le repos int\u00e9rieur","description":"Faites l'exp\u00e9rience de l'\u00e9quilibre et du bien-\u00eatre gr\u00e2ce \u00e0 ce programme de coaching en 9 s\u00e9ances. Approfondissez votre connaissance de soi, renforcez votre r\u00e9silience et vivez en paix et en conscience.","robots":{"index":"index","follow":"follow","max-snippet":"max-snippet:-1","max-image-preview":"max-image-preview:large","max-video-preview":"max-video-preview:-1"},"canonical":"https:\/\/dutchmicrodosing.com\/fr\/microdosage\/maitrise-du-bien-etre-et-de-lequilibre-coaching\/","og_locale":"fr_FR","og_type":"article","og_title":"Ma\u00eetrise du bien-\u00eatre et de l'\u00e9quilibre - Coaching","og_description":"Well-being &amp; Balance Mastery est un programme intensif de huit sessions con\u00e7u sp\u00e9cifiquement pour ceux qui aspirent \u00e0 une transformation profonde et \u00e0","og_url":"https:\/\/dutchmicrodosing.com\/fr\/microdosage\/maitrise-du-bien-etre-et-de-lequilibre-coaching\/","og_site_name":"Dutchmicrodosing","article_publisher":"https:\/\/www.facebook.com\/Dutchmicrodosingxp\/","article_modified_time":"2025-09-01T15:56:31+00:00","og_image":[{"width":1024,"height":1024,"url":"https:\/\/dutchmicrodosing.com\/wp-content\/uploads\/2025\/08\/447b653f-710b-4127-8b3d-f1fd2ad7c02b.png","type":"image\/png"}],"twitter_card":"summary_large_image","schema":{"@context":"https:\/\/schema.org","@graph":[{"@type":"WebPage","@id":"https:\/\/dutchmicrodosing.com\/fr\/microdosage\/maitrise-du-bien-etre-et-de-lequilibre-coaching\/","url":"https:\/\/dutchmicrodosing.com\/fr\/microdosage\/maitrise-du-bien-etre-et-de-lequilibre-coaching\/","name":"Ma\u00eetrise du bien-\u00eatre et de l'\u00e9quilibre - Coaching pour le repos int\u00e9rieur","isPartOf":{"@id":"https:\/\/dutchmicrodosing.com\/fr\/#website"},"primaryImageOfPage":{"@id":"https:\/\/dutchmicrodosing.com\/fr\/microdosage\/maitrise-du-bien-etre-et-de-lequilibre-coaching\/#primaryimage"},"image":{"@id":"https:\/\/dutchmicrodosing.com\/fr\/microdosage\/maitrise-du-bien-etre-et-de-lequilibre-coaching\/#primaryimage"},"thumbnailUrl":"https:\/\/dutchmicrodosing.com\/wp-content\/uploads\/2025\/08\/447b653f-710b-4127-8b3d-f1fd2ad7c02b.png","datePublished":"2025-05-21T18:36:21+00:00","dateModified":"2025-09-01T15:56:31+00:00","description":"Faites l'exp\u00e9rience de l'\u00e9quilibre et du bien-\u00eatre gr\u00e2ce \u00e0 ce programme de coaching en 9 s\u00e9ances. Approfondissez votre connaissance de soi, renforcez votre r\u00e9silience et vivez en paix et en conscience.","breadcrumb":{"@id":"https:\/\/dutchmicrodosing.com\/fr\/microdosage\/maitrise-du-bien-etre-et-de-lequilibre-coaching\/#breadcrumb"},"inLanguage":"fr-FR","potentialAction":[{"@type":"ReadAction","target":["https:\/\/dutchmicrodosing.com\/fr\/microdosage\/maitrise-du-bien-etre-et-de-lequilibre-coaching\/"]}]},{"@type":"ImageObject","inLanguage":"fr-FR","@id":"https:\/\/dutchmicrodosing.com\/fr\/microdosage\/maitrise-du-bien-etre-et-de-lequilibre-coaching\/#primaryimage","url":"https:\/\/dutchmicrodosing.com\/wp-content\/uploads\/2025\/08\/447b653f-710b-4127-8b3d-f1fd2ad7c02b.png","contentUrl":"https:\/\/dutchmicrodosing.com\/wp-content\/uploads\/2025\/08\/447b653f-710b-4127-8b3d-f1fd2ad7c02b.png","width":1024,"height":1024,"caption":"MA\u00ceTRISE DU BIEN-\u00caTRE ET DE L'\u00c9QUILIBRE"},{"@type":"BreadcrumbList","@id":"https:\/\/dutchmicrodosing.com\/fr\/microdosage\/maitrise-du-bien-etre-et-de-lequilibre-coaching\/#breadcrumb","itemListElement":[{"@type":"ListItem","position":1,"name":"Home","item":"https:\/\/dutchmicrodosing.com\/fr\/"},{"@type":"ListItem","position":2,"name":"Boutique","item":"https:\/\/dutchmicrodosing.com\/fr\/boutique\/"},{"@type":"ListItem","position":3,"name":"Ma\u00eetrise du bien-\u00eatre et de l&rsquo;\u00e9quilibre &#8211; Coaching"}]},{"@type":"WebSite","@id":"https:\/\/dutchmicrodosing.com\/fr\/#website","url":"https:\/\/dutchmicrodosing.com\/fr\/","name":"Dutchmicrodosing","description":"","publisher":{"@id":"https:\/\/dutchmicrodosing.com\/fr\/#organization"},"potentialAction":[{"@type":"SearchAction","target":{"@type":"EntryPoint","urlTemplate":"https:\/\/dutchmicrodosing.com\/fr\/?s={search_term_string}"},"query-input":{"@type":"PropertyValueSpecification","valueRequired":true,"valueName":"search_term_string"}}],"inLanguage":"fr-FR"},{"@type":"Organization","@id":"https:\/\/dutchmicrodosing.com\/fr\/#organization","name":"Dutchmicrodosing","url":"https:\/\/dutchmicrodosing.com\/fr\/","logo":{"@type":"ImageObject","inLanguage":"fr-FR","@id":"https:\/\/dutchmicrodosing.com\/fr\/#\/schema\/logo\/image\/","url":"https:\/\/dutchmicrodosing.com\/wp-content\/uploads\/2021\/01\/microdosing-categorie-pic-nieuw.jpg","contentUrl":"https:\/\/dutchmicrodosing.com\/wp-content\/uploads\/2021\/01\/microdosing-categorie-pic-nieuw.jpg","width":500,"height":500,"caption":"Dutchmicrodosing"},"image":{"@id":"https:\/\/dutchmicrodosing.com\/fr\/#\/schema\/logo\/image\/"},"sameAs":["https:\/\/www.facebook.com\/Dutchmicrodosingxp\/","https:\/\/www.instagram.com\/dutchmicrodosing\/"]}]},"product_price_amount":"1375.00","product_price_currency":"EUR","og_availability":"instock","product_availability":"instock","product_retailer_item_id":"5208940","product_condition":"new"},"_links":{"self":[{"href":"https:\/\/dutchmicrodosing.com\/fr\/wp-json\/wp\/v2\/product\/55179","targetHints":{"allow":["GET"]}}],"collection":[{"href":"https:\/\/dutchmicrodosing.com\/fr\/wp-json\/wp\/v2\/product"}],"about":[{"href":"https:\/\/dutchmicrodosing.com\/fr\/wp-json\/wp\/v2\/types\/product"}],"replies":[{"embeddable":true,"href":"https:\/\/dutchmicrodosing.com\/fr\/wp-json\/wp\/v2\/comments?post=55179"}],"version-history":[{"count":0,"href":"https:\/\/dutchmicrodosing.com\/fr\/wp-json\/wp\/v2\/product\/55179\/revisions"}],"wp:featuredmedia":[{"embeddable":true,"href":"https:\/\/dutchmicrodosing.com\/fr\/wp-json\/wp\/v2\/media\/54944"}],"wp:attachment":[{"href":"https:\/\/dutchmicrodosing.com\/fr\/wp-json\/wp\/v2\/media?parent=55179"}],"wp:term":[{"taxonomy":"product_brand","embeddable":true,"href":"https:\/\/dutchmicrodosing.com\/fr\/wp-json\/wp\/v2\/product_brand?post=55179"},{"taxonomy":"product_cat","embeddable":true,"href":"https:\/\/dutchmicrodosing.com\/fr\/wp-json\/wp\/v2\/product_cat?post=55179"},{"taxonomy":"product_tag","embeddable":true,"href":"https:\/\/dutchmicrodosing.com\/fr\/wp-json\/wp\/v2\/product_tag?post=55179"}],"curies":[{"name":"wp","href":"https:\/\/api.w.org\/{rel}","templated":true}]}}