{"id":55196,"date":"2025-05-21T20:33:44","date_gmt":"2025-05-21T18:33:44","guid":{"rendered":"https:\/\/dutchmicrodosing.com\/shop\/non%20class\u00e9\/accelerateur-de-croissance-personnelle-coaching\/"},"modified":"2025-09-01T17:51:51","modified_gmt":"2025-09-01T15:51:51","slug":"accelerateur-de-croissance-personnelle-coaching","status":"publish","type":"product","link":"https:\/\/dutchmicrodosing.com\/fr\/microdosage\/accelerateur-de-croissance-personnelle-coaching\/","title":{"rendered":"Acc\u00e9l\u00e9rateur de croissance personnelle &#8211; Coaching"},"content":{"rendered":"<p>L&rsquo;<strong>Acc\u00e9l\u00e9rateur de Croissance Personnelle<\/strong> est con\u00e7u pour toute personne soucieuse de son d\u00e9veloppement personnel, de sa prise de conscience et de son efficacit\u00e9. Apr\u00e8s une s\u00e9ance d&rsquo;introduction de 40 minutes, vous suivrez quatre s\u00e9ances de coaching de 60 minutes au cours desquelles vous travaillerez de mani\u00e8re cibl\u00e9e sur votre croissance.<\/p>\n<h3>Caract\u00e9ristiques<\/h3>\n<ul>\n<li>Un coaching approfondi combin\u00e9 \u00e0 un microdosage<\/li>\n<li>Travail cibl\u00e9 sur les objectifs et les mod\u00e8les personnels<\/li>\n<li>Des outils pratiques que vous pouvez appliquer imm\u00e9diatement dans la vie de tous les jours<\/li>\n<li>Espace d&rsquo;exploration et de d\u00e9passement des blocages<\/li>\n<li>Pour tous ceux qui veulent non seulement comprendre le changement, mais aussi le ressentir.<\/li>\n<\/ul>\n<h3>Contenu<\/h3>\n<p>Le programme se compose d&rsquo;une s\u00e9ance d&rsquo;introduction et de quatre s\u00e9ances de coaching qui associent conseils, r\u00e9flexion et action.<\/p>\n","protected":false},"excerpt":{"rendered":"<p>L&rsquo;Acc\u00e9l\u00e9rateur de Croissance Personnelle est con\u00e7u pour toute personne soucieuse de son d\u00e9veloppement personnel, de sa prise de conscience et de son efficacit\u00e9. Apr\u00e8s une s\u00e9ance d&rsquo;introduction de 40 minutes, vous suivrez quatre s\u00e9ances de coaching de 60 minutes au cours desquelles vous travaillerez de mani\u00e8re cibl\u00e9e sur votre croissance. Caract\u00e9ristiques Un coaching approfondi combin\u00e9 [&hellip;]<\/p>\n","protected":false},"featured_media":54969,"comment_status":"closed","ping_status":"closed","template":"","meta":[],"product_brand":[],"product_cat":[100],"product_tag":[],"class_list":{"0":"post-55196","1":"product","2":"type-product","3":"status-publish","4":"has-post-thumbnail","6":"product_cat-microdosage","8":"first","9":"instock","10":"downloadable","11":"virtual","12":"taxable","13":"purchasable","14":"product-type-simple"},"yoast_head":"<!-- This site is optimized with the Yoast SEO Premium plugin v26.4 (Yoast SEO v27.2) - https:\/\/yoast.com\/product\/yoast-seo-premium-wordpress\/ -->\n<title>Acc\u00e9l\u00e9rateur de croissance personnelle - Coaching personnalis\u00e9 et approfondi<\/title>\n<meta name=\"description\" content=\"Stimulez votre d\u00e9veloppement personnel. 4 s\u00e9ances de coaching avec des outils pratiques, une r\u00e9flexion et des conseils sur le microdosage pour une croissance durable.\" \/>\n<meta name=\"robots\" content=\"index, follow, max-snippet:-1, max-image-preview:large, max-video-preview:-1\" \/>\n<link rel=\"canonical\" href=\"https:\/\/dutchmicrodosing.com\/fr\/microdosage\/accelerateur-de-croissance-personnelle-coaching\/\" \/>\n<meta property=\"og:locale\" content=\"fr_FR\" \/>\n<meta property=\"og:type\" content=\"article\" \/>\n<meta property=\"og:title\" content=\"Acc\u00e9l\u00e9rateur de croissance personnelle - Coaching\" \/>\n<meta property=\"og:description\" content=\"L&#039;Acc\u00e9l\u00e9rateur de Croissance Personnelle est con\u00e7u pour toute personne soucieuse de son d\u00e9veloppement personnel, de sa prise de conscience et de son\" \/>\n<meta property=\"og:url\" content=\"https:\/\/dutchmicrodosing.com\/fr\/microdosage\/accelerateur-de-croissance-personnelle-coaching\/\" \/>\n<meta property=\"og:site_name\" content=\"Dutchmicrodosing\" \/>\n<meta property=\"article:publisher\" content=\"https:\/\/www.facebook.com\/Dutchmicrodosingxp\/\" \/>\n<meta property=\"article:modified_time\" content=\"2025-09-01T15:51:51+00:00\" \/>\n<meta property=\"og:image\" content=\"https:\/\/dutchmicrodosing.com\/wp-content\/uploads\/2025\/08\/d86b7c9b-8dba-4903-8155-98755dfde83e.png\" \/>\n\t<meta property=\"og:image:width\" content=\"1024\" \/>\n\t<meta property=\"og:image:height\" content=\"1024\" \/>\n\t<meta property=\"og:image:type\" content=\"image\/png\" \/>\n<meta name=\"twitter:card\" content=\"summary_large_image\" \/>\n<script type=\"application\/ld+json\" class=\"yoast-schema-graph\">{\"@context\":\"https:\/\/schema.org\",\"@graph\":[{\"@type\":\"WebPage\",\"@id\":\"https:\/\/dutchmicrodosing.com\/fr\/microdosage\/accelerateur-de-croissance-personnelle-coaching\/\",\"url\":\"https:\/\/dutchmicrodosing.com\/fr\/microdosage\/accelerateur-de-croissance-personnelle-coaching\/\",\"name\":\"Acc\u00e9l\u00e9rateur de croissance personnelle - Coaching personnalis\u00e9 et approfondi\",\"isPartOf\":{\"@id\":\"https:\/\/dutchmicrodosing.com\/fr\/#website\"},\"primaryImageOfPage\":{\"@id\":\"https:\/\/dutchmicrodosing.com\/fr\/microdosage\/accelerateur-de-croissance-personnelle-coaching\/#primaryimage\"},\"image\":{\"@id\":\"https:\/\/dutchmicrodosing.com\/fr\/microdosage\/accelerateur-de-croissance-personnelle-coaching\/#primaryimage\"},\"thumbnailUrl\":\"https:\/\/dutchmicrodosing.com\/wp-content\/uploads\/2025\/08\/d86b7c9b-8dba-4903-8155-98755dfde83e.png\",\"datePublished\":\"2025-05-21T18:33:44+00:00\",\"dateModified\":\"2025-09-01T15:51:51+00:00\",\"description\":\"Stimulez votre d\u00e9veloppement personnel. 4 s\u00e9ances de coaching avec des outils pratiques, une r\u00e9flexion et des conseils sur le microdosage pour une croissance durable.\",\"breadcrumb\":{\"@id\":\"https:\/\/dutchmicrodosing.com\/fr\/microdosage\/accelerateur-de-croissance-personnelle-coaching\/#breadcrumb\"},\"inLanguage\":\"fr-FR\",\"potentialAction\":[{\"@type\":\"ReadAction\",\"target\":[\"https:\/\/dutchmicrodosing.com\/fr\/microdosage\/accelerateur-de-croissance-personnelle-coaching\/\"]}]},{\"@type\":\"ImageObject\",\"inLanguage\":\"fr-FR\",\"@id\":\"https:\/\/dutchmicrodosing.com\/fr\/microdosage\/accelerateur-de-croissance-personnelle-coaching\/#primaryimage\",\"url\":\"https:\/\/dutchmicrodosing.com\/wp-content\/uploads\/2025\/08\/d86b7c9b-8dba-4903-8155-98755dfde83e.png\",\"contentUrl\":\"https:\/\/dutchmicrodosing.com\/wp-content\/uploads\/2025\/08\/d86b7c9b-8dba-4903-8155-98755dfde83e.png\",\"width\":1024,\"height\":1024,\"caption\":\"ACC\u00c9L\u00c9RATEUR DE CROISSANCE PERSONNELLE\"},{\"@type\":\"BreadcrumbList\",\"@id\":\"https:\/\/dutchmicrodosing.com\/fr\/microdosage\/accelerateur-de-croissance-personnelle-coaching\/#breadcrumb\",\"itemListElement\":[{\"@type\":\"ListItem\",\"position\":1,\"name\":\"Home\",\"item\":\"https:\/\/dutchmicrodosing.com\/fr\/\"},{\"@type\":\"ListItem\",\"position\":2,\"name\":\"Boutique\",\"item\":\"https:\/\/dutchmicrodosing.com\/fr\/boutique\/\"},{\"@type\":\"ListItem\",\"position\":3,\"name\":\"Acc\u00e9l\u00e9rateur de croissance personnelle &#8211; Coaching\"}]},{\"@type\":\"WebSite\",\"@id\":\"https:\/\/dutchmicrodosing.com\/fr\/#website\",\"url\":\"https:\/\/dutchmicrodosing.com\/fr\/\",\"name\":\"Dutchmicrodosing\",\"description\":\"\",\"publisher\":{\"@id\":\"https:\/\/dutchmicrodosing.com\/fr\/#organization\"},\"potentialAction\":[{\"@type\":\"SearchAction\",\"target\":{\"@type\":\"EntryPoint\",\"urlTemplate\":\"https:\/\/dutchmicrodosing.com\/fr\/?s={search_term_string}\"},\"query-input\":{\"@type\":\"PropertyValueSpecification\",\"valueRequired\":true,\"valueName\":\"search_term_string\"}}],\"inLanguage\":\"fr-FR\"},{\"@type\":\"Organization\",\"@id\":\"https:\/\/dutchmicrodosing.com\/fr\/#organization\",\"name\":\"Dutchmicrodosing\",\"url\":\"https:\/\/dutchmicrodosing.com\/fr\/\",\"logo\":{\"@type\":\"ImageObject\",\"inLanguage\":\"fr-FR\",\"@id\":\"https:\/\/dutchmicrodosing.com\/fr\/#\/schema\/logo\/image\/\",\"url\":\"https:\/\/dutchmicrodosing.com\/wp-content\/uploads\/2021\/01\/microdosing-categorie-pic-nieuw.jpg\",\"contentUrl\":\"https:\/\/dutchmicrodosing.com\/wp-content\/uploads\/2021\/01\/microdosing-categorie-pic-nieuw.jpg\",\"width\":500,\"height\":500,\"caption\":\"Dutchmicrodosing\"},\"image\":{\"@id\":\"https:\/\/dutchmicrodosing.com\/fr\/#\/schema\/logo\/image\/\"},\"sameAs\":[\"https:\/\/www.facebook.com\/Dutchmicrodosingxp\/\",\"https:\/\/www.instagram.com\/dutchmicrodosing\/\"]}]}<\/script>\n<meta property=\"product:price:amount\" content=\"675.00\" \/>\n<meta property=\"product:price:currency\" content=\"EUR\" \/>\n<meta property=\"og:availability\" content=\"instock\" \/>\n<meta property=\"product:availability\" content=\"instock\" \/>\n<meta property=\"product:retailer_item_id\" content=\"5208927\" \/>\n<meta property=\"product:condition\" content=\"new\" \/>\n<!-- \/ Yoast SEO Premium plugin. -->","yoast_head_json":{"title":"Acc\u00e9l\u00e9rateur de croissance personnelle - Coaching personnalis\u00e9 et approfondi","description":"Stimulez votre d\u00e9veloppement personnel. 4 s\u00e9ances de coaching avec des outils pratiques, une r\u00e9flexion et des conseils sur le microdosage pour une croissance durable.","robots":{"index":"index","follow":"follow","max-snippet":"max-snippet:-1","max-image-preview":"max-image-preview:large","max-video-preview":"max-video-preview:-1"},"canonical":"https:\/\/dutchmicrodosing.com\/fr\/microdosage\/accelerateur-de-croissance-personnelle-coaching\/","og_locale":"fr_FR","og_type":"article","og_title":"Acc\u00e9l\u00e9rateur de croissance personnelle - Coaching","og_description":"L'Acc\u00e9l\u00e9rateur de Croissance Personnelle est con\u00e7u pour toute personne soucieuse de son d\u00e9veloppement personnel, de sa prise de conscience et de son","og_url":"https:\/\/dutchmicrodosing.com\/fr\/microdosage\/accelerateur-de-croissance-personnelle-coaching\/","og_site_name":"Dutchmicrodosing","article_publisher":"https:\/\/www.facebook.com\/Dutchmicrodosingxp\/","article_modified_time":"2025-09-01T15:51:51+00:00","og_image":[{"width":1024,"height":1024,"url":"https:\/\/dutchmicrodosing.com\/wp-content\/uploads\/2025\/08\/d86b7c9b-8dba-4903-8155-98755dfde83e.png","type":"image\/png"}],"twitter_card":"summary_large_image","schema":{"@context":"https:\/\/schema.org","@graph":[{"@type":"WebPage","@id":"https:\/\/dutchmicrodosing.com\/fr\/microdosage\/accelerateur-de-croissance-personnelle-coaching\/","url":"https:\/\/dutchmicrodosing.com\/fr\/microdosage\/accelerateur-de-croissance-personnelle-coaching\/","name":"Acc\u00e9l\u00e9rateur de croissance personnelle - Coaching personnalis\u00e9 et approfondi","isPartOf":{"@id":"https:\/\/dutchmicrodosing.com\/fr\/#website"},"primaryImageOfPage":{"@id":"https:\/\/dutchmicrodosing.com\/fr\/microdosage\/accelerateur-de-croissance-personnelle-coaching\/#primaryimage"},"image":{"@id":"https:\/\/dutchmicrodosing.com\/fr\/microdosage\/accelerateur-de-croissance-personnelle-coaching\/#primaryimage"},"thumbnailUrl":"https:\/\/dutchmicrodosing.com\/wp-content\/uploads\/2025\/08\/d86b7c9b-8dba-4903-8155-98755dfde83e.png","datePublished":"2025-05-21T18:33:44+00:00","dateModified":"2025-09-01T15:51:51+00:00","description":"Stimulez votre d\u00e9veloppement personnel. 4 s\u00e9ances de coaching avec des outils pratiques, une r\u00e9flexion et des conseils sur le microdosage pour une croissance durable.","breadcrumb":{"@id":"https:\/\/dutchmicrodosing.com\/fr\/microdosage\/accelerateur-de-croissance-personnelle-coaching\/#breadcrumb"},"inLanguage":"fr-FR","potentialAction":[{"@type":"ReadAction","target":["https:\/\/dutchmicrodosing.com\/fr\/microdosage\/accelerateur-de-croissance-personnelle-coaching\/"]}]},{"@type":"ImageObject","inLanguage":"fr-FR","@id":"https:\/\/dutchmicrodosing.com\/fr\/microdosage\/accelerateur-de-croissance-personnelle-coaching\/#primaryimage","url":"https:\/\/dutchmicrodosing.com\/wp-content\/uploads\/2025\/08\/d86b7c9b-8dba-4903-8155-98755dfde83e.png","contentUrl":"https:\/\/dutchmicrodosing.com\/wp-content\/uploads\/2025\/08\/d86b7c9b-8dba-4903-8155-98755dfde83e.png","width":1024,"height":1024,"caption":"ACC\u00c9L\u00c9RATEUR DE CROISSANCE PERSONNELLE"},{"@type":"BreadcrumbList","@id":"https:\/\/dutchmicrodosing.com\/fr\/microdosage\/accelerateur-de-croissance-personnelle-coaching\/#breadcrumb","itemListElement":[{"@type":"ListItem","position":1,"name":"Home","item":"https:\/\/dutchmicrodosing.com\/fr\/"},{"@type":"ListItem","position":2,"name":"Boutique","item":"https:\/\/dutchmicrodosing.com\/fr\/boutique\/"},{"@type":"ListItem","position":3,"name":"Acc\u00e9l\u00e9rateur de croissance personnelle &#8211; Coaching"}]},{"@type":"WebSite","@id":"https:\/\/dutchmicrodosing.com\/fr\/#website","url":"https:\/\/dutchmicrodosing.com\/fr\/","name":"Dutchmicrodosing","description":"","publisher":{"@id":"https:\/\/dutchmicrodosing.com\/fr\/#organization"},"potentialAction":[{"@type":"SearchAction","target":{"@type":"EntryPoint","urlTemplate":"https:\/\/dutchmicrodosing.com\/fr\/?s={search_term_string}"},"query-input":{"@type":"PropertyValueSpecification","valueRequired":true,"valueName":"search_term_string"}}],"inLanguage":"fr-FR"},{"@type":"Organization","@id":"https:\/\/dutchmicrodosing.com\/fr\/#organization","name":"Dutchmicrodosing","url":"https:\/\/dutchmicrodosing.com\/fr\/","logo":{"@type":"ImageObject","inLanguage":"fr-FR","@id":"https:\/\/dutchmicrodosing.com\/fr\/#\/schema\/logo\/image\/","url":"https:\/\/dutchmicrodosing.com\/wp-content\/uploads\/2021\/01\/microdosing-categorie-pic-nieuw.jpg","contentUrl":"https:\/\/dutchmicrodosing.com\/wp-content\/uploads\/2021\/01\/microdosing-categorie-pic-nieuw.jpg","width":500,"height":500,"caption":"Dutchmicrodosing"},"image":{"@id":"https:\/\/dutchmicrodosing.com\/fr\/#\/schema\/logo\/image\/"},"sameAs":["https:\/\/www.facebook.com\/Dutchmicrodosingxp\/","https:\/\/www.instagram.com\/dutchmicrodosing\/"]}]},"product_price_amount":"675.00","product_price_currency":"EUR","og_availability":"instock","product_availability":"instock","product_retailer_item_id":"5208927","product_condition":"new"},"_links":{"self":[{"href":"https:\/\/dutchmicrodosing.com\/fr\/wp-json\/wp\/v2\/product\/55196","targetHints":{"allow":["GET"]}}],"collection":[{"href":"https:\/\/dutchmicrodosing.com\/fr\/wp-json\/wp\/v2\/product"}],"about":[{"href":"https:\/\/dutchmicrodosing.com\/fr\/wp-json\/wp\/v2\/types\/product"}],"replies":[{"embeddable":true,"href":"https:\/\/dutchmicrodosing.com\/fr\/wp-json\/wp\/v2\/comments?post=55196"}],"version-history":[{"count":0,"href":"https:\/\/dutchmicrodosing.com\/fr\/wp-json\/wp\/v2\/product\/55196\/revisions"}],"wp:featuredmedia":[{"embeddable":true,"href":"https:\/\/dutchmicrodosing.com\/fr\/wp-json\/wp\/v2\/media\/54969"}],"wp:attachment":[{"href":"https:\/\/dutchmicrodosing.com\/fr\/wp-json\/wp\/v2\/media?parent=55196"}],"wp:term":[{"taxonomy":"product_brand","embeddable":true,"href":"https:\/\/dutchmicrodosing.com\/fr\/wp-json\/wp\/v2\/product_brand?post=55196"},{"taxonomy":"product_cat","embeddable":true,"href":"https:\/\/dutchmicrodosing.com\/fr\/wp-json\/wp\/v2\/product_cat?post=55196"},{"taxonomy":"product_tag","embeddable":true,"href":"https:\/\/dutchmicrodosing.com\/fr\/wp-json\/wp\/v2\/product_tag?post=55196"}],"curies":[{"name":"wp","href":"https:\/\/api.w.org\/{rel}","templated":true}]}}