{"id":55309,"date":"2025-08-26T11:18:45","date_gmt":"2025-08-26T09:18:45","guid":{"rendered":"https:\/\/dutchmicrodosing.com\/shop\/non%20class\u00e9\/esprit-indien-teinture-de-veine-rouge-10-ml\/"},"modified":"2025-09-29T16:39:44","modified_gmt":"2025-09-29T14:39:44","slug":"esprit-indien-teinture-de-veine-rouge-10-ml","status":"publish","type":"product","link":"https:\/\/dutchmicrodosing.com\/fr\/herbes-botaniques\/kratom\/esprit-indien-teinture-de-veine-rouge-10-ml\/","title":{"rendered":"Esprit Indien &#8211; Teinture de Veine Rouge &#8211; 10 ML"},"content":{"rendered":"<p><strong>Indian Spirit \u2013 Teinture Red Vein \u2013 10 ML<\/strong> est un extrait liquide des feuilles de l&rsquo;arbre Kratom (Mitragyna speciosa), originaire d&rsquo;Asie du Sud-Est. Cette variante rouge est connue pour son caract\u00e8re calme et terreux et est souvent choisie lorsque tu souhaites ralentir un peu. Gr\u00e2ce \u00e0 sa forme liquide, la teinture est rapidement absorb\u00e9e, ce qui garantit une exp\u00e9rience accessible et directe.<\/p>\n<h3>Caract\u00e9ristiques<\/h3>\n<p>Red Vein a un profil doux et relaxant, notamment gr\u00e2ce aux alcalo\u00efdes naturels mitragynine et 7-hydroxymitragynine. La teinture est facile \u00e0 doser et s&rsquo;int\u00e8gre parfaitement dans une routine quotidienne pour la tranquillit\u00e9 et l&rsquo;\u00e9quilibre. Gr\u00e2ce \u00e0 son flacon compact, tu peux facilement l&#8217;emporter avec toi \u2013 id\u00e9al \u00e0 la maison, en d\u00e9placement ou pendant un moment de d\u00e9tente.<\/p>\n<h3>Ingr\u00e9dients et\/ou composition<\/h3>\n<p>Contient un extrait de la variante Red Vein de Kratom (Mitragyna speciosa), y compris les alcalo\u00efdes naturels mitragynine et 7-hydroxymitragynine. L&rsquo;alcool est utilis\u00e9 comme substance de support.<\/p>\n<h3>Utilisation<\/h3>\n<p>Applique 1 \u00e0 2 gouttes sous la langue et laisse agir pendant 30 secondes \u00e0 1 minute avant d&rsquo;avaler. Si tu le souhaites, tu peux augmenter la dose jusqu&rsquo;\u00e0 3 \u00e0 5 gouttes. Si n\u00e9cessaire, rincer \u00e0 l&rsquo;eau ou au jus de fruit. Utilise de pr\u00e9f\u00e9rence \u00e0 un moment calme, pendant la journ\u00e9e ou le soir, dans le cadre de ton rituel de relaxation.<\/p>\n<h3>Contenu<\/h3>\n<p>Le flacon contient 10 ml de teinture Red Vein et est \u00e9quip\u00e9 d&rsquo;une pipette pour un dosage pr\u00e9cis et facile.<\/p>\n<h3>Avis de non-responsabilit\u00e9<\/h3>\n<p><em>Le contenu de ce texte est fourni \u00e0 titre d&rsquo;information uniquement et ne remplace pas les conseils d&rsquo;un professionnel. Ce produit n&rsquo;est pas un m\u00e9dicament et n&rsquo;est pas destin\u00e9 \u00e0 diagnostiquer, traiter ou gu\u00e9rir une quelconque condition m\u00e9dicale. Veuillez consulter un sp\u00e9cialiste pour toute question sp\u00e9cifique concernant l&rsquo;utilisation de ce produit. Certaines \u00e9tudes scientifiques sur les effets de ce produit sont encore en cours et toutes les all\u00e9gations n&rsquo;ont pas \u00e9t\u00e9 d\u00e9finitivement confirm\u00e9es.<\/em><\/p>\n","protected":false},"excerpt":{"rendered":"<p>Indian Spirit \u2013 Teinture Red Vein \u2013 10 ML est un extrait liquide des feuilles de l&rsquo;arbre Kratom (Mitragyna speciosa), originaire d&rsquo;Asie du Sud-Est. Cette variante rouge est connue pour son caract\u00e8re calme et terreux et est souvent choisie lorsque tu souhaites ralentir un peu. Gr\u00e2ce \u00e0 sa forme liquide, la teinture est rapidement absorb\u00e9e, [&hellip;]<\/p>\n","protected":false},"featured_media":55301,"comment_status":"closed","ping_status":"closed","template":"","meta":[],"product_brand":[],"product_cat":[417,308],"product_tag":[],"class_list":{"0":"post-55309","1":"product","2":"type-product","3":"status-publish","4":"has-post-thumbnail","6":"product_cat-kratom","7":"product_cat-supplements-relaxt","9":"first","10":"outofstock","11":"taxable","12":"shipping-taxable","13":"purchasable","14":"product-type-simple"},"yoast_head":"<!-- This site is optimized with the Yoast SEO Premium plugin v26.4 (Yoast SEO v27.2) - https:\/\/yoast.com\/product\/yoast-seo-premium-wordpress\/ -->\n<title>Esprit Indien - Teinture de Veine Rouge - 10 ML - Dutchmicrodosing<\/title>\n<meta name=\"description\" content=\"D\u00e9couvre la tranquillit\u00e9 avec la teinture Indian Spirit Red Vein. 10 ml d&#039;extrait de kratom naturel liquide, rapidement absorb\u00e9 et facile \u00e0 doser.\" \/>\n<meta name=\"robots\" content=\"index, follow, max-snippet:-1, max-image-preview:large, max-video-preview:-1\" \/>\n<link rel=\"canonical\" href=\"https:\/\/dutchmicrodosing.com\/fr\/herbes-botaniques\/kratom\/esprit-indien-teinture-de-veine-rouge-10-ml\/\" \/>\n<meta property=\"og:locale\" content=\"fr_FR\" \/>\n<meta property=\"og:type\" content=\"article\" \/>\n<meta property=\"og:title\" content=\"Esprit Indien - Teinture de Veine Rouge - 10 ML\" \/>\n<meta property=\"og:description\" content=\"Indian Spirit \u2013 Teinture Red Vein \u2013 10 ML est un extrait liquide des feuilles de l&#039;arbre Kratom (Mitragyna speciosa), originaire d&#039;Asie du Sud-Est. Cette\" \/>\n<meta property=\"og:url\" content=\"https:\/\/dutchmicrodosing.com\/fr\/herbes-botaniques\/kratom\/esprit-indien-teinture-de-veine-rouge-10-ml\/\" \/>\n<meta property=\"og:site_name\" content=\"Dutchmicrodosing\" \/>\n<meta property=\"article:publisher\" content=\"https:\/\/www.facebook.com\/Dutchmicrodosingxp\/\" \/>\n<meta property=\"article:modified_time\" content=\"2025-09-29T14:39:44+00:00\" \/>\n<meta property=\"og:image\" content=\"https:\/\/dutchmicrodosing.com\/wp-content\/uploads\/2025\/08\/Red-Vein-Kratom-Tinctuur-Mockup.jpeg\" \/>\n\t<meta property=\"og:image:width\" content=\"600\" \/>\n\t<meta property=\"og:image:height\" content=\"600\" \/>\n\t<meta property=\"og:image:type\" content=\"image\/jpeg\" \/>\n<meta name=\"twitter:card\" content=\"summary_large_image\" \/>\n<script type=\"application\/ld+json\" class=\"yoast-schema-graph\">{\"@context\":\"https:\/\/schema.org\",\"@graph\":[{\"@type\":\"WebPage\",\"@id\":\"https:\/\/dutchmicrodosing.com\/fr\/herbes-botaniques\/kratom\/esprit-indien-teinture-de-veine-rouge-10-ml\/\",\"url\":\"https:\/\/dutchmicrodosing.com\/fr\/herbes-botaniques\/kratom\/esprit-indien-teinture-de-veine-rouge-10-ml\/\",\"name\":\"Esprit Indien - Teinture de Veine Rouge - 10 ML - Dutchmicrodosing\",\"isPartOf\":{\"@id\":\"https:\/\/dutchmicrodosing.com\/fr\/#website\"},\"primaryImageOfPage\":{\"@id\":\"https:\/\/dutchmicrodosing.com\/fr\/herbes-botaniques\/kratom\/esprit-indien-teinture-de-veine-rouge-10-ml\/#primaryimage\"},\"image\":{\"@id\":\"https:\/\/dutchmicrodosing.com\/fr\/herbes-botaniques\/kratom\/esprit-indien-teinture-de-veine-rouge-10-ml\/#primaryimage\"},\"thumbnailUrl\":\"https:\/\/dutchmicrodosing.com\/wp-content\/uploads\/2025\/08\/Red-Vein-Kratom-Tinctuur-Mockup.jpeg\",\"datePublished\":\"2025-08-26T09:18:45+00:00\",\"dateModified\":\"2025-09-29T14:39:44+00:00\",\"description\":\"D\u00e9couvre la tranquillit\u00e9 avec la teinture Indian Spirit Red Vein. 10 ml d'extrait de kratom naturel liquide, rapidement absorb\u00e9 et facile \u00e0 doser.\",\"breadcrumb\":{\"@id\":\"https:\/\/dutchmicrodosing.com\/fr\/herbes-botaniques\/kratom\/esprit-indien-teinture-de-veine-rouge-10-ml\/#breadcrumb\"},\"inLanguage\":\"fr-FR\",\"potentialAction\":[{\"@type\":\"ReadAction\",\"target\":[\"https:\/\/dutchmicrodosing.com\/fr\/herbes-botaniques\/kratom\/esprit-indien-teinture-de-veine-rouge-10-ml\/\"]}]},{\"@type\":\"ImageObject\",\"inLanguage\":\"fr-FR\",\"@id\":\"https:\/\/dutchmicrodosing.com\/fr\/herbes-botaniques\/kratom\/esprit-indien-teinture-de-veine-rouge-10-ml\/#primaryimage\",\"url\":\"https:\/\/dutchmicrodosing.com\/wp-content\/uploads\/2025\/08\/Red-Vein-Kratom-Tinctuur-Mockup.jpeg\",\"contentUrl\":\"https:\/\/dutchmicrodosing.com\/wp-content\/uploads\/2025\/08\/Red-Vein-Kratom-Tinctuur-Mockup.jpeg\",\"width\":600,\"height\":600,\"caption\":\"A bottle of Red Vain Kraton Indian Spirit\"},{\"@type\":\"BreadcrumbList\",\"@id\":\"https:\/\/dutchmicrodosing.com\/fr\/herbes-botaniques\/kratom\/esprit-indien-teinture-de-veine-rouge-10-ml\/#breadcrumb\",\"itemListElement\":[{\"@type\":\"ListItem\",\"position\":1,\"name\":\"Home\",\"item\":\"https:\/\/dutchmicrodosing.com\/fr\/\"},{\"@type\":\"ListItem\",\"position\":2,\"name\":\"Boutique\",\"item\":\"https:\/\/dutchmicrodosing.com\/fr\/boutique\/\"},{\"@type\":\"ListItem\",\"position\":3,\"name\":\"Esprit Indien &#8211; Teinture de Veine Rouge &#8211; 10 ML\"}]},{\"@type\":\"WebSite\",\"@id\":\"https:\/\/dutchmicrodosing.com\/fr\/#website\",\"url\":\"https:\/\/dutchmicrodosing.com\/fr\/\",\"name\":\"Dutchmicrodosing\",\"description\":\"\",\"publisher\":{\"@id\":\"https:\/\/dutchmicrodosing.com\/fr\/#organization\"},\"potentialAction\":[{\"@type\":\"SearchAction\",\"target\":{\"@type\":\"EntryPoint\",\"urlTemplate\":\"https:\/\/dutchmicrodosing.com\/fr\/?s={search_term_string}\"},\"query-input\":{\"@type\":\"PropertyValueSpecification\",\"valueRequired\":true,\"valueName\":\"search_term_string\"}}],\"inLanguage\":\"fr-FR\"},{\"@type\":\"Organization\",\"@id\":\"https:\/\/dutchmicrodosing.com\/fr\/#organization\",\"name\":\"Dutchmicrodosing\",\"url\":\"https:\/\/dutchmicrodosing.com\/fr\/\",\"logo\":{\"@type\":\"ImageObject\",\"inLanguage\":\"fr-FR\",\"@id\":\"https:\/\/dutchmicrodosing.com\/fr\/#\/schema\/logo\/image\/\",\"url\":\"https:\/\/dutchmicrodosing.com\/wp-content\/uploads\/2021\/01\/microdosing-categorie-pic-nieuw.jpg\",\"contentUrl\":\"https:\/\/dutchmicrodosing.com\/wp-content\/uploads\/2021\/01\/microdosing-categorie-pic-nieuw.jpg\",\"width\":500,\"height\":500,\"caption\":\"Dutchmicrodosing\"},\"image\":{\"@id\":\"https:\/\/dutchmicrodosing.com\/fr\/#\/schema\/logo\/image\/\"},\"sameAs\":[\"https:\/\/www.facebook.com\/Dutchmicrodosingxp\/\",\"https:\/\/www.instagram.com\/dutchmicrodosing\/\"]}]}<\/script>\n<meta property=\"product:price:amount\" content=\"19.95\" \/>\n<meta property=\"product:price:currency\" content=\"EUR\" \/>\n<meta property=\"og:availability\" content=\"out of stock\" \/>\n<meta property=\"product:availability\" content=\"out of stock\" \/>\n<meta property=\"product:retailer_item_id\" content=\"5208292\" \/>\n<meta property=\"product:condition\" content=\"new\" \/>\n<!-- \/ Yoast SEO Premium plugin. -->","yoast_head_json":{"title":"Esprit Indien - Teinture de Veine Rouge - 10 ML - Dutchmicrodosing","description":"D\u00e9couvre la tranquillit\u00e9 avec la teinture Indian Spirit Red Vein. 10 ml d'extrait de kratom naturel liquide, rapidement absorb\u00e9 et facile \u00e0 doser.","robots":{"index":"index","follow":"follow","max-snippet":"max-snippet:-1","max-image-preview":"max-image-preview:large","max-video-preview":"max-video-preview:-1"},"canonical":"https:\/\/dutchmicrodosing.com\/fr\/herbes-botaniques\/kratom\/esprit-indien-teinture-de-veine-rouge-10-ml\/","og_locale":"fr_FR","og_type":"article","og_title":"Esprit Indien - Teinture de Veine Rouge - 10 ML","og_description":"Indian Spirit \u2013 Teinture Red Vein \u2013 10 ML est un extrait liquide des feuilles de l'arbre Kratom (Mitragyna speciosa), originaire d'Asie du Sud-Est. Cette","og_url":"https:\/\/dutchmicrodosing.com\/fr\/herbes-botaniques\/kratom\/esprit-indien-teinture-de-veine-rouge-10-ml\/","og_site_name":"Dutchmicrodosing","article_publisher":"https:\/\/www.facebook.com\/Dutchmicrodosingxp\/","article_modified_time":"2025-09-29T14:39:44+00:00","og_image":[{"width":600,"height":600,"url":"https:\/\/dutchmicrodosing.com\/wp-content\/uploads\/2025\/08\/Red-Vein-Kratom-Tinctuur-Mockup.jpeg","type":"image\/jpeg"}],"twitter_card":"summary_large_image","schema":{"@context":"https:\/\/schema.org","@graph":[{"@type":"WebPage","@id":"https:\/\/dutchmicrodosing.com\/fr\/herbes-botaniques\/kratom\/esprit-indien-teinture-de-veine-rouge-10-ml\/","url":"https:\/\/dutchmicrodosing.com\/fr\/herbes-botaniques\/kratom\/esprit-indien-teinture-de-veine-rouge-10-ml\/","name":"Esprit Indien - Teinture de Veine Rouge - 10 ML - Dutchmicrodosing","isPartOf":{"@id":"https:\/\/dutchmicrodosing.com\/fr\/#website"},"primaryImageOfPage":{"@id":"https:\/\/dutchmicrodosing.com\/fr\/herbes-botaniques\/kratom\/esprit-indien-teinture-de-veine-rouge-10-ml\/#primaryimage"},"image":{"@id":"https:\/\/dutchmicrodosing.com\/fr\/herbes-botaniques\/kratom\/esprit-indien-teinture-de-veine-rouge-10-ml\/#primaryimage"},"thumbnailUrl":"https:\/\/dutchmicrodosing.com\/wp-content\/uploads\/2025\/08\/Red-Vein-Kratom-Tinctuur-Mockup.jpeg","datePublished":"2025-08-26T09:18:45+00:00","dateModified":"2025-09-29T14:39:44+00:00","description":"D\u00e9couvre la tranquillit\u00e9 avec la teinture Indian Spirit Red Vein. 10 ml d'extrait de kratom naturel liquide, rapidement absorb\u00e9 et facile \u00e0 doser.","breadcrumb":{"@id":"https:\/\/dutchmicrodosing.com\/fr\/herbes-botaniques\/kratom\/esprit-indien-teinture-de-veine-rouge-10-ml\/#breadcrumb"},"inLanguage":"fr-FR","potentialAction":[{"@type":"ReadAction","target":["https:\/\/dutchmicrodosing.com\/fr\/herbes-botaniques\/kratom\/esprit-indien-teinture-de-veine-rouge-10-ml\/"]}]},{"@type":"ImageObject","inLanguage":"fr-FR","@id":"https:\/\/dutchmicrodosing.com\/fr\/herbes-botaniques\/kratom\/esprit-indien-teinture-de-veine-rouge-10-ml\/#primaryimage","url":"https:\/\/dutchmicrodosing.com\/wp-content\/uploads\/2025\/08\/Red-Vein-Kratom-Tinctuur-Mockup.jpeg","contentUrl":"https:\/\/dutchmicrodosing.com\/wp-content\/uploads\/2025\/08\/Red-Vein-Kratom-Tinctuur-Mockup.jpeg","width":600,"height":600,"caption":"A bottle of Red Vain Kraton Indian Spirit"},{"@type":"BreadcrumbList","@id":"https:\/\/dutchmicrodosing.com\/fr\/herbes-botaniques\/kratom\/esprit-indien-teinture-de-veine-rouge-10-ml\/#breadcrumb","itemListElement":[{"@type":"ListItem","position":1,"name":"Home","item":"https:\/\/dutchmicrodosing.com\/fr\/"},{"@type":"ListItem","position":2,"name":"Boutique","item":"https:\/\/dutchmicrodosing.com\/fr\/boutique\/"},{"@type":"ListItem","position":3,"name":"Esprit Indien &#8211; Teinture de Veine Rouge &#8211; 10 ML"}]},{"@type":"WebSite","@id":"https:\/\/dutchmicrodosing.com\/fr\/#website","url":"https:\/\/dutchmicrodosing.com\/fr\/","name":"Dutchmicrodosing","description":"","publisher":{"@id":"https:\/\/dutchmicrodosing.com\/fr\/#organization"},"potentialAction":[{"@type":"SearchAction","target":{"@type":"EntryPoint","urlTemplate":"https:\/\/dutchmicrodosing.com\/fr\/?s={search_term_string}"},"query-input":{"@type":"PropertyValueSpecification","valueRequired":true,"valueName":"search_term_string"}}],"inLanguage":"fr-FR"},{"@type":"Organization","@id":"https:\/\/dutchmicrodosing.com\/fr\/#organization","name":"Dutchmicrodosing","url":"https:\/\/dutchmicrodosing.com\/fr\/","logo":{"@type":"ImageObject","inLanguage":"fr-FR","@id":"https:\/\/dutchmicrodosing.com\/fr\/#\/schema\/logo\/image\/","url":"https:\/\/dutchmicrodosing.com\/wp-content\/uploads\/2021\/01\/microdosing-categorie-pic-nieuw.jpg","contentUrl":"https:\/\/dutchmicrodosing.com\/wp-content\/uploads\/2021\/01\/microdosing-categorie-pic-nieuw.jpg","width":500,"height":500,"caption":"Dutchmicrodosing"},"image":{"@id":"https:\/\/dutchmicrodosing.com\/fr\/#\/schema\/logo\/image\/"},"sameAs":["https:\/\/www.facebook.com\/Dutchmicrodosingxp\/","https:\/\/www.instagram.com\/dutchmicrodosing\/"]}]},"product_price_amount":"19.95","product_price_currency":"EUR","og_availability":"out of stock","product_availability":"out of stock","product_retailer_item_id":"5208292","product_condition":"new"},"_links":{"self":[{"href":"https:\/\/dutchmicrodosing.com\/fr\/wp-json\/wp\/v2\/product\/55309","targetHints":{"allow":["GET"]}}],"collection":[{"href":"https:\/\/dutchmicrodosing.com\/fr\/wp-json\/wp\/v2\/product"}],"about":[{"href":"https:\/\/dutchmicrodosing.com\/fr\/wp-json\/wp\/v2\/types\/product"}],"replies":[{"embeddable":true,"href":"https:\/\/dutchmicrodosing.com\/fr\/wp-json\/wp\/v2\/comments?post=55309"}],"version-history":[{"count":0,"href":"https:\/\/dutchmicrodosing.com\/fr\/wp-json\/wp\/v2\/product\/55309\/revisions"}],"wp:featuredmedia":[{"embeddable":true,"href":"https:\/\/dutchmicrodosing.com\/fr\/wp-json\/wp\/v2\/media\/55301"}],"wp:attachment":[{"href":"https:\/\/dutchmicrodosing.com\/fr\/wp-json\/wp\/v2\/media?parent=55309"}],"wp:term":[{"taxonomy":"product_brand","embeddable":true,"href":"https:\/\/dutchmicrodosing.com\/fr\/wp-json\/wp\/v2\/product_brand?post=55309"},{"taxonomy":"product_cat","embeddable":true,"href":"https:\/\/dutchmicrodosing.com\/fr\/wp-json\/wp\/v2\/product_cat?post=55309"},{"taxonomy":"product_tag","embeddable":true,"href":"https:\/\/dutchmicrodosing.com\/fr\/wp-json\/wp\/v2\/product_tag?post=55309"}],"curies":[{"name":"wp","href":"https:\/\/api.w.org\/{rel}","templated":true}]}}