{"id":58519,"date":"2025-10-17T13:56:30","date_gmt":"2025-10-17T11:56:30","guid":{"rendered":"https:\/\/dutchmicrodosing.com\/shop\/non%20class\u00e9\/date-night-chocolates\/"},"modified":"2025-10-31T00:26:59","modified_gmt":"2025-10-30T23:26:59","slug":"date-night-chocolates","status":"publish","type":"product","link":"https:\/\/dutchmicrodosing.com\/fr\/boutique-de-sante\/vitamines-et-supplements\/date-night-chocolates\/","title":{"rendered":"Date Night Chocolates"},"content":{"rendered":"<p>D\u00e9couvre la magie de profiter ensemble avec ce <strong>chocolat de soir\u00e9e romantique<\/strong> sp\u00e9cial, fabriqu\u00e9 avec des ingr\u00e9dients naturels tels que le maca, le ginseng, l&rsquo;arginine et la damiana. Cette combinaison unique cr\u00e9e une exp\u00e9rience chaleureuse, ludique et romantique.<\/p>\n<p>Le m\u00e9lange de chocolat noir avec de la fraise et une subtile sensation p\u00e9tillante stimule les sens et apporte un sourire \u00e0 ton visage. De plus, dans chaque emballage, tu trouveras une carte Action ou V\u00e9rit\u00e9 et une playlist d&rsquo;amour sp\u00e9cialement con\u00e7ue \u2013 tout ce dont tu as besoin pour une soir\u00e9e agr\u00e9able et intime ensemble.<\/p>\n<p>Le chocolat est enti\u00e8rement naturel et sans additifs artificiels. Le chocolat noir est connu pour sa saveur riche et l&rsquo;ajout d&rsquo;ingr\u00e9dients botaniques soigneusement s\u00e9lectionn\u00e9s rend l&rsquo;ensemble encore plus sp\u00e9cial.<\/p>\n<h3>Composition naturelle<\/h3>\n<p>Le maca est connu pour ses propri\u00e9t\u00e9s de soutien \u00e0 la vitalit\u00e9 et \u00e0 l&rsquo;\u00e9quilibre.<br \/>\nLe panax ginseng est traditionnellement utilis\u00e9 pour un suppl\u00e9ment d&rsquo;\u00e9nergie et de r\u00e9silience.<br \/>\nLa damiana est appr\u00e9ci\u00e9e depuis des si\u00e8cles pour son caract\u00e8re relaxant et atmosph\u00e9rique.<\/p>\n<p>Ces ingr\u00e9dients naturels se compl\u00e8tent et cr\u00e9ent une combinaison harmonieuse qui s&rsquo;accorde parfaitement avec une atmosph\u00e8re d\u00e9tendue et affectueuse.<\/p>\n<h3>Produit en toute s\u00e9curit\u00e9<\/h3>\n<p>Les Date Night Chocolates sont produits avec soin en Europe dans des usines certifi\u00e9es, avec une attention particuli\u00e8re \u00e0 la qualit\u00e9 et \u00e0 l&rsquo;origine de chaque ingr\u00e9dient.<\/p>\n<h3>Ingr\u00e9dients<\/h3>\n<p>Chocolat noir (p\u00e2te de cacao, sucre de canne, beurre de cacao), fraises lyophilis\u00e9es, bonbons p\u00e9tillants (sucre, lactose, lait, glucose, dioxyde de carbone), maca jaune, poivre de Cayenne, panax ginseng, extrait de damiana, arginine.<\/p>\n<p>Peut contenir des traces de noix, d&rsquo;arachides, de bl\u00e9, de soja et d&rsquo;\u0153ufs.<\/p>\n<h3>Contenu de l&#8217;emballage<\/h3>\n<p>Quatre portions de chocolat et une carte de jeu Action ou V\u00e9rit\u00e9.<\/p>\n","protected":false},"excerpt":{"rendered":"<p>D\u00e9couvre la magie de profiter ensemble avec ce chocolat de soir\u00e9e romantique sp\u00e9cial, fabriqu\u00e9 avec des ingr\u00e9dients naturels tels que le maca, le ginseng, l&rsquo;arginine et la damiana. Cette combinaison unique cr\u00e9e une exp\u00e9rience chaleureuse, ludique et romantique. Le m\u00e9lange de chocolat noir avec de la fraise et une subtile sensation p\u00e9tillante stimule les sens [&hellip;]<\/p>\n","protected":false},"featured_media":58520,"comment_status":"closed","ping_status":"closed","template":"","meta":[],"product_brand":[],"product_cat":[649,131],"product_tag":[],"class_list":{"0":"post-58519","1":"product","2":"type-product","3":"status-publish","4":"has-post-thumbnail","6":"product_cat-herbes-aphrodisiaques","7":"product_cat-vitamines-et-supplements","9":"first","10":"instock","11":"taxable","12":"shipping-taxable","13":"purchasable","14":"product-type-simple"},"yoast_head":"<!-- This site is optimized with the Yoast SEO Premium plugin v26.4 (Yoast SEO v27.2) - https:\/\/yoast.com\/product\/yoast-seo-premium-wordpress\/ -->\n<title>Date Night Chocolates - Dutchmicrodosing<\/title>\n<meta name=\"robots\" content=\"index, follow, max-snippet:-1, max-image-preview:large, max-video-preview:-1\" \/>\n<link rel=\"canonical\" href=\"https:\/\/dutchmicrodosing.com\/fr\/boutique-de-sante\/vitamines-et-supplements\/date-night-chocolates\/\" \/>\n<meta property=\"og:locale\" content=\"fr_FR\" \/>\n<meta property=\"og:type\" content=\"article\" \/>\n<meta property=\"og:title\" content=\"Date Night Chocolates\" \/>\n<meta property=\"og:description\" content=\"D\u00e9couvre la magie de profiter ensemble avec ce chocolat de soir\u00e9e romantique sp\u00e9cial, fabriqu\u00e9 avec des ingr\u00e9dients naturels tels que le maca, le ginseng,\" \/>\n<meta property=\"og:url\" content=\"https:\/\/dutchmicrodosing.com\/fr\/boutique-de-sante\/vitamines-et-supplements\/date-night-chocolates\/\" \/>\n<meta property=\"og:site_name\" content=\"Dutchmicrodosing\" \/>\n<meta property=\"article:publisher\" content=\"https:\/\/www.facebook.com\/Dutchmicrodosingxp\/\" \/>\n<meta property=\"article:modified_time\" content=\"2025-10-30T23:26:59+00:00\" \/>\n<meta property=\"og:image\" content=\"https:\/\/dutchmicrodosing.com\/wp-content\/uploads\/2025\/10\/date-night-choco.jpg\" \/>\n\t<meta property=\"og:image:width\" content=\"600\" \/>\n\t<meta property=\"og:image:height\" content=\"600\" \/>\n\t<meta property=\"og:image:type\" content=\"image\/jpeg\" \/>\n<meta name=\"twitter:card\" content=\"summary_large_image\" \/>\n<script type=\"application\/ld+json\" class=\"yoast-schema-graph\">{\"@context\":\"https:\/\/schema.org\",\"@graph\":[{\"@type\":\"WebPage\",\"@id\":\"https:\/\/dutchmicrodosing.com\/fr\/boutique-de-sante\/vitamines-et-supplements\/date-night-chocolates\/\",\"url\":\"https:\/\/dutchmicrodosing.com\/fr\/boutique-de-sante\/vitamines-et-supplements\/date-night-chocolates\/\",\"name\":\"Date Night Chocolates - Dutchmicrodosing\",\"isPartOf\":{\"@id\":\"https:\/\/dutchmicrodosing.com\/fr\/#website\"},\"primaryImageOfPage\":{\"@id\":\"https:\/\/dutchmicrodosing.com\/fr\/boutique-de-sante\/vitamines-et-supplements\/date-night-chocolates\/#primaryimage\"},\"image\":{\"@id\":\"https:\/\/dutchmicrodosing.com\/fr\/boutique-de-sante\/vitamines-et-supplements\/date-night-chocolates\/#primaryimage\"},\"thumbnailUrl\":\"https:\/\/dutchmicrodosing.com\/wp-content\/uploads\/2025\/10\/date-night-choco.jpg\",\"datePublished\":\"2025-10-17T11:56:30+00:00\",\"dateModified\":\"2025-10-30T23:26:59+00:00\",\"breadcrumb\":{\"@id\":\"https:\/\/dutchmicrodosing.com\/fr\/boutique-de-sante\/vitamines-et-supplements\/date-night-chocolates\/#breadcrumb\"},\"inLanguage\":\"fr-FR\",\"potentialAction\":[{\"@type\":\"ReadAction\",\"target\":[\"https:\/\/dutchmicrodosing.com\/fr\/boutique-de-sante\/vitamines-et-supplements\/date-night-chocolates\/\"]}]},{\"@type\":\"ImageObject\",\"inLanguage\":\"fr-FR\",\"@id\":\"https:\/\/dutchmicrodosing.com\/fr\/boutique-de-sante\/vitamines-et-supplements\/date-night-chocolates\/#primaryimage\",\"url\":\"https:\/\/dutchmicrodosing.com\/wp-content\/uploads\/2025\/10\/date-night-choco.jpg\",\"contentUrl\":\"https:\/\/dutchmicrodosing.com\/wp-content\/uploads\/2025\/10\/date-night-choco.jpg\",\"width\":600,\"height\":600},{\"@type\":\"BreadcrumbList\",\"@id\":\"https:\/\/dutchmicrodosing.com\/fr\/boutique-de-sante\/vitamines-et-supplements\/date-night-chocolates\/#breadcrumb\",\"itemListElement\":[{\"@type\":\"ListItem\",\"position\":1,\"name\":\"Home\",\"item\":\"https:\/\/dutchmicrodosing.com\/fr\/\"},{\"@type\":\"ListItem\",\"position\":2,\"name\":\"Boutique\",\"item\":\"https:\/\/dutchmicrodosing.com\/fr\/boutique\/\"},{\"@type\":\"ListItem\",\"position\":3,\"name\":\"Date Night Chocolates\"}]},{\"@type\":\"WebSite\",\"@id\":\"https:\/\/dutchmicrodosing.com\/fr\/#website\",\"url\":\"https:\/\/dutchmicrodosing.com\/fr\/\",\"name\":\"Dutchmicrodosing\",\"description\":\"\",\"publisher\":{\"@id\":\"https:\/\/dutchmicrodosing.com\/fr\/#organization\"},\"potentialAction\":[{\"@type\":\"SearchAction\",\"target\":{\"@type\":\"EntryPoint\",\"urlTemplate\":\"https:\/\/dutchmicrodosing.com\/fr\/?s={search_term_string}\"},\"query-input\":{\"@type\":\"PropertyValueSpecification\",\"valueRequired\":true,\"valueName\":\"search_term_string\"}}],\"inLanguage\":\"fr-FR\"},{\"@type\":\"Organization\",\"@id\":\"https:\/\/dutchmicrodosing.com\/fr\/#organization\",\"name\":\"Dutchmicrodosing\",\"url\":\"https:\/\/dutchmicrodosing.com\/fr\/\",\"logo\":{\"@type\":\"ImageObject\",\"inLanguage\":\"fr-FR\",\"@id\":\"https:\/\/dutchmicrodosing.com\/fr\/#\/schema\/logo\/image\/\",\"url\":\"https:\/\/dutchmicrodosing.com\/wp-content\/uploads\/2021\/01\/microdosing-categorie-pic-nieuw.jpg\",\"contentUrl\":\"https:\/\/dutchmicrodosing.com\/wp-content\/uploads\/2021\/01\/microdosing-categorie-pic-nieuw.jpg\",\"width\":500,\"height\":500,\"caption\":\"Dutchmicrodosing\"},\"image\":{\"@id\":\"https:\/\/dutchmicrodosing.com\/fr\/#\/schema\/logo\/image\/\"},\"sameAs\":[\"https:\/\/www.facebook.com\/Dutchmicrodosingxp\/\",\"https:\/\/www.instagram.com\/dutchmicrodosing\/\"]}]}<\/script>\n<meta property=\"product:price:amount\" content=\"19.95\" \/>\n<meta property=\"product:price:currency\" content=\"EUR\" \/>\n<meta property=\"og:availability\" content=\"instock\" \/>\n<meta property=\"product:availability\" content=\"instock\" \/>\n<meta property=\"product:retailer_item_id\" content=\"5210245\" \/>\n<meta property=\"product:condition\" content=\"new\" \/>\n<!-- \/ Yoast SEO Premium plugin. -->","yoast_head_json":{"title":"Date Night Chocolates - Dutchmicrodosing","robots":{"index":"index","follow":"follow","max-snippet":"max-snippet:-1","max-image-preview":"max-image-preview:large","max-video-preview":"max-video-preview:-1"},"canonical":"https:\/\/dutchmicrodosing.com\/fr\/boutique-de-sante\/vitamines-et-supplements\/date-night-chocolates\/","og_locale":"fr_FR","og_type":"article","og_title":"Date Night Chocolates","og_description":"D\u00e9couvre la magie de profiter ensemble avec ce chocolat de soir\u00e9e romantique sp\u00e9cial, fabriqu\u00e9 avec des ingr\u00e9dients naturels tels que le maca, le ginseng,","og_url":"https:\/\/dutchmicrodosing.com\/fr\/boutique-de-sante\/vitamines-et-supplements\/date-night-chocolates\/","og_site_name":"Dutchmicrodosing","article_publisher":"https:\/\/www.facebook.com\/Dutchmicrodosingxp\/","article_modified_time":"2025-10-30T23:26:59+00:00","og_image":[{"width":600,"height":600,"url":"https:\/\/dutchmicrodosing.com\/wp-content\/uploads\/2025\/10\/date-night-choco.jpg","type":"image\/jpeg"}],"twitter_card":"summary_large_image","schema":{"@context":"https:\/\/schema.org","@graph":[{"@type":"WebPage","@id":"https:\/\/dutchmicrodosing.com\/fr\/boutique-de-sante\/vitamines-et-supplements\/date-night-chocolates\/","url":"https:\/\/dutchmicrodosing.com\/fr\/boutique-de-sante\/vitamines-et-supplements\/date-night-chocolates\/","name":"Date Night Chocolates - Dutchmicrodosing","isPartOf":{"@id":"https:\/\/dutchmicrodosing.com\/fr\/#website"},"primaryImageOfPage":{"@id":"https:\/\/dutchmicrodosing.com\/fr\/boutique-de-sante\/vitamines-et-supplements\/date-night-chocolates\/#primaryimage"},"image":{"@id":"https:\/\/dutchmicrodosing.com\/fr\/boutique-de-sante\/vitamines-et-supplements\/date-night-chocolates\/#primaryimage"},"thumbnailUrl":"https:\/\/dutchmicrodosing.com\/wp-content\/uploads\/2025\/10\/date-night-choco.jpg","datePublished":"2025-10-17T11:56:30+00:00","dateModified":"2025-10-30T23:26:59+00:00","breadcrumb":{"@id":"https:\/\/dutchmicrodosing.com\/fr\/boutique-de-sante\/vitamines-et-supplements\/date-night-chocolates\/#breadcrumb"},"inLanguage":"fr-FR","potentialAction":[{"@type":"ReadAction","target":["https:\/\/dutchmicrodosing.com\/fr\/boutique-de-sante\/vitamines-et-supplements\/date-night-chocolates\/"]}]},{"@type":"ImageObject","inLanguage":"fr-FR","@id":"https:\/\/dutchmicrodosing.com\/fr\/boutique-de-sante\/vitamines-et-supplements\/date-night-chocolates\/#primaryimage","url":"https:\/\/dutchmicrodosing.com\/wp-content\/uploads\/2025\/10\/date-night-choco.jpg","contentUrl":"https:\/\/dutchmicrodosing.com\/wp-content\/uploads\/2025\/10\/date-night-choco.jpg","width":600,"height":600},{"@type":"BreadcrumbList","@id":"https:\/\/dutchmicrodosing.com\/fr\/boutique-de-sante\/vitamines-et-supplements\/date-night-chocolates\/#breadcrumb","itemListElement":[{"@type":"ListItem","position":1,"name":"Home","item":"https:\/\/dutchmicrodosing.com\/fr\/"},{"@type":"ListItem","position":2,"name":"Boutique","item":"https:\/\/dutchmicrodosing.com\/fr\/boutique\/"},{"@type":"ListItem","position":3,"name":"Date Night Chocolates"}]},{"@type":"WebSite","@id":"https:\/\/dutchmicrodosing.com\/fr\/#website","url":"https:\/\/dutchmicrodosing.com\/fr\/","name":"Dutchmicrodosing","description":"","publisher":{"@id":"https:\/\/dutchmicrodosing.com\/fr\/#organization"},"potentialAction":[{"@type":"SearchAction","target":{"@type":"EntryPoint","urlTemplate":"https:\/\/dutchmicrodosing.com\/fr\/?s={search_term_string}"},"query-input":{"@type":"PropertyValueSpecification","valueRequired":true,"valueName":"search_term_string"}}],"inLanguage":"fr-FR"},{"@type":"Organization","@id":"https:\/\/dutchmicrodosing.com\/fr\/#organization","name":"Dutchmicrodosing","url":"https:\/\/dutchmicrodosing.com\/fr\/","logo":{"@type":"ImageObject","inLanguage":"fr-FR","@id":"https:\/\/dutchmicrodosing.com\/fr\/#\/schema\/logo\/image\/","url":"https:\/\/dutchmicrodosing.com\/wp-content\/uploads\/2021\/01\/microdosing-categorie-pic-nieuw.jpg","contentUrl":"https:\/\/dutchmicrodosing.com\/wp-content\/uploads\/2021\/01\/microdosing-categorie-pic-nieuw.jpg","width":500,"height":500,"caption":"Dutchmicrodosing"},"image":{"@id":"https:\/\/dutchmicrodosing.com\/fr\/#\/schema\/logo\/image\/"},"sameAs":["https:\/\/www.facebook.com\/Dutchmicrodosingxp\/","https:\/\/www.instagram.com\/dutchmicrodosing\/"]}]},"product_price_amount":"19.95","product_price_currency":"EUR","og_availability":"instock","product_availability":"instock","product_retailer_item_id":"5210245","product_condition":"new"},"_links":{"self":[{"href":"https:\/\/dutchmicrodosing.com\/fr\/wp-json\/wp\/v2\/product\/58519","targetHints":{"allow":["GET"]}}],"collection":[{"href":"https:\/\/dutchmicrodosing.com\/fr\/wp-json\/wp\/v2\/product"}],"about":[{"href":"https:\/\/dutchmicrodosing.com\/fr\/wp-json\/wp\/v2\/types\/product"}],"replies":[{"embeddable":true,"href":"https:\/\/dutchmicrodosing.com\/fr\/wp-json\/wp\/v2\/comments?post=58519"}],"version-history":[{"count":1,"href":"https:\/\/dutchmicrodosing.com\/fr\/wp-json\/wp\/v2\/product\/58519\/revisions"}],"predecessor-version":[{"id":59426,"href":"https:\/\/dutchmicrodosing.com\/fr\/wp-json\/wp\/v2\/product\/58519\/revisions\/59426"}],"wp:featuredmedia":[{"embeddable":true,"href":"https:\/\/dutchmicrodosing.com\/fr\/wp-json\/wp\/v2\/media\/58520"}],"wp:attachment":[{"href":"https:\/\/dutchmicrodosing.com\/fr\/wp-json\/wp\/v2\/media?parent=58519"}],"wp:term":[{"taxonomy":"product_brand","embeddable":true,"href":"https:\/\/dutchmicrodosing.com\/fr\/wp-json\/wp\/v2\/product_brand?post=58519"},{"taxonomy":"product_cat","embeddable":true,"href":"https:\/\/dutchmicrodosing.com\/fr\/wp-json\/wp\/v2\/product_cat?post=58519"},{"taxonomy":"product_tag","embeddable":true,"href":"https:\/\/dutchmicrodosing.com\/fr\/wp-json\/wp\/v2\/product_tag?post=58519"}],"curies":[{"name":"wp","href":"https:\/\/api.w.org\/{rel}","templated":true}]}}