{"id":59439,"date":"2025-10-30T16:01:09","date_gmt":"2025-10-30T15:01:09","guid":{"rendered":"https:\/\/dutchmicrodosing.com\/shop\/non%20class\u00e9\/damiana-60-gelules\/"},"modified":"2025-11-11T15:29:53","modified_gmt":"2025-11-11T14:29:53","slug":"damiana-60-gelules","status":"publish","type":"product","link":"https:\/\/dutchmicrodosing.com\/fr\/herbes-botaniques\/herbes-aphrodisiaques\/damiana-60-gelules\/","title":{"rendered":"Damiana &#8211; 60 g\u00e9lules"},"content":{"rendered":"<p><strong>Damiana &#8211; 60 g\u00e9lules<\/strong> (Turnera diffusa) est une herbe ancestrale originaire d&rsquo;Am\u00e9rique centrale et du Sud. Depuis des g\u00e9n\u00e9rations, cette plante est appr\u00e9ci\u00e9e par les peuples indig\u00e8nes, qui utilisaient la Damiana dans des rituels et des boissons. Les Mayas associaient l&rsquo;herbe \u00e0 l&rsquo;\u00e9quilibre, tandis que les Indiens du Mexique la m\u00e9langeaient avec du sucre pour un \u00e9lixir d&rsquo;amour apaisant. Aujourd&rsquo;hui, la Damiana est toujours appr\u00e9ci\u00e9e pour ses propri\u00e9t\u00e9s particuli\u00e8res et son effet doux et relaxant.<\/p>\n<h3>Caract\u00e9ristiques<\/h3>\n<ul>\n<li>Connu gr\u00e2ce aux usages traditionnels des Mayas et des Indiens mexicains<\/li>\n<li>Naturellement l\u00e9g\u00e8rement relaxant et stimulant<\/li>\n<li>Ne contient que de la Damiana 100 % pure (Turnera diffusa)<\/li>\n<li>Est souvent utilis\u00e9 dans les m\u00e9langes d&rsquo;herbes ou sous forme de g\u00e9lule<\/li>\n<li>Convient \u00e0 un usage quotidien<\/li>\n<li>Conditionn\u00e9 de mani\u00e8re pratique sous forme de g\u00e9lule<\/li>\n<\/ul>\n<h3>Ingr\u00e9dients et\/ou composition<\/h3>\n<p>100 % Damiana (Turnera diffusa)<\/p>\n<h3>Utilisation<\/h3>\n<p>Prenez 1 g\u00e9lule par jour avec suffisamment d&rsquo;eau. Convient pour une utilisation \u00e0 tout moment de la journ\u00e9e.<\/p>\n<h3>Contenu<\/h3>\n<p>60 g\u00e9lules \u2013 Damiana d&rsquo;Indian Elements<\/p>\n<h3>Avis de non-responsabilit\u00e9<\/h3>\n<p><em>Le contenu de ce texte est fourni \u00e0 titre d&rsquo;information uniquement et ne remplace pas les conseils d&rsquo;un professionnel. Ce produit n&rsquo;est pas un m\u00e9dicament et n&rsquo;est pas destin\u00e9 \u00e0 diagnostiquer, traiter ou gu\u00e9rir une quelconque condition m\u00e9dicale.<\/em><\/p>\n","protected":false},"excerpt":{"rendered":"<p>Damiana &#8211; 60 g\u00e9lules (Turnera diffusa) est une herbe ancestrale originaire d&rsquo;Am\u00e9rique centrale et du Sud. Depuis des g\u00e9n\u00e9rations, cette plante est appr\u00e9ci\u00e9e par les peuples indig\u00e8nes, qui utilisaient la Damiana dans des rituels et des boissons. Les Mayas associaient l&rsquo;herbe \u00e0 l&rsquo;\u00e9quilibre, tandis que les Indiens du Mexique la m\u00e9langeaient avec du sucre pour [&hellip;]<\/p>\n","protected":false},"featured_media":59440,"comment_status":"closed","ping_status":"closed","template":"","meta":[],"product_brand":[],"product_cat":[649],"product_tag":[],"class_list":{"0":"post-59439","1":"product","2":"type-product","3":"status-publish","4":"has-post-thumbnail","6":"product_cat-herbes-aphrodisiaques","8":"first","9":"instock","10":"taxable","11":"shipping-taxable","12":"purchasable","13":"product-type-simple"},"yoast_head":"<!-- This site is optimized with the Yoast SEO Premium plugin v26.4 (Yoast SEO v27.2) - https:\/\/yoast.com\/product\/yoast-seo-premium-wordpress\/ -->\n<title>Damiana - 60 g\u00e9lules - Dutchmicrodosing<\/title>\n<meta name=\"description\" content=\"D\u00e9couvrez le pouvoir relaxant de Damiana - 60 g\u00e9lules \u2013 herbe 100 % naturelle en g\u00e9lules. Traditionnellement utilis\u00e9 en Am\u00e9rique centrale et du Sud.\" \/>\n<meta name=\"robots\" content=\"index, follow, max-snippet:-1, max-image-preview:large, max-video-preview:-1\" \/>\n<link rel=\"canonical\" href=\"https:\/\/dutchmicrodosing.com\/fr\/herbes-botaniques\/herbes-aphrodisiaques\/damiana-60-gelules\/\" \/>\n<meta property=\"og:locale\" content=\"fr_FR\" \/>\n<meta property=\"og:type\" content=\"article\" \/>\n<meta property=\"og:title\" content=\"Damiana - 60 g\u00e9lules\" \/>\n<meta property=\"og:description\" content=\"Damiana - 60 g\u00e9lules (Turnera diffusa) est une herbe ancestrale originaire d&#039;Am\u00e9rique centrale et du Sud. Depuis des g\u00e9n\u00e9rations, cette plante est\" \/>\n<meta property=\"og:url\" content=\"https:\/\/dutchmicrodosing.com\/fr\/herbes-botaniques\/herbes-aphrodisiaques\/damiana-60-gelules\/\" \/>\n<meta property=\"og:site_name\" content=\"Dutchmicrodosing\" \/>\n<meta property=\"article:publisher\" content=\"https:\/\/www.facebook.com\/Dutchmicrodosingxp\/\" \/>\n<meta property=\"article:modified_time\" content=\"2025-11-11T14:29:53+00:00\" \/>\n<meta property=\"og:image\" content=\"https:\/\/dutchmicrodosing.com\/wp-content\/uploads\/2025\/10\/Damiana-Capsules.jpg\" \/>\n\t<meta property=\"og:image:width\" content=\"1000\" \/>\n\t<meta property=\"og:image:height\" content=\"1000\" \/>\n\t<meta property=\"og:image:type\" content=\"image\/jpeg\" \/>\n<meta name=\"twitter:card\" content=\"summary_large_image\" \/>\n<script type=\"application\/ld+json\" class=\"yoast-schema-graph\">{\"@context\":\"https:\/\/schema.org\",\"@graph\":[{\"@type\":\"WebPage\",\"@id\":\"https:\/\/dutchmicrodosing.com\/fr\/herbes-botaniques\/herbes-aphrodisiaques\/damiana-60-gelules\/\",\"url\":\"https:\/\/dutchmicrodosing.com\/fr\/herbes-botaniques\/herbes-aphrodisiaques\/damiana-60-gelules\/\",\"name\":\"Damiana - 60 g\u00e9lules - Dutchmicrodosing\",\"isPartOf\":{\"@id\":\"https:\/\/dutchmicrodosing.com\/fr\/#website\"},\"primaryImageOfPage\":{\"@id\":\"https:\/\/dutchmicrodosing.com\/fr\/herbes-botaniques\/herbes-aphrodisiaques\/damiana-60-gelules\/#primaryimage\"},\"image\":{\"@id\":\"https:\/\/dutchmicrodosing.com\/fr\/herbes-botaniques\/herbes-aphrodisiaques\/damiana-60-gelules\/#primaryimage\"},\"thumbnailUrl\":\"https:\/\/dutchmicrodosing.com\/wp-content\/uploads\/2025\/10\/Damiana-Capsules.jpg\",\"datePublished\":\"2025-10-30T15:01:09+00:00\",\"dateModified\":\"2025-11-11T14:29:53+00:00\",\"description\":\"D\u00e9couvrez le pouvoir relaxant de Damiana - 60 g\u00e9lules \u2013 herbe 100 % naturelle en g\u00e9lules. Traditionnellement utilis\u00e9 en Am\u00e9rique centrale et du Sud.\",\"breadcrumb\":{\"@id\":\"https:\/\/dutchmicrodosing.com\/fr\/herbes-botaniques\/herbes-aphrodisiaques\/damiana-60-gelules\/#breadcrumb\"},\"inLanguage\":\"fr-FR\",\"potentialAction\":[{\"@type\":\"ReadAction\",\"target\":[\"https:\/\/dutchmicrodosing.com\/fr\/herbes-botaniques\/herbes-aphrodisiaques\/damiana-60-gelules\/\"]}]},{\"@type\":\"ImageObject\",\"inLanguage\":\"fr-FR\",\"@id\":\"https:\/\/dutchmicrodosing.com\/fr\/herbes-botaniques\/herbes-aphrodisiaques\/damiana-60-gelules\/#primaryimage\",\"url\":\"https:\/\/dutchmicrodosing.com\/wp-content\/uploads\/2025\/10\/Damiana-Capsules.jpg\",\"contentUrl\":\"https:\/\/dutchmicrodosing.com\/wp-content\/uploads\/2025\/10\/Damiana-Capsules.jpg\",\"width\":1000,\"height\":1000},{\"@type\":\"BreadcrumbList\",\"@id\":\"https:\/\/dutchmicrodosing.com\/fr\/herbes-botaniques\/herbes-aphrodisiaques\/damiana-60-gelules\/#breadcrumb\",\"itemListElement\":[{\"@type\":\"ListItem\",\"position\":1,\"name\":\"Home\",\"item\":\"https:\/\/dutchmicrodosing.com\/fr\/\"},{\"@type\":\"ListItem\",\"position\":2,\"name\":\"Boutique\",\"item\":\"https:\/\/dutchmicrodosing.com\/fr\/boutique\/\"},{\"@type\":\"ListItem\",\"position\":3,\"name\":\"Damiana &#8211; 60 g\u00e9lules\"}]},{\"@type\":\"WebSite\",\"@id\":\"https:\/\/dutchmicrodosing.com\/fr\/#website\",\"url\":\"https:\/\/dutchmicrodosing.com\/fr\/\",\"name\":\"Dutchmicrodosing\",\"description\":\"\",\"publisher\":{\"@id\":\"https:\/\/dutchmicrodosing.com\/fr\/#organization\"},\"potentialAction\":[{\"@type\":\"SearchAction\",\"target\":{\"@type\":\"EntryPoint\",\"urlTemplate\":\"https:\/\/dutchmicrodosing.com\/fr\/?s={search_term_string}\"},\"query-input\":{\"@type\":\"PropertyValueSpecification\",\"valueRequired\":true,\"valueName\":\"search_term_string\"}}],\"inLanguage\":\"fr-FR\"},{\"@type\":\"Organization\",\"@id\":\"https:\/\/dutchmicrodosing.com\/fr\/#organization\",\"name\":\"Dutchmicrodosing\",\"url\":\"https:\/\/dutchmicrodosing.com\/fr\/\",\"logo\":{\"@type\":\"ImageObject\",\"inLanguage\":\"fr-FR\",\"@id\":\"https:\/\/dutchmicrodosing.com\/fr\/#\/schema\/logo\/image\/\",\"url\":\"https:\/\/dutchmicrodosing.com\/wp-content\/uploads\/2021\/01\/microdosing-categorie-pic-nieuw.jpg\",\"contentUrl\":\"https:\/\/dutchmicrodosing.com\/wp-content\/uploads\/2021\/01\/microdosing-categorie-pic-nieuw.jpg\",\"width\":500,\"height\":500,\"caption\":\"Dutchmicrodosing\"},\"image\":{\"@id\":\"https:\/\/dutchmicrodosing.com\/fr\/#\/schema\/logo\/image\/\"},\"sameAs\":[\"https:\/\/www.facebook.com\/Dutchmicrodosingxp\/\",\"https:\/\/www.instagram.com\/dutchmicrodosing\/\"]}]}<\/script>\n<meta property=\"product:price:amount\" content=\"11.95\" \/>\n<meta property=\"product:price:currency\" content=\"EUR\" \/>\n<meta property=\"og:availability\" content=\"instock\" \/>\n<meta property=\"product:availability\" content=\"instock\" \/>\n<meta property=\"product:retailer_item_id\" content=\"8101464\" \/>\n<meta property=\"product:condition\" content=\"new\" \/>\n<!-- \/ Yoast SEO Premium plugin. -->","yoast_head_json":{"title":"Damiana - 60 g\u00e9lules - Dutchmicrodosing","description":"D\u00e9couvrez le pouvoir relaxant de Damiana - 60 g\u00e9lules \u2013 herbe 100 % naturelle en g\u00e9lules. Traditionnellement utilis\u00e9 en Am\u00e9rique centrale et du Sud.","robots":{"index":"index","follow":"follow","max-snippet":"max-snippet:-1","max-image-preview":"max-image-preview:large","max-video-preview":"max-video-preview:-1"},"canonical":"https:\/\/dutchmicrodosing.com\/fr\/herbes-botaniques\/herbes-aphrodisiaques\/damiana-60-gelules\/","og_locale":"fr_FR","og_type":"article","og_title":"Damiana - 60 g\u00e9lules","og_description":"Damiana - 60 g\u00e9lules (Turnera diffusa) est une herbe ancestrale originaire d'Am\u00e9rique centrale et du Sud. Depuis des g\u00e9n\u00e9rations, cette plante est","og_url":"https:\/\/dutchmicrodosing.com\/fr\/herbes-botaniques\/herbes-aphrodisiaques\/damiana-60-gelules\/","og_site_name":"Dutchmicrodosing","article_publisher":"https:\/\/www.facebook.com\/Dutchmicrodosingxp\/","article_modified_time":"2025-11-11T14:29:53+00:00","og_image":[{"width":1000,"height":1000,"url":"https:\/\/dutchmicrodosing.com\/wp-content\/uploads\/2025\/10\/Damiana-Capsules.jpg","type":"image\/jpeg"}],"twitter_card":"summary_large_image","schema":{"@context":"https:\/\/schema.org","@graph":[{"@type":"WebPage","@id":"https:\/\/dutchmicrodosing.com\/fr\/herbes-botaniques\/herbes-aphrodisiaques\/damiana-60-gelules\/","url":"https:\/\/dutchmicrodosing.com\/fr\/herbes-botaniques\/herbes-aphrodisiaques\/damiana-60-gelules\/","name":"Damiana - 60 g\u00e9lules - Dutchmicrodosing","isPartOf":{"@id":"https:\/\/dutchmicrodosing.com\/fr\/#website"},"primaryImageOfPage":{"@id":"https:\/\/dutchmicrodosing.com\/fr\/herbes-botaniques\/herbes-aphrodisiaques\/damiana-60-gelules\/#primaryimage"},"image":{"@id":"https:\/\/dutchmicrodosing.com\/fr\/herbes-botaniques\/herbes-aphrodisiaques\/damiana-60-gelules\/#primaryimage"},"thumbnailUrl":"https:\/\/dutchmicrodosing.com\/wp-content\/uploads\/2025\/10\/Damiana-Capsules.jpg","datePublished":"2025-10-30T15:01:09+00:00","dateModified":"2025-11-11T14:29:53+00:00","description":"D\u00e9couvrez le pouvoir relaxant de Damiana - 60 g\u00e9lules \u2013 herbe 100 % naturelle en g\u00e9lules. Traditionnellement utilis\u00e9 en Am\u00e9rique centrale et du Sud.","breadcrumb":{"@id":"https:\/\/dutchmicrodosing.com\/fr\/herbes-botaniques\/herbes-aphrodisiaques\/damiana-60-gelules\/#breadcrumb"},"inLanguage":"fr-FR","potentialAction":[{"@type":"ReadAction","target":["https:\/\/dutchmicrodosing.com\/fr\/herbes-botaniques\/herbes-aphrodisiaques\/damiana-60-gelules\/"]}]},{"@type":"ImageObject","inLanguage":"fr-FR","@id":"https:\/\/dutchmicrodosing.com\/fr\/herbes-botaniques\/herbes-aphrodisiaques\/damiana-60-gelules\/#primaryimage","url":"https:\/\/dutchmicrodosing.com\/wp-content\/uploads\/2025\/10\/Damiana-Capsules.jpg","contentUrl":"https:\/\/dutchmicrodosing.com\/wp-content\/uploads\/2025\/10\/Damiana-Capsules.jpg","width":1000,"height":1000},{"@type":"BreadcrumbList","@id":"https:\/\/dutchmicrodosing.com\/fr\/herbes-botaniques\/herbes-aphrodisiaques\/damiana-60-gelules\/#breadcrumb","itemListElement":[{"@type":"ListItem","position":1,"name":"Home","item":"https:\/\/dutchmicrodosing.com\/fr\/"},{"@type":"ListItem","position":2,"name":"Boutique","item":"https:\/\/dutchmicrodosing.com\/fr\/boutique\/"},{"@type":"ListItem","position":3,"name":"Damiana &#8211; 60 g\u00e9lules"}]},{"@type":"WebSite","@id":"https:\/\/dutchmicrodosing.com\/fr\/#website","url":"https:\/\/dutchmicrodosing.com\/fr\/","name":"Dutchmicrodosing","description":"","publisher":{"@id":"https:\/\/dutchmicrodosing.com\/fr\/#organization"},"potentialAction":[{"@type":"SearchAction","target":{"@type":"EntryPoint","urlTemplate":"https:\/\/dutchmicrodosing.com\/fr\/?s={search_term_string}"},"query-input":{"@type":"PropertyValueSpecification","valueRequired":true,"valueName":"search_term_string"}}],"inLanguage":"fr-FR"},{"@type":"Organization","@id":"https:\/\/dutchmicrodosing.com\/fr\/#organization","name":"Dutchmicrodosing","url":"https:\/\/dutchmicrodosing.com\/fr\/","logo":{"@type":"ImageObject","inLanguage":"fr-FR","@id":"https:\/\/dutchmicrodosing.com\/fr\/#\/schema\/logo\/image\/","url":"https:\/\/dutchmicrodosing.com\/wp-content\/uploads\/2021\/01\/microdosing-categorie-pic-nieuw.jpg","contentUrl":"https:\/\/dutchmicrodosing.com\/wp-content\/uploads\/2021\/01\/microdosing-categorie-pic-nieuw.jpg","width":500,"height":500,"caption":"Dutchmicrodosing"},"image":{"@id":"https:\/\/dutchmicrodosing.com\/fr\/#\/schema\/logo\/image\/"},"sameAs":["https:\/\/www.facebook.com\/Dutchmicrodosingxp\/","https:\/\/www.instagram.com\/dutchmicrodosing\/"]}]},"product_price_amount":"11.95","product_price_currency":"EUR","og_availability":"instock","product_availability":"instock","product_retailer_item_id":"8101464","product_condition":"new"},"_links":{"self":[{"href":"https:\/\/dutchmicrodosing.com\/fr\/wp-json\/wp\/v2\/product\/59439","targetHints":{"allow":["GET"]}}],"collection":[{"href":"https:\/\/dutchmicrodosing.com\/fr\/wp-json\/wp\/v2\/product"}],"about":[{"href":"https:\/\/dutchmicrodosing.com\/fr\/wp-json\/wp\/v2\/types\/product"}],"replies":[{"embeddable":true,"href":"https:\/\/dutchmicrodosing.com\/fr\/wp-json\/wp\/v2\/comments?post=59439"}],"version-history":[{"count":1,"href":"https:\/\/dutchmicrodosing.com\/fr\/wp-json\/wp\/v2\/product\/59439\/revisions"}],"predecessor-version":[{"id":61602,"href":"https:\/\/dutchmicrodosing.com\/fr\/wp-json\/wp\/v2\/product\/59439\/revisions\/61602"}],"wp:featuredmedia":[{"embeddable":true,"href":"https:\/\/dutchmicrodosing.com\/fr\/wp-json\/wp\/v2\/media\/59440"}],"wp:attachment":[{"href":"https:\/\/dutchmicrodosing.com\/fr\/wp-json\/wp\/v2\/media?parent=59439"}],"wp:term":[{"taxonomy":"product_brand","embeddable":true,"href":"https:\/\/dutchmicrodosing.com\/fr\/wp-json\/wp\/v2\/product_brand?post=59439"},{"taxonomy":"product_cat","embeddable":true,"href":"https:\/\/dutchmicrodosing.com\/fr\/wp-json\/wp\/v2\/product_cat?post=59439"},{"taxonomy":"product_tag","embeddable":true,"href":"https:\/\/dutchmicrodosing.com\/fr\/wp-json\/wp\/v2\/product_tag?post=59439"}],"curies":[{"name":"wp","href":"https:\/\/api.w.org\/{rel}","templated":true}]}}