{"id":59453,"date":"2025-10-30T16:11:04","date_gmt":"2025-10-30T15:11:04","guid":{"rendered":"https:\/\/dutchmicrodosing.com\/shop\/non%20class\u00e9\/muira-puama-80-grammes\/"},"modified":"2025-11-11T15:26:36","modified_gmt":"2025-11-11T14:26:36","slug":"muira-puama-80-grammes","status":"publish","type":"product","link":"https:\/\/dutchmicrodosing.com\/fr\/herbes-botaniques\/herbes-aphrodisiaques\/muira-puama-80-grammes\/","title":{"rendered":"Muira Puama &#8211; 80 grammes"},"content":{"rendered":"<p><strong>Muira Puama &#8211; 80 grammes<\/strong> est \u00e9galement connu sous le nom de \u00ab Bois de Puissance \u00bb et provient directement de la for\u00eat tropicale. Cette plante exceptionnelle pousse comme un petit arbre jusqu&rsquo;\u00e0 quatre m\u00e8tres de hauteur et est particuli\u00e8rement appr\u00e9ci\u00e9e pour son \u00e9corce et ses racines. Parfait pour pr\u00e9parer une tisane puissante et aromatique. Un classique authentique dans le monde des herbes naturelles.<\/p>\n<h3>Caract\u00e9ristiques<\/h3>\n<ul>\n<li>\u00c9galement connu sous le nom de \u00ab Bois de Puissance \u00bb<\/li>\n<li>Origine : l&rsquo;Amazonie<\/li>\n<li>Fait \u00e0 partir de l&rsquo;\u00e9corce et des racines de l&rsquo;arbre Muira Puama<\/li>\n<li>Contient des substances naturelles comme des acides gras \u00e0 longue cha\u00eene, des st\u00e9rols v\u00e9g\u00e9taux, de la coumarine, du lup\u00e9ol et de la muirapuamine<\/li>\n<li>Populaire dans les cultures des herbes traditionnelles<\/li>\n<li>Se combine bien avec des herbes comme le Damiana pour un m\u00e9lange unique<\/li>\n<\/ul>\n<h3>Ingr\u00e9dients et\/ou composition<\/h3>\n<p>100 % pur Muira Puama (Ptychopetalum Olacoides)<\/p>\n<h3>Utilisation<\/h3>\n<p>Ajoute 1 \u00e0 2 cuill\u00e8res \u00e0 soupe de Muira Puama dans un demi-litre d&rsquo;eau. Laisse mijoter le m\u00e9lange pendant environ 15 minutes. Filtre la tisane avant utilisation et bois-la tranquillement.<\/p>\n<p><em>Astuce : Pour une exp\u00e9rience plus intense, tu peux combiner le Muira Puama avec du Damiana.<\/em><\/p>\n<h3>Contenu<\/h3>\n<p>80 grammes de Muira Puama \u2013 Indian Elements<\/p>\n<h3>Avis de non-responsabilit\u00e9<\/h3>\n<p><em>Le contenu de ce texte est fourni \u00e0 titre d&rsquo;information uniquement et ne remplace pas les conseils d&rsquo;un professionnel. Ce produit n&rsquo;est pas un m\u00e9dicament et n&rsquo;est pas destin\u00e9 \u00e0 diagnostiquer, traiter ou gu\u00e9rir une quelconque condition m\u00e9dicale.<\/em><\/p>\n","protected":false},"excerpt":{"rendered":"<p>Muira Puama &#8211; 80 grammes est \u00e9galement connu sous le nom de \u00ab Bois de Puissance \u00bb et provient directement de la for\u00eat tropicale. Cette plante exceptionnelle pousse comme un petit arbre jusqu&rsquo;\u00e0 quatre m\u00e8tres de hauteur et est particuli\u00e8rement appr\u00e9ci\u00e9e pour son \u00e9corce et ses racines. Parfait pour pr\u00e9parer une tisane puissante et aromatique. [&hellip;]<\/p>\n","protected":false},"featured_media":59454,"comment_status":"closed","ping_status":"closed","template":"","meta":[],"product_brand":[],"product_cat":[649],"product_tag":[],"class_list":{"0":"post-59453","1":"product","2":"type-product","3":"status-publish","4":"has-post-thumbnail","6":"product_cat-herbes-aphrodisiaques","8":"first","9":"instock","10":"taxable","11":"shipping-taxable","12":"purchasable","13":"product-type-simple"},"yoast_head":"<!-- This site is optimized with the Yoast SEO Premium plugin v26.4 (Yoast SEO v27.2) - https:\/\/yoast.com\/product\/yoast-seo-premium-wordpress\/ -->\n<title>Muira Puama - 80 grammes - Dutchmicrodosing<\/title>\n<meta name=\"description\" content=\"D\u00e9couvre la puissance de Muira Puama - 80 grammes, une herbe traditionnelle de l&#039;Amazonie, parfaite pour une tisane stimulante. 100 % naturel et pur.\" \/>\n<meta name=\"robots\" content=\"index, follow, max-snippet:-1, max-image-preview:large, max-video-preview:-1\" \/>\n<link rel=\"canonical\" href=\"https:\/\/dutchmicrodosing.com\/fr\/herbes-botaniques\/herbes-aphrodisiaques\/muira-puama-80-grammes\/\" \/>\n<meta property=\"og:locale\" content=\"fr_FR\" \/>\n<meta property=\"og:type\" content=\"article\" \/>\n<meta property=\"og:title\" content=\"Muira Puama - 80 grammes\" \/>\n<meta property=\"og:description\" content=\"Muira Puama - 80 grammes est \u00e9galement connu sous le nom de \u00ab Bois de Puissance \u00bb et provient directement de la for\u00eat tropicale. Cette plante\" \/>\n<meta property=\"og:url\" content=\"https:\/\/dutchmicrodosing.com\/fr\/herbes-botaniques\/herbes-aphrodisiaques\/muira-puama-80-grammes\/\" \/>\n<meta property=\"og:site_name\" content=\"Dutchmicrodosing\" \/>\n<meta property=\"article:publisher\" content=\"https:\/\/www.facebook.com\/Dutchmicrodosingxp\/\" \/>\n<meta property=\"article:modified_time\" content=\"2025-11-11T14:26:36+00:00\" \/>\n<meta property=\"og:image\" content=\"https:\/\/dutchmicrodosing.com\/wp-content\/uploads\/2025\/10\/Muira-Puama.jpg\" \/>\n\t<meta property=\"og:image:width\" content=\"1000\" \/>\n\t<meta property=\"og:image:height\" content=\"1000\" \/>\n\t<meta property=\"og:image:type\" content=\"image\/jpeg\" \/>\n<meta name=\"twitter:card\" content=\"summary_large_image\" \/>\n<script type=\"application\/ld+json\" class=\"yoast-schema-graph\">{\"@context\":\"https:\/\/schema.org\",\"@graph\":[{\"@type\":\"WebPage\",\"@id\":\"https:\/\/dutchmicrodosing.com\/fr\/herbes-botaniques\/herbes-aphrodisiaques\/muira-puama-80-grammes\/\",\"url\":\"https:\/\/dutchmicrodosing.com\/fr\/herbes-botaniques\/herbes-aphrodisiaques\/muira-puama-80-grammes\/\",\"name\":\"Muira Puama - 80 grammes - Dutchmicrodosing\",\"isPartOf\":{\"@id\":\"https:\/\/dutchmicrodosing.com\/fr\/#website\"},\"primaryImageOfPage\":{\"@id\":\"https:\/\/dutchmicrodosing.com\/fr\/herbes-botaniques\/herbes-aphrodisiaques\/muira-puama-80-grammes\/#primaryimage\"},\"image\":{\"@id\":\"https:\/\/dutchmicrodosing.com\/fr\/herbes-botaniques\/herbes-aphrodisiaques\/muira-puama-80-grammes\/#primaryimage\"},\"thumbnailUrl\":\"https:\/\/dutchmicrodosing.com\/wp-content\/uploads\/2025\/10\/Muira-Puama.jpg\",\"datePublished\":\"2025-10-30T15:11:04+00:00\",\"dateModified\":\"2025-11-11T14:26:36+00:00\",\"description\":\"D\u00e9couvre la puissance de Muira Puama - 80 grammes, une herbe traditionnelle de l'Amazonie, parfaite pour une tisane stimulante. 100 % naturel et pur.\",\"breadcrumb\":{\"@id\":\"https:\/\/dutchmicrodosing.com\/fr\/herbes-botaniques\/herbes-aphrodisiaques\/muira-puama-80-grammes\/#breadcrumb\"},\"inLanguage\":\"fr-FR\",\"potentialAction\":[{\"@type\":\"ReadAction\",\"target\":[\"https:\/\/dutchmicrodosing.com\/fr\/herbes-botaniques\/herbes-aphrodisiaques\/muira-puama-80-grammes\/\"]}]},{\"@type\":\"ImageObject\",\"inLanguage\":\"fr-FR\",\"@id\":\"https:\/\/dutchmicrodosing.com\/fr\/herbes-botaniques\/herbes-aphrodisiaques\/muira-puama-80-grammes\/#primaryimage\",\"url\":\"https:\/\/dutchmicrodosing.com\/wp-content\/uploads\/2025\/10\/Muira-Puama.jpg\",\"contentUrl\":\"https:\/\/dutchmicrodosing.com\/wp-content\/uploads\/2025\/10\/Muira-Puama.jpg\",\"width\":1000,\"height\":1000},{\"@type\":\"BreadcrumbList\",\"@id\":\"https:\/\/dutchmicrodosing.com\/fr\/herbes-botaniques\/herbes-aphrodisiaques\/muira-puama-80-grammes\/#breadcrumb\",\"itemListElement\":[{\"@type\":\"ListItem\",\"position\":1,\"name\":\"Home\",\"item\":\"https:\/\/dutchmicrodosing.com\/fr\/\"},{\"@type\":\"ListItem\",\"position\":2,\"name\":\"Boutique\",\"item\":\"https:\/\/dutchmicrodosing.com\/fr\/boutique\/\"},{\"@type\":\"ListItem\",\"position\":3,\"name\":\"Muira Puama &#8211; 80 grammes\"}]},{\"@type\":\"WebSite\",\"@id\":\"https:\/\/dutchmicrodosing.com\/fr\/#website\",\"url\":\"https:\/\/dutchmicrodosing.com\/fr\/\",\"name\":\"Dutchmicrodosing\",\"description\":\"\",\"publisher\":{\"@id\":\"https:\/\/dutchmicrodosing.com\/fr\/#organization\"},\"potentialAction\":[{\"@type\":\"SearchAction\",\"target\":{\"@type\":\"EntryPoint\",\"urlTemplate\":\"https:\/\/dutchmicrodosing.com\/fr\/?s={search_term_string}\"},\"query-input\":{\"@type\":\"PropertyValueSpecification\",\"valueRequired\":true,\"valueName\":\"search_term_string\"}}],\"inLanguage\":\"fr-FR\"},{\"@type\":\"Organization\",\"@id\":\"https:\/\/dutchmicrodosing.com\/fr\/#organization\",\"name\":\"Dutchmicrodosing\",\"url\":\"https:\/\/dutchmicrodosing.com\/fr\/\",\"logo\":{\"@type\":\"ImageObject\",\"inLanguage\":\"fr-FR\",\"@id\":\"https:\/\/dutchmicrodosing.com\/fr\/#\/schema\/logo\/image\/\",\"url\":\"https:\/\/dutchmicrodosing.com\/wp-content\/uploads\/2021\/01\/microdosing-categorie-pic-nieuw.jpg\",\"contentUrl\":\"https:\/\/dutchmicrodosing.com\/wp-content\/uploads\/2021\/01\/microdosing-categorie-pic-nieuw.jpg\",\"width\":500,\"height\":500,\"caption\":\"Dutchmicrodosing\"},\"image\":{\"@id\":\"https:\/\/dutchmicrodosing.com\/fr\/#\/schema\/logo\/image\/\"},\"sameAs\":[\"https:\/\/www.facebook.com\/Dutchmicrodosingxp\/\",\"https:\/\/www.instagram.com\/dutchmicrodosing\/\"]}]}<\/script>\n<meta property=\"product:price:amount\" content=\"7.95\" \/>\n<meta property=\"product:price:currency\" content=\"EUR\" \/>\n<meta property=\"og:availability\" content=\"instock\" \/>\n<meta property=\"product:availability\" content=\"instock\" \/>\n<meta property=\"product:retailer_item_id\" content=\"8101693\" \/>\n<meta property=\"product:condition\" content=\"new\" \/>\n<!-- \/ Yoast SEO Premium plugin. -->","yoast_head_json":{"title":"Muira Puama - 80 grammes - Dutchmicrodosing","description":"D\u00e9couvre la puissance de Muira Puama - 80 grammes, une herbe traditionnelle de l'Amazonie, parfaite pour une tisane stimulante. 100 % naturel et pur.","robots":{"index":"index","follow":"follow","max-snippet":"max-snippet:-1","max-image-preview":"max-image-preview:large","max-video-preview":"max-video-preview:-1"},"canonical":"https:\/\/dutchmicrodosing.com\/fr\/herbes-botaniques\/herbes-aphrodisiaques\/muira-puama-80-grammes\/","og_locale":"fr_FR","og_type":"article","og_title":"Muira Puama - 80 grammes","og_description":"Muira Puama - 80 grammes est \u00e9galement connu sous le nom de \u00ab Bois de Puissance \u00bb et provient directement de la for\u00eat tropicale. Cette plante","og_url":"https:\/\/dutchmicrodosing.com\/fr\/herbes-botaniques\/herbes-aphrodisiaques\/muira-puama-80-grammes\/","og_site_name":"Dutchmicrodosing","article_publisher":"https:\/\/www.facebook.com\/Dutchmicrodosingxp\/","article_modified_time":"2025-11-11T14:26:36+00:00","og_image":[{"width":1000,"height":1000,"url":"https:\/\/dutchmicrodosing.com\/wp-content\/uploads\/2025\/10\/Muira-Puama.jpg","type":"image\/jpeg"}],"twitter_card":"summary_large_image","schema":{"@context":"https:\/\/schema.org","@graph":[{"@type":"WebPage","@id":"https:\/\/dutchmicrodosing.com\/fr\/herbes-botaniques\/herbes-aphrodisiaques\/muira-puama-80-grammes\/","url":"https:\/\/dutchmicrodosing.com\/fr\/herbes-botaniques\/herbes-aphrodisiaques\/muira-puama-80-grammes\/","name":"Muira Puama - 80 grammes - Dutchmicrodosing","isPartOf":{"@id":"https:\/\/dutchmicrodosing.com\/fr\/#website"},"primaryImageOfPage":{"@id":"https:\/\/dutchmicrodosing.com\/fr\/herbes-botaniques\/herbes-aphrodisiaques\/muira-puama-80-grammes\/#primaryimage"},"image":{"@id":"https:\/\/dutchmicrodosing.com\/fr\/herbes-botaniques\/herbes-aphrodisiaques\/muira-puama-80-grammes\/#primaryimage"},"thumbnailUrl":"https:\/\/dutchmicrodosing.com\/wp-content\/uploads\/2025\/10\/Muira-Puama.jpg","datePublished":"2025-10-30T15:11:04+00:00","dateModified":"2025-11-11T14:26:36+00:00","description":"D\u00e9couvre la puissance de Muira Puama - 80 grammes, une herbe traditionnelle de l'Amazonie, parfaite pour une tisane stimulante. 100 % naturel et pur.","breadcrumb":{"@id":"https:\/\/dutchmicrodosing.com\/fr\/herbes-botaniques\/herbes-aphrodisiaques\/muira-puama-80-grammes\/#breadcrumb"},"inLanguage":"fr-FR","potentialAction":[{"@type":"ReadAction","target":["https:\/\/dutchmicrodosing.com\/fr\/herbes-botaniques\/herbes-aphrodisiaques\/muira-puama-80-grammes\/"]}]},{"@type":"ImageObject","inLanguage":"fr-FR","@id":"https:\/\/dutchmicrodosing.com\/fr\/herbes-botaniques\/herbes-aphrodisiaques\/muira-puama-80-grammes\/#primaryimage","url":"https:\/\/dutchmicrodosing.com\/wp-content\/uploads\/2025\/10\/Muira-Puama.jpg","contentUrl":"https:\/\/dutchmicrodosing.com\/wp-content\/uploads\/2025\/10\/Muira-Puama.jpg","width":1000,"height":1000},{"@type":"BreadcrumbList","@id":"https:\/\/dutchmicrodosing.com\/fr\/herbes-botaniques\/herbes-aphrodisiaques\/muira-puama-80-grammes\/#breadcrumb","itemListElement":[{"@type":"ListItem","position":1,"name":"Home","item":"https:\/\/dutchmicrodosing.com\/fr\/"},{"@type":"ListItem","position":2,"name":"Boutique","item":"https:\/\/dutchmicrodosing.com\/fr\/boutique\/"},{"@type":"ListItem","position":3,"name":"Muira Puama &#8211; 80 grammes"}]},{"@type":"WebSite","@id":"https:\/\/dutchmicrodosing.com\/fr\/#website","url":"https:\/\/dutchmicrodosing.com\/fr\/","name":"Dutchmicrodosing","description":"","publisher":{"@id":"https:\/\/dutchmicrodosing.com\/fr\/#organization"},"potentialAction":[{"@type":"SearchAction","target":{"@type":"EntryPoint","urlTemplate":"https:\/\/dutchmicrodosing.com\/fr\/?s={search_term_string}"},"query-input":{"@type":"PropertyValueSpecification","valueRequired":true,"valueName":"search_term_string"}}],"inLanguage":"fr-FR"},{"@type":"Organization","@id":"https:\/\/dutchmicrodosing.com\/fr\/#organization","name":"Dutchmicrodosing","url":"https:\/\/dutchmicrodosing.com\/fr\/","logo":{"@type":"ImageObject","inLanguage":"fr-FR","@id":"https:\/\/dutchmicrodosing.com\/fr\/#\/schema\/logo\/image\/","url":"https:\/\/dutchmicrodosing.com\/wp-content\/uploads\/2021\/01\/microdosing-categorie-pic-nieuw.jpg","contentUrl":"https:\/\/dutchmicrodosing.com\/wp-content\/uploads\/2021\/01\/microdosing-categorie-pic-nieuw.jpg","width":500,"height":500,"caption":"Dutchmicrodosing"},"image":{"@id":"https:\/\/dutchmicrodosing.com\/fr\/#\/schema\/logo\/image\/"},"sameAs":["https:\/\/www.facebook.com\/Dutchmicrodosingxp\/","https:\/\/www.instagram.com\/dutchmicrodosing\/"]}]},"product_price_amount":"7.95","product_price_currency":"EUR","og_availability":"instock","product_availability":"instock","product_retailer_item_id":"8101693","product_condition":"new"},"_links":{"self":[{"href":"https:\/\/dutchmicrodosing.com\/fr\/wp-json\/wp\/v2\/product\/59453","targetHints":{"allow":["GET"]}}],"collection":[{"href":"https:\/\/dutchmicrodosing.com\/fr\/wp-json\/wp\/v2\/product"}],"about":[{"href":"https:\/\/dutchmicrodosing.com\/fr\/wp-json\/wp\/v2\/types\/product"}],"replies":[{"embeddable":true,"href":"https:\/\/dutchmicrodosing.com\/fr\/wp-json\/wp\/v2\/comments?post=59453"}],"version-history":[{"count":1,"href":"https:\/\/dutchmicrodosing.com\/fr\/wp-json\/wp\/v2\/product\/59453\/revisions"}],"predecessor-version":[{"id":61595,"href":"https:\/\/dutchmicrodosing.com\/fr\/wp-json\/wp\/v2\/product\/59453\/revisions\/61595"}],"wp:featuredmedia":[{"embeddable":true,"href":"https:\/\/dutchmicrodosing.com\/fr\/wp-json\/wp\/v2\/media\/59454"}],"wp:attachment":[{"href":"https:\/\/dutchmicrodosing.com\/fr\/wp-json\/wp\/v2\/media?parent=59453"}],"wp:term":[{"taxonomy":"product_brand","embeddable":true,"href":"https:\/\/dutchmicrodosing.com\/fr\/wp-json\/wp\/v2\/product_brand?post=59453"},{"taxonomy":"product_cat","embeddable":true,"href":"https:\/\/dutchmicrodosing.com\/fr\/wp-json\/wp\/v2\/product_cat?post=59453"},{"taxonomy":"product_tag","embeddable":true,"href":"https:\/\/dutchmicrodosing.com\/fr\/wp-json\/wp\/v2\/product_tag?post=59453"}],"curies":[{"name":"wp","href":"https:\/\/api.w.org\/{rel}","templated":true}]}}