{"id":59496,"date":"2025-10-31T08:29:08","date_gmt":"2025-10-31T07:29:08","guid":{"rendered":"https:\/\/dutchmicrodosing.com\/shop\/non%20class\u00e9\/aphroditemix-50-grammes\/"},"modified":"2025-11-11T15:04:19","modified_gmt":"2025-11-11T14:04:19","slug":"aphroditemix-50-grammes","status":"publish","type":"product","link":"https:\/\/dutchmicrodosing.com\/fr\/herbes-botaniques\/herbes-aphrodisiaques\/aphroditemix-50-grammes\/","title":{"rendered":"Aphroditemix &#8211; 50 grammes"},"content":{"rendered":"<p><strong>Aphroditemix &#8211; 50 grammes<\/strong> de la marque Indian Elements<strong>,<\/strong> est un m\u00e9lange d&rsquo;herbes sensuelles, inspir\u00e9 de la d\u00e9esse de l&rsquo;amour. Ce m\u00e9lange sp\u00e9cial combine des fleurs et des feuilles parfum\u00e9es pour cr\u00e9er une tisane qui vous invite \u00e0 vivre plus de passion, de chaleur et de connexion. Un choix d\u00e9licieux pour les moments intimes ou lorsque vous vous accordez un peu plus d&rsquo;amour.<\/p>\n<h3>Caract\u00e9ristiques<\/h3>\n<p>L&rsquo;Aphrodite Mix contient une combinaison \u00e9quilibr\u00e9e de damiana, de menthe poivr\u00e9e, d&rsquo;orange et de fleur de jasmin. Ces herbes sont connues pour leurs propri\u00e9t\u00e9s relaxantes et sensuelles. Le parfum est raffin\u00e9, le go\u00fbt l\u00e9g\u00e8rement amer avec une nuance fra\u00eeche et florale. Id\u00e9al \u00e0 boire lorsque vous avez besoin de plus de douceur et de romantisme dans votre journ\u00e9e.<\/p>\n<h3>Ingr\u00e9dients et\/ou composition<\/h3>\n<p>Damiana, feuilles de menthe poivr\u00e9e, orange et fleur de jasmin<\/p>\n<h3>Utilisation<\/h3>\n<p>Pr\u00e9parez facilement une tisane avec ce m\u00e9lange d&rsquo;herbes :<br \/>\nAjoutez 1 \u00e0 2 cuill\u00e8res \u00e0 soupe \u00e0 de l&rsquo;eau fr\u00e9missante et laissez infuser pendant 5 minutes. Filtrez la tisane et buvez-la de pr\u00e9f\u00e9rence \u00e0 jeun. Ajoutez \u00e9ventuellement un peu de miel pour un go\u00fbt plus doux.<\/p>\n<h3>Contenu<\/h3>\n<p>50 grammes d&rsquo;AphroditeMix, conditionn\u00e9s par Indian Elements<\/p>\n<h3>Avis de non-responsabilit\u00e9<\/h3>\n<p><em>Le contenu de ce texte est fourni \u00e0 titre d&rsquo;information uniquement et ne remplace pas les conseils d&rsquo;un professionnel. Ce produit n&rsquo;est pas un m\u00e9dicament et n&rsquo;est pas destin\u00e9 \u00e0 diagnostiquer, traiter ou gu\u00e9rir une quelconque condition m\u00e9dicale.  <\/em><\/p>\n","protected":false},"excerpt":{"rendered":"<p>Aphroditemix &#8211; 50 grammes de la marque Indian Elements, est un m\u00e9lange d&rsquo;herbes sensuelles, inspir\u00e9 de la d\u00e9esse de l&rsquo;amour. Ce m\u00e9lange sp\u00e9cial combine des fleurs et des feuilles parfum\u00e9es pour cr\u00e9er une tisane qui vous invite \u00e0 vivre plus de passion, de chaleur et de connexion. Un choix d\u00e9licieux pour les moments intimes ou [&hellip;]<\/p>\n","protected":false},"featured_media":59497,"comment_status":"closed","ping_status":"closed","template":"","meta":[],"product_brand":[],"product_cat":[649],"product_tag":[],"class_list":{"0":"post-59496","1":"product","2":"type-product","3":"status-publish","4":"has-post-thumbnail","6":"product_cat-herbes-aphrodisiaques","8":"first","9":"instock","10":"taxable","11":"shipping-taxable","12":"purchasable","13":"product-type-simple"},"yoast_head":"<!-- This site is optimized with the Yoast SEO Premium plugin v26.4 (Yoast SEO v27.2) - https:\/\/yoast.com\/product\/yoast-seo-premium-wordpress\/ -->\n<title>Aphroditemix - 50 grammes - Dutchmicrodosing<\/title>\n<meta name=\"description\" content=\"Aphrodite Mix - 50 grammes, est un m\u00e9lange d&#039;herbes sensuelles avec de la damiana, de la menthe poivr\u00e9e, de l&#039;orange et du jasmin. Pour une tisane relaxante pleine de romantisme et de chaleur.\" \/>\n<meta name=\"robots\" content=\"index, follow, max-snippet:-1, max-image-preview:large, max-video-preview:-1\" \/>\n<link rel=\"canonical\" href=\"https:\/\/dutchmicrodosing.com\/fr\/herbes-botaniques\/herbes-aphrodisiaques\/aphroditemix-50-grammes\/\" \/>\n<meta property=\"og:locale\" content=\"fr_FR\" \/>\n<meta property=\"og:type\" content=\"article\" \/>\n<meta property=\"og:title\" content=\"Aphroditemix - 50 grammes\" \/>\n<meta property=\"og:description\" content=\"Aphroditemix - 50 grammes de la marque Indian Elements, est un m\u00e9lange d&#039;herbes sensuelles, inspir\u00e9 de la d\u00e9esse de l&#039;amour. Ce m\u00e9lange sp\u00e9cial combine\" \/>\n<meta property=\"og:url\" content=\"https:\/\/dutchmicrodosing.com\/fr\/herbes-botaniques\/herbes-aphrodisiaques\/aphroditemix-50-grammes\/\" \/>\n<meta property=\"og:site_name\" content=\"Dutchmicrodosing\" \/>\n<meta property=\"article:publisher\" content=\"https:\/\/www.facebook.com\/Dutchmicrodosingxp\/\" \/>\n<meta property=\"article:modified_time\" content=\"2025-11-11T14:04:19+00:00\" \/>\n<meta property=\"og:image\" content=\"https:\/\/dutchmicrodosing.com\/wp-content\/uploads\/2025\/10\/Aphrodite-Mix.jpg\" \/>\n\t<meta property=\"og:image:width\" content=\"1000\" \/>\n\t<meta property=\"og:image:height\" content=\"1000\" \/>\n\t<meta property=\"og:image:type\" content=\"image\/jpeg\" \/>\n<meta name=\"twitter:card\" content=\"summary_large_image\" \/>\n<script type=\"application\/ld+json\" class=\"yoast-schema-graph\">{\"@context\":\"https:\/\/schema.org\",\"@graph\":[{\"@type\":\"WebPage\",\"@id\":\"https:\/\/dutchmicrodosing.com\/fr\/herbes-botaniques\/herbes-aphrodisiaques\/aphroditemix-50-grammes\/\",\"url\":\"https:\/\/dutchmicrodosing.com\/fr\/herbes-botaniques\/herbes-aphrodisiaques\/aphroditemix-50-grammes\/\",\"name\":\"Aphroditemix - 50 grammes - Dutchmicrodosing\",\"isPartOf\":{\"@id\":\"https:\/\/dutchmicrodosing.com\/fr\/#website\"},\"primaryImageOfPage\":{\"@id\":\"https:\/\/dutchmicrodosing.com\/fr\/herbes-botaniques\/herbes-aphrodisiaques\/aphroditemix-50-grammes\/#primaryimage\"},\"image\":{\"@id\":\"https:\/\/dutchmicrodosing.com\/fr\/herbes-botaniques\/herbes-aphrodisiaques\/aphroditemix-50-grammes\/#primaryimage\"},\"thumbnailUrl\":\"https:\/\/dutchmicrodosing.com\/wp-content\/uploads\/2025\/10\/Aphrodite-Mix.jpg\",\"datePublished\":\"2025-10-31T07:29:08+00:00\",\"dateModified\":\"2025-11-11T14:04:19+00:00\",\"description\":\"Aphrodite Mix - 50 grammes, est un m\u00e9lange d'herbes sensuelles avec de la damiana, de la menthe poivr\u00e9e, de l'orange et du jasmin. Pour une tisane relaxante pleine de romantisme et de chaleur.\",\"breadcrumb\":{\"@id\":\"https:\/\/dutchmicrodosing.com\/fr\/herbes-botaniques\/herbes-aphrodisiaques\/aphroditemix-50-grammes\/#breadcrumb\"},\"inLanguage\":\"fr-FR\",\"potentialAction\":[{\"@type\":\"ReadAction\",\"target\":[\"https:\/\/dutchmicrodosing.com\/fr\/herbes-botaniques\/herbes-aphrodisiaques\/aphroditemix-50-grammes\/\"]}]},{\"@type\":\"ImageObject\",\"inLanguage\":\"fr-FR\",\"@id\":\"https:\/\/dutchmicrodosing.com\/fr\/herbes-botaniques\/herbes-aphrodisiaques\/aphroditemix-50-grammes\/#primaryimage\",\"url\":\"https:\/\/dutchmicrodosing.com\/wp-content\/uploads\/2025\/10\/Aphrodite-Mix.jpg\",\"contentUrl\":\"https:\/\/dutchmicrodosing.com\/wp-content\/uploads\/2025\/10\/Aphrodite-Mix.jpg\",\"width\":1000,\"height\":1000},{\"@type\":\"BreadcrumbList\",\"@id\":\"https:\/\/dutchmicrodosing.com\/fr\/herbes-botaniques\/herbes-aphrodisiaques\/aphroditemix-50-grammes\/#breadcrumb\",\"itemListElement\":[{\"@type\":\"ListItem\",\"position\":1,\"name\":\"Home\",\"item\":\"https:\/\/dutchmicrodosing.com\/fr\/\"},{\"@type\":\"ListItem\",\"position\":2,\"name\":\"Boutique\",\"item\":\"https:\/\/dutchmicrodosing.com\/fr\/boutique\/\"},{\"@type\":\"ListItem\",\"position\":3,\"name\":\"Aphroditemix &#8211; 50 grammes\"}]},{\"@type\":\"WebSite\",\"@id\":\"https:\/\/dutchmicrodosing.com\/fr\/#website\",\"url\":\"https:\/\/dutchmicrodosing.com\/fr\/\",\"name\":\"Dutchmicrodosing\",\"description\":\"\",\"publisher\":{\"@id\":\"https:\/\/dutchmicrodosing.com\/fr\/#organization\"},\"potentialAction\":[{\"@type\":\"SearchAction\",\"target\":{\"@type\":\"EntryPoint\",\"urlTemplate\":\"https:\/\/dutchmicrodosing.com\/fr\/?s={search_term_string}\"},\"query-input\":{\"@type\":\"PropertyValueSpecification\",\"valueRequired\":true,\"valueName\":\"search_term_string\"}}],\"inLanguage\":\"fr-FR\"},{\"@type\":\"Organization\",\"@id\":\"https:\/\/dutchmicrodosing.com\/fr\/#organization\",\"name\":\"Dutchmicrodosing\",\"url\":\"https:\/\/dutchmicrodosing.com\/fr\/\",\"logo\":{\"@type\":\"ImageObject\",\"inLanguage\":\"fr-FR\",\"@id\":\"https:\/\/dutchmicrodosing.com\/fr\/#\/schema\/logo\/image\/\",\"url\":\"https:\/\/dutchmicrodosing.com\/wp-content\/uploads\/2021\/01\/microdosing-categorie-pic-nieuw.jpg\",\"contentUrl\":\"https:\/\/dutchmicrodosing.com\/wp-content\/uploads\/2021\/01\/microdosing-categorie-pic-nieuw.jpg\",\"width\":500,\"height\":500,\"caption\":\"Dutchmicrodosing\"},\"image\":{\"@id\":\"https:\/\/dutchmicrodosing.com\/fr\/#\/schema\/logo\/image\/\"},\"sameAs\":[\"https:\/\/www.facebook.com\/Dutchmicrodosingxp\/\",\"https:\/\/www.instagram.com\/dutchmicrodosing\/\"]}]}<\/script>\n<meta property=\"product:price:amount\" content=\"7.95\" \/>\n<meta property=\"product:price:currency\" content=\"EUR\" \/>\n<meta property=\"og:availability\" content=\"instock\" \/>\n<meta property=\"product:availability\" content=\"instock\" \/>\n<meta property=\"product:retailer_item_id\" content=\"9109823\" \/>\n<meta property=\"product:condition\" content=\"new\" \/>\n<!-- \/ Yoast SEO Premium plugin. -->","yoast_head_json":{"title":"Aphroditemix - 50 grammes - Dutchmicrodosing","description":"Aphrodite Mix - 50 grammes, est un m\u00e9lange d'herbes sensuelles avec de la damiana, de la menthe poivr\u00e9e, de l'orange et du jasmin. Pour une tisane relaxante pleine de romantisme et de chaleur.","robots":{"index":"index","follow":"follow","max-snippet":"max-snippet:-1","max-image-preview":"max-image-preview:large","max-video-preview":"max-video-preview:-1"},"canonical":"https:\/\/dutchmicrodosing.com\/fr\/herbes-botaniques\/herbes-aphrodisiaques\/aphroditemix-50-grammes\/","og_locale":"fr_FR","og_type":"article","og_title":"Aphroditemix - 50 grammes","og_description":"Aphroditemix - 50 grammes de la marque Indian Elements, est un m\u00e9lange d'herbes sensuelles, inspir\u00e9 de la d\u00e9esse de l'amour. Ce m\u00e9lange sp\u00e9cial combine","og_url":"https:\/\/dutchmicrodosing.com\/fr\/herbes-botaniques\/herbes-aphrodisiaques\/aphroditemix-50-grammes\/","og_site_name":"Dutchmicrodosing","article_publisher":"https:\/\/www.facebook.com\/Dutchmicrodosingxp\/","article_modified_time":"2025-11-11T14:04:19+00:00","og_image":[{"width":1000,"height":1000,"url":"https:\/\/dutchmicrodosing.com\/wp-content\/uploads\/2025\/10\/Aphrodite-Mix.jpg","type":"image\/jpeg"}],"twitter_card":"summary_large_image","schema":{"@context":"https:\/\/schema.org","@graph":[{"@type":"WebPage","@id":"https:\/\/dutchmicrodosing.com\/fr\/herbes-botaniques\/herbes-aphrodisiaques\/aphroditemix-50-grammes\/","url":"https:\/\/dutchmicrodosing.com\/fr\/herbes-botaniques\/herbes-aphrodisiaques\/aphroditemix-50-grammes\/","name":"Aphroditemix - 50 grammes - Dutchmicrodosing","isPartOf":{"@id":"https:\/\/dutchmicrodosing.com\/fr\/#website"},"primaryImageOfPage":{"@id":"https:\/\/dutchmicrodosing.com\/fr\/herbes-botaniques\/herbes-aphrodisiaques\/aphroditemix-50-grammes\/#primaryimage"},"image":{"@id":"https:\/\/dutchmicrodosing.com\/fr\/herbes-botaniques\/herbes-aphrodisiaques\/aphroditemix-50-grammes\/#primaryimage"},"thumbnailUrl":"https:\/\/dutchmicrodosing.com\/wp-content\/uploads\/2025\/10\/Aphrodite-Mix.jpg","datePublished":"2025-10-31T07:29:08+00:00","dateModified":"2025-11-11T14:04:19+00:00","description":"Aphrodite Mix - 50 grammes, est un m\u00e9lange d'herbes sensuelles avec de la damiana, de la menthe poivr\u00e9e, de l'orange et du jasmin. Pour une tisane relaxante pleine de romantisme et de chaleur.","breadcrumb":{"@id":"https:\/\/dutchmicrodosing.com\/fr\/herbes-botaniques\/herbes-aphrodisiaques\/aphroditemix-50-grammes\/#breadcrumb"},"inLanguage":"fr-FR","potentialAction":[{"@type":"ReadAction","target":["https:\/\/dutchmicrodosing.com\/fr\/herbes-botaniques\/herbes-aphrodisiaques\/aphroditemix-50-grammes\/"]}]},{"@type":"ImageObject","inLanguage":"fr-FR","@id":"https:\/\/dutchmicrodosing.com\/fr\/herbes-botaniques\/herbes-aphrodisiaques\/aphroditemix-50-grammes\/#primaryimage","url":"https:\/\/dutchmicrodosing.com\/wp-content\/uploads\/2025\/10\/Aphrodite-Mix.jpg","contentUrl":"https:\/\/dutchmicrodosing.com\/wp-content\/uploads\/2025\/10\/Aphrodite-Mix.jpg","width":1000,"height":1000},{"@type":"BreadcrumbList","@id":"https:\/\/dutchmicrodosing.com\/fr\/herbes-botaniques\/herbes-aphrodisiaques\/aphroditemix-50-grammes\/#breadcrumb","itemListElement":[{"@type":"ListItem","position":1,"name":"Home","item":"https:\/\/dutchmicrodosing.com\/fr\/"},{"@type":"ListItem","position":2,"name":"Boutique","item":"https:\/\/dutchmicrodosing.com\/fr\/boutique\/"},{"@type":"ListItem","position":3,"name":"Aphroditemix &#8211; 50 grammes"}]},{"@type":"WebSite","@id":"https:\/\/dutchmicrodosing.com\/fr\/#website","url":"https:\/\/dutchmicrodosing.com\/fr\/","name":"Dutchmicrodosing","description":"","publisher":{"@id":"https:\/\/dutchmicrodosing.com\/fr\/#organization"},"potentialAction":[{"@type":"SearchAction","target":{"@type":"EntryPoint","urlTemplate":"https:\/\/dutchmicrodosing.com\/fr\/?s={search_term_string}"},"query-input":{"@type":"PropertyValueSpecification","valueRequired":true,"valueName":"search_term_string"}}],"inLanguage":"fr-FR"},{"@type":"Organization","@id":"https:\/\/dutchmicrodosing.com\/fr\/#organization","name":"Dutchmicrodosing","url":"https:\/\/dutchmicrodosing.com\/fr\/","logo":{"@type":"ImageObject","inLanguage":"fr-FR","@id":"https:\/\/dutchmicrodosing.com\/fr\/#\/schema\/logo\/image\/","url":"https:\/\/dutchmicrodosing.com\/wp-content\/uploads\/2021\/01\/microdosing-categorie-pic-nieuw.jpg","contentUrl":"https:\/\/dutchmicrodosing.com\/wp-content\/uploads\/2021\/01\/microdosing-categorie-pic-nieuw.jpg","width":500,"height":500,"caption":"Dutchmicrodosing"},"image":{"@id":"https:\/\/dutchmicrodosing.com\/fr\/#\/schema\/logo\/image\/"},"sameAs":["https:\/\/www.facebook.com\/Dutchmicrodosingxp\/","https:\/\/www.instagram.com\/dutchmicrodosing\/"]}]},"product_price_amount":"7.95","product_price_currency":"EUR","og_availability":"instock","product_availability":"instock","product_retailer_item_id":"9109823","product_condition":"new"},"_links":{"self":[{"href":"https:\/\/dutchmicrodosing.com\/fr\/wp-json\/wp\/v2\/product\/59496","targetHints":{"allow":["GET"]}}],"collection":[{"href":"https:\/\/dutchmicrodosing.com\/fr\/wp-json\/wp\/v2\/product"}],"about":[{"href":"https:\/\/dutchmicrodosing.com\/fr\/wp-json\/wp\/v2\/types\/product"}],"replies":[{"embeddable":true,"href":"https:\/\/dutchmicrodosing.com\/fr\/wp-json\/wp\/v2\/comments?post=59496"}],"version-history":[{"count":1,"href":"https:\/\/dutchmicrodosing.com\/fr\/wp-json\/wp\/v2\/product\/59496\/revisions"}],"predecessor-version":[{"id":61574,"href":"https:\/\/dutchmicrodosing.com\/fr\/wp-json\/wp\/v2\/product\/59496\/revisions\/61574"}],"wp:featuredmedia":[{"embeddable":true,"href":"https:\/\/dutchmicrodosing.com\/fr\/wp-json\/wp\/v2\/media\/59497"}],"wp:attachment":[{"href":"https:\/\/dutchmicrodosing.com\/fr\/wp-json\/wp\/v2\/media?parent=59496"}],"wp:term":[{"taxonomy":"product_brand","embeddable":true,"href":"https:\/\/dutchmicrodosing.com\/fr\/wp-json\/wp\/v2\/product_brand?post=59496"},{"taxonomy":"product_cat","embeddable":true,"href":"https:\/\/dutchmicrodosing.com\/fr\/wp-json\/wp\/v2\/product_cat?post=59496"},{"taxonomy":"product_tag","embeddable":true,"href":"https:\/\/dutchmicrodosing.com\/fr\/wp-json\/wp\/v2\/product_tag?post=59496"}],"curies":[{"name":"wp","href":"https:\/\/api.w.org\/{rel}","templated":true}]}}