{"id":59505,"date":"2025-10-31T08:36:25","date_gmt":"2025-10-31T07:36:25","guid":{"rendered":"https:\/\/dutchmicrodosing.com\/shop\/non%20class\u00e9\/galangae-50-grammes\/"},"modified":"2025-11-11T14:58:49","modified_gmt":"2025-11-11T13:58:49","slug":"galangae-50-grammes","status":"publish","type":"product","link":"https:\/\/dutchmicrodosing.com\/fr\/herbes-botaniques\/herbes-aphrodisiaques\/galangae-50-grammes\/","title":{"rendered":"Galangae &#8211; 50 grammes"},"content":{"rendered":"<p><strong>Galangae &#8211; 50 grammes<\/strong> de la marque Indian Elements est une racine particuli\u00e8re d&rsquo;Indon\u00e9sie, apparent\u00e9e au gingembre et appr\u00e9ci\u00e9e pour son caract\u00e8re \u00e9pic\u00e9 et frais. Cet exhausteur de go\u00fbt exotique est utilis\u00e9 depuis des si\u00e8cles dans les cuisines traditionnelles et comme \u00e9pice au caract\u00e8re stimulant.<\/p>\n<h3>Caract\u00e9ristiques<\/h3>\n<p>L&rsquo;Alpinia Galanga a un go\u00fbt puissant, frais et l\u00e9g\u00e8rement piquant. Cette racine est souvent choisie pour son effet stimulant sur le corps et l&rsquo;esprit. Id\u00e9al pour ceux qui recherchent un boost naturel et une touche de piquant suppl\u00e9mentaire dans la vie quotidienne. Elle est aussi appr\u00e9ci\u00e9e pour son effet subtilement stimulant.<\/p>\n<h3>Ingr\u00e9dients et\/ou composition<\/h3>\n<p>100 % Alpinia Galanga pure (Galangae)<\/p>\n<h3>Utilisation<\/h3>\n<p>M\u00e2che deux cuill\u00e8res \u00e0 caf\u00e9 de racine de Galangae s\u00e9ch\u00e9e calmement et bien avant d&rsquo;avaler. Ainsi les saveurs se lib\u00e8rent de mani\u00e8re optimale.<\/p>\n<h3>Contenu<\/h3>\n<p>50 grammes de Galangae, emball\u00e9 par Indian Elements<\/p>\n<h3>Avis de non-responsabilit\u00e9<\/h3>\n<p><em>Le contenu de ce texte est fourni \u00e0 titre d&rsquo;information uniquement et ne remplace pas les conseils d&rsquo;un professionnel. Ce produit n&rsquo;est pas un m\u00e9dicament et n&rsquo;est pas destin\u00e9 \u00e0 diagnostiquer, traiter ou gu\u00e9rir une quelconque condition m\u00e9dicale.<\/em><\/p>\n","protected":false},"excerpt":{"rendered":"<p>Galangae &#8211; 50 grammes de la marque Indian Elements est une racine particuli\u00e8re d&rsquo;Indon\u00e9sie, apparent\u00e9e au gingembre et appr\u00e9ci\u00e9e pour son caract\u00e8re \u00e9pic\u00e9 et frais. Cet exhausteur de go\u00fbt exotique est utilis\u00e9 depuis des si\u00e8cles dans les cuisines traditionnelles et comme \u00e9pice au caract\u00e8re stimulant. Caract\u00e9ristiques L&rsquo;Alpinia Galanga a un go\u00fbt puissant, frais et l\u00e9g\u00e8rement [&hellip;]<\/p>\n","protected":false},"featured_media":61558,"comment_status":"closed","ping_status":"closed","template":"","meta":[],"product_brand":[],"product_cat":[649,290],"product_tag":[],"class_list":{"0":"post-59505","1":"product","2":"type-product","3":"status-publish","4":"has-post-thumbnail","6":"product_cat-herbes-aphrodisiaques","7":"product_cat-supplements-energetiques","9":"first","10":"instock","11":"taxable","12":"shipping-taxable","13":"purchasable","14":"product-type-simple"},"yoast_head":"<!-- This site is optimized with the Yoast SEO Premium plugin v26.4 (Yoast SEO v27.4) - https:\/\/yoast.com\/product\/yoast-seo-premium-wordpress\/ -->\n<title>Galangae - 50 grammes - Dutchmicrodosing<\/title>\n<meta name=\"description\" content=\"D\u00e9couvre la puissance \u00e9pic\u00e9e du Galangae - 50 grammes, une racine aromatique d&#039;Indon\u00e9sie au caract\u00e8re stimulant et rafra\u00eechissant. 100 % naturel et pur.\" \/>\n<meta name=\"robots\" content=\"index, follow, max-snippet:-1, max-image-preview:large, max-video-preview:-1\" \/>\n<link rel=\"canonical\" href=\"https:\/\/dutchmicrodosing.com\/fr\/herbes-botaniques\/herbes-aphrodisiaques\/galangae-50-grammes\/\" \/>\n<meta property=\"og:locale\" content=\"fr_FR\" \/>\n<meta property=\"og:type\" content=\"article\" \/>\n<meta property=\"og:title\" content=\"Galangae - 50 grammes\" \/>\n<meta property=\"og:description\" content=\"Galangae - 50 grammes de la marque Indian Elements est une racine particuli\u00e8re d&#039;Indon\u00e9sie, apparent\u00e9e au gingembre et appr\u00e9ci\u00e9e pour son caract\u00e8re \u00e9pic\u00e9\" \/>\n<meta property=\"og:url\" content=\"https:\/\/dutchmicrodosing.com\/fr\/herbes-botaniques\/herbes-aphrodisiaques\/galangae-50-grammes\/\" \/>\n<meta property=\"og:site_name\" content=\"Dutchmicrodosing\" \/>\n<meta property=\"article:publisher\" content=\"https:\/\/www.facebook.com\/Dutchmicrodosingxp\/\" \/>\n<meta property=\"article:modified_time\" content=\"2025-11-11T13:58:49+00:00\" \/>\n<meta property=\"og:image\" content=\"https:\/\/dutchmicrodosing.com\/wp-content\/uploads\/2025\/10\/Galangae-1.jpg\" \/>\n\t<meta property=\"og:image:width\" content=\"1000\" \/>\n\t<meta property=\"og:image:height\" content=\"1000\" \/>\n\t<meta property=\"og:image:type\" content=\"image\/jpeg\" \/>\n<meta name=\"twitter:card\" content=\"summary_large_image\" \/>\n<script type=\"application\/ld+json\" class=\"yoast-schema-graph\">{\"@context\":\"https:\\\/\\\/schema.org\",\"@graph\":[{\"@type\":\"WebPage\",\"@id\":\"https:\\\/\\\/dutchmicrodosing.com\\\/fr\\\/herbes-botaniques\\\/herbes-aphrodisiaques\\\/galangae-50-grammes\\\/\",\"url\":\"https:\\\/\\\/dutchmicrodosing.com\\\/fr\\\/herbes-botaniques\\\/herbes-aphrodisiaques\\\/galangae-50-grammes\\\/\",\"name\":\"Galangae - 50 grammes - Dutchmicrodosing\",\"isPartOf\":{\"@id\":\"https:\\\/\\\/dutchmicrodosing.com\\\/fr\\\/#website\"},\"primaryImageOfPage\":{\"@id\":\"https:\\\/\\\/dutchmicrodosing.com\\\/fr\\\/herbes-botaniques\\\/herbes-aphrodisiaques\\\/galangae-50-grammes\\\/#primaryimage\"},\"image\":{\"@id\":\"https:\\\/\\\/dutchmicrodosing.com\\\/fr\\\/herbes-botaniques\\\/herbes-aphrodisiaques\\\/galangae-50-grammes\\\/#primaryimage\"},\"thumbnailUrl\":\"https:\\\/\\\/dutchmicrodosing.com\\\/wp-content\\\/uploads\\\/2025\\\/10\\\/Galangae-1.jpg\",\"datePublished\":\"2025-10-31T07:36:25+00:00\",\"dateModified\":\"2025-11-11T13:58:49+00:00\",\"description\":\"D\u00e9couvre la puissance \u00e9pic\u00e9e du Galangae - 50 grammes, une racine aromatique d'Indon\u00e9sie au caract\u00e8re stimulant et rafra\u00eechissant. 100 % naturel et pur.\",\"breadcrumb\":{\"@id\":\"https:\\\/\\\/dutchmicrodosing.com\\\/fr\\\/herbes-botaniques\\\/herbes-aphrodisiaques\\\/galangae-50-grammes\\\/#breadcrumb\"},\"inLanguage\":\"fr-FR\",\"potentialAction\":[{\"@type\":\"ReadAction\",\"target\":[\"https:\\\/\\\/dutchmicrodosing.com\\\/fr\\\/herbes-botaniques\\\/herbes-aphrodisiaques\\\/galangae-50-grammes\\\/\"]}]},{\"@type\":\"ImageObject\",\"inLanguage\":\"fr-FR\",\"@id\":\"https:\\\/\\\/dutchmicrodosing.com\\\/fr\\\/herbes-botaniques\\\/herbes-aphrodisiaques\\\/galangae-50-grammes\\\/#primaryimage\",\"url\":\"https:\\\/\\\/dutchmicrodosing.com\\\/wp-content\\\/uploads\\\/2025\\\/10\\\/Galangae-1.jpg\",\"contentUrl\":\"https:\\\/\\\/dutchmicrodosing.com\\\/wp-content\\\/uploads\\\/2025\\\/10\\\/Galangae-1.jpg\",\"width\":1000,\"height\":1000,\"caption\":\"\u00e9pice galangae\"},{\"@type\":\"BreadcrumbList\",\"@id\":\"https:\\\/\\\/dutchmicrodosing.com\\\/fr\\\/herbes-botaniques\\\/herbes-aphrodisiaques\\\/galangae-50-grammes\\\/#breadcrumb\",\"itemListElement\":[{\"@type\":\"ListItem\",\"position\":1,\"name\":\"Home\",\"item\":\"https:\\\/\\\/dutchmicrodosing.com\\\/fr\\\/\"},{\"@type\":\"ListItem\",\"position\":2,\"name\":\"Boutique\",\"item\":\"https:\\\/\\\/dutchmicrodosing.com\\\/fr\\\/boutique\\\/\"},{\"@type\":\"ListItem\",\"position\":3,\"name\":\"Galangae &#8211; 50 grammes\"}]},{\"@type\":\"WebSite\",\"@id\":\"https:\\\/\\\/dutchmicrodosing.com\\\/fr\\\/#website\",\"url\":\"https:\\\/\\\/dutchmicrodosing.com\\\/fr\\\/\",\"name\":\"Dutchmicrodosing\",\"description\":\"\",\"publisher\":{\"@id\":\"https:\\\/\\\/dutchmicrodosing.com\\\/fr\\\/#organization\"},\"potentialAction\":[{\"@type\":\"SearchAction\",\"target\":{\"@type\":\"EntryPoint\",\"urlTemplate\":\"https:\\\/\\\/dutchmicrodosing.com\\\/fr\\\/?s={search_term_string}\"},\"query-input\":{\"@type\":\"PropertyValueSpecification\",\"valueRequired\":true,\"valueName\":\"search_term_string\"}}],\"inLanguage\":\"fr-FR\"},{\"@type\":\"Organization\",\"@id\":\"https:\\\/\\\/dutchmicrodosing.com\\\/fr\\\/#organization\",\"name\":\"Dutchmicrodosing\",\"url\":\"https:\\\/\\\/dutchmicrodosing.com\\\/fr\\\/\",\"logo\":{\"@type\":\"ImageObject\",\"inLanguage\":\"fr-FR\",\"@id\":\"https:\\\/\\\/dutchmicrodosing.com\\\/fr\\\/#\\\/schema\\\/logo\\\/image\\\/\",\"url\":\"https:\\\/\\\/dutchmicrodosing.com\\\/wp-content\\\/uploads\\\/2021\\\/01\\\/microdosing-categorie-pic-nieuw.jpg\",\"contentUrl\":\"https:\\\/\\\/dutchmicrodosing.com\\\/wp-content\\\/uploads\\\/2021\\\/01\\\/microdosing-categorie-pic-nieuw.jpg\",\"width\":500,\"height\":500,\"caption\":\"Dutchmicrodosing\"},\"image\":{\"@id\":\"https:\\\/\\\/dutchmicrodosing.com\\\/fr\\\/#\\\/schema\\\/logo\\\/image\\\/\"},\"sameAs\":[\"https:\\\/\\\/www.facebook.com\\\/Dutchmicrodosingxp\\\/\",\"https:\\\/\\\/www.instagram.com\\\/dutchmicrodosing\\\/\"]}]}<\/script>\n<meta property=\"product:price:amount\" content=\"5.95\" \/>\n<meta property=\"product:price:currency\" content=\"EUR\" \/>\n<meta property=\"og:availability\" content=\"instock\" \/>\n<meta property=\"product:availability\" content=\"instock\" \/>\n<meta property=\"product:retailer_item_id\" content=\"8101966\" \/>\n<meta property=\"product:condition\" content=\"new\" \/>\n<!-- \/ Yoast SEO Premium plugin. -->","yoast_head_json":{"title":"Galangae - 50 grammes - Dutchmicrodosing","description":"D\u00e9couvre la puissance \u00e9pic\u00e9e du Galangae - 50 grammes, une racine aromatique d'Indon\u00e9sie au caract\u00e8re stimulant et rafra\u00eechissant. 100 % naturel et pur.","robots":{"index":"index","follow":"follow","max-snippet":"max-snippet:-1","max-image-preview":"max-image-preview:large","max-video-preview":"max-video-preview:-1"},"canonical":"https:\/\/dutchmicrodosing.com\/fr\/herbes-botaniques\/herbes-aphrodisiaques\/galangae-50-grammes\/","og_locale":"fr_FR","og_type":"article","og_title":"Galangae - 50 grammes","og_description":"Galangae - 50 grammes de la marque Indian Elements est une racine particuli\u00e8re d'Indon\u00e9sie, apparent\u00e9e au gingembre et appr\u00e9ci\u00e9e pour son caract\u00e8re \u00e9pic\u00e9","og_url":"https:\/\/dutchmicrodosing.com\/fr\/herbes-botaniques\/herbes-aphrodisiaques\/galangae-50-grammes\/","og_site_name":"Dutchmicrodosing","article_publisher":"https:\/\/www.facebook.com\/Dutchmicrodosingxp\/","article_modified_time":"2025-11-11T13:58:49+00:00","og_image":[{"width":1000,"height":1000,"url":"https:\/\/dutchmicrodosing.com\/wp-content\/uploads\/2025\/10\/Galangae-1.jpg","type":"image\/jpeg"}],"twitter_card":"summary_large_image","schema":{"@context":"https:\/\/schema.org","@graph":[{"@type":"WebPage","@id":"https:\/\/dutchmicrodosing.com\/fr\/herbes-botaniques\/herbes-aphrodisiaques\/galangae-50-grammes\/","url":"https:\/\/dutchmicrodosing.com\/fr\/herbes-botaniques\/herbes-aphrodisiaques\/galangae-50-grammes\/","name":"Galangae - 50 grammes - Dutchmicrodosing","isPartOf":{"@id":"https:\/\/dutchmicrodosing.com\/fr\/#website"},"primaryImageOfPage":{"@id":"https:\/\/dutchmicrodosing.com\/fr\/herbes-botaniques\/herbes-aphrodisiaques\/galangae-50-grammes\/#primaryimage"},"image":{"@id":"https:\/\/dutchmicrodosing.com\/fr\/herbes-botaniques\/herbes-aphrodisiaques\/galangae-50-grammes\/#primaryimage"},"thumbnailUrl":"https:\/\/dutchmicrodosing.com\/wp-content\/uploads\/2025\/10\/Galangae-1.jpg","datePublished":"2025-10-31T07:36:25+00:00","dateModified":"2025-11-11T13:58:49+00:00","description":"D\u00e9couvre la puissance \u00e9pic\u00e9e du Galangae - 50 grammes, une racine aromatique d'Indon\u00e9sie au caract\u00e8re stimulant et rafra\u00eechissant. 100 % naturel et pur.","breadcrumb":{"@id":"https:\/\/dutchmicrodosing.com\/fr\/herbes-botaniques\/herbes-aphrodisiaques\/galangae-50-grammes\/#breadcrumb"},"inLanguage":"fr-FR","potentialAction":[{"@type":"ReadAction","target":["https:\/\/dutchmicrodosing.com\/fr\/herbes-botaniques\/herbes-aphrodisiaques\/galangae-50-grammes\/"]}]},{"@type":"ImageObject","inLanguage":"fr-FR","@id":"https:\/\/dutchmicrodosing.com\/fr\/herbes-botaniques\/herbes-aphrodisiaques\/galangae-50-grammes\/#primaryimage","url":"https:\/\/dutchmicrodosing.com\/wp-content\/uploads\/2025\/10\/Galangae-1.jpg","contentUrl":"https:\/\/dutchmicrodosing.com\/wp-content\/uploads\/2025\/10\/Galangae-1.jpg","width":1000,"height":1000,"caption":"\u00e9pice galangae"},{"@type":"BreadcrumbList","@id":"https:\/\/dutchmicrodosing.com\/fr\/herbes-botaniques\/herbes-aphrodisiaques\/galangae-50-grammes\/#breadcrumb","itemListElement":[{"@type":"ListItem","position":1,"name":"Home","item":"https:\/\/dutchmicrodosing.com\/fr\/"},{"@type":"ListItem","position":2,"name":"Boutique","item":"https:\/\/dutchmicrodosing.com\/fr\/boutique\/"},{"@type":"ListItem","position":3,"name":"Galangae &#8211; 50 grammes"}]},{"@type":"WebSite","@id":"https:\/\/dutchmicrodosing.com\/fr\/#website","url":"https:\/\/dutchmicrodosing.com\/fr\/","name":"Dutchmicrodosing","description":"","publisher":{"@id":"https:\/\/dutchmicrodosing.com\/fr\/#organization"},"potentialAction":[{"@type":"SearchAction","target":{"@type":"EntryPoint","urlTemplate":"https:\/\/dutchmicrodosing.com\/fr\/?s={search_term_string}"},"query-input":{"@type":"PropertyValueSpecification","valueRequired":true,"valueName":"search_term_string"}}],"inLanguage":"fr-FR"},{"@type":"Organization","@id":"https:\/\/dutchmicrodosing.com\/fr\/#organization","name":"Dutchmicrodosing","url":"https:\/\/dutchmicrodosing.com\/fr\/","logo":{"@type":"ImageObject","inLanguage":"fr-FR","@id":"https:\/\/dutchmicrodosing.com\/fr\/#\/schema\/logo\/image\/","url":"https:\/\/dutchmicrodosing.com\/wp-content\/uploads\/2021\/01\/microdosing-categorie-pic-nieuw.jpg","contentUrl":"https:\/\/dutchmicrodosing.com\/wp-content\/uploads\/2021\/01\/microdosing-categorie-pic-nieuw.jpg","width":500,"height":500,"caption":"Dutchmicrodosing"},"image":{"@id":"https:\/\/dutchmicrodosing.com\/fr\/#\/schema\/logo\/image\/"},"sameAs":["https:\/\/www.facebook.com\/Dutchmicrodosingxp\/","https:\/\/www.instagram.com\/dutchmicrodosing\/"]}]},"product_price_amount":"5.95","product_price_currency":"EUR","og_availability":"instock","product_availability":"instock","product_retailer_item_id":"8101966","product_condition":"new"},"_links":{"self":[{"href":"https:\/\/dutchmicrodosing.com\/fr\/wp-json\/wp\/v2\/product\/59505","targetHints":{"allow":["GET"]}}],"collection":[{"href":"https:\/\/dutchmicrodosing.com\/fr\/wp-json\/wp\/v2\/product"}],"about":[{"href":"https:\/\/dutchmicrodosing.com\/fr\/wp-json\/wp\/v2\/types\/product"}],"replies":[{"embeddable":true,"href":"https:\/\/dutchmicrodosing.com\/fr\/wp-json\/wp\/v2\/comments?post=59505"}],"version-history":[{"count":1,"href":"https:\/\/dutchmicrodosing.com\/fr\/wp-json\/wp\/v2\/product\/59505\/revisions"}],"predecessor-version":[{"id":61567,"href":"https:\/\/dutchmicrodosing.com\/fr\/wp-json\/wp\/v2\/product\/59505\/revisions\/61567"}],"wp:featuredmedia":[{"embeddable":true,"href":"https:\/\/dutchmicrodosing.com\/fr\/wp-json\/wp\/v2\/media\/61558"}],"wp:attachment":[{"href":"https:\/\/dutchmicrodosing.com\/fr\/wp-json\/wp\/v2\/media?parent=59505"}],"wp:term":[{"taxonomy":"product_brand","embeddable":true,"href":"https:\/\/dutchmicrodosing.com\/fr\/wp-json\/wp\/v2\/product_brand?post=59505"},{"taxonomy":"product_cat","embeddable":true,"href":"https:\/\/dutchmicrodosing.com\/fr\/wp-json\/wp\/v2\/product_cat?post=59505"},{"taxonomy":"product_tag","embeddable":true,"href":"https:\/\/dutchmicrodosing.com\/fr\/wp-json\/wp\/v2\/product_tag?post=59505"}],"curies":[{"name":"wp","href":"https:\/\/api.w.org\/{rel}","templated":true}]}}