{"id":59529,"date":"2025-10-31T09:00:43","date_gmt":"2025-10-31T08:00:43","guid":{"rendered":"https:\/\/dutchmicrodosing.com\/shop\/non%20class\u00e9\/dream-herbs-calea-zacatechichi-50-grammes\/"},"modified":"2025-11-11T14:24:56","modified_gmt":"2025-11-11T13:24:56","slug":"dream-herbs-calea-zacatechichi-50-grammes","status":"publish","type":"product","link":"https:\/\/dutchmicrodosing.com\/fr\/herbes-botaniques\/herbes-a-reves\/dream-herbs-calea-zacatechichi-50-grammes\/","title":{"rendered":"Dream Herbs (Calea zacatechichi) &#8211; 50 grammes"},"content":{"rendered":"<p><strong>Herbes de r\u00eave (Calea zacatechichi) &#8211; 50 grammes<\/strong> de la marque Herbs of the Gods est une herbe \u00e0 r\u00eaver classique du Mexique utilis\u00e9e depuis des si\u00e8cles par les peuples indig\u00e8nes comme les Mayas Chontal. Cette plante, \u00e9galement connue sous le nom de \u00ab\u00a0feuille des dieux\u00a0\u00bb, est souvent choisie par les personnes qui souhaitent vivre leurs r\u00eaves de mani\u00e8re plus consciente ou qui s&rsquo;int\u00e9ressent aux r\u00eaves lucides.<\/p>\n<p>Les feuilles ont un go\u00fbt amer caract\u00e9ristique, qui provient des alcalo\u00efdes naturels pr\u00e9sents dans la plante.<\/p>\n<h3>Caract\u00e9ristiques<\/h3>\n<ul>\n<li>Herbe \u00e0 r\u00eaver 100% naturelle et s\u00e9ch\u00e9e<\/li>\n<li>Connue des amateurs de r\u00eaves lucides<\/li>\n<li>Go\u00fbt l\u00e9g\u00e8rement amer, \u00e0 adoucir avec du miel ou du sucre<\/li>\n<li>Populaire en tant que th\u00e9 avant le coucher<\/li>\n<li>Qualit\u00e9 naturelle de Herbs of the Gods<\/li>\n<\/ul>\n<h3>Ingr\u00e9dients et\/ou composition<\/h3>\n<p>100% pure Calea Zacatechichi (feuille s\u00e9ch\u00e9e)<\/p>\n<h3>Utilisation<\/h3>\n<ul>\n<li>Utilise 3 \u00e0 25 grammes de feuilles s\u00e9ch\u00e9es pour un demi-litre d&rsquo;eau chaude.<\/li>\n<li>Laisse infuser pendant environ 15 minutes.<\/li>\n<li>Le go\u00fbt est amer &#8211; ajoute \u00e9ventuellement du miel ou du sucre pour une exp\u00e9rience plus agr\u00e9able.<\/li>\n<li>Bois le th\u00e9 de pr\u00e9f\u00e9rence le soir avant d&rsquo;aller dormir.<\/li>\n<\/ul>\n<h3>Contenu<\/h3>\n<p>Calea Zacatechichi \u2013 Herbs of the Gods (50 grammes, feuilles s\u00e9ch\u00e9es)<\/p>\n<h3>Avis de non-responsabilit\u00e9<\/h3>\n<p><em>Le contenu de ce texte est fourni \u00e0 titre d&rsquo;information uniquement et ne remplace pas les conseils d&rsquo;un professionnel. Ce produit n&rsquo;est pas un m\u00e9dicament et n&rsquo;est pas destin\u00e9 \u00e0 diagnostiquer, traiter ou gu\u00e9rir une quelconque condition m\u00e9dicale.  <\/em><\/p>\n","protected":false},"excerpt":{"rendered":"<p>Herbes de r\u00eave (Calea zacatechichi) &#8211; 50 grammes de la marque Herbs of the Gods est une herbe \u00e0 r\u00eaver classique du Mexique utilis\u00e9e depuis des si\u00e8cles par les peuples indig\u00e8nes comme les Mayas Chontal. Cette plante, \u00e9galement connue sous le nom de \u00ab\u00a0feuille des dieux\u00a0\u00bb, est souvent choisie par les personnes qui souhaitent vivre [&hellip;]<\/p>\n","protected":false},"featured_media":59530,"comment_status":"closed","ping_status":"closed","template":"","meta":[],"product_brand":[],"product_cat":[644],"product_tag":[],"class_list":{"0":"post-59529","1":"product","2":"type-product","3":"status-publish","4":"has-post-thumbnail","6":"product_cat-herbes-a-reves","8":"first","9":"instock","10":"taxable","11":"shipping-taxable","12":"purchasable","13":"product-type-simple"},"yoast_head":"<!-- This site is optimized with the Yoast SEO Premium plugin v26.4 (Yoast SEO v27.2) - https:\/\/yoast.com\/product\/yoast-seo-premium-wordpress\/ -->\n<title>Dream Herbs (Calea zacatechichi) - 50 grammes - Dutchmicrodosing<\/title>\n<meta name=\"description\" content=\"Exp\u00e9rimente des r\u00eaves plus conscients avec Calea Zacatechichi de Herbs of the Gods. Herbe \u00e0 r\u00eaver 100% naturelle sous forme de th\u00e9. Id\u00e9al pour les r\u00eaves lucides.\" \/>\n<meta name=\"robots\" content=\"index, follow, max-snippet:-1, max-image-preview:large, max-video-preview:-1\" \/>\n<link rel=\"canonical\" href=\"https:\/\/dutchmicrodosing.com\/fr\/herbes-botaniques\/herbes-a-reves\/dream-herbs-calea-zacatechichi-50-grammes\/\" \/>\n<meta property=\"og:locale\" content=\"fr_FR\" \/>\n<meta property=\"og:type\" content=\"article\" \/>\n<meta property=\"og:title\" content=\"Dream Herbs (Calea zacatechichi) - 50 grammes\" \/>\n<meta property=\"og:description\" content=\"Herbes de r\u00eave (Calea zacatechichi) - 50 grammes de la marque Herbs of the Gods est une herbe \u00e0 r\u00eaver classique du Mexique utilis\u00e9e depuis des si\u00e8cles par\" \/>\n<meta property=\"og:url\" content=\"https:\/\/dutchmicrodosing.com\/fr\/herbes-botaniques\/herbes-a-reves\/dream-herbs-calea-zacatechichi-50-grammes\/\" \/>\n<meta property=\"og:site_name\" content=\"Dutchmicrodosing\" \/>\n<meta property=\"article:publisher\" content=\"https:\/\/www.facebook.com\/Dutchmicrodosingxp\/\" \/>\n<meta property=\"article:modified_time\" content=\"2025-11-11T13:24:56+00:00\" \/>\n<meta property=\"og:image\" content=\"https:\/\/dutchmicrodosing.com\/wp-content\/uploads\/2025\/10\/droomkruid-calea-zacatechichi-dream-herb-indian-spirit-50-gram.jpg\" \/>\n\t<meta property=\"og:image:width\" content=\"700\" \/>\n\t<meta property=\"og:image:height\" content=\"700\" \/>\n\t<meta property=\"og:image:type\" content=\"image\/jpeg\" \/>\n<meta name=\"twitter:card\" content=\"summary_large_image\" \/>\n<script type=\"application\/ld+json\" class=\"yoast-schema-graph\">{\"@context\":\"https:\/\/schema.org\",\"@graph\":[{\"@type\":\"WebPage\",\"@id\":\"https:\/\/dutchmicrodosing.com\/fr\/herbes-botaniques\/herbes-a-reves\/dream-herbs-calea-zacatechichi-50-grammes\/\",\"url\":\"https:\/\/dutchmicrodosing.com\/fr\/herbes-botaniques\/herbes-a-reves\/dream-herbs-calea-zacatechichi-50-grammes\/\",\"name\":\"Dream Herbs (Calea zacatechichi) - 50 grammes - Dutchmicrodosing\",\"isPartOf\":{\"@id\":\"https:\/\/dutchmicrodosing.com\/fr\/#website\"},\"primaryImageOfPage\":{\"@id\":\"https:\/\/dutchmicrodosing.com\/fr\/herbes-botaniques\/herbes-a-reves\/dream-herbs-calea-zacatechichi-50-grammes\/#primaryimage\"},\"image\":{\"@id\":\"https:\/\/dutchmicrodosing.com\/fr\/herbes-botaniques\/herbes-a-reves\/dream-herbs-calea-zacatechichi-50-grammes\/#primaryimage\"},\"thumbnailUrl\":\"https:\/\/dutchmicrodosing.com\/wp-content\/uploads\/2025\/10\/droomkruid-calea-zacatechichi-dream-herb-indian-spirit-50-gram.jpg\",\"datePublished\":\"2025-10-31T08:00:43+00:00\",\"dateModified\":\"2025-11-11T13:24:56+00:00\",\"description\":\"Exp\u00e9rimente des r\u00eaves plus conscients avec Calea Zacatechichi de Herbs of the Gods. Herbe \u00e0 r\u00eaver 100% naturelle sous forme de th\u00e9. Id\u00e9al pour les r\u00eaves lucides.\",\"breadcrumb\":{\"@id\":\"https:\/\/dutchmicrodosing.com\/fr\/herbes-botaniques\/herbes-a-reves\/dream-herbs-calea-zacatechichi-50-grammes\/#breadcrumb\"},\"inLanguage\":\"fr-FR\",\"potentialAction\":[{\"@type\":\"ReadAction\",\"target\":[\"https:\/\/dutchmicrodosing.com\/fr\/herbes-botaniques\/herbes-a-reves\/dream-herbs-calea-zacatechichi-50-grammes\/\"]}]},{\"@type\":\"ImageObject\",\"inLanguage\":\"fr-FR\",\"@id\":\"https:\/\/dutchmicrodosing.com\/fr\/herbes-botaniques\/herbes-a-reves\/dream-herbs-calea-zacatechichi-50-grammes\/#primaryimage\",\"url\":\"https:\/\/dutchmicrodosing.com\/wp-content\/uploads\/2025\/10\/droomkruid-calea-zacatechichi-dream-herb-indian-spirit-50-gram.jpg\",\"contentUrl\":\"https:\/\/dutchmicrodosing.com\/wp-content\/uploads\/2025\/10\/droomkruid-calea-zacatechichi-dream-herb-indian-spirit-50-gram.jpg\",\"width\":700,\"height\":700},{\"@type\":\"BreadcrumbList\",\"@id\":\"https:\/\/dutchmicrodosing.com\/fr\/herbes-botaniques\/herbes-a-reves\/dream-herbs-calea-zacatechichi-50-grammes\/#breadcrumb\",\"itemListElement\":[{\"@type\":\"ListItem\",\"position\":1,\"name\":\"Home\",\"item\":\"https:\/\/dutchmicrodosing.com\/fr\/\"},{\"@type\":\"ListItem\",\"position\":2,\"name\":\"Boutique\",\"item\":\"https:\/\/dutchmicrodosing.com\/fr\/boutique\/\"},{\"@type\":\"ListItem\",\"position\":3,\"name\":\"Dream Herbs (Calea zacatechichi) &#8211; 50 grammes\"}]},{\"@type\":\"WebSite\",\"@id\":\"https:\/\/dutchmicrodosing.com\/fr\/#website\",\"url\":\"https:\/\/dutchmicrodosing.com\/fr\/\",\"name\":\"Dutchmicrodosing\",\"description\":\"\",\"publisher\":{\"@id\":\"https:\/\/dutchmicrodosing.com\/fr\/#organization\"},\"potentialAction\":[{\"@type\":\"SearchAction\",\"target\":{\"@type\":\"EntryPoint\",\"urlTemplate\":\"https:\/\/dutchmicrodosing.com\/fr\/?s={search_term_string}\"},\"query-input\":{\"@type\":\"PropertyValueSpecification\",\"valueRequired\":true,\"valueName\":\"search_term_string\"}}],\"inLanguage\":\"fr-FR\"},{\"@type\":\"Organization\",\"@id\":\"https:\/\/dutchmicrodosing.com\/fr\/#organization\",\"name\":\"Dutchmicrodosing\",\"url\":\"https:\/\/dutchmicrodosing.com\/fr\/\",\"logo\":{\"@type\":\"ImageObject\",\"inLanguage\":\"fr-FR\",\"@id\":\"https:\/\/dutchmicrodosing.com\/fr\/#\/schema\/logo\/image\/\",\"url\":\"https:\/\/dutchmicrodosing.com\/wp-content\/uploads\/2021\/01\/microdosing-categorie-pic-nieuw.jpg\",\"contentUrl\":\"https:\/\/dutchmicrodosing.com\/wp-content\/uploads\/2021\/01\/microdosing-categorie-pic-nieuw.jpg\",\"width\":500,\"height\":500,\"caption\":\"Dutchmicrodosing\"},\"image\":{\"@id\":\"https:\/\/dutchmicrodosing.com\/fr\/#\/schema\/logo\/image\/\"},\"sameAs\":[\"https:\/\/www.facebook.com\/Dutchmicrodosingxp\/\",\"https:\/\/www.instagram.com\/dutchmicrodosing\/\"]}]}<\/script>\n<meta property=\"product:price:amount\" content=\"12.95\" \/>\n<meta property=\"product:price:currency\" content=\"EUR\" \/>\n<meta property=\"og:availability\" content=\"instock\" \/>\n<meta property=\"product:availability\" content=\"instock\" \/>\n<meta property=\"product:retailer_item_id\" content=\"2208743\" \/>\n<meta property=\"product:condition\" content=\"new\" \/>\n<!-- \/ Yoast SEO Premium plugin. -->","yoast_head_json":{"title":"Dream Herbs (Calea zacatechichi) - 50 grammes - Dutchmicrodosing","description":"Exp\u00e9rimente des r\u00eaves plus conscients avec Calea Zacatechichi de Herbs of the Gods. Herbe \u00e0 r\u00eaver 100% naturelle sous forme de th\u00e9. Id\u00e9al pour les r\u00eaves lucides.","robots":{"index":"index","follow":"follow","max-snippet":"max-snippet:-1","max-image-preview":"max-image-preview:large","max-video-preview":"max-video-preview:-1"},"canonical":"https:\/\/dutchmicrodosing.com\/fr\/herbes-botaniques\/herbes-a-reves\/dream-herbs-calea-zacatechichi-50-grammes\/","og_locale":"fr_FR","og_type":"article","og_title":"Dream Herbs (Calea zacatechichi) - 50 grammes","og_description":"Herbes de r\u00eave (Calea zacatechichi) - 50 grammes de la marque Herbs of the Gods est une herbe \u00e0 r\u00eaver classique du Mexique utilis\u00e9e depuis des si\u00e8cles par","og_url":"https:\/\/dutchmicrodosing.com\/fr\/herbes-botaniques\/herbes-a-reves\/dream-herbs-calea-zacatechichi-50-grammes\/","og_site_name":"Dutchmicrodosing","article_publisher":"https:\/\/www.facebook.com\/Dutchmicrodosingxp\/","article_modified_time":"2025-11-11T13:24:56+00:00","og_image":[{"width":700,"height":700,"url":"https:\/\/dutchmicrodosing.com\/wp-content\/uploads\/2025\/10\/droomkruid-calea-zacatechichi-dream-herb-indian-spirit-50-gram.jpg","type":"image\/jpeg"}],"twitter_card":"summary_large_image","schema":{"@context":"https:\/\/schema.org","@graph":[{"@type":"WebPage","@id":"https:\/\/dutchmicrodosing.com\/fr\/herbes-botaniques\/herbes-a-reves\/dream-herbs-calea-zacatechichi-50-grammes\/","url":"https:\/\/dutchmicrodosing.com\/fr\/herbes-botaniques\/herbes-a-reves\/dream-herbs-calea-zacatechichi-50-grammes\/","name":"Dream Herbs (Calea zacatechichi) - 50 grammes - Dutchmicrodosing","isPartOf":{"@id":"https:\/\/dutchmicrodosing.com\/fr\/#website"},"primaryImageOfPage":{"@id":"https:\/\/dutchmicrodosing.com\/fr\/herbes-botaniques\/herbes-a-reves\/dream-herbs-calea-zacatechichi-50-grammes\/#primaryimage"},"image":{"@id":"https:\/\/dutchmicrodosing.com\/fr\/herbes-botaniques\/herbes-a-reves\/dream-herbs-calea-zacatechichi-50-grammes\/#primaryimage"},"thumbnailUrl":"https:\/\/dutchmicrodosing.com\/wp-content\/uploads\/2025\/10\/droomkruid-calea-zacatechichi-dream-herb-indian-spirit-50-gram.jpg","datePublished":"2025-10-31T08:00:43+00:00","dateModified":"2025-11-11T13:24:56+00:00","description":"Exp\u00e9rimente des r\u00eaves plus conscients avec Calea Zacatechichi de Herbs of the Gods. Herbe \u00e0 r\u00eaver 100% naturelle sous forme de th\u00e9. Id\u00e9al pour les r\u00eaves lucides.","breadcrumb":{"@id":"https:\/\/dutchmicrodosing.com\/fr\/herbes-botaniques\/herbes-a-reves\/dream-herbs-calea-zacatechichi-50-grammes\/#breadcrumb"},"inLanguage":"fr-FR","potentialAction":[{"@type":"ReadAction","target":["https:\/\/dutchmicrodosing.com\/fr\/herbes-botaniques\/herbes-a-reves\/dream-herbs-calea-zacatechichi-50-grammes\/"]}]},{"@type":"ImageObject","inLanguage":"fr-FR","@id":"https:\/\/dutchmicrodosing.com\/fr\/herbes-botaniques\/herbes-a-reves\/dream-herbs-calea-zacatechichi-50-grammes\/#primaryimage","url":"https:\/\/dutchmicrodosing.com\/wp-content\/uploads\/2025\/10\/droomkruid-calea-zacatechichi-dream-herb-indian-spirit-50-gram.jpg","contentUrl":"https:\/\/dutchmicrodosing.com\/wp-content\/uploads\/2025\/10\/droomkruid-calea-zacatechichi-dream-herb-indian-spirit-50-gram.jpg","width":700,"height":700},{"@type":"BreadcrumbList","@id":"https:\/\/dutchmicrodosing.com\/fr\/herbes-botaniques\/herbes-a-reves\/dream-herbs-calea-zacatechichi-50-grammes\/#breadcrumb","itemListElement":[{"@type":"ListItem","position":1,"name":"Home","item":"https:\/\/dutchmicrodosing.com\/fr\/"},{"@type":"ListItem","position":2,"name":"Boutique","item":"https:\/\/dutchmicrodosing.com\/fr\/boutique\/"},{"@type":"ListItem","position":3,"name":"Dream Herbs (Calea zacatechichi) &#8211; 50 grammes"}]},{"@type":"WebSite","@id":"https:\/\/dutchmicrodosing.com\/fr\/#website","url":"https:\/\/dutchmicrodosing.com\/fr\/","name":"Dutchmicrodosing","description":"","publisher":{"@id":"https:\/\/dutchmicrodosing.com\/fr\/#organization"},"potentialAction":[{"@type":"SearchAction","target":{"@type":"EntryPoint","urlTemplate":"https:\/\/dutchmicrodosing.com\/fr\/?s={search_term_string}"},"query-input":{"@type":"PropertyValueSpecification","valueRequired":true,"valueName":"search_term_string"}}],"inLanguage":"fr-FR"},{"@type":"Organization","@id":"https:\/\/dutchmicrodosing.com\/fr\/#organization","name":"Dutchmicrodosing","url":"https:\/\/dutchmicrodosing.com\/fr\/","logo":{"@type":"ImageObject","inLanguage":"fr-FR","@id":"https:\/\/dutchmicrodosing.com\/fr\/#\/schema\/logo\/image\/","url":"https:\/\/dutchmicrodosing.com\/wp-content\/uploads\/2021\/01\/microdosing-categorie-pic-nieuw.jpg","contentUrl":"https:\/\/dutchmicrodosing.com\/wp-content\/uploads\/2021\/01\/microdosing-categorie-pic-nieuw.jpg","width":500,"height":500,"caption":"Dutchmicrodosing"},"image":{"@id":"https:\/\/dutchmicrodosing.com\/fr\/#\/schema\/logo\/image\/"},"sameAs":["https:\/\/www.facebook.com\/Dutchmicrodosingxp\/","https:\/\/www.instagram.com\/dutchmicrodosing\/"]}]},"product_price_amount":"12.95","product_price_currency":"EUR","og_availability":"instock","product_availability":"instock","product_retailer_item_id":"2208743","product_condition":"new"},"_links":{"self":[{"href":"https:\/\/dutchmicrodosing.com\/fr\/wp-json\/wp\/v2\/product\/59529","targetHints":{"allow":["GET"]}}],"collection":[{"href":"https:\/\/dutchmicrodosing.com\/fr\/wp-json\/wp\/v2\/product"}],"about":[{"href":"https:\/\/dutchmicrodosing.com\/fr\/wp-json\/wp\/v2\/types\/product"}],"replies":[{"embeddable":true,"href":"https:\/\/dutchmicrodosing.com\/fr\/wp-json\/wp\/v2\/comments?post=59529"}],"version-history":[{"count":1,"href":"https:\/\/dutchmicrodosing.com\/fr\/wp-json\/wp\/v2\/product\/59529\/revisions"}],"predecessor-version":[{"id":61525,"href":"https:\/\/dutchmicrodosing.com\/fr\/wp-json\/wp\/v2\/product\/59529\/revisions\/61525"}],"wp:featuredmedia":[{"embeddable":true,"href":"https:\/\/dutchmicrodosing.com\/fr\/wp-json\/wp\/v2\/media\/59530"}],"wp:attachment":[{"href":"https:\/\/dutchmicrodosing.com\/fr\/wp-json\/wp\/v2\/media?parent=59529"}],"wp:term":[{"taxonomy":"product_brand","embeddable":true,"href":"https:\/\/dutchmicrodosing.com\/fr\/wp-json\/wp\/v2\/product_brand?post=59529"},{"taxonomy":"product_cat","embeddable":true,"href":"https:\/\/dutchmicrodosing.com\/fr\/wp-json\/wp\/v2\/product_cat?post=59529"},{"taxonomy":"product_tag","embeddable":true,"href":"https:\/\/dutchmicrodosing.com\/fr\/wp-json\/wp\/v2\/product_tag?post=59529"}],"curies":[{"name":"wp","href":"https:\/\/api.w.org\/{rel}","templated":true}]}}