{"id":60170,"date":"2025-10-31T12:57:38","date_gmt":"2025-10-31T11:57:38","guid":{"rendered":"https:\/\/dutchmicrodosing.com\/shop\/non%20class\u00e9\/forest-dreams-mix-50-grammes\/"},"modified":"2025-11-11T14:12:03","modified_gmt":"2025-11-11T13:12:03","slug":"forest-dreams-mix-50-grammes","status":"publish","type":"product","link":"https:\/\/dutchmicrodosing.com\/fr\/herbes-botaniques\/herbes-a-reves\/forest-dreams-mix-50-grammes\/","title":{"rendered":"Forest Dreams Mix &#8211; 50 grammes"},"content":{"rendered":"<p><strong>Forest Dreams Mix &#8211; 50 grammes <\/strong>Indian Spirit est un m\u00e9lange d&rsquo;herbes apaisant, parfait pour se d\u00e9tendre apr\u00e8s une journ\u00e9e charg\u00e9e. Le m\u00e9lange d&rsquo;herbes soigneusement s\u00e9lectionn\u00e9es t&rsquo;aide \u00e0 l\u00e2cher prise sur l&rsquo;agitation quotidienne et \u00e0 t&rsquo;abandonner \u00e0 une atmosph\u00e8re r\u00eaveuse.<\/p>\n<h3>Caract\u00e9ristiques<\/h3>\n<ul>\n<li>Combinaison unique d&rsquo;herbes relaxantes<\/li>\n<li>Contient entre autres de la Laitue sauvage, de la Menthe poivr\u00e9e, de la Scutellaire et de l&rsquo;Herbe aux chats<\/li>\n<li>Saveur naturelle avec une note fra\u00eeche et \u00e9pic\u00e9e<\/li>\n<li>Id\u00e9al comme tisane du soir pour un moment de d\u00e9tente<\/li>\n<li>100 % v\u00e9g\u00e9tal et sans additifs<\/li>\n<\/ul>\n<h3>Ingr\u00e9dients et\/ou composition<\/h3>\n<ul>\n<li>Wild Lettuce<\/li>\n<li>Calea<\/li>\n<li>Menthe poivr\u00e9e<\/li>\n<li>Catmint<\/li>\n<li>Skullcap<\/li>\n<\/ul>\n<h3>Utilisation<\/h3>\n<p>Utilise 1 cuill\u00e8re \u00e0 soupe du m\u00e9lange d&rsquo;herbes pour 150 ml d&rsquo;eau.<br \/>\nPorte doucement \u00e0 \u00e9bullition et laisse infuser pendant 10-15 minutes.<br \/>\nLaisse ensuite refroidir la tisane jusqu&rsquo;\u00e0 une temp\u00e9rature agr\u00e9able et savoure-la en toute tranquillit\u00e9.<\/p>\n<h3>Contenu<\/h3>\n<p>Forest Dreams \u2013 Indian Spirit (m\u00e9lange d&rsquo;herbes de 50 grammes)<\/p>\n<h3>Avis de non-responsabilit\u00e9<\/h3>\n<p><em>Le contenu de ce texte est fourni \u00e0 titre d&rsquo;information uniquement et ne remplace pas les conseils d&rsquo;un professionnel. Ce produit n&rsquo;est pas un m\u00e9dicament et n&rsquo;est pas destin\u00e9 \u00e0 diagnostiquer, traiter ou gu\u00e9rir une quelconque condition m\u00e9dicale.  <\/em><\/p>\n","protected":false},"excerpt":{"rendered":"<p>Forest Dreams Mix &#8211; 50 grammes Indian Spirit est un m\u00e9lange d&rsquo;herbes apaisant, parfait pour se d\u00e9tendre apr\u00e8s une journ\u00e9e charg\u00e9e. Le m\u00e9lange d&rsquo;herbes soigneusement s\u00e9lectionn\u00e9es t&rsquo;aide \u00e0 l\u00e2cher prise sur l&rsquo;agitation quotidienne et \u00e0 t&rsquo;abandonner \u00e0 une atmosph\u00e8re r\u00eaveuse. Caract\u00e9ristiques Combinaison unique d&rsquo;herbes relaxantes Contient entre autres de la Laitue sauvage, de la Menthe [&hellip;]<\/p>\n","protected":false},"featured_media":60172,"comment_status":"closed","ping_status":"closed","template":"","meta":[],"product_brand":[],"product_cat":[644],"product_tag":[],"class_list":{"0":"post-60170","1":"product","2":"type-product","3":"status-publish","4":"has-post-thumbnail","6":"product_cat-herbes-a-reves","8":"first","9":"instock","10":"taxable","11":"shipping-taxable","12":"purchasable","13":"product-type-simple"},"yoast_head":"<!-- This site is optimized with the Yoast SEO Premium plugin v26.4 (Yoast SEO v27.2) - https:\/\/yoast.com\/product\/yoast-seo-premium-wordpress\/ -->\n<title>Forest Dreams Mix - 50 grammes - Dutchmicrodosing<\/title>\n<meta name=\"description\" content=\"Le m\u00e9lange Forest Dreams d&#039;Indian Spirit est un m\u00e9lange d&#039;herbes contenant, entre autres, de la Laitue sauvage et de la Menthe poivr\u00e9e. D\u00e9tends-toi et apaise-toi avec cette tisane naturelle du soir.\" \/>\n<meta name=\"robots\" content=\"index, follow, max-snippet:-1, max-image-preview:large, max-video-preview:-1\" \/>\n<link rel=\"canonical\" href=\"https:\/\/dutchmicrodosing.com\/fr\/herbes-botaniques\/herbes-a-reves\/forest-dreams-mix-50-grammes\/\" \/>\n<meta property=\"og:locale\" content=\"fr_FR\" \/>\n<meta property=\"og:type\" content=\"article\" \/>\n<meta property=\"og:title\" content=\"Forest Dreams Mix - 50 grammes\" \/>\n<meta property=\"og:description\" content=\"Forest Dreams Mix - 50 grammes Indian Spirit est un m\u00e9lange d&#039;herbes apaisant, parfait pour se d\u00e9tendre apr\u00e8s une journ\u00e9e charg\u00e9e. Le m\u00e9lange d&#039;herbes\" \/>\n<meta property=\"og:url\" content=\"https:\/\/dutchmicrodosing.com\/fr\/herbes-botaniques\/herbes-a-reves\/forest-dreams-mix-50-grammes\/\" \/>\n<meta property=\"og:site_name\" content=\"Dutchmicrodosing\" \/>\n<meta property=\"article:publisher\" content=\"https:\/\/www.facebook.com\/Dutchmicrodosingxp\/\" \/>\n<meta property=\"article:modified_time\" content=\"2025-11-11T13:12:03+00:00\" \/>\n<meta property=\"og:image\" content=\"https:\/\/dutchmicrodosing.com\/wp-content\/uploads\/2025\/10\/Forest-Dreams.jpg\" \/>\n\t<meta property=\"og:image:width\" content=\"1000\" \/>\n\t<meta property=\"og:image:height\" content=\"1000\" \/>\n\t<meta property=\"og:image:type\" content=\"image\/jpeg\" \/>\n<meta name=\"twitter:card\" content=\"summary_large_image\" \/>\n<script type=\"application\/ld+json\" class=\"yoast-schema-graph\">{\"@context\":\"https:\/\/schema.org\",\"@graph\":[{\"@type\":\"WebPage\",\"@id\":\"https:\/\/dutchmicrodosing.com\/fr\/herbes-botaniques\/herbes-a-reves\/forest-dreams-mix-50-grammes\/\",\"url\":\"https:\/\/dutchmicrodosing.com\/fr\/herbes-botaniques\/herbes-a-reves\/forest-dreams-mix-50-grammes\/\",\"name\":\"Forest Dreams Mix - 50 grammes - Dutchmicrodosing\",\"isPartOf\":{\"@id\":\"https:\/\/dutchmicrodosing.com\/fr\/#website\"},\"primaryImageOfPage\":{\"@id\":\"https:\/\/dutchmicrodosing.com\/fr\/herbes-botaniques\/herbes-a-reves\/forest-dreams-mix-50-grammes\/#primaryimage\"},\"image\":{\"@id\":\"https:\/\/dutchmicrodosing.com\/fr\/herbes-botaniques\/herbes-a-reves\/forest-dreams-mix-50-grammes\/#primaryimage\"},\"thumbnailUrl\":\"https:\/\/dutchmicrodosing.com\/wp-content\/uploads\/2025\/10\/Forest-Dreams.jpg\",\"datePublished\":\"2025-10-31T11:57:38+00:00\",\"dateModified\":\"2025-11-11T13:12:03+00:00\",\"description\":\"Le m\u00e9lange Forest Dreams d'Indian Spirit est un m\u00e9lange d'herbes contenant, entre autres, de la Laitue sauvage et de la Menthe poivr\u00e9e. D\u00e9tends-toi et apaise-toi avec cette tisane naturelle du soir.\",\"breadcrumb\":{\"@id\":\"https:\/\/dutchmicrodosing.com\/fr\/herbes-botaniques\/herbes-a-reves\/forest-dreams-mix-50-grammes\/#breadcrumb\"},\"inLanguage\":\"fr-FR\",\"potentialAction\":[{\"@type\":\"ReadAction\",\"target\":[\"https:\/\/dutchmicrodosing.com\/fr\/herbes-botaniques\/herbes-a-reves\/forest-dreams-mix-50-grammes\/\"]}]},{\"@type\":\"ImageObject\",\"inLanguage\":\"fr-FR\",\"@id\":\"https:\/\/dutchmicrodosing.com\/fr\/herbes-botaniques\/herbes-a-reves\/forest-dreams-mix-50-grammes\/#primaryimage\",\"url\":\"https:\/\/dutchmicrodosing.com\/wp-content\/uploads\/2025\/10\/Forest-Dreams.jpg\",\"contentUrl\":\"https:\/\/dutchmicrodosing.com\/wp-content\/uploads\/2025\/10\/Forest-Dreams.jpg\",\"width\":1000,\"height\":1000},{\"@type\":\"BreadcrumbList\",\"@id\":\"https:\/\/dutchmicrodosing.com\/fr\/herbes-botaniques\/herbes-a-reves\/forest-dreams-mix-50-grammes\/#breadcrumb\",\"itemListElement\":[{\"@type\":\"ListItem\",\"position\":1,\"name\":\"Home\",\"item\":\"https:\/\/dutchmicrodosing.com\/fr\/\"},{\"@type\":\"ListItem\",\"position\":2,\"name\":\"Boutique\",\"item\":\"https:\/\/dutchmicrodosing.com\/fr\/boutique\/\"},{\"@type\":\"ListItem\",\"position\":3,\"name\":\"Forest Dreams Mix &#8211; 50 grammes\"}]},{\"@type\":\"WebSite\",\"@id\":\"https:\/\/dutchmicrodosing.com\/fr\/#website\",\"url\":\"https:\/\/dutchmicrodosing.com\/fr\/\",\"name\":\"Dutchmicrodosing\",\"description\":\"\",\"publisher\":{\"@id\":\"https:\/\/dutchmicrodosing.com\/fr\/#organization\"},\"potentialAction\":[{\"@type\":\"SearchAction\",\"target\":{\"@type\":\"EntryPoint\",\"urlTemplate\":\"https:\/\/dutchmicrodosing.com\/fr\/?s={search_term_string}\"},\"query-input\":{\"@type\":\"PropertyValueSpecification\",\"valueRequired\":true,\"valueName\":\"search_term_string\"}}],\"inLanguage\":\"fr-FR\"},{\"@type\":\"Organization\",\"@id\":\"https:\/\/dutchmicrodosing.com\/fr\/#organization\",\"name\":\"Dutchmicrodosing\",\"url\":\"https:\/\/dutchmicrodosing.com\/fr\/\",\"logo\":{\"@type\":\"ImageObject\",\"inLanguage\":\"fr-FR\",\"@id\":\"https:\/\/dutchmicrodosing.com\/fr\/#\/schema\/logo\/image\/\",\"url\":\"https:\/\/dutchmicrodosing.com\/wp-content\/uploads\/2021\/01\/microdosing-categorie-pic-nieuw.jpg\",\"contentUrl\":\"https:\/\/dutchmicrodosing.com\/wp-content\/uploads\/2021\/01\/microdosing-categorie-pic-nieuw.jpg\",\"width\":500,\"height\":500,\"caption\":\"Dutchmicrodosing\"},\"image\":{\"@id\":\"https:\/\/dutchmicrodosing.com\/fr\/#\/schema\/logo\/image\/\"},\"sameAs\":[\"https:\/\/www.facebook.com\/Dutchmicrodosingxp\/\",\"https:\/\/www.instagram.com\/dutchmicrodosing\/\"]}]}<\/script>\n<meta property=\"product:price:amount\" content=\"8.50\" \/>\n<meta property=\"product:price:currency\" content=\"EUR\" \/>\n<meta property=\"og:availability\" content=\"instock\" \/>\n<meta property=\"product:availability\" content=\"instock\" \/>\n<meta property=\"product:retailer_item_id\" content=\"2208513\" \/>\n<meta property=\"product:condition\" content=\"new\" \/>\n<!-- \/ Yoast SEO Premium plugin. -->","yoast_head_json":{"title":"Forest Dreams Mix - 50 grammes - Dutchmicrodosing","description":"Le m\u00e9lange Forest Dreams d'Indian Spirit est un m\u00e9lange d'herbes contenant, entre autres, de la Laitue sauvage et de la Menthe poivr\u00e9e. D\u00e9tends-toi et apaise-toi avec cette tisane naturelle du soir.","robots":{"index":"index","follow":"follow","max-snippet":"max-snippet:-1","max-image-preview":"max-image-preview:large","max-video-preview":"max-video-preview:-1"},"canonical":"https:\/\/dutchmicrodosing.com\/fr\/herbes-botaniques\/herbes-a-reves\/forest-dreams-mix-50-grammes\/","og_locale":"fr_FR","og_type":"article","og_title":"Forest Dreams Mix - 50 grammes","og_description":"Forest Dreams Mix - 50 grammes Indian Spirit est un m\u00e9lange d'herbes apaisant, parfait pour se d\u00e9tendre apr\u00e8s une journ\u00e9e charg\u00e9e. Le m\u00e9lange d'herbes","og_url":"https:\/\/dutchmicrodosing.com\/fr\/herbes-botaniques\/herbes-a-reves\/forest-dreams-mix-50-grammes\/","og_site_name":"Dutchmicrodosing","article_publisher":"https:\/\/www.facebook.com\/Dutchmicrodosingxp\/","article_modified_time":"2025-11-11T13:12:03+00:00","og_image":[{"width":1000,"height":1000,"url":"https:\/\/dutchmicrodosing.com\/wp-content\/uploads\/2025\/10\/Forest-Dreams.jpg","type":"image\/jpeg"}],"twitter_card":"summary_large_image","schema":{"@context":"https:\/\/schema.org","@graph":[{"@type":"WebPage","@id":"https:\/\/dutchmicrodosing.com\/fr\/herbes-botaniques\/herbes-a-reves\/forest-dreams-mix-50-grammes\/","url":"https:\/\/dutchmicrodosing.com\/fr\/herbes-botaniques\/herbes-a-reves\/forest-dreams-mix-50-grammes\/","name":"Forest Dreams Mix - 50 grammes - Dutchmicrodosing","isPartOf":{"@id":"https:\/\/dutchmicrodosing.com\/fr\/#website"},"primaryImageOfPage":{"@id":"https:\/\/dutchmicrodosing.com\/fr\/herbes-botaniques\/herbes-a-reves\/forest-dreams-mix-50-grammes\/#primaryimage"},"image":{"@id":"https:\/\/dutchmicrodosing.com\/fr\/herbes-botaniques\/herbes-a-reves\/forest-dreams-mix-50-grammes\/#primaryimage"},"thumbnailUrl":"https:\/\/dutchmicrodosing.com\/wp-content\/uploads\/2025\/10\/Forest-Dreams.jpg","datePublished":"2025-10-31T11:57:38+00:00","dateModified":"2025-11-11T13:12:03+00:00","description":"Le m\u00e9lange Forest Dreams d'Indian Spirit est un m\u00e9lange d'herbes contenant, entre autres, de la Laitue sauvage et de la Menthe poivr\u00e9e. D\u00e9tends-toi et apaise-toi avec cette tisane naturelle du soir.","breadcrumb":{"@id":"https:\/\/dutchmicrodosing.com\/fr\/herbes-botaniques\/herbes-a-reves\/forest-dreams-mix-50-grammes\/#breadcrumb"},"inLanguage":"fr-FR","potentialAction":[{"@type":"ReadAction","target":["https:\/\/dutchmicrodosing.com\/fr\/herbes-botaniques\/herbes-a-reves\/forest-dreams-mix-50-grammes\/"]}]},{"@type":"ImageObject","inLanguage":"fr-FR","@id":"https:\/\/dutchmicrodosing.com\/fr\/herbes-botaniques\/herbes-a-reves\/forest-dreams-mix-50-grammes\/#primaryimage","url":"https:\/\/dutchmicrodosing.com\/wp-content\/uploads\/2025\/10\/Forest-Dreams.jpg","contentUrl":"https:\/\/dutchmicrodosing.com\/wp-content\/uploads\/2025\/10\/Forest-Dreams.jpg","width":1000,"height":1000},{"@type":"BreadcrumbList","@id":"https:\/\/dutchmicrodosing.com\/fr\/herbes-botaniques\/herbes-a-reves\/forest-dreams-mix-50-grammes\/#breadcrumb","itemListElement":[{"@type":"ListItem","position":1,"name":"Home","item":"https:\/\/dutchmicrodosing.com\/fr\/"},{"@type":"ListItem","position":2,"name":"Boutique","item":"https:\/\/dutchmicrodosing.com\/fr\/boutique\/"},{"@type":"ListItem","position":3,"name":"Forest Dreams Mix &#8211; 50 grammes"}]},{"@type":"WebSite","@id":"https:\/\/dutchmicrodosing.com\/fr\/#website","url":"https:\/\/dutchmicrodosing.com\/fr\/","name":"Dutchmicrodosing","description":"","publisher":{"@id":"https:\/\/dutchmicrodosing.com\/fr\/#organization"},"potentialAction":[{"@type":"SearchAction","target":{"@type":"EntryPoint","urlTemplate":"https:\/\/dutchmicrodosing.com\/fr\/?s={search_term_string}"},"query-input":{"@type":"PropertyValueSpecification","valueRequired":true,"valueName":"search_term_string"}}],"inLanguage":"fr-FR"},{"@type":"Organization","@id":"https:\/\/dutchmicrodosing.com\/fr\/#organization","name":"Dutchmicrodosing","url":"https:\/\/dutchmicrodosing.com\/fr\/","logo":{"@type":"ImageObject","inLanguage":"fr-FR","@id":"https:\/\/dutchmicrodosing.com\/fr\/#\/schema\/logo\/image\/","url":"https:\/\/dutchmicrodosing.com\/wp-content\/uploads\/2021\/01\/microdosing-categorie-pic-nieuw.jpg","contentUrl":"https:\/\/dutchmicrodosing.com\/wp-content\/uploads\/2021\/01\/microdosing-categorie-pic-nieuw.jpg","width":500,"height":500,"caption":"Dutchmicrodosing"},"image":{"@id":"https:\/\/dutchmicrodosing.com\/fr\/#\/schema\/logo\/image\/"},"sameAs":["https:\/\/www.facebook.com\/Dutchmicrodosingxp\/","https:\/\/www.instagram.com\/dutchmicrodosing\/"]}]},"product_price_amount":"8.50","product_price_currency":"EUR","og_availability":"instock","product_availability":"instock","product_retailer_item_id":"2208513","product_condition":"new"},"_links":{"self":[{"href":"https:\/\/dutchmicrodosing.com\/fr\/wp-json\/wp\/v2\/product\/60170","targetHints":{"allow":["GET"]}}],"collection":[{"href":"https:\/\/dutchmicrodosing.com\/fr\/wp-json\/wp\/v2\/product"}],"about":[{"href":"https:\/\/dutchmicrodosing.com\/fr\/wp-json\/wp\/v2\/types\/product"}],"replies":[{"embeddable":true,"href":"https:\/\/dutchmicrodosing.com\/fr\/wp-json\/wp\/v2\/comments?post=60170"}],"version-history":[{"count":1,"href":"https:\/\/dutchmicrodosing.com\/fr\/wp-json\/wp\/v2\/product\/60170\/revisions"}],"predecessor-version":[{"id":61504,"href":"https:\/\/dutchmicrodosing.com\/fr\/wp-json\/wp\/v2\/product\/60170\/revisions\/61504"}],"wp:featuredmedia":[{"embeddable":true,"href":"https:\/\/dutchmicrodosing.com\/fr\/wp-json\/wp\/v2\/media\/60172"}],"wp:attachment":[{"href":"https:\/\/dutchmicrodosing.com\/fr\/wp-json\/wp\/v2\/media?parent=60170"}],"wp:term":[{"taxonomy":"product_brand","embeddable":true,"href":"https:\/\/dutchmicrodosing.com\/fr\/wp-json\/wp\/v2\/product_brand?post=60170"},{"taxonomy":"product_cat","embeddable":true,"href":"https:\/\/dutchmicrodosing.com\/fr\/wp-json\/wp\/v2\/product_cat?post=60170"},{"taxonomy":"product_tag","embeddable":true,"href":"https:\/\/dutchmicrodosing.com\/fr\/wp-json\/wp\/v2\/product_tag?post=60170"}],"curies":[{"name":"wp","href":"https:\/\/api.w.org\/{rel}","templated":true}]}}