{"id":60189,"date":"2025-10-31T13:21:13","date_gmt":"2025-10-31T12:21:13","guid":{"rendered":"https:\/\/dutchmicrodosing.com\/shop\/non%20class\u00e9\/african-dream-root-5-grammes\/"},"modified":"2026-02-04T21:37:40","modified_gmt":"2026-02-04T20:37:40","slug":"african-dream-root-5-grammes","status":"publish","type":"product","link":"https:\/\/dutchmicrodosing.com\/fr\/herbes-botaniques\/herbes-a-reves\/african-dream-root-5-grammes\/","title":{"rendered":"African Dream Root &#8211; 5 grammes"},"content":{"rendered":"<p><strong>African Dream Root &#8211; 5 grammes<\/strong> (Silene Capensis) est une plante unique qui joue un r\u00f4le important dans les traditions de la tribu Xhosa en Afrique du Sud depuis des g\u00e9n\u00e9rations. Cette racine particuli\u00e8re est connue pour son utilisation lors de rituels spirituels o\u00f9 les r\u00eaves sont au centre. Beaucoup de personnes appr\u00e9cient cette racine pour les exp\u00e9riences de r\u00eave intenses et souvent remarquables qui peuvent l&rsquo;accompagner. Un ajout fascinant pour ceux qui aiment se plonger dans le monde des r\u00eaves lucides.<\/p>\n<h3>Caract\u00e9ristiques<\/h3>\n<ul>\n<li>Originaire de l&rsquo;est de l&rsquo;Afrique du Sud<\/li>\n<li>Populaire aupr\u00e8s des amateurs de r\u00eaves lucides ou conscients<\/li>\n<li>Souvent utilis\u00e9e dans les rituels du soir avant le coucher<\/li>\n<li>Peut contribuer \u00e0 une connexion plus profonde avec le monde des r\u00eaves<\/li>\n<\/ul>\n<h3>Ingr\u00e9dients et\/ou composition<\/h3>\n<p>100 % racine de r\u00eave africaine (Silene Capensis)<br \/>\nContient naturellement des saponines triterp\u00e9no\u00efdes<\/p>\n<h3>Utilisation<\/h3>\n<p>Il y a deux fa\u00e7ons traditionnelles d&rsquo;utiliser la racine de r\u00eave :<\/p>\n<ol>\n<li><strong>En g\u00e9lules<\/strong><br \/>\nBroie la racine en poudre fine et remplis des g\u00e9lules avec. Le dosage recommand\u00e9 se situe entre 500 mg et 3 grammes par jour, pendant 3 \u00e0 5 jours cons\u00e9cutifs.<\/li>\n<li><strong>En boisson (m\u00e9thode traditionnelle)<\/strong><br \/>\nBroie la racine en poudre et ajoute une cuill\u00e8re \u00e0 soupe \u00e0 un demi-litre d&rsquo;eau. Bats ce m\u00e9lange jusqu&rsquo;\u00e0 ce qu&rsquo;il mousse. Bois ensuite lentement la mousse jusqu&rsquo;\u00e0 ce que tu aies une sensation de l\u00e9g\u00e8re sati\u00e9t\u00e9. Le meilleur moment pour faire cela est \u00e0 jeun, juste avant le coucher.<\/li>\n<\/ol>\n<p><strong>Attention :<\/strong> l&rsquo;effet ne se situe pas dans le moment de la prise juste avant le coucher, mais dans l&rsquo;accumulation de la substance dans ton syst\u00e8me. Tu la prends donc le matin, mais tu remarques l&rsquo;effet surtout pendant les r\u00eaves la nuit.<\/p>\n<h3>Contenu<\/h3>\n<p>5 grammes d&rsquo;African Dream Root (racine de r\u00eave) (Silene Capensis)<\/p>\n<h3>Avis de non-responsabilit\u00e9<\/h3>\n<p><em>Le contenu de ce texte est fourni \u00e0 titre d&rsquo;information uniquement et ne remplace pas les conseils d&rsquo;un professionnel. Ce produit n&rsquo;est pas un m\u00e9dicament et n&rsquo;est pas destin\u00e9 \u00e0 diagnostiquer, traiter ou gu\u00e9rir une quelconque condition m\u00e9dicale.<\/em><\/p>\n","protected":false},"excerpt":{"rendered":"<p>African Dream Root &#8211; 5 grammes (Silene Capensis) est une plante unique qui joue un r\u00f4le important dans les traditions de la tribu Xhosa en Afrique du Sud depuis des g\u00e9n\u00e9rations. Cette racine particuli\u00e8re est connue pour son utilisation lors de rituels spirituels o\u00f9 les r\u00eaves sont au centre. Beaucoup de personnes appr\u00e9cient cette racine [&hellip;]<\/p>\n","protected":false},"featured_media":61483,"comment_status":"closed","ping_status":"closed","template":"","meta":[],"product_brand":[],"product_cat":[644],"product_tag":[],"class_list":{"0":"post-60189","1":"product","2":"type-product","3":"status-publish","4":"has-post-thumbnail","6":"product_cat-herbes-a-reves","8":"first","9":"instock","10":"taxable","11":"shipping-taxable","12":"purchasable","13":"product-type-simple"},"yoast_head":"<!-- This site is optimized with the Yoast SEO Premium plugin v26.4 (Yoast SEO v27.4) - https:\/\/yoast.com\/product\/yoast-seo-premium-wordpress\/ -->\n<title>African Dream Root - 5 grammes - Dutchmicrodosing<\/title>\n<meta name=\"description\" content=\"D\u00e9couvre la puissance de la Racine de R\u00eave Africaine (Silene Capensis). Deze traditionele Zuid-Afrikaanse wortel wordt gebruikt voor diepe, bewuste droomervaringen...\" \/>\n<meta name=\"robots\" content=\"index, follow, max-snippet:-1, max-image-preview:large, max-video-preview:-1\" \/>\n<link rel=\"canonical\" href=\"https:\/\/dutchmicrodosing.com\/fr\/herbes-botaniques\/herbes-a-reves\/african-dream-root-5-grammes\/\" \/>\n<meta property=\"og:locale\" content=\"fr_FR\" \/>\n<meta property=\"og:type\" content=\"article\" \/>\n<meta property=\"og:title\" content=\"African Dream Root - 5 grammes\" \/>\n<meta property=\"og:description\" content=\"African Dream Root - 5 grammes (Silene Capensis) est une plante unique qui joue un r\u00f4le important dans les traditions de la tribu Xhosa en Afrique du Sud\" \/>\n<meta property=\"og:url\" content=\"https:\/\/dutchmicrodosing.com\/fr\/herbes-botaniques\/herbes-a-reves\/african-dream-root-5-grammes\/\" \/>\n<meta property=\"og:site_name\" content=\"Dutchmicrodosing\" \/>\n<meta property=\"article:publisher\" content=\"https:\/\/www.facebook.com\/Dutchmicrodosingxp\/\" \/>\n<meta property=\"article:modified_time\" content=\"2026-02-04T20:37:40+00:00\" \/>\n<meta property=\"og:image\" content=\"https:\/\/dutchmicrodosing.com\/wp-content\/uploads\/2025\/10\/dreamherb.jpg\" \/>\n\t<meta property=\"og:image:width\" content=\"1024\" \/>\n\t<meta property=\"og:image:height\" content=\"1024\" \/>\n\t<meta property=\"og:image:type\" content=\"image\/jpeg\" \/>\n<meta name=\"twitter:card\" content=\"summary_large_image\" \/>\n<script type=\"application\/ld+json\" class=\"yoast-schema-graph\">{\"@context\":\"https:\\\/\\\/schema.org\",\"@graph\":[{\"@type\":\"WebPage\",\"@id\":\"https:\\\/\\\/dutchmicrodosing.com\\\/fr\\\/herbes-botaniques\\\/herbes-a-reves\\\/african-dream-root-5-grammes\\\/\",\"url\":\"https:\\\/\\\/dutchmicrodosing.com\\\/fr\\\/herbes-botaniques\\\/herbes-a-reves\\\/african-dream-root-5-grammes\\\/\",\"name\":\"African Dream Root - 5 grammes - Dutchmicrodosing\",\"isPartOf\":{\"@id\":\"https:\\\/\\\/dutchmicrodosing.com\\\/fr\\\/#website\"},\"primaryImageOfPage\":{\"@id\":\"https:\\\/\\\/dutchmicrodosing.com\\\/fr\\\/herbes-botaniques\\\/herbes-a-reves\\\/african-dream-root-5-grammes\\\/#primaryimage\"},\"image\":{\"@id\":\"https:\\\/\\\/dutchmicrodosing.com\\\/fr\\\/herbes-botaniques\\\/herbes-a-reves\\\/african-dream-root-5-grammes\\\/#primaryimage\"},\"thumbnailUrl\":\"https:\\\/\\\/dutchmicrodosing.com\\\/wp-content\\\/uploads\\\/2025\\\/10\\\/dreamherb.jpg\",\"datePublished\":\"2025-10-31T12:21:13+00:00\",\"dateModified\":\"2026-02-04T20:37:40+00:00\",\"description\":\"D\u00e9couvre la puissance de la Racine de R\u00eave Africaine (Silene Capensis). Deze traditionele Zuid-Afrikaanse wortel wordt gebruikt voor diepe, bewuste droomervaringen...\",\"breadcrumb\":{\"@id\":\"https:\\\/\\\/dutchmicrodosing.com\\\/fr\\\/herbes-botaniques\\\/herbes-a-reves\\\/african-dream-root-5-grammes\\\/#breadcrumb\"},\"inLanguage\":\"fr-FR\",\"potentialAction\":[{\"@type\":\"ReadAction\",\"target\":[\"https:\\\/\\\/dutchmicrodosing.com\\\/fr\\\/herbes-botaniques\\\/herbes-a-reves\\\/african-dream-root-5-grammes\\\/\"]}]},{\"@type\":\"ImageObject\",\"inLanguage\":\"fr-FR\",\"@id\":\"https:\\\/\\\/dutchmicrodosing.com\\\/fr\\\/herbes-botaniques\\\/herbes-a-reves\\\/african-dream-root-5-grammes\\\/#primaryimage\",\"url\":\"https:\\\/\\\/dutchmicrodosing.com\\\/wp-content\\\/uploads\\\/2025\\\/10\\\/dreamherb.jpg\",\"contentUrl\":\"https:\\\/\\\/dutchmicrodosing.com\\\/wp-content\\\/uploads\\\/2025\\\/10\\\/dreamherb.jpg\",\"width\":1024,\"height\":1024},{\"@type\":\"BreadcrumbList\",\"@id\":\"https:\\\/\\\/dutchmicrodosing.com\\\/fr\\\/herbes-botaniques\\\/herbes-a-reves\\\/african-dream-root-5-grammes\\\/#breadcrumb\",\"itemListElement\":[{\"@type\":\"ListItem\",\"position\":1,\"name\":\"Home\",\"item\":\"https:\\\/\\\/dutchmicrodosing.com\\\/fr\\\/\"},{\"@type\":\"ListItem\",\"position\":2,\"name\":\"Boutique\",\"item\":\"https:\\\/\\\/dutchmicrodosing.com\\\/fr\\\/boutique\\\/\"},{\"@type\":\"ListItem\",\"position\":3,\"name\":\"African Dream Root &#8211; 5 grammes\"}]},{\"@type\":\"WebSite\",\"@id\":\"https:\\\/\\\/dutchmicrodosing.com\\\/fr\\\/#website\",\"url\":\"https:\\\/\\\/dutchmicrodosing.com\\\/fr\\\/\",\"name\":\"Dutchmicrodosing\",\"description\":\"\",\"publisher\":{\"@id\":\"https:\\\/\\\/dutchmicrodosing.com\\\/fr\\\/#organization\"},\"potentialAction\":[{\"@type\":\"SearchAction\",\"target\":{\"@type\":\"EntryPoint\",\"urlTemplate\":\"https:\\\/\\\/dutchmicrodosing.com\\\/fr\\\/?s={search_term_string}\"},\"query-input\":{\"@type\":\"PropertyValueSpecification\",\"valueRequired\":true,\"valueName\":\"search_term_string\"}}],\"inLanguage\":\"fr-FR\"},{\"@type\":\"Organization\",\"@id\":\"https:\\\/\\\/dutchmicrodosing.com\\\/fr\\\/#organization\",\"name\":\"Dutchmicrodosing\",\"url\":\"https:\\\/\\\/dutchmicrodosing.com\\\/fr\\\/\",\"logo\":{\"@type\":\"ImageObject\",\"inLanguage\":\"fr-FR\",\"@id\":\"https:\\\/\\\/dutchmicrodosing.com\\\/fr\\\/#\\\/schema\\\/logo\\\/image\\\/\",\"url\":\"https:\\\/\\\/dutchmicrodosing.com\\\/wp-content\\\/uploads\\\/2021\\\/01\\\/microdosing-categorie-pic-nieuw.jpg\",\"contentUrl\":\"https:\\\/\\\/dutchmicrodosing.com\\\/wp-content\\\/uploads\\\/2021\\\/01\\\/microdosing-categorie-pic-nieuw.jpg\",\"width\":500,\"height\":500,\"caption\":\"Dutchmicrodosing\"},\"image\":{\"@id\":\"https:\\\/\\\/dutchmicrodosing.com\\\/fr\\\/#\\\/schema\\\/logo\\\/image\\\/\"},\"sameAs\":[\"https:\\\/\\\/www.facebook.com\\\/Dutchmicrodosingxp\\\/\",\"https:\\\/\\\/www.instagram.com\\\/dutchmicrodosing\\\/\"]}]}<\/script>\n<meta property=\"product:price:amount\" content=\"9.95\" \/>\n<meta property=\"product:price:currency\" content=\"EUR\" \/>\n<meta property=\"og:availability\" content=\"instock\" \/>\n<meta property=\"product:availability\" content=\"instock\" \/>\n<meta property=\"product:retailer_item_id\" content=\"0206647\" \/>\n<meta property=\"product:condition\" content=\"new\" \/>\n<!-- \/ Yoast SEO Premium plugin. -->","yoast_head_json":{"title":"African Dream Root - 5 grammes - Dutchmicrodosing","description":"D\u00e9couvre la puissance de la Racine de R\u00eave Africaine (Silene Capensis). Deze traditionele Zuid-Afrikaanse wortel wordt gebruikt voor diepe, bewuste droomervaringen...","robots":{"index":"index","follow":"follow","max-snippet":"max-snippet:-1","max-image-preview":"max-image-preview:large","max-video-preview":"max-video-preview:-1"},"canonical":"https:\/\/dutchmicrodosing.com\/fr\/herbes-botaniques\/herbes-a-reves\/african-dream-root-5-grammes\/","og_locale":"fr_FR","og_type":"article","og_title":"African Dream Root - 5 grammes","og_description":"African Dream Root - 5 grammes (Silene Capensis) est une plante unique qui joue un r\u00f4le important dans les traditions de la tribu Xhosa en Afrique du Sud","og_url":"https:\/\/dutchmicrodosing.com\/fr\/herbes-botaniques\/herbes-a-reves\/african-dream-root-5-grammes\/","og_site_name":"Dutchmicrodosing","article_publisher":"https:\/\/www.facebook.com\/Dutchmicrodosingxp\/","article_modified_time":"2026-02-04T20:37:40+00:00","og_image":[{"width":1024,"height":1024,"url":"https:\/\/dutchmicrodosing.com\/wp-content\/uploads\/2025\/10\/dreamherb.jpg","type":"image\/jpeg"}],"twitter_card":"summary_large_image","schema":{"@context":"https:\/\/schema.org","@graph":[{"@type":"WebPage","@id":"https:\/\/dutchmicrodosing.com\/fr\/herbes-botaniques\/herbes-a-reves\/african-dream-root-5-grammes\/","url":"https:\/\/dutchmicrodosing.com\/fr\/herbes-botaniques\/herbes-a-reves\/african-dream-root-5-grammes\/","name":"African Dream Root - 5 grammes - Dutchmicrodosing","isPartOf":{"@id":"https:\/\/dutchmicrodosing.com\/fr\/#website"},"primaryImageOfPage":{"@id":"https:\/\/dutchmicrodosing.com\/fr\/herbes-botaniques\/herbes-a-reves\/african-dream-root-5-grammes\/#primaryimage"},"image":{"@id":"https:\/\/dutchmicrodosing.com\/fr\/herbes-botaniques\/herbes-a-reves\/african-dream-root-5-grammes\/#primaryimage"},"thumbnailUrl":"https:\/\/dutchmicrodosing.com\/wp-content\/uploads\/2025\/10\/dreamherb.jpg","datePublished":"2025-10-31T12:21:13+00:00","dateModified":"2026-02-04T20:37:40+00:00","description":"D\u00e9couvre la puissance de la Racine de R\u00eave Africaine (Silene Capensis). Deze traditionele Zuid-Afrikaanse wortel wordt gebruikt voor diepe, bewuste droomervaringen...","breadcrumb":{"@id":"https:\/\/dutchmicrodosing.com\/fr\/herbes-botaniques\/herbes-a-reves\/african-dream-root-5-grammes\/#breadcrumb"},"inLanguage":"fr-FR","potentialAction":[{"@type":"ReadAction","target":["https:\/\/dutchmicrodosing.com\/fr\/herbes-botaniques\/herbes-a-reves\/african-dream-root-5-grammes\/"]}]},{"@type":"ImageObject","inLanguage":"fr-FR","@id":"https:\/\/dutchmicrodosing.com\/fr\/herbes-botaniques\/herbes-a-reves\/african-dream-root-5-grammes\/#primaryimage","url":"https:\/\/dutchmicrodosing.com\/wp-content\/uploads\/2025\/10\/dreamherb.jpg","contentUrl":"https:\/\/dutchmicrodosing.com\/wp-content\/uploads\/2025\/10\/dreamherb.jpg","width":1024,"height":1024},{"@type":"BreadcrumbList","@id":"https:\/\/dutchmicrodosing.com\/fr\/herbes-botaniques\/herbes-a-reves\/african-dream-root-5-grammes\/#breadcrumb","itemListElement":[{"@type":"ListItem","position":1,"name":"Home","item":"https:\/\/dutchmicrodosing.com\/fr\/"},{"@type":"ListItem","position":2,"name":"Boutique","item":"https:\/\/dutchmicrodosing.com\/fr\/boutique\/"},{"@type":"ListItem","position":3,"name":"African Dream Root &#8211; 5 grammes"}]},{"@type":"WebSite","@id":"https:\/\/dutchmicrodosing.com\/fr\/#website","url":"https:\/\/dutchmicrodosing.com\/fr\/","name":"Dutchmicrodosing","description":"","publisher":{"@id":"https:\/\/dutchmicrodosing.com\/fr\/#organization"},"potentialAction":[{"@type":"SearchAction","target":{"@type":"EntryPoint","urlTemplate":"https:\/\/dutchmicrodosing.com\/fr\/?s={search_term_string}"},"query-input":{"@type":"PropertyValueSpecification","valueRequired":true,"valueName":"search_term_string"}}],"inLanguage":"fr-FR"},{"@type":"Organization","@id":"https:\/\/dutchmicrodosing.com\/fr\/#organization","name":"Dutchmicrodosing","url":"https:\/\/dutchmicrodosing.com\/fr\/","logo":{"@type":"ImageObject","inLanguage":"fr-FR","@id":"https:\/\/dutchmicrodosing.com\/fr\/#\/schema\/logo\/image\/","url":"https:\/\/dutchmicrodosing.com\/wp-content\/uploads\/2021\/01\/microdosing-categorie-pic-nieuw.jpg","contentUrl":"https:\/\/dutchmicrodosing.com\/wp-content\/uploads\/2021\/01\/microdosing-categorie-pic-nieuw.jpg","width":500,"height":500,"caption":"Dutchmicrodosing"},"image":{"@id":"https:\/\/dutchmicrodosing.com\/fr\/#\/schema\/logo\/image\/"},"sameAs":["https:\/\/www.facebook.com\/Dutchmicrodosingxp\/","https:\/\/www.instagram.com\/dutchmicrodosing\/"]}]},"product_price_amount":"9.95","product_price_currency":"EUR","og_availability":"instock","product_availability":"instock","product_retailer_item_id":"0206647","product_condition":"new"},"_links":{"self":[{"href":"https:\/\/dutchmicrodosing.com\/fr\/wp-json\/wp\/v2\/product\/60189","targetHints":{"allow":["GET"]}}],"collection":[{"href":"https:\/\/dutchmicrodosing.com\/fr\/wp-json\/wp\/v2\/product"}],"about":[{"href":"https:\/\/dutchmicrodosing.com\/fr\/wp-json\/wp\/v2\/types\/product"}],"replies":[{"embeddable":true,"href":"https:\/\/dutchmicrodosing.com\/fr\/wp-json\/wp\/v2\/comments?post=60189"}],"version-history":[{"count":1,"href":"https:\/\/dutchmicrodosing.com\/fr\/wp-json\/wp\/v2\/product\/60189\/revisions"}],"predecessor-version":[{"id":61464,"href":"https:\/\/dutchmicrodosing.com\/fr\/wp-json\/wp\/v2\/product\/60189\/revisions\/61464"}],"wp:featuredmedia":[{"embeddable":true,"href":"https:\/\/dutchmicrodosing.com\/fr\/wp-json\/wp\/v2\/media\/61483"}],"wp:attachment":[{"href":"https:\/\/dutchmicrodosing.com\/fr\/wp-json\/wp\/v2\/media?parent=60189"}],"wp:term":[{"taxonomy":"product_brand","embeddable":true,"href":"https:\/\/dutchmicrodosing.com\/fr\/wp-json\/wp\/v2\/product_brand?post=60189"},{"taxonomy":"product_cat","embeddable":true,"href":"https:\/\/dutchmicrodosing.com\/fr\/wp-json\/wp\/v2\/product_cat?post=60189"},{"taxonomy":"product_tag","embeddable":true,"href":"https:\/\/dutchmicrodosing.com\/fr\/wp-json\/wp\/v2\/product_tag?post=60189"}],"curies":[{"name":"wp","href":"https:\/\/api.w.org\/{rel}","templated":true}]}}