{"id":60960,"date":"2025-11-05T08:42:56","date_gmt":"2025-11-05T07:42:56","guid":{"rendered":"https:\/\/dutchmicrodosing.com\/shop\/non%20class\u00e9\/kit-de-culture-waikiki-waves\/"},"modified":"2025-11-24T16:27:02","modified_gmt":"2025-11-24T15:27:02","slug":"kit-de-culture-waikiki-waves","status":"publish","type":"product","link":"https:\/\/dutchmicrodosing.com\/fr\/champignons-magiques\/kit-de-culture-all-in-one\/kit-de-culture-waikiki-waves\/","title":{"rendered":"Kit de culture Waikiki Waves"},"content":{"rendered":"<p>Le <strong>Waikiki Waves Growkit (1200cc)<\/strong> apporte une touche de magie tropicale \u00e0 votre espace de culture. Cet hybride unique, issu du Psilocybe Anoi, est connu pour ses visuels \u00e9clatants et ses exp\u00e9riences int\u00e9rieures profondes. Parfait pour ceux qui souhaitent combiner cr\u00e9ativit\u00e9 et introspection dans un cadre d\u00e9tendu, directement depuis chez eux.<\/p>\n<h3>Caract\u00e9ristiques<\/h3>\n<p>Ce kit de culture tout-en-un de McSmart contient tout ce dont vous avez besoin pour d\u00e9marrer imm\u00e9diatement :<\/p>\n<ul>\n<li>Bo\u00eete de culture de 1200cc avec du myc\u00e9lium<\/li>\n<li>Sac de culture avec filtres \u00e0 air<\/li>\n<li>Deux trombones<\/li>\n<\/ul>\n<p>Ajoutez simplement de l&rsquo;eau et accordez-lui un peu d&rsquo;attention affectueuse. Dans des conditions id\u00e9ales, le kit produit en moyenne 2 \u00e0 3 flushes, soit environ 300 \u00e0 400 grammes de champignons hallucinog\u00e8nes frais. Le Waikiki Waves est connu pour son flair tropical et sa profondeur spirituelle \u2013 comme si vous surfiez doucement sur une vague de conscience.<\/p>\n<h3>Ingr\u00e9dients et\/ou composition<\/h3>\n<ul>\n<li>Spores de Psilocybe Anoi (hybride)<\/li>\n<li>Substrat st\u00e9rile avec myc\u00e9lium<\/li>\n<li>Sac de culture avec filtres \u00e0 air<\/li>\n<li>Trombones<\/li>\n<\/ul>\n<h3>Utilisation<\/h3>\n<p>Suivez attentivement les instructions fournies pour obtenir les meilleurs r\u00e9sultats. Conservez le growkit entre 2 et 4 \u00b0C si vous ne commencez pas tout de suite. Une fois que vous l&rsquo;activez, le processus de croissance commence g\u00e9n\u00e9ralement en quelques jours.<\/p>\n<p>Assure-toi de :<\/p>\n<ul>\n<li>Un environnement hygi\u00e9nique<\/li>\n<li>Suffisamment de lumi\u00e8re du jour (pas de lumi\u00e8re directe du soleil)<\/li>\n<li>Une temp\u00e9rature constante entre 20 et 25 \u00b0C<\/li>\n<\/ul>\n<p>Apr\u00e8s le premier flush, vous pouvez souvent vous attendre \u00e0 1 ou 2 flushes suppl\u00e9mentaires.<\/p>\n<p><strong>T\u00c9L\u00c9CHARGER ICI : <a href=\"https:\/\/dutchmicrodosing.com\/fr\/growkit_manual\/\">Manuel du kit de culture tout-en-un Waikiki Waves<\/a><\/strong><\/p>\n<p><strong>Conseil :<\/strong> Vous remarquez que le substrat commence \u00e0 r\u00e9tr\u00e9cir ou \u00e0 se d\u00e9tacher des bords ? Ajoutez alors un petit verre d&rsquo;eau dans le r\u00e9cipient. Assurez-vous que l&rsquo;eau ne touche pas le substrat \u2013 laissez environ 1 \u00e0 2 cm d&rsquo;espace libre. Ainsi, l&rsquo;\u00e9quilibre hydrique reste optimal sans que le substrat ne devienne trop humide.<\/p>\n<h3>Contenu<\/h3>\n<ul>\n<li>Kit de culture de 1200cc avec myc\u00e9lium<\/li>\n<li>Sac de culture avec filtres \u00e0 air<\/li>\n<li>2 trombones<\/li>\n<li>Rendement : en moyenne 300 \u00e0 400 grammes de champignons hallucinog\u00e8nes frais, r\u00e9partis sur plusieurs flushes<\/li>\n<\/ul>\n","protected":false},"excerpt":{"rendered":"<p>Le Waikiki Waves Growkit (1200cc) apporte une touche de magie tropicale \u00e0 votre espace de culture. Cet hybride unique, issu du Psilocybe Anoi, est connu pour ses visuels \u00e9clatants et ses exp\u00e9riences int\u00e9rieures profondes. Parfait pour ceux qui souhaitent combiner cr\u00e9ativit\u00e9 et introspection dans un cadre d\u00e9tendu, directement depuis chez eux. Caract\u00e9ristiques Ce kit de [&hellip;]<\/p>\n","protected":false},"featured_media":60964,"comment_status":"closed","ping_status":"closed","template":"","meta":[],"product_brand":[],"product_cat":[211],"product_tag":[],"class_list":{"0":"post-60960","1":"product","2":"type-product","3":"status-publish","4":"has-post-thumbnail","6":"product_cat-kit-de-culture-all-in-one","8":"first","9":"instock","10":"taxable","11":"shipping-taxable","12":"purchasable","13":"product-type-simple"},"yoast_head":"<!-- This site is optimized with the Yoast SEO Premium plugin v26.4 (Yoast SEO v27.2) - https:\/\/yoast.com\/product\/yoast-seo-premium-wordpress\/ -->\n<title>Kit de culture Waikiki Waves - Dutchmicrodosing<\/title>\n<meta name=\"description\" content=\"Le Waikiki Waves Growkit est un kit de culture complet et facile \u00e0 utiliser pour cultiver vous-m\u00eame des champignons hallucinog\u00e8nes. Fiable, efficace et livr\u00e9 rapidement !\" \/>\n<meta name=\"robots\" content=\"index, follow, max-snippet:-1, max-image-preview:large, max-video-preview:-1\" \/>\n<link rel=\"canonical\" href=\"https:\/\/dutchmicrodosing.com\/fr\/champignons-magiques\/kit-de-culture-all-in-one\/kit-de-culture-waikiki-waves\/\" \/>\n<meta property=\"og:locale\" content=\"fr_FR\" \/>\n<meta property=\"og:type\" content=\"article\" \/>\n<meta property=\"og:title\" content=\"Kit de culture Waikiki Waves\" \/>\n<meta property=\"og:description\" content=\"Le Waikiki Waves Growkit (1200cc) apporte une touche de magie tropicale \u00e0 votre espace de culture. Cet hybride unique, issu du Psilocybe Anoi, est connu\" \/>\n<meta property=\"og:url\" content=\"https:\/\/dutchmicrodosing.com\/fr\/champignons-magiques\/kit-de-culture-all-in-one\/kit-de-culture-waikiki-waves\/\" \/>\n<meta property=\"og:site_name\" content=\"Dutchmicrodosing\" \/>\n<meta property=\"article:publisher\" content=\"https:\/\/www.facebook.com\/Dutchmicrodosingxp\/\" \/>\n<meta property=\"article:modified_time\" content=\"2025-11-24T15:27:02+00:00\" \/>\n<meta property=\"og:image\" content=\"https:\/\/dutchmicrodosing.com\/wp-content\/uploads\/2025\/11\/Waikiki2-2.jpg\" \/>\n\t<meta property=\"og:image:width\" content=\"1000\" \/>\n\t<meta property=\"og:image:height\" content=\"1000\" \/>\n\t<meta property=\"og:image:type\" content=\"image\/jpeg\" \/>\n<meta name=\"twitter:card\" content=\"summary_large_image\" \/>\n<script type=\"application\/ld+json\" class=\"yoast-schema-graph\">{\"@context\":\"https:\/\/schema.org\",\"@graph\":[{\"@type\":\"WebPage\",\"@id\":\"https:\/\/dutchmicrodosing.com\/fr\/champignons-magiques\/kit-de-culture-all-in-one\/kit-de-culture-waikiki-waves\/\",\"url\":\"https:\/\/dutchmicrodosing.com\/fr\/champignons-magiques\/kit-de-culture-all-in-one\/kit-de-culture-waikiki-waves\/\",\"name\":\"Kit de culture Waikiki Waves - Dutchmicrodosing\",\"isPartOf\":{\"@id\":\"https:\/\/dutchmicrodosing.com\/fr\/#website\"},\"primaryImageOfPage\":{\"@id\":\"https:\/\/dutchmicrodosing.com\/fr\/champignons-magiques\/kit-de-culture-all-in-one\/kit-de-culture-waikiki-waves\/#primaryimage\"},\"image\":{\"@id\":\"https:\/\/dutchmicrodosing.com\/fr\/champignons-magiques\/kit-de-culture-all-in-one\/kit-de-culture-waikiki-waves\/#primaryimage\"},\"thumbnailUrl\":\"https:\/\/dutchmicrodosing.com\/wp-content\/uploads\/2025\/11\/Waikiki2-2.jpg\",\"datePublished\":\"2025-11-05T07:42:56+00:00\",\"dateModified\":\"2025-11-24T15:27:02+00:00\",\"description\":\"Le Waikiki Waves Growkit est un kit de culture complet et facile \u00e0 utiliser pour cultiver vous-m\u00eame des champignons hallucinog\u00e8nes. Fiable, efficace et livr\u00e9 rapidement !\",\"breadcrumb\":{\"@id\":\"https:\/\/dutchmicrodosing.com\/fr\/champignons-magiques\/kit-de-culture-all-in-one\/kit-de-culture-waikiki-waves\/#breadcrumb\"},\"inLanguage\":\"fr-FR\",\"potentialAction\":[{\"@type\":\"ReadAction\",\"target\":[\"https:\/\/dutchmicrodosing.com\/fr\/champignons-magiques\/kit-de-culture-all-in-one\/kit-de-culture-waikiki-waves\/\"]}]},{\"@type\":\"ImageObject\",\"inLanguage\":\"fr-FR\",\"@id\":\"https:\/\/dutchmicrodosing.com\/fr\/champignons-magiques\/kit-de-culture-all-in-one\/kit-de-culture-waikiki-waves\/#primaryimage\",\"url\":\"https:\/\/dutchmicrodosing.com\/wp-content\/uploads\/2025\/11\/Waikiki2-2.jpg\",\"contentUrl\":\"https:\/\/dutchmicrodosing.com\/wp-content\/uploads\/2025\/11\/Waikiki2-2.jpg\",\"width\":1000,\"height\":1000},{\"@type\":\"BreadcrumbList\",\"@id\":\"https:\/\/dutchmicrodosing.com\/fr\/champignons-magiques\/kit-de-culture-all-in-one\/kit-de-culture-waikiki-waves\/#breadcrumb\",\"itemListElement\":[{\"@type\":\"ListItem\",\"position\":1,\"name\":\"Home\",\"item\":\"https:\/\/dutchmicrodosing.com\/fr\/\"},{\"@type\":\"ListItem\",\"position\":2,\"name\":\"Boutique\",\"item\":\"https:\/\/dutchmicrodosing.com\/fr\/boutique\/\"},{\"@type\":\"ListItem\",\"position\":3,\"name\":\"Kit de culture Waikiki Waves\"}]},{\"@type\":\"WebSite\",\"@id\":\"https:\/\/dutchmicrodosing.com\/fr\/#website\",\"url\":\"https:\/\/dutchmicrodosing.com\/fr\/\",\"name\":\"Dutchmicrodosing\",\"description\":\"\",\"publisher\":{\"@id\":\"https:\/\/dutchmicrodosing.com\/fr\/#organization\"},\"potentialAction\":[{\"@type\":\"SearchAction\",\"target\":{\"@type\":\"EntryPoint\",\"urlTemplate\":\"https:\/\/dutchmicrodosing.com\/fr\/?s={search_term_string}\"},\"query-input\":{\"@type\":\"PropertyValueSpecification\",\"valueRequired\":true,\"valueName\":\"search_term_string\"}}],\"inLanguage\":\"fr-FR\"},{\"@type\":\"Organization\",\"@id\":\"https:\/\/dutchmicrodosing.com\/fr\/#organization\",\"name\":\"Dutchmicrodosing\",\"url\":\"https:\/\/dutchmicrodosing.com\/fr\/\",\"logo\":{\"@type\":\"ImageObject\",\"inLanguage\":\"fr-FR\",\"@id\":\"https:\/\/dutchmicrodosing.com\/fr\/#\/schema\/logo\/image\/\",\"url\":\"https:\/\/dutchmicrodosing.com\/wp-content\/uploads\/2021\/01\/microdosing-categorie-pic-nieuw.jpg\",\"contentUrl\":\"https:\/\/dutchmicrodosing.com\/wp-content\/uploads\/2021\/01\/microdosing-categorie-pic-nieuw.jpg\",\"width\":500,\"height\":500,\"caption\":\"Dutchmicrodosing\"},\"image\":{\"@id\":\"https:\/\/dutchmicrodosing.com\/fr\/#\/schema\/logo\/image\/\"},\"sameAs\":[\"https:\/\/www.facebook.com\/Dutchmicrodosingxp\/\",\"https:\/\/www.instagram.com\/dutchmicrodosing\/\"]}]}<\/script>\n<meta property=\"product:price:amount\" content=\"44.95\" \/>\n<meta property=\"product:price:currency\" content=\"EUR\" \/>\n<meta property=\"og:availability\" content=\"instock\" \/>\n<meta property=\"product:availability\" content=\"instock\" \/>\n<meta property=\"product:retailer_item_id\" content=\"5210757\" \/>\n<meta property=\"product:condition\" content=\"new\" \/>\n<!-- \/ Yoast SEO Premium plugin. -->","yoast_head_json":{"title":"Kit de culture Waikiki Waves - Dutchmicrodosing","description":"Le Waikiki Waves Growkit est un kit de culture complet et facile \u00e0 utiliser pour cultiver vous-m\u00eame des champignons hallucinog\u00e8nes. Fiable, efficace et livr\u00e9 rapidement !","robots":{"index":"index","follow":"follow","max-snippet":"max-snippet:-1","max-image-preview":"max-image-preview:large","max-video-preview":"max-video-preview:-1"},"canonical":"https:\/\/dutchmicrodosing.com\/fr\/champignons-magiques\/kit-de-culture-all-in-one\/kit-de-culture-waikiki-waves\/","og_locale":"fr_FR","og_type":"article","og_title":"Kit de culture Waikiki Waves","og_description":"Le Waikiki Waves Growkit (1200cc) apporte une touche de magie tropicale \u00e0 votre espace de culture. Cet hybride unique, issu du Psilocybe Anoi, est connu","og_url":"https:\/\/dutchmicrodosing.com\/fr\/champignons-magiques\/kit-de-culture-all-in-one\/kit-de-culture-waikiki-waves\/","og_site_name":"Dutchmicrodosing","article_publisher":"https:\/\/www.facebook.com\/Dutchmicrodosingxp\/","article_modified_time":"2025-11-24T15:27:02+00:00","og_image":[{"width":1000,"height":1000,"url":"https:\/\/dutchmicrodosing.com\/wp-content\/uploads\/2025\/11\/Waikiki2-2.jpg","type":"image\/jpeg"}],"twitter_card":"summary_large_image","schema":{"@context":"https:\/\/schema.org","@graph":[{"@type":"WebPage","@id":"https:\/\/dutchmicrodosing.com\/fr\/champignons-magiques\/kit-de-culture-all-in-one\/kit-de-culture-waikiki-waves\/","url":"https:\/\/dutchmicrodosing.com\/fr\/champignons-magiques\/kit-de-culture-all-in-one\/kit-de-culture-waikiki-waves\/","name":"Kit de culture Waikiki Waves - Dutchmicrodosing","isPartOf":{"@id":"https:\/\/dutchmicrodosing.com\/fr\/#website"},"primaryImageOfPage":{"@id":"https:\/\/dutchmicrodosing.com\/fr\/champignons-magiques\/kit-de-culture-all-in-one\/kit-de-culture-waikiki-waves\/#primaryimage"},"image":{"@id":"https:\/\/dutchmicrodosing.com\/fr\/champignons-magiques\/kit-de-culture-all-in-one\/kit-de-culture-waikiki-waves\/#primaryimage"},"thumbnailUrl":"https:\/\/dutchmicrodosing.com\/wp-content\/uploads\/2025\/11\/Waikiki2-2.jpg","datePublished":"2025-11-05T07:42:56+00:00","dateModified":"2025-11-24T15:27:02+00:00","description":"Le Waikiki Waves Growkit est un kit de culture complet et facile \u00e0 utiliser pour cultiver vous-m\u00eame des champignons hallucinog\u00e8nes. Fiable, efficace et livr\u00e9 rapidement !","breadcrumb":{"@id":"https:\/\/dutchmicrodosing.com\/fr\/champignons-magiques\/kit-de-culture-all-in-one\/kit-de-culture-waikiki-waves\/#breadcrumb"},"inLanguage":"fr-FR","potentialAction":[{"@type":"ReadAction","target":["https:\/\/dutchmicrodosing.com\/fr\/champignons-magiques\/kit-de-culture-all-in-one\/kit-de-culture-waikiki-waves\/"]}]},{"@type":"ImageObject","inLanguage":"fr-FR","@id":"https:\/\/dutchmicrodosing.com\/fr\/champignons-magiques\/kit-de-culture-all-in-one\/kit-de-culture-waikiki-waves\/#primaryimage","url":"https:\/\/dutchmicrodosing.com\/wp-content\/uploads\/2025\/11\/Waikiki2-2.jpg","contentUrl":"https:\/\/dutchmicrodosing.com\/wp-content\/uploads\/2025\/11\/Waikiki2-2.jpg","width":1000,"height":1000},{"@type":"BreadcrumbList","@id":"https:\/\/dutchmicrodosing.com\/fr\/champignons-magiques\/kit-de-culture-all-in-one\/kit-de-culture-waikiki-waves\/#breadcrumb","itemListElement":[{"@type":"ListItem","position":1,"name":"Home","item":"https:\/\/dutchmicrodosing.com\/fr\/"},{"@type":"ListItem","position":2,"name":"Boutique","item":"https:\/\/dutchmicrodosing.com\/fr\/boutique\/"},{"@type":"ListItem","position":3,"name":"Kit de culture Waikiki Waves"}]},{"@type":"WebSite","@id":"https:\/\/dutchmicrodosing.com\/fr\/#website","url":"https:\/\/dutchmicrodosing.com\/fr\/","name":"Dutchmicrodosing","description":"","publisher":{"@id":"https:\/\/dutchmicrodosing.com\/fr\/#organization"},"potentialAction":[{"@type":"SearchAction","target":{"@type":"EntryPoint","urlTemplate":"https:\/\/dutchmicrodosing.com\/fr\/?s={search_term_string}"},"query-input":{"@type":"PropertyValueSpecification","valueRequired":true,"valueName":"search_term_string"}}],"inLanguage":"fr-FR"},{"@type":"Organization","@id":"https:\/\/dutchmicrodosing.com\/fr\/#organization","name":"Dutchmicrodosing","url":"https:\/\/dutchmicrodosing.com\/fr\/","logo":{"@type":"ImageObject","inLanguage":"fr-FR","@id":"https:\/\/dutchmicrodosing.com\/fr\/#\/schema\/logo\/image\/","url":"https:\/\/dutchmicrodosing.com\/wp-content\/uploads\/2021\/01\/microdosing-categorie-pic-nieuw.jpg","contentUrl":"https:\/\/dutchmicrodosing.com\/wp-content\/uploads\/2021\/01\/microdosing-categorie-pic-nieuw.jpg","width":500,"height":500,"caption":"Dutchmicrodosing"},"image":{"@id":"https:\/\/dutchmicrodosing.com\/fr\/#\/schema\/logo\/image\/"},"sameAs":["https:\/\/www.facebook.com\/Dutchmicrodosingxp\/","https:\/\/www.instagram.com\/dutchmicrodosing\/"]}]},"product_price_amount":"44.95","product_price_currency":"EUR","og_availability":"instock","product_availability":"instock","product_retailer_item_id":"5210757","product_condition":"new"},"_links":{"self":[{"href":"https:\/\/dutchmicrodosing.com\/fr\/wp-json\/wp\/v2\/product\/60960","targetHints":{"allow":["GET"]}}],"collection":[{"href":"https:\/\/dutchmicrodosing.com\/fr\/wp-json\/wp\/v2\/product"}],"about":[{"href":"https:\/\/dutchmicrodosing.com\/fr\/wp-json\/wp\/v2\/types\/product"}],"replies":[{"embeddable":true,"href":"https:\/\/dutchmicrodosing.com\/fr\/wp-json\/wp\/v2\/comments?post=60960"}],"version-history":[{"count":1,"href":"https:\/\/dutchmicrodosing.com\/fr\/wp-json\/wp\/v2\/product\/60960\/revisions"}],"predecessor-version":[{"id":62732,"href":"https:\/\/dutchmicrodosing.com\/fr\/wp-json\/wp\/v2\/product\/60960\/revisions\/62732"}],"wp:featuredmedia":[{"embeddable":true,"href":"https:\/\/dutchmicrodosing.com\/fr\/wp-json\/wp\/v2\/media\/60964"}],"wp:attachment":[{"href":"https:\/\/dutchmicrodosing.com\/fr\/wp-json\/wp\/v2\/media?parent=60960"}],"wp:term":[{"taxonomy":"product_brand","embeddable":true,"href":"https:\/\/dutchmicrodosing.com\/fr\/wp-json\/wp\/v2\/product_brand?post=60960"},{"taxonomy":"product_cat","embeddable":true,"href":"https:\/\/dutchmicrodosing.com\/fr\/wp-json\/wp\/v2\/product_cat?post=60960"},{"taxonomy":"product_tag","embeddable":true,"href":"https:\/\/dutchmicrodosing.com\/fr\/wp-json\/wp\/v2\/product_tag?post=60960"}],"curies":[{"name":"wp","href":"https:\/\/api.w.org\/{rel}","templated":true}]}}