{"id":61340,"date":"2025-11-10T09:30:55","date_gmt":"2025-11-10T08:30:55","guid":{"rendered":"https:\/\/dutchmicrodosing.com\/shop\/non%20class\u00e9\/estragon-mexicain-tagetes-lucida\/"},"modified":"2025-11-30T22:13:58","modified_gmt":"2025-11-30T21:13:58","slug":"estragon-mexicain-tagetes-lucida","status":"publish","type":"product","link":"https:\/\/dutchmicrodosing.com\/fr\/herbes-botaniques\/herbes-a-reves\/estragon-mexicain-tagetes-lucida\/","title":{"rendered":"Estragon mexicain &#8211; Tagetes lucida"},"content":{"rendered":"<p><strong>L&rsquo;estragon mexicain &#8211; Tagetes lucida<\/strong> est une herbe aromatique du Mexique avec une saveur d&rsquo;anis douce et raffin\u00e9e. Depuis des si\u00e8cles, elle est utilis\u00e9e tant dans les cr\u00e9ations culinaires que dans les rituels. Que tu pr\u00e9pares une tasse de tisane parfum\u00e9e ou que tu donnes ce petit plus \u00e0 un plat, cette herbe apporte toujours quelque chose de sp\u00e9cial.<\/p>\n<h3>Caract\u00e9ristiques<\/h3>\n<p>L&rsquo;estragon mexicain provient de la r\u00e9gion montagneuse de la Sierra Madre et se reconna\u00eet \u00e0 ses petites fleurs jaunes et son parfum frais. En cuisine, c&rsquo;est une alternative surprenante \u00e0 l&rsquo;estragon, avec une saveur plus douce. Gr\u00e2ce \u00e0 sa note anis\u00e9e l\u00e9g\u00e8rement sucr\u00e9e, il se marie parfaitement avec le poisson, les l\u00e9gumes ou dans une tisane apaisante. La combinaison de saveur, de tradition et de parfum rend cette herbe unique.<\/p>\n<h3>Ingr\u00e9dients et\/ou composition<\/h3>\n<p>100 % Tagetes lucida (estragon mexicain) s\u00e9ch\u00e9.<\/p>\n<h3>Utilisation<\/h3>\n<p>Utilise environ 1 cuill\u00e8re \u00e0 soupe d&rsquo;herbes par tasse. Laisse infuser pendant environ 10 minutes dans l&rsquo;eau chaude, filtre et bois chaud. Dans les plats, tu peux ajouter de petites quantit\u00e9s pour une saveur anis\u00e9e subtile \u2013 particuli\u00e8rement d\u00e9licieux dans les recettes l\u00e9g\u00e8res et fra\u00eeches.<\/p>\n<h4>Th\u00e9 avant le coucher pour stimuler les r\u00eaves :<\/h4>\n<p>Pr\u00e9pare une tasse de tisane apaisante avec l&rsquo;estragon mexicain :<\/p>\n<ul>\n<li>Utilise 1 cuill\u00e8re \u00e0 soupe d&rsquo;herbe s\u00e9ch\u00e9e<\/li>\n<li>Laisse infuser 10 minutes dans l&rsquo;eau chaude (non bouillante)<\/li>\n<li>Filtre et bois le th\u00e9 environ une demi-heure avant de dormir<\/li>\n<\/ul>\n<p>La douce saveur d&rsquo;anis et l&rsquo;ar\u00f4me chaleureux en font un moment id\u00e9al pour se d\u00e9tendre et se recentrer.<\/p>\n<h3>Contenu<\/h3>\n<p>20 grammes de Tagetes lucida s\u00e9ch\u00e9, emball\u00e9 dans un sachet refermable.<\/p>\n<h3>Avis de non-responsabilit\u00e9<\/h3>\n<p><em>Le contenu de ce texte est fourni \u00e0 titre d&rsquo;information uniquement et ne remplace pas les conseils d&rsquo;un professionnel. Ce produit n&rsquo;est pas un m\u00e9dicament et n&rsquo;est pas destin\u00e9 \u00e0 diagnostiquer, traiter ou gu\u00e9rir une quelconque condition m\u00e9dicale.  <\/em><\/p>\n","protected":false},"excerpt":{"rendered":"<p>L&rsquo;estragon mexicain &#8211; Tagetes lucida est une herbe aromatique du Mexique avec une saveur d&rsquo;anis douce et raffin\u00e9e. Depuis des si\u00e8cles, elle est utilis\u00e9e tant dans les cr\u00e9ations culinaires que dans les rituels. Que tu pr\u00e9pares une tasse de tisane parfum\u00e9e ou que tu donnes ce petit plus \u00e0 un plat, cette herbe apporte toujours [&hellip;]<\/p>\n","protected":false},"featured_media":61341,"comment_status":"closed","ping_status":"closed","template":"","meta":[],"product_brand":[],"product_cat":[644,308],"product_tag":[],"class_list":{"0":"post-61340","1":"product","2":"type-product","3":"status-publish","4":"has-post-thumbnail","6":"product_cat-herbes-a-reves","7":"product_cat-supplements-relaxt","9":"first","10":"instock","11":"taxable","12":"shipping-taxable","13":"purchasable","14":"product-type-simple"},"yoast_head":"<!-- This site is optimized with the Yoast SEO Premium plugin v26.4 (Yoast SEO v27.4) - https:\/\/yoast.com\/product\/yoast-seo-premium-wordpress\/ -->\n<title>Estragon mexicain - Tagetes lucida - Dutchmicrodosing<\/title>\n<meta name=\"description\" content=\"D\u00e9couvre l&#039;estragon mexicain \u2013 une herbe \u00e0 la saveur douce d&#039;anis et riche en tradition mexicaine. Parfait pour le th\u00e9 ou en cuisine. 100 % naturel, 20 grammes.\" \/>\n<meta name=\"robots\" content=\"index, follow, max-snippet:-1, max-image-preview:large, max-video-preview:-1\" \/>\n<link rel=\"canonical\" href=\"https:\/\/dutchmicrodosing.com\/fr\/herbes-botaniques\/herbes-a-reves\/estragon-mexicain-tagetes-lucida\/\" \/>\n<meta property=\"og:locale\" content=\"fr_FR\" \/>\n<meta property=\"og:type\" content=\"article\" \/>\n<meta property=\"og:title\" content=\"Estragon mexicain - Tagetes lucida\" \/>\n<meta property=\"og:description\" content=\"L&#039;estragon mexicain - Tagetes lucida est une herbe aromatique du Mexique avec une saveur d&#039;anis douce et raffin\u00e9e. Depuis des si\u00e8cles, elle est utilis\u00e9e\" \/>\n<meta property=\"og:url\" content=\"https:\/\/dutchmicrodosing.com\/fr\/herbes-botaniques\/herbes-a-reves\/estragon-mexicain-tagetes-lucida\/\" \/>\n<meta property=\"og:site_name\" content=\"Dutchmicrodosing\" \/>\n<meta property=\"article:publisher\" content=\"https:\/\/www.facebook.com\/Dutchmicrodosingxp\/\" \/>\n<meta property=\"article:modified_time\" content=\"2025-11-30T21:13:58+00:00\" \/>\n<meta property=\"og:image\" content=\"https:\/\/dutchmicrodosing.com\/wp-content\/uploads\/2025\/11\/mexican-tarragon-1.jpg\" \/>\n\t<meta property=\"og:image:width\" content=\"1468\" \/>\n\t<meta property=\"og:image:height\" content=\"1807\" \/>\n\t<meta property=\"og:image:type\" content=\"image\/jpeg\" \/>\n<meta name=\"twitter:card\" content=\"summary_large_image\" \/>\n<script type=\"application\/ld+json\" class=\"yoast-schema-graph\">{\"@context\":\"https:\\\/\\\/schema.org\",\"@graph\":[{\"@type\":\"WebPage\",\"@id\":\"https:\\\/\\\/dutchmicrodosing.com\\\/fr\\\/herbes-botaniques\\\/herbes-a-reves\\\/estragon-mexicain-tagetes-lucida\\\/\",\"url\":\"https:\\\/\\\/dutchmicrodosing.com\\\/fr\\\/herbes-botaniques\\\/herbes-a-reves\\\/estragon-mexicain-tagetes-lucida\\\/\",\"name\":\"Estragon mexicain - Tagetes lucida - Dutchmicrodosing\",\"isPartOf\":{\"@id\":\"https:\\\/\\\/dutchmicrodosing.com\\\/fr\\\/#website\"},\"primaryImageOfPage\":{\"@id\":\"https:\\\/\\\/dutchmicrodosing.com\\\/fr\\\/herbes-botaniques\\\/herbes-a-reves\\\/estragon-mexicain-tagetes-lucida\\\/#primaryimage\"},\"image\":{\"@id\":\"https:\\\/\\\/dutchmicrodosing.com\\\/fr\\\/herbes-botaniques\\\/herbes-a-reves\\\/estragon-mexicain-tagetes-lucida\\\/#primaryimage\"},\"thumbnailUrl\":\"https:\\\/\\\/dutchmicrodosing.com\\\/wp-content\\\/uploads\\\/2025\\\/11\\\/mexican-tarragon-1.jpg\",\"datePublished\":\"2025-11-10T08:30:55+00:00\",\"dateModified\":\"2025-11-30T21:13:58+00:00\",\"description\":\"D\u00e9couvre l'estragon mexicain \u2013 une herbe \u00e0 la saveur douce d'anis et riche en tradition mexicaine. Parfait pour le th\u00e9 ou en cuisine. 100 % naturel, 20 grammes.\",\"breadcrumb\":{\"@id\":\"https:\\\/\\\/dutchmicrodosing.com\\\/fr\\\/herbes-botaniques\\\/herbes-a-reves\\\/estragon-mexicain-tagetes-lucida\\\/#breadcrumb\"},\"inLanguage\":\"fr-FR\",\"potentialAction\":[{\"@type\":\"ReadAction\",\"target\":[\"https:\\\/\\\/dutchmicrodosing.com\\\/fr\\\/herbes-botaniques\\\/herbes-a-reves\\\/estragon-mexicain-tagetes-lucida\\\/\"]}]},{\"@type\":\"ImageObject\",\"inLanguage\":\"fr-FR\",\"@id\":\"https:\\\/\\\/dutchmicrodosing.com\\\/fr\\\/herbes-botaniques\\\/herbes-a-reves\\\/estragon-mexicain-tagetes-lucida\\\/#primaryimage\",\"url\":\"https:\\\/\\\/dutchmicrodosing.com\\\/wp-content\\\/uploads\\\/2025\\\/11\\\/mexican-tarragon-1.jpg\",\"contentUrl\":\"https:\\\/\\\/dutchmicrodosing.com\\\/wp-content\\\/uploads\\\/2025\\\/11\\\/mexican-tarragon-1.jpg\",\"width\":1468,\"height\":1807},{\"@type\":\"BreadcrumbList\",\"@id\":\"https:\\\/\\\/dutchmicrodosing.com\\\/fr\\\/herbes-botaniques\\\/herbes-a-reves\\\/estragon-mexicain-tagetes-lucida\\\/#breadcrumb\",\"itemListElement\":[{\"@type\":\"ListItem\",\"position\":1,\"name\":\"Home\",\"item\":\"https:\\\/\\\/dutchmicrodosing.com\\\/fr\\\/\"},{\"@type\":\"ListItem\",\"position\":2,\"name\":\"Boutique\",\"item\":\"https:\\\/\\\/dutchmicrodosing.com\\\/fr\\\/boutique\\\/\"},{\"@type\":\"ListItem\",\"position\":3,\"name\":\"Estragon mexicain &#8211; Tagetes lucida\"}]},{\"@type\":\"WebSite\",\"@id\":\"https:\\\/\\\/dutchmicrodosing.com\\\/fr\\\/#website\",\"url\":\"https:\\\/\\\/dutchmicrodosing.com\\\/fr\\\/\",\"name\":\"Dutchmicrodosing\",\"description\":\"\",\"publisher\":{\"@id\":\"https:\\\/\\\/dutchmicrodosing.com\\\/fr\\\/#organization\"},\"potentialAction\":[{\"@type\":\"SearchAction\",\"target\":{\"@type\":\"EntryPoint\",\"urlTemplate\":\"https:\\\/\\\/dutchmicrodosing.com\\\/fr\\\/?s={search_term_string}\"},\"query-input\":{\"@type\":\"PropertyValueSpecification\",\"valueRequired\":true,\"valueName\":\"search_term_string\"}}],\"inLanguage\":\"fr-FR\"},{\"@type\":\"Organization\",\"@id\":\"https:\\\/\\\/dutchmicrodosing.com\\\/fr\\\/#organization\",\"name\":\"Dutchmicrodosing\",\"url\":\"https:\\\/\\\/dutchmicrodosing.com\\\/fr\\\/\",\"logo\":{\"@type\":\"ImageObject\",\"inLanguage\":\"fr-FR\",\"@id\":\"https:\\\/\\\/dutchmicrodosing.com\\\/fr\\\/#\\\/schema\\\/logo\\\/image\\\/\",\"url\":\"https:\\\/\\\/dutchmicrodosing.com\\\/wp-content\\\/uploads\\\/2021\\\/01\\\/microdosing-categorie-pic-nieuw.jpg\",\"contentUrl\":\"https:\\\/\\\/dutchmicrodosing.com\\\/wp-content\\\/uploads\\\/2021\\\/01\\\/microdosing-categorie-pic-nieuw.jpg\",\"width\":500,\"height\":500,\"caption\":\"Dutchmicrodosing\"},\"image\":{\"@id\":\"https:\\\/\\\/dutchmicrodosing.com\\\/fr\\\/#\\\/schema\\\/logo\\\/image\\\/\"},\"sameAs\":[\"https:\\\/\\\/www.facebook.com\\\/Dutchmicrodosingxp\\\/\",\"https:\\\/\\\/www.instagram.com\\\/dutchmicrodosing\\\/\"]}]}<\/script>\n<meta property=\"product:price:amount\" content=\"6.95\" \/>\n<meta property=\"product:price:currency\" content=\"EUR\" \/>\n<meta property=\"og:availability\" content=\"instock\" \/>\n<meta property=\"product:availability\" content=\"instock\" \/>\n<meta property=\"product:retailer_item_id\" content=\"5211869\" \/>\n<meta property=\"product:condition\" content=\"new\" \/>\n<!-- \/ Yoast SEO Premium plugin. -->","yoast_head_json":{"title":"Estragon mexicain - Tagetes lucida - Dutchmicrodosing","description":"D\u00e9couvre l'estragon mexicain \u2013 une herbe \u00e0 la saveur douce d'anis et riche en tradition mexicaine. Parfait pour le th\u00e9 ou en cuisine. 100 % naturel, 20 grammes.","robots":{"index":"index","follow":"follow","max-snippet":"max-snippet:-1","max-image-preview":"max-image-preview:large","max-video-preview":"max-video-preview:-1"},"canonical":"https:\/\/dutchmicrodosing.com\/fr\/herbes-botaniques\/herbes-a-reves\/estragon-mexicain-tagetes-lucida\/","og_locale":"fr_FR","og_type":"article","og_title":"Estragon mexicain - Tagetes lucida","og_description":"L'estragon mexicain - Tagetes lucida est une herbe aromatique du Mexique avec une saveur d'anis douce et raffin\u00e9e. Depuis des si\u00e8cles, elle est utilis\u00e9e","og_url":"https:\/\/dutchmicrodosing.com\/fr\/herbes-botaniques\/herbes-a-reves\/estragon-mexicain-tagetes-lucida\/","og_site_name":"Dutchmicrodosing","article_publisher":"https:\/\/www.facebook.com\/Dutchmicrodosingxp\/","article_modified_time":"2025-11-30T21:13:58+00:00","og_image":[{"width":1468,"height":1807,"url":"https:\/\/dutchmicrodosing.com\/wp-content\/uploads\/2025\/11\/mexican-tarragon-1.jpg","type":"image\/jpeg"}],"twitter_card":"summary_large_image","schema":{"@context":"https:\/\/schema.org","@graph":[{"@type":"WebPage","@id":"https:\/\/dutchmicrodosing.com\/fr\/herbes-botaniques\/herbes-a-reves\/estragon-mexicain-tagetes-lucida\/","url":"https:\/\/dutchmicrodosing.com\/fr\/herbes-botaniques\/herbes-a-reves\/estragon-mexicain-tagetes-lucida\/","name":"Estragon mexicain - Tagetes lucida - Dutchmicrodosing","isPartOf":{"@id":"https:\/\/dutchmicrodosing.com\/fr\/#website"},"primaryImageOfPage":{"@id":"https:\/\/dutchmicrodosing.com\/fr\/herbes-botaniques\/herbes-a-reves\/estragon-mexicain-tagetes-lucida\/#primaryimage"},"image":{"@id":"https:\/\/dutchmicrodosing.com\/fr\/herbes-botaniques\/herbes-a-reves\/estragon-mexicain-tagetes-lucida\/#primaryimage"},"thumbnailUrl":"https:\/\/dutchmicrodosing.com\/wp-content\/uploads\/2025\/11\/mexican-tarragon-1.jpg","datePublished":"2025-11-10T08:30:55+00:00","dateModified":"2025-11-30T21:13:58+00:00","description":"D\u00e9couvre l'estragon mexicain \u2013 une herbe \u00e0 la saveur douce d'anis et riche en tradition mexicaine. Parfait pour le th\u00e9 ou en cuisine. 100 % naturel, 20 grammes.","breadcrumb":{"@id":"https:\/\/dutchmicrodosing.com\/fr\/herbes-botaniques\/herbes-a-reves\/estragon-mexicain-tagetes-lucida\/#breadcrumb"},"inLanguage":"fr-FR","potentialAction":[{"@type":"ReadAction","target":["https:\/\/dutchmicrodosing.com\/fr\/herbes-botaniques\/herbes-a-reves\/estragon-mexicain-tagetes-lucida\/"]}]},{"@type":"ImageObject","inLanguage":"fr-FR","@id":"https:\/\/dutchmicrodosing.com\/fr\/herbes-botaniques\/herbes-a-reves\/estragon-mexicain-tagetes-lucida\/#primaryimage","url":"https:\/\/dutchmicrodosing.com\/wp-content\/uploads\/2025\/11\/mexican-tarragon-1.jpg","contentUrl":"https:\/\/dutchmicrodosing.com\/wp-content\/uploads\/2025\/11\/mexican-tarragon-1.jpg","width":1468,"height":1807},{"@type":"BreadcrumbList","@id":"https:\/\/dutchmicrodosing.com\/fr\/herbes-botaniques\/herbes-a-reves\/estragon-mexicain-tagetes-lucida\/#breadcrumb","itemListElement":[{"@type":"ListItem","position":1,"name":"Home","item":"https:\/\/dutchmicrodosing.com\/fr\/"},{"@type":"ListItem","position":2,"name":"Boutique","item":"https:\/\/dutchmicrodosing.com\/fr\/boutique\/"},{"@type":"ListItem","position":3,"name":"Estragon mexicain &#8211; Tagetes lucida"}]},{"@type":"WebSite","@id":"https:\/\/dutchmicrodosing.com\/fr\/#website","url":"https:\/\/dutchmicrodosing.com\/fr\/","name":"Dutchmicrodosing","description":"","publisher":{"@id":"https:\/\/dutchmicrodosing.com\/fr\/#organization"},"potentialAction":[{"@type":"SearchAction","target":{"@type":"EntryPoint","urlTemplate":"https:\/\/dutchmicrodosing.com\/fr\/?s={search_term_string}"},"query-input":{"@type":"PropertyValueSpecification","valueRequired":true,"valueName":"search_term_string"}}],"inLanguage":"fr-FR"},{"@type":"Organization","@id":"https:\/\/dutchmicrodosing.com\/fr\/#organization","name":"Dutchmicrodosing","url":"https:\/\/dutchmicrodosing.com\/fr\/","logo":{"@type":"ImageObject","inLanguage":"fr-FR","@id":"https:\/\/dutchmicrodosing.com\/fr\/#\/schema\/logo\/image\/","url":"https:\/\/dutchmicrodosing.com\/wp-content\/uploads\/2021\/01\/microdosing-categorie-pic-nieuw.jpg","contentUrl":"https:\/\/dutchmicrodosing.com\/wp-content\/uploads\/2021\/01\/microdosing-categorie-pic-nieuw.jpg","width":500,"height":500,"caption":"Dutchmicrodosing"},"image":{"@id":"https:\/\/dutchmicrodosing.com\/fr\/#\/schema\/logo\/image\/"},"sameAs":["https:\/\/www.facebook.com\/Dutchmicrodosingxp\/","https:\/\/www.instagram.com\/dutchmicrodosing\/"]}]},"product_price_amount":"6.95","product_price_currency":"EUR","og_availability":"instock","product_availability":"instock","product_retailer_item_id":"5211869","product_condition":"new"},"_links":{"self":[{"href":"https:\/\/dutchmicrodosing.com\/fr\/wp-json\/wp\/v2\/product\/61340","targetHints":{"allow":["GET"]}}],"collection":[{"href":"https:\/\/dutchmicrodosing.com\/fr\/wp-json\/wp\/v2\/product"}],"about":[{"href":"https:\/\/dutchmicrodosing.com\/fr\/wp-json\/wp\/v2\/types\/product"}],"replies":[{"embeddable":true,"href":"https:\/\/dutchmicrodosing.com\/fr\/wp-json\/wp\/v2\/comments?post=61340"}],"version-history":[{"count":2,"href":"https:\/\/dutchmicrodosing.com\/fr\/wp-json\/wp\/v2\/product\/61340\/revisions"}],"predecessor-version":[{"id":61454,"href":"https:\/\/dutchmicrodosing.com\/fr\/wp-json\/wp\/v2\/product\/61340\/revisions\/61454"}],"wp:featuredmedia":[{"embeddable":true,"href":"https:\/\/dutchmicrodosing.com\/fr\/wp-json\/wp\/v2\/media\/61341"}],"wp:attachment":[{"href":"https:\/\/dutchmicrodosing.com\/fr\/wp-json\/wp\/v2\/media?parent=61340"}],"wp:term":[{"taxonomy":"product_brand","embeddable":true,"href":"https:\/\/dutchmicrodosing.com\/fr\/wp-json\/wp\/v2\/product_brand?post=61340"},{"taxonomy":"product_cat","embeddable":true,"href":"https:\/\/dutchmicrodosing.com\/fr\/wp-json\/wp\/v2\/product_cat?post=61340"},{"taxonomy":"product_tag","embeddable":true,"href":"https:\/\/dutchmicrodosing.com\/fr\/wp-json\/wp\/v2\/product_tag?post=61340"}],"curies":[{"name":"wp","href":"https:\/\/api.w.org\/{rel}","templated":true}]}}