{"id":61757,"date":"2025-11-12T10:21:39","date_gmt":"2025-11-12T09:21:39","guid":{"rendered":"https:\/\/dutchmicrodosing.com\/shop\/non%20class\u00e9\/synaptolepis-kirkii-uvuma-omhlope\/"},"modified":"2025-11-30T22:13:59","modified_gmt":"2025-11-30T21:13:59","slug":"synaptolepis-kirkii-uvuma-omhlope","status":"publish","type":"product","link":"https:\/\/dutchmicrodosing.com\/fr\/herbes-botaniques\/herbes-a-reves\/synaptolepis-kirkii-uvuma-omhlope\/","title":{"rendered":"Synaptolepis Kirkii &#8211; Uvuma omhlope"},"content":{"rendered":"<p><strong>Synaptolepis Kirkii &#8211; Uvuma omhlope<\/strong>, aussi appel\u00e9e Kirkii, est une herbe bleu-vert remarquable avec des racines blanches et une place particuli\u00e8re dans la tradition sud-africaine. Faisant partie des plantes &lsquo;Ubaluwa&rsquo;, elle est utilis\u00e9e depuis des g\u00e9n\u00e9rations dans des rituels spirituels qui tournent autour des r\u00eaves et de la conscience. Id\u00e9ale pour ceux qui cherchent un ajout mystique \u00e0 leur routine du soir ou qui veulent approfondir le voyage nocturne de l&rsquo;esprit.<\/p>\n<h3>Caract\u00e9ristiques<\/h3>\n<ul>\n<li>Herbe bleu-vert avec des racines blanches caract\u00e9ristiques<\/li>\n<li>Issue de la tradition des peuples Zulu et Xhosa<\/li>\n<li>Partie de la famille d&rsquo;herbes &lsquo;Ubaluwa&rsquo;<\/li>\n<li>Largement utilis\u00e9e dans les rituels qui mettent les r\u00eaves et l&rsquo;intuition au centre<\/li>\n<\/ul>\n<h3>Ingr\u00e9dients et\/ou composition<\/h3>\n<p>100 % racine de Synaptolepis Kirkii s\u00e9ch\u00e9e.<\/p>\n<h3>Utilisation<\/h3>\n<p>Le Kirkii est traditionnellement utilis\u00e9 dans le cadre d&rsquo;un rituel ou d&rsquo;une boisson de r\u00eave. Tu peux par exemple le pr\u00e9parer en tisane : laisse infuser une petite quantit\u00e9 (environ 0,25 \u00e0 0,5 gramme) dans de l&rsquo;eau chaude. Bois ceci de pr\u00e9f\u00e9rence le soir, dans le cadre d&rsquo;un moment de d\u00e9tente. Commence toujours par un faible dosage pour d\u00e9couvrir comment ton corps r\u00e9agit. Non recommand\u00e9 pour un usage quotidien.<\/p>\n<h3>Contenu<\/h3>\n<p>3 grammes de racine de Synaptolepis Kirkii s\u00e9ch\u00e9e.<\/p>\n<h3>Avis de non-responsabilit\u00e9<\/h3>\n<p><em>Le contenu de ce texte est fourni \u00e0 titre d&rsquo;information uniquement et ne remplace pas les conseils d&rsquo;un professionnel. Ce produit n&rsquo;est pas un m\u00e9dicament et n&rsquo;est pas destin\u00e9 \u00e0 diagnostiquer, traiter ou gu\u00e9rir une quelconque condition m\u00e9dicale. Non recommand\u00e9 pour les femmes enceintes, les femmes qui allaitent, les enfants, ou les personnes avec des conditions m\u00e9dicales sans consultation pr\u00e9alable avec un m\u00e9decin.<\/em><\/p>\n","protected":false},"excerpt":{"rendered":"<p>Synaptolepis Kirkii &#8211; Uvuma omhlope, aussi appel\u00e9e Kirkii, est une herbe bleu-vert remarquable avec des racines blanches et une place particuli\u00e8re dans la tradition sud-africaine. Faisant partie des plantes &lsquo;Ubaluwa&rsquo;, elle est utilis\u00e9e depuis des g\u00e9n\u00e9rations dans des rituels spirituels qui tournent autour des r\u00eaves et de la conscience. Id\u00e9ale pour ceux qui cherchent un [&hellip;]<\/p>\n","protected":false},"featured_media":61758,"comment_status":"closed","ping_status":"closed","template":"","meta":[],"product_brand":[],"product_cat":[644],"product_tag":[],"class_list":{"0":"post-61757","1":"product","2":"type-product","3":"status-publish","4":"has-post-thumbnail","6":"product_cat-herbes-a-reves","8":"first","9":"instock","10":"taxable","11":"shipping-taxable","12":"purchasable","13":"product-type-simple"},"yoast_head":"<!-- This site is optimized with the Yoast SEO Premium plugin v26.4 (Yoast SEO v27.4) - https:\/\/yoast.com\/product\/yoast-seo-premium-wordpress\/ -->\n<title>Synaptolepis Kirkii - Uvuma omhlope - Dutchmicrodosing<\/title>\n<meta name=\"description\" content=\"Herbe de r\u00eave traditionnelle sud-africaine Synaptolepis Kirkii (Kirkii) \u2013 id\u00e9ale pour les rituels spirituels et un ajout mystique \u00e0 ta routine du soir...\" \/>\n<meta name=\"robots\" content=\"index, follow, max-snippet:-1, max-image-preview:large, max-video-preview:-1\" \/>\n<link rel=\"canonical\" href=\"https:\/\/dutchmicrodosing.com\/fr\/herbes-botaniques\/herbes-a-reves\/synaptolepis-kirkii-uvuma-omhlope\/\" \/>\n<meta property=\"og:locale\" content=\"fr_FR\" \/>\n<meta property=\"og:type\" content=\"article\" \/>\n<meta property=\"og:title\" content=\"Synaptolepis Kirkii - Uvuma omhlope\" \/>\n<meta property=\"og:description\" content=\"Synaptolepis Kirkii - Uvuma omhlope, aussi appel\u00e9e Kirkii, est une herbe bleu-vert remarquable avec des racines blanches et une place particuli\u00e8re dans la\" \/>\n<meta property=\"og:url\" content=\"https:\/\/dutchmicrodosing.com\/fr\/herbes-botaniques\/herbes-a-reves\/synaptolepis-kirkii-uvuma-omhlope\/\" \/>\n<meta property=\"og:site_name\" content=\"Dutchmicrodosing\" \/>\n<meta property=\"article:publisher\" content=\"https:\/\/www.facebook.com\/Dutchmicrodosingxp\/\" \/>\n<meta property=\"article:modified_time\" content=\"2025-11-30T21:13:59+00:00\" \/>\n<meta property=\"og:image\" content=\"https:\/\/dutchmicrodosing.com\/wp-content\/uploads\/2025\/11\/kirkii-synaptolepis-uvuma-omhlope-1.png\" \/>\n\t<meta property=\"og:image:width\" content=\"420\" \/>\n\t<meta property=\"og:image:height\" content=\"638\" \/>\n\t<meta property=\"og:image:type\" content=\"image\/png\" \/>\n<meta name=\"twitter:card\" content=\"summary_large_image\" \/>\n<script type=\"application\/ld+json\" class=\"yoast-schema-graph\">{\"@context\":\"https:\\\/\\\/schema.org\",\"@graph\":[{\"@type\":\"WebPage\",\"@id\":\"https:\\\/\\\/dutchmicrodosing.com\\\/fr\\\/herbes-botaniques\\\/herbes-a-reves\\\/synaptolepis-kirkii-uvuma-omhlope\\\/\",\"url\":\"https:\\\/\\\/dutchmicrodosing.com\\\/fr\\\/herbes-botaniques\\\/herbes-a-reves\\\/synaptolepis-kirkii-uvuma-omhlope\\\/\",\"name\":\"Synaptolepis Kirkii - Uvuma omhlope - Dutchmicrodosing\",\"isPartOf\":{\"@id\":\"https:\\\/\\\/dutchmicrodosing.com\\\/fr\\\/#website\"},\"primaryImageOfPage\":{\"@id\":\"https:\\\/\\\/dutchmicrodosing.com\\\/fr\\\/herbes-botaniques\\\/herbes-a-reves\\\/synaptolepis-kirkii-uvuma-omhlope\\\/#primaryimage\"},\"image\":{\"@id\":\"https:\\\/\\\/dutchmicrodosing.com\\\/fr\\\/herbes-botaniques\\\/herbes-a-reves\\\/synaptolepis-kirkii-uvuma-omhlope\\\/#primaryimage\"},\"thumbnailUrl\":\"https:\\\/\\\/dutchmicrodosing.com\\\/wp-content\\\/uploads\\\/2025\\\/11\\\/kirkii-synaptolepis-uvuma-omhlope-1.png\",\"datePublished\":\"2025-11-12T09:21:39+00:00\",\"dateModified\":\"2025-11-30T21:13:59+00:00\",\"description\":\"Herbe de r\u00eave traditionnelle sud-africaine Synaptolepis Kirkii (Kirkii) \u2013 id\u00e9ale pour les rituels spirituels et un ajout mystique \u00e0 ta routine du soir...\",\"breadcrumb\":{\"@id\":\"https:\\\/\\\/dutchmicrodosing.com\\\/fr\\\/herbes-botaniques\\\/herbes-a-reves\\\/synaptolepis-kirkii-uvuma-omhlope\\\/#breadcrumb\"},\"inLanguage\":\"fr-FR\",\"potentialAction\":[{\"@type\":\"ReadAction\",\"target\":[\"https:\\\/\\\/dutchmicrodosing.com\\\/fr\\\/herbes-botaniques\\\/herbes-a-reves\\\/synaptolepis-kirkii-uvuma-omhlope\\\/\"]}]},{\"@type\":\"ImageObject\",\"inLanguage\":\"fr-FR\",\"@id\":\"https:\\\/\\\/dutchmicrodosing.com\\\/fr\\\/herbes-botaniques\\\/herbes-a-reves\\\/synaptolepis-kirkii-uvuma-omhlope\\\/#primaryimage\",\"url\":\"https:\\\/\\\/dutchmicrodosing.com\\\/wp-content\\\/uploads\\\/2025\\\/11\\\/kirkii-synaptolepis-uvuma-omhlope-1.png\",\"contentUrl\":\"https:\\\/\\\/dutchmicrodosing.com\\\/wp-content\\\/uploads\\\/2025\\\/11\\\/kirkii-synaptolepis-uvuma-omhlope-1.png\",\"width\":420,\"height\":638},{\"@type\":\"BreadcrumbList\",\"@id\":\"https:\\\/\\\/dutchmicrodosing.com\\\/fr\\\/herbes-botaniques\\\/herbes-a-reves\\\/synaptolepis-kirkii-uvuma-omhlope\\\/#breadcrumb\",\"itemListElement\":[{\"@type\":\"ListItem\",\"position\":1,\"name\":\"Home\",\"item\":\"https:\\\/\\\/dutchmicrodosing.com\\\/fr\\\/\"},{\"@type\":\"ListItem\",\"position\":2,\"name\":\"Boutique\",\"item\":\"https:\\\/\\\/dutchmicrodosing.com\\\/fr\\\/boutique\\\/\"},{\"@type\":\"ListItem\",\"position\":3,\"name\":\"Synaptolepis Kirkii &#8211; Uvuma omhlope\"}]},{\"@type\":\"WebSite\",\"@id\":\"https:\\\/\\\/dutchmicrodosing.com\\\/fr\\\/#website\",\"url\":\"https:\\\/\\\/dutchmicrodosing.com\\\/fr\\\/\",\"name\":\"Dutchmicrodosing\",\"description\":\"\",\"publisher\":{\"@id\":\"https:\\\/\\\/dutchmicrodosing.com\\\/fr\\\/#organization\"},\"potentialAction\":[{\"@type\":\"SearchAction\",\"target\":{\"@type\":\"EntryPoint\",\"urlTemplate\":\"https:\\\/\\\/dutchmicrodosing.com\\\/fr\\\/?s={search_term_string}\"},\"query-input\":{\"@type\":\"PropertyValueSpecification\",\"valueRequired\":true,\"valueName\":\"search_term_string\"}}],\"inLanguage\":\"fr-FR\"},{\"@type\":\"Organization\",\"@id\":\"https:\\\/\\\/dutchmicrodosing.com\\\/fr\\\/#organization\",\"name\":\"Dutchmicrodosing\",\"url\":\"https:\\\/\\\/dutchmicrodosing.com\\\/fr\\\/\",\"logo\":{\"@type\":\"ImageObject\",\"inLanguage\":\"fr-FR\",\"@id\":\"https:\\\/\\\/dutchmicrodosing.com\\\/fr\\\/#\\\/schema\\\/logo\\\/image\\\/\",\"url\":\"https:\\\/\\\/dutchmicrodosing.com\\\/wp-content\\\/uploads\\\/2021\\\/01\\\/microdosing-categorie-pic-nieuw.jpg\",\"contentUrl\":\"https:\\\/\\\/dutchmicrodosing.com\\\/wp-content\\\/uploads\\\/2021\\\/01\\\/microdosing-categorie-pic-nieuw.jpg\",\"width\":500,\"height\":500,\"caption\":\"Dutchmicrodosing\"},\"image\":{\"@id\":\"https:\\\/\\\/dutchmicrodosing.com\\\/fr\\\/#\\\/schema\\\/logo\\\/image\\\/\"},\"sameAs\":[\"https:\\\/\\\/www.facebook.com\\\/Dutchmicrodosingxp\\\/\",\"https:\\\/\\\/www.instagram.com\\\/dutchmicrodosing\\\/\"]}]}<\/script>\n<meta property=\"product:price:amount\" content=\"6.95\" \/>\n<meta property=\"product:price:currency\" content=\"EUR\" \/>\n<meta property=\"og:availability\" content=\"instock\" \/>\n<meta property=\"product:availability\" content=\"instock\" \/>\n<meta property=\"product:retailer_item_id\" content=\"5211733\" \/>\n<meta property=\"product:condition\" content=\"new\" \/>\n<!-- \/ Yoast SEO Premium plugin. -->","yoast_head_json":{"title":"Synaptolepis Kirkii - Uvuma omhlope - Dutchmicrodosing","description":"Herbe de r\u00eave traditionnelle sud-africaine Synaptolepis Kirkii (Kirkii) \u2013 id\u00e9ale pour les rituels spirituels et un ajout mystique \u00e0 ta routine du soir...","robots":{"index":"index","follow":"follow","max-snippet":"max-snippet:-1","max-image-preview":"max-image-preview:large","max-video-preview":"max-video-preview:-1"},"canonical":"https:\/\/dutchmicrodosing.com\/fr\/herbes-botaniques\/herbes-a-reves\/synaptolepis-kirkii-uvuma-omhlope\/","og_locale":"fr_FR","og_type":"article","og_title":"Synaptolepis Kirkii - Uvuma omhlope","og_description":"Synaptolepis Kirkii - Uvuma omhlope, aussi appel\u00e9e Kirkii, est une herbe bleu-vert remarquable avec des racines blanches et une place particuli\u00e8re dans la","og_url":"https:\/\/dutchmicrodosing.com\/fr\/herbes-botaniques\/herbes-a-reves\/synaptolepis-kirkii-uvuma-omhlope\/","og_site_name":"Dutchmicrodosing","article_publisher":"https:\/\/www.facebook.com\/Dutchmicrodosingxp\/","article_modified_time":"2025-11-30T21:13:59+00:00","og_image":[{"width":420,"height":638,"url":"https:\/\/dutchmicrodosing.com\/wp-content\/uploads\/2025\/11\/kirkii-synaptolepis-uvuma-omhlope-1.png","type":"image\/png"}],"twitter_card":"summary_large_image","schema":{"@context":"https:\/\/schema.org","@graph":[{"@type":"WebPage","@id":"https:\/\/dutchmicrodosing.com\/fr\/herbes-botaniques\/herbes-a-reves\/synaptolepis-kirkii-uvuma-omhlope\/","url":"https:\/\/dutchmicrodosing.com\/fr\/herbes-botaniques\/herbes-a-reves\/synaptolepis-kirkii-uvuma-omhlope\/","name":"Synaptolepis Kirkii - Uvuma omhlope - Dutchmicrodosing","isPartOf":{"@id":"https:\/\/dutchmicrodosing.com\/fr\/#website"},"primaryImageOfPage":{"@id":"https:\/\/dutchmicrodosing.com\/fr\/herbes-botaniques\/herbes-a-reves\/synaptolepis-kirkii-uvuma-omhlope\/#primaryimage"},"image":{"@id":"https:\/\/dutchmicrodosing.com\/fr\/herbes-botaniques\/herbes-a-reves\/synaptolepis-kirkii-uvuma-omhlope\/#primaryimage"},"thumbnailUrl":"https:\/\/dutchmicrodosing.com\/wp-content\/uploads\/2025\/11\/kirkii-synaptolepis-uvuma-omhlope-1.png","datePublished":"2025-11-12T09:21:39+00:00","dateModified":"2025-11-30T21:13:59+00:00","description":"Herbe de r\u00eave traditionnelle sud-africaine Synaptolepis Kirkii (Kirkii) \u2013 id\u00e9ale pour les rituels spirituels et un ajout mystique \u00e0 ta routine du soir...","breadcrumb":{"@id":"https:\/\/dutchmicrodosing.com\/fr\/herbes-botaniques\/herbes-a-reves\/synaptolepis-kirkii-uvuma-omhlope\/#breadcrumb"},"inLanguage":"fr-FR","potentialAction":[{"@type":"ReadAction","target":["https:\/\/dutchmicrodosing.com\/fr\/herbes-botaniques\/herbes-a-reves\/synaptolepis-kirkii-uvuma-omhlope\/"]}]},{"@type":"ImageObject","inLanguage":"fr-FR","@id":"https:\/\/dutchmicrodosing.com\/fr\/herbes-botaniques\/herbes-a-reves\/synaptolepis-kirkii-uvuma-omhlope\/#primaryimage","url":"https:\/\/dutchmicrodosing.com\/wp-content\/uploads\/2025\/11\/kirkii-synaptolepis-uvuma-omhlope-1.png","contentUrl":"https:\/\/dutchmicrodosing.com\/wp-content\/uploads\/2025\/11\/kirkii-synaptolepis-uvuma-omhlope-1.png","width":420,"height":638},{"@type":"BreadcrumbList","@id":"https:\/\/dutchmicrodosing.com\/fr\/herbes-botaniques\/herbes-a-reves\/synaptolepis-kirkii-uvuma-omhlope\/#breadcrumb","itemListElement":[{"@type":"ListItem","position":1,"name":"Home","item":"https:\/\/dutchmicrodosing.com\/fr\/"},{"@type":"ListItem","position":2,"name":"Boutique","item":"https:\/\/dutchmicrodosing.com\/fr\/boutique\/"},{"@type":"ListItem","position":3,"name":"Synaptolepis Kirkii &#8211; Uvuma omhlope"}]},{"@type":"WebSite","@id":"https:\/\/dutchmicrodosing.com\/fr\/#website","url":"https:\/\/dutchmicrodosing.com\/fr\/","name":"Dutchmicrodosing","description":"","publisher":{"@id":"https:\/\/dutchmicrodosing.com\/fr\/#organization"},"potentialAction":[{"@type":"SearchAction","target":{"@type":"EntryPoint","urlTemplate":"https:\/\/dutchmicrodosing.com\/fr\/?s={search_term_string}"},"query-input":{"@type":"PropertyValueSpecification","valueRequired":true,"valueName":"search_term_string"}}],"inLanguage":"fr-FR"},{"@type":"Organization","@id":"https:\/\/dutchmicrodosing.com\/fr\/#organization","name":"Dutchmicrodosing","url":"https:\/\/dutchmicrodosing.com\/fr\/","logo":{"@type":"ImageObject","inLanguage":"fr-FR","@id":"https:\/\/dutchmicrodosing.com\/fr\/#\/schema\/logo\/image\/","url":"https:\/\/dutchmicrodosing.com\/wp-content\/uploads\/2021\/01\/microdosing-categorie-pic-nieuw.jpg","contentUrl":"https:\/\/dutchmicrodosing.com\/wp-content\/uploads\/2021\/01\/microdosing-categorie-pic-nieuw.jpg","width":500,"height":500,"caption":"Dutchmicrodosing"},"image":{"@id":"https:\/\/dutchmicrodosing.com\/fr\/#\/schema\/logo\/image\/"},"sameAs":["https:\/\/www.facebook.com\/Dutchmicrodosingxp\/","https:\/\/www.instagram.com\/dutchmicrodosing\/"]}]},"product_price_amount":"6.95","product_price_currency":"EUR","og_availability":"instock","product_availability":"instock","product_retailer_item_id":"5211733","product_condition":"new"},"_links":{"self":[{"href":"https:\/\/dutchmicrodosing.com\/fr\/wp-json\/wp\/v2\/product\/61757","targetHints":{"allow":["GET"]}}],"collection":[{"href":"https:\/\/dutchmicrodosing.com\/fr\/wp-json\/wp\/v2\/product"}],"about":[{"href":"https:\/\/dutchmicrodosing.com\/fr\/wp-json\/wp\/v2\/types\/product"}],"replies":[{"embeddable":true,"href":"https:\/\/dutchmicrodosing.com\/fr\/wp-json\/wp\/v2\/comments?post=61757"}],"version-history":[{"count":2,"href":"https:\/\/dutchmicrodosing.com\/fr\/wp-json\/wp\/v2\/product\/61757\/revisions"}],"predecessor-version":[{"id":62741,"href":"https:\/\/dutchmicrodosing.com\/fr\/wp-json\/wp\/v2\/product\/61757\/revisions\/62741"}],"wp:featuredmedia":[{"embeddable":true,"href":"https:\/\/dutchmicrodosing.com\/fr\/wp-json\/wp\/v2\/media\/61758"}],"wp:attachment":[{"href":"https:\/\/dutchmicrodosing.com\/fr\/wp-json\/wp\/v2\/media?parent=61757"}],"wp:term":[{"taxonomy":"product_brand","embeddable":true,"href":"https:\/\/dutchmicrodosing.com\/fr\/wp-json\/wp\/v2\/product_brand?post=61757"},{"taxonomy":"product_cat","embeddable":true,"href":"https:\/\/dutchmicrodosing.com\/fr\/wp-json\/wp\/v2\/product_cat?post=61757"},{"taxonomy":"product_tag","embeddable":true,"href":"https:\/\/dutchmicrodosing.com\/fr\/wp-json\/wp\/v2\/product_tag?post=61757"}],"curies":[{"name":"wp","href":"https:\/\/api.w.org\/{rel}","templated":true}]}}