{"id":61775,"date":"2025-11-12T10:34:51","date_gmt":"2025-11-12T09:34:51","guid":{"rendered":"https:\/\/dutchmicrodosing.com\/shop\/non%20class\u00e9\/entada-rheedii-1-graine\/"},"modified":"2025-11-24T16:33:26","modified_gmt":"2025-11-24T15:33:26","slug":"entada-rheedii-1-graine","status":"publish","type":"product","link":"https:\/\/dutchmicrodosing.com\/fr\/herbes-botaniques\/herbes-a-reves\/entada-rheedii-1-graine\/","title":{"rendered":"Entada Rheedii 1 Graine"},"content":{"rendered":"<p>La <strong>graine d&rsquo;Entada Rheedii 1<\/strong>, mieux connue sous le nom de graine de r\u00eave africaine, est utilis\u00e9e depuis des g\u00e9n\u00e9rations dans les rituels traditionnels pour approfondir les exp\u00e9riences oniriques. Avec une seule graine, vous faites le premier pas vers un paysage onirique plus conscient dans lequel la clart\u00e9 et la connaissance de soi peuvent \u00eatre centrales.<\/p>\n<h3>Caract\u00e9ristiques<\/h3>\n<ul>\n<li>Traditionnellement utilis\u00e9 pour l&rsquo;exploration des r\u00eaves<\/li>\n<li>Peut contribuer \u00e0 des exp\u00e9riences de sommeil plus intenses et plus conscientes<\/li>\n<li>Populaire dans les routines spirituelles et m\u00e9ditatives<\/li>\n<li>Produit naturel et pur, sans additifs<\/li>\n<\/ul>\n<h3>Ingr\u00e9dients et\/ou composition<\/h3>\n<p>Contient 1 graine de la plante Entada rheedii, non teint\u00e9e et non trait\u00e9e.<\/p>\n<h3>Utilisation<\/h3>\n<p>La graine est g\u00e9n\u00e9ralement ouverte, apr\u00e8s quoi le noyau blanc est utilis\u00e9. Cette partie peut \u00eatre m\u00e2ch\u00e9e ou transform\u00e9e en infusion, selon votre pr\u00e9f\u00e9rence personnelle. Utiliser id\u00e9alement juste avant de dormir et dans un environnement calme.<\/p>\n<p><em>En cas de complications m\u00e9dicales, de prise de m\u00e9dicaments, de grossesse ou d&rsquo;allaitement, consultez un m\u00e9decin, un pharmacien ou un expert avant utilisation.<\/em><\/p>\n<h3>Contenu<\/h3>\n<p>Entada rheedii \u2013 1 graine<\/p>\n<h3>Avis de non-responsabilit\u00e9<\/h3>\n<p><em>Le contenu de ce texte est fourni \u00e0 titre d&rsquo;information uniquement et ne remplace pas les conseils d&rsquo;un professionnel. Ce produit n&rsquo;est pas un m\u00e9dicament et n&rsquo;est pas destin\u00e9 \u00e0 diagnostiquer, traiter ou gu\u00e9rir une quelconque condition m\u00e9dicale. Veuillez consulter un sp\u00e9cialiste pour toute question sp\u00e9cifique concernant l&rsquo;utilisation de ce produit.<\/em><\/p>\n","protected":false},"excerpt":{"rendered":"<p>La graine d&rsquo;Entada Rheedii 1, mieux connue sous le nom de graine de r\u00eave africaine, est utilis\u00e9e depuis des g\u00e9n\u00e9rations dans les rituels traditionnels pour approfondir les exp\u00e9riences oniriques. Avec une seule graine, vous faites le premier pas vers un paysage onirique plus conscient dans lequel la clart\u00e9 et la connaissance de soi peuvent \u00eatre [&hellip;]<\/p>\n","protected":false},"featured_media":61776,"comment_status":"closed","ping_status":"closed","template":"","meta":[],"product_brand":[],"product_cat":[644],"product_tag":[],"class_list":{"0":"post-61775","1":"product","2":"type-product","3":"status-publish","4":"has-post-thumbnail","6":"product_cat-herbes-a-reves","8":"first","9":"instock","10":"taxable","11":"shipping-taxable","12":"purchasable","13":"product-type-simple"},"yoast_head":"<!-- This site is optimized with the Yoast SEO Premium plugin v26.4 (Yoast SEO v27.4) - https:\/\/yoast.com\/product\/yoast-seo-premium-wordpress\/ -->\n<title>Dutchmicrodosing Entada Rheedii 1 Graine<\/title>\n<meta name=\"description\" content=\"D\u00e9couvrez le pouvoir de la graine de Rheedii 1, \u00e9galement appel\u00e9e graine de r\u00eave africaine. Id\u00e9al pour ceux qui souhaitent explorer les r\u00eaves lucides. Naturel, pur et traditionnel...\" \/>\n<meta name=\"robots\" content=\"index, follow, max-snippet:-1, max-image-preview:large, max-video-preview:-1\" \/>\n<link rel=\"canonical\" href=\"https:\/\/dutchmicrodosing.com\/fr\/herbes-botaniques\/herbes-a-reves\/entada-rheedii-1-graine\/\" \/>\n<meta property=\"og:locale\" content=\"fr_FR\" \/>\n<meta property=\"og:type\" content=\"article\" \/>\n<meta property=\"og:title\" content=\"Entada Rheedii 1 Graine\" \/>\n<meta property=\"og:description\" content=\"La graine d&#039;Entada Rheedii 1, mieux connue sous le nom de graine de r\u00eave africaine, est utilis\u00e9e depuis des g\u00e9n\u00e9rations dans les rituels traditionnels\" \/>\n<meta property=\"og:url\" content=\"https:\/\/dutchmicrodosing.com\/fr\/herbes-botaniques\/herbes-a-reves\/entada-rheedii-1-graine\/\" \/>\n<meta property=\"og:site_name\" content=\"Dutchmicrodosing\" \/>\n<meta property=\"article:publisher\" content=\"https:\/\/www.facebook.com\/Dutchmicrodosingxp\/\" \/>\n<meta property=\"article:modified_time\" content=\"2025-11-24T15:33:26+00:00\" \/>\n<meta property=\"og:image\" content=\"https:\/\/dutchmicrodosing.com\/wp-content\/uploads\/2025\/11\/african-dream-seed.jpg\" \/>\n\t<meta property=\"og:image:width\" content=\"500\" \/>\n\t<meta property=\"og:image:height\" content=\"500\" \/>\n\t<meta property=\"og:image:type\" content=\"image\/jpeg\" \/>\n<meta name=\"twitter:card\" content=\"summary_large_image\" \/>\n<script type=\"application\/ld+json\" class=\"yoast-schema-graph\">{\"@context\":\"https:\\\/\\\/schema.org\",\"@graph\":[{\"@type\":\"WebPage\",\"@id\":\"https:\\\/\\\/dutchmicrodosing.com\\\/fr\\\/herbes-botaniques\\\/herbes-a-reves\\\/entada-rheedii-1-graine\\\/\",\"url\":\"https:\\\/\\\/dutchmicrodosing.com\\\/fr\\\/herbes-botaniques\\\/herbes-a-reves\\\/entada-rheedii-1-graine\\\/\",\"name\":\"Dutchmicrodosing Entada Rheedii 1 Graine\",\"isPartOf\":{\"@id\":\"https:\\\/\\\/dutchmicrodosing.com\\\/fr\\\/#website\"},\"primaryImageOfPage\":{\"@id\":\"https:\\\/\\\/dutchmicrodosing.com\\\/fr\\\/herbes-botaniques\\\/herbes-a-reves\\\/entada-rheedii-1-graine\\\/#primaryimage\"},\"image\":{\"@id\":\"https:\\\/\\\/dutchmicrodosing.com\\\/fr\\\/herbes-botaniques\\\/herbes-a-reves\\\/entada-rheedii-1-graine\\\/#primaryimage\"},\"thumbnailUrl\":\"https:\\\/\\\/dutchmicrodosing.com\\\/wp-content\\\/uploads\\\/2025\\\/11\\\/african-dream-seed.jpg\",\"datePublished\":\"2025-11-12T09:34:51+00:00\",\"dateModified\":\"2025-11-24T15:33:26+00:00\",\"description\":\"D\u00e9couvrez le pouvoir de la graine de Rheedii 1, \u00e9galement appel\u00e9e graine de r\u00eave africaine. Id\u00e9al pour ceux qui souhaitent explorer les r\u00eaves lucides. Naturel, pur et traditionnel...\",\"breadcrumb\":{\"@id\":\"https:\\\/\\\/dutchmicrodosing.com\\\/fr\\\/herbes-botaniques\\\/herbes-a-reves\\\/entada-rheedii-1-graine\\\/#breadcrumb\"},\"inLanguage\":\"fr-FR\",\"potentialAction\":[{\"@type\":\"ReadAction\",\"target\":[\"https:\\\/\\\/dutchmicrodosing.com\\\/fr\\\/herbes-botaniques\\\/herbes-a-reves\\\/entada-rheedii-1-graine\\\/\"]}]},{\"@type\":\"ImageObject\",\"inLanguage\":\"fr-FR\",\"@id\":\"https:\\\/\\\/dutchmicrodosing.com\\\/fr\\\/herbes-botaniques\\\/herbes-a-reves\\\/entada-rheedii-1-graine\\\/#primaryimage\",\"url\":\"https:\\\/\\\/dutchmicrodosing.com\\\/wp-content\\\/uploads\\\/2025\\\/11\\\/african-dream-seed.jpg\",\"contentUrl\":\"https:\\\/\\\/dutchmicrodosing.com\\\/wp-content\\\/uploads\\\/2025\\\/11\\\/african-dream-seed.jpg\",\"width\":500,\"height\":500},{\"@type\":\"BreadcrumbList\",\"@id\":\"https:\\\/\\\/dutchmicrodosing.com\\\/fr\\\/herbes-botaniques\\\/herbes-a-reves\\\/entada-rheedii-1-graine\\\/#breadcrumb\",\"itemListElement\":[{\"@type\":\"ListItem\",\"position\":1,\"name\":\"Home\",\"item\":\"https:\\\/\\\/dutchmicrodosing.com\\\/fr\\\/\"},{\"@type\":\"ListItem\",\"position\":2,\"name\":\"Boutique\",\"item\":\"https:\\\/\\\/dutchmicrodosing.com\\\/fr\\\/boutique\\\/\"},{\"@type\":\"ListItem\",\"position\":3,\"name\":\"Entada Rheedii 1 Graine\"}]},{\"@type\":\"WebSite\",\"@id\":\"https:\\\/\\\/dutchmicrodosing.com\\\/fr\\\/#website\",\"url\":\"https:\\\/\\\/dutchmicrodosing.com\\\/fr\\\/\",\"name\":\"Dutchmicrodosing\",\"description\":\"\",\"publisher\":{\"@id\":\"https:\\\/\\\/dutchmicrodosing.com\\\/fr\\\/#organization\"},\"potentialAction\":[{\"@type\":\"SearchAction\",\"target\":{\"@type\":\"EntryPoint\",\"urlTemplate\":\"https:\\\/\\\/dutchmicrodosing.com\\\/fr\\\/?s={search_term_string}\"},\"query-input\":{\"@type\":\"PropertyValueSpecification\",\"valueRequired\":true,\"valueName\":\"search_term_string\"}}],\"inLanguage\":\"fr-FR\"},{\"@type\":\"Organization\",\"@id\":\"https:\\\/\\\/dutchmicrodosing.com\\\/fr\\\/#organization\",\"name\":\"Dutchmicrodosing\",\"url\":\"https:\\\/\\\/dutchmicrodosing.com\\\/fr\\\/\",\"logo\":{\"@type\":\"ImageObject\",\"inLanguage\":\"fr-FR\",\"@id\":\"https:\\\/\\\/dutchmicrodosing.com\\\/fr\\\/#\\\/schema\\\/logo\\\/image\\\/\",\"url\":\"https:\\\/\\\/dutchmicrodosing.com\\\/wp-content\\\/uploads\\\/2021\\\/01\\\/microdosing-categorie-pic-nieuw.jpg\",\"contentUrl\":\"https:\\\/\\\/dutchmicrodosing.com\\\/wp-content\\\/uploads\\\/2021\\\/01\\\/microdosing-categorie-pic-nieuw.jpg\",\"width\":500,\"height\":500,\"caption\":\"Dutchmicrodosing\"},\"image\":{\"@id\":\"https:\\\/\\\/dutchmicrodosing.com\\\/fr\\\/#\\\/schema\\\/logo\\\/image\\\/\"},\"sameAs\":[\"https:\\\/\\\/www.facebook.com\\\/Dutchmicrodosingxp\\\/\",\"https:\\\/\\\/www.instagram.com\\\/dutchmicrodosing\\\/\"]}]}<\/script>\n<meta property=\"product:price:amount\" content=\"6.95\" \/>\n<meta property=\"product:price:currency\" content=\"EUR\" \/>\n<meta property=\"og:availability\" content=\"instock\" \/>\n<meta property=\"product:availability\" content=\"instock\" \/>\n<meta property=\"product:retailer_item_id\" content=\"5211176\" \/>\n<meta property=\"product:condition\" content=\"new\" \/>\n<!-- \/ Yoast SEO Premium plugin. -->","yoast_head_json":{"title":"Dutchmicrodosing Entada Rheedii 1 Graine","description":"D\u00e9couvrez le pouvoir de la graine de Rheedii 1, \u00e9galement appel\u00e9e graine de r\u00eave africaine. Id\u00e9al pour ceux qui souhaitent explorer les r\u00eaves lucides. Naturel, pur et traditionnel...","robots":{"index":"index","follow":"follow","max-snippet":"max-snippet:-1","max-image-preview":"max-image-preview:large","max-video-preview":"max-video-preview:-1"},"canonical":"https:\/\/dutchmicrodosing.com\/fr\/herbes-botaniques\/herbes-a-reves\/entada-rheedii-1-graine\/","og_locale":"fr_FR","og_type":"article","og_title":"Entada Rheedii 1 Graine","og_description":"La graine d'Entada Rheedii 1, mieux connue sous le nom de graine de r\u00eave africaine, est utilis\u00e9e depuis des g\u00e9n\u00e9rations dans les rituels traditionnels","og_url":"https:\/\/dutchmicrodosing.com\/fr\/herbes-botaniques\/herbes-a-reves\/entada-rheedii-1-graine\/","og_site_name":"Dutchmicrodosing","article_publisher":"https:\/\/www.facebook.com\/Dutchmicrodosingxp\/","article_modified_time":"2025-11-24T15:33:26+00:00","og_image":[{"width":500,"height":500,"url":"https:\/\/dutchmicrodosing.com\/wp-content\/uploads\/2025\/11\/african-dream-seed.jpg","type":"image\/jpeg"}],"twitter_card":"summary_large_image","schema":{"@context":"https:\/\/schema.org","@graph":[{"@type":"WebPage","@id":"https:\/\/dutchmicrodosing.com\/fr\/herbes-botaniques\/herbes-a-reves\/entada-rheedii-1-graine\/","url":"https:\/\/dutchmicrodosing.com\/fr\/herbes-botaniques\/herbes-a-reves\/entada-rheedii-1-graine\/","name":"Dutchmicrodosing Entada Rheedii 1 Graine","isPartOf":{"@id":"https:\/\/dutchmicrodosing.com\/fr\/#website"},"primaryImageOfPage":{"@id":"https:\/\/dutchmicrodosing.com\/fr\/herbes-botaniques\/herbes-a-reves\/entada-rheedii-1-graine\/#primaryimage"},"image":{"@id":"https:\/\/dutchmicrodosing.com\/fr\/herbes-botaniques\/herbes-a-reves\/entada-rheedii-1-graine\/#primaryimage"},"thumbnailUrl":"https:\/\/dutchmicrodosing.com\/wp-content\/uploads\/2025\/11\/african-dream-seed.jpg","datePublished":"2025-11-12T09:34:51+00:00","dateModified":"2025-11-24T15:33:26+00:00","description":"D\u00e9couvrez le pouvoir de la graine de Rheedii 1, \u00e9galement appel\u00e9e graine de r\u00eave africaine. Id\u00e9al pour ceux qui souhaitent explorer les r\u00eaves lucides. Naturel, pur et traditionnel...","breadcrumb":{"@id":"https:\/\/dutchmicrodosing.com\/fr\/herbes-botaniques\/herbes-a-reves\/entada-rheedii-1-graine\/#breadcrumb"},"inLanguage":"fr-FR","potentialAction":[{"@type":"ReadAction","target":["https:\/\/dutchmicrodosing.com\/fr\/herbes-botaniques\/herbes-a-reves\/entada-rheedii-1-graine\/"]}]},{"@type":"ImageObject","inLanguage":"fr-FR","@id":"https:\/\/dutchmicrodosing.com\/fr\/herbes-botaniques\/herbes-a-reves\/entada-rheedii-1-graine\/#primaryimage","url":"https:\/\/dutchmicrodosing.com\/wp-content\/uploads\/2025\/11\/african-dream-seed.jpg","contentUrl":"https:\/\/dutchmicrodosing.com\/wp-content\/uploads\/2025\/11\/african-dream-seed.jpg","width":500,"height":500},{"@type":"BreadcrumbList","@id":"https:\/\/dutchmicrodosing.com\/fr\/herbes-botaniques\/herbes-a-reves\/entada-rheedii-1-graine\/#breadcrumb","itemListElement":[{"@type":"ListItem","position":1,"name":"Home","item":"https:\/\/dutchmicrodosing.com\/fr\/"},{"@type":"ListItem","position":2,"name":"Boutique","item":"https:\/\/dutchmicrodosing.com\/fr\/boutique\/"},{"@type":"ListItem","position":3,"name":"Entada Rheedii 1 Graine"}]},{"@type":"WebSite","@id":"https:\/\/dutchmicrodosing.com\/fr\/#website","url":"https:\/\/dutchmicrodosing.com\/fr\/","name":"Dutchmicrodosing","description":"","publisher":{"@id":"https:\/\/dutchmicrodosing.com\/fr\/#organization"},"potentialAction":[{"@type":"SearchAction","target":{"@type":"EntryPoint","urlTemplate":"https:\/\/dutchmicrodosing.com\/fr\/?s={search_term_string}"},"query-input":{"@type":"PropertyValueSpecification","valueRequired":true,"valueName":"search_term_string"}}],"inLanguage":"fr-FR"},{"@type":"Organization","@id":"https:\/\/dutchmicrodosing.com\/fr\/#organization","name":"Dutchmicrodosing","url":"https:\/\/dutchmicrodosing.com\/fr\/","logo":{"@type":"ImageObject","inLanguage":"fr-FR","@id":"https:\/\/dutchmicrodosing.com\/fr\/#\/schema\/logo\/image\/","url":"https:\/\/dutchmicrodosing.com\/wp-content\/uploads\/2021\/01\/microdosing-categorie-pic-nieuw.jpg","contentUrl":"https:\/\/dutchmicrodosing.com\/wp-content\/uploads\/2021\/01\/microdosing-categorie-pic-nieuw.jpg","width":500,"height":500,"caption":"Dutchmicrodosing"},"image":{"@id":"https:\/\/dutchmicrodosing.com\/fr\/#\/schema\/logo\/image\/"},"sameAs":["https:\/\/www.facebook.com\/Dutchmicrodosingxp\/","https:\/\/www.instagram.com\/dutchmicrodosing\/"]}]},"product_price_amount":"6.95","product_price_currency":"EUR","og_availability":"instock","product_availability":"instock","product_retailer_item_id":"5211176","product_condition":"new"},"_links":{"self":[{"href":"https:\/\/dutchmicrodosing.com\/fr\/wp-json\/wp\/v2\/product\/61775","targetHints":{"allow":["GET"]}}],"collection":[{"href":"https:\/\/dutchmicrodosing.com\/fr\/wp-json\/wp\/v2\/product"}],"about":[{"href":"https:\/\/dutchmicrodosing.com\/fr\/wp-json\/wp\/v2\/types\/product"}],"replies":[{"embeddable":true,"href":"https:\/\/dutchmicrodosing.com\/fr\/wp-json\/wp\/v2\/comments?post=61775"}],"version-history":[{"count":2,"href":"https:\/\/dutchmicrodosing.com\/fr\/wp-json\/wp\/v2\/product\/61775\/revisions"}],"predecessor-version":[{"id":62736,"href":"https:\/\/dutchmicrodosing.com\/fr\/wp-json\/wp\/v2\/product\/61775\/revisions\/62736"}],"wp:featuredmedia":[{"embeddable":true,"href":"https:\/\/dutchmicrodosing.com\/fr\/wp-json\/wp\/v2\/media\/61776"}],"wp:attachment":[{"href":"https:\/\/dutchmicrodosing.com\/fr\/wp-json\/wp\/v2\/media?parent=61775"}],"wp:term":[{"taxonomy":"product_brand","embeddable":true,"href":"https:\/\/dutchmicrodosing.com\/fr\/wp-json\/wp\/v2\/product_brand?post=61775"},{"taxonomy":"product_cat","embeddable":true,"href":"https:\/\/dutchmicrodosing.com\/fr\/wp-json\/wp\/v2\/product_cat?post=61775"},{"taxonomy":"product_tag","embeddable":true,"href":"https:\/\/dutchmicrodosing.com\/fr\/wp-json\/wp\/v2\/product_tag?post=61775"}],"curies":[{"name":"wp","href":"https:\/\/api.w.org\/{rel}","templated":true}]}}