{"id":62749,"date":"2025-11-24T16:03:53","date_gmt":"2025-11-24T15:03:53","guid":{"rendered":"https:\/\/dutchmicrodosing.com\/shop\/non%20class\u00e9\/verre-mesureur-1-l\/"},"modified":"2026-02-03T16:49:19","modified_gmt":"2026-02-03T15:49:19","slug":"verre-mesureur-1-l","status":"publish","type":"product","link":"https:\/\/dutchmicrodosing.com\/fr\/champignons-magiques\/verre-mesureur-1-l\/","title":{"rendered":"Verre mesureur &#8211; 1 L"},"content":{"rendered":"<p>Le <strong>gobelet doseur &#8211; 1 L<\/strong> est votre alli\u00e9 id\u00e9al pour mesurer les liquides avec pr\u00e9cision. Que ce soit en cuisine, au jardin ou lors de la culture de champignons, ce gobelet doseur robuste vous permet de travailler efficacement. Sa graduation claire et sa poign\u00e9e confortable le rendent super pratique \u00e0 utiliser.<\/p>\n<h3>Caract\u00e9ristiques du verre mesureur &#8211; 1 L<\/h3>\n<ul>\n<li>Contenance de 1&nbsp;000 ml (1 litre)<\/li>\n<li>Fabriqu\u00e9 en polypropyl\u00e8ne (PP) transparent et robuste<\/li>\n<li>\u00c9quip\u00e9 d&rsquo;une graduation claire par 50 ml et 100 ml<\/li>\n<li>Poign\u00e9e robuste qui fonctionne bien m\u00eame avec les mains mouill\u00e9es<\/li>\n<li>Bec verseur qui aide \u00e0 \u00e9viter les \u00e9claboussures<\/li>\n<li>L\u00e9ger, empilable et facile \u00e0 ranger<\/li>\n<\/ul>\n<h3>Ingr\u00e9dients et\/ou composition<\/h3>\n<p>Le gobelet doseur est fabriqu\u00e9 en polypropyl\u00e8ne (PP) durable, un plastique robuste qui r\u00e9siste bien \u00e0 une utilisation intensive. Facile \u00e0 nettoyer et con\u00e7u pour une utilisation \u00e0 long terme.<\/p>\n<h3>Utilisation<\/h3>\n<p>Id\u00e9al pour mesurer avec pr\u00e9cision l&rsquo;eau, les liquides ou les nutriments. Pratique pour m\u00e9langer des compl\u00e9ments pour votre culture de champignons, mais tout aussi utile pour la cuisine ou le jardinage. Gr\u00e2ce \u00e0 sa poign\u00e9e ergonomique et \u00e0 son bec anti-\u00e9claboussures, vous travaillez proprement et de mani\u00e8re contr\u00f4l\u00e9e.<\/p>\n<h3>Contenu<\/h3>\n<p>1 litre (1&nbsp;000 ml). Livr\u00e9 sous forme de gobelet doseur en plastique s\u00e9par\u00e9 avec une graduation claire.<\/p>\n","protected":false},"excerpt":{"rendered":"<p>Le gobelet doseur &#8211; 1 L est votre alli\u00e9 id\u00e9al pour mesurer les liquides avec pr\u00e9cision. Que ce soit en cuisine, au jardin ou lors de la culture de champignons, ce gobelet doseur robuste vous permet de travailler efficacement. Sa graduation claire et sa poign\u00e9e confortable le rendent super pratique \u00e0 utiliser. Caract\u00e9ristiques du verre [&hellip;]<\/p>\n","protected":false},"featured_media":62747,"comment_status":"closed","ping_status":"closed","template":"","meta":[],"product_brand":[],"product_cat":[654,216],"product_tag":[],"class_list":{"0":"post-62749","1":"product","2":"type-product","3":"status-publish","4":"has-post-thumbnail","6":"product_cat-materiel-de-culture","7":"product_cat-champignons-magiques","9":"first","10":"instock","11":"taxable","12":"shipping-taxable","13":"purchasable","14":"product-type-simple"},"yoast_head":"<!-- This site is optimized with the Yoast SEO Premium plugin v26.4 (Yoast SEO v27.2) - https:\/\/yoast.com\/product\/yoast-seo-premium-wordpress\/ -->\n<title>Verre mesureur - 1 L - Dutchmicrodosing<\/title>\n<meta name=\"description\" content=\"Verre mesureur robuste de 1 L en polypropyl\u00e8ne durable. Id\u00e9al pour la culture de champignons, la cuisine ou le jardin. \u00c9quip\u00e9 d&#039;une graduation claire et d&#039;un bec verseur.\" \/>\n<meta name=\"robots\" content=\"index, follow, max-snippet:-1, max-image-preview:large, max-video-preview:-1\" \/>\n<link rel=\"canonical\" href=\"https:\/\/dutchmicrodosing.com\/fr\/champignons-magiques\/verre-mesureur-1-l\/\" \/>\n<meta property=\"og:locale\" content=\"fr_FR\" \/>\n<meta property=\"og:type\" content=\"article\" \/>\n<meta property=\"og:title\" content=\"Verre mesureur - 1 L\" \/>\n<meta property=\"og:description\" content=\"Le gobelet doseur - 1 L est votre alli\u00e9 id\u00e9al pour mesurer les liquides avec pr\u00e9cision. Que ce soit en cuisine, au jardin ou lors de la culture de\" \/>\n<meta property=\"og:url\" content=\"https:\/\/dutchmicrodosing.com\/fr\/champignons-magiques\/verre-mesureur-1-l\/\" \/>\n<meta property=\"og:site_name\" content=\"Dutchmicrodosing\" \/>\n<meta property=\"article:publisher\" content=\"https:\/\/www.facebook.com\/Dutchmicrodosingxp\/\" \/>\n<meta property=\"article:modified_time\" content=\"2026-02-03T15:49:19+00:00\" \/>\n<meta property=\"og:image\" content=\"https:\/\/dutchmicrodosing.com\/wp-content\/uploads\/2025\/11\/570137.webp\" \/>\n\t<meta property=\"og:image:width\" content=\"800\" \/>\n\t<meta property=\"og:image:height\" content=\"800\" \/>\n\t<meta property=\"og:image:type\" content=\"image\/webp\" \/>\n<meta name=\"twitter:card\" content=\"summary_large_image\" \/>\n<script type=\"application\/ld+json\" class=\"yoast-schema-graph\">{\"@context\":\"https:\/\/schema.org\",\"@graph\":[{\"@type\":\"WebPage\",\"@id\":\"https:\/\/dutchmicrodosing.com\/fr\/champignons-magiques\/verre-mesureur-1-l\/\",\"url\":\"https:\/\/dutchmicrodosing.com\/fr\/champignons-magiques\/verre-mesureur-1-l\/\",\"name\":\"Verre mesureur - 1 L - Dutchmicrodosing\",\"isPartOf\":{\"@id\":\"https:\/\/dutchmicrodosing.com\/fr\/#website\"},\"primaryImageOfPage\":{\"@id\":\"https:\/\/dutchmicrodosing.com\/fr\/champignons-magiques\/verre-mesureur-1-l\/#primaryimage\"},\"image\":{\"@id\":\"https:\/\/dutchmicrodosing.com\/fr\/champignons-magiques\/verre-mesureur-1-l\/#primaryimage\"},\"thumbnailUrl\":\"https:\/\/dutchmicrodosing.com\/wp-content\/uploads\/2025\/11\/570137.webp\",\"datePublished\":\"2025-11-24T15:03:53+00:00\",\"dateModified\":\"2026-02-03T15:49:19+00:00\",\"description\":\"Verre mesureur robuste de 1 L en polypropyl\u00e8ne durable. Id\u00e9al pour la culture de champignons, la cuisine ou le jardin. \u00c9quip\u00e9 d'une graduation claire et d'un bec verseur.\",\"breadcrumb\":{\"@id\":\"https:\/\/dutchmicrodosing.com\/fr\/champignons-magiques\/verre-mesureur-1-l\/#breadcrumb\"},\"inLanguage\":\"fr-FR\",\"potentialAction\":[{\"@type\":\"ReadAction\",\"target\":[\"https:\/\/dutchmicrodosing.com\/fr\/champignons-magiques\/verre-mesureur-1-l\/\"]}]},{\"@type\":\"ImageObject\",\"inLanguage\":\"fr-FR\",\"@id\":\"https:\/\/dutchmicrodosing.com\/fr\/champignons-magiques\/verre-mesureur-1-l\/#primaryimage\",\"url\":\"https:\/\/dutchmicrodosing.com\/wp-content\/uploads\/2025\/11\/570137.webp\",\"contentUrl\":\"https:\/\/dutchmicrodosing.com\/wp-content\/uploads\/2025\/11\/570137.webp\",\"width\":800,\"height\":800},{\"@type\":\"BreadcrumbList\",\"@id\":\"https:\/\/dutchmicrodosing.com\/fr\/champignons-magiques\/verre-mesureur-1-l\/#breadcrumb\",\"itemListElement\":[{\"@type\":\"ListItem\",\"position\":1,\"name\":\"Home\",\"item\":\"https:\/\/dutchmicrodosing.com\/fr\/\"},{\"@type\":\"ListItem\",\"position\":2,\"name\":\"Boutique\",\"item\":\"https:\/\/dutchmicrodosing.com\/fr\/boutique\/\"},{\"@type\":\"ListItem\",\"position\":3,\"name\":\"Verre mesureur &#8211; 1 L\"}]},{\"@type\":\"WebSite\",\"@id\":\"https:\/\/dutchmicrodosing.com\/fr\/#website\",\"url\":\"https:\/\/dutchmicrodosing.com\/fr\/\",\"name\":\"Dutchmicrodosing\",\"description\":\"\",\"publisher\":{\"@id\":\"https:\/\/dutchmicrodosing.com\/fr\/#organization\"},\"potentialAction\":[{\"@type\":\"SearchAction\",\"target\":{\"@type\":\"EntryPoint\",\"urlTemplate\":\"https:\/\/dutchmicrodosing.com\/fr\/?s={search_term_string}\"},\"query-input\":{\"@type\":\"PropertyValueSpecification\",\"valueRequired\":true,\"valueName\":\"search_term_string\"}}],\"inLanguage\":\"fr-FR\"},{\"@type\":\"Organization\",\"@id\":\"https:\/\/dutchmicrodosing.com\/fr\/#organization\",\"name\":\"Dutchmicrodosing\",\"url\":\"https:\/\/dutchmicrodosing.com\/fr\/\",\"logo\":{\"@type\":\"ImageObject\",\"inLanguage\":\"fr-FR\",\"@id\":\"https:\/\/dutchmicrodosing.com\/fr\/#\/schema\/logo\/image\/\",\"url\":\"https:\/\/dutchmicrodosing.com\/wp-content\/uploads\/2021\/01\/microdosing-categorie-pic-nieuw.jpg\",\"contentUrl\":\"https:\/\/dutchmicrodosing.com\/wp-content\/uploads\/2021\/01\/microdosing-categorie-pic-nieuw.jpg\",\"width\":500,\"height\":500,\"caption\":\"Dutchmicrodosing\"},\"image\":{\"@id\":\"https:\/\/dutchmicrodosing.com\/fr\/#\/schema\/logo\/image\/\"},\"sameAs\":[\"https:\/\/www.facebook.com\/Dutchmicrodosingxp\/\",\"https:\/\/www.instagram.com\/dutchmicrodosing\/\"]}]}<\/script>\n<meta property=\"product:price:amount\" content=\"2.95\" \/>\n<meta property=\"product:price:currency\" content=\"EUR\" \/>\n<meta property=\"og:availability\" content=\"instock\" \/>\n<meta property=\"product:availability\" content=\"instock\" \/>\n<meta property=\"product:retailer_item_id\" content=\"5209305\" \/>\n<meta property=\"product:condition\" content=\"new\" \/>\n<!-- \/ Yoast SEO Premium plugin. -->","yoast_head_json":{"title":"Verre mesureur - 1 L - Dutchmicrodosing","description":"Verre mesureur robuste de 1 L en polypropyl\u00e8ne durable. Id\u00e9al pour la culture de champignons, la cuisine ou le jardin. \u00c9quip\u00e9 d'une graduation claire et d'un bec verseur.","robots":{"index":"index","follow":"follow","max-snippet":"max-snippet:-1","max-image-preview":"max-image-preview:large","max-video-preview":"max-video-preview:-1"},"canonical":"https:\/\/dutchmicrodosing.com\/fr\/champignons-magiques\/verre-mesureur-1-l\/","og_locale":"fr_FR","og_type":"article","og_title":"Verre mesureur - 1 L","og_description":"Le gobelet doseur - 1 L est votre alli\u00e9 id\u00e9al pour mesurer les liquides avec pr\u00e9cision. Que ce soit en cuisine, au jardin ou lors de la culture de","og_url":"https:\/\/dutchmicrodosing.com\/fr\/champignons-magiques\/verre-mesureur-1-l\/","og_site_name":"Dutchmicrodosing","article_publisher":"https:\/\/www.facebook.com\/Dutchmicrodosingxp\/","article_modified_time":"2026-02-03T15:49:19+00:00","og_image":[{"width":800,"height":800,"url":"https:\/\/dutchmicrodosing.com\/wp-content\/uploads\/2025\/11\/570137.webp","type":"image\/webp"}],"twitter_card":"summary_large_image","schema":{"@context":"https:\/\/schema.org","@graph":[{"@type":"WebPage","@id":"https:\/\/dutchmicrodosing.com\/fr\/champignons-magiques\/verre-mesureur-1-l\/","url":"https:\/\/dutchmicrodosing.com\/fr\/champignons-magiques\/verre-mesureur-1-l\/","name":"Verre mesureur - 1 L - Dutchmicrodosing","isPartOf":{"@id":"https:\/\/dutchmicrodosing.com\/fr\/#website"},"primaryImageOfPage":{"@id":"https:\/\/dutchmicrodosing.com\/fr\/champignons-magiques\/verre-mesureur-1-l\/#primaryimage"},"image":{"@id":"https:\/\/dutchmicrodosing.com\/fr\/champignons-magiques\/verre-mesureur-1-l\/#primaryimage"},"thumbnailUrl":"https:\/\/dutchmicrodosing.com\/wp-content\/uploads\/2025\/11\/570137.webp","datePublished":"2025-11-24T15:03:53+00:00","dateModified":"2026-02-03T15:49:19+00:00","description":"Verre mesureur robuste de 1 L en polypropyl\u00e8ne durable. Id\u00e9al pour la culture de champignons, la cuisine ou le jardin. \u00c9quip\u00e9 d'une graduation claire et d'un bec verseur.","breadcrumb":{"@id":"https:\/\/dutchmicrodosing.com\/fr\/champignons-magiques\/verre-mesureur-1-l\/#breadcrumb"},"inLanguage":"fr-FR","potentialAction":[{"@type":"ReadAction","target":["https:\/\/dutchmicrodosing.com\/fr\/champignons-magiques\/verre-mesureur-1-l\/"]}]},{"@type":"ImageObject","inLanguage":"fr-FR","@id":"https:\/\/dutchmicrodosing.com\/fr\/champignons-magiques\/verre-mesureur-1-l\/#primaryimage","url":"https:\/\/dutchmicrodosing.com\/wp-content\/uploads\/2025\/11\/570137.webp","contentUrl":"https:\/\/dutchmicrodosing.com\/wp-content\/uploads\/2025\/11\/570137.webp","width":800,"height":800},{"@type":"BreadcrumbList","@id":"https:\/\/dutchmicrodosing.com\/fr\/champignons-magiques\/verre-mesureur-1-l\/#breadcrumb","itemListElement":[{"@type":"ListItem","position":1,"name":"Home","item":"https:\/\/dutchmicrodosing.com\/fr\/"},{"@type":"ListItem","position":2,"name":"Boutique","item":"https:\/\/dutchmicrodosing.com\/fr\/boutique\/"},{"@type":"ListItem","position":3,"name":"Verre mesureur &#8211; 1 L"}]},{"@type":"WebSite","@id":"https:\/\/dutchmicrodosing.com\/fr\/#website","url":"https:\/\/dutchmicrodosing.com\/fr\/","name":"Dutchmicrodosing","description":"","publisher":{"@id":"https:\/\/dutchmicrodosing.com\/fr\/#organization"},"potentialAction":[{"@type":"SearchAction","target":{"@type":"EntryPoint","urlTemplate":"https:\/\/dutchmicrodosing.com\/fr\/?s={search_term_string}"},"query-input":{"@type":"PropertyValueSpecification","valueRequired":true,"valueName":"search_term_string"}}],"inLanguage":"fr-FR"},{"@type":"Organization","@id":"https:\/\/dutchmicrodosing.com\/fr\/#organization","name":"Dutchmicrodosing","url":"https:\/\/dutchmicrodosing.com\/fr\/","logo":{"@type":"ImageObject","inLanguage":"fr-FR","@id":"https:\/\/dutchmicrodosing.com\/fr\/#\/schema\/logo\/image\/","url":"https:\/\/dutchmicrodosing.com\/wp-content\/uploads\/2021\/01\/microdosing-categorie-pic-nieuw.jpg","contentUrl":"https:\/\/dutchmicrodosing.com\/wp-content\/uploads\/2021\/01\/microdosing-categorie-pic-nieuw.jpg","width":500,"height":500,"caption":"Dutchmicrodosing"},"image":{"@id":"https:\/\/dutchmicrodosing.com\/fr\/#\/schema\/logo\/image\/"},"sameAs":["https:\/\/www.facebook.com\/Dutchmicrodosingxp\/","https:\/\/www.instagram.com\/dutchmicrodosing\/"]}]},"product_price_amount":"2.95","product_price_currency":"EUR","og_availability":"instock","product_availability":"instock","product_retailer_item_id":"5209305","product_condition":"new"},"_links":{"self":[{"href":"https:\/\/dutchmicrodosing.com\/fr\/wp-json\/wp\/v2\/product\/62749","targetHints":{"allow":["GET"]}}],"collection":[{"href":"https:\/\/dutchmicrodosing.com\/fr\/wp-json\/wp\/v2\/product"}],"about":[{"href":"https:\/\/dutchmicrodosing.com\/fr\/wp-json\/wp\/v2\/types\/product"}],"replies":[{"embeddable":true,"href":"https:\/\/dutchmicrodosing.com\/fr\/wp-json\/wp\/v2\/comments?post=62749"}],"version-history":[{"count":1,"href":"https:\/\/dutchmicrodosing.com\/fr\/wp-json\/wp\/v2\/product\/62749\/revisions"}],"predecessor-version":[{"id":64350,"href":"https:\/\/dutchmicrodosing.com\/fr\/wp-json\/wp\/v2\/product\/62749\/revisions\/64350"}],"wp:featuredmedia":[{"embeddable":true,"href":"https:\/\/dutchmicrodosing.com\/fr\/wp-json\/wp\/v2\/media\/62747"}],"wp:attachment":[{"href":"https:\/\/dutchmicrodosing.com\/fr\/wp-json\/wp\/v2\/media?parent=62749"}],"wp:term":[{"taxonomy":"product_brand","embeddable":true,"href":"https:\/\/dutchmicrodosing.com\/fr\/wp-json\/wp\/v2\/product_brand?post=62749"},{"taxonomy":"product_cat","embeddable":true,"href":"https:\/\/dutchmicrodosing.com\/fr\/wp-json\/wp\/v2\/product_cat?post=62749"},{"taxonomy":"product_tag","embeddable":true,"href":"https:\/\/dutchmicrodosing.com\/fr\/wp-json\/wp\/v2\/product_tag?post=62749"}],"curies":[{"name":"wp","href":"https:\/\/api.w.org\/{rel}","templated":true}]}}