{"id":64119,"date":"2026-02-02T15:24:16","date_gmt":"2026-02-02T14:24:16","guid":{"rendered":"https:\/\/dutchmicrodosing.com\/shop\/non class\u00e9\/kit-de-culture-royale-flush-melmac-116\/"},"modified":"2026-02-02T17:18:55","modified_gmt":"2026-02-02T16:18:55","slug":"kit-de-culture-royale-flush-melmac-116","status":"publish","type":"product","link":"https:\/\/dutchmicrodosing.com\/fr\/champignons-magiques\/kits-de-culture-speciaux\/kit-de-culture-royale-flush-melmac-116\/","title":{"rendered":"Kit de culture Royale Flush Melmac 116"},"content":{"rendered":"<p>Le <strong>kit de culture Royale Flush Melmac 116<\/strong> est une variante particuli\u00e8re de <em>Psilocybe cubensis<\/em> (champignon magique) r\u00e9put\u00e9e pour sa forte croissance et ses champignons remarquablement grands. Cette esp\u00e8ce est souvent choisie par les cultivateurs exp\u00e9riment\u00e9s qui recherchent une culture de caract\u00e8re avec des r\u00e9sultats stables et une apparence impressionnante.<\/p>\n<blockquote><p>Melmac 116 est une variante de cubensis perfectionn\u00e9e de la famille Melmac, appr\u00e9ci\u00e9e pour sa croissance vigoureuse, ses champignons imposants et ses flushes constants.<\/p><\/blockquote>\n<h2>Qu&rsquo;est-ce que le kit de culture Melmac 116 ?<\/h2>\n<p>Melmac 116 appartient \u00e0 la famille des <em>Psilocybe cubensis<\/em> et est issu d&rsquo;une s\u00e9lection rare de la g\u00e9n\u00e9tique Melmac originale. Gr\u00e2ce \u00e0 un d\u00e9veloppement cibl\u00e9, cette variante a \u00e9t\u00e9 optimis\u00e9e pour la vigueur de croissance et le rendement. Il en r\u00e9sulte une culture qui produit des champignons robustes et qui, avec de bons soins, peut donner plusieurs r\u00e9coltes.<\/p>\n<h2>Caract\u00e9ristiques et forme de croissance<\/h2>\n<p>Ce qui rend Melmac 116 imm\u00e9diatement reconnaissable, c&rsquo;est la taille des champignons. Ils poussent de mani\u00e8re compacte et robuste, avec des tiges \u00e9paisses et de larges chapeaux. De nombreux cultivateurs choisissent cette esp\u00e8ce en raison de la combinaison de l&rsquo;apparence et du rendement.<\/p>\n<ul>\n<li>Grands corps fructif\u00e8res \u00e0 l&rsquo;aspect massif<\/li>\n<li>Rendement total moyen d&rsquo;environ 400\u2013800 grammes<\/li>\n<li>Possibilit\u00e9 de plusieurs flushes (g\u00e9n\u00e9ralement 2\u20133)<\/li>\n<li>D\u00e9riv\u00e9 de la g\u00e9n\u00e9tique bien connue de Penis Envy<\/li>\n<\/ul>\n<h2>Que contient le kit de culture ?<\/h2>\n<p>Ce kit de culture contient un substrat soigneusement compos\u00e9 qui est enti\u00e8rement colonis\u00e9 par le myc\u00e9lium Melmac 116. Tout est pr\u00e9par\u00e9 de mani\u00e8re st\u00e9rile, vous pouvez donc commencer sans mat\u00e9riel suppl\u00e9mentaire.<\/p>\n<ul>\n<li>Kit de culture de 1200 cc<\/li>\n<li>Myc\u00e9lium Melmac 116 actif<\/li>\n<li>Substrat s\u00e9lectionn\u00e9 pour un processus de culture stable<\/li>\n<\/ul>\n<h2>Comment utiliser le kit de culture Melmac 116 ?<\/h2>\n<p>La m\u00e9thode de culture ressemble dans les grandes lignes \u00e0 celle des autres kits de culture cubensis, mais n\u00e9cessite un peu plus d&rsquo;attention aux bonnes conditions. Le calme, la patience et le travail propre sont importants.<\/p>\n<ul>\n<li>Placez le kit de culture dans un endroit propre et calme<\/li>\n<li>Temp\u00e9rature recommand\u00e9e&nbsp;: 20\u201325&nbsp;\u00b0C<\/li>\n<li>Suffisamment de lumi\u00e8re du jour, pas de lumi\u00e8re directe du soleil<\/li>\n<li>Assurer r\u00e9guli\u00e8rement de l&rsquo;air frais<\/li>\n<\/ul>\n<p>Les premiers champignons apparaissent g\u00e9n\u00e9ralement apr\u00e8s environ 3 \u00e0 4 semaines. Apr\u00e8s la r\u00e9colte, vous pouvez r\u00e9utiliser le kit pour un flush suivant. Pour de meilleurs r\u00e9sultats, suivez le manuel (fourni avec le kit de culture ou \u00e0 consulter via : <span style=\"text-decoration: underline; color: #0000ff;\"><a style=\"text-decoration: underline; color: #0000ff;\" href=\"https:\/\/royaleflush.nl\/en\/growguide\/?v=1a13105b7e4e\">Manuel<\/a><\/span>) avec des explications claires et des photos.<\/p>\n<h2>\u00c0 quoi pouvez-vous vous attendre de cette culture&nbsp;?<\/h2>\n<p>Melmac 116 est souvent choisi par les cultivateurs qui appr\u00e9cient un rendement important et une forme de croissance prononc\u00e9e. Dans des conditions stables, la culture est g\u00e9n\u00e9ralement fiable. Les r\u00e9sultats finaux varient selon l&rsquo;environnement, l&rsquo;utilisateur et les soins.<\/p>\n<h2>\u00c0 qui convient Melmac 116&nbsp;?<\/h2>\n<p>Ce kit de culture convient bien \u00e0&nbsp;:<\/p>\n<ul>\n<li>Cultivateurs ayant une certaine exp\u00e9rience<\/li>\n<li>Les personnes qui recherchent de gros champignons robustes<\/li>\n<li>Les utilisateurs qui souhaitent obtenir plusieurs flushes \u00e0 partir d&rsquo;un seul kit<\/li>\n<\/ul>\n<p>Vous venez de commencer \u00e0 cultiver&nbsp;? Une variante de cubensis plus simple peut parfois \u00eatre une premi\u00e8re \u00e9tape plus agr\u00e9able.<\/p>\n<h2>Alternatives et variantes<\/h2>\n<p>Outre Melmac 116, d&rsquo;autres kits de culture <em>Psilocybe cubensis<\/em> sont \u00e9galement disponibles dans la gamme, notamment des esp\u00e8ces plus adapt\u00e9es aux d\u00e9butants ou des variantes avec une colonisation plus rapide. Vous pouvez ainsi choisir une culture qui correspond \u00e0 votre exp\u00e9rience et \u00e0 vos souhaits.<\/p>\n<h2>S\u00e9curit\u00e9 et points d&rsquo;attention<\/h2>\n<p>Veillez toujours \u00e0 une m\u00e9thode de travail hygi\u00e9nique et suivez attentivement les instructions. Gardez le kit de culture hors de port\u00e9e des enfants et des animaux domestiques. Ce produit est destin\u00e9 \u00e0 des fins \u00e9ducatives et de collection.<\/p>\n","protected":false},"excerpt":{"rendered":"<p>Le kit de culture Royale Flush Melmac 116 est une variante particuli\u00e8re de Psilocybe cubensis (champignon magique) r\u00e9put\u00e9e pour sa forte croissance et ses champignons remarquablement grands. Cette esp\u00e8ce est souvent choisie par les cultivateurs exp\u00e9riment\u00e9s qui recherchent une culture de caract\u00e8re avec des r\u00e9sultats stables et une apparence impressionnante. Melmac 116 est une variante [&hellip;]<\/p>\n","protected":false},"featured_media":64117,"comment_status":"closed","ping_status":"closed","template":"","meta":[],"product_brand":[],"product_cat":[410],"product_tag":[],"class_list":{"0":"post-64119","1":"product","2":"type-product","3":"status-publish","4":"has-post-thumbnail","6":"product_cat-kits-de-culture-speciaux","8":"first","9":"instock","10":"taxable","11":"shipping-taxable","12":"purchasable","13":"product-type-simple"},"yoast_head":"<!-- This site is optimized with the Yoast SEO Premium plugin v26.4 (Yoast SEO v27.2) - https:\/\/yoast.com\/product\/yoast-seo-premium-wordpress\/ -->\n<title>Kit de culture Royale Flush Melmac 116 - Dutchmicrodosing<\/title>\n<meta name=\"description\" content=\"D\u00e9couvrez ce qu&#039;est le kit de culture Melmac 116, comment se d\u00e9roule la culture, \u00e0 quoi vous pouvez vous attendre et \u00e0 qui convient cette variante de cubensis. Manuel PDF inclus !\" \/>\n<meta name=\"robots\" content=\"index, follow, max-snippet:-1, max-image-preview:large, max-video-preview:-1\" \/>\n<link rel=\"canonical\" href=\"https:\/\/dutchmicrodosing.com\/fr\/champignons-magiques\/kits-de-culture-speciaux\/kit-de-culture-royale-flush-melmac-116\/\" \/>\n<meta property=\"og:locale\" content=\"fr_FR\" \/>\n<meta property=\"og:type\" content=\"article\" \/>\n<meta property=\"og:title\" content=\"Kit de culture Royale Flush Melmac 116\" \/>\n<meta property=\"og:description\" content=\"Le kit de culture Royale Flush Melmac 116 est une variante particuli\u00e8re de Psilocybe cubensis (champignon magique) r\u00e9put\u00e9e pour sa forte croissance et ses\" \/>\n<meta property=\"og:url\" content=\"https:\/\/dutchmicrodosing.com\/fr\/champignons-magiques\/kits-de-culture-speciaux\/kit-de-culture-royale-flush-melmac-116\/\" \/>\n<meta property=\"og:site_name\" content=\"Dutchmicrodosing\" \/>\n<meta property=\"article:publisher\" content=\"https:\/\/www.facebook.com\/Dutchmicrodosingxp\/\" \/>\n<meta property=\"article:modified_time\" content=\"2026-02-02T16:18:55+00:00\" \/>\n<meta property=\"og:image\" content=\"https:\/\/dutchmicrodosing.com\/wp-content\/uploads\/2026\/02\/RoyaleFlush1200ccgrowkit-nobg.webp\" \/>\n\t<meta property=\"og:image:width\" content=\"1548\" \/>\n\t<meta property=\"og:image:height\" content=\"1032\" \/>\n\t<meta property=\"og:image:type\" content=\"image\/webp\" \/>\n<meta name=\"twitter:card\" content=\"summary_large_image\" \/>\n<script type=\"application\/ld+json\" class=\"yoast-schema-graph\">{\"@context\":\"https:\/\/schema.org\",\"@graph\":[{\"@type\":\"WebPage\",\"@id\":\"https:\/\/dutchmicrodosing.com\/fr\/champignons-magiques\/kits-de-culture-speciaux\/kit-de-culture-royale-flush-melmac-116\/\",\"url\":\"https:\/\/dutchmicrodosing.com\/fr\/champignons-magiques\/kits-de-culture-speciaux\/kit-de-culture-royale-flush-melmac-116\/\",\"name\":\"Kit de culture Royale Flush Melmac 116 - Dutchmicrodosing\",\"isPartOf\":{\"@id\":\"https:\/\/dutchmicrodosing.com\/fr\/#website\"},\"primaryImageOfPage\":{\"@id\":\"https:\/\/dutchmicrodosing.com\/fr\/champignons-magiques\/kits-de-culture-speciaux\/kit-de-culture-royale-flush-melmac-116\/#primaryimage\"},\"image\":{\"@id\":\"https:\/\/dutchmicrodosing.com\/fr\/champignons-magiques\/kits-de-culture-speciaux\/kit-de-culture-royale-flush-melmac-116\/#primaryimage\"},\"thumbnailUrl\":\"https:\/\/dutchmicrodosing.com\/wp-content\/uploads\/2026\/02\/RoyaleFlush1200ccgrowkit-nobg.webp\",\"datePublished\":\"2026-02-02T14:24:16+00:00\",\"dateModified\":\"2026-02-02T16:18:55+00:00\",\"description\":\"D\u00e9couvrez ce qu'est le kit de culture Melmac 116, comment se d\u00e9roule la culture, \u00e0 quoi vous pouvez vous attendre et \u00e0 qui convient cette variante de cubensis. Manuel PDF inclus !\",\"breadcrumb\":{\"@id\":\"https:\/\/dutchmicrodosing.com\/fr\/champignons-magiques\/kits-de-culture-speciaux\/kit-de-culture-royale-flush-melmac-116\/#breadcrumb\"},\"inLanguage\":\"fr-FR\",\"potentialAction\":[{\"@type\":\"ReadAction\",\"target\":[\"https:\/\/dutchmicrodosing.com\/fr\/champignons-magiques\/kits-de-culture-speciaux\/kit-de-culture-royale-flush-melmac-116\/\"]}]},{\"@type\":\"ImageObject\",\"inLanguage\":\"fr-FR\",\"@id\":\"https:\/\/dutchmicrodosing.com\/fr\/champignons-magiques\/kits-de-culture-speciaux\/kit-de-culture-royale-flush-melmac-116\/#primaryimage\",\"url\":\"https:\/\/dutchmicrodosing.com\/wp-content\/uploads\/2026\/02\/RoyaleFlush1200ccgrowkit-nobg.webp\",\"contentUrl\":\"https:\/\/dutchmicrodosing.com\/wp-content\/uploads\/2026\/02\/RoyaleFlush1200ccgrowkit-nobg.webp\",\"width\":1548,\"height\":1032,\"caption\":\"Kit de culture Royale Flush Melmac 116\"},{\"@type\":\"BreadcrumbList\",\"@id\":\"https:\/\/dutchmicrodosing.com\/fr\/champignons-magiques\/kits-de-culture-speciaux\/kit-de-culture-royale-flush-melmac-116\/#breadcrumb\",\"itemListElement\":[{\"@type\":\"ListItem\",\"position\":1,\"name\":\"Home\",\"item\":\"https:\/\/dutchmicrodosing.com\/fr\/\"},{\"@type\":\"ListItem\",\"position\":2,\"name\":\"Boutique\",\"item\":\"https:\/\/dutchmicrodosing.com\/fr\/boutique\/\"},{\"@type\":\"ListItem\",\"position\":3,\"name\":\"Kit de culture Royale Flush Melmac 116\"}]},{\"@type\":\"WebSite\",\"@id\":\"https:\/\/dutchmicrodosing.com\/fr\/#website\",\"url\":\"https:\/\/dutchmicrodosing.com\/fr\/\",\"name\":\"Dutchmicrodosing\",\"description\":\"\",\"publisher\":{\"@id\":\"https:\/\/dutchmicrodosing.com\/fr\/#organization\"},\"potentialAction\":[{\"@type\":\"SearchAction\",\"target\":{\"@type\":\"EntryPoint\",\"urlTemplate\":\"https:\/\/dutchmicrodosing.com\/fr\/?s={search_term_string}\"},\"query-input\":{\"@type\":\"PropertyValueSpecification\",\"valueRequired\":true,\"valueName\":\"search_term_string\"}}],\"inLanguage\":\"fr-FR\"},{\"@type\":\"Organization\",\"@id\":\"https:\/\/dutchmicrodosing.com\/fr\/#organization\",\"name\":\"Dutchmicrodosing\",\"url\":\"https:\/\/dutchmicrodosing.com\/fr\/\",\"logo\":{\"@type\":\"ImageObject\",\"inLanguage\":\"fr-FR\",\"@id\":\"https:\/\/dutchmicrodosing.com\/fr\/#\/schema\/logo\/image\/\",\"url\":\"https:\/\/dutchmicrodosing.com\/wp-content\/uploads\/2021\/01\/microdosing-categorie-pic-nieuw.jpg\",\"contentUrl\":\"https:\/\/dutchmicrodosing.com\/wp-content\/uploads\/2021\/01\/microdosing-categorie-pic-nieuw.jpg\",\"width\":500,\"height\":500,\"caption\":\"Dutchmicrodosing\"},\"image\":{\"@id\":\"https:\/\/dutchmicrodosing.com\/fr\/#\/schema\/logo\/image\/\"},\"sameAs\":[\"https:\/\/www.facebook.com\/Dutchmicrodosingxp\/\",\"https:\/\/www.instagram.com\/dutchmicrodosing\/\"]}]}<\/script>\n<meta property=\"product:price:amount\" content=\"37.50\" \/>\n<meta property=\"product:price:currency\" content=\"EUR\" \/>\n<meta property=\"og:availability\" content=\"instock\" \/>\n<meta property=\"product:availability\" content=\"instock\" \/>\n<meta property=\"product:retailer_item_id\" content=\"6201703\" \/>\n<meta property=\"product:condition\" content=\"new\" \/>\n<!-- \/ Yoast SEO Premium plugin. -->","yoast_head_json":{"title":"Kit de culture Royale Flush Melmac 116 - Dutchmicrodosing","description":"D\u00e9couvrez ce qu'est le kit de culture Melmac 116, comment se d\u00e9roule la culture, \u00e0 quoi vous pouvez vous attendre et \u00e0 qui convient cette variante de cubensis. Manuel PDF inclus !","robots":{"index":"index","follow":"follow","max-snippet":"max-snippet:-1","max-image-preview":"max-image-preview:large","max-video-preview":"max-video-preview:-1"},"canonical":"https:\/\/dutchmicrodosing.com\/fr\/champignons-magiques\/kits-de-culture-speciaux\/kit-de-culture-royale-flush-melmac-116\/","og_locale":"fr_FR","og_type":"article","og_title":"Kit de culture Royale Flush Melmac 116","og_description":"Le kit de culture Royale Flush Melmac 116 est une variante particuli\u00e8re de Psilocybe cubensis (champignon magique) r\u00e9put\u00e9e pour sa forte croissance et ses","og_url":"https:\/\/dutchmicrodosing.com\/fr\/champignons-magiques\/kits-de-culture-speciaux\/kit-de-culture-royale-flush-melmac-116\/","og_site_name":"Dutchmicrodosing","article_publisher":"https:\/\/www.facebook.com\/Dutchmicrodosingxp\/","article_modified_time":"2026-02-02T16:18:55+00:00","og_image":[{"width":1548,"height":1032,"url":"https:\/\/dutchmicrodosing.com\/wp-content\/uploads\/2026\/02\/RoyaleFlush1200ccgrowkit-nobg.webp","type":"image\/webp"}],"twitter_card":"summary_large_image","schema":{"@context":"https:\/\/schema.org","@graph":[{"@type":"WebPage","@id":"https:\/\/dutchmicrodosing.com\/fr\/champignons-magiques\/kits-de-culture-speciaux\/kit-de-culture-royale-flush-melmac-116\/","url":"https:\/\/dutchmicrodosing.com\/fr\/champignons-magiques\/kits-de-culture-speciaux\/kit-de-culture-royale-flush-melmac-116\/","name":"Kit de culture Royale Flush Melmac 116 - Dutchmicrodosing","isPartOf":{"@id":"https:\/\/dutchmicrodosing.com\/fr\/#website"},"primaryImageOfPage":{"@id":"https:\/\/dutchmicrodosing.com\/fr\/champignons-magiques\/kits-de-culture-speciaux\/kit-de-culture-royale-flush-melmac-116\/#primaryimage"},"image":{"@id":"https:\/\/dutchmicrodosing.com\/fr\/champignons-magiques\/kits-de-culture-speciaux\/kit-de-culture-royale-flush-melmac-116\/#primaryimage"},"thumbnailUrl":"https:\/\/dutchmicrodosing.com\/wp-content\/uploads\/2026\/02\/RoyaleFlush1200ccgrowkit-nobg.webp","datePublished":"2026-02-02T14:24:16+00:00","dateModified":"2026-02-02T16:18:55+00:00","description":"D\u00e9couvrez ce qu'est le kit de culture Melmac 116, comment se d\u00e9roule la culture, \u00e0 quoi vous pouvez vous attendre et \u00e0 qui convient cette variante de cubensis. Manuel PDF inclus !","breadcrumb":{"@id":"https:\/\/dutchmicrodosing.com\/fr\/champignons-magiques\/kits-de-culture-speciaux\/kit-de-culture-royale-flush-melmac-116\/#breadcrumb"},"inLanguage":"fr-FR","potentialAction":[{"@type":"ReadAction","target":["https:\/\/dutchmicrodosing.com\/fr\/champignons-magiques\/kits-de-culture-speciaux\/kit-de-culture-royale-flush-melmac-116\/"]}]},{"@type":"ImageObject","inLanguage":"fr-FR","@id":"https:\/\/dutchmicrodosing.com\/fr\/champignons-magiques\/kits-de-culture-speciaux\/kit-de-culture-royale-flush-melmac-116\/#primaryimage","url":"https:\/\/dutchmicrodosing.com\/wp-content\/uploads\/2026\/02\/RoyaleFlush1200ccgrowkit-nobg.webp","contentUrl":"https:\/\/dutchmicrodosing.com\/wp-content\/uploads\/2026\/02\/RoyaleFlush1200ccgrowkit-nobg.webp","width":1548,"height":1032,"caption":"Kit de culture Royale Flush Melmac 116"},{"@type":"BreadcrumbList","@id":"https:\/\/dutchmicrodosing.com\/fr\/champignons-magiques\/kits-de-culture-speciaux\/kit-de-culture-royale-flush-melmac-116\/#breadcrumb","itemListElement":[{"@type":"ListItem","position":1,"name":"Home","item":"https:\/\/dutchmicrodosing.com\/fr\/"},{"@type":"ListItem","position":2,"name":"Boutique","item":"https:\/\/dutchmicrodosing.com\/fr\/boutique\/"},{"@type":"ListItem","position":3,"name":"Kit de culture Royale Flush Melmac 116"}]},{"@type":"WebSite","@id":"https:\/\/dutchmicrodosing.com\/fr\/#website","url":"https:\/\/dutchmicrodosing.com\/fr\/","name":"Dutchmicrodosing","description":"","publisher":{"@id":"https:\/\/dutchmicrodosing.com\/fr\/#organization"},"potentialAction":[{"@type":"SearchAction","target":{"@type":"EntryPoint","urlTemplate":"https:\/\/dutchmicrodosing.com\/fr\/?s={search_term_string}"},"query-input":{"@type":"PropertyValueSpecification","valueRequired":true,"valueName":"search_term_string"}}],"inLanguage":"fr-FR"},{"@type":"Organization","@id":"https:\/\/dutchmicrodosing.com\/fr\/#organization","name":"Dutchmicrodosing","url":"https:\/\/dutchmicrodosing.com\/fr\/","logo":{"@type":"ImageObject","inLanguage":"fr-FR","@id":"https:\/\/dutchmicrodosing.com\/fr\/#\/schema\/logo\/image\/","url":"https:\/\/dutchmicrodosing.com\/wp-content\/uploads\/2021\/01\/microdosing-categorie-pic-nieuw.jpg","contentUrl":"https:\/\/dutchmicrodosing.com\/wp-content\/uploads\/2021\/01\/microdosing-categorie-pic-nieuw.jpg","width":500,"height":500,"caption":"Dutchmicrodosing"},"image":{"@id":"https:\/\/dutchmicrodosing.com\/fr\/#\/schema\/logo\/image\/"},"sameAs":["https:\/\/www.facebook.com\/Dutchmicrodosingxp\/","https:\/\/www.instagram.com\/dutchmicrodosing\/"]}]},"product_price_amount":"37.50","product_price_currency":"EUR","og_availability":"instock","product_availability":"instock","product_retailer_item_id":"6201703","product_condition":"new"},"_links":{"self":[{"href":"https:\/\/dutchmicrodosing.com\/fr\/wp-json\/wp\/v2\/product\/64119","targetHints":{"allow":["GET"]}}],"collection":[{"href":"https:\/\/dutchmicrodosing.com\/fr\/wp-json\/wp\/v2\/product"}],"about":[{"href":"https:\/\/dutchmicrodosing.com\/fr\/wp-json\/wp\/v2\/types\/product"}],"replies":[{"embeddable":true,"href":"https:\/\/dutchmicrodosing.com\/fr\/wp-json\/wp\/v2\/comments?post=64119"}],"version-history":[{"count":0,"href":"https:\/\/dutchmicrodosing.com\/fr\/wp-json\/wp\/v2\/product\/64119\/revisions"}],"wp:featuredmedia":[{"embeddable":true,"href":"https:\/\/dutchmicrodosing.com\/fr\/wp-json\/wp\/v2\/media\/64117"}],"wp:attachment":[{"href":"https:\/\/dutchmicrodosing.com\/fr\/wp-json\/wp\/v2\/media?parent=64119"}],"wp:term":[{"taxonomy":"product_brand","embeddable":true,"href":"https:\/\/dutchmicrodosing.com\/fr\/wp-json\/wp\/v2\/product_brand?post=64119"},{"taxonomy":"product_cat","embeddable":true,"href":"https:\/\/dutchmicrodosing.com\/fr\/wp-json\/wp\/v2\/product_cat?post=64119"},{"taxonomy":"product_tag","embeddable":true,"href":"https:\/\/dutchmicrodosing.com\/fr\/wp-json\/wp\/v2\/product_tag?post=64119"}],"curies":[{"name":"wp","href":"https:\/\/api.w.org\/{rel}","templated":true}]}}