{"id":64186,"date":"2026-02-03T05:21:10","date_gmt":"2026-02-03T04:21:10","guid":{"rendered":"https:\/\/dutchmicrodosing.com\/shop\/non%20class\u00e9\/kit-de-culture-de-champignons-hillbilly-pumpkin\/"},"modified":"2026-02-03T14:32:51","modified_gmt":"2026-02-03T13:32:51","slug":"kit-de-culture-de-champignons-hillbilly-pumpkin","status":"publish","type":"product","link":"https:\/\/dutchmicrodosing.com\/fr\/champignons-magiques\/kits-de-culture-mystic-fungi\/kit-de-culture-de-champignons-hillbilly-pumpkin\/","title":{"rendered":"Kit de culture de champignons Hillbilly Pumpkin"},"content":{"rendered":"<p>Le <strong>Kit de culture de champignons Hillbilly Pumpkin<\/strong> de Mystic Fungi est un kit de culture robuste et remarquable avec un caract\u00e8re unique. Cette version sp\u00e9ciale du Hillbilly <em>Psilocybe cubensis<\/em> est connue pour ses tiges \u00e9paisses et ses chapeaux orange vif, qui rappellent de petites citrouilles. Gr\u00e2ce \u00e0 sa conception intelligente n\u00e9cessitant peu d&rsquo;entretien et \u00e0 son rendement \u00e9lev\u00e9, ce kit de culture est id\u00e9al aussi bien pour les cultivateurs d\u00e9butants que pour les amateurs exp\u00e9riment\u00e9s.<\/p>\n<h2>Propri\u00e9t\u00e9s<\/h2>\n<ul>\n<li>Concept de culture renouvel\u00e9 avec un rendement sup\u00e9rieur aux kits de culture traditionnels<\/li>\n<li>Rendement jusqu&rsquo;\u00e0 environ 700 g de champignons hallucinog\u00e8nes frais par kit<\/li>\n<li>Entretien minimal&nbsp;: il n&rsquo;est pas n\u00e9cessaire d&rsquo;ouvrir ou de vaporiser quotidiennement<\/li>\n<li>Seul un apport r\u00e9gulier d&rsquo;air frais suffit<\/li>\n<li>Livr\u00e9 avec un clip de sac pratique, un scellant est superflu<\/li>\n<li>Pr\u00eat pour la premi\u00e8re r\u00e9colte en 2 \u00e0 3&nbsp;semaines<\/li>\n<li>Excellent choix pour ceux qui recherchent une esp\u00e8ce particuli\u00e8re avec une apparence unique<\/li>\n<\/ul>\n<h2>Ingr\u00e9dients et composition<\/h2>\n<p>Le kit de culture contient un substrat sp\u00e9cialement compos\u00e9 qui est enti\u00e8rement colonis\u00e9 par le myc\u00e9lium du Hillbilly Pumpkin (<em>Psilocybe cubensis<\/em>). Le substrat est emball\u00e9 dans un bac de culture sp\u00e9cialement con\u00e7u. De plus, un sac de culture avec filtre et un clip de sac r\u00e9utilisable sont inclus.<\/p>\n<h2>Instructions pour la mise en place du kit de culture Hillbilly Pumpkin<\/h2>\n<p>Travaillez toujours dans un environnement propre pour \u00e9viter la contamination par des micro-organismes ind\u00e9sirables. Il est essentiel de travailler de mani\u00e8re hygi\u00e9nique. Utilisez uniquement de l&rsquo;eau du robinet propre ou de l&rsquo;eau min\u00e9rale pour la brumisation et le trempage. L&rsquo;eau distill\u00e9e ou d\u00e9min\u00e9ralis\u00e9e ne convient pas \u00e0 cet usage.<\/p>\n<ol>\n<li>Sortez le sac de culture de l&#8217;emballage et d\u00e9pliez-le compl\u00e8tement.<\/li>\n<li>Ouvre le sac en retirant la pince herm\u00e9tique en haut. Introduisez d\u00e9licatement de l&rsquo;air frais dans le sac en l&rsquo;\u00e9tirant doucement, puis refermez-le avec le clip. Pour limiter la croissance lat\u00e9rale des champignons, vous pouvez placer un \u00e9lastique autour de l&rsquo;ext\u00e9rieur du sac, \u00e0 environ 1,5&nbsp;cm sous le haut du substrat.<\/li>\n<li>Suivez le processus de croissance&nbsp;: surveillez attentivement le sac d\u00e8s que les champignons apparaissent. Pendant les deux premi\u00e8res phases de croissance, il n&rsquo;est pas n\u00e9cessaire d&rsquo;arroser. Lorsque les chapeaux commencent \u00e0 s&rsquo;ouvrir, le moment de la r\u00e9colte est venu. Attention&nbsp;: toutes les vari\u00e9t\u00e9s ne forment pas de voile ou ne lib\u00e8rent pas de spores.<\/li>\n<li>R\u00e9colte&nbsp;: assurez un environnement de travail hygi\u00e9nique en vous d\u00e9sinfectant les mains et en portant de pr\u00e9f\u00e9rence des gants. Tournez d\u00e9licatement les champignons dans le sens des aiguilles d&rsquo;une montre pour les d\u00e9tacher. R\u00e9coltez d\u00e8s que les chapeaux s&rsquo;ouvrent pour un r\u00e9sultat optimal. Selon les circonstances, les champignons sont g\u00e9n\u00e9ralement pr\u00eats \u00e0 \u00eatre r\u00e9colt\u00e9s apr\u00e8s deux \u00e0 quatre&nbsp;semaines.<\/li>\n<li>Soins apr\u00e8s la r\u00e9colte&nbsp;: apr\u00e8s la deuxi\u00e8me flush, ajoutez une petite quantit\u00e9 d&rsquo;eau (environ un tiers jusqu&rsquo;au niveau du substrat). Refermez bien le sac avec le clip. N&rsquo;oubliez pas d&rsquo;ajouter de l&rsquo;air frais de temps en temps. Vous pouvez \u00e9goutter tout exc\u00e8s d&rsquo;eau qui n&rsquo;a pas \u00e9t\u00e9 absorb\u00e9 apr\u00e8s douze&nbsp;heures.<\/li>\n<li>Gestion de la temp\u00e9rature&nbsp;: maintenez la temp\u00e9rature aussi constante que possible entre 20 et 25&nbsp;\u00b0C pour une croissance optimale. De grandes fluctuations de temp\u00e9rature peuvent affecter n\u00e9gativement le rendement.<\/li>\n<li>R\u00e9coltes suivantes&nbsp;: au moins deux r\u00e9coltes sont possibles par sac de culture, mais dans des conditions favorables, il peut y en avoir trois ou quatre. Apr\u00e8s chaque r\u00e9colte, refermez le sac et ajoutez de l&rsquo;eau pour stimuler une nouvelle croissance.<\/li>\n<\/ol>\n<h2>Contenu de l&#8217;emballage<\/h2>\n<ul>\n<li>1 kit de culture avec substrat enti\u00e8rement envahi<\/li>\n<li>1 sac de culture avec microfiltre<\/li>\n<li>1 pince \u00e0 sac r\u00e9utilisable<\/li>\n<li>Manuel d&rsquo;utilisation complet et clair<\/li>\n<\/ul>\n<h2>Comment conserver le kit de culture<\/h2>\n<p>Il est judicieux de commencer le processus de culture d\u00e8s que vous recevez le kit de culture. Si vous choisissez de commencer plus tard, ce qui peut affecter la qualit\u00e9 du kit, vous pouvez conserver le kit de culture au r\u00e9frig\u00e9rateur pendant 2 semaines maximum (\u00e0 des temp\u00e9ratures comprises entre 2\u00b0C et 8\u00b0C). Vous pouvez laisser le sac de culture avec le myc\u00e9lium dans la bo\u00eete et le placer au r\u00e9frig\u00e9rateur. Veillez \u00e0 ce que votre r\u00e9frig\u00e9rateur soit propre et exempt de moisissures. Comme pr\u00e9caution suppl\u00e9mentaire, vous pouvez placer l&rsquo;ensemble dans un sac en plastique propre ou un sac de culture.<\/p>\n","protected":false},"excerpt":{"rendered":"<p>Le Kit de culture de champignons Hillbilly Pumpkin de Mystic Fungi est un kit de culture robuste et remarquable avec un caract\u00e8re unique. Cette version sp\u00e9ciale du Hillbilly Psilocybe cubensis est connue pour ses tiges \u00e9paisses et ses chapeaux orange vif, qui rappellent de petites citrouilles. Gr\u00e2ce \u00e0 sa conception intelligente n\u00e9cessitant peu d&rsquo;entretien et [&hellip;]<\/p>\n","protected":false},"featured_media":64179,"comment_status":"closed","ping_status":"closed","template":"","meta":[],"product_brand":[],"product_cat":[342],"product_tag":[],"class_list":{"0":"post-64186","1":"product","2":"type-product","3":"status-publish","4":"has-post-thumbnail","6":"product_cat-kits-de-culture-mystic-fungi","8":"first","9":"outofstock","10":"taxable","11":"shipping-taxable","12":"purchasable","13":"product-type-simple"},"yoast_head":"<!-- This site is optimized with the Yoast SEO Premium plugin v26.4 (Yoast SEO v27.2) - https:\/\/yoast.com\/product\/yoast-seo-premium-wordpress\/ -->\n<title>Kit de culture de champignons Hillbilly Pumpkin - Dutchmicrodosing<\/title>\n<meta name=\"description\" content=\"Cultivez vos propres champignons Hillbilly Pumpkin avec ce kit de culture complet de Mystic Fungi. Peu d&#039;entretien, rendement \u00e9lev\u00e9 et r\u00e9sultats rapides.\" \/>\n<meta name=\"robots\" content=\"index, follow, max-snippet:-1, max-image-preview:large, max-video-preview:-1\" \/>\n<link rel=\"canonical\" href=\"https:\/\/dutchmicrodosing.com\/fr\/champignons-magiques\/kits-de-culture-mystic-fungi\/kit-de-culture-de-champignons-hillbilly-pumpkin\/\" \/>\n<meta property=\"og:locale\" content=\"fr_FR\" \/>\n<meta property=\"og:type\" content=\"article\" \/>\n<meta property=\"og:title\" content=\"Kit de culture de champignons Hillbilly Pumpkin\" \/>\n<meta property=\"og:description\" content=\"Le Kit de culture de champignons Hillbilly Pumpkin de Mystic Fungi est un kit de culture robuste et remarquable avec un caract\u00e8re unique. Cette version\" \/>\n<meta property=\"og:url\" content=\"https:\/\/dutchmicrodosing.com\/fr\/champignons-magiques\/kits-de-culture-mystic-fungi\/kit-de-culture-de-champignons-hillbilly-pumpkin\/\" \/>\n<meta property=\"og:site_name\" content=\"Dutchmicrodosing\" \/>\n<meta property=\"article:publisher\" content=\"https:\/\/www.facebook.com\/Dutchmicrodosingxp\/\" \/>\n<meta property=\"article:modified_time\" content=\"2026-02-03T13:32:51+00:00\" \/>\n<meta property=\"og:image\" content=\"https:\/\/dutchmicrodosing.com\/wp-content\/uploads\/2026\/02\/Hillbilly-Pumpkin1-600x600-1.png\" \/>\n\t<meta property=\"og:image:width\" content=\"600\" \/>\n\t<meta property=\"og:image:height\" content=\"600\" \/>\n\t<meta property=\"og:image:type\" content=\"image\/png\" \/>\n<meta name=\"twitter:card\" content=\"summary_large_image\" \/>\n<script type=\"application\/ld+json\" class=\"yoast-schema-graph\">{\"@context\":\"https:\/\/schema.org\",\"@graph\":[{\"@type\":\"WebPage\",\"@id\":\"https:\/\/dutchmicrodosing.com\/fr\/champignons-magiques\/kits-de-culture-mystic-fungi\/kit-de-culture-de-champignons-hillbilly-pumpkin\/\",\"url\":\"https:\/\/dutchmicrodosing.com\/fr\/champignons-magiques\/kits-de-culture-mystic-fungi\/kit-de-culture-de-champignons-hillbilly-pumpkin\/\",\"name\":\"Kit de culture de champignons Hillbilly Pumpkin - Dutchmicrodosing\",\"isPartOf\":{\"@id\":\"https:\/\/dutchmicrodosing.com\/fr\/#website\"},\"primaryImageOfPage\":{\"@id\":\"https:\/\/dutchmicrodosing.com\/fr\/champignons-magiques\/kits-de-culture-mystic-fungi\/kit-de-culture-de-champignons-hillbilly-pumpkin\/#primaryimage\"},\"image\":{\"@id\":\"https:\/\/dutchmicrodosing.com\/fr\/champignons-magiques\/kits-de-culture-mystic-fungi\/kit-de-culture-de-champignons-hillbilly-pumpkin\/#primaryimage\"},\"thumbnailUrl\":\"https:\/\/dutchmicrodosing.com\/wp-content\/uploads\/2026\/02\/Hillbilly-Pumpkin1-600x600-1.png\",\"datePublished\":\"2026-02-03T04:21:10+00:00\",\"dateModified\":\"2026-02-03T13:32:51+00:00\",\"description\":\"Cultivez vos propres champignons Hillbilly Pumpkin avec ce kit de culture complet de Mystic Fungi. Peu d'entretien, rendement \u00e9lev\u00e9 et r\u00e9sultats rapides.\",\"breadcrumb\":{\"@id\":\"https:\/\/dutchmicrodosing.com\/fr\/champignons-magiques\/kits-de-culture-mystic-fungi\/kit-de-culture-de-champignons-hillbilly-pumpkin\/#breadcrumb\"},\"inLanguage\":\"fr-FR\",\"potentialAction\":[{\"@type\":\"ReadAction\",\"target\":[\"https:\/\/dutchmicrodosing.com\/fr\/champignons-magiques\/kits-de-culture-mystic-fungi\/kit-de-culture-de-champignons-hillbilly-pumpkin\/\"]}]},{\"@type\":\"ImageObject\",\"inLanguage\":\"fr-FR\",\"@id\":\"https:\/\/dutchmicrodosing.com\/fr\/champignons-magiques\/kits-de-culture-mystic-fungi\/kit-de-culture-de-champignons-hillbilly-pumpkin\/#primaryimage\",\"url\":\"https:\/\/dutchmicrodosing.com\/wp-content\/uploads\/2026\/02\/Hillbilly-Pumpkin1-600x600-1.png\",\"contentUrl\":\"https:\/\/dutchmicrodosing.com\/wp-content\/uploads\/2026\/02\/Hillbilly-Pumpkin1-600x600-1.png\",\"width\":600,\"height\":600,\"caption\":\"Kit de culture de champignons Hillbilly Pumpkin | Mystic Fungi\"},{\"@type\":\"BreadcrumbList\",\"@id\":\"https:\/\/dutchmicrodosing.com\/fr\/champignons-magiques\/kits-de-culture-mystic-fungi\/kit-de-culture-de-champignons-hillbilly-pumpkin\/#breadcrumb\",\"itemListElement\":[{\"@type\":\"ListItem\",\"position\":1,\"name\":\"Home\",\"item\":\"https:\/\/dutchmicrodosing.com\/fr\/\"},{\"@type\":\"ListItem\",\"position\":2,\"name\":\"Boutique\",\"item\":\"https:\/\/dutchmicrodosing.com\/fr\/boutique\/\"},{\"@type\":\"ListItem\",\"position\":3,\"name\":\"Kit de culture de champignons Hillbilly Pumpkin\"}]},{\"@type\":\"WebSite\",\"@id\":\"https:\/\/dutchmicrodosing.com\/fr\/#website\",\"url\":\"https:\/\/dutchmicrodosing.com\/fr\/\",\"name\":\"Dutchmicrodosing\",\"description\":\"\",\"publisher\":{\"@id\":\"https:\/\/dutchmicrodosing.com\/fr\/#organization\"},\"potentialAction\":[{\"@type\":\"SearchAction\",\"target\":{\"@type\":\"EntryPoint\",\"urlTemplate\":\"https:\/\/dutchmicrodosing.com\/fr\/?s={search_term_string}\"},\"query-input\":{\"@type\":\"PropertyValueSpecification\",\"valueRequired\":true,\"valueName\":\"search_term_string\"}}],\"inLanguage\":\"fr-FR\"},{\"@type\":\"Organization\",\"@id\":\"https:\/\/dutchmicrodosing.com\/fr\/#organization\",\"name\":\"Dutchmicrodosing\",\"url\":\"https:\/\/dutchmicrodosing.com\/fr\/\",\"logo\":{\"@type\":\"ImageObject\",\"inLanguage\":\"fr-FR\",\"@id\":\"https:\/\/dutchmicrodosing.com\/fr\/#\/schema\/logo\/image\/\",\"url\":\"https:\/\/dutchmicrodosing.com\/wp-content\/uploads\/2021\/01\/microdosing-categorie-pic-nieuw.jpg\",\"contentUrl\":\"https:\/\/dutchmicrodosing.com\/wp-content\/uploads\/2021\/01\/microdosing-categorie-pic-nieuw.jpg\",\"width\":500,\"height\":500,\"caption\":\"Dutchmicrodosing\"},\"image\":{\"@id\":\"https:\/\/dutchmicrodosing.com\/fr\/#\/schema\/logo\/image\/\"},\"sameAs\":[\"https:\/\/www.facebook.com\/Dutchmicrodosingxp\/\",\"https:\/\/www.instagram.com\/dutchmicrodosing\/\"]}]}<\/script>\n<meta property=\"product:price:amount\" content=\"44.95\" \/>\n<meta property=\"product:price:currency\" content=\"EUR\" \/>\n<meta property=\"og:availability\" content=\"out of stock\" \/>\n<meta property=\"product:availability\" content=\"out of stock\" \/>\n<meta property=\"product:retailer_item_id\" content=\"5212292\" \/>\n<meta property=\"product:condition\" content=\"new\" \/>\n<!-- \/ Yoast SEO Premium plugin. -->","yoast_head_json":{"title":"Kit de culture de champignons Hillbilly Pumpkin - Dutchmicrodosing","description":"Cultivez vos propres champignons Hillbilly Pumpkin avec ce kit de culture complet de Mystic Fungi. Peu d'entretien, rendement \u00e9lev\u00e9 et r\u00e9sultats rapides.","robots":{"index":"index","follow":"follow","max-snippet":"max-snippet:-1","max-image-preview":"max-image-preview:large","max-video-preview":"max-video-preview:-1"},"canonical":"https:\/\/dutchmicrodosing.com\/fr\/champignons-magiques\/kits-de-culture-mystic-fungi\/kit-de-culture-de-champignons-hillbilly-pumpkin\/","og_locale":"fr_FR","og_type":"article","og_title":"Kit de culture de champignons Hillbilly Pumpkin","og_description":"Le Kit de culture de champignons Hillbilly Pumpkin de Mystic Fungi est un kit de culture robuste et remarquable avec un caract\u00e8re unique. Cette version","og_url":"https:\/\/dutchmicrodosing.com\/fr\/champignons-magiques\/kits-de-culture-mystic-fungi\/kit-de-culture-de-champignons-hillbilly-pumpkin\/","og_site_name":"Dutchmicrodosing","article_publisher":"https:\/\/www.facebook.com\/Dutchmicrodosingxp\/","article_modified_time":"2026-02-03T13:32:51+00:00","og_image":[{"width":600,"height":600,"url":"https:\/\/dutchmicrodosing.com\/wp-content\/uploads\/2026\/02\/Hillbilly-Pumpkin1-600x600-1.png","type":"image\/png"}],"twitter_card":"summary_large_image","schema":{"@context":"https:\/\/schema.org","@graph":[{"@type":"WebPage","@id":"https:\/\/dutchmicrodosing.com\/fr\/champignons-magiques\/kits-de-culture-mystic-fungi\/kit-de-culture-de-champignons-hillbilly-pumpkin\/","url":"https:\/\/dutchmicrodosing.com\/fr\/champignons-magiques\/kits-de-culture-mystic-fungi\/kit-de-culture-de-champignons-hillbilly-pumpkin\/","name":"Kit de culture de champignons Hillbilly Pumpkin - Dutchmicrodosing","isPartOf":{"@id":"https:\/\/dutchmicrodosing.com\/fr\/#website"},"primaryImageOfPage":{"@id":"https:\/\/dutchmicrodosing.com\/fr\/champignons-magiques\/kits-de-culture-mystic-fungi\/kit-de-culture-de-champignons-hillbilly-pumpkin\/#primaryimage"},"image":{"@id":"https:\/\/dutchmicrodosing.com\/fr\/champignons-magiques\/kits-de-culture-mystic-fungi\/kit-de-culture-de-champignons-hillbilly-pumpkin\/#primaryimage"},"thumbnailUrl":"https:\/\/dutchmicrodosing.com\/wp-content\/uploads\/2026\/02\/Hillbilly-Pumpkin1-600x600-1.png","datePublished":"2026-02-03T04:21:10+00:00","dateModified":"2026-02-03T13:32:51+00:00","description":"Cultivez vos propres champignons Hillbilly Pumpkin avec ce kit de culture complet de Mystic Fungi. Peu d'entretien, rendement \u00e9lev\u00e9 et r\u00e9sultats rapides.","breadcrumb":{"@id":"https:\/\/dutchmicrodosing.com\/fr\/champignons-magiques\/kits-de-culture-mystic-fungi\/kit-de-culture-de-champignons-hillbilly-pumpkin\/#breadcrumb"},"inLanguage":"fr-FR","potentialAction":[{"@type":"ReadAction","target":["https:\/\/dutchmicrodosing.com\/fr\/champignons-magiques\/kits-de-culture-mystic-fungi\/kit-de-culture-de-champignons-hillbilly-pumpkin\/"]}]},{"@type":"ImageObject","inLanguage":"fr-FR","@id":"https:\/\/dutchmicrodosing.com\/fr\/champignons-magiques\/kits-de-culture-mystic-fungi\/kit-de-culture-de-champignons-hillbilly-pumpkin\/#primaryimage","url":"https:\/\/dutchmicrodosing.com\/wp-content\/uploads\/2026\/02\/Hillbilly-Pumpkin1-600x600-1.png","contentUrl":"https:\/\/dutchmicrodosing.com\/wp-content\/uploads\/2026\/02\/Hillbilly-Pumpkin1-600x600-1.png","width":600,"height":600,"caption":"Kit de culture de champignons Hillbilly Pumpkin | Mystic Fungi"},{"@type":"BreadcrumbList","@id":"https:\/\/dutchmicrodosing.com\/fr\/champignons-magiques\/kits-de-culture-mystic-fungi\/kit-de-culture-de-champignons-hillbilly-pumpkin\/#breadcrumb","itemListElement":[{"@type":"ListItem","position":1,"name":"Home","item":"https:\/\/dutchmicrodosing.com\/fr\/"},{"@type":"ListItem","position":2,"name":"Boutique","item":"https:\/\/dutchmicrodosing.com\/fr\/boutique\/"},{"@type":"ListItem","position":3,"name":"Kit de culture de champignons Hillbilly Pumpkin"}]},{"@type":"WebSite","@id":"https:\/\/dutchmicrodosing.com\/fr\/#website","url":"https:\/\/dutchmicrodosing.com\/fr\/","name":"Dutchmicrodosing","description":"","publisher":{"@id":"https:\/\/dutchmicrodosing.com\/fr\/#organization"},"potentialAction":[{"@type":"SearchAction","target":{"@type":"EntryPoint","urlTemplate":"https:\/\/dutchmicrodosing.com\/fr\/?s={search_term_string}"},"query-input":{"@type":"PropertyValueSpecification","valueRequired":true,"valueName":"search_term_string"}}],"inLanguage":"fr-FR"},{"@type":"Organization","@id":"https:\/\/dutchmicrodosing.com\/fr\/#organization","name":"Dutchmicrodosing","url":"https:\/\/dutchmicrodosing.com\/fr\/","logo":{"@type":"ImageObject","inLanguage":"fr-FR","@id":"https:\/\/dutchmicrodosing.com\/fr\/#\/schema\/logo\/image\/","url":"https:\/\/dutchmicrodosing.com\/wp-content\/uploads\/2021\/01\/microdosing-categorie-pic-nieuw.jpg","contentUrl":"https:\/\/dutchmicrodosing.com\/wp-content\/uploads\/2021\/01\/microdosing-categorie-pic-nieuw.jpg","width":500,"height":500,"caption":"Dutchmicrodosing"},"image":{"@id":"https:\/\/dutchmicrodosing.com\/fr\/#\/schema\/logo\/image\/"},"sameAs":["https:\/\/www.facebook.com\/Dutchmicrodosingxp\/","https:\/\/www.instagram.com\/dutchmicrodosing\/"]}]},"product_price_amount":"44.95","product_price_currency":"EUR","og_availability":"out of stock","product_availability":"out of stock","product_retailer_item_id":"5212292","product_condition":"new"},"_links":{"self":[{"href":"https:\/\/dutchmicrodosing.com\/fr\/wp-json\/wp\/v2\/product\/64186","targetHints":{"allow":["GET"]}}],"collection":[{"href":"https:\/\/dutchmicrodosing.com\/fr\/wp-json\/wp\/v2\/product"}],"about":[{"href":"https:\/\/dutchmicrodosing.com\/fr\/wp-json\/wp\/v2\/types\/product"}],"replies":[{"embeddable":true,"href":"https:\/\/dutchmicrodosing.com\/fr\/wp-json\/wp\/v2\/comments?post=64186"}],"version-history":[{"count":1,"href":"https:\/\/dutchmicrodosing.com\/fr\/wp-json\/wp\/v2\/product\/64186\/revisions"}],"predecessor-version":[{"id":64194,"href":"https:\/\/dutchmicrodosing.com\/fr\/wp-json\/wp\/v2\/product\/64186\/revisions\/64194"}],"wp:featuredmedia":[{"embeddable":true,"href":"https:\/\/dutchmicrodosing.com\/fr\/wp-json\/wp\/v2\/media\/64179"}],"wp:attachment":[{"href":"https:\/\/dutchmicrodosing.com\/fr\/wp-json\/wp\/v2\/media?parent=64186"}],"wp:term":[{"taxonomy":"product_brand","embeddable":true,"href":"https:\/\/dutchmicrodosing.com\/fr\/wp-json\/wp\/v2\/product_brand?post=64186"},{"taxonomy":"product_cat","embeddable":true,"href":"https:\/\/dutchmicrodosing.com\/fr\/wp-json\/wp\/v2\/product_cat?post=64186"},{"taxonomy":"product_tag","embeddable":true,"href":"https:\/\/dutchmicrodosing.com\/fr\/wp-json\/wp\/v2\/product_tag?post=64186"}],"curies":[{"name":"wp","href":"https:\/\/api.w.org\/{rel}","templated":true}]}}