{"id":64729,"date":"2026-02-24T17:06:14","date_gmt":"2026-02-24T16:06:14","guid":{"rendered":"https:\/\/dutchmicrodosing.com\/shop\/non%20class\u00e9\/truffes-eclipse-duo-25-g\/"},"modified":"2026-02-26T15:14:21","modified_gmt":"2026-02-26T14:14:21","slug":"truffes-eclipse-duo-25-g","status":"publish","type":"product","link":"https:\/\/dutchmicrodosing.com\/fr\/truffes-a-la-psilocybine\/truffes-magiques\/truffes-eclipse-duo-25-g\/","title":{"rendered":"Truffes Eclipse Duo 25 g"},"content":{"rendered":"\t\t<div data-elementor-type=\"product-post\" data-elementor-id=\"64729\" class=\"elementor elementor-64729 elementor-64483\" data-elementor-post-type=\"product\">\n\t\t\t\t<div class=\"elementor-element elementor-element-36e18902 e-flex e-con-boxed e-con e-parent\" data-id=\"36e18902\" data-element_type=\"container\" data-e-type=\"container\">\n\t\t\t\t\t<div class=\"e-con-inner\">\n\t\t\t\t<div class=\"elementor-element elementor-element-f1d22b7 elementor-widget elementor-widget-text-editor\" data-id=\"f1d22b7\" data-element_type=\"widget\" data-e-type=\"widget\" data-widget_type=\"text-editor.default\">\n\t\t\t\t<div class=\"elementor-widget-container\">\n\t\t\t\t\t\t\t\t\t<p><strong>Truffes Eclipse Duo 25 g<\/strong> (Galindoi + Utopia) combine deux vari\u00e9t\u00e9s puissantes de psilocybe au profil intense et marqu\u00e9. Les utilisateurs exp\u00e9riment\u00e9s choisissent ce m\u00e9lange car ils connaissent les truffes fortes et recherchent une exp\u00e9rience profonde et complexe sans compromis. Dans la <a href=\"\/psilocybine-truffels\/\">gamme<\/a>, l\u2019Eclipse Duo figure parmi les choix les plus puissants, aux c\u00f4t\u00e9s de variantes comme Double Vision et Cosmic Fusion.<\/p><blockquote><p>Eclipse Duo associe Galindoi et Utopia pour les utilisateurs chevronn\u00e9s qui recherchent d\u00e9lib\u00e9r\u00e9ment une exp\u00e9rience psilocybe forte et directe.<\/p><\/blockquote><h2>En quoi consiste exactement l\u2019Eclipse Duo ?<\/h2><p>Eclipse Duo contient un m\u00e9lange soigneusement s\u00e9lectionn\u00e9 de <em>Psilocybe galindoi<\/em> et <em>Psilocybe utopia<\/em>. Ces deux vari\u00e9t\u00e9s ont un fort caract\u00e8re et se renforcent naturellement au sein de ce m\u00e9lange.<\/p><p>De nombreux utilisateurs exp\u00e9riment\u00e9s d\u00e9crivent cette combinaison comme intense, complexe et directe. Cette variante ne convient pas pour une premi\u00e8re exp\u00e9rience avec les truffes.<\/p><h2>Quelle exp\u00e9rience est souvent d\u00e9crite ?<\/h2><p>Les utilisateurs exp\u00e9riment\u00e9s d\u00e9crivent souvent l\u2019Eclipse Duo comme profonde et parfois confrontante. L\u2019association de deux vari\u00e9t\u00e9s puissantes cr\u00e9e une exp\u00e9rience qui peut \u00eatre forte sur les plans mental et sensoriel.<\/p><p>Le ressenti final varie selon chaque personne. Des facteurs tels que le dosage, le \u00ab set &amp; setting \u00bb et les exp\u00e9riences pass\u00e9es jouent un r\u00f4le majeur.<\/p><h2>Comment utiliser l\u2019Eclipse Duo de mani\u00e8re responsable ?<\/h2><p>Ces truffes sont destin\u00e9es aux utilisateurs ayant de l\u2019exp\u00e9rience. Pr\u00e9pare ta s\u00e9ance avec soin et prends ton temps.<\/p><ul><li>Un paquet contient 25 grammes et correspond g\u00e9n\u00e9ralement \u00e0 une s\u00e9ance compl\u00e8te.<\/li><li>\u00c0 consommer de pr\u00e9f\u00e9rence l\u2019estomac vide.<\/li><li>Choisis un environnement calme, s\u00fbr et familier.<\/li><li>\u00c9vite l\u2019alcool ou d\u2019autres substances pendant l\u2019utilisation.<\/li><\/ul><h2>Comment d\u00e9terminer la dose appropri\u00e9e ?<\/h2><p>Avec des truffes psilocybes puissantes comme l\u2019Eclipse Duo, le dosage est crucial. La quantit\u00e9 id\u00e9ale d\u00e9pend de l\u2019exp\u00e9rience, de la sensibilit\u00e9, du poids corporel et des circonstances.<\/p><p>Beaucoup d\u2019utilisateurs exp\u00e9riment\u00e9s prennent <strong>25 grammes<\/strong> comme dose compl\u00e8te pour une s\u00e9ance intensive. Si tu pr\u00e9f\u00e8res une mont\u00e9e progressive, commence par environ 15 grammes et reprends \u00e9ventuellement 5 \u00e0 10 grammes apr\u00e8s 45 minutes.<\/p><p>Augmenter la dose ne garantit pas une meilleure exp\u00e9rience. Un dosage conscient et une bonne pr\u00e9paration contribuent souvent plus \u00e0 une s\u00e9ance enrichissante que la simple quantit\u00e9.<\/p><h2>\u00c0 qui s\u2019adresse l\u2019Eclipse Duo ?<\/h2><p>Eclipse Duo s\u2019adresse aux personnes ayant d\u00e9j\u00e0 plusieurs exp\u00e9riences avec des truffes psilocybes puissantes. Elles choisissent d\u00e9lib\u00e9r\u00e9ment une variante plus intense et directe.<\/p><p>Si tu as peu ou pas d\u2019exp\u00e9rience avec les truffes fortes, une <a href=\"https:\/\/dutchmicrodosing.com\/fr\/truffes-a-la-psilocybine\/truffes-magiques\/truffes-jalisco-25-gr\/\">option plus l\u00e9g\u00e8re<\/a> de la gamme sera plus adapt\u00e9e.<\/p><h2>Ingr\u00e9dients et composition<\/h2><p>Ces truffes combinent <em>Psilocybe galindoi<\/em> et <em>Psilocybe utopia<\/em>. Royal Magic Truffles emballe ses produits frais.<\/p><h2>Contenu de l&#8217;emballage<\/h2><p>Chaque paquet contient 25 grammes de truffes Eclipse Duo fra\u00eeches.<\/p><h2>S\u00e9curit\u00e9 et points d&rsquo;attention<\/h2><p>Utilise toujours les truffes fortes de mani\u00e8re responsable et avec une bonne pr\u00e9paration. Eclipse Duo est destin\u00e9e aux utilisateurs exp\u00e9riment\u00e9s et peut \u00eatre tr\u00e8s intense pour les d\u00e9butants.<\/p><p>N\u2019utilise pas ce produit en cas de fragilit\u00e9 psychologique, pendant des p\u00e9riodes \u00e9motionnellement \u00e9prouvantes, si tu es mineur ou enceinte. Informe-toi bien et respecte tes propres limites.<\/p><p>Tu prends des m\u00e9dicaments ? Consulte d\u2019abord ton m\u00e9decin traitant avant d\u2019envisager les truffes psilocybes.<\/p>\t\t\t\t\t\t\t\t<\/div>\n\t\t\t\t<\/div>\n\t\t\t\t<div class=\"elementor-element elementor-element-e01649a elementor-widget elementor-widget-heading\" data-id=\"e01649a\" data-element_type=\"widget\" data-e-type=\"widget\" data-widget_type=\"heading.default\">\n\t\t\t\t<div class=\"elementor-widget-container\">\n\t\t\t\t\t<h2 class=\"elementor-heading-title elementor-size-default\">Foire aux questions Truffes Eclipse Duo<\/h2>\t\t\t\t<\/div>\n\t\t\t\t<\/div>\n\t\t\t\t<div class=\"elementor-element elementor-element-f8e6a80 elementor-widget elementor-widget-pp-faq\" data-id=\"f8e6a80\" data-element_type=\"widget\" data-e-type=\"widget\" data-settings=\"{&quot;faq_layout&quot;:&quot;accordion&quot;,&quot;accordion_type&quot;:&quot;accordion&quot;,&quot;toggle_speed&quot;:300}\" data-widget_type=\"pp-faq.default\">\n\t\t\t\t<div class=\"elementor-widget-container\">\n\t\t\t\t\t\t\t<div class=\"pp-faqs pp-advanced-accordion pp-toggle-icon-align-right\" id=\"pp-advanced-accordion-f8e6a80\" data-accordion-id=\"f8e6a80\">\n\t\t\t\t\t\t<div class=\"pp-faq-item elementor-grid-item pp-accordion-item\">\n\t\t\t\t<div id=\"pp-accordion-tab-title-2601\" class=\"pp-faq-question pp-accordion-tab-title\" tabindex=\"0\" data-tab=\"1\">\n\t\t\t\t\t<div class=\"pp-accordion-title-icon\">\n\t\t\t\t\t\t\t\t\t\t\t\t\t\t\t\t\t\t<div class=\"pp-accordion-title-text\">\n\t\t\t\t\t\t\tQuelle exp\u00e9rience est souvent d\u00e9crite ?\t\t\t\t\t\t<\/div>\n\t\t\t\t\t<\/div>\n\t\t\t\t\t\t\t\t\t\t\t<div class=\"pp-accordion-toggle-icon\">\n\t\t\t\t\t\t\t\t\t\t\t\t\t\t\t<span class='pp-accordion-toggle-icon-close pp-icon'>\n\t\t\t\t\t\t\t\t\t<i aria-hidden=\"true\" class=\"fas fa-plus\"><\/i>\t\t\t\t\t\t\t\t<\/span>\n\t\t\t\t\t\t\t\t\t\t\t\t\t\t\t\t\t\t\t\t\t\t<span class='pp-accordion-toggle-icon-open pp-icon'>\n\t\t\t\t\t\t\t\t\t<i aria-hidden=\"true\" class=\"fas fa-minus\"><\/i>\t\t\t\t\t\t\t\t<\/span>\n\t\t\t\t\t\t\t\t\t\t\t\t\t<\/div>\n\t\t\t\t\t\t\t\t\t<\/div>\n\n\t\t\t\t<div id=\"pp-accordion-tab-content-2601\" class=\"pp-faq-answer pp-accordion-tab-content\" data-tab=\"1\">\n\t\t\t\t\t<div class=\"flex flex-col text-sm pb-25\">\n<article class=\"text-token-text-primary w-full focus:outline-none [--shadow-height:45px] has-data-writing-block:pointer-events-none has-data-writing-block:-mt-(--shadow-height) has-data-writing-block:pt-(--shadow-height) [&amp;:has([data-writing-block])&gt;*]:pointer-events-auto scroll-mt-[calc(var(--header-height)+min(200px,max(70px,20svh)))]\" dir=\"auto\" tabindex=\"-1\" data-turn-id=\"request-69941b25-d834-8394-9287-bfeaf4583e0c-6\" data-testid=\"conversation-turn-24\" data-scroll-anchor=\"true\" data-turn=\"assistant\">\n<div class=\"text-base my-auto mx-auto pb-10 [--thread-content-margin:--spacing(4)] @w-sm\/main:[--thread-content-margin:--spacing(6)] @w-lg\/main:[--thread-content-margin:--spacing(16)] px-(--thread-content-margin)\">\n<div class=\"[--thread-content-max-width:40rem] @w-lg\/main:[--thread-content-max-width:48rem] mx-auto max-w-(--thread-content-max-width) flex-1 group\/turn-messages focus-visible:outline-hidden relative flex w-full min-w-0 flex-col agent-turn\" tabindex=\"-1\">\n<div class=\"flex max-w-full flex-col grow\">\n<div class=\"min-h-8 text-message relative flex w-full flex-col items-end gap-2 text-start break-words whitespace-normal [.text-message+&amp;]:mt-1\" dir=\"auto\" data-message-author-role=\"assistant\" data-message-id=\"846e8733-925d-4dd1-b9d5-ae944a53e1cb\" data-message-model-slug=\"gpt-5-2\">\n<div class=\"flex w-full flex-col gap-1 empty:hidden first:pt-[1px]\">\n<div class=\"markdown prose dark:prose-invert w-full wrap-break-word light markdown-new-styling\">\n<p data-start=\"0\" data-end=\"137\" data-is-last-node=\"\" data-is-only-node=\"\">Les utilisateurs exp\u00e9riment\u00e9s d\u00e9crivent l\u2019Eclipse Duo comme intense et profonde. Le ressenti est fortement influenc\u00e9 par le dosage et le \u00ab set &amp; setting \u00bb.<\/p>\n<\/div>\n<\/div>\n<\/div>\n<\/div>\n<\/div>\n<\/div>\n<\/article>\n<\/div>\n\t\t\t\t<\/div>\n\t\t\t<\/div>\n\t\t\t\t\t\t<div class=\"pp-faq-item elementor-grid-item pp-accordion-item\">\n\t\t\t\t<div id=\"pp-accordion-tab-title-2602\" class=\"pp-faq-question pp-accordion-tab-title\" tabindex=\"0\" data-tab=\"2\">\n\t\t\t\t\t<div class=\"pp-accordion-title-icon\">\n\t\t\t\t\t\t\t\t\t\t\t\t\t\t\t\t\t\t<div class=\"pp-accordion-title-text\">\n\t\t\t\t\t\t\t\u00c0 qui s\u2019adresse l\u2019Eclipse Duo ?\t\t\t\t\t\t<\/div>\n\t\t\t\t\t<\/div>\n\t\t\t\t\t\t\t\t\t\t\t<div class=\"pp-accordion-toggle-icon\">\n\t\t\t\t\t\t\t\t\t\t\t\t\t\t\t<span class='pp-accordion-toggle-icon-close pp-icon'>\n\t\t\t\t\t\t\t\t\t<i aria-hidden=\"true\" class=\"fas fa-plus\"><\/i>\t\t\t\t\t\t\t\t<\/span>\n\t\t\t\t\t\t\t\t\t\t\t\t\t\t\t\t\t\t\t\t\t\t<span class='pp-accordion-toggle-icon-open pp-icon'>\n\t\t\t\t\t\t\t\t\t<i aria-hidden=\"true\" class=\"fas fa-minus\"><\/i>\t\t\t\t\t\t\t\t<\/span>\n\t\t\t\t\t\t\t\t\t\t\t\t\t<\/div>\n\t\t\t\t\t\t\t\t\t<\/div>\n\n\t\t\t\t<div id=\"pp-accordion-tab-content-2602\" class=\"pp-faq-answer pp-accordion-tab-content\" data-tab=\"2\">\n\t\t\t\t\t<p>Eclipse Duo est destin\u00e9e aux utilisateurs exp\u00e9riment\u00e9s qui recherchent une exp\u00e9rience de truffes puissante et directe. Pour les d\u00e9butants ou les personnes sans exp\u00e9rience, une variante plus douce est pr\u00e9f\u00e9rable.<\/p>\n\t\t\t\t<\/div>\n\t\t\t<\/div>\n\t\t\t\t\t\t<div class=\"pp-faq-item elementor-grid-item pp-accordion-item\">\n\t\t\t\t<div id=\"pp-accordion-tab-title-2603\" class=\"pp-faq-question pp-accordion-tab-title\" tabindex=\"0\" data-tab=\"3\">\n\t\t\t\t\t<div class=\"pp-accordion-title-icon\">\n\t\t\t\t\t\t\t\t\t\t\t\t\t\t\t\t\t\t<div class=\"pp-accordion-title-text\">\n\t\t\t\t\t\t\tDe quoi faut-il tenir compte lors de l\u2019utilisation ?\t\t\t\t\t\t<\/div>\n\t\t\t\t\t<\/div>\n\t\t\t\t\t\t\t\t\t\t\t<div class=\"pp-accordion-toggle-icon\">\n\t\t\t\t\t\t\t\t\t\t\t\t\t\t\t<span class='pp-accordion-toggle-icon-close pp-icon'>\n\t\t\t\t\t\t\t\t\t<i aria-hidden=\"true\" class=\"fas fa-plus\"><\/i>\t\t\t\t\t\t\t\t<\/span>\n\t\t\t\t\t\t\t\t\t\t\t\t\t\t\t\t\t\t\t\t\t\t<span class='pp-accordion-toggle-icon-open pp-icon'>\n\t\t\t\t\t\t\t\t\t<i aria-hidden=\"true\" class=\"fas fa-minus\"><\/i>\t\t\t\t\t\t\t\t<\/span>\n\t\t\t\t\t\t\t\t\t\t\t\t\t<\/div>\n\t\t\t\t\t\t\t\t\t<\/div>\n\n\t\t\t\t<div id=\"pp-accordion-tab-content-2603\" class=\"pp-faq-answer pp-accordion-tab-content\" data-tab=\"3\">\n\t\t\t\t\t<p>N\u2019utilise pas l\u2019Eclipse Duo en cas de fragilit\u00e9 psychologique, de p\u00e9riode \u00e9motionnelle difficile, de minorit\u00e9 ou de grossesse. Tu prends un traitement m\u00e9dical ? Consulte un m\u00e9decin avant d\u2019envisager la consommation de truffes psilocybes.<\/p>\n\t\t\t\t<\/div>\n\t\t\t<\/div>\n\t\t\t\t\t\t<div class=\"pp-faq-item elementor-grid-item pp-accordion-item\">\n\t\t\t\t<div id=\"pp-accordion-tab-title-2604\" class=\"pp-faq-question pp-accordion-tab-title\" tabindex=\"0\" data-tab=\"4\">\n\t\t\t\t\t<div class=\"pp-accordion-title-icon\">\n\t\t\t\t\t\t\t\t\t\t\t\t\t\t\t\t\t\t<div class=\"pp-accordion-title-text\">\n\t\t\t\t\t\t\tQue contient l\u2019emballage ?\t\t\t\t\t\t<\/div>\n\t\t\t\t\t<\/div>\n\t\t\t\t\t\t\t\t\t\t\t<div class=\"pp-accordion-toggle-icon\">\n\t\t\t\t\t\t\t\t\t\t\t\t\t\t\t<span class='pp-accordion-toggle-icon-close pp-icon'>\n\t\t\t\t\t\t\t\t\t<i aria-hidden=\"true\" class=\"fas fa-plus\"><\/i>\t\t\t\t\t\t\t\t<\/span>\n\t\t\t\t\t\t\t\t\t\t\t\t\t\t\t\t\t\t\t\t\t\t<span class='pp-accordion-toggle-icon-open pp-icon'>\n\t\t\t\t\t\t\t\t\t<i aria-hidden=\"true\" class=\"fas fa-minus\"><\/i>\t\t\t\t\t\t\t\t<\/span>\n\t\t\t\t\t\t\t\t\t\t\t\t\t<\/div>\n\t\t\t\t\t\t\t\t\t<\/div>\n\n\t\t\t\t<div id=\"pp-accordion-tab-content-2604\" class=\"pp-faq-answer pp-accordion-tab-content\" data-tab=\"4\">\n\t\t\t\t\t<p>Chaque paquet contient 25 grammes de truffes Eclipse Duo fra\u00eeches, compos\u00e9es de Psilocybe galindoi et Psilocybe utopia.<\/p>\n\t\t\t\t<\/div>\n\t\t\t<\/div>\n\t\t\t\t\t<\/div>\n\t\t\t\t\t\t<\/div>\n\t\t\t\t<\/div>\n\t\t\t\t\t<\/div>\n\t\t\t\t<\/div>\n\t\t\t\t<\/div>\n\t\t","protected":false},"excerpt":{"rendered":"<p>Truffes Eclipse Duo 25 g (Galindoi + Utopia) combine deux vari\u00e9t\u00e9s puissantes de psilocybe au profil intense et marqu\u00e9. Les utilisateurs exp\u00e9riment\u00e9s choisissent ce m\u00e9lange car ils connaissent les truffes fortes et recherchent une exp\u00e9rience profonde et complexe sans compromis. Dans la gamme, l\u2019Eclipse Duo figure parmi les choix les plus puissants, aux c\u00f4t\u00e9s de [&hellip;]<\/p>\n","protected":false},"featured_media":64730,"comment_status":"closed","ping_status":"closed","template":"","meta":[],"product_brand":[],"product_cat":[201],"product_tag":[],"class_list":{"0":"post-64729","1":"product","2":"type-product","3":"status-publish","4":"has-post-thumbnail","6":"product_cat-truffes-magiques","8":"first","9":"instock","10":"taxable","11":"shipping-taxable","12":"purchasable","13":"product-type-simple"},"yoast_head":"<!-- This site is optimized with the Yoast SEO Premium plugin v26.4 (Yoast SEO v27.2) - https:\/\/yoast.com\/product\/yoast-seo-premium-wordpress\/ -->\n<title>Truffes Eclipse Duo 25 g - Dutchmicrodosing<\/title>\n<meta name=\"description\" content=\"Le m\u00e9lange Eclipse Duo 25 g (Galindoi + Utopia) est un cocktail puissant pour utilisateurs exp\u00e9riment\u00e9s. D\u00e9couvre les effets, le dosage, l\u2019utilisation et la s\u00e9curit\u00e9.\" \/>\n<meta name=\"robots\" content=\"index, follow, max-snippet:-1, max-image-preview:large, max-video-preview:-1\" \/>\n<link rel=\"canonical\" href=\"https:\/\/dutchmicrodosing.com\/fr\/truffes-a-la-psilocybine\/truffes-magiques\/truffes-eclipse-duo-25-g\/\" \/>\n<meta property=\"og:locale\" content=\"fr_FR\" \/>\n<meta property=\"og:type\" content=\"article\" \/>\n<meta property=\"og:title\" content=\"Truffes Eclipse Duo 25 g\" \/>\n<meta property=\"og:description\" content=\"Truffes Eclipse Duo 25 g (Galindoi + Utopia) combine deux vari\u00e9t\u00e9s puissantes de psilocybe au profil intense et marqu\u00e9. Les utilisateurs exp\u00e9riment\u00e9s\" \/>\n<meta property=\"og:url\" content=\"https:\/\/dutchmicrodosing.com\/fr\/truffes-a-la-psilocybine\/truffes-magiques\/truffes-eclipse-duo-25-g\/\" \/>\n<meta property=\"og:site_name\" content=\"Dutchmicrodosing\" \/>\n<meta property=\"article:publisher\" content=\"https:\/\/www.facebook.com\/Dutchmicrodosingxp\/\" \/>\n<meta property=\"article:modified_time\" content=\"2026-02-26T14:14:21+00:00\" \/>\n<meta property=\"og:image\" content=\"https:\/\/dutchmicrodosing.com\/wp-content\/uploads\/2026\/02\/Eclipse-duo-product-web-1000x1000-002.jpg\" \/>\n\t<meta property=\"og:image:width\" content=\"1000\" \/>\n\t<meta property=\"og:image:height\" content=\"1000\" \/>\n\t<meta property=\"og:image:type\" content=\"image\/jpeg\" \/>\n<meta name=\"twitter:card\" content=\"summary_large_image\" \/>\n<script type=\"application\/ld+json\" class=\"yoast-schema-graph\">{\"@context\":\"https:\/\/schema.org\",\"@graph\":[{\"@type\":\"WebPage\",\"@id\":\"https:\/\/dutchmicrodosing.com\/fr\/truffes-a-la-psilocybine\/truffes-magiques\/truffes-eclipse-duo-25-g\/\",\"url\":\"https:\/\/dutchmicrodosing.com\/fr\/truffes-a-la-psilocybine\/truffes-magiques\/truffes-eclipse-duo-25-g\/\",\"name\":\"Truffes Eclipse Duo 25 g - Dutchmicrodosing\",\"isPartOf\":{\"@id\":\"https:\/\/dutchmicrodosing.com\/fr\/#website\"},\"primaryImageOfPage\":{\"@id\":\"https:\/\/dutchmicrodosing.com\/fr\/truffes-a-la-psilocybine\/truffes-magiques\/truffes-eclipse-duo-25-g\/#primaryimage\"},\"image\":{\"@id\":\"https:\/\/dutchmicrodosing.com\/fr\/truffes-a-la-psilocybine\/truffes-magiques\/truffes-eclipse-duo-25-g\/#primaryimage\"},\"thumbnailUrl\":\"https:\/\/dutchmicrodosing.com\/wp-content\/uploads\/2026\/02\/Eclipse-duo-product-web-1000x1000-002.jpg\",\"datePublished\":\"2026-02-24T16:06:14+00:00\",\"dateModified\":\"2026-02-26T14:14:21+00:00\",\"description\":\"Le m\u00e9lange Eclipse Duo 25 g (Galindoi + Utopia) est un cocktail puissant pour utilisateurs exp\u00e9riment\u00e9s. D\u00e9couvre les effets, le dosage, l\u2019utilisation et la s\u00e9curit\u00e9.\",\"breadcrumb\":{\"@id\":\"https:\/\/dutchmicrodosing.com\/fr\/truffes-a-la-psilocybine\/truffes-magiques\/truffes-eclipse-duo-25-g\/#breadcrumb\"},\"inLanguage\":\"fr-FR\",\"potentialAction\":[{\"@type\":\"ReadAction\",\"target\":[\"https:\/\/dutchmicrodosing.com\/fr\/truffes-a-la-psilocybine\/truffes-magiques\/truffes-eclipse-duo-25-g\/\"]}]},{\"@type\":\"ImageObject\",\"inLanguage\":\"fr-FR\",\"@id\":\"https:\/\/dutchmicrodosing.com\/fr\/truffes-a-la-psilocybine\/truffes-magiques\/truffes-eclipse-duo-25-g\/#primaryimage\",\"url\":\"https:\/\/dutchmicrodosing.com\/wp-content\/uploads\/2026\/02\/Eclipse-duo-product-web-1000x1000-002.jpg\",\"contentUrl\":\"https:\/\/dutchmicrodosing.com\/wp-content\/uploads\/2026\/02\/Eclipse-duo-product-web-1000x1000-002.jpg\",\"width\":1000,\"height\":1000},{\"@type\":\"BreadcrumbList\",\"@id\":\"https:\/\/dutchmicrodosing.com\/fr\/truffes-a-la-psilocybine\/truffes-magiques\/truffes-eclipse-duo-25-g\/#breadcrumb\",\"itemListElement\":[{\"@type\":\"ListItem\",\"position\":1,\"name\":\"Home\",\"item\":\"https:\/\/dutchmicrodosing.com\/fr\/\"},{\"@type\":\"ListItem\",\"position\":2,\"name\":\"Boutique\",\"item\":\"https:\/\/dutchmicrodosing.com\/fr\/boutique\/\"},{\"@type\":\"ListItem\",\"position\":3,\"name\":\"Truffes Eclipse Duo 25 g\"}]},{\"@type\":\"WebSite\",\"@id\":\"https:\/\/dutchmicrodosing.com\/fr\/#website\",\"url\":\"https:\/\/dutchmicrodosing.com\/fr\/\",\"name\":\"Dutchmicrodosing\",\"description\":\"\",\"publisher\":{\"@id\":\"https:\/\/dutchmicrodosing.com\/fr\/#organization\"},\"potentialAction\":[{\"@type\":\"SearchAction\",\"target\":{\"@type\":\"EntryPoint\",\"urlTemplate\":\"https:\/\/dutchmicrodosing.com\/fr\/?s={search_term_string}\"},\"query-input\":{\"@type\":\"PropertyValueSpecification\",\"valueRequired\":true,\"valueName\":\"search_term_string\"}}],\"inLanguage\":\"fr-FR\"},{\"@type\":\"Organization\",\"@id\":\"https:\/\/dutchmicrodosing.com\/fr\/#organization\",\"name\":\"Dutchmicrodosing\",\"url\":\"https:\/\/dutchmicrodosing.com\/fr\/\",\"logo\":{\"@type\":\"ImageObject\",\"inLanguage\":\"fr-FR\",\"@id\":\"https:\/\/dutchmicrodosing.com\/fr\/#\/schema\/logo\/image\/\",\"url\":\"https:\/\/dutchmicrodosing.com\/wp-content\/uploads\/2021\/01\/microdosing-categorie-pic-nieuw.jpg\",\"contentUrl\":\"https:\/\/dutchmicrodosing.com\/wp-content\/uploads\/2021\/01\/microdosing-categorie-pic-nieuw.jpg\",\"width\":500,\"height\":500,\"caption\":\"Dutchmicrodosing\"},\"image\":{\"@id\":\"https:\/\/dutchmicrodosing.com\/fr\/#\/schema\/logo\/image\/\"},\"sameAs\":[\"https:\/\/www.facebook.com\/Dutchmicrodosingxp\/\",\"https:\/\/www.instagram.com\/dutchmicrodosing\/\"]}]}<\/script>\n<meta property=\"product:price:amount\" content=\"20.95\" \/>\n<meta property=\"product:price:currency\" content=\"EUR\" \/>\n<meta property=\"og:availability\" content=\"instock\" \/>\n<meta property=\"product:availability\" content=\"instock\" \/>\n<meta property=\"product:retailer_item_id\" content=\"6202868\" \/>\n<meta property=\"product:condition\" content=\"new\" \/>\n<!-- \/ Yoast SEO Premium plugin. -->","yoast_head_json":{"title":"Truffes Eclipse Duo 25 g - Dutchmicrodosing","description":"Le m\u00e9lange Eclipse Duo 25 g (Galindoi + Utopia) est un cocktail puissant pour utilisateurs exp\u00e9riment\u00e9s. D\u00e9couvre les effets, le dosage, l\u2019utilisation et la s\u00e9curit\u00e9.","robots":{"index":"index","follow":"follow","max-snippet":"max-snippet:-1","max-image-preview":"max-image-preview:large","max-video-preview":"max-video-preview:-1"},"canonical":"https:\/\/dutchmicrodosing.com\/fr\/truffes-a-la-psilocybine\/truffes-magiques\/truffes-eclipse-duo-25-g\/","og_locale":"fr_FR","og_type":"article","og_title":"Truffes Eclipse Duo 25 g","og_description":"Truffes Eclipse Duo 25 g (Galindoi + Utopia) combine deux vari\u00e9t\u00e9s puissantes de psilocybe au profil intense et marqu\u00e9. Les utilisateurs exp\u00e9riment\u00e9s","og_url":"https:\/\/dutchmicrodosing.com\/fr\/truffes-a-la-psilocybine\/truffes-magiques\/truffes-eclipse-duo-25-g\/","og_site_name":"Dutchmicrodosing","article_publisher":"https:\/\/www.facebook.com\/Dutchmicrodosingxp\/","article_modified_time":"2026-02-26T14:14:21+00:00","og_image":[{"width":1000,"height":1000,"url":"https:\/\/dutchmicrodosing.com\/wp-content\/uploads\/2026\/02\/Eclipse-duo-product-web-1000x1000-002.jpg","type":"image\/jpeg"}],"twitter_card":"summary_large_image","schema":{"@context":"https:\/\/schema.org","@graph":[{"@type":"WebPage","@id":"https:\/\/dutchmicrodosing.com\/fr\/truffes-a-la-psilocybine\/truffes-magiques\/truffes-eclipse-duo-25-g\/","url":"https:\/\/dutchmicrodosing.com\/fr\/truffes-a-la-psilocybine\/truffes-magiques\/truffes-eclipse-duo-25-g\/","name":"Truffes Eclipse Duo 25 g - Dutchmicrodosing","isPartOf":{"@id":"https:\/\/dutchmicrodosing.com\/fr\/#website"},"primaryImageOfPage":{"@id":"https:\/\/dutchmicrodosing.com\/fr\/truffes-a-la-psilocybine\/truffes-magiques\/truffes-eclipse-duo-25-g\/#primaryimage"},"image":{"@id":"https:\/\/dutchmicrodosing.com\/fr\/truffes-a-la-psilocybine\/truffes-magiques\/truffes-eclipse-duo-25-g\/#primaryimage"},"thumbnailUrl":"https:\/\/dutchmicrodosing.com\/wp-content\/uploads\/2026\/02\/Eclipse-duo-product-web-1000x1000-002.jpg","datePublished":"2026-02-24T16:06:14+00:00","dateModified":"2026-02-26T14:14:21+00:00","description":"Le m\u00e9lange Eclipse Duo 25 g (Galindoi + Utopia) est un cocktail puissant pour utilisateurs exp\u00e9riment\u00e9s. D\u00e9couvre les effets, le dosage, l\u2019utilisation et la s\u00e9curit\u00e9.","breadcrumb":{"@id":"https:\/\/dutchmicrodosing.com\/fr\/truffes-a-la-psilocybine\/truffes-magiques\/truffes-eclipse-duo-25-g\/#breadcrumb"},"inLanguage":"fr-FR","potentialAction":[{"@type":"ReadAction","target":["https:\/\/dutchmicrodosing.com\/fr\/truffes-a-la-psilocybine\/truffes-magiques\/truffes-eclipse-duo-25-g\/"]}]},{"@type":"ImageObject","inLanguage":"fr-FR","@id":"https:\/\/dutchmicrodosing.com\/fr\/truffes-a-la-psilocybine\/truffes-magiques\/truffes-eclipse-duo-25-g\/#primaryimage","url":"https:\/\/dutchmicrodosing.com\/wp-content\/uploads\/2026\/02\/Eclipse-duo-product-web-1000x1000-002.jpg","contentUrl":"https:\/\/dutchmicrodosing.com\/wp-content\/uploads\/2026\/02\/Eclipse-duo-product-web-1000x1000-002.jpg","width":1000,"height":1000},{"@type":"BreadcrumbList","@id":"https:\/\/dutchmicrodosing.com\/fr\/truffes-a-la-psilocybine\/truffes-magiques\/truffes-eclipse-duo-25-g\/#breadcrumb","itemListElement":[{"@type":"ListItem","position":1,"name":"Home","item":"https:\/\/dutchmicrodosing.com\/fr\/"},{"@type":"ListItem","position":2,"name":"Boutique","item":"https:\/\/dutchmicrodosing.com\/fr\/boutique\/"},{"@type":"ListItem","position":3,"name":"Truffes Eclipse Duo 25 g"}]},{"@type":"WebSite","@id":"https:\/\/dutchmicrodosing.com\/fr\/#website","url":"https:\/\/dutchmicrodosing.com\/fr\/","name":"Dutchmicrodosing","description":"","publisher":{"@id":"https:\/\/dutchmicrodosing.com\/fr\/#organization"},"potentialAction":[{"@type":"SearchAction","target":{"@type":"EntryPoint","urlTemplate":"https:\/\/dutchmicrodosing.com\/fr\/?s={search_term_string}"},"query-input":{"@type":"PropertyValueSpecification","valueRequired":true,"valueName":"search_term_string"}}],"inLanguage":"fr-FR"},{"@type":"Organization","@id":"https:\/\/dutchmicrodosing.com\/fr\/#organization","name":"Dutchmicrodosing","url":"https:\/\/dutchmicrodosing.com\/fr\/","logo":{"@type":"ImageObject","inLanguage":"fr-FR","@id":"https:\/\/dutchmicrodosing.com\/fr\/#\/schema\/logo\/image\/","url":"https:\/\/dutchmicrodosing.com\/wp-content\/uploads\/2021\/01\/microdosing-categorie-pic-nieuw.jpg","contentUrl":"https:\/\/dutchmicrodosing.com\/wp-content\/uploads\/2021\/01\/microdosing-categorie-pic-nieuw.jpg","width":500,"height":500,"caption":"Dutchmicrodosing"},"image":{"@id":"https:\/\/dutchmicrodosing.com\/fr\/#\/schema\/logo\/image\/"},"sameAs":["https:\/\/www.facebook.com\/Dutchmicrodosingxp\/","https:\/\/www.instagram.com\/dutchmicrodosing\/"]}]},"product_price_amount":"20.95","product_price_currency":"EUR","og_availability":"instock","product_availability":"instock","product_retailer_item_id":"6202868","product_condition":"new"},"_links":{"self":[{"href":"https:\/\/dutchmicrodosing.com\/fr\/wp-json\/wp\/v2\/product\/64729","targetHints":{"allow":["GET"]}}],"collection":[{"href":"https:\/\/dutchmicrodosing.com\/fr\/wp-json\/wp\/v2\/product"}],"about":[{"href":"https:\/\/dutchmicrodosing.com\/fr\/wp-json\/wp\/v2\/types\/product"}],"replies":[{"embeddable":true,"href":"https:\/\/dutchmicrodosing.com\/fr\/wp-json\/wp\/v2\/comments?post=64729"}],"version-history":[{"count":3,"href":"https:\/\/dutchmicrodosing.com\/fr\/wp-json\/wp\/v2\/product\/64729\/revisions"}],"predecessor-version":[{"id":64834,"href":"https:\/\/dutchmicrodosing.com\/fr\/wp-json\/wp\/v2\/product\/64729\/revisions\/64834"}],"wp:featuredmedia":[{"embeddable":true,"href":"https:\/\/dutchmicrodosing.com\/fr\/wp-json\/wp\/v2\/media\/64730"}],"wp:attachment":[{"href":"https:\/\/dutchmicrodosing.com\/fr\/wp-json\/wp\/v2\/media?parent=64729"}],"wp:term":[{"taxonomy":"product_brand","embeddable":true,"href":"https:\/\/dutchmicrodosing.com\/fr\/wp-json\/wp\/v2\/product_brand?post=64729"},{"taxonomy":"product_cat","embeddable":true,"href":"https:\/\/dutchmicrodosing.com\/fr\/wp-json\/wp\/v2\/product_cat?post=64729"},{"taxonomy":"product_tag","embeddable":true,"href":"https:\/\/dutchmicrodosing.com\/fr\/wp-json\/wp\/v2\/product_tag?post=64729"}],"curies":[{"name":"wp","href":"https:\/\/api.w.org\/{rel}","templated":true}]}}