{"id":65436,"date":"2026-03-24T07:26:13","date_gmt":"2026-03-24T06:26:13","guid":{"rendered":"https:\/\/dutchmicrodosing.com\/shop\/non class\u00e9\/extrait-de-maca-jaune-50-ml\/"},"modified":"2026-04-21T14:25:08","modified_gmt":"2026-04-21T12:25:08","slug":"extrait-de-maca-jaune-50-ml","status":"publish","type":"product","link":"https:\/\/dutchmicrodosing.com\/fr\/herbes-botaniques\/teintures-et-extraits\/extrait-de-maca-jaune-50-ml\/","title":{"rendered":"Extrait de Maca Jaune &#8211; 50 ml"},"content":{"rendered":"<p>Munay Botanicals <strong>Yellow Maca Extract &#8211; 50 ML <\/strong>&#8211; Lepidium meyenii est un extrait liquide \u00e0 spectre complet de maca jaune, une plante alimentaire traditionnelle du P\u00e9rou utilis\u00e9e depuis des g\u00e9n\u00e9rations dans les Andes. Cette variante douce est r\u00e9put\u00e9e pour son caract\u00e8re accessible et constitue un moyen simple d\u2019int\u00e9grer la maca dans ta routine quotidienne.<\/p>\n<p>Gr\u00e2ce \u00e0 sa forme liquide, tu m\u00e9langes l\u2019extrait sans effort \u00e0 de l\u2019eau, du th\u00e9, du jus ou un smoothie.<\/p>\n<h3>Caract\u00e9ristiques de l\u2019extrait de maca jaune<\/h3>\n<ul>\n<li>Extrait \u00e0 spectre complet de maca jaune<\/li>\n<li>Originaire du P\u00e9rou<\/li>\n<li>Forme liquide pour un dosage facile<\/li>\n<li>Facile \u00e0 m\u00e9langer avec de l\u2019eau, du th\u00e9, du jus ou des smoothies<\/li>\n<li>Produit par extraction \u00e0 basse temp\u00e9rature<\/li>\n<li>Format compact de 50 ml<\/li>\n<li>Variante de maca accessible<\/li>\n<\/ul>\n<h3>Ingr\u00e9dients et\/ou composition<\/h3>\n<ul>\n<li>Lepidium meyenii (maca jaune)<\/li>\n<li>Eau purifi\u00e9e<\/li>\n<li>Alcool (20 %)<\/li>\n<\/ul>\n<h3>Utilisation<\/h3>\n<p>Ajoute simplement la quantit\u00e9 recommand\u00e9e \u00e0 de l\u2019eau, du th\u00e9, du jus ou un smoothie et int\u00e8gre-le sans effort \u00e0 ta routine quotidienne. Gr\u00e2ce \u00e0 sa forme liquide, tu peux aussi facilement m\u00e9langer l\u2019extrait \u00e0 du yaourt ou d\u2019autres aliments.<\/p>\n<p>Le dosage pratique rend l\u2019utilisation flexible, te permettant de choisir un moment fixe de la journ\u00e9e qui correspond \u00e0 ton rythme. Utilise toujours selon les instructions sur l\u2019\u00e9tiquette.<\/p>\n<h3>Contenu<\/h3>\n<p>50 ml d\u2019extrait liquide en emballage compact.<\/p>\n<h3>Avis de non-responsabilit\u00e9<\/h3>\n<p><em>Le contenu de ce texte est fourni \u00e0 titre d&rsquo;information uniquement et ne remplace pas les conseils d&rsquo;un professionnel. Ce produit n&rsquo;est pas un m\u00e9dicament et n&rsquo;est pas destin\u00e9 \u00e0 diagnostiquer, traiter ou gu\u00e9rir une quelconque condition m\u00e9dicale. Veuillez consulter un sp\u00e9cialiste pour toute question sp\u00e9cifique concernant l&rsquo;utilisation de ce produit. Certaines \u00e9tudes scientifiques sur les effets de ce produit sont encore en cours et toutes les all\u00e9gations n&rsquo;ont pas \u00e9t\u00e9 d\u00e9finitivement confirm\u00e9es.<\/em><\/p>\n","protected":false},"excerpt":{"rendered":"<p>Munay Botanicals Yellow Maca Extract &#8211; 50 ML &#8211; Lepidium meyenii est un extrait liquide \u00e0 spectre complet de maca jaune, une plante alimentaire traditionnelle du P\u00e9rou utilis\u00e9e depuis des g\u00e9n\u00e9rations dans les Andes. Cette variante douce est r\u00e9put\u00e9e pour son caract\u00e8re accessible et constitue un moyen simple d\u2019int\u00e9grer la maca dans ta routine quotidienne. [&hellip;]<\/p>\n","protected":false},"featured_media":65435,"comment_status":"closed","ping_status":"closed","template":"","meta":[],"product_brand":[],"product_cat":[667],"product_tag":[],"class_list":{"0":"post-65436","1":"product","2":"type-product","3":"status-publish","4":"has-post-thumbnail","6":"product_cat-teintures-et-extraits","8":"first","9":"instock","10":"taxable","11":"shipping-taxable","12":"purchasable","13":"product-type-simple"},"yoast_head":"<!-- This site is optimized with the Yoast SEO Premium plugin v26.4 (Yoast SEO v27.4) - https:\/\/yoast.com\/product\/yoast-seo-premium-wordpress\/ -->\n<title>Extrait de Maca Jaune - 50 ml - Dutchmicrodosing<\/title>\n<meta name=\"description\" content=\"D\u00e9couvre l\u2019extrait de maca jaune de Munay Botanicals. Extrait liquide \u00e0 spectre complet du P\u00e9rou, dosage facile, \u00e0 m\u00e9langer avec de l\u2019eau, du th\u00e9 ou des smoothies.\" \/>\n<meta name=\"robots\" content=\"index, follow, max-snippet:-1, max-image-preview:large, max-video-preview:-1\" \/>\n<link rel=\"canonical\" href=\"https:\/\/dutchmicrodosing.com\/fr\/herbes-botaniques\/teintures-et-extraits\/extrait-de-maca-jaune-50-ml\/\" \/>\n<meta property=\"og:locale\" content=\"fr_FR\" \/>\n<meta property=\"og:type\" content=\"article\" \/>\n<meta property=\"og:title\" content=\"Extrait de Maca Jaune - 50 ml\" \/>\n<meta property=\"og:description\" content=\"Munay Botanicals Yellow Maca Extract - 50 ML - Lepidium meyenii est un extrait liquide \u00e0 spectre complet de maca jaune, une plante alimentaire\" \/>\n<meta property=\"og:url\" content=\"https:\/\/dutchmicrodosing.com\/fr\/herbes-botaniques\/teintures-et-extraits\/extrait-de-maca-jaune-50-ml\/\" \/>\n<meta property=\"og:site_name\" content=\"Dutchmicrodosing\" \/>\n<meta property=\"article:publisher\" content=\"https:\/\/www.facebook.com\/Dutchmicrodosingxp\/\" \/>\n<meta property=\"article:modified_time\" content=\"2026-04-21T12:25:08+00:00\" \/>\n<meta property=\"og:image\" content=\"https:\/\/dutchmicrodosing.com\/wp-content\/uploads\/2026\/03\/YellowMaca-Munay.png.jpg\" \/>\n\t<meta property=\"og:image:width\" content=\"1024\" \/>\n\t<meta property=\"og:image:height\" content=\"1024\" \/>\n\t<meta property=\"og:image:type\" content=\"image\/jpeg\" \/>\n<meta name=\"twitter:card\" content=\"summary_large_image\" \/>\n<script type=\"application\/ld+json\" class=\"yoast-schema-graph\">{\"@context\":\"https:\\\/\\\/schema.org\",\"@graph\":[{\"@type\":\"WebPage\",\"@id\":\"https:\\\/\\\/dutchmicrodosing.com\\\/fr\\\/herbes-botaniques\\\/teintures-et-extraits\\\/extrait-de-maca-jaune-50-ml\\\/\",\"url\":\"https:\\\/\\\/dutchmicrodosing.com\\\/fr\\\/herbes-botaniques\\\/teintures-et-extraits\\\/extrait-de-maca-jaune-50-ml\\\/\",\"name\":\"Extrait de Maca Jaune - 50 ml - Dutchmicrodosing\",\"isPartOf\":{\"@id\":\"https:\\\/\\\/dutchmicrodosing.com\\\/fr\\\/#website\"},\"primaryImageOfPage\":{\"@id\":\"https:\\\/\\\/dutchmicrodosing.com\\\/fr\\\/herbes-botaniques\\\/teintures-et-extraits\\\/extrait-de-maca-jaune-50-ml\\\/#primaryimage\"},\"image\":{\"@id\":\"https:\\\/\\\/dutchmicrodosing.com\\\/fr\\\/herbes-botaniques\\\/teintures-et-extraits\\\/extrait-de-maca-jaune-50-ml\\\/#primaryimage\"},\"thumbnailUrl\":\"https:\\\/\\\/dutchmicrodosing.com\\\/wp-content\\\/uploads\\\/2026\\\/03\\\/YellowMaca-Munay.png.jpg\",\"datePublished\":\"2026-03-24T06:26:13+00:00\",\"dateModified\":\"2026-04-21T12:25:08+00:00\",\"description\":\"D\u00e9couvre l\u2019extrait de maca jaune de Munay Botanicals. Extrait liquide \u00e0 spectre complet du P\u00e9rou, dosage facile, \u00e0 m\u00e9langer avec de l\u2019eau, du th\u00e9 ou des smoothies.\",\"breadcrumb\":{\"@id\":\"https:\\\/\\\/dutchmicrodosing.com\\\/fr\\\/herbes-botaniques\\\/teintures-et-extraits\\\/extrait-de-maca-jaune-50-ml\\\/#breadcrumb\"},\"inLanguage\":\"fr-FR\",\"potentialAction\":[{\"@type\":\"ReadAction\",\"target\":[\"https:\\\/\\\/dutchmicrodosing.com\\\/fr\\\/herbes-botaniques\\\/teintures-et-extraits\\\/extrait-de-maca-jaune-50-ml\\\/\"]}]},{\"@type\":\"ImageObject\",\"inLanguage\":\"fr-FR\",\"@id\":\"https:\\\/\\\/dutchmicrodosing.com\\\/fr\\\/herbes-botaniques\\\/teintures-et-extraits\\\/extrait-de-maca-jaune-50-ml\\\/#primaryimage\",\"url\":\"https:\\\/\\\/dutchmicrodosing.com\\\/wp-content\\\/uploads\\\/2026\\\/03\\\/YellowMaca-Munay.png.jpg\",\"contentUrl\":\"https:\\\/\\\/dutchmicrodosing.com\\\/wp-content\\\/uploads\\\/2026\\\/03\\\/YellowMaca-Munay.png.jpg\",\"width\":1024,\"height\":1024},{\"@type\":\"BreadcrumbList\",\"@id\":\"https:\\\/\\\/dutchmicrodosing.com\\\/fr\\\/herbes-botaniques\\\/teintures-et-extraits\\\/extrait-de-maca-jaune-50-ml\\\/#breadcrumb\",\"itemListElement\":[{\"@type\":\"ListItem\",\"position\":1,\"name\":\"Home\",\"item\":\"https:\\\/\\\/dutchmicrodosing.com\\\/fr\\\/\"},{\"@type\":\"ListItem\",\"position\":2,\"name\":\"Boutique\",\"item\":\"https:\\\/\\\/dutchmicrodosing.com\\\/fr\\\/boutique\\\/\"},{\"@type\":\"ListItem\",\"position\":3,\"name\":\"Extrait de Maca Jaune &#8211; 50 ml\"}]},{\"@type\":\"WebSite\",\"@id\":\"https:\\\/\\\/dutchmicrodosing.com\\\/fr\\\/#website\",\"url\":\"https:\\\/\\\/dutchmicrodosing.com\\\/fr\\\/\",\"name\":\"Dutchmicrodosing\",\"description\":\"\",\"publisher\":{\"@id\":\"https:\\\/\\\/dutchmicrodosing.com\\\/fr\\\/#organization\"},\"potentialAction\":[{\"@type\":\"SearchAction\",\"target\":{\"@type\":\"EntryPoint\",\"urlTemplate\":\"https:\\\/\\\/dutchmicrodosing.com\\\/fr\\\/?s={search_term_string}\"},\"query-input\":{\"@type\":\"PropertyValueSpecification\",\"valueRequired\":true,\"valueName\":\"search_term_string\"}}],\"inLanguage\":\"fr-FR\"},{\"@type\":\"Organization\",\"@id\":\"https:\\\/\\\/dutchmicrodosing.com\\\/fr\\\/#organization\",\"name\":\"Dutchmicrodosing\",\"url\":\"https:\\\/\\\/dutchmicrodosing.com\\\/fr\\\/\",\"logo\":{\"@type\":\"ImageObject\",\"inLanguage\":\"fr-FR\",\"@id\":\"https:\\\/\\\/dutchmicrodosing.com\\\/fr\\\/#\\\/schema\\\/logo\\\/image\\\/\",\"url\":\"https:\\\/\\\/dutchmicrodosing.com\\\/wp-content\\\/uploads\\\/2021\\\/01\\\/microdosing-categorie-pic-nieuw.jpg\",\"contentUrl\":\"https:\\\/\\\/dutchmicrodosing.com\\\/wp-content\\\/uploads\\\/2021\\\/01\\\/microdosing-categorie-pic-nieuw.jpg\",\"width\":500,\"height\":500,\"caption\":\"Dutchmicrodosing\"},\"image\":{\"@id\":\"https:\\\/\\\/dutchmicrodosing.com\\\/fr\\\/#\\\/schema\\\/logo\\\/image\\\/\"},\"sameAs\":[\"https:\\\/\\\/www.facebook.com\\\/Dutchmicrodosingxp\\\/\",\"https:\\\/\\\/www.instagram.com\\\/dutchmicrodosing\\\/\"]}]}<\/script>\n<meta property=\"product:price:amount\" content=\"19.95\" \/>\n<meta property=\"product:price:currency\" content=\"EUR\" \/>\n<meta property=\"og:availability\" content=\"instock\" \/>\n<meta property=\"product:availability\" content=\"instock\" \/>\n<meta property=\"product:condition\" content=\"new\" \/>\n<!-- \/ Yoast SEO Premium plugin. -->","yoast_head_json":{"title":"Extrait de Maca Jaune - 50 ml - Dutchmicrodosing","description":"D\u00e9couvre l\u2019extrait de maca jaune de Munay Botanicals. Extrait liquide \u00e0 spectre complet du P\u00e9rou, dosage facile, \u00e0 m\u00e9langer avec de l\u2019eau, du th\u00e9 ou des smoothies.","robots":{"index":"index","follow":"follow","max-snippet":"max-snippet:-1","max-image-preview":"max-image-preview:large","max-video-preview":"max-video-preview:-1"},"canonical":"https:\/\/dutchmicrodosing.com\/fr\/herbes-botaniques\/teintures-et-extraits\/extrait-de-maca-jaune-50-ml\/","og_locale":"fr_FR","og_type":"article","og_title":"Extrait de Maca Jaune - 50 ml","og_description":"Munay Botanicals Yellow Maca Extract - 50 ML - Lepidium meyenii est un extrait liquide \u00e0 spectre complet de maca jaune, une plante alimentaire","og_url":"https:\/\/dutchmicrodosing.com\/fr\/herbes-botaniques\/teintures-et-extraits\/extrait-de-maca-jaune-50-ml\/","og_site_name":"Dutchmicrodosing","article_publisher":"https:\/\/www.facebook.com\/Dutchmicrodosingxp\/","article_modified_time":"2026-04-21T12:25:08+00:00","og_image":[{"width":1024,"height":1024,"url":"https:\/\/dutchmicrodosing.com\/wp-content\/uploads\/2026\/03\/YellowMaca-Munay.png.jpg","type":"image\/jpeg"}],"twitter_card":"summary_large_image","schema":{"@context":"https:\/\/schema.org","@graph":[{"@type":"WebPage","@id":"https:\/\/dutchmicrodosing.com\/fr\/herbes-botaniques\/teintures-et-extraits\/extrait-de-maca-jaune-50-ml\/","url":"https:\/\/dutchmicrodosing.com\/fr\/herbes-botaniques\/teintures-et-extraits\/extrait-de-maca-jaune-50-ml\/","name":"Extrait de Maca Jaune - 50 ml - Dutchmicrodosing","isPartOf":{"@id":"https:\/\/dutchmicrodosing.com\/fr\/#website"},"primaryImageOfPage":{"@id":"https:\/\/dutchmicrodosing.com\/fr\/herbes-botaniques\/teintures-et-extraits\/extrait-de-maca-jaune-50-ml\/#primaryimage"},"image":{"@id":"https:\/\/dutchmicrodosing.com\/fr\/herbes-botaniques\/teintures-et-extraits\/extrait-de-maca-jaune-50-ml\/#primaryimage"},"thumbnailUrl":"https:\/\/dutchmicrodosing.com\/wp-content\/uploads\/2026\/03\/YellowMaca-Munay.png.jpg","datePublished":"2026-03-24T06:26:13+00:00","dateModified":"2026-04-21T12:25:08+00:00","description":"D\u00e9couvre l\u2019extrait de maca jaune de Munay Botanicals. Extrait liquide \u00e0 spectre complet du P\u00e9rou, dosage facile, \u00e0 m\u00e9langer avec de l\u2019eau, du th\u00e9 ou des smoothies.","breadcrumb":{"@id":"https:\/\/dutchmicrodosing.com\/fr\/herbes-botaniques\/teintures-et-extraits\/extrait-de-maca-jaune-50-ml\/#breadcrumb"},"inLanguage":"fr-FR","potentialAction":[{"@type":"ReadAction","target":["https:\/\/dutchmicrodosing.com\/fr\/herbes-botaniques\/teintures-et-extraits\/extrait-de-maca-jaune-50-ml\/"]}]},{"@type":"ImageObject","inLanguage":"fr-FR","@id":"https:\/\/dutchmicrodosing.com\/fr\/herbes-botaniques\/teintures-et-extraits\/extrait-de-maca-jaune-50-ml\/#primaryimage","url":"https:\/\/dutchmicrodosing.com\/wp-content\/uploads\/2026\/03\/YellowMaca-Munay.png.jpg","contentUrl":"https:\/\/dutchmicrodosing.com\/wp-content\/uploads\/2026\/03\/YellowMaca-Munay.png.jpg","width":1024,"height":1024},{"@type":"BreadcrumbList","@id":"https:\/\/dutchmicrodosing.com\/fr\/herbes-botaniques\/teintures-et-extraits\/extrait-de-maca-jaune-50-ml\/#breadcrumb","itemListElement":[{"@type":"ListItem","position":1,"name":"Home","item":"https:\/\/dutchmicrodosing.com\/fr\/"},{"@type":"ListItem","position":2,"name":"Boutique","item":"https:\/\/dutchmicrodosing.com\/fr\/boutique\/"},{"@type":"ListItem","position":3,"name":"Extrait de Maca Jaune &#8211; 50 ml"}]},{"@type":"WebSite","@id":"https:\/\/dutchmicrodosing.com\/fr\/#website","url":"https:\/\/dutchmicrodosing.com\/fr\/","name":"Dutchmicrodosing","description":"","publisher":{"@id":"https:\/\/dutchmicrodosing.com\/fr\/#organization"},"potentialAction":[{"@type":"SearchAction","target":{"@type":"EntryPoint","urlTemplate":"https:\/\/dutchmicrodosing.com\/fr\/?s={search_term_string}"},"query-input":{"@type":"PropertyValueSpecification","valueRequired":true,"valueName":"search_term_string"}}],"inLanguage":"fr-FR"},{"@type":"Organization","@id":"https:\/\/dutchmicrodosing.com\/fr\/#organization","name":"Dutchmicrodosing","url":"https:\/\/dutchmicrodosing.com\/fr\/","logo":{"@type":"ImageObject","inLanguage":"fr-FR","@id":"https:\/\/dutchmicrodosing.com\/fr\/#\/schema\/logo\/image\/","url":"https:\/\/dutchmicrodosing.com\/wp-content\/uploads\/2021\/01\/microdosing-categorie-pic-nieuw.jpg","contentUrl":"https:\/\/dutchmicrodosing.com\/wp-content\/uploads\/2021\/01\/microdosing-categorie-pic-nieuw.jpg","width":500,"height":500,"caption":"Dutchmicrodosing"},"image":{"@id":"https:\/\/dutchmicrodosing.com\/fr\/#\/schema\/logo\/image\/"},"sameAs":["https:\/\/www.facebook.com\/Dutchmicrodosingxp\/","https:\/\/www.instagram.com\/dutchmicrodosing\/"]}]},"product_price_amount":"19.95","product_price_currency":"EUR","og_availability":"instock","product_availability":"instock","product_condition":"new"},"_links":{"self":[{"href":"https:\/\/dutchmicrodosing.com\/fr\/wp-json\/wp\/v2\/product\/65436","targetHints":{"allow":["GET"]}}],"collection":[{"href":"https:\/\/dutchmicrodosing.com\/fr\/wp-json\/wp\/v2\/product"}],"about":[{"href":"https:\/\/dutchmicrodosing.com\/fr\/wp-json\/wp\/v2\/types\/product"}],"replies":[{"embeddable":true,"href":"https:\/\/dutchmicrodosing.com\/fr\/wp-json\/wp\/v2\/comments?post=65436"}],"version-history":[{"count":0,"href":"https:\/\/dutchmicrodosing.com\/fr\/wp-json\/wp\/v2\/product\/65436\/revisions"}],"wp:featuredmedia":[{"embeddable":true,"href":"https:\/\/dutchmicrodosing.com\/fr\/wp-json\/wp\/v2\/media\/65435"}],"wp:attachment":[{"href":"https:\/\/dutchmicrodosing.com\/fr\/wp-json\/wp\/v2\/media?parent=65436"}],"wp:term":[{"taxonomy":"product_brand","embeddable":true,"href":"https:\/\/dutchmicrodosing.com\/fr\/wp-json\/wp\/v2\/product_brand?post=65436"},{"taxonomy":"product_cat","embeddable":true,"href":"https:\/\/dutchmicrodosing.com\/fr\/wp-json\/wp\/v2\/product_cat?post=65436"},{"taxonomy":"product_tag","embeddable":true,"href":"https:\/\/dutchmicrodosing.com\/fr\/wp-json\/wp\/v2\/product_tag?post=65436"}],"curies":[{"name":"wp","href":"https:\/\/api.w.org\/{rel}","templated":true}]}}