{"id":8695,"date":"2021-02-27T22:51:44","date_gmt":"2021-02-27T21:51:44","guid":{"rendered":"https:\/\/dutchmicrodosing.com\/shop\/non%20class\u00e9\/vitamine-d3-vegetalienne-30-gelules\/"},"modified":"2025-08-28T11:07:32","modified_gmt":"2025-08-28T09:07:32","slug":"vegan-vitamina-d3-30caps","status":"publish","type":"product","link":"https:\/\/dutchmicrodosing.com\/fr\/boutique-de-sante\/vitamines-et-supplements\/vegan-vitamina-d3-30caps\/","title":{"rendered":"Vitamine D3 v\u00e9g\u00e9talienne &#8211; 30 g\u00e9lules"},"content":{"rendered":"<p>Cette <strong>vitamine D3<\/strong> v\u00e9g\u00e9talienne sp\u00e9ciale de Together est produite \u00e0 partir de lichen. Le lichen est originaire d&rsquo;Am\u00e9rique du Nord et se d\u00e9veloppe dans les r\u00e9gions \u00e9loign\u00e9es, fra\u00eeches et montagneuses o\u00f9 l&rsquo;air est propre et pur. Il s&rsquo;agit d&rsquo;une petite esp\u00e8ce biologique unique qui contient la seule source v\u00e9g\u00e9tale de vitamine D3. L&rsquo;ajout d&rsquo;huile de noix de coco am\u00e9liore l&rsquo;absorption de la D3 (vitamine liposoluble).<\/p>\n<p>Ce produit est enti\u00e8rement v\u00e9g\u00e9talien et ne contient aucun additif ou autre excipient. Il est livr\u00e9 dans un sac qui passe par la bo\u00eete aux lettres. Un sachet contient 30 capsules, ce qui \u00e9quivaut \u00e0 un mois d&rsquo;approvisionnement (une capsule par jour).<\/p>\n<h3>Ingr\u00e9dients<\/h3>\n<p>Huile de coco, extrait de tapioca*, lichen avec vitamine D3 et g\u00e9lule v\u00e9g\u00e9tale (cellulose v\u00e9g\u00e9tale).<\/p>\n<p><strong>Valeurs nutritionnelles par capsule :<\/strong><\/p>\n<ul>\n<li>Vitamine D3 (Cholecalciferol) 25 \u03bcg \/ 1000 IU<\/li>\n<li>Huile de noix de coco 250mg<\/li>\n<\/ul>\n<h3>Contenu<\/h3>\n<p>Together Vegan Vitamine D3 &#8211; 30 g\u00e9lules<\/p>\n","protected":false},"excerpt":{"rendered":"<p>Cette vitamine D3 v\u00e9g\u00e9talienne sp\u00e9ciale de Together est produite \u00e0 partir de lichen. Le lichen est originaire d&rsquo;Am\u00e9rique du Nord et se d\u00e9veloppe dans les r\u00e9gions \u00e9loign\u00e9es, fra\u00eeches et montagneuses o\u00f9 l&rsquo;air est propre et pur. Il s&rsquo;agit d&rsquo;une petite esp\u00e8ce biologique unique qui contient la seule source v\u00e9g\u00e9tale de vitamine D3. L&rsquo;ajout d&rsquo;huile de [&hellip;]<\/p>\n","protected":false},"featured_media":3238,"comment_status":"open","ping_status":"closed","template":"","meta":[],"product_brand":[],"product_cat":[307,291,131],"product_tag":[],"class_list":{"0":"post-8695","1":"product","2":"type-product","3":"status-publish","4":"has-post-thumbnail","6":"product_cat-supplements-pour-le-sommeil","7":"product_cat-supplements-pour-le-systeme-immunitaire","8":"product_cat-vitamines-et-supplements","10":"first","11":"instock","12":"taxable","13":"shipping-taxable","14":"purchasable","15":"product-type-simple"},"yoast_head":"<!-- This site is optimized with the Yoast SEO Premium plugin v26.4 (Yoast SEO v27.2) - https:\/\/yoast.com\/product\/yoast-seo-premium-wordpress\/ -->\n<title>Vitamine D3 v\u00e9g\u00e9talienne - 30 g\u00e9lules - Dutchmicrodosing<\/title>\n<meta name=\"description\" content=\"Cette vitamine D3 v\u00e9g\u00e9talienne sp\u00e9ciale de Together est produite \u00e0 partir de lichen. Le lichen est originaire d&#039;Am\u00e9rique du Nord et se d\u00e9veloppe...\" \/>\n<meta name=\"robots\" content=\"index, follow, max-snippet:-1, max-image-preview:large, max-video-preview:-1\" \/>\n<link rel=\"canonical\" href=\"https:\/\/dutchmicrodosing.com\/fr\/boutique-de-sante\/vitamines-et-supplements\/vegan-vitamina-d3-30caps\/\" \/>\n<meta property=\"og:locale\" content=\"fr_FR\" \/>\n<meta property=\"og:type\" content=\"article\" \/>\n<meta property=\"og:title\" content=\"Vitamine D3 v\u00e9g\u00e9talienne - 30 g\u00e9lules\" \/>\n<meta property=\"og:description\" content=\"Cette vitamine D3 v\u00e9g\u00e9talienne sp\u00e9ciale de Together est produite \u00e0 partir de lichen. Le lichen est originaire d&#039;Am\u00e9rique du Nord et se d\u00e9veloppe dans les\" \/>\n<meta property=\"og:url\" content=\"https:\/\/dutchmicrodosing.com\/fr\/boutique-de-sante\/vitamines-et-supplements\/vegan-vitamina-d3-30caps\/\" \/>\n<meta property=\"og:site_name\" content=\"Dutchmicrodosing\" \/>\n<meta property=\"article:publisher\" content=\"https:\/\/www.facebook.com\/Dutchmicrodosingxp\/\" \/>\n<meta property=\"article:modified_time\" content=\"2025-08-28T09:07:32+00:00\" \/>\n<meta property=\"og:image\" content=\"https:\/\/dutchmicrodosing.com\/wp-content\/uploads\/2021\/02\/2269-Vegan-Vitamin-D3-Together-Health-30caps-3.jpg\" \/>\n\t<meta property=\"og:image:width\" content=\"1040\" \/>\n\t<meta property=\"og:image:height\" content=\"1040\" \/>\n\t<meta property=\"og:image:type\" content=\"image\/jpeg\" \/>\n<meta name=\"twitter:card\" content=\"summary_large_image\" \/>\n<script type=\"application\/ld+json\" class=\"yoast-schema-graph\">{\"@context\":\"https:\/\/schema.org\",\"@graph\":[{\"@type\":\"WebPage\",\"@id\":\"https:\/\/dutchmicrodosing.com\/fr\/boutique-de-sante\/vitamines-et-supplements\/vegan-vitamina-d3-30caps\/\",\"url\":\"https:\/\/dutchmicrodosing.com\/fr\/boutique-de-sante\/vitamines-et-supplements\/vegan-vitamina-d3-30caps\/\",\"name\":\"Vitamine D3 v\u00e9g\u00e9talienne - 30 g\u00e9lules - Dutchmicrodosing\",\"isPartOf\":{\"@id\":\"https:\/\/dutchmicrodosing.com\/fr\/#website\"},\"primaryImageOfPage\":{\"@id\":\"https:\/\/dutchmicrodosing.com\/fr\/boutique-de-sante\/vitamines-et-supplements\/vegan-vitamina-d3-30caps\/#primaryimage\"},\"image\":{\"@id\":\"https:\/\/dutchmicrodosing.com\/fr\/boutique-de-sante\/vitamines-et-supplements\/vegan-vitamina-d3-30caps\/#primaryimage\"},\"thumbnailUrl\":\"https:\/\/dutchmicrodosing.com\/wp-content\/uploads\/2021\/02\/2269-Vegan-Vitamin-D3-Together-Health-30caps-3.jpg\",\"datePublished\":\"2021-02-27T21:51:44+00:00\",\"dateModified\":\"2025-08-28T09:07:32+00:00\",\"description\":\"Cette vitamine D3 v\u00e9g\u00e9talienne sp\u00e9ciale de Together est produite \u00e0 partir de lichen. Le lichen est originaire d'Am\u00e9rique du Nord et se d\u00e9veloppe...\",\"breadcrumb\":{\"@id\":\"https:\/\/dutchmicrodosing.com\/fr\/boutique-de-sante\/vitamines-et-supplements\/vegan-vitamina-d3-30caps\/#breadcrumb\"},\"inLanguage\":\"fr-FR\",\"potentialAction\":[{\"@type\":\"ReadAction\",\"target\":[\"https:\/\/dutchmicrodosing.com\/fr\/boutique-de-sante\/vitamines-et-supplements\/vegan-vitamina-d3-30caps\/\"]}]},{\"@type\":\"ImageObject\",\"inLanguage\":\"fr-FR\",\"@id\":\"https:\/\/dutchmicrodosing.com\/fr\/boutique-de-sante\/vitamines-et-supplements\/vegan-vitamina-d3-30caps\/#primaryimage\",\"url\":\"https:\/\/dutchmicrodosing.com\/wp-content\/uploads\/2021\/02\/2269-Vegan-Vitamin-D3-Together-Health-30caps-3.jpg\",\"contentUrl\":\"https:\/\/dutchmicrodosing.com\/wp-content\/uploads\/2021\/02\/2269-Vegan-Vitamin-D3-Together-Health-30caps-3.jpg\",\"width\":1040,\"height\":1040},{\"@type\":\"BreadcrumbList\",\"@id\":\"https:\/\/dutchmicrodosing.com\/fr\/boutique-de-sante\/vitamines-et-supplements\/vegan-vitamina-d3-30caps\/#breadcrumb\",\"itemListElement\":[{\"@type\":\"ListItem\",\"position\":1,\"name\":\"Home\",\"item\":\"https:\/\/dutchmicrodosing.com\/fr\/\"},{\"@type\":\"ListItem\",\"position\":2,\"name\":\"Boutique\",\"item\":\"https:\/\/dutchmicrodosing.com\/fr\/boutique\/\"},{\"@type\":\"ListItem\",\"position\":3,\"name\":\"Vitamine D3 v\u00e9g\u00e9talienne &#8211; 30 g\u00e9lules\"}]},{\"@type\":\"WebSite\",\"@id\":\"https:\/\/dutchmicrodosing.com\/fr\/#website\",\"url\":\"https:\/\/dutchmicrodosing.com\/fr\/\",\"name\":\"Dutchmicrodosing\",\"description\":\"\",\"publisher\":{\"@id\":\"https:\/\/dutchmicrodosing.com\/fr\/#organization\"},\"potentialAction\":[{\"@type\":\"SearchAction\",\"target\":{\"@type\":\"EntryPoint\",\"urlTemplate\":\"https:\/\/dutchmicrodosing.com\/fr\/?s={search_term_string}\"},\"query-input\":{\"@type\":\"PropertyValueSpecification\",\"valueRequired\":true,\"valueName\":\"search_term_string\"}}],\"inLanguage\":\"fr-FR\"},{\"@type\":\"Organization\",\"@id\":\"https:\/\/dutchmicrodosing.com\/fr\/#organization\",\"name\":\"Dutchmicrodosing\",\"url\":\"https:\/\/dutchmicrodosing.com\/fr\/\",\"logo\":{\"@type\":\"ImageObject\",\"inLanguage\":\"fr-FR\",\"@id\":\"https:\/\/dutchmicrodosing.com\/fr\/#\/schema\/logo\/image\/\",\"url\":\"https:\/\/dutchmicrodosing.com\/wp-content\/uploads\/2021\/01\/microdosing-categorie-pic-nieuw.jpg\",\"contentUrl\":\"https:\/\/dutchmicrodosing.com\/wp-content\/uploads\/2021\/01\/microdosing-categorie-pic-nieuw.jpg\",\"width\":500,\"height\":500,\"caption\":\"Dutchmicrodosing\"},\"image\":{\"@id\":\"https:\/\/dutchmicrodosing.com\/fr\/#\/schema\/logo\/image\/\"},\"sameAs\":[\"https:\/\/www.facebook.com\/Dutchmicrodosingxp\/\",\"https:\/\/www.instagram.com\/dutchmicrodosing\/\"]}]}<\/script>\n<meta property=\"product:price:amount\" content=\"8.95\" \/>\n<meta property=\"product:price:currency\" content=\"EUR\" \/>\n<meta property=\"og:availability\" content=\"instock\" \/>\n<meta property=\"product:availability\" content=\"instock\" \/>\n<meta property=\"product:retailer_item_id\" content=\"1202145\" \/>\n<meta property=\"product:condition\" content=\"new\" \/>\n<!-- \/ Yoast SEO Premium plugin. -->","yoast_head_json":{"title":"Vitamine D3 v\u00e9g\u00e9talienne - 30 g\u00e9lules - Dutchmicrodosing","description":"Cette vitamine D3 v\u00e9g\u00e9talienne sp\u00e9ciale de Together est produite \u00e0 partir de lichen. Le lichen est originaire d'Am\u00e9rique du Nord et se d\u00e9veloppe...","robots":{"index":"index","follow":"follow","max-snippet":"max-snippet:-1","max-image-preview":"max-image-preview:large","max-video-preview":"max-video-preview:-1"},"canonical":"https:\/\/dutchmicrodosing.com\/fr\/boutique-de-sante\/vitamines-et-supplements\/vegan-vitamina-d3-30caps\/","og_locale":"fr_FR","og_type":"article","og_title":"Vitamine D3 v\u00e9g\u00e9talienne - 30 g\u00e9lules","og_description":"Cette vitamine D3 v\u00e9g\u00e9talienne sp\u00e9ciale de Together est produite \u00e0 partir de lichen. Le lichen est originaire d'Am\u00e9rique du Nord et se d\u00e9veloppe dans les","og_url":"https:\/\/dutchmicrodosing.com\/fr\/boutique-de-sante\/vitamines-et-supplements\/vegan-vitamina-d3-30caps\/","og_site_name":"Dutchmicrodosing","article_publisher":"https:\/\/www.facebook.com\/Dutchmicrodosingxp\/","article_modified_time":"2025-08-28T09:07:32+00:00","og_image":[{"width":1040,"height":1040,"url":"https:\/\/dutchmicrodosing.com\/wp-content\/uploads\/2021\/02\/2269-Vegan-Vitamin-D3-Together-Health-30caps-3.jpg","type":"image\/jpeg"}],"twitter_card":"summary_large_image","schema":{"@context":"https:\/\/schema.org","@graph":[{"@type":"WebPage","@id":"https:\/\/dutchmicrodosing.com\/fr\/boutique-de-sante\/vitamines-et-supplements\/vegan-vitamina-d3-30caps\/","url":"https:\/\/dutchmicrodosing.com\/fr\/boutique-de-sante\/vitamines-et-supplements\/vegan-vitamina-d3-30caps\/","name":"Vitamine D3 v\u00e9g\u00e9talienne - 30 g\u00e9lules - Dutchmicrodosing","isPartOf":{"@id":"https:\/\/dutchmicrodosing.com\/fr\/#website"},"primaryImageOfPage":{"@id":"https:\/\/dutchmicrodosing.com\/fr\/boutique-de-sante\/vitamines-et-supplements\/vegan-vitamina-d3-30caps\/#primaryimage"},"image":{"@id":"https:\/\/dutchmicrodosing.com\/fr\/boutique-de-sante\/vitamines-et-supplements\/vegan-vitamina-d3-30caps\/#primaryimage"},"thumbnailUrl":"https:\/\/dutchmicrodosing.com\/wp-content\/uploads\/2021\/02\/2269-Vegan-Vitamin-D3-Together-Health-30caps-3.jpg","datePublished":"2021-02-27T21:51:44+00:00","dateModified":"2025-08-28T09:07:32+00:00","description":"Cette vitamine D3 v\u00e9g\u00e9talienne sp\u00e9ciale de Together est produite \u00e0 partir de lichen. Le lichen est originaire d'Am\u00e9rique du Nord et se d\u00e9veloppe...","breadcrumb":{"@id":"https:\/\/dutchmicrodosing.com\/fr\/boutique-de-sante\/vitamines-et-supplements\/vegan-vitamina-d3-30caps\/#breadcrumb"},"inLanguage":"fr-FR","potentialAction":[{"@type":"ReadAction","target":["https:\/\/dutchmicrodosing.com\/fr\/boutique-de-sante\/vitamines-et-supplements\/vegan-vitamina-d3-30caps\/"]}]},{"@type":"ImageObject","inLanguage":"fr-FR","@id":"https:\/\/dutchmicrodosing.com\/fr\/boutique-de-sante\/vitamines-et-supplements\/vegan-vitamina-d3-30caps\/#primaryimage","url":"https:\/\/dutchmicrodosing.com\/wp-content\/uploads\/2021\/02\/2269-Vegan-Vitamin-D3-Together-Health-30caps-3.jpg","contentUrl":"https:\/\/dutchmicrodosing.com\/wp-content\/uploads\/2021\/02\/2269-Vegan-Vitamin-D3-Together-Health-30caps-3.jpg","width":1040,"height":1040},{"@type":"BreadcrumbList","@id":"https:\/\/dutchmicrodosing.com\/fr\/boutique-de-sante\/vitamines-et-supplements\/vegan-vitamina-d3-30caps\/#breadcrumb","itemListElement":[{"@type":"ListItem","position":1,"name":"Home","item":"https:\/\/dutchmicrodosing.com\/fr\/"},{"@type":"ListItem","position":2,"name":"Boutique","item":"https:\/\/dutchmicrodosing.com\/fr\/boutique\/"},{"@type":"ListItem","position":3,"name":"Vitamine D3 v\u00e9g\u00e9talienne &#8211; 30 g\u00e9lules"}]},{"@type":"WebSite","@id":"https:\/\/dutchmicrodosing.com\/fr\/#website","url":"https:\/\/dutchmicrodosing.com\/fr\/","name":"Dutchmicrodosing","description":"","publisher":{"@id":"https:\/\/dutchmicrodosing.com\/fr\/#organization"},"potentialAction":[{"@type":"SearchAction","target":{"@type":"EntryPoint","urlTemplate":"https:\/\/dutchmicrodosing.com\/fr\/?s={search_term_string}"},"query-input":{"@type":"PropertyValueSpecification","valueRequired":true,"valueName":"search_term_string"}}],"inLanguage":"fr-FR"},{"@type":"Organization","@id":"https:\/\/dutchmicrodosing.com\/fr\/#organization","name":"Dutchmicrodosing","url":"https:\/\/dutchmicrodosing.com\/fr\/","logo":{"@type":"ImageObject","inLanguage":"fr-FR","@id":"https:\/\/dutchmicrodosing.com\/fr\/#\/schema\/logo\/image\/","url":"https:\/\/dutchmicrodosing.com\/wp-content\/uploads\/2021\/01\/microdosing-categorie-pic-nieuw.jpg","contentUrl":"https:\/\/dutchmicrodosing.com\/wp-content\/uploads\/2021\/01\/microdosing-categorie-pic-nieuw.jpg","width":500,"height":500,"caption":"Dutchmicrodosing"},"image":{"@id":"https:\/\/dutchmicrodosing.com\/fr\/#\/schema\/logo\/image\/"},"sameAs":["https:\/\/www.facebook.com\/Dutchmicrodosingxp\/","https:\/\/www.instagram.com\/dutchmicrodosing\/"]}]},"product_price_amount":"8.95","product_price_currency":"EUR","og_availability":"instock","product_availability":"instock","product_retailer_item_id":"1202145","product_condition":"new"},"_links":{"self":[{"href":"https:\/\/dutchmicrodosing.com\/fr\/wp-json\/wp\/v2\/product\/8695","targetHints":{"allow":["GET"]}}],"collection":[{"href":"https:\/\/dutchmicrodosing.com\/fr\/wp-json\/wp\/v2\/product"}],"about":[{"href":"https:\/\/dutchmicrodosing.com\/fr\/wp-json\/wp\/v2\/types\/product"}],"replies":[{"embeddable":true,"href":"https:\/\/dutchmicrodosing.com\/fr\/wp-json\/wp\/v2\/comments?post=8695"}],"version-history":[{"count":0,"href":"https:\/\/dutchmicrodosing.com\/fr\/wp-json\/wp\/v2\/product\/8695\/revisions"}],"wp:featuredmedia":[{"embeddable":true,"href":"https:\/\/dutchmicrodosing.com\/fr\/wp-json\/wp\/v2\/media\/3238"}],"wp:attachment":[{"href":"https:\/\/dutchmicrodosing.com\/fr\/wp-json\/wp\/v2\/media?parent=8695"}],"wp:term":[{"taxonomy":"product_brand","embeddable":true,"href":"https:\/\/dutchmicrodosing.com\/fr\/wp-json\/wp\/v2\/product_brand?post=8695"},{"taxonomy":"product_cat","embeddable":true,"href":"https:\/\/dutchmicrodosing.com\/fr\/wp-json\/wp\/v2\/product_cat?post=8695"},{"taxonomy":"product_tag","embeddable":true,"href":"https:\/\/dutchmicrodosing.com\/fr\/wp-json\/wp\/v2\/product_tag?post=8695"}],"curies":[{"name":"wp","href":"https:\/\/api.w.org\/{rel}","templated":true}]}}