{"id":6302,"date":"2021-06-06T19:18:27","date_gmt":"2021-06-06T19:18:27","guid":{"rendered":"https:\/\/dutchmicrodosing.com\/forniture-per-microdosaggio\/"},"modified":"2025-11-18T16:37:45","modified_gmt":"2025-11-18T15:37:45","slug":"forniture-per-il-microdosaggio","status":"publish","type":"page","link":"https:\/\/dutchmicrodosing.com\/it\/forniture-per-il-microdosaggio\/","title":{"rendered":"Forniture per microdosaggio"},"content":{"rendered":"\t\t<div data-elementor-type=\"wp-page\" data-elementor-id=\"6302\" class=\"elementor elementor-6302 elementor-590\" data-elementor-post-type=\"page\">\n\t\t\t\t\t\t<section class=\"elementor-section elementor-top-section elementor-element elementor-element-b50540a elementor-section-boxed elementor-section-height-default elementor-section-height-default\" data-id=\"b50540a\" data-element_type=\"section\" data-e-type=\"section\">\n\t\t\t\t\t\t<div class=\"elementor-container elementor-column-gap-default\">\n\t\t\t\t\t<div class=\"elementor-column elementor-col-100 elementor-top-column elementor-element elementor-element-cd15175\" data-id=\"cd15175\" data-element_type=\"column\" data-e-type=\"column\">\n\t\t\t<div class=\"elementor-widget-wrap elementor-element-populated\">\n\t\t\t\t\t\t<div class=\"elementor-element elementor-element-5a79ba8 elementor--h-position-center elementor--v-position-middle elementor-arrows-position-inside elementor-pagination-position-inside elementor-widget elementor-widget-slides\" data-id=\"5a79ba8\" data-element_type=\"widget\" data-e-type=\"widget\" data-settings=\"{&quot;navigation&quot;:&quot;both&quot;,&quot;autoplay&quot;:&quot;yes&quot;,&quot;pause_on_hover&quot;:&quot;yes&quot;,&quot;pause_on_interaction&quot;:&quot;yes&quot;,&quot;autoplay_speed&quot;:5000,&quot;infinite&quot;:&quot;yes&quot;,&quot;transition&quot;:&quot;slide&quot;,&quot;transition_speed&quot;:500}\" data-widget_type=\"slides.default\">\n\t\t\t\t<div class=\"elementor-widget-container\">\n\t\t\t\t\t\t\t\t\t<div class=\"elementor-swiper\">\n\t\t\t\t\t<div class=\"elementor-slides-wrapper elementor-main-swiper swiper\" role=\"region\" aria-roledescription=\"carousel\" aria-label=\"Slides\" dir=\"ltr\" data-animation=\"fadeInUp\">\n\t\t\t\t<div class=\"swiper-wrapper elementor-slides\">\n\t\t\t\t\t\t\t\t\t\t<div class=\"elementor-repeater-item-3f771d6 swiper-slide\" role=\"group\" aria-roledescription=\"slide\"><div class=\"swiper-slide-bg\" role=\"img\" aria-label=\"Microdosaggio di funghi magici\"><\/div><div class=\"swiper-slide-inner\" ><div class=\"swiper-slide-contents\"><\/div><\/div><\/div>\t\t\t\t<\/div>\n\t\t\t\t\t\t\t<\/div>\n\t\t\t\t<\/div>\n\t\t\t\t\t\t\t\t<\/div>\n\t\t\t\t<\/div>\n\t\t\t\t\t<\/div>\n\t\t<\/div>\n\t\t\t\t\t<\/div>\n\t\t<\/section>\n\t\t\t\t<section class=\"elementor-section elementor-top-section elementor-element elementor-element-bea9fce elementor-section-boxed elementor-section-height-default elementor-section-height-default\" data-id=\"bea9fce\" data-element_type=\"section\" data-e-type=\"section\">\n\t\t\t\t\t\t<div class=\"elementor-container elementor-column-gap-default\">\n\t\t\t\t\t<div class=\"elementor-column elementor-col-100 elementor-top-column elementor-element elementor-element-5e834da\" data-id=\"5e834da\" data-element_type=\"column\" data-e-type=\"column\">\n\t\t\t<div class=\"elementor-widget-wrap elementor-element-populated\">\n\t\t\t\t\t\t<div class=\"elementor-element elementor-element-42861f6 elementor-widget elementor-widget-heading\" data-id=\"42861f6\" data-element_type=\"widget\" data-e-type=\"widget\" data-widget_type=\"heading.default\">\n\t\t\t\t<div class=\"elementor-widget-container\">\n\t\t\t\t\t<h1 class=\"elementor-heading-title elementor-size-default\">Materiali per il microdosaggio<\/h1>\t\t\t\t<\/div>\n\t\t\t\t<\/div>\n\t\t\t\t\t<\/div>\n\t\t<\/div>\n\t\t\t\t\t<\/div>\n\t\t<\/section>\n\t\t\t\t<section class=\"elementor-section elementor-top-section elementor-element elementor-element-0bb2ebc elementor-section-boxed elementor-section-height-default elementor-section-height-default\" data-id=\"0bb2ebc\" data-element_type=\"section\" data-e-type=\"section\">\n\t\t\t\t\t\t<div class=\"elementor-container elementor-column-gap-default\">\n\t\t\t\t\t<div class=\"elementor-column elementor-col-100 elementor-top-column elementor-element elementor-element-024f7f6\" data-id=\"024f7f6\" data-element_type=\"column\" data-e-type=\"column\">\n\t\t\t<div class=\"elementor-widget-wrap elementor-element-populated\">\n\t\t\t\t\t\t<div class=\"elementor-element elementor-element-cd0634d elementor-widget elementor-widget-text-editor\" data-id=\"cd0634d\" data-element_type=\"widget\" data-e-type=\"widget\" data-widget_type=\"text-editor.default\">\n\t\t\t\t<div class=\"elementor-widget-container\">\n\t\t\t\t\t\t\t\t\t<p>Se si vuole usare il microdosaggio, \u00e8 meglio optare per sostanze essiccate. Questo permette di lavorare con molta precisione, il che \u00e8 importante. In questo articolo troverai informazioni sulle principali forniture per il microdosaggio, dalla quantit\u00e0 di funghi magici o tartufi alle capsule con cui assumere le microdosi. Quando si effettua il <a href=\"https:\/\/dutchmicrodosing.com\/it\/routine-di-microdosaggio\/\">microdosaggio, utilizzare sempre una routine di microdosaggio<\/a>.<\/p><h2>Di cosa avete bisogno per il microdosaggio?<\/h2><p>Gli psichedelici pi\u00f9 comuni usati per il microdosaggio sono i funghi magici e i tartufi. Puoi usarli freschi, ma essiccati ti permettono di lavorare con pi\u00f9 precisione. Allora puoi essere sicuro che stai ricevendo una dose uguale di farmaco ogni volta. Stiamo ovviamente parlando della psilocybe, la sostanza che (in quantit\u00e0 normali) ha un effetto di alterazione mentale. Con il microdosaggio, si ingerisce una quantit\u00e0 cos\u00ec piccola da avvertire i <a href=\"https:\/\/dutchmicrodosing.com\/it\/benefici-microdosi\/\">benefici<\/a>, ma senza influire negativamente sul funzionamento.<\/p><p>Il minimo che ti serve sono i funghi magici o i tartufi. Scegliere l&#8217;uno o l&#8217;altro \u00e8 una scelta personale. Entrambi contengono psilocibina, ma i funghi magici hanno un effetto pi\u00f9 forte. Avrete anche bisogno di:<\/p><ul><li>Scala accurata (fino a 1\/10 di grammo)<\/li><li>Ventilatore<\/li><li>Macina caff\u00e8 o macinino (per macinare)<\/li><li>Capsule per il dosaggio<\/li><\/ul><p><img fetchpriority=\"high\" decoding=\"async\" class=\"aligncenter wp-image-21862 size-full\" src=\"https:\/\/dutchmicrodosing.com\/wp-content\/uploads\/2023\/03\/microdosing-magic-mushrooms-psilocybin-measuring-daily-micro-dose-magic-mushrooms-digital-scale-scaled.jpg\" alt=\"Materiali per il microdosaggio\" width=\"2560\" height=\"1707\" srcset=\"https:\/\/dutchmicrodosing.com\/wp-content\/uploads\/2023\/03\/microdosing-magic-mushrooms-psilocybin-measuring-daily-micro-dose-magic-mushrooms-digital-scale-scaled.jpg 2560w, https:\/\/dutchmicrodosing.com\/wp-content\/uploads\/2023\/03\/microdosing-magic-mushrooms-psilocybin-measuring-daily-micro-dose-magic-mushrooms-digital-scale-scaled-600x400.jpg 600w, https:\/\/dutchmicrodosing.com\/wp-content\/uploads\/2023\/03\/microdosing-magic-mushrooms-psilocybin-measuring-daily-micro-dose-magic-mushrooms-digital-scale-300x200.jpg 300w, https:\/\/dutchmicrodosing.com\/wp-content\/uploads\/2023\/03\/microdosing-magic-mushrooms-psilocybin-measuring-daily-micro-dose-magic-mushrooms-digital-scale-1024x683.jpg 1024w, https:\/\/dutchmicrodosing.com\/wp-content\/uploads\/2023\/03\/microdosing-magic-mushrooms-psilocybin-measuring-daily-micro-dose-magic-mushrooms-digital-scale-768x512.jpg 768w, https:\/\/dutchmicrodosing.com\/wp-content\/uploads\/2023\/03\/microdosing-magic-mushrooms-psilocybin-measuring-daily-micro-dose-magic-mushrooms-digital-scale-1536x1024.jpg 1536w, https:\/\/dutchmicrodosing.com\/wp-content\/uploads\/2023\/03\/microdosing-magic-mushrooms-psilocybin-measuring-daily-micro-dose-magic-mushrooms-digital-scale-2048x1365.jpg 2048w\" sizes=\"(max-width: 2560px) 100vw, 2560px\" \/><\/p><h2>Forniture per microdosaggio con tartufi<\/h2><p>I tartufi fanno parte della rete di micelio dei funghi magici. Sono pezzi induriti di questo micelio, che contengono anche psilocibina. Ci sono diversi tipi di funghi magici che producono tartufi. Se non reagisci bene a una specie, puoi sempre optare per un&#8217;altra.<\/p><p><strong>Una microdose di tartufi magici:<\/strong><\/p><p>Tartufi secchi: da 0,2 a 1 grammo<\/p><p>Tartufi freschi: da 0,5 a 2 grammi<\/p><p>\u00c8 possibile effettuare <a href=\"https:\/\/dutchmicrodosing.com\/it\/cose-la-microdosi\/\">microdosi<\/a> con tartufi freschi, ma il rovescio della medaglia \u00e8 che non durano molto a lungo. I tartufi secchi hanno il vantaggio di conservarsi a lungo in un barattolo o contenitore sigillato. Ed \u00e8 pi\u00f9 facile da dosare con precisione. Ogni tartufo pu\u00f2 contenere una quantit\u00e0 diversa di <a href=\"https:\/\/www.umcutrecht.nl\/nl\/wetenschappelijk-onderzoek\/de-ptrd-studie\" target=\"_blank\" rel=\"noopener\">psilocibina<\/a>. Se li macini e li mescoli, otterrai sempre una forza costante.<\/p><p><img decoding=\"async\" class=\"aligncenter wp-image-27177 size-full\" src=\"https:\/\/dutchmicrodosing.com\/wp-content\/uploads\/2023\/08\/old-fan-operation-scaled.jpg\" alt=\"\" width=\"2560\" height=\"1707\" srcset=\"https:\/\/dutchmicrodosing.com\/wp-content\/uploads\/2023\/08\/old-fan-operation-scaled.jpg 2560w, https:\/\/dutchmicrodosing.com\/wp-content\/uploads\/2023\/08\/old-fan-operation-scaled-600x400.jpg 600w, https:\/\/dutchmicrodosing.com\/wp-content\/uploads\/2023\/08\/old-fan-operation-300x200.jpg 300w, https:\/\/dutchmicrodosing.com\/wp-content\/uploads\/2023\/08\/old-fan-operation-1024x683.jpg 1024w, https:\/\/dutchmicrodosing.com\/wp-content\/uploads\/2023\/08\/old-fan-operation-768x512.jpg 768w, https:\/\/dutchmicrodosing.com\/wp-content\/uploads\/2023\/08\/old-fan-operation-1536x1024.jpg 1536w, https:\/\/dutchmicrodosing.com\/wp-content\/uploads\/2023\/08\/old-fan-operation-2048x1365.jpg 2048w\" sizes=\"(max-width: 2560px) 100vw, 2560px\" \/><\/p><h3>Essiccazione dei tartufi<\/h3><p>Se vuoi essiccare i tartufi, procedi come segue: taglia i tartufi a fette sottili. In questo modo, i tartufi si asciugano pi\u00f9 rapidamente, il che \u00e8 importante per evitare la formazione di muffe. Mettete un canovaccio pulito sulla vostra superficie di lavoro e lasciateli asciugare su di esso. Si pu\u00f2 usare un ventilatore, ma non \u00e8 necessario. Fate attenzione quando usate una fonte di calore: la psilocibina perde la sua potenza a partire da una temperatura di 225 gradi. Se volete usare un forno, non impostatelo a pi\u00f9 di 40 gradi. Inoltre, non lasciate che i tartufi si asciughino al sole: anche questo causerebbe una perdita di principi attivi.<\/p><p>Lasciare asciugare i tartufi fino a quando non sono asciutti. Solo allora tutta l&#8217;umidit\u00e0 sar\u00e0 sparita. Questo richieder\u00e0 almeno tre giorni. Ora usate un macinino da caff\u00e8 o un macinino per macinare i tartufi secchi. Ora \u00e8 il momento di misurare la tua microdose. Prendere la <a href=\"https:\/\/dutchmicrodosing.com\/it\/microdosaggio\/\">bilancia<\/a> e utilizzare le capsule per inserire la polvere. In media si pu\u00f2 assumere una dose che si trova tra 0,2 e 0,8 grammi.<\/p><p>Compilare le proprie microdosi \u00e8 un bel po&#8217; di lavoro. Se non avete il tempo o la voglia, i tartufi microdosatori ve lo rendono facile. Una confezione contiene gli elementi essenziali del microdosaggio: 6 microdosi di tartufi magici, preconfezionati e pronti all&#8217;uso. Non avete nulla di cui preoccuparvi.<\/p><p>Oltre ai funghi magici e ai tartufi ci sono altre sostanze che possono essere usate per il microdosaggio, come l&#8217;iboga, l&#8217;LSD e la mescalina. Tuttavia, questi sono usati meno frequentemente, ma il principio \u00e8 lo stesso.<\/p>\t\t\t\t\t\t\t\t<\/div>\n\t\t\t\t<\/div>\n\t\t\t\t\t<\/div>\n\t\t<\/div>\n\t\t\t\t\t<\/div>\n\t\t<\/section>\n\t\t\t\t<\/div>\n\t\t","protected":false},"excerpt":{"rendered":"<p>Materiali per il microdosaggio Se si vuole usare il microdosaggio, \u00e8 meglio optare per sostanze essiccate. Questo permette di lavorare con molta precisione, il che \u00e8 importante. In questo articolo troverai informazioni sulle principali forniture per il microdosaggio, dalla quantit\u00e0 di funghi magici o tartufi alle capsule con cui assumere le microdosi. Quando si effettua [&hellip;]<\/p>\n","protected":false},"author":10,"featured_media":0,"parent":0,"menu_order":0,"comment_status":"closed","ping_status":"closed","template":"","meta":{"footnotes":""},"class_list":["post-6302","page","type-page","status-publish","hentry"],"yoast_head":"<!-- This site is optimized with the Yoast SEO Premium plugin v26.4 (Yoast SEO v27.2) - https:\/\/yoast.com\/product\/yoast-seo-premium-wordpress\/ -->\n<title>Accessori per Microdosaggio | DutchMicrodosing<\/title>\n<meta name=\"description\" content=\"Accessori per microdosaggio per un inizio sicuro: capsule, bilance e altro. Tutto ci\u00f2 di cui hai bisogno in una panoramica.\" \/>\n<meta name=\"robots\" content=\"index, follow, max-snippet:-1, max-image-preview:large, max-video-preview:-1\" \/>\n<link rel=\"canonical\" href=\"https:\/\/dutchmicrodosing.com\/it\/forniture-per-il-microdosaggio\/\" \/>\n<meta property=\"og:locale\" content=\"it_IT\" \/>\n<meta property=\"og:type\" content=\"article\" \/>\n<meta property=\"og:title\" content=\"Forniture per microdosaggio\" \/>\n<meta property=\"og:description\" content=\"Materiali per il microdosaggio Se si vuole usare il microdosaggio, \u00e8 meglio optare per sostanze essiccate. Questo permette di lavorare con molta\" \/>\n<meta property=\"og:url\" content=\"https:\/\/dutchmicrodosing.com\/it\/forniture-per-il-microdosaggio\/\" \/>\n<meta property=\"og:site_name\" content=\"Dutchmicrodosing\" \/>\n<meta property=\"article:publisher\" content=\"https:\/\/www.facebook.com\/Dutchmicrodosingxp\/\" \/>\n<meta property=\"article:modified_time\" content=\"2025-11-18T15:37:45+00:00\" \/>\n<meta property=\"og:image\" content=\"https:\/\/dutchmicrodosing.com\/wp-content\/uploads\/2023\/03\/microdosing-magic-mushrooms-psilocybin-measuring-daily-micro-dose-magic-mushrooms-digital-scale-scaled.jpg\" \/>\n\t<meta property=\"og:image:width\" content=\"2560\" \/>\n\t<meta property=\"og:image:height\" content=\"1707\" \/>\n\t<meta property=\"og:image:type\" content=\"image\/jpeg\" \/>\n<meta name=\"twitter:card\" content=\"summary_large_image\" \/>\n<script type=\"application\/ld+json\" class=\"yoast-schema-graph\">{\"@context\":\"https:\/\/schema.org\",\"@graph\":[{\"@type\":\"WebPage\",\"@id\":\"https:\/\/dutchmicrodosing.com\/it\/forniture-per-il-microdosaggio\/\",\"url\":\"https:\/\/dutchmicrodosing.com\/it\/forniture-per-il-microdosaggio\/\",\"name\":\"Accessori per Microdosaggio | DutchMicrodosing\",\"isPartOf\":{\"@id\":\"https:\/\/dutchmicrodosing.com\/it\/#website\"},\"primaryImageOfPage\":{\"@id\":\"https:\/\/dutchmicrodosing.com\/it\/forniture-per-il-microdosaggio\/#primaryimage\"},\"image\":{\"@id\":\"https:\/\/dutchmicrodosing.com\/it\/forniture-per-il-microdosaggio\/#primaryimage\"},\"thumbnailUrl\":\"https:\/\/dutchmicrodosing.com\/wp-content\/uploads\/2023\/03\/microdosing-magic-mushrooms-psilocybin-measuring-daily-micro-dose-magic-mushrooms-digital-scale-scaled.jpg\",\"datePublished\":\"2021-06-06T19:18:27+00:00\",\"dateModified\":\"2025-11-18T15:37:45+00:00\",\"description\":\"Accessori per microdosaggio per un inizio sicuro: capsule, bilance e altro. Tutto ci\u00f2 di cui hai bisogno in una panoramica.\",\"breadcrumb\":{\"@id\":\"https:\/\/dutchmicrodosing.com\/it\/forniture-per-il-microdosaggio\/#breadcrumb\"},\"inLanguage\":\"it-IT\",\"potentialAction\":[{\"@type\":\"ReadAction\",\"target\":[\"https:\/\/dutchmicrodosing.com\/it\/forniture-per-il-microdosaggio\/\"]}]},{\"@type\":\"ImageObject\",\"inLanguage\":\"it-IT\",\"@id\":\"https:\/\/dutchmicrodosing.com\/it\/forniture-per-il-microdosaggio\/#primaryimage\",\"url\":\"https:\/\/dutchmicrodosing.com\/wp-content\/uploads\/2023\/03\/microdosing-magic-mushrooms-psilocybin-measuring-daily-micro-dose-magic-mushrooms-digital-scale-scaled.jpg\",\"contentUrl\":\"https:\/\/dutchmicrodosing.com\/wp-content\/uploads\/2023\/03\/microdosing-magic-mushrooms-psilocybin-measuring-daily-micro-dose-magic-mushrooms-digital-scale-scaled.jpg\"},{\"@type\":\"BreadcrumbList\",\"@id\":\"https:\/\/dutchmicrodosing.com\/it\/forniture-per-il-microdosaggio\/#breadcrumb\",\"itemListElement\":[{\"@type\":\"ListItem\",\"position\":1,\"name\":\"Home\",\"item\":\"https:\/\/dutchmicrodosing.com\/it\/\"},{\"@type\":\"ListItem\",\"position\":2,\"name\":\"Forniture per microdosaggio\"}]},{\"@type\":\"WebSite\",\"@id\":\"https:\/\/dutchmicrodosing.com\/it\/#website\",\"url\":\"https:\/\/dutchmicrodosing.com\/it\/\",\"name\":\"Dutchmicrodosing\",\"description\":\"\",\"publisher\":{\"@id\":\"https:\/\/dutchmicrodosing.com\/it\/#organization\"},\"potentialAction\":[{\"@type\":\"SearchAction\",\"target\":{\"@type\":\"EntryPoint\",\"urlTemplate\":\"https:\/\/dutchmicrodosing.com\/it\/?s={search_term_string}\"},\"query-input\":{\"@type\":\"PropertyValueSpecification\",\"valueRequired\":true,\"valueName\":\"search_term_string\"}}],\"inLanguage\":\"it-IT\"},{\"@type\":\"Organization\",\"@id\":\"https:\/\/dutchmicrodosing.com\/it\/#organization\",\"name\":\"Dutchmicrodosing\",\"url\":\"https:\/\/dutchmicrodosing.com\/it\/\",\"logo\":{\"@type\":\"ImageObject\",\"inLanguage\":\"it-IT\",\"@id\":\"https:\/\/dutchmicrodosing.com\/it\/#\/schema\/logo\/image\/\",\"url\":\"https:\/\/dutchmicrodosing.com\/wp-content\/uploads\/2021\/01\/microdosing-categorie-pic-nieuw.jpg\",\"contentUrl\":\"https:\/\/dutchmicrodosing.com\/wp-content\/uploads\/2021\/01\/microdosing-categorie-pic-nieuw.jpg\",\"width\":500,\"height\":500,\"caption\":\"Dutchmicrodosing\"},\"image\":{\"@id\":\"https:\/\/dutchmicrodosing.com\/it\/#\/schema\/logo\/image\/\"},\"sameAs\":[\"https:\/\/www.facebook.com\/Dutchmicrodosingxp\/\",\"https:\/\/www.instagram.com\/dutchmicrodosing\/\"]}]}<\/script>\n<!-- \/ Yoast SEO Premium plugin. -->","yoast_head_json":{"title":"Accessori per Microdosaggio | DutchMicrodosing","description":"Accessori per microdosaggio per un inizio sicuro: capsule, bilance e altro. Tutto ci\u00f2 di cui hai bisogno in una panoramica.","robots":{"index":"index","follow":"follow","max-snippet":"max-snippet:-1","max-image-preview":"max-image-preview:large","max-video-preview":"max-video-preview:-1"},"canonical":"https:\/\/dutchmicrodosing.com\/it\/forniture-per-il-microdosaggio\/","og_locale":"it_IT","og_type":"article","og_title":"Forniture per microdosaggio","og_description":"Materiali per il microdosaggio Se si vuole usare il microdosaggio, \u00e8 meglio optare per sostanze essiccate. Questo permette di lavorare con molta","og_url":"https:\/\/dutchmicrodosing.com\/it\/forniture-per-il-microdosaggio\/","og_site_name":"Dutchmicrodosing","article_publisher":"https:\/\/www.facebook.com\/Dutchmicrodosingxp\/","article_modified_time":"2025-11-18T15:37:45+00:00","og_image":[{"width":2560,"height":1707,"url":"https:\/\/dutchmicrodosing.com\/wp-content\/uploads\/2023\/03\/microdosing-magic-mushrooms-psilocybin-measuring-daily-micro-dose-magic-mushrooms-digital-scale-scaled.jpg","type":"image\/jpeg"}],"twitter_card":"summary_large_image","schema":{"@context":"https:\/\/schema.org","@graph":[{"@type":"WebPage","@id":"https:\/\/dutchmicrodosing.com\/it\/forniture-per-il-microdosaggio\/","url":"https:\/\/dutchmicrodosing.com\/it\/forniture-per-il-microdosaggio\/","name":"Accessori per Microdosaggio | DutchMicrodosing","isPartOf":{"@id":"https:\/\/dutchmicrodosing.com\/it\/#website"},"primaryImageOfPage":{"@id":"https:\/\/dutchmicrodosing.com\/it\/forniture-per-il-microdosaggio\/#primaryimage"},"image":{"@id":"https:\/\/dutchmicrodosing.com\/it\/forniture-per-il-microdosaggio\/#primaryimage"},"thumbnailUrl":"https:\/\/dutchmicrodosing.com\/wp-content\/uploads\/2023\/03\/microdosing-magic-mushrooms-psilocybin-measuring-daily-micro-dose-magic-mushrooms-digital-scale-scaled.jpg","datePublished":"2021-06-06T19:18:27+00:00","dateModified":"2025-11-18T15:37:45+00:00","description":"Accessori per microdosaggio per un inizio sicuro: capsule, bilance e altro. Tutto ci\u00f2 di cui hai bisogno in una panoramica.","breadcrumb":{"@id":"https:\/\/dutchmicrodosing.com\/it\/forniture-per-il-microdosaggio\/#breadcrumb"},"inLanguage":"it-IT","potentialAction":[{"@type":"ReadAction","target":["https:\/\/dutchmicrodosing.com\/it\/forniture-per-il-microdosaggio\/"]}]},{"@type":"ImageObject","inLanguage":"it-IT","@id":"https:\/\/dutchmicrodosing.com\/it\/forniture-per-il-microdosaggio\/#primaryimage","url":"https:\/\/dutchmicrodosing.com\/wp-content\/uploads\/2023\/03\/microdosing-magic-mushrooms-psilocybin-measuring-daily-micro-dose-magic-mushrooms-digital-scale-scaled.jpg","contentUrl":"https:\/\/dutchmicrodosing.com\/wp-content\/uploads\/2023\/03\/microdosing-magic-mushrooms-psilocybin-measuring-daily-micro-dose-magic-mushrooms-digital-scale-scaled.jpg"},{"@type":"BreadcrumbList","@id":"https:\/\/dutchmicrodosing.com\/it\/forniture-per-il-microdosaggio\/#breadcrumb","itemListElement":[{"@type":"ListItem","position":1,"name":"Home","item":"https:\/\/dutchmicrodosing.com\/it\/"},{"@type":"ListItem","position":2,"name":"Forniture per microdosaggio"}]},{"@type":"WebSite","@id":"https:\/\/dutchmicrodosing.com\/it\/#website","url":"https:\/\/dutchmicrodosing.com\/it\/","name":"Dutchmicrodosing","description":"","publisher":{"@id":"https:\/\/dutchmicrodosing.com\/it\/#organization"},"potentialAction":[{"@type":"SearchAction","target":{"@type":"EntryPoint","urlTemplate":"https:\/\/dutchmicrodosing.com\/it\/?s={search_term_string}"},"query-input":{"@type":"PropertyValueSpecification","valueRequired":true,"valueName":"search_term_string"}}],"inLanguage":"it-IT"},{"@type":"Organization","@id":"https:\/\/dutchmicrodosing.com\/it\/#organization","name":"Dutchmicrodosing","url":"https:\/\/dutchmicrodosing.com\/it\/","logo":{"@type":"ImageObject","inLanguage":"it-IT","@id":"https:\/\/dutchmicrodosing.com\/it\/#\/schema\/logo\/image\/","url":"https:\/\/dutchmicrodosing.com\/wp-content\/uploads\/2021\/01\/microdosing-categorie-pic-nieuw.jpg","contentUrl":"https:\/\/dutchmicrodosing.com\/wp-content\/uploads\/2021\/01\/microdosing-categorie-pic-nieuw.jpg","width":500,"height":500,"caption":"Dutchmicrodosing"},"image":{"@id":"https:\/\/dutchmicrodosing.com\/it\/#\/schema\/logo\/image\/"},"sameAs":["https:\/\/www.facebook.com\/Dutchmicrodosingxp\/","https:\/\/www.instagram.com\/dutchmicrodosing\/"]}]}},"_links":{"self":[{"href":"https:\/\/dutchmicrodosing.com\/it\/wp-json\/wp\/v2\/pages\/6302","targetHints":{"allow":["GET"]}}],"collection":[{"href":"https:\/\/dutchmicrodosing.com\/it\/wp-json\/wp\/v2\/pages"}],"about":[{"href":"https:\/\/dutchmicrodosing.com\/it\/wp-json\/wp\/v2\/types\/page"}],"author":[{"embeddable":true,"href":"https:\/\/dutchmicrodosing.com\/it\/wp-json\/wp\/v2\/users\/10"}],"replies":[{"embeddable":true,"href":"https:\/\/dutchmicrodosing.com\/it\/wp-json\/wp\/v2\/comments?post=6302"}],"version-history":[{"count":3,"href":"https:\/\/dutchmicrodosing.com\/it\/wp-json\/wp\/v2\/pages\/6302\/revisions"}],"predecessor-version":[{"id":62537,"href":"https:\/\/dutchmicrodosing.com\/it\/wp-json\/wp\/v2\/pages\/6302\/revisions\/62537"}],"wp:attachment":[{"href":"https:\/\/dutchmicrodosing.com\/it\/wp-json\/wp\/v2\/media?parent=6302"}],"curies":[{"name":"wp","href":"https:\/\/api.w.org\/{rel}","templated":true}]}}