{"id":6326,"date":"2021-06-06T19:20:06","date_gmt":"2021-06-06T19:20:06","guid":{"rendered":"https:\/\/dutchmicrodosing.com\/disclaimer\/"},"modified":"2025-10-20T23:05:53","modified_gmt":"2025-10-20T21:05:53","slug":"disclaimer","status":"publish","type":"page","link":"https:\/\/dutchmicrodosing.com\/it\/disclaimer\/","title":{"rendered":"Disclaimer"},"content":{"rendered":"\t\t<div data-elementor-type=\"wp-page\" data-elementor-id=\"6326\" class=\"elementor elementor-6326 elementor-603\" data-elementor-post-type=\"page\">\n\t\t\t\t\t\t<section class=\"elementor-section elementor-top-section elementor-element elementor-element-41723d5 elementor-section-boxed elementor-section-height-default elementor-section-height-default\" data-id=\"41723d5\" data-element_type=\"section\" data-e-type=\"section\">\n\t\t\t\t\t\t<div class=\"elementor-container elementor-column-gap-default\">\n\t\t\t\t\t<div class=\"elementor-column elementor-col-100 elementor-top-column elementor-element elementor-element-0dd9dd5\" data-id=\"0dd9dd5\" data-element_type=\"column\" data-e-type=\"column\">\n\t\t\t<div class=\"elementor-widget-wrap elementor-element-populated\">\n\t\t\t\t\t\t<div class=\"elementor-element elementor-element-9b9d9b7 elementor-widget elementor-widget-text-editor\" data-id=\"9b9d9b7\" data-element_type=\"widget\" data-e-type=\"widget\" data-widget_type=\"text-editor.default\">\n\t\t\t\t<div class=\"elementor-widget-container\">\n\t\t\t\t\t\t\t\t\t<h3>Disclaimer Dutchmicrodosing<\/h3><p>Il sito web e i prodotti Dutchmicrodosing sono destinati a persone di almeno 18 anni di et\u00e0. Dutchmicrodosing sottolinea che i minori di 18 anni non dovrebbero effettuare ordini. Dutchmicrodosing non si assume alcuna responsabilit\u00e0 per le conseguenze di un ordine effettuato da una persona di et\u00e0 inferiore ai 18 anni. Tutti i prodotti offerti da Dutchmicrodosing devono essere tenuti lontani da persone di et\u00e0 inferiore ai 18 anni.<\/p><p> <\/p><p>Dutchmicrodosing non si assume alcuna responsabilit\u00e0 nelle seguenti situazioni: il prodotto non d\u00e0 all&#8217;acquirente la sensazione e\/o l&#8217;effetto atteso\/desiderato; perdita del funzionamento del prodotto; risultati del raccolto; disturbi fisici e\/o mentali (inclusi, ma non limitati a: vertigini, palpitazioni, mal di testa, confusione, induzione di una psicosi); capacit\u00e0 di reazione ridotta; altre lesioni personali e\/o incapacit\u00e0 a seguito dell&#8217;uso del prodotto. I prodotti offerti da Dutchmicrodosing non devono essere considerati come medicine e non sono destinati a sostituire trattamenti medici (gi\u00e0 iniziati) e\/o consigli medici da parte di un medico. I prodotti non possono quindi essere utilizzati come sostituto di una medicina o di un farmaco prescritto. I prodotti di Dutchmicrodosing non dovrebbero mai essere usati in combinazione con farmaci, alcol, integratori, antidepressivi (MAO inibitori, SSRI, SRNI e TCA) e altri farmaci con effetti simili.<\/p><p> <\/p><p>Dutchmicrodosing vende solo prodotti che soddisfano le condizioni descritte nella legge sull&#8217;oppio e quindi non sono sulla lista I &amp; II della legge sull&#8217;oppio. Le vendite saranno effettuate solo per ragioni mediche e\/o scientifiche, come stabilito dall&#8217;articolo 8 della legge sull&#8217;oppio. Dutchmicrodosing stabilisce anche delle restrizioni sulle vendite: un acquirente pu\u00f2 acquistare un massimo di 5 semi (di canapa) al giorno. . I prodotti venduti da Dutchmicrodosing sono destinati esclusivamente all&#8217;uso personale. Se c&#8217;\u00e8 il sospetto, incluso il tipo di prodotto a cui si riferisce l&#8217;accordo, in combinazione o meno con le persone a cui i prodotti vengono consegnati, il modo e il luogo di consegna, cos\u00ec come la durata e la dimensione della consegna, che vengano forniti coltivatori o commercianti su larga scala, Dutchmicrodosing \u00e8 in ogni momento autorizzato a sciogliere l&#8217;accordo. Il rimborso dell&#8217;importo dell&#8217;acquisto sar\u00e0 elaborato il pi\u00f9 presto possibile; il pagamento avverr\u00e0 entro 30 giorni dal ricevimento del reso. Il rimborso sar\u00e0 effettuato sul numero di conto fornito in precedenza.<\/p><p> <\/p><p>Tutte le informazioni fornite da Dutchmicrodosing, attraverso il sito web, o dai suoi dipendenti al telefono, via e-mail o con qualsiasi altro mezzo di comunicazione, sono solo a scopo informativo e non devono essere considerate consigli medici. Sebbene la Dutchmicrodosing e il suo staff cercheranno sempre di fare il loro lavoro al meglio delle loro capacit\u00e0, la Dutchmicrodosing non pu\u00f2 garantire che le descrizioni dei prodotti e le informazioni fornite attraverso il sito web o dal personale via e-mail, telefono o altri canali di comunicazione siano accurate, complete, affidabili, attuali e prive di errori. Dutchmicrodosing tiene a precisare che in alcuni casi la forma e i colori delle confezioni possono essere cambiati, anche se il prodotto \u00e8 lo stesso descritto.<\/p><p> <\/p><p>Oltre a consultare il sito web o i dipendenti, l&#8217;acquirente ha la responsabilit\u00e0 personale di informarsi (&#8220;dovere di ricerca&#8221;) sull&#8217;uso, il funzionamento e i possibili rischi per la salute del prodotto ordinato. Dutchmicrodosing non \u00e8 responsabile di eventuali danni causati da un uso scorretto o illegale dei prodotti consegnati.<\/p><p> <\/p><h3>CONSEGNE AL DI FUORI DEI PAESI BASSI:<\/h3><p> <\/p><p>Tutti i prodotti venduti da Dutchmicrodosing sono in linea con la legislazione olandese, compresa la legge sull&#8217;oppio. Dutchmicrodosing non pu\u00f2 fornire informazioni affidabili al 100% sulle vendite e le consegne al di fuori dei Paesi Bassi. L&#8217;acquirente del prodotto deve quindi informarsi se l&#8217;importazione del prodotto \u00e8 legale ed essere responsabile e legittimo del rispetto delle leggi locali e dei regolamenti doganali. Dutchmicrodosing non \u00e8 responsabile e\/o risponde degli ordini spediti per conto dell&#8217;acquirente, se risulta che il prodotto \u00e8 illegale nel paese in cui viene spedito l&#8217;ordine. Dutchmicrodosing non \u00e8 responsabile di eventuali sequestri e\/o distruzioni di prodotti da parte delle autorit\u00e0 doganali o di altre autorit\u00e0 del paese in cui \u00e8 stato consegnato l&#8217;ordine o dei paesi che sono passati durante la spedizione. Se viene riscontrato quanto sopra, Dutchmicrodosing non rimborser\u00e0 le spese di acquisto e di spedizione e (eventuali) risarcimenti per danni all&#8217;acquirente. La responsabilit\u00e0 \u00e8 dell&#8217;acquirente dal momento dell&#8217;ordine.<\/p><p> <\/p><p>Utilizzando il nostro sito web, l&#8217;utente accetta questo disclaimer. In caso di controversie tra Dutchmicrodosing e l&#8217;acquirente, riguardanti i prodotti acquistati da Dutchmicrodosing, si applica la legge olandese.<\/p>\t\t\t\t\t\t\t\t<\/div>\n\t\t\t\t<\/div>\n\t\t\t\t\t<\/div>\n\t\t<\/div>\n\t\t\t\t\t<\/div>\n\t\t<\/section>\n\t\t\t\t<\/div>\n\t\t","protected":false},"excerpt":{"rendered":"<p>Disclaimer Dutchmicrodosing Il sito web e i prodotti Dutchmicrodosing sono destinati a persone di almeno 18 anni di et\u00e0. Dutchmicrodosing sottolinea che i minori di 18 anni non dovrebbero effettuare ordini. Dutchmicrodosing non si assume alcuna responsabilit\u00e0 per le conseguenze di un ordine effettuato da una persona di et\u00e0 inferiore ai 18 anni. Tutti i [&hellip;]<\/p>\n","protected":false},"author":10,"featured_media":0,"parent":0,"menu_order":0,"comment_status":"closed","ping_status":"closed","template":"","meta":{"footnotes":""},"class_list":["post-6326","page","type-page","status-publish","hentry"],"yoast_head":"<!-- This site is optimized with the Yoast SEO Premium plugin v26.4 (Yoast SEO v27.2) - https:\/\/yoast.com\/product\/yoast-seo-premium-wordpress\/ -->\n<title>Disclaimer - Dutchmicrodosing<\/title>\n<meta name=\"description\" content=\"Leggi il disclaimer di DutchMicrodosing sull&#039;uso responsabile, le informazioni legali e le condizioni relative ai nostri prodotti e al nostro sito web.\" \/>\n<meta name=\"robots\" content=\"index, follow, max-snippet:-1, max-image-preview:large, max-video-preview:-1\" \/>\n<link rel=\"canonical\" href=\"https:\/\/dutchmicrodosing.com\/it\/disclaimer\/\" \/>\n<meta property=\"og:locale\" content=\"it_IT\" \/>\n<meta property=\"og:type\" content=\"article\" \/>\n<meta property=\"og:title\" content=\"Disclaimer\" \/>\n<meta property=\"og:description\" content=\"Disclaimer DutchmicrodosingIl sito web e i prodotti Dutchmicrodosing sono destinati a persone di almeno 18 anni di et\u00e0. Dutchmicrodosing sottolinea che i\" \/>\n<meta property=\"og:url\" content=\"https:\/\/dutchmicrodosing.com\/it\/disclaimer\/\" \/>\n<meta property=\"og:site_name\" content=\"Dutchmicrodosing\" \/>\n<meta property=\"article:publisher\" content=\"https:\/\/www.facebook.com\/Dutchmicrodosingxp\/\" \/>\n<meta property=\"article:modified_time\" content=\"2025-10-20T21:05:53+00:00\" \/>\n<meta property=\"og:image\" content=\"https:\/\/dutchmicrodosing.com\/wp-content\/uploads\/2021\/01\/DM-Logo-2.jpg\" \/>\n\t<meta property=\"og:image:width\" content=\"425\" \/>\n\t<meta property=\"og:image:height\" content=\"232\" \/>\n\t<meta property=\"og:image:type\" content=\"image\/jpeg\" \/>\n<meta name=\"twitter:card\" content=\"summary_large_image\" \/>\n<script type=\"application\/ld+json\" class=\"yoast-schema-graph\">{\"@context\":\"https:\/\/schema.org\",\"@graph\":[{\"@type\":\"WebPage\",\"@id\":\"https:\/\/dutchmicrodosing.com\/it\/disclaimer\/\",\"url\":\"https:\/\/dutchmicrodosing.com\/it\/disclaimer\/\",\"name\":\"Disclaimer - Dutchmicrodosing\",\"isPartOf\":{\"@id\":\"https:\/\/dutchmicrodosing.com\/it\/#website\"},\"datePublished\":\"2021-06-06T19:20:06+00:00\",\"dateModified\":\"2025-10-20T21:05:53+00:00\",\"description\":\"Leggi il disclaimer di DutchMicrodosing sull'uso responsabile, le informazioni legali e le condizioni relative ai nostri prodotti e al nostro sito web.\",\"breadcrumb\":{\"@id\":\"https:\/\/dutchmicrodosing.com\/it\/disclaimer\/#breadcrumb\"},\"inLanguage\":\"it-IT\",\"potentialAction\":[{\"@type\":\"ReadAction\",\"target\":[\"https:\/\/dutchmicrodosing.com\/it\/disclaimer\/\"]}]},{\"@type\":\"BreadcrumbList\",\"@id\":\"https:\/\/dutchmicrodosing.com\/it\/disclaimer\/#breadcrumb\",\"itemListElement\":[{\"@type\":\"ListItem\",\"position\":1,\"name\":\"Home\",\"item\":\"https:\/\/dutchmicrodosing.com\/it\/\"},{\"@type\":\"ListItem\",\"position\":2,\"name\":\"Disclaimer\"}]},{\"@type\":\"WebSite\",\"@id\":\"https:\/\/dutchmicrodosing.com\/it\/#website\",\"url\":\"https:\/\/dutchmicrodosing.com\/it\/\",\"name\":\"Dutchmicrodosing\",\"description\":\"\",\"publisher\":{\"@id\":\"https:\/\/dutchmicrodosing.com\/it\/#organization\"},\"potentialAction\":[{\"@type\":\"SearchAction\",\"target\":{\"@type\":\"EntryPoint\",\"urlTemplate\":\"https:\/\/dutchmicrodosing.com\/it\/?s={search_term_string}\"},\"query-input\":{\"@type\":\"PropertyValueSpecification\",\"valueRequired\":true,\"valueName\":\"search_term_string\"}}],\"inLanguage\":\"it-IT\"},{\"@type\":\"Organization\",\"@id\":\"https:\/\/dutchmicrodosing.com\/it\/#organization\",\"name\":\"Dutchmicrodosing\",\"url\":\"https:\/\/dutchmicrodosing.com\/it\/\",\"logo\":{\"@type\":\"ImageObject\",\"inLanguage\":\"it-IT\",\"@id\":\"https:\/\/dutchmicrodosing.com\/it\/#\/schema\/logo\/image\/\",\"url\":\"https:\/\/dutchmicrodosing.com\/wp-content\/uploads\/2021\/01\/microdosing-categorie-pic-nieuw.jpg\",\"contentUrl\":\"https:\/\/dutchmicrodosing.com\/wp-content\/uploads\/2021\/01\/microdosing-categorie-pic-nieuw.jpg\",\"width\":500,\"height\":500,\"caption\":\"Dutchmicrodosing\"},\"image\":{\"@id\":\"https:\/\/dutchmicrodosing.com\/it\/#\/schema\/logo\/image\/\"},\"sameAs\":[\"https:\/\/www.facebook.com\/Dutchmicrodosingxp\/\",\"https:\/\/www.instagram.com\/dutchmicrodosing\/\"]}]}<\/script>\n<!-- \/ Yoast SEO Premium plugin. -->","yoast_head_json":{"title":"Disclaimer - Dutchmicrodosing","description":"Leggi il disclaimer di DutchMicrodosing sull'uso responsabile, le informazioni legali e le condizioni relative ai nostri prodotti e al nostro sito web.","robots":{"index":"index","follow":"follow","max-snippet":"max-snippet:-1","max-image-preview":"max-image-preview:large","max-video-preview":"max-video-preview:-1"},"canonical":"https:\/\/dutchmicrodosing.com\/it\/disclaimer\/","og_locale":"it_IT","og_type":"article","og_title":"Disclaimer","og_description":"Disclaimer DutchmicrodosingIl sito web e i prodotti Dutchmicrodosing sono destinati a persone di almeno 18 anni di et\u00e0. Dutchmicrodosing sottolinea che i","og_url":"https:\/\/dutchmicrodosing.com\/it\/disclaimer\/","og_site_name":"Dutchmicrodosing","article_publisher":"https:\/\/www.facebook.com\/Dutchmicrodosingxp\/","article_modified_time":"2025-10-20T21:05:53+00:00","og_image":[{"width":425,"height":232,"url":"https:\/\/dutchmicrodosing.com\/wp-content\/uploads\/2021\/01\/DM-Logo-2.jpg","type":"image\/jpeg"}],"twitter_card":"summary_large_image","schema":{"@context":"https:\/\/schema.org","@graph":[{"@type":"WebPage","@id":"https:\/\/dutchmicrodosing.com\/it\/disclaimer\/","url":"https:\/\/dutchmicrodosing.com\/it\/disclaimer\/","name":"Disclaimer - Dutchmicrodosing","isPartOf":{"@id":"https:\/\/dutchmicrodosing.com\/it\/#website"},"datePublished":"2021-06-06T19:20:06+00:00","dateModified":"2025-10-20T21:05:53+00:00","description":"Leggi il disclaimer di DutchMicrodosing sull'uso responsabile, le informazioni legali e le condizioni relative ai nostri prodotti e al nostro sito web.","breadcrumb":{"@id":"https:\/\/dutchmicrodosing.com\/it\/disclaimer\/#breadcrumb"},"inLanguage":"it-IT","potentialAction":[{"@type":"ReadAction","target":["https:\/\/dutchmicrodosing.com\/it\/disclaimer\/"]}]},{"@type":"BreadcrumbList","@id":"https:\/\/dutchmicrodosing.com\/it\/disclaimer\/#breadcrumb","itemListElement":[{"@type":"ListItem","position":1,"name":"Home","item":"https:\/\/dutchmicrodosing.com\/it\/"},{"@type":"ListItem","position":2,"name":"Disclaimer"}]},{"@type":"WebSite","@id":"https:\/\/dutchmicrodosing.com\/it\/#website","url":"https:\/\/dutchmicrodosing.com\/it\/","name":"Dutchmicrodosing","description":"","publisher":{"@id":"https:\/\/dutchmicrodosing.com\/it\/#organization"},"potentialAction":[{"@type":"SearchAction","target":{"@type":"EntryPoint","urlTemplate":"https:\/\/dutchmicrodosing.com\/it\/?s={search_term_string}"},"query-input":{"@type":"PropertyValueSpecification","valueRequired":true,"valueName":"search_term_string"}}],"inLanguage":"it-IT"},{"@type":"Organization","@id":"https:\/\/dutchmicrodosing.com\/it\/#organization","name":"Dutchmicrodosing","url":"https:\/\/dutchmicrodosing.com\/it\/","logo":{"@type":"ImageObject","inLanguage":"it-IT","@id":"https:\/\/dutchmicrodosing.com\/it\/#\/schema\/logo\/image\/","url":"https:\/\/dutchmicrodosing.com\/wp-content\/uploads\/2021\/01\/microdosing-categorie-pic-nieuw.jpg","contentUrl":"https:\/\/dutchmicrodosing.com\/wp-content\/uploads\/2021\/01\/microdosing-categorie-pic-nieuw.jpg","width":500,"height":500,"caption":"Dutchmicrodosing"},"image":{"@id":"https:\/\/dutchmicrodosing.com\/it\/#\/schema\/logo\/image\/"},"sameAs":["https:\/\/www.facebook.com\/Dutchmicrodosingxp\/","https:\/\/www.instagram.com\/dutchmicrodosing\/"]}]}},"_links":{"self":[{"href":"https:\/\/dutchmicrodosing.com\/it\/wp-json\/wp\/v2\/pages\/6326","targetHints":{"allow":["GET"]}}],"collection":[{"href":"https:\/\/dutchmicrodosing.com\/it\/wp-json\/wp\/v2\/pages"}],"about":[{"href":"https:\/\/dutchmicrodosing.com\/it\/wp-json\/wp\/v2\/types\/page"}],"author":[{"embeddable":true,"href":"https:\/\/dutchmicrodosing.com\/it\/wp-json\/wp\/v2\/users\/10"}],"replies":[{"embeddable":true,"href":"https:\/\/dutchmicrodosing.com\/it\/wp-json\/wp\/v2\/comments?post=6326"}],"version-history":[{"count":0,"href":"https:\/\/dutchmicrodosing.com\/it\/wp-json\/wp\/v2\/pages\/6326\/revisions"}],"wp:attachment":[{"href":"https:\/\/dutchmicrodosing.com\/it\/wp-json\/wp\/v2\/media?parent=6326"}],"curies":[{"name":"wp","href":"https:\/\/api.w.org\/{rel}","templated":true}]}}