{"id":6330,"date":"2021-06-06T19:20:28","date_gmt":"2021-06-06T19:20:28","guid":{"rendered":"https:\/\/dutchmicrodosing.com\/personalita\/"},"modified":"2025-10-20T23:05:53","modified_gmt":"2025-10-20T21:05:53","slug":"personalita","status":"publish","type":"page","link":"https:\/\/dutchmicrodosing.com\/it\/personalita\/","title":{"rendered":"Personalit\u00e0"},"content":{"rendered":"\t\t<div data-elementor-type=\"wp-page\" data-elementor-id=\"6330\" class=\"elementor elementor-6330 elementor-376\" data-elementor-post-type=\"page\">\n\t\t\t\t\t\t<section class=\"elementor-section elementor-top-section elementor-element elementor-element-b585f78 elementor-section-boxed elementor-section-height-default elementor-section-height-default\" data-id=\"b585f78\" data-element_type=\"section\" data-e-type=\"section\">\n\t\t\t\t\t\t<div class=\"elementor-container elementor-column-gap-default\">\n\t\t\t\t\t<div class=\"elementor-column elementor-col-100 elementor-top-column elementor-element elementor-element-18463c0\" data-id=\"18463c0\" data-element_type=\"column\" data-e-type=\"column\">\n\t\t\t<div class=\"elementor-widget-wrap elementor-element-populated\">\n\t\t\t\t\t\t<div class=\"elementor-element elementor-element-33941b3 elementor--h-position-center elementor--v-position-middle elementor-arrows-position-inside elementor-pagination-position-inside elementor-widget elementor-widget-slides\" data-id=\"33941b3\" data-element_type=\"widget\" data-e-type=\"widget\" data-settings=\"{&quot;navigation&quot;:&quot;both&quot;,&quot;autoplay&quot;:&quot;yes&quot;,&quot;pause_on_hover&quot;:&quot;yes&quot;,&quot;pause_on_interaction&quot;:&quot;yes&quot;,&quot;autoplay_speed&quot;:5000,&quot;infinite&quot;:&quot;yes&quot;,&quot;transition&quot;:&quot;slide&quot;,&quot;transition_speed&quot;:500}\" data-widget_type=\"slides.default\">\n\t\t\t\t<div class=\"elementor-widget-container\">\n\t\t\t\t\t\t\t\t\t<div class=\"elementor-swiper\">\n\t\t\t\t\t<div class=\"elementor-slides-wrapper elementor-main-swiper swiper\" role=\"region\" aria-roledescription=\"carousel\" aria-label=\"Slides\" dir=\"ltr\" data-animation=\"fadeInUp\">\n\t\t\t\t<div class=\"swiper-wrapper elementor-slides\">\n\t\t\t\t\t\t\t\t\t\t<div class=\"elementor-repeater-item-b9603bc swiper-slide\" role=\"group\" aria-roledescription=\"slide\"><div class=\"swiper-slide-bg\" role=\"img\" aria-label=\"Tired woman with headache working with a laptop\"><\/div><div class=\"swiper-slide-inner\" ><div class=\"swiper-slide-contents\"><\/div><\/div><\/div>\t\t\t\t<\/div>\n\t\t\t\t\t\t\t<\/div>\n\t\t\t\t<\/div>\n\t\t\t\t\t\t\t\t<\/div>\n\t\t\t\t<\/div>\n\t\t\t\t\t<\/div>\n\t\t<\/div>\n\t\t\t\t\t<\/div>\n\t\t<\/section>\n\t\t\t\t<section class=\"elementor-section elementor-top-section elementor-element elementor-element-d100629 elementor-section-boxed elementor-section-height-default elementor-section-height-default\" data-id=\"d100629\" data-element_type=\"section\" data-e-type=\"section\">\n\t\t\t\t\t\t<div class=\"elementor-container elementor-column-gap-default\">\n\t\t\t\t\t<div class=\"elementor-column elementor-col-100 elementor-top-column elementor-element elementor-element-26eb0fb\" data-id=\"26eb0fb\" data-element_type=\"column\" data-e-type=\"column\">\n\t\t\t<div class=\"elementor-widget-wrap elementor-element-populated\">\n\t\t\t\t\t\t<div class=\"elementor-element elementor-element-4150db6 elementor-widget elementor-widget-heading\" data-id=\"4150db6\" data-element_type=\"widget\" data-e-type=\"widget\" data-widget_type=\"heading.default\">\n\t\t\t\t<div class=\"elementor-widget-container\">\n\t\t\t\t\t<h1 class=\"elementor-heading-title elementor-size-default\">Microdosaggio e personalit\u00e0: sottili cambiamenti per una maggiore consapevolezza di s\u00e9<\/h1>\t\t\t\t<\/div>\n\t\t\t\t<\/div>\n\t\t\t\t\t<\/div>\n\t\t<\/div>\n\t\t\t\t\t<\/div>\n\t\t<\/section>\n\t\t\t\t<section class=\"elementor-section elementor-top-section elementor-element elementor-element-284ce49 elementor-section-boxed elementor-section-height-default elementor-section-height-default\" data-id=\"284ce49\" data-element_type=\"section\" data-e-type=\"section\">\n\t\t\t\t\t\t<div class=\"elementor-container elementor-column-gap-default\">\n\t\t\t\t\t<div class=\"elementor-column elementor-col-100 elementor-top-column elementor-element elementor-element-5299847\" data-id=\"5299847\" data-element_type=\"column\" data-e-type=\"column\">\n\t\t\t<div class=\"elementor-widget-wrap elementor-element-populated\">\n\t\t\t\t\t\t<div class=\"elementor-element elementor-element-68df442 elementor-widget elementor-widget-text-editor\" data-id=\"68df442\" data-element_type=\"widget\" data-e-type=\"widget\" data-widget_type=\"text-editor.default\">\n\t\t\t\t<div class=\"elementor-widget-container\">\n\t\t\t\t\t\t\t\t\t<p><span style=\"letter-spacing: 0.4px;\">Il microdosaggio pu\u00f2 influenzare la tua personalit\u00e0 senza cambiare drasticamente o diventare una persona completamente diversa. Crea soprattutto effetti sottili nel modo in cui guardi la vita e come reagisci alle situazioni. Ad esempio, potresti provare pi\u00f9 energia o diventare un po&#8217; meno timido. Questi piccoli cambiamenti spesso ti aiutano a sentirti meglio con te stesso e a entrare in contatto con chi sei veramente.<\/span><\/p><h2><span style=\"color: #061738; font-family: 'Barlow Condensed', sans-serif; font-size: 40px; letter-spacing: 0.4px; text-indent: 0cm; font-weight: bold; text-transform: capitalize;\">Disturbi mentali<\/span><\/h2><p>L&#8217;assunzione di microdosi di droghe psichedeliche consente di affrontare alcuni sintomi che possono danneggiare la <a href=\"https:\/\/dutchmicrodosing.com\/it\/salute\/\">salute<\/a> mentale. Questi possono avere a che fare con la vostra personalit\u00e0. Qualcuno che \u00e8 timido pu\u00f2 soffrire di ansia. Il microdosaggio pu\u00f2 anche aiutare con la depressione, lo stress o semplicemente la sensazione di non riuscire a gestire bene la vita.<\/p><p>La ricerca sul microdosaggio non \u00e8 ancora stata fatta su larga scala. E gli studi che sono disponibili sono spesso focalizzati su disturbi specifici (per esempio, dolore o depressione). Non si sa ancora quale influenza abbia il microdosaggio sulla personalit\u00e0. \u00c8 chiaro che dosi normali di droghe psichedeliche possono avere un impatto considerevole su questo. Un viaggio con LSD o psilocibina pu\u00f2 portare a forti visualizzazioni, esperienze quasi religiose e intense emozioni, che possono causare un cambiamento nella personalit\u00e0 di qualcuno dopo.<\/p><p>Una microdose non provoca quel tipo di esperienza intensa (n\u00e9 \u00e8 destinata a farlo). Non si inciampa e non si hanno percezioni sconvolgenti. Ma se una dose normale pu\u00f2 influire sulla personalit\u00e0, non \u00e8 sorprendente supporre che anche una microdose influisca in qualche modo sulle funzioni <a href=\"https:\/\/dutchmicrodosing.com\/it\/funzioni-cognitive\/\">cognitive<\/a>.<\/p><p><img fetchpriority=\"high\" decoding=\"async\" class=\"alignnone\" src=\"https:\/\/dutchmicrodosing.com\/wp-content\/uploads\/2023\/08\/side-view-man-covering-his-eyes-with-his-hands-scaled.jpg\" alt=\"Personalit\u00e0 del microdosaggio\" width=\"2560\" height=\"1440\"><\/p><h2 style=\"margin-left: 0cm; text-indent: 0cm; mso-list: l0 level2 lfo1;\">Gli effetti del microdosaggio<\/h2><p>Quando le persone vengono interrogate sugli effetti del microdosaggio, indicano che notano soprattutto un miglioramento del loro umore e del loro benessere. Sono pi\u00f9 creativi e si sentono meglio con se stessi. Si sentono pi\u00f9 connessi alla vita, sono pi\u00f9 aperti e la loro consapevolezza spirituale \u00e8 maggiore. Si potrebbe vedere questo come cambiamenti nella loro personalit\u00e0.<\/p><p>Il <a href=\"https:\/\/dutchmicrodosing.com\/it\/cose-la-microdosi\/\">microdosaggio<\/a> \u00e8 quindi adatto a chiunque abbia bisogno di migliorare la propria vita. Perch\u00e9 la maggior parte delle volte non \u00e8 a causa delle circostanze, ma di come affronti gli eventi della tua vita. Se soffri di umore cupo, ti senti stressato o infelice, il microdosaggio pu\u00f2 trasformare la tua visione della vita.<\/p><p>Il microdosaggio potrebbe anche aiutare a rompere le cattive abitudini. Spesso si sceglie una cattiva abitudine (mangiare troppo, fumare, fare troppo shopping) perch\u00e9 non ci si sente bene con se stessi. Da soli, \u00e8 molto difficile fermarsi. Il microdosaggio pu\u00f2 essere un aiuto. Sembra che anche una quantit\u00e0 normale di psichedelici abbia questo effetto, stimolando una maggiore flessibilit\u00e0 o <a href=\"https:\/\/dutchmicrodosing.com\/it\/creativita\/\">creativit\u00e0<\/a> nel pensiero e nel comportamento. Non \u00e8 chiaro se l&#8217;effetto del microdosaggio sia lo stesso.<\/p><h2 style=\"margin-left: 0cm; text-indent: 0cm; mso-list: l0 level2 lfo1;\">Microdosaggio e personalit\u00e0: cosa dicono gli studi?<\/h2><p>Un neuroscienziato che lavora sull&#8217;impatto del microdosaggio sul cervello \u00e8 David Olsen (Universit\u00e0 della California). Ha dato ripetutamente ai ratti una microdose di DMT (dimetiltriptamina, la sostanza psichedelica presente, per esempio, nell&#8217;Ayahuasca). Sembrava avere un&#8217;influenza positiva sui sintomi depressivi. I ratti sono stati messi in una vasca d&#8217;acqua dalla quale non potevano scappare. I topi a cui era stata data la DMT continuavano a cercare una via d&#8217;uscita e continuavano a nuotare. I ratti che non sono stati trattati si sono arresi e sono rimasti a galla.<\/p><p>Olsen pensa che l&#8217;effetto della DMT e di altri psichedelici sui sintomi depressivi deriva dal fatto che stimolano la neuroplasticit\u00e0. Questo significa che il cervello diventa pi\u00f9 flessibile. Infatti, i suoi studi dimostrano che le droghe psichedeliche promuovono la formazione di nuove connessioni neurali.<\/p><p><img decoding=\"async\" src=\"https:\/\/dutchmicrodosing.com\/wp-content\/uploads\/2023\/08\/ayahuasca-brew.jpg\" alt=\"\" width=\"1920\" height=\"1080\"><\/p><h2 style=\"margin-left: 0cm; text-indent: 0cm; mso-list: l0 level3 lfo1;\">Microdosaggio per l&#8217;ansia<\/h2><p>L&#8217;uso di microdosi per l&#8217;<a href=\"https:\/\/doubleblindmag.com\/what-you-should-know-about-microdosing-for-anxiety\/\">ansia<\/a> \u00e8 un caso emblematico. L&#8217;ansia \u00e8 spesso menzionata come un effetto collaterale del microdosaggio. Sarebbe bello se si potesse fare una microdose per l&#8217;ansia. Le paure hanno un effetto inibitorio e possono limitarti nelle tue attivit\u00e0. Tuttavia, sembra che il microdosaggio non sia sempre una buona idea in caso di ansia.<\/p><p>James Fadiman ha fatto molte ricerche sulle esperienze dei microdosatori. Molti utenti prendevano l&#8217;LSD per trattare l&#8217;ansia. Ma si \u00e8 scoperto che gli utenti che prendevano microdosi proprio per ridurre la loro ansia avevano pi\u00f9 problemi. Per alcune persone, la loro ansia \u00e8 effettivamente aumentata.<\/p><p>\u00c8 stato fatto uno studio sull&#8217;influenza delle <a href=\"https:\/\/pubs.acs.org\/doi\/10.1021\/acschemneuro.8b00692\">microdosi di<\/a> DMT per trattare l&#8217;ansia e la depressione. Lindsey Cameron dell&#8217;Universit\u00e0 della California Davis ha pubblicato i risultati della sua ricerca nel 2019. Di nuovo, questo studio \u00e8 stato fatto sui ratti. I ratti sono stati messi in situazioni che avrebbero causato loro ansia e indotto un comportamento depressivo. Gli sono state somministrate microdosi di DMT per diversi mesi. Lo studio ha scoperto che la DMT ha ridotto i comportamenti ansiosi e depressivi durante eventi che inducono stress.<\/p>\t\t\t\t\t\t\t\t<\/div>\n\t\t\t\t<\/div>\n\t\t\t\t\t<\/div>\n\t\t<\/div>\n\t\t\t\t\t<\/div>\n\t\t<\/section>\n\t\t\t\t<\/div>\n\t\t","protected":false},"excerpt":{"rendered":"<p>Microdosaggio e personalit\u00e0: sottili cambiamenti per una maggiore consapevolezza di s\u00e9 Il microdosaggio pu\u00f2 influenzare la tua personalit\u00e0 senza cambiare drasticamente o diventare una persona completamente diversa. Crea soprattutto effetti sottili nel modo in cui guardi la vita e come reagisci alle situazioni. Ad esempio, potresti provare pi\u00f9 energia o diventare un po&#8217; meno timido. [&hellip;]<\/p>\n","protected":false},"author":10,"featured_media":0,"parent":0,"menu_order":0,"comment_status":"closed","ping_status":"closed","template":"","meta":{"footnotes":""},"class_list":["post-6330","page","type-page","status-publish","hentry"],"yoast_head":"<!-- This site is optimized with the Yoast SEO Premium plugin v26.4 (Yoast SEO v27.2) - https:\/\/yoast.com\/product\/yoast-seo-premium-wordpress\/ -->\n<title>DutchMicrodosing | Influenza del microdosaggio sulla personalit\u00e0<\/title>\n<meta name=\"description\" content=\"Microdosing personality: scopri come piccole dosi di psichedelici possono influenzare il tuo carattere e la tua crescita personale.\" \/>\n<meta name=\"robots\" content=\"index, follow, max-snippet:-1, max-image-preview:large, max-video-preview:-1\" \/>\n<link rel=\"canonical\" href=\"https:\/\/dutchmicrodosing.com\/it\/personalita\/\" \/>\n<meta property=\"og:locale\" content=\"it_IT\" \/>\n<meta property=\"og:type\" content=\"article\" \/>\n<meta property=\"og:title\" content=\"Personalit\u00e0\" \/>\n<meta property=\"og:description\" content=\"Microdosaggio e personalit\u00e0: sottili cambiamenti per una maggiore consapevolezza di s\u00e9 Il microdosaggio pu\u00f2 influenzare la tua personalit\u00e0 senza cambiare\" \/>\n<meta property=\"og:url\" content=\"https:\/\/dutchmicrodosing.com\/it\/personalita\/\" \/>\n<meta property=\"og:site_name\" content=\"Dutchmicrodosing\" \/>\n<meta property=\"article:publisher\" content=\"https:\/\/www.facebook.com\/Dutchmicrodosingxp\/\" \/>\n<meta property=\"article:modified_time\" content=\"2025-10-20T21:05:53+00:00\" \/>\n<meta property=\"og:image\" content=\"https:\/\/dutchmicrodosing.com\/wp-content\/uploads\/2023\/08\/side-view-man-covering-his-eyes-with-his-hands-scaled.jpg\" \/>\n<meta name=\"twitter:card\" content=\"summary_large_image\" \/>\n<script type=\"application\/ld+json\" class=\"yoast-schema-graph\">{\"@context\":\"https:\/\/schema.org\",\"@graph\":[{\"@type\":\"WebPage\",\"@id\":\"https:\/\/dutchmicrodosing.com\/it\/personalita\/\",\"url\":\"https:\/\/dutchmicrodosing.com\/it\/personalita\/\",\"name\":\"DutchMicrodosing | Influenza del microdosaggio sulla personalit\u00e0\",\"isPartOf\":{\"@id\":\"https:\/\/dutchmicrodosing.com\/it\/#website\"},\"primaryImageOfPage\":{\"@id\":\"https:\/\/dutchmicrodosing.com\/it\/personalita\/#primaryimage\"},\"image\":{\"@id\":\"https:\/\/dutchmicrodosing.com\/it\/personalita\/#primaryimage\"},\"thumbnailUrl\":\"https:\/\/dutchmicrodosing.com\/wp-content\/uploads\/2023\/08\/side-view-man-covering-his-eyes-with-his-hands-scaled.jpg\",\"datePublished\":\"2021-06-06T19:20:28+00:00\",\"dateModified\":\"2025-10-20T21:05:53+00:00\",\"description\":\"Microdosing personality: scopri come piccole dosi di psichedelici possono influenzare il tuo carattere e la tua crescita personale.\",\"breadcrumb\":{\"@id\":\"https:\/\/dutchmicrodosing.com\/it\/personalita\/#breadcrumb\"},\"inLanguage\":\"it-IT\",\"potentialAction\":[{\"@type\":\"ReadAction\",\"target\":[\"https:\/\/dutchmicrodosing.com\/it\/personalita\/\"]}]},{\"@type\":\"ImageObject\",\"inLanguage\":\"it-IT\",\"@id\":\"https:\/\/dutchmicrodosing.com\/it\/personalita\/#primaryimage\",\"url\":\"https:\/\/dutchmicrodosing.com\/wp-content\/uploads\/2023\/08\/side-view-man-covering-his-eyes-with-his-hands-scaled.jpg\",\"contentUrl\":\"https:\/\/dutchmicrodosing.com\/wp-content\/uploads\/2023\/08\/side-view-man-covering-his-eyes-with-his-hands-scaled.jpg\"},{\"@type\":\"BreadcrumbList\",\"@id\":\"https:\/\/dutchmicrodosing.com\/it\/personalita\/#breadcrumb\",\"itemListElement\":[{\"@type\":\"ListItem\",\"position\":1,\"name\":\"Home\",\"item\":\"https:\/\/dutchmicrodosing.com\/it\/\"},{\"@type\":\"ListItem\",\"position\":2,\"name\":\"Personalit\u00e0\"}]},{\"@type\":\"WebSite\",\"@id\":\"https:\/\/dutchmicrodosing.com\/it\/#website\",\"url\":\"https:\/\/dutchmicrodosing.com\/it\/\",\"name\":\"Dutchmicrodosing\",\"description\":\"\",\"publisher\":{\"@id\":\"https:\/\/dutchmicrodosing.com\/it\/#organization\"},\"potentialAction\":[{\"@type\":\"SearchAction\",\"target\":{\"@type\":\"EntryPoint\",\"urlTemplate\":\"https:\/\/dutchmicrodosing.com\/it\/?s={search_term_string}\"},\"query-input\":{\"@type\":\"PropertyValueSpecification\",\"valueRequired\":true,\"valueName\":\"search_term_string\"}}],\"inLanguage\":\"it-IT\"},{\"@type\":\"Organization\",\"@id\":\"https:\/\/dutchmicrodosing.com\/it\/#organization\",\"name\":\"Dutchmicrodosing\",\"url\":\"https:\/\/dutchmicrodosing.com\/it\/\",\"logo\":{\"@type\":\"ImageObject\",\"inLanguage\":\"it-IT\",\"@id\":\"https:\/\/dutchmicrodosing.com\/it\/#\/schema\/logo\/image\/\",\"url\":\"https:\/\/dutchmicrodosing.com\/wp-content\/uploads\/2021\/01\/microdosing-categorie-pic-nieuw.jpg\",\"contentUrl\":\"https:\/\/dutchmicrodosing.com\/wp-content\/uploads\/2021\/01\/microdosing-categorie-pic-nieuw.jpg\",\"width\":500,\"height\":500,\"caption\":\"Dutchmicrodosing\"},\"image\":{\"@id\":\"https:\/\/dutchmicrodosing.com\/it\/#\/schema\/logo\/image\/\"},\"sameAs\":[\"https:\/\/www.facebook.com\/Dutchmicrodosingxp\/\",\"https:\/\/www.instagram.com\/dutchmicrodosing\/\"]}]}<\/script>\n<!-- \/ Yoast SEO Premium plugin. -->","yoast_head_json":{"title":"DutchMicrodosing | Influenza del microdosaggio sulla personalit\u00e0","description":"Microdosing personality: scopri come piccole dosi di psichedelici possono influenzare il tuo carattere e la tua crescita personale.","robots":{"index":"index","follow":"follow","max-snippet":"max-snippet:-1","max-image-preview":"max-image-preview:large","max-video-preview":"max-video-preview:-1"},"canonical":"https:\/\/dutchmicrodosing.com\/it\/personalita\/","og_locale":"it_IT","og_type":"article","og_title":"Personalit\u00e0","og_description":"Microdosaggio e personalit\u00e0: sottili cambiamenti per una maggiore consapevolezza di s\u00e9 Il microdosaggio pu\u00f2 influenzare la tua personalit\u00e0 senza cambiare","og_url":"https:\/\/dutchmicrodosing.com\/it\/personalita\/","og_site_name":"Dutchmicrodosing","article_publisher":"https:\/\/www.facebook.com\/Dutchmicrodosingxp\/","article_modified_time":"2025-10-20T21:05:53+00:00","og_image":[{"url":"https:\/\/dutchmicrodosing.com\/wp-content\/uploads\/2023\/08\/side-view-man-covering-his-eyes-with-his-hands-scaled.jpg","type":"","width":"","height":""}],"twitter_card":"summary_large_image","schema":{"@context":"https:\/\/schema.org","@graph":[{"@type":"WebPage","@id":"https:\/\/dutchmicrodosing.com\/it\/personalita\/","url":"https:\/\/dutchmicrodosing.com\/it\/personalita\/","name":"DutchMicrodosing | Influenza del microdosaggio sulla personalit\u00e0","isPartOf":{"@id":"https:\/\/dutchmicrodosing.com\/it\/#website"},"primaryImageOfPage":{"@id":"https:\/\/dutchmicrodosing.com\/it\/personalita\/#primaryimage"},"image":{"@id":"https:\/\/dutchmicrodosing.com\/it\/personalita\/#primaryimage"},"thumbnailUrl":"https:\/\/dutchmicrodosing.com\/wp-content\/uploads\/2023\/08\/side-view-man-covering-his-eyes-with-his-hands-scaled.jpg","datePublished":"2021-06-06T19:20:28+00:00","dateModified":"2025-10-20T21:05:53+00:00","description":"Microdosing personality: scopri come piccole dosi di psichedelici possono influenzare il tuo carattere e la tua crescita personale.","breadcrumb":{"@id":"https:\/\/dutchmicrodosing.com\/it\/personalita\/#breadcrumb"},"inLanguage":"it-IT","potentialAction":[{"@type":"ReadAction","target":["https:\/\/dutchmicrodosing.com\/it\/personalita\/"]}]},{"@type":"ImageObject","inLanguage":"it-IT","@id":"https:\/\/dutchmicrodosing.com\/it\/personalita\/#primaryimage","url":"https:\/\/dutchmicrodosing.com\/wp-content\/uploads\/2023\/08\/side-view-man-covering-his-eyes-with-his-hands-scaled.jpg","contentUrl":"https:\/\/dutchmicrodosing.com\/wp-content\/uploads\/2023\/08\/side-view-man-covering-his-eyes-with-his-hands-scaled.jpg"},{"@type":"BreadcrumbList","@id":"https:\/\/dutchmicrodosing.com\/it\/personalita\/#breadcrumb","itemListElement":[{"@type":"ListItem","position":1,"name":"Home","item":"https:\/\/dutchmicrodosing.com\/it\/"},{"@type":"ListItem","position":2,"name":"Personalit\u00e0"}]},{"@type":"WebSite","@id":"https:\/\/dutchmicrodosing.com\/it\/#website","url":"https:\/\/dutchmicrodosing.com\/it\/","name":"Dutchmicrodosing","description":"","publisher":{"@id":"https:\/\/dutchmicrodosing.com\/it\/#organization"},"potentialAction":[{"@type":"SearchAction","target":{"@type":"EntryPoint","urlTemplate":"https:\/\/dutchmicrodosing.com\/it\/?s={search_term_string}"},"query-input":{"@type":"PropertyValueSpecification","valueRequired":true,"valueName":"search_term_string"}}],"inLanguage":"it-IT"},{"@type":"Organization","@id":"https:\/\/dutchmicrodosing.com\/it\/#organization","name":"Dutchmicrodosing","url":"https:\/\/dutchmicrodosing.com\/it\/","logo":{"@type":"ImageObject","inLanguage":"it-IT","@id":"https:\/\/dutchmicrodosing.com\/it\/#\/schema\/logo\/image\/","url":"https:\/\/dutchmicrodosing.com\/wp-content\/uploads\/2021\/01\/microdosing-categorie-pic-nieuw.jpg","contentUrl":"https:\/\/dutchmicrodosing.com\/wp-content\/uploads\/2021\/01\/microdosing-categorie-pic-nieuw.jpg","width":500,"height":500,"caption":"Dutchmicrodosing"},"image":{"@id":"https:\/\/dutchmicrodosing.com\/it\/#\/schema\/logo\/image\/"},"sameAs":["https:\/\/www.facebook.com\/Dutchmicrodosingxp\/","https:\/\/www.instagram.com\/dutchmicrodosing\/"]}]}},"_links":{"self":[{"href":"https:\/\/dutchmicrodosing.com\/it\/wp-json\/wp\/v2\/pages\/6330","targetHints":{"allow":["GET"]}}],"collection":[{"href":"https:\/\/dutchmicrodosing.com\/it\/wp-json\/wp\/v2\/pages"}],"about":[{"href":"https:\/\/dutchmicrodosing.com\/it\/wp-json\/wp\/v2\/types\/page"}],"author":[{"embeddable":true,"href":"https:\/\/dutchmicrodosing.com\/it\/wp-json\/wp\/v2\/users\/10"}],"replies":[{"embeddable":true,"href":"https:\/\/dutchmicrodosing.com\/it\/wp-json\/wp\/v2\/comments?post=6330"}],"version-history":[{"count":0,"href":"https:\/\/dutchmicrodosing.com\/it\/wp-json\/wp\/v2\/pages\/6330\/revisions"}],"wp:attachment":[{"href":"https:\/\/dutchmicrodosing.com\/it\/wp-json\/wp\/v2\/media?parent=6330"}],"curies":[{"name":"wp","href":"https:\/\/api.w.org\/{rel}","templated":true}]}}