{"id":6334,"date":"2021-06-06T19:20:49","date_gmt":"2021-06-06T19:20:49","guid":{"rendered":"https:\/\/dutchmicrodosing.com\/salute\/"},"modified":"2025-10-20T23:05:52","modified_gmt":"2025-10-20T21:05:52","slug":"salute","status":"publish","type":"page","link":"https:\/\/dutchmicrodosing.com\/it\/salute\/","title":{"rendered":"Salute"},"content":{"rendered":"\t\t<div data-elementor-type=\"wp-page\" data-elementor-id=\"6334\" class=\"elementor elementor-6334 elementor-373\" data-elementor-post-type=\"page\">\n\t\t\t\t\t\t<section class=\"elementor-section elementor-top-section elementor-element elementor-element-2a60fa8 elementor-section-boxed elementor-section-height-default elementor-section-height-default\" data-id=\"2a60fa8\" data-element_type=\"section\" data-e-type=\"section\">\n\t\t\t\t\t\t<div class=\"elementor-container elementor-column-gap-default\">\n\t\t\t\t\t<div class=\"elementor-column elementor-col-100 elementor-top-column elementor-element elementor-element-4d47990\" data-id=\"4d47990\" data-element_type=\"column\" data-e-type=\"column\">\n\t\t\t<div class=\"elementor-widget-wrap elementor-element-populated\">\n\t\t\t\t\t\t<div class=\"elementor-element elementor-element-b63197a elementor--h-position-center elementor--v-position-middle elementor-arrows-position-inside elementor-pagination-position-inside elementor-widget elementor-widget-slides\" data-id=\"b63197a\" data-element_type=\"widget\" data-e-type=\"widget\" data-settings=\"{&quot;navigation&quot;:&quot;both&quot;,&quot;autoplay&quot;:&quot;yes&quot;,&quot;pause_on_hover&quot;:&quot;yes&quot;,&quot;pause_on_interaction&quot;:&quot;yes&quot;,&quot;autoplay_speed&quot;:5000,&quot;infinite&quot;:&quot;yes&quot;,&quot;transition&quot;:&quot;slide&quot;,&quot;transition_speed&quot;:500}\" data-widget_type=\"slides.default\">\n\t\t\t\t<div class=\"elementor-widget-container\">\n\t\t\t\t\t\t\t\t\t<div class=\"elementor-swiper\">\n\t\t\t\t\t<div class=\"elementor-slides-wrapper elementor-main-swiper swiper\" role=\"region\" aria-roledescription=\"carousel\" aria-label=\"Slides\" dir=\"ltr\" data-animation=\"fadeInUp\">\n\t\t\t\t<div class=\"swiper-wrapper elementor-slides\">\n\t\t\t\t\t\t\t\t\t\t<div class=\"elementor-repeater-item-f0113e1 swiper-slide\" role=\"group\" aria-roledescription=\"slide\"><div class=\"swiper-slide-bg\" role=\"img\" aria-label=\"nature. sunset in the woods\"><\/div><div class=\"swiper-slide-inner\" ><div class=\"swiper-slide-contents\"><\/div><\/div><\/div>\t\t\t\t<\/div>\n\t\t\t\t\t\t\t<\/div>\n\t\t\t\t<\/div>\n\t\t\t\t\t\t\t\t<\/div>\n\t\t\t\t<\/div>\n\t\t\t\t\t<\/div>\n\t\t<\/div>\n\t\t\t\t\t<\/div>\n\t\t<\/section>\n\t\t\t\t<section class=\"elementor-section elementor-top-section elementor-element elementor-element-4714d75 elementor-section-boxed elementor-section-height-default elementor-section-height-default\" data-id=\"4714d75\" data-element_type=\"section\" data-e-type=\"section\">\n\t\t\t\t\t\t<div class=\"elementor-container elementor-column-gap-default\">\n\t\t\t\t\t<div class=\"elementor-column elementor-col-100 elementor-top-column elementor-element elementor-element-9598663\" data-id=\"9598663\" data-element_type=\"column\" data-e-type=\"column\">\n\t\t\t<div class=\"elementor-widget-wrap elementor-element-populated\">\n\t\t\t\t\t\t<div class=\"elementor-element elementor-element-e714dc6 elementor-widget elementor-widget-heading\" data-id=\"e714dc6\" data-element_type=\"widget\" data-e-type=\"widget\" data-widget_type=\"heading.default\">\n\t\t\t\t<div class=\"elementor-widget-container\">\n\t\t\t\t\t<h1 class=\"elementor-heading-title elementor-size-default\">Qual \u00e8 il legame tra microdosaggio e salute?<\/h1>\t\t\t\t<\/div>\n\t\t\t\t<\/div>\n\t\t\t\t\t<\/div>\n\t\t<\/div>\n\t\t\t\t\t<\/div>\n\t\t<\/section>\n\t\t\t\t<section class=\"elementor-section elementor-top-section elementor-element elementor-element-b3cf1b8 elementor-section-boxed elementor-section-height-default elementor-section-height-default\" data-id=\"b3cf1b8\" data-element_type=\"section\" data-e-type=\"section\">\n\t\t\t\t\t\t<div class=\"elementor-container elementor-column-gap-default\">\n\t\t\t\t\t<div class=\"elementor-column elementor-col-100 elementor-top-column elementor-element elementor-element-4c6f783\" data-id=\"4c6f783\" data-element_type=\"column\" data-e-type=\"column\">\n\t\t\t<div class=\"elementor-widget-wrap elementor-element-populated\">\n\t\t\t\t\t\t<div class=\"elementor-element elementor-element-c6f6e27 elementor-widget elementor-widget-text-editor\" data-id=\"c6f6e27\" data-element_type=\"widget\" data-e-type=\"widget\" data-widget_type=\"text-editor.default\">\n\t\t\t\t<div class=\"elementor-widget-container\">\n\t\t\t\t\t\t\t\t\t<p>Sempre pi\u00f9 persone si chiedono se il microdosaggio possa influenzare la salute e alleviare alcuni sintomi. Il microdosaggio prevede l&#8217;assunzione di una quantit\u00e0 molto ridotta di una sostanza psichedelica. Si notano sottili benefici ma non si avvertono effetti allucinogeni. Le ricerche dimostrano che il microdosaggio pu\u00f2 influire positivamente sulla salute, ad esempio in caso di disturbi come emicrania, depressione e stress.<\/p><h2 style=\"margin-left: 0cm; text-indent: 0cm; mso-list: l0 level2 lfo1;\">Microdosaggio di cannabis per il dolore<\/h2><p>Il THC \u00e8 il componente dell&#8217;erba che ti fa sballare. Tuttavia, se si prendono microdosi di questo, potrebbe alleviare il dolore cronico. L&#8217;azienda israeliana Seqe Medical ha condotto una <a href=\"https:\/\/onlinelibrary.wiley.com\/doi\/10.1002\/ejp.1605\">ricerca<\/a> in merito. I partecipanti hanno inalato microdosi di THC misurate molto precisamente. Sembra che queste piccole dosi (500 microgrammi di THC sono stati inalati) possano alleviare significativamente il dolore cronico. La riduzione del dolore \u00e8 stata misurata dai numeri e la riduzione \u00e8 persistita per almeno 150 minuti. I partecipanti non hanno subito alcun impatto negativo sulle loro <a href=\"https:\/\/dutchmicrodosing.com\/it\/funzioni-cognitive\/\">capacit\u00e0 cognitive<\/a>. Lo studio era in doppio cieco con placebo.<\/p><h2 style=\"margin-left: 0cm; text-indent: 0cm; mso-list: l0 level2 lfo1;\">I benefici in caso di stress<\/h2><p><img fetchpriority=\"high\" decoding=\"async\" class=\"alignnone\" src=\"https:\/\/dutchmicrodosing.com\/wp-content\/uploads\/2023\/08\/frustrated-young-woman-having-terrible-headache-keeping-hands-head-frowning-her-face-with-pain-looking-unhappy-stressful-female-student-despair-having-stressful-situation-university-scaled.jpg\" alt=\"Microdosaggio e salute\" width=\"2560\" height=\"1707\"><\/p><p><span style=\"letter-spacing: 0.4px;\" data-start=\"195\" data-end=\"261\">Lo stress pu\u00f2 avere effetti importanti sia sul corpo che sulla mente.<\/span><span style=\"letter-spacing: 0.4px;\">  Molte persone che soffrono di stress sono ansiose, si agitano molto e accusano sintomi come pressione alta, insonnia e mal di testa. Il microdosaggio viene sempre pi\u00f9 spesso citato come possibile supporto per questo tipo di disturbi. Nel contesto del microdosaggio e della salute, vediamo che pu\u00f2 aiutare le persone a concentrarsi meglio, a diminuire la tensione e a vivere meglio il momento. Grazie alle sue propriet\u00e0 analgesiche, pu\u00f2 anche alleviare il mal di testa. Molti utenti riferiscono di sentirsi pi\u00f9 &#8220;ora&#8221;, quindi meno preoccupati del passato o del futuro. Questo contribuisce a migliorare il benessere generale.<\/span><\/p><p><span style=\"color: #061738; font-family: 'Barlow Condensed', sans-serif; font-size: 35px; font-weight: bold; letter-spacing: 0.5px; text-indent: 0cm; text-transform: capitalize;\">Depressione<\/span><\/p><p><img decoding=\"async\" class=\"alignnone\" src=\"https:\/\/dutchmicrodosing.com\/wp-content\/uploads\/2023\/08\/face-expressions-illustrations-emotions-feelings-1-scaled.jpg\" alt=\"Microdosaggio e depressione\" width=\"2560\" height=\"1709\"><\/p><p>Ci sono sempre pi\u00f9 prove che i funghi magici possono aiutare nella depressione grave. Non c&#8217;\u00e8 ancora molta ricerca scientifica su questo. Ma, ad esempio, Erica Avey, intervistata dal <a href=\"https:\/\/www.theguardian.com\/science\/2018\/sep\/01\/it-lifted-me-out-of-depression-is-microdosing-good-for-your-mind\">Guardian<\/a> nel 2018, racconta la sua storia di come ha assunto microdosi di LSD. Soffriva di una depressione piuttosto grave. Assumendo 1\/6 di una dose normale di LSD ogni tre giorni, \u00e8 stata in grado di continuare a funzionare e la <a href=\"https:\/\/dutchmicrodosing.com\/it\/creativita\/\">creativit\u00e0<\/a> \u00e8 aumentata.<\/p><p>Altri usano anche il microdosaggio per la depressione. Ayelet Waldman ha scritto un libro su questo (A Really Good Day: How Microdosing Made a Mega Difference in My Mood, My Marriage, and My Life). Aveva provato con i normali farmaci, ma non erano serviti. Microdosi di LSD l&#8217;hanno liberata da umori insopportabilmente depressi.<\/p><p>James Fadiman ha anche raccolto esperienze di microdosatori. I suoi dati sono stati raccolti da due ricercatori. I microdosatori sembrano soffrire meno di emozioni negative e comportamenti disfunzionali. L&#8217;<a href=\"https:\/\/entheonation.com\/blog\/microdosing-psilocybin-mushrooms-treating-depression\/\">efficacia<\/a> degli psichedelici nella depressione potrebbe derivare dalla loro particolare influenza sul cervello. Questi agenti disattivano una rete di controllo normalmente responsabile dell&#8217;autoriflessione e dell&#8217;autoconsapevolezza. Sembra che questa rete sia iperattiva nelle persone depresse. Di conseguenza, questo pu\u00f2 portare a pensieri negativi ossessivi. Quindi, se il microdosaggio di psichedelici pu\u00f2 far s\u00ec che questa rete sia meno attiva, pu\u00f2 aiutare a liberarsi da questi pensieri negativi <a href=\"https:\/\/dutchmicrodosing.com\/it\/personalita\/\">personali<\/a>.<\/p><h2 style=\"margin-left: 0cm; text-indent: 0cm; mso-list: l0 level2 lfo1;\">Emicranie e cefalee a grappolo<\/h2><p><img decoding=\"async\" class=\"alignnone\" src=\"https:\/\/dutchmicrodosing.com\/wp-content\/uploads\/2023\/08\/having-headache-problem-scaled.jpg\" alt=\"Microdosaggio e mal di testa per la salute\" width=\"2560\" height=\"1707\"><\/p><p>Le emicranie e le cefalee a grappolo causano un dolore quasi insopportabile. Limitano molto la vostra capacit\u00e0 di funzionare. Specialmente con le cefalee a grappolo, i normali farmaci possono non funzionare. Le persone che si sottopongono regolarmente alla microdose riferiscono di trarne beneficio. Questo \u00e8 vero sia per le emicranie che per le cefalee a grappolo.<\/p><p>Il modo migliore per trattare il mal di testa (normale, emicrania e cefalea a grappolo) \u00e8 con la psilocibina (con funghi magici e tartufi). Questo perch\u00e9 contiene un alcaloide chiamato triptamina. Questa sostanza attiva la produzione di serotonina nel cervello. A sua volta, la serotonina influenza l&#8217;elaborazione degli stimoli del dolore. Ma anche l&#8217;LSD e la DMT contengono triptamina, quindi potresti provare anche questi psichedelici. L&#8217;effetto di solito ha effetto entro 45 minuti.<\/p><p>Gli utenti riferiscono che la <a href=\"https:\/\/www.ncbi.nlm.nih.gov\/pmc\/articles\/PMC5584001\/\">psilocibina<\/a> pu\u00f2 funzionare almeno quanto i normali antidolorifici. Ma soprattutto per le persone che soffrono di cefalee a grappolo che non rispondono agli antidolorifici, la psilocibina pu\u00f2 essere una manna dal cielo. Non solo riduce il dolore, ma pu\u00f2 anche prevenire le crisi. Inoltre, il microdosaggio ha in genere pochi effetti collaterali<\/p>\t\t\t\t\t\t\t\t<\/div>\n\t\t\t\t<\/div>\n\t\t\t\t\t<\/div>\n\t\t<\/div>\n\t\t\t\t\t<\/div>\n\t\t<\/section>\n\t\t\t\t<\/div>\n\t\t","protected":false},"excerpt":{"rendered":"<p>Qual \u00e8 il legame tra microdosaggio e salute? Sempre pi\u00f9 persone si chiedono se il microdosaggio possa influenzare la salute e alleviare alcuni sintomi. Il microdosaggio prevede l&#8217;assunzione di una quantit\u00e0 molto ridotta di una sostanza psichedelica. Si notano sottili benefici ma non si avvertono effetti allucinogeni. Le ricerche dimostrano che il microdosaggio pu\u00f2 influire [&hellip;]<\/p>\n","protected":false},"author":10,"featured_media":0,"parent":0,"menu_order":0,"comment_status":"closed","ping_status":"closed","template":"","meta":{"footnotes":""},"class_list":["post-6334","page","type-page","status-publish","hentry"],"yoast_head":"<!-- This site is optimized with the Yoast SEO Premium plugin v26.4 (Yoast SEO v27.2) - https:\/\/yoast.com\/product\/yoast-seo-premium-wordpress\/ -->\n<title>DutchMicrodosing | Microdosaggio e salute<\/title>\n<meta name=\"description\" content=\"Microdosaggio e salute: scopri come il microdosaggio pu\u00f2 contribuire all&#039;equilibrio mentale, alla riduzione dello stress e al benessere generale.\" \/>\n<meta name=\"robots\" content=\"index, follow, max-snippet:-1, max-image-preview:large, max-video-preview:-1\" \/>\n<link rel=\"canonical\" href=\"https:\/\/dutchmicrodosing.com\/it\/salute\/\" \/>\n<meta property=\"og:locale\" content=\"it_IT\" \/>\n<meta property=\"og:type\" content=\"article\" \/>\n<meta property=\"og:title\" content=\"Salute\" \/>\n<meta property=\"og:description\" content=\"Qual \u00e8 il legame tra microdosaggio e salute? Sempre pi\u00f9 persone si chiedono se il microdosaggio possa influenzare la salute e alleviare alcuni sintomi. Il\" \/>\n<meta property=\"og:url\" content=\"https:\/\/dutchmicrodosing.com\/it\/salute\/\" \/>\n<meta property=\"og:site_name\" content=\"Dutchmicrodosing\" \/>\n<meta property=\"article:publisher\" content=\"https:\/\/www.facebook.com\/Dutchmicrodosingxp\/\" \/>\n<meta property=\"article:modified_time\" content=\"2025-10-20T21:05:52+00:00\" \/>\n<meta property=\"og:image\" content=\"https:\/\/dutchmicrodosing.com\/wp-content\/uploads\/2023\/08\/frustrated-young-woman-having-terrible-headache-keeping-hands-head-frowning-her-face-with-pain-looking-unhappy-stressful-female-student-despair-having-stressful-situation-university-scaled.jpg\" \/>\n<meta name=\"twitter:card\" content=\"summary_large_image\" \/>\n<script type=\"application\/ld+json\" class=\"yoast-schema-graph\">{\"@context\":\"https:\/\/schema.org\",\"@graph\":[{\"@type\":\"WebPage\",\"@id\":\"https:\/\/dutchmicrodosing.com\/it\/salute\/\",\"url\":\"https:\/\/dutchmicrodosing.com\/it\/salute\/\",\"name\":\"DutchMicrodosing | Microdosaggio e salute\",\"isPartOf\":{\"@id\":\"https:\/\/dutchmicrodosing.com\/it\/#website\"},\"primaryImageOfPage\":{\"@id\":\"https:\/\/dutchmicrodosing.com\/it\/salute\/#primaryimage\"},\"image\":{\"@id\":\"https:\/\/dutchmicrodosing.com\/it\/salute\/#primaryimage\"},\"thumbnailUrl\":\"https:\/\/dutchmicrodosing.com\/wp-content\/uploads\/2023\/08\/frustrated-young-woman-having-terrible-headache-keeping-hands-head-frowning-her-face-with-pain-looking-unhappy-stressful-female-student-despair-having-stressful-situation-university-scaled.jpg\",\"datePublished\":\"2021-06-06T19:20:49+00:00\",\"dateModified\":\"2025-10-20T21:05:52+00:00\",\"description\":\"Microdosaggio e salute: scopri come il microdosaggio pu\u00f2 contribuire all'equilibrio mentale, alla riduzione dello stress e al benessere generale.\",\"breadcrumb\":{\"@id\":\"https:\/\/dutchmicrodosing.com\/it\/salute\/#breadcrumb\"},\"inLanguage\":\"it-IT\",\"potentialAction\":[{\"@type\":\"ReadAction\",\"target\":[\"https:\/\/dutchmicrodosing.com\/it\/salute\/\"]}]},{\"@type\":\"ImageObject\",\"inLanguage\":\"it-IT\",\"@id\":\"https:\/\/dutchmicrodosing.com\/it\/salute\/#primaryimage\",\"url\":\"https:\/\/dutchmicrodosing.com\/wp-content\/uploads\/2023\/08\/frustrated-young-woman-having-terrible-headache-keeping-hands-head-frowning-her-face-with-pain-looking-unhappy-stressful-female-student-despair-having-stressful-situation-university-scaled.jpg\",\"contentUrl\":\"https:\/\/dutchmicrodosing.com\/wp-content\/uploads\/2023\/08\/frustrated-young-woman-having-terrible-headache-keeping-hands-head-frowning-her-face-with-pain-looking-unhappy-stressful-female-student-despair-having-stressful-situation-university-scaled.jpg\"},{\"@type\":\"BreadcrumbList\",\"@id\":\"https:\/\/dutchmicrodosing.com\/it\/salute\/#breadcrumb\",\"itemListElement\":[{\"@type\":\"ListItem\",\"position\":1,\"name\":\"Home\",\"item\":\"https:\/\/dutchmicrodosing.com\/it\/\"},{\"@type\":\"ListItem\",\"position\":2,\"name\":\"Salute\"}]},{\"@type\":\"WebSite\",\"@id\":\"https:\/\/dutchmicrodosing.com\/it\/#website\",\"url\":\"https:\/\/dutchmicrodosing.com\/it\/\",\"name\":\"Dutchmicrodosing\",\"description\":\"\",\"publisher\":{\"@id\":\"https:\/\/dutchmicrodosing.com\/it\/#organization\"},\"potentialAction\":[{\"@type\":\"SearchAction\",\"target\":{\"@type\":\"EntryPoint\",\"urlTemplate\":\"https:\/\/dutchmicrodosing.com\/it\/?s={search_term_string}\"},\"query-input\":{\"@type\":\"PropertyValueSpecification\",\"valueRequired\":true,\"valueName\":\"search_term_string\"}}],\"inLanguage\":\"it-IT\"},{\"@type\":\"Organization\",\"@id\":\"https:\/\/dutchmicrodosing.com\/it\/#organization\",\"name\":\"Dutchmicrodosing\",\"url\":\"https:\/\/dutchmicrodosing.com\/it\/\",\"logo\":{\"@type\":\"ImageObject\",\"inLanguage\":\"it-IT\",\"@id\":\"https:\/\/dutchmicrodosing.com\/it\/#\/schema\/logo\/image\/\",\"url\":\"https:\/\/dutchmicrodosing.com\/wp-content\/uploads\/2021\/01\/microdosing-categorie-pic-nieuw.jpg\",\"contentUrl\":\"https:\/\/dutchmicrodosing.com\/wp-content\/uploads\/2021\/01\/microdosing-categorie-pic-nieuw.jpg\",\"width\":500,\"height\":500,\"caption\":\"Dutchmicrodosing\"},\"image\":{\"@id\":\"https:\/\/dutchmicrodosing.com\/it\/#\/schema\/logo\/image\/\"},\"sameAs\":[\"https:\/\/www.facebook.com\/Dutchmicrodosingxp\/\",\"https:\/\/www.instagram.com\/dutchmicrodosing\/\"]}]}<\/script>\n<!-- \/ Yoast SEO Premium plugin. -->","yoast_head_json":{"title":"DutchMicrodosing | Microdosaggio e salute","description":"Microdosaggio e salute: scopri come il microdosaggio pu\u00f2 contribuire all'equilibrio mentale, alla riduzione dello stress e al benessere generale.","robots":{"index":"index","follow":"follow","max-snippet":"max-snippet:-1","max-image-preview":"max-image-preview:large","max-video-preview":"max-video-preview:-1"},"canonical":"https:\/\/dutchmicrodosing.com\/it\/salute\/","og_locale":"it_IT","og_type":"article","og_title":"Salute","og_description":"Qual \u00e8 il legame tra microdosaggio e salute? Sempre pi\u00f9 persone si chiedono se il microdosaggio possa influenzare la salute e alleviare alcuni sintomi. Il","og_url":"https:\/\/dutchmicrodosing.com\/it\/salute\/","og_site_name":"Dutchmicrodosing","article_publisher":"https:\/\/www.facebook.com\/Dutchmicrodosingxp\/","article_modified_time":"2025-10-20T21:05:52+00:00","og_image":[{"url":"https:\/\/dutchmicrodosing.com\/wp-content\/uploads\/2023\/08\/frustrated-young-woman-having-terrible-headache-keeping-hands-head-frowning-her-face-with-pain-looking-unhappy-stressful-female-student-despair-having-stressful-situation-university-scaled.jpg","type":"","width":"","height":""}],"twitter_card":"summary_large_image","schema":{"@context":"https:\/\/schema.org","@graph":[{"@type":"WebPage","@id":"https:\/\/dutchmicrodosing.com\/it\/salute\/","url":"https:\/\/dutchmicrodosing.com\/it\/salute\/","name":"DutchMicrodosing | Microdosaggio e salute","isPartOf":{"@id":"https:\/\/dutchmicrodosing.com\/it\/#website"},"primaryImageOfPage":{"@id":"https:\/\/dutchmicrodosing.com\/it\/salute\/#primaryimage"},"image":{"@id":"https:\/\/dutchmicrodosing.com\/it\/salute\/#primaryimage"},"thumbnailUrl":"https:\/\/dutchmicrodosing.com\/wp-content\/uploads\/2023\/08\/frustrated-young-woman-having-terrible-headache-keeping-hands-head-frowning-her-face-with-pain-looking-unhappy-stressful-female-student-despair-having-stressful-situation-university-scaled.jpg","datePublished":"2021-06-06T19:20:49+00:00","dateModified":"2025-10-20T21:05:52+00:00","description":"Microdosaggio e salute: scopri come il microdosaggio pu\u00f2 contribuire all'equilibrio mentale, alla riduzione dello stress e al benessere generale.","breadcrumb":{"@id":"https:\/\/dutchmicrodosing.com\/it\/salute\/#breadcrumb"},"inLanguage":"it-IT","potentialAction":[{"@type":"ReadAction","target":["https:\/\/dutchmicrodosing.com\/it\/salute\/"]}]},{"@type":"ImageObject","inLanguage":"it-IT","@id":"https:\/\/dutchmicrodosing.com\/it\/salute\/#primaryimage","url":"https:\/\/dutchmicrodosing.com\/wp-content\/uploads\/2023\/08\/frustrated-young-woman-having-terrible-headache-keeping-hands-head-frowning-her-face-with-pain-looking-unhappy-stressful-female-student-despair-having-stressful-situation-university-scaled.jpg","contentUrl":"https:\/\/dutchmicrodosing.com\/wp-content\/uploads\/2023\/08\/frustrated-young-woman-having-terrible-headache-keeping-hands-head-frowning-her-face-with-pain-looking-unhappy-stressful-female-student-despair-having-stressful-situation-university-scaled.jpg"},{"@type":"BreadcrumbList","@id":"https:\/\/dutchmicrodosing.com\/it\/salute\/#breadcrumb","itemListElement":[{"@type":"ListItem","position":1,"name":"Home","item":"https:\/\/dutchmicrodosing.com\/it\/"},{"@type":"ListItem","position":2,"name":"Salute"}]},{"@type":"WebSite","@id":"https:\/\/dutchmicrodosing.com\/it\/#website","url":"https:\/\/dutchmicrodosing.com\/it\/","name":"Dutchmicrodosing","description":"","publisher":{"@id":"https:\/\/dutchmicrodosing.com\/it\/#organization"},"potentialAction":[{"@type":"SearchAction","target":{"@type":"EntryPoint","urlTemplate":"https:\/\/dutchmicrodosing.com\/it\/?s={search_term_string}"},"query-input":{"@type":"PropertyValueSpecification","valueRequired":true,"valueName":"search_term_string"}}],"inLanguage":"it-IT"},{"@type":"Organization","@id":"https:\/\/dutchmicrodosing.com\/it\/#organization","name":"Dutchmicrodosing","url":"https:\/\/dutchmicrodosing.com\/it\/","logo":{"@type":"ImageObject","inLanguage":"it-IT","@id":"https:\/\/dutchmicrodosing.com\/it\/#\/schema\/logo\/image\/","url":"https:\/\/dutchmicrodosing.com\/wp-content\/uploads\/2021\/01\/microdosing-categorie-pic-nieuw.jpg","contentUrl":"https:\/\/dutchmicrodosing.com\/wp-content\/uploads\/2021\/01\/microdosing-categorie-pic-nieuw.jpg","width":500,"height":500,"caption":"Dutchmicrodosing"},"image":{"@id":"https:\/\/dutchmicrodosing.com\/it\/#\/schema\/logo\/image\/"},"sameAs":["https:\/\/www.facebook.com\/Dutchmicrodosingxp\/","https:\/\/www.instagram.com\/dutchmicrodosing\/"]}]}},"_links":{"self":[{"href":"https:\/\/dutchmicrodosing.com\/it\/wp-json\/wp\/v2\/pages\/6334","targetHints":{"allow":["GET"]}}],"collection":[{"href":"https:\/\/dutchmicrodosing.com\/it\/wp-json\/wp\/v2\/pages"}],"about":[{"href":"https:\/\/dutchmicrodosing.com\/it\/wp-json\/wp\/v2\/types\/page"}],"author":[{"embeddable":true,"href":"https:\/\/dutchmicrodosing.com\/it\/wp-json\/wp\/v2\/users\/10"}],"replies":[{"embeddable":true,"href":"https:\/\/dutchmicrodosing.com\/it\/wp-json\/wp\/v2\/comments?post=6334"}],"version-history":[{"count":0,"href":"https:\/\/dutchmicrodosing.com\/it\/wp-json\/wp\/v2\/pages\/6334\/revisions"}],"wp:attachment":[{"href":"https:\/\/dutchmicrodosing.com\/it\/wp-json\/wp\/v2\/media?parent=6334"}],"curies":[{"name":"wp","href":"https:\/\/api.w.org\/{rel}","templated":true}]}}